{"id":2743,"date":"2023-07-17T15:11:03","date_gmt":"2023-07-17T07:11:03","guid":{"rendered":"https:\/\/www.qualitester.com\/?post_type=product&#038;p=2743"},"modified":"2025-06-12T13:59:32","modified_gmt":"2025-06-12T05:59:32","slug":"fdt-01-polypropylene-film-drop-dart-tester","status":"publish","type":"product","link":"https:\/\/www.qualitester.com\/pl\/produkt-2\/fdt-01-polypropylene-film-drop-dart-tester\/","title":{"rendered":"FDT-01 Tester udarno\u015bci spadaj\u0105cych rzutek"},"content":{"rendered":"<p>The\u00a0<strong>Tester udarno\u015bci spadaj\u0105cych rzutek <\/strong>to krytyczny przyrz\u0105d zaprojektowany do oceny udarno\u015bci folii z tworzyw sztucznych, arkuszy, folii kompozytowych, folii i papieru o grubo\u015bci mniejszej ni\u017c 1 mm. Test ten jest niezb\u0119dny do oceny zdolno\u015bci materia\u0142u do wytrzymania si\u0142 zewn\u0119trznych, bezpo\u015brednio wp\u0142ywaj\u0105c na wydajno\u015b\u0107 i trwa\u0142o\u015b\u0107 produktu podczas obs\u0142ugi, transportu i przechowywania. Symuluj\u0105c rzeczywiste warunki, tester dostarcza cennych danych, kt\u00f3re pomagaj\u0105 w doborze materia\u0142\u00f3w, projektowaniu produkt\u00f3w i kontroli jako\u015bci.<\/p>\n<h2><strong>Czym jest test uderzeniowy Drop Dart?<\/strong><\/h2>\n<p>Badanie udarno\u015bci metod\u0105 spadaj\u0105cej lotki jest powszechnie uznan\u0105 metod\u0105 okre\u015blania odporno\u015bci materia\u0142\u00f3w na uderzenia. Polega ona na upuszczeniu wa\u017conej strza\u0142ki z okre\u015blonej wysoko\u015bci na badany materia\u0142 w celu zmierzenia energii wymaganej do spowodowania uszkodzenia. Wyniki pomagaj\u0105 producentom oceni\u0107 wytrzyma\u0142o\u015b\u0107 materia\u0142u, zapewniaj\u0105c, \u017ce produkty mog\u0105 wytrzyma\u0107 napr\u0119\u017cenia zwi\u0105zane z obs\u0142ug\u0105 i zachowa\u0107 integralno\u015b\u0107 w swoich zastosowaniach.<\/p>\n<div class=\"ast-oembed-container\" style=\"height: 100%;\"><iframe title=\"Tester udarno\u015bci spadaj\u0105cej strza\u0142ki na folii i arkuszach z tworzywa sztucznego Metoda A i Metoda B ASTM D1709 ISO 7765-1\" width=\"500\" height=\"281\" src=\"https:\/\/www.youtube.com\/embed\/a3_9M0x3w7U?feature=oembed\" frameborder=\"0\" allow=\"accelerometer; autoplay; clipboard-write; encrypted-media; gyroscope; picture-in-picture; web-share\" referrerpolicy=\"strict-origin-when-cross-origin\" allowfullscreen><\/iframe><\/div>\n<h2><strong>Zgodno\u015b\u0107 z normami<\/strong><\/h2>\n<p>Tester udarno\u015bci Drop Dart jest zgodny z kilkoma mi\u0119dzynarodowymi normami, zapewniaj\u0105c wiarygodne i dok\u0142adne wyniki:<\/p>\n<ul>\n<li><span style=\"color: #00ccff;\"><a style=\"color: #00ccff;\" href=\"https:\/\/www.qualitester.com\/pl\/standards\/astm-d1709\/\" target=\"_blank\" rel=\"noopener\"><strong><span style=\"color: #75c22c;\">ASTM <\/span><span style=\"color: #75c22c;\">D1709<\/span><\/strong><\/a><\/span>: Niniejszy standard przedstawia procedur\u0119 okre\u015blania <strong>Odporno\u015b\u0107 folii z tworzyw sztucznych na uderzenia<\/strong> przy u\u017cyciu swobodnie spadaj\u0105cej strza\u0142ki.<\/li>\n<li><a href=\"https:\/\/www.qualitester.com\/pl\/standards\/iso\/iso-7765-1\/\" target=\"_blank\" rel=\"noopener\"><strong><span style=\"color: #75c22c;\">ISO 7765-1<\/span><\/strong><\/a>: Mi\u0119dzynarodowy standard dla<strong> Testy udarno\u015bci folii z tworzyw sztucznych<\/strong>.<\/li>\n<li><strong>JIS K7124-1<\/strong>: Japo\u0144ski standard przemys\u0142owy do oceny <strong>wp\u0142yw film\u00f3w na wydajno\u015b\u0107<\/strong>.<\/li>\n<li><strong>GB\/T 9639.1<\/strong>: Chi\u0144ski standard krajowy zgodny z globalnymi praktykami w zakresie <strong>odporno\u015b\u0107 materia\u0142u na uderzenia<\/strong>.<\/li>\n<\/ul>\n<h2><strong>Kluczowe cechy testera udarno\u015bci Drop Dart<\/strong><\/h2>\n<ol>\n<li><strong>Sterowanie PLC i obs\u0142uga ekranu dotykowego<\/strong><\/li>\n<li><strong>Podw\u00f3jne metody testowe<\/strong>\n<ul>\n<li><strong>Metoda A<\/strong>: Nadaje si\u0119 do rzutek o \u015brednicy 38 \u00b1 1 mm i wysoko\u015bci zrzutu 660 mm.<\/li>\n<li><strong>Metoda B<\/strong>\u00a0(opcjonalnie): Zaprojektowany dla \u015brednicy rzutki 50 \u00b1 1 mm i wysoko\u015bci zrzutu 1500 mm.<\/li>\n<\/ul>\n<\/li>\n<li><strong>Bezpieczna i wygodna obs\u0142uga: <\/strong>Wyposa\u017cony zar\u00f3wno w przycisk testowy, jak i prze\u0142\u0105cznik no\u017cny.<\/li>\n<li><strong>Zautomatyzowane obliczenia: <\/strong>Wbudowany program automatycznie oblicza wyniki w gramach i d\u017culach.<\/li>\n<li><strong>\u015awiat\u0142o obserwacyjne i pneumatyczne mocowanie: <\/strong>O\u015bwietlenie obserwacyjne pomaga w monitorowaniu pr\u00f3bki podczas test\u00f3w, a zacisk pneumatyczny zapewnia bezpieczne trzymanie pr\u00f3bki.<\/li>\n<li><strong>Wyj\u015bcie danych: <\/strong>Tester zawiera mikrodrukark\u0119 z matryc\u0105 punktow\u0105 do bezpo\u015bredniego wysy\u0142ania danych.<\/li>\n<li><strong>Integracja oprogramowania: <\/strong>Opcjonalne profesjonalne oprogramowanie zwi\u0119ksza mo\u017cliwo\u015bci zarz\u0105dzania danymi i raportowania.<\/li>\n<\/ol>\n<h2><strong>Specyfikacja techniczna<\/strong><\/h2>\n<table style=\"height: 433px;\" width=\"799\">\n<tbody>\n<tr>\n<td width=\"162\">\n<p style=\"text-align: center;\">Metoda badania Metoda<\/p>\n<\/td>\n<td width=\"274\">\n<p style=\"text-align: center;\">A lub Metoda B (opcjonalnie)<\/p>\n<\/td>\n<\/tr>\n<tr>\n<td width=\"162\">\n<p style=\"text-align: center;\">Zakres testu<\/p>\n<\/td>\n<td style=\"text-align: center;\" width=\"274\">Metoda A: 50~2000g\/<br \/>\nMetoda B: 300~2000g<\/td>\n<\/tr>\n<tr>\n<td width=\"162\">\n<p style=\"text-align: center;\">\u015arednica lotki<\/p>\n<\/td>\n<td style=\"text-align: center;\" width=\"274\">Metoda A: 38\u00b11 mm<br \/>\nMetoda B: 50\u00b11 mm<\/td>\n<\/tr>\n<tr>\n<td style=\"text-align: center;\" width=\"162\">Wysoko\u015b\u0107 uderzenia<\/td>\n<td width=\"274\">\n<p style=\"text-align: center;\">660 mm\/1500 mm<\/p>\n<\/td>\n<\/tr>\n<tr>\n<td width=\"162\">\n<p style=\"text-align: center;\">Dok\u0142adno\u015b\u0107<\/p>\n<\/td>\n<td style=\"text-align: center;\" width=\"274\">0,1 g (0,1 J)<\/td>\n<\/tr>\n<tr>\n<td style=\"text-align: center;\" width=\"162\">Zacisk<\/td>\n<td width=\"274\">\n<p style=\"text-align: center;\">Zacisk pneumatyczny<\/p>\n<\/td>\n<\/tr>\n<tr>\n<td width=\"162\">\n<p style=\"text-align: center;\">Dostawa gazu<\/p>\n<\/td>\n<td style=\"text-align: center;\" width=\"274\">0,6 MPa \u03a68 mm rurka poliuretanowa<\/td>\n<\/tr>\n<tr>\n<td style=\"text-align: center;\" width=\"162\">Rozmiar pr\u00f3bki<\/td>\n<td width=\"274\">\n<p style=\"text-align: center;\">&gt; 150 mm x 150 mm<\/p>\n<\/td>\n<\/tr>\n<tr>\n<td width=\"162\">\n<p style=\"text-align: center;\">Zasilanie<\/p>\n<\/td>\n<td style=\"text-align: center;\" width=\"274\">AC 110~220V 50Hz<\/td>\n<\/tr>\n<tr>\n<td style=\"text-align: center;\" width=\"162\">Wymiar<\/td>\n<td width=\"274\">\n<p style=\"text-align: center;\">Metoda A: 500*450*1200 mm (d\u0142.\/szer.\/wys.)<br \/>\nMetoda B: 500*450*2200 mm (d\u0142.\/wys.)<\/p>\n<\/td>\n<\/tr>\n<\/tbody>\n<\/table>\n<h2><strong>Zastosowania maszyny do testowania udarno\u015bci spadaj\u0105cych strza\u0142ek<\/strong><\/h2>\n<p>Tester udarno\u015bci Drop Dart jest idealny do:<\/p>\n<ul>\n<li><strong>Folie i arkusze z tworzyw sztucznych<\/strong>\u00a0stosowane w opakowaniach i ochronie produkt\u00f3w.<\/li>\n<li><strong>Folie i b\u0142ony kompozytowe<\/strong>\u00a0wymagaj\u0105ce oceny odporno\u015bci na uderzenia.<\/li>\n<li><strong>Materia\u0142y papierowe<\/strong>\u00a0nara\u017cone na napr\u0119\u017cenia zwi\u0105zane z obs\u0142ug\u0105.<\/li>\n<\/ul>\n<h2><strong>Zalety testera udarno\u015bci Dart Drop<\/strong><\/h2>\n<ul>\n<li><strong>Ulepszona kontrola jako\u015bci<\/strong>: Zapewnia, \u017ce materia\u0142y spe\u0142niaj\u0105 standardy trwa\u0142o\u015bci przed u\u017cyciem.<\/li>\n<li><strong>Ulepszony projekt produktu<\/strong>: Zapewnia wgl\u0105d w wydajno\u015b\u0107 materia\u0142u, pomagaj\u0105c w optymalnym projektowaniu.<\/li>\n<li><strong>Efektywno\u015b\u0107 kosztowa<\/strong>: Zmniejsza marnotrawstwo materia\u0142\u00f3w poprzez wczesn\u0105 identyfikacj\u0119 s\u0142abych punkt\u00f3w.<\/li>\n<\/ul>\n<h2><strong>Najcz\u0119\u015bciej zadawane pytania dotycz\u0105ce testera udarno\u015bci Drop Dart<\/strong><\/h2>\n<ol>\n<li><strong>Dlaczego test uderzeniowy jest wa\u017cny?<\/strong><br \/>\nOkre\u015bla wytrzyma\u0142o\u015b\u0107 materia\u0142\u00f3w poprzez symulacj\u0119 rzeczywistych warunk\u00f3w uderzenia, pomagaj\u0105c zapewni\u0107 niezawodno\u015b\u0107 produktu.<\/li>\n<li><strong>Jakie bran\u017ce korzystaj\u0105 z tego testera?<\/strong><br \/>\nBran\u017ce takie jak opakowaniowa, spo\u017cywcza, medyczna i farmaceutyczna czerpi\u0105 korzy\u015bci z oceny udarno\u015bci materia\u0142\u00f3w.<\/li>\n<li><strong>Jakie jest znaczenie normy ASTM D1709?<\/strong><br \/>\n<a href=\"https:\/\/www.astm.org\/d1709-22.html\" target=\"_blank\" rel=\"nofollow noopener\">ASTM D1709<\/a> zapewnia znormalizowane procedury przeprowadzania test\u00f3w uderzeniowych, zapewniaj\u0105c sp\u00f3jno\u015b\u0107 i wiarygodno\u015b\u0107 wynik\u00f3w.<\/li>\n<li><strong>Jak dzia\u0142a pneumatyczny system mocowania?<\/strong><br \/>\nSystem pneumatyczny bezpiecznie utrzymuje pr\u00f3bk\u0119 w miejscu, zapobiegaj\u0105c jej przemieszczaniu si\u0119 podczas badania i zapewniaj\u0105c dok\u0142adne wyniki.<\/li>\n<li><strong>Czy wyniki mo\u017cna wyeksportowa\u0107 do dalszej analizy?<\/strong><br \/>\nTak, tester posiada wbudowan\u0105 drukark\u0119 do natychmiastowego drukowania wynik\u00f3w i opcjonalne oprogramowanie do szczeg\u00f3\u0142owego zarz\u0105dzania danymi.<\/li>\n<\/ol>","protected":false},"excerpt":{"rendered":"<p>The <strong>Tester udarno\u015bci swobodnie spadaj\u0105cych rzutek<\/strong> s\u0142u\u017cy do pomiaru odporno\u015bci na uderzenia folii z tworzyw sztucznych, materia\u0142\u00f3w opakowaniowych i innych cienkich materia\u0142\u00f3w. Test okre\u015bla energi\u0119 wymagan\u0105 do spowodowania uszkodzenia poprzez upuszczenie wa\u017conej strza\u0142ki z okre\u015blonej wysoko\u015bci na materia\u0142. Jest on zgodny z normami takimi jak <strong>ASTM D1709<\/strong> oraz <strong>ISO 7765-1<\/strong>.<\/p>","protected":false},"featured_media":5961,"comment_status":"closed","ping_status":"closed","template":"","meta":{"site-sidebar-layout":"default","site-content-layout":"default","ast-global-header-display":"","ast-main-header-display":"","ast-hfb-above-header-display":"","ast-hfb-below-header-display":"","ast-hfb-mobile-header-display":"","site-post-title":"disabled","ast-breadcrumbs-content":"","ast-featured-img":"disabled","footer-sml-layout":"","theme-transparent-header-meta":"default","adv-header-id-meta":"","stick-header-meta":"","header-above-stick-meta":"","header-main-stick-meta":"","header-below-stick-meta":""},"product_cat":[845,684,44,149,16,111,169,95],"product_tag":[],"class_list":{"0":"post-2743","1":"product","2":"type-product","3":"status-publish","4":"has-post-thumbnail","6":"product_cat-customization","7":"product_cat-impact-tester","8":"product_cat-paper-and-board-testers","9":"product_cat-pharma-and-medical-testers","10":"product_cat-plastic-packaging-testers","11":"product_cat-astm-d1709","12":"product_cat-iso-7765-1","13":"product_cat-products","14":"desktop-align-left","15":"tablet-align-left","16":"mobile-align-left","18":"first","19":"instock","20":"shipping-taxable","21":"product-type-simple"},"_links":{"self":[{"href":"https:\/\/www.qualitester.com\/pl\/wp-json\/wp\/v2\/product\/2743","targetHints":{"allow":["GET"]}}],"collection":[{"href":"https:\/\/www.qualitester.com\/pl\/wp-json\/wp\/v2\/product"}],"about":[{"href":"https:\/\/www.qualitester.com\/pl\/wp-json\/wp\/v2\/types\/product"}],"replies":[{"embeddable":true,"href":"https:\/\/www.qualitester.com\/pl\/wp-json\/wp\/v2\/comments?post=2743"}],"version-history":[{"count":0,"href":"https:\/\/www.qualitester.com\/pl\/wp-json\/wp\/v2\/product\/2743\/revisions"}],"wp:featuredmedia":[{"embeddable":true,"href":"https:\/\/www.qualitester.com\/pl\/wp-json\/wp\/v2\/media\/5961"}],"wp:attachment":[{"href":"https:\/\/www.qualitester.com\/pl\/wp-json\/wp\/v2\/media?parent=2743"}],"wp:term":[{"taxonomy":"product_cat","embeddable":true,"href":"https:\/\/www.qualitester.com\/pl\/wp-json\/wp\/v2\/product_cat?post=2743"},{"taxonomy":"product_tag","embeddable":true,"href":"https:\/\/www.qualitester.com\/pl\/wp-json\/wp\/v2\/product_tag?post=2743"}],"curies":[{"name":"wp","href":"https:\/\/api.w.org\/{rel}","templated":true}]}}