{"id":2695,"date":"2023-07-04T14:24:00","date_gmt":"2023-07-04T06:24:00","guid":{"rendered":"https:\/\/www.qualitester.com\/?post_type=product&#038;p=2695"},"modified":"2024-12-04T15:49:44","modified_gmt":"2024-12-04T07:49:44","slug":"wtt-plastic-bottle-wall-thickness-gauge","status":"publish","type":"product","link":"https:\/\/www.qualitester.com\/pl\/produkt-2\/wtt-plastic-bottle-wall-thickness-gauge\/","title":{"rendered":"Tester grubo\u015bci \u015bcianek WTT"},"content":{"rendered":"<h2><strong>Wprowadzenie do miernika grubo\u015bci \u015bcianek butelek<\/strong><\/h2>\n<p>The <strong>Miernik grubo\u015bci \u015bcianki butelki<\/strong> to wysoce precyzyjny przyrz\u0105d przeznaczony do pomiaru grubo\u015bci \u015bcianek szerokiej gamy butelek i pojemnik\u00f3w. Dok\u0142adny pomiar grubo\u015bci \u015bcianek ma kluczowe znaczenie dla zapewnienia wytrzyma\u0142o\u015bci, trwa\u0142o\u015bci i integralno\u015bci materia\u0142\u00f3w opakowaniowych. Niezale\u017cnie od tego, czy chodzi o butelki PET, szklane, aluminiowe czy plastikowe, narz\u0119dzie to pomaga producentom spe\u0142nia\u0107 standardy bran\u017cowe i poprawia\u0107 jako\u015b\u0107 produkt\u00f3w, dzi\u0119ki czemu jest niezb\u0119dne do zastosowa\u0144 w opakowaniach, farmaceutykach, \u017cywno\u015bci i napojach, urz\u0105dzeniach medycznych i nie tylko.<\/p>\n<h2><strong>Metody testowe pomiaru grubo\u015bci \u015bcianek butelek<\/strong><\/h2>\n<p>The <strong>Miernik grubo\u015bci \u015bcianki butelki<\/strong> obs\u0142uguje r\u00f3\u017cne zaawansowane metody testowania dostosowane do r\u00f3\u017cnych typ\u00f3w materia\u0142\u00f3w i potrzeb w zakresie precyzji pomiaru:<\/p>\n<ul>\n<li><strong>Metoda kontaktowa Tester grubo\u015bci \u015bcianek<\/strong>: Metoda ta polega na fizycznym kontakcie sondy z powierzchni\u0105 butelki w celu bezpo\u015bredniego pomiaru grubo\u015bci \u015bcianki. Jest to szybka, dok\u0142adna i szeroko stosowana technika, idealna dla r\u00f3\u017cnych typ\u00f3w pojemnik\u00f3w.<\/li>\n<li><strong>Ultrad\u017awi\u0119kowy pomiar grubo\u015bci<\/strong>: Wykorzystuj\u0105c fale d\u017awi\u0119kowe o wysokiej cz\u0119stotliwo\u015bci, ta nieniszcz\u0105ca metoda mierzy czas potrzebny na odbicie si\u0119 fal d\u017awi\u0119kowych po przej\u015bciu przez materia\u0142 butelki. Zapewnia bardzo dok\u0142adne wyniki i jest powszechnie stosowana w procesach kontroli jako\u015bci.<\/li>\n<li><strong>Obrazowanie rentgenowskie lub gamma<\/strong>: Te zaawansowane techniki pozwalaj\u0105 na nieinwazyjny pomiar grubo\u015bci \u015bcianek butelek. Obrazowanie rentgenowskie lub gamma jest idealne do bada\u0144 i krytycznych zastosowa\u0144 kontroli jako\u015bci, w kt\u00f3rych precyzja jest niezb\u0119dna.<\/li>\n<li><strong>Testowanie pr\u0105d\u00f3w wirowych<\/strong>: Badanie wiropr\u0105dowe wykorzystuje indukcj\u0119 elektromagnetyczn\u0105 do wykrywania zmian przewodno\u015bci elektrycznej w materiale butelki, umo\u017cliwiaj\u0105c bezkontaktowy pomiar grubo\u015bci \u015bcianki.<\/li>\n<li><strong>Profilowanie optyczne<\/strong>: Metoda ta wykorzystuje lasery lub \u015bwiat\u0142o strukturalne do przechwytywania szczeg\u00f3\u0142owych danych powierzchni 3D, umo\u017cliwiaj\u0105c bardzo dok\u0142adny pomiar grubo\u015bci \u015bcianki w wielu punktach na powierzchni butelki.<\/li>\n<li><strong>Mikroskopia<\/strong>: W niekt\u00f3rych zastosowaniach mikroskopia mo\u017ce by\u0107 wykorzystana do zbadania przekroju butelki, zapewniaj\u0105c szczeg\u00f3\u0142owy i dok\u0142adny pomiar grubo\u015bci \u015bcianki w bardzo drobnej skali.<\/li>\n<\/ul>\n<h2><strong>Tester grubo\u015bci \u015bcianek serii WTT<\/strong><\/h2>\n<p>The <strong>Tester grubo\u015bci \u015bcianek serii WTT<\/strong> to wszechstronny, precyzyjny przyrz\u0105d zaprojektowany specjalnie do pomiaru grubo\u015bci \u015bcianek r\u00f3\u017cnych pojemnik\u00f3w opakowaniowych, w tym butelek PET na napoje, puszek, butelek szklanych, butelek infuzyjnych i innych. Dzi\u0119ki zaawansowanym mo\u017cliwo\u015bciom pomiarowym seria WTT zapewnia sp\u00f3jne, wiarygodne wyniki w szerokim zakresie zastosowa\u0144.<\/p>\n<p><strong>Kluczowe cechy<\/strong>:<\/p>\n<ul>\n<li><strong>Wy\u015bwietlacz cyfrowy<\/strong>: Oferuje bardzo dok\u0142adne pomiary w czasie rzeczywistym, kt\u00f3re mo\u017cna natychmiast odczyta\u0107.<\/li>\n<li><strong>Podw\u00f3jna zdolno\u015b\u0107 pomiarowa<\/strong>: Mo\u017cliwo\u015b\u0107 pomiaru zar\u00f3wno grubo\u015bci \u015bcianek, jak i dna w celu kompleksowego testowania pojemnik\u00f3w opakowaniowych.<\/li>\n<li><strong>Mo\u017cliwo\u015bci transferu danych<\/strong>: Zawiera opcjonalny kabel do \u0142atwego przesy\u0142ania danych pomiarowych do programu MS Excel w celu dalszej analizy i raportowania.<\/li>\n<li><strong>Trwa\u0142o\u015b\u0107<\/strong>: Zbudowany, aby wytrzyma\u0107 intensywne u\u017cytkowanie w wymagaj\u0105cych \u015brodowiskach produkcyjnych, zapewniaj\u0105c d\u0142ug\u0105 \u017cywotno\u015b\u0107 i niezawodno\u015b\u0107.<\/li>\n<li><strong>\u0141atwo\u015b\u0107 u\u017cytkowania<\/strong>: Prosty interfejs i przyjazne dla u\u017cytkownika elementy steruj\u0105ce u\u0142atwiaj\u0105 operatorom wykonywanie szybkich i dok\u0142adnych pomiar\u00f3w.<\/li>\n<\/ul>\n<h2><strong>Dlaczego warto wybra\u0107 miernik grubo\u015bci \u015bcianek butelek?<\/strong><\/h2>\n<ul>\n<li><strong>Precyzja i dok\u0142adno\u015b\u0107<\/strong>: Zapewnia bardzo dok\u0142adne i powtarzalne pomiary, zapewniaj\u0105c zgodno\u015b\u0107 z mi\u0119dzynarodowymi standardami i gwarantuj\u0105c jako\u015b\u0107 pakowanych produkt\u00f3w.<\/li>\n<li><strong>Wszechstronno\u015b\u0107<\/strong>: Nadaje si\u0119 do r\u00f3\u017cnych typ\u00f3w butelek, w tym PET, szklanych, aluminiowych i plastikowych, dzi\u0119ki czemu mo\u017cna go dostosowa\u0107 do r\u00f3\u017cnych bran\u017c i zastosowa\u0144.<\/li>\n<li><strong>Efektywno\u015b\u0107 kosztowa i wydajno\u015b\u0107<\/strong>: Zapewniaj\u0105c, \u017ce w produkcji wykorzystywane s\u0105 tylko butelki o odpowiedniej grubo\u015bci \u015bcianek, producenci mog\u0105 zmniejszy\u0107 ilo\u015b\u0107 odpad\u00f3w i poprawi\u0107 wydajno\u015b\u0107, oszcz\u0119dzaj\u0105c czas i pieni\u0105dze.<\/li>\n<li><strong>Przyjazny dla u\u017cytkownika<\/strong>: Zaprojektowany z my\u015bl\u0105 o \u0142atwo\u015bci u\u017cytkowania, z intuicyjnym interfejsem i szybk\u0105 konfiguracj\u0105, dzi\u0119ki czemu operatorzy mog\u0105 rozpocz\u0105\u0107 testy po minimalnym przeszkoleniu.<\/li>\n<\/ul>\n<p>The <strong>Miernik grubo\u015bci \u015bcianki butelki<\/strong> jest niezb\u0119dnym narz\u0119dziem dla producent\u00f3w opakowa\u0144, \u017cywno\u015bci, napoj\u00f3w, farmaceutyk\u00f3w i bran\u017cy medycznej. Dzi\u0119ki precyzyjnym mo\u017cliwo\u015bciom pomiarowym i wielu metodom testowania zapewnia, \u017ce butelki spe\u0142niaj\u0105 niezb\u0119dne standardy jako\u015bci i bezpiecze\u0144stwa. Niezale\u017cnie od tego, czy testujesz butelki PET, szklane czy aluminiowe, ten niezawodny przyrz\u0105d zapewnia wgl\u0105d potrzebny do zapewnienia jako\u015bci i ci\u0105g\u0142ego doskonalenia procesu produkcyjnego.<\/p>","protected":false},"excerpt":{"rendered":"<p>The <strong>Miernik grubo\u015bci \u015bcianki butelki<\/strong> to wysoce precyzyjny przyrz\u0105d przeznaczony do pomiaru grubo\u015bci \u015bcianek szerokiej gamy butelek i pojemnik\u00f3w. Dok\u0142adny pomiar grubo\u015bci \u015bcianek ma kluczowe znaczenie dla zapewnienia wytrzyma\u0142o\u015bci, trwa\u0142o\u015bci i integralno\u015bci materia\u0142\u00f3w opakowaniowych. Niezale\u017cnie od tego, czy chodzi o butelki PET, szklane, aluminiowe czy plastikowe, narz\u0119dzie to pomaga producentom spe\u0142nia\u0107 standardy bran\u017cowe i poprawia\u0107 jako\u015b\u0107 produkt\u00f3w, dzi\u0119ki czemu jest niezb\u0119dne do zastosowa\u0144 w opakowaniach, farmaceutykach, \u017cywno\u015bci i napojach, urz\u0105dzeniach medycznych i nie tylko.<\/p>","protected":false},"featured_media":6115,"comment_status":"closed","ping_status":"closed","template":"","meta":{"site-sidebar-layout":"default","site-content-layout":"default","ast-global-header-display":"","ast-main-header-display":"","ast-hfb-above-header-display":"","ast-hfb-below-header-display":"","ast-hfb-mobile-header-display":"","site-post-title":"disabled","ast-breadcrumbs-content":"","ast-featured-img":"disabled","footer-sml-layout":"","theme-transparent-header-meta":"default","adv-header-id-meta":"","stick-header-meta":"","header-above-stick-meta":"","header-main-stick-meta":"","header-below-stick-meta":""},"product_cat":[845,17,149,16,95],"product_tag":[],"class_list":{"0":"post-2695","1":"product","2":"type-product","3":"status-publish","4":"has-post-thumbnail","6":"product_cat-customization","7":"product_cat-package-container-testers","8":"product_cat-pharma-and-medical-testers","9":"product_cat-plastic-packaging-testers","10":"product_cat-products","11":"desktop-align-left","12":"tablet-align-left","13":"mobile-align-left","15":"first","16":"instock","17":"shipping-taxable","18":"product-type-simple"},"_links":{"self":[{"href":"https:\/\/www.qualitester.com\/pl\/wp-json\/wp\/v2\/product\/2695","targetHints":{"allow":["GET"]}}],"collection":[{"href":"https:\/\/www.qualitester.com\/pl\/wp-json\/wp\/v2\/product"}],"about":[{"href":"https:\/\/www.qualitester.com\/pl\/wp-json\/wp\/v2\/types\/product"}],"replies":[{"embeddable":true,"href":"https:\/\/www.qualitester.com\/pl\/wp-json\/wp\/v2\/comments?post=2695"}],"version-history":[{"count":0,"href":"https:\/\/www.qualitester.com\/pl\/wp-json\/wp\/v2\/product\/2695\/revisions"}],"wp:featuredmedia":[{"embeddable":true,"href":"https:\/\/www.qualitester.com\/pl\/wp-json\/wp\/v2\/media\/6115"}],"wp:attachment":[{"href":"https:\/\/www.qualitester.com\/pl\/wp-json\/wp\/v2\/media?parent=2695"}],"wp:term":[{"taxonomy":"product_cat","embeddable":true,"href":"https:\/\/www.qualitester.com\/pl\/wp-json\/wp\/v2\/product_cat?post=2695"},{"taxonomy":"product_tag","embeddable":true,"href":"https:\/\/www.qualitester.com\/pl\/wp-json\/wp\/v2\/product_tag?post=2695"}],"curies":[{"name":"wp","href":"https:\/\/api.w.org\/{rel}","templated":true}]}}