{"id":2565,"date":"2023-06-26T14:29:44","date_gmt":"2023-06-26T06:29:44","guid":{"rendered":"https:\/\/www.qualitester.com\/?post_type=product&#038;p=2565"},"modified":"2024-12-04T11:56:03","modified_gmt":"2024-12-04T03:56:03","slug":"phs-01-electrical-equipment-pendulum-impact-tester","status":"publish","type":"product","link":"https:\/\/www.qualitester.com\/pl\/produkt-2\/phs-01-electrical-equipment-pendulum-impact-tester\/","title":{"rendered":"PHS-01 Wahad\u0142owy tester udarno\u015bci urz\u0105dze\u0144 elektrycznych"},"content":{"rendered":"<h2><strong>Wprowadzenie do test\u00f3w udarno\u015bci m\u0142otem wahad\u0142owym<\/strong><\/h2>\n<p>The <strong>Tester udarno\u015bci z m\u0142otkiem wahad\u0142owym (PHS-01)<\/strong> to specjalistyczny przyrz\u0105d do test\u00f3w mechanicznych zaprojektowany do oceny trwa\u0142o\u015bci i odporno\u015bci materia\u0142\u00f3w i produkt\u00f3w na uderzenia. Ten tester symuluje rzeczywiste uderzenia mechaniczne, pozwalaj\u0105c producentom oceni\u0107, jak dobrze ich produkty mog\u0105 wytrzyma\u0107 obci\u0105\u017cenia fizyczne. Testy udarno\u015bci s\u0105 niezb\u0119dne do zapewnienia bezpiecze\u0144stwa i niezawodno\u015bci produkt\u00f3w, szczeg\u00f3lnie w bran\u017cach, w kt\u00f3rych produkty s\u0105 nara\u017cone na cz\u0119ste wstrz\u0105sy mechaniczne lub nieostro\u017cne obchodzenie si\u0119 z nimi, takich jak opakowania, motoryzacja, elektronika i urz\u0105dzenia medyczne.<\/p>\n<p>Testy udarno\u015bci wahad\u0142owej wykorzystuj\u0105 zasad\u0119 dzia\u0142ania m\u0142ota wahad\u0142owego, kt\u00f3ry jest podnoszony na okre\u015blon\u0105 wysoko\u015b\u0107 i zwalniany w celu uderzenia w pr\u00f3bk\u0119. Tester mierzy, jak pr\u00f3bka reaguje na r\u00f3\u017cne poziomy energii, pomagaj\u0105c okre\u015bli\u0107 jej wytrzyma\u0142o\u015b\u0107 i przydatno\u015b\u0107 do okre\u015blonych zastosowa\u0144.<\/p>\n<h2><strong>Metody testowania testera udarno\u015bci z m\u0142otem wahad\u0142owym<\/strong><\/h2>\n<p>PHS-01 <strong>Tester udarno\u015bci z m\u0142otem wahad\u0142owym<\/strong> wykorzystuje zautomatyzowany system m\u0142ota wahad\u0142owego do przeprowadzania test\u00f3w udarno\u015bci na r\u00f3\u017cnych pr\u00f3bkach. Test jest prosty:<\/p>\n<ul>\n<li><strong>Mocowanie pr\u00f3bki<\/strong>: Pr\u00f3bka jest bezpiecznie zamontowana na uchwycie testowym, dzi\u0119ki czemu pozostaje na miejscu podczas testu.<\/li>\n<li><strong>Testy udarno\u015bci<\/strong>: M\u0142otek jest automatycznie podnoszony do \u017c\u0105danej wysoko\u015bci uderzenia, a po aktywacji jest zwalniany, aby uderzy\u0107 pr\u00f3bk\u0119 z okre\u015blonym poziomem energii.<\/li>\n<li><strong>Ustawienia energii<\/strong>: Poziomy energii mo\u017cna regulowa\u0107 w zakresie od 0,14 J do 5 J, w zale\u017cno\u015bci od rodzaju testowanego materia\u0142u lub produktu.<\/li>\n<li><strong>Cykl testowy<\/strong>: Test jest wykonywany za pomoc\u0105 jednego naci\u015bni\u0119cia przycisku na ekranie dotykowym HMI (Human-Machine Interface), automatyzuj\u0105c proces i minimalizuj\u0105c b\u0142\u0119dy ludzkie.<\/li>\n<\/ul>\n<p>Ta metoda testowania pozwala producentom oceni\u0107 odporno\u015b\u0107 materia\u0142u na si\u0142y uderzenia, zapewniaj\u0105c, \u017ce spe\u0142nia on normy bezpiecze\u0144stwa dotycz\u0105ce trwa\u0142o\u015bci w praktycznych warunkach.<\/p>\n<h2><strong>Tester udarno\u015bci m\u0142otkiem wahad\u0142owym i IEC 60068-2-75<\/strong><\/h2>\n<h3><strong>Przegl\u0105d normy IEC 60068-2-75<\/strong><\/h3>\n<p>The <a href=\"https:\/\/webstore.iec.ch\/en\/publication\/558\" target=\"_blank\" rel=\"noopener nofollow\"><strong>IEC 60068-2-75<\/strong><\/a> to mi\u0119dzynarodowa norma, kt\u00f3ra okre\u015bla metody testowania w celu oceny wytrzyma\u0142o\u015bci mechanicznej sprz\u0119tu i produkt\u00f3w pod wp\u0142ywem napr\u0119\u017ce\u0144 mechanicznych lub uderze\u0144. W szczeg\u00f3lno\u015bci norma ta zawiera wytyczne dotycz\u0105ce okre\u015blania zdolno\u015bci pr\u00f3bki do wytrzymania rygorystycznych si\u0142 uderzenia, co ma kluczowe znaczenie dla produkt\u00f3w u\u017cywanych w \u015brodowiskach, w kt\u00f3rych uderzenia mechaniczne s\u0105 powszechne.<\/p>\n<p>The <a href=\"https:\/\/www.qualitester.com\/pl\/kategoria-produktu\/iec\/iec-60068-2-75\/\" target=\"_blank\" rel=\"noopener\">IEC 60068-2-75<\/a> definiuje trzy konkretne metody przeprowadzania test\u00f3w udarno\u015bci, zapewniaj\u0105c, \u017ce produkty s\u0105 odporne i niezawodne w r\u00f3\u017cnych warunkach operacyjnych i \u015brodowiskowych. Przestrzeganie tego standardu ma kluczowe znaczenie dla producent\u00f3w d\u0105\u017c\u0105cych do spe\u0142nienia globalnych standard\u00f3w bezpiecze\u0144stwa i zapewnienia jako\u015bci.<\/p>\n<h3><strong>Jak tester uderze\u0144 m\u0142otkiem wahad\u0142owym PHS-01 spe\u0142nia wymagania normy IEC 60068-2-75?<\/strong><\/h3>\n<p>The <strong>Tester udarno\u015bci z m\u0142otem wahad\u0142owym PHS-01<\/strong> jest w pe\u0142ni zgodny z norm\u0105 IEC 60068-2-75, zapewniaj\u0105c dok\u0142adne i powtarzalne wyniki test\u00f3w udarno\u015bci. Automatyczny system kontroli testera, regulowane poziomy energii i wszechstronne wysoko\u015bci testowania sprawiaj\u0105, \u017ce jest on idealny do symulacji szerokiego zakresu scenariuszy uderzeniowych, okre\u015blonych w normie IEC 60068-2-75. Dzi\u0119ki mo\u017cliwo\u015bci oceny wytrzyma\u0142o\u015bci mechanicznej, PHS-01 pomaga producentom zapewni\u0107, \u017ce ich produkty spe\u0142niaj\u0105 mi\u0119dzynarodowe wymogi bezpiecze\u0144stwa.<\/p>\n<h2><strong>Kluczowe cechy testera udarno\u015bci z m\u0142otkiem wahad\u0142owym PHS-01<\/strong><\/h2>\n<ul>\n<li><strong>Wysoka precyzja sterowania<\/strong>: PHS-01 wykorzystuje <strong>System sterowania PLC<\/strong> i <strong>Interfejs HMI z ekranem dotykowym<\/strong>, oferuj\u0105c \u0142atwo\u015b\u0107 obs\u0142ugi i precyzyjn\u0105 kontrol\u0119 nad parametrami uderzenia.<\/li>\n<li><strong>Automatyczne podnoszenie i zwalnianie wahad\u0142a<\/strong>: M\u0142ot wahad\u0142owy jest automatycznie podnoszony na \u017c\u0105dan\u0105 wysoko\u015b\u0107 i zwalniany z elektromagnetyczn\u0105 precyzj\u0105, zapewniaj\u0105c sta\u0142\u0105 energi\u0119 uderzenia.<\/li>\n<li><strong>Regulowana energia uderzenia<\/strong>: Tester obs\u0142uguje zakres energii uderzenia, od <strong>0,14J do 5J<\/strong>, dzi\u0119ki czemu nadaje si\u0119 do testowania szerokiej gamy materia\u0142\u00f3w i produkt\u00f3w.<\/li>\n<li><strong>Konfigurowalne wysoko\u015bci testowania<\/strong>: The <strong>wysoko\u015b\u0107 upadku<\/strong> jest regulowany w zakresie od <strong>56 mm do 400 mm<\/strong>, oferuj\u0105c elastyczno\u015b\u0107 w testowaniu r\u00f3\u017cnych scenariuszy wp\u0142ywu.<\/li>\n<li><strong>Uderzaj\u0105ce elementy<\/strong>: Tester oferuje r\u00f3\u017cne uderzaj\u0105ce elementy, kt\u00f3re mo\u017cna wymienia\u0107 w zale\u017cno\u015bci od wymaga\u0144 testowych, co dodatkowo zwi\u0119ksza jego wszechstronno\u015b\u0107.<\/li>\n<li><strong>Dwuj\u0119zyczny wy\u015bwietlacz<\/strong>: System obs\u0142uguje wy\u015bwietlanie w dw\u00f3ch j\u0119zykach, dzi\u0119ki czemu jest przyjazny dla u\u017cytkownik\u00f3w mi\u0119dzynarodowych.<\/li>\n<\/ul>\n<h2><strong>Obszary zastosowa\u0144 testera udarno\u015bci z m\u0142otem wahad\u0142owym<\/strong><\/h2>\n<p>The <strong>Tester udarno\u015bci z m\u0142otem wahad\u0142owym<\/strong> jest stosowany w r\u00f3\u017cnych ga\u0142\u0119ziach przemys\u0142u do oceny odporno\u015bci na uderzenia i wytrzyma\u0142o\u015bci mechanicznej produkt\u00f3w i materia\u0142\u00f3w:<\/p>\n<ul>\n<li><strong>Opakowanie<\/strong>: Zapewnia, \u017ce materia\u0142y opakowaniowe, w tym pude\u0142ka z tektury falistej i plastikowe pojemniki, s\u0105 odporne na uderzenia podczas transportu i obs\u0142ugi.<\/li>\n<li><strong>Elektronika<\/strong>: Ocenia trwa\u0142o\u015b\u0107 komponent\u00f3w elektronicznych, takich jak p\u0142ytki drukowane i obudowy, aby upewni\u0107 si\u0119, \u017ce mog\u0105 one wytrzyma\u0107 przypadkowe upadki i wstrz\u0105sy mechaniczne.<\/li>\n<li><strong>Urz\u0105dzenia medyczne<\/strong>: Weryfikuje odporno\u015b\u0107 sprz\u0119tu medycznego i jego opakowa\u0144 na uderzenia, zapewniaj\u0105c bezpiecze\u0144stwo pacjent\u00f3w i niezawodno\u015b\u0107 produktu.<\/li>\n<li><strong>Cz\u0119\u015bci samochodowe<\/strong>: Testuje komponenty, takie jak zderzaki i elementy wyposa\u017cenia wn\u0119trza, aby upewni\u0107 si\u0119, \u017ce s\u0105 one odporne na uderzenia i trudne warunki \u015brodowiskowe.<\/li>\n<li><strong>Zabawki i produkty konsumenckie<\/strong>: Potwierdza, \u017ce produkty codziennego u\u017cytku spe\u0142niaj\u0105 normy bezpiecze\u0144stwa dotycz\u0105ce trwa\u0142o\u015bci, zw\u0142aszcza w przypadku produkt\u00f3w dla dzieci.<\/li>\n<\/ul>\n<h2><strong>Zgodno\u015b\u0107 z normami<\/strong><\/h2>\n<p>The <strong>Tester udarno\u015bci z m\u0142otem wahad\u0142owym PHS-01<\/strong> spe\u0142nia nast\u0119puj\u0105ce standardy bran\u017cowe:<\/p>\n<ul>\n<li><strong>IEC 60068-2-75<\/strong>: Mi\u0119dzynarodowa norma dotycz\u0105ca test\u00f3w \u015brodowiskowych, koncentruj\u0105ca si\u0119 na testach napr\u0119\u017ce\u0144 mechanicznych.<\/li>\n<li><strong>GB\/T 2423.55<\/strong>: Chi\u0144ska norma krajowa dotycz\u0105ca test\u00f3w udarno\u015bci, zapewniaj\u0105ca zgodno\u015b\u0107 produkt\u00f3w z lokalnymi wymogami prawnymi.<\/li>\n<\/ul>\n<p>Spe\u0142niaj\u0105c te standardy, PHS-01 gwarantuje, \u017ce producenci mog\u0105 dok\u0142adnie oceni\u0107 odporno\u015b\u0107 swoich produkt\u00f3w i zapewni\u0107 zgodno\u015b\u0107 z globalnymi kryteriami bezpiecze\u0144stwa i niezawodno\u015bci.<\/p>\n<h2><strong>G\u0142\u00f3wne parametry<\/strong><\/h2>\n<table>\n<tbody>\n<tr>\n<td width=\"122\">Impact Energy<\/td>\n<td width=\"277\">0.14J, 0.2J, 0.35J, 0.5J, 0.7J, 1J, 2J, 5J<\/td>\n<\/tr>\n<tr>\n<td width=\"122\">Masa r\u00f3wnowa\u017cna<\/td>\n<td width=\"277\">0.25,0.25,0.25,0.25,0.25, 0.25,0.5,1.7kg<\/td>\n<\/tr>\n<tr>\n<td width=\"122\">Wysoko\u015b\u0107 upadku<\/td>\n<td width=\"277\">56,80,140,200,280,400,400,300mm<\/td>\n<\/tr>\n<tr>\n<td width=\"122\">Sklejka<\/td>\n<td width=\"277\">175 * 175 mm, grubo\u015b\u0107 8 mm wed\u0142ug u\u017cytkownika<\/td>\n<\/tr>\n<tr>\n<td width=\"122\">Moc<\/td>\n<td width=\"277\">AC 110~220V 50\/60Hz<\/td>\n<\/tr>\n<tr>\n<td width=\"122\">Kontrola<\/td>\n<td width=\"277\">PLC i interfejs cz\u0142owiek-maszyna<\/td>\n<\/tr>\n<\/tbody>\n<\/table>\n<p>The <strong>Tester udarno\u015bci z m\u0142otkiem wahad\u0142owym (PHS-01)<\/strong> jest niezb\u0119dnym narz\u0119dziem dla producent\u00f3w, kt\u00f3rzy musz\u0105 zapewni\u0107 trwa\u0142o\u015b\u0107 i wytrzyma\u0142o\u015b\u0107 mechaniczn\u0105 swoich produkt\u00f3w. Symuluj\u0105c rzeczywiste scenariusze uderze\u0144 i przestrzegaj\u0105c mi\u0119dzynarodowych standard\u00f3w, takich jak <strong>IEC 60068-2-75<\/strong>, PHS-01 zapewnia dok\u0142adne i wiarygodne wyniki test\u00f3w. Niezale\u017cnie od tego, czy chodzi o opakowania, elektronik\u0119, urz\u0105dzenia medyczne czy cz\u0119\u015bci samochodowe, PHS-01 pomaga zagwarantowa\u0107 bezpiecze\u0144stwo i wydajno\u015b\u0107 produktu, co czyni go nieocenionym dodatkiem do ka\u017cdego laboratorium kontroli jako\u015bci lub zak\u0142adu produkcyjnego.<\/p>","protected":false},"excerpt":{"rendered":"<p>The <strong>Tester udarno\u015bci z m\u0142otkiem wahad\u0142owym (PHS-01)<\/strong> to specjalistyczny przyrz\u0105d do test\u00f3w mechanicznych zaprojektowany do oceny trwa\u0142o\u015bci i odporno\u015bci materia\u0142\u00f3w i produkt\u00f3w na uderzenia. Ten tester symuluje rzeczywiste uderzenia mechaniczne, pozwalaj\u0105c producentom oceni\u0107, jak dobrze ich produkty mog\u0105 wytrzyma\u0107 obci\u0105\u017cenia fizyczne. Testy udarno\u015bci s\u0105 niezb\u0119dne do zapewnienia bezpiecze\u0144stwa i niezawodno\u015bci produkt\u00f3w, szczeg\u00f3lnie w bran\u017cach, w kt\u00f3rych produkty s\u0105 nara\u017cone na cz\u0119ste wstrz\u0105sy mechaniczne lub nieostro\u017cne obchodzenie si\u0119 z nimi, takich jak opakowania, motoryzacja, elektronika i urz\u0105dzenia medyczne.<\/p>","protected":false},"featured_media":6032,"comment_status":"closed","ping_status":"closed","template":"","meta":{"site-sidebar-layout":"default","site-content-layout":"default","ast-global-header-display":"","ast-main-header-display":"","ast-hfb-above-header-display":"","ast-hfb-below-header-display":"","ast-hfb-mobile-header-display":"","site-post-title":"disabled","ast-breadcrumbs-content":"","ast-featured-img":"disabled","footer-sml-layout":"","theme-transparent-header-meta":"default","adv-header-id-meta":"","stick-header-meta":"","header-above-stick-meta":"","header-main-stick-meta":"","header-below-stick-meta":""},"product_cat":[95,845,937,1137],"product_tag":[],"class_list":{"0":"post-2565","1":"product","2":"type-product","3":"status-publish","4":"has-post-thumbnail","6":"product_cat-products","7":"product_cat-customization","8":"product_cat-electronic-product-tester","9":"product_cat-iec-60068-2-75","10":"desktop-align-left","11":"tablet-align-left","12":"mobile-align-left","14":"first","15":"instock","16":"shipping-taxable","17":"product-type-simple"},"_links":{"self":[{"href":"https:\/\/www.qualitester.com\/pl\/wp-json\/wp\/v2\/product\/2565","targetHints":{"allow":["GET"]}}],"collection":[{"href":"https:\/\/www.qualitester.com\/pl\/wp-json\/wp\/v2\/product"}],"about":[{"href":"https:\/\/www.qualitester.com\/pl\/wp-json\/wp\/v2\/types\/product"}],"replies":[{"embeddable":true,"href":"https:\/\/www.qualitester.com\/pl\/wp-json\/wp\/v2\/comments?post=2565"}],"version-history":[{"count":0,"href":"https:\/\/www.qualitester.com\/pl\/wp-json\/wp\/v2\/product\/2565\/revisions"}],"wp:featuredmedia":[{"embeddable":true,"href":"https:\/\/www.qualitester.com\/pl\/wp-json\/wp\/v2\/media\/6032"}],"wp:attachment":[{"href":"https:\/\/www.qualitester.com\/pl\/wp-json\/wp\/v2\/media?parent=2565"}],"wp:term":[{"taxonomy":"product_cat","embeddable":true,"href":"https:\/\/www.qualitester.com\/pl\/wp-json\/wp\/v2\/product_cat?post=2565"},{"taxonomy":"product_tag","embeddable":true,"href":"https:\/\/www.qualitester.com\/pl\/wp-json\/wp\/v2\/product_tag?post=2565"}],"curies":[{"name":"wp","href":"https:\/\/api.w.org\/{rel}","templated":true}]}}