{"id":2531,"date":"2023-06-21T14:54:40","date_gmt":"2023-06-21T06:54:40","guid":{"rendered":"https:\/\/www.qualitester.com\/?post_type=product&#038;p=2531"},"modified":"2024-12-04T14:40:17","modified_gmt":"2024-12-04T06:40:17","slug":"spc-01-stretch-film-peel-force-testing-machine","status":"publish","type":"product","link":"https:\/\/www.qualitester.com\/pl\/produkt-2\/spc-01-stretch-film-peel-force-testing-machine\/","title":{"rendered":"SPC-01 Maszyna do testowania si\u0142y odrywania folii stretch"},"content":{"rendered":"<div data-elementor-type=\"wp-post\" data-elementor-id=\"2531\" class=\"elementor elementor-2531\" data-elementor-post-type=\"product\">\n\t\t\t\t<div class=\"elementor-element elementor-element-e19e79f e-flex e-con-boxed e-con e-parent\" data-id=\"e19e79f\" data-element_type=\"container\">\n\t\t\t\t\t<div class=\"e-con-inner\">\n\t\t<div class=\"elementor-element elementor-element-e683184 e-con-full e-flex e-con e-parent\" data-id=\"e683184\" data-element_type=\"container\">\n\t\t\t\t<div class=\"elementor-element elementor-element-e9e8412 elementor-widget elementor-widget-image\" data-id=\"e9e8412\" data-element_type=\"widget\" data-widget_type=\"image.default\">\n\t\t\t\t<div class=\"elementor-widget-container\">\n\t\t\t\t\t\t\t\t\t\t\t\t\t<img fetchpriority=\"high\" decoding=\"async\" width=\"750\" height=\"750\" src=\"https:\/\/www.qualitester.com\/wp-content\/uploads\/2023\/04\/Stretch-Film-Peel-Cling-Tester-1.jpg\" class=\"attachment-large size-large wp-image-1815\" alt=\"\" srcset=\"https:\/\/www.qualitester.com\/wp-content\/uploads\/2023\/04\/Stretch-Film-Peel-Cling-Tester-1.jpg 750w, https:\/\/www.qualitester.com\/wp-content\/uploads\/2023\/04\/Stretch-Film-Peel-Cling-Tester-1-300x300.jpg 300w, https:\/\/www.qualitester.com\/wp-content\/uploads\/2023\/04\/Stretch-Film-Peel-Cling-Tester-1-150x150.jpg 150w, https:\/\/www.qualitester.com\/wp-content\/uploads\/2023\/04\/Stretch-Film-Peel-Cling-Tester-1-600x600.jpg 600w, https:\/\/www.qualitester.com\/wp-content\/uploads\/2023\/04\/Stretch-Film-Peel-Cling-Tester-1-100x100.jpg 100w\" sizes=\"(max-width: 750px) 100vw, 750px\" \/>\t\t\t\t\t\t\t\t\t\t\t\t\t<\/div>\n\t\t\t\t<\/div>\n\t\t\t\t<\/div>\n\t\t<div class=\"elementor-element elementor-element-fbca1bf e-con-full e-flex e-con e-parent\" data-id=\"fbca1bf\" data-element_type=\"container\">\n\t\t\t\t<div class=\"elementor-element elementor-element-208b4b0 elementor-widget elementor-widget-text-editor\" data-id=\"208b4b0\" data-element_type=\"widget\" data-widget_type=\"text-editor.default\">\n\t\t\t\t<div class=\"elementor-widget-container\">\n\t\t\t\t\t\t\t<h6><strong>Kontekst<\/strong><\/h6><p><em>Dobra przyczepno\u015b\u0107 folii stretch mo\u017ce sprawi\u0107, \u017ce zewn\u0119trzna warstwa folii opakowaniowej i warstwa towar\u00f3w sklej\u0105 si\u0119 ze sob\u0105, dzi\u0119ki czemu towary na granulkach stan\u0105 si\u0119 bardzo twarde. Zakres zastosowania folii stretch jest bardzo szeroki, a kontrola jako\u015bci przylegania sk\u00f3rki mo\u017ce skutecznie poprawi\u0107 wytrzyma\u0142o\u015b\u0107, elastyczno\u015b\u0107 i si\u0142\u0119 no\u015bn\u0105 folii.<\/em><\/p><p><em>Testowanie peel cling wymaga przygotowania dw\u00f3ch r\u00f3\u017cnych rodzaj\u00f3w pr\u00f3bek. Pierwsza pr\u00f3bka jest wi\u0119ksza i dzia\u0142a jako pod\u0142o\u017ce lub podk\u0142ad. Drugi element to mniejszy pasek, kt\u00f3ry jest odrywany od wi\u0119kszej pr\u00f3bki.<\/em><\/p><h6><strong>Zastosowanie<\/strong><\/h6><p><em>SPC-01 Peel Cling Tester mierzy przyleganie mi\u0119dzy dwiema warstwami folii i pomaga okre\u015bli\u0107 w\u0142a\u015bciwo\u015bci materia\u0142u do owijania foli\u0105 stretch.<\/em><\/p>\t\t\t\t\t\t<\/div>\n\t\t\t\t<\/div>\n\t\t\t\t<\/div>\n\t\t\t\t\t<\/div>\n\t\t\t\t<\/div>\n\t\t<div class=\"elementor-element elementor-element-d221c6d e-flex e-con-boxed e-con e-parent\" data-id=\"d221c6d\" data-element_type=\"container\">\n\t\t\t\t\t<div class=\"e-con-inner\">\n\t\t<div class=\"elementor-element elementor-element-3d6f7c9 e-con-full e-flex e-con e-parent\" data-id=\"3d6f7c9\" data-element_type=\"container\">\n\t\t\t\t<div class=\"elementor-element elementor-element-1d3d013 elementor-widget elementor-widget-image\" data-id=\"1d3d013\" data-element_type=\"widget\" data-widget_type=\"image.default\">\n\t\t\t\t<div class=\"elementor-widget-container\">\n\t\t\t\t\t\t\t\t\t\t\t\t\t<img decoding=\"async\" width=\"750\" height=\"750\" src=\"https:\/\/www.qualitester.com\/wp-content\/uploads\/2023\/04\/Stretch-Film-Peel-Cling-Tester-SPC-01-1.jpg\" class=\"attachment-large size-large wp-image-1814\" alt=\"\" srcset=\"https:\/\/www.qualitester.com\/wp-content\/uploads\/2023\/04\/Stretch-Film-Peel-Cling-Tester-SPC-01-1.jpg 750w, https:\/\/www.qualitester.com\/wp-content\/uploads\/2023\/04\/Stretch-Film-Peel-Cling-Tester-SPC-01-1-300x300.jpg 300w, https:\/\/www.qualitester.com\/wp-content\/uploads\/2023\/04\/Stretch-Film-Peel-Cling-Tester-SPC-01-1-150x150.jpg 150w, https:\/\/www.qualitester.com\/wp-content\/uploads\/2023\/04\/Stretch-Film-Peel-Cling-Tester-SPC-01-1-600x600.jpg 600w, https:\/\/www.qualitester.com\/wp-content\/uploads\/2023\/04\/Stretch-Film-Peel-Cling-Tester-SPC-01-1-100x100.jpg 100w\" sizes=\"(max-width: 750px) 100vw, 750px\" \/>\t\t\t\t\t\t\t\t\t\t\t\t\t<\/div>\n\t\t\t\t<\/div>\n\t\t\t\t<\/div>\n\t\t<div class=\"elementor-element elementor-element-ed6e920 e-con-full e-flex e-con e-parent\" data-id=\"ed6e920\" data-element_type=\"container\">\n\t\t\t\t<div class=\"elementor-element elementor-element-0584a1f elementor-widget elementor-widget-text-editor\" data-id=\"0584a1f\" data-element_type=\"widget\" data-widget_type=\"text-editor.default\">\n\t\t\t\t<div class=\"elementor-widget-container\">\n\t\t\t\t\t\t\t<h6><strong>W\u0142a\u015bciwo\u015bci techniczne<\/strong><\/h6><p>Jest to urz\u0105dzenie sterowane za pomoc\u0105 sterownika PLC (stabilny poziom przemys\u0142owy) i obs\u0142ugiwane za pomoc\u0105 ekranu dotykowego HMI. Precyzyjny mechanizm \u015bruby poci\u0105gowej zapewnia dobr\u0105 i stabiln\u0105 kontrol\u0119 pr\u0119dko\u015bci i przemieszczenia.<\/p><ul><li>7-calowy ekran dotykowy TFT (interfejs cz\u0142owiek-maszyna)<\/li><li>Wewn\u0119trzny sterownik PLC zapewniaj\u0105cy stabiln\u0105 prac\u0119<\/li><li>Precyzyjna \u015bruba kulowa zapewnia dok\u0142adn\u0105 pr\u0119dko\u015b\u0107 i przemieszczenie.<\/li><li>Pr\u0119dko\u015b\u0107 testu jest regulowana.<\/li><li>R\u00f3\u017cne po\u0142\u0105czenie ogniwa obci\u0105\u017cnikowego z pr\u00f3bk\u0105 eliminuje zak\u0142\u00f3cenia spowodowane tarciem i grawitacj\u0105 ko\u0142a pasowego i sznurka, kt\u00f3re s\u0105 powszechnie stosowane w tradycyjnej metodzie.<\/li><li>Urz\u0105dzenie ograniczaj\u0105ce i automatyczny powr\u00f3t.<\/li><li>Wy\u015bwietlanie krzywej testowej w czasie rzeczywistym, rejestracja warto\u015bci szczytowej. <\/li><li>Linie wspomagaj\u0105ce tempo wyd\u0142u\u017cania, 50%, 100% i 200%. <\/li><li>Mikrodrukarka<\/li><li>Mo\u017cna doda\u0107 funkcj\u0119 wsp\u00f3\u0142czynnika tarcia (opcjonalnie).<\/li><\/ul>\t\t\t\t\t\t<\/div>\n\t\t\t\t<\/div>\n\t\t\t\t<\/div>\n\t\t\t\t\t<\/div>\n\t\t\t\t<\/div>\n\t\t<div class=\"elementor-element elementor-element-a552211 e-flex e-con-boxed e-con e-parent\" data-id=\"a552211\" data-element_type=\"container\">\n\t\t\t\t\t<div class=\"e-con-inner\">\n\t\t<div class=\"elementor-element elementor-element-71dd792 e-con-full e-flex e-con e-parent\" data-id=\"71dd792\" data-element_type=\"container\">\n\t\t\t\t<div class=\"elementor-element elementor-element-ae4a7ff elementor-widget elementor-widget-image\" data-id=\"ae4a7ff\" data-element_type=\"widget\" data-widget_type=\"image.default\">\n\t\t\t\t<div class=\"elementor-widget-container\">\n\t\t\t\t\t\t\t\t\t\t\t\t\t<img fetchpriority=\"high\" decoding=\"async\" width=\"750\" height=\"750\" src=\"https:\/\/www.qualitester.com\/wp-content\/uploads\/2023\/04\/Stretch-Film-Peel-Cling-Tester-1.jpg\" class=\"attachment-large size-large wp-image-1815\" alt=\"\" srcset=\"https:\/\/www.qualitester.com\/wp-content\/uploads\/2023\/04\/Stretch-Film-Peel-Cling-Tester-1.jpg 750w, https:\/\/www.qualitester.com\/wp-content\/uploads\/2023\/04\/Stretch-Film-Peel-Cling-Tester-1-300x300.jpg 300w, https:\/\/www.qualitester.com\/wp-content\/uploads\/2023\/04\/Stretch-Film-Peel-Cling-Tester-1-150x150.jpg 150w, https:\/\/www.qualitester.com\/wp-content\/uploads\/2023\/04\/Stretch-Film-Peel-Cling-Tester-1-600x600.jpg 600w, https:\/\/www.qualitester.com\/wp-content\/uploads\/2023\/04\/Stretch-Film-Peel-Cling-Tester-1-100x100.jpg 100w\" sizes=\"(max-width: 750px) 100vw, 750px\" \/>\t\t\t\t\t\t\t\t\t\t\t\t\t<\/div>\n\t\t\t\t<\/div>\n\t\t\t\t<\/div>\n\t\t<div class=\"elementor-element elementor-element-12bdb98 e-con-full e-flex e-con e-parent\" data-id=\"12bdb98\" data-element_type=\"container\">\n\t\t\t\t<div class=\"elementor-element elementor-element-050def8 elementor-widget elementor-widget-text-editor\" data-id=\"050def8\" data-element_type=\"widget\" data-widget_type=\"text-editor.default\">\n\t\t\t\t<div class=\"elementor-widget-container\">\n\t\t\t\t\t\t\t<h6><strong>G\u0142\u00f3wne parametry<\/strong><\/h6><p>Zakres testowy 5N (standardowy)<\/p><p>Skok 199 mm<\/p><p>Pr\u0119dko\u015b\u0107 testowa 125 mm\/min<\/p><p>Dok\u0142adno\u015b\u0107 przemieszczenia 0,01 mm<\/p><p>Dok\u0142adno\u015b\u0107 si\u0142y 0,5% F.S.<\/p><p>Sterowanie PLC i interfejs cz\u0142owiek-maszyna<\/p><p>Ekran wyj\u015bciowy danych, mikrodrukarka, RS232 (opcjonalnie)<\/p><p>Zasilanie 110~220V, 50\/60Hz<\/p>\t\t\t\t\t\t<\/div>\n\t\t\t\t<\/div>\n\t\t\t\t<\/div>\n\t\t\t\t\t<\/div>\n\t\t\t\t<\/div>\n\t\t<div class=\"elementor-element elementor-element-7d63a47 e-flex e-con-boxed e-con e-parent\" data-id=\"7d63a47\" data-element_type=\"container\">\n\t\t\t\t\t<div class=\"e-con-inner\">\n\t\t\t\t<div class=\"elementor-element elementor-element-b364875 elementor-widget elementor-widget-wpforms\" data-id=\"b364875\" data-element_type=\"widget\" data-widget_type=\"wpforms.default\">\n\t\t\t\t<div class=\"elementor-widget-container\">\n\t\t\t<div class=\"wpforms-container\" id=\"wpforms-11\"><form id=\"wpforms-form-11\" class=\"wpforms-validate wpforms-form wpforms-ajax-form\" data-formid=\"11\" method=\"post\" enctype=\"multipart\/form-data\" action=\"\/pl\/wp-json\/wp\/v2\/product\/2531\" data-token=\"7c26fc00fd485ee9e5a7c61a93b70491\" data-trp-original-action=\"\/pl\/wp-json\/wp\/v2\/product\/2531\"><noscript class=\"wpforms-error-noscript\">Aby wype\u0142ni\u0107 ten formularz, w\u0142\u0105cz obs\u0142ug\u0119 JavaScript w przegl\u0105darce.<\/noscript><div class=\"wpforms-field-container\"><div id=\"wpforms-11-field_1-container\" class=\"wpforms-field wpforms-field-text\" data-field-id=\"1\"><label class=\"wpforms-field-label\" for=\"wpforms-11-field_1\">Nazwa <span class=\"wpforms-required-label\">*<\/span><\/label><input type=\"text\" id=\"wpforms-11-field_1\" class=\"wpforms-field-medium wpforms-field-required\" name=\"wpforms[fields][1]\" placeholder=\"Nazwa\" required><\/div><div id=\"wpforms-11-field_5-container\" class=\"wpforms-field wpforms-field-text\" data-field-id=\"5\"><label class=\"wpforms-field-label\" for=\"wpforms-11-field_5\">Firma<\/label><input type=\"text\" id=\"wpforms-11-field_5\" class=\"wpforms-field-medium\" name=\"wpforms[fields][5]\" ><\/div><div id=\"wpforms-11-field_4-container\" class=\"wpforms-field wpforms-field-number\" data-field-id=\"4\"><label class=\"wpforms-field-label\" for=\"wpforms-11-field_4\">Telefon<\/label><input type=\"number\" pattern=\"\\d*\" id=\"wpforms-11-field_4\" class=\"wpforms-field-medium\" name=\"wpforms[fields][4]\" placeholder=\"Telefon\" ><\/div><div id=\"wpforms-11-field_3-container\" class=\"wpforms-field wpforms-field-email\" data-field-id=\"3\"><label class=\"wpforms-field-label\" for=\"wpforms-11-field_3\">E-mail <span class=\"wpforms-required-label\">*<\/span><\/label><input type=\"email\" id=\"wpforms-11-field_3\" class=\"wpforms-field-medium wpforms-field-required\" name=\"wpforms[fields][3]\" placeholder=\"E-mail\" spellcheck=\"false\" required><\/div><div id=\"wpforms-11-field_2-container\" class=\"wpforms-field wpforms-field-textarea\" data-field-id=\"2\"><label class=\"wpforms-field-label\" for=\"wpforms-11-field_2\">Wiadomo\u015b\u0107<\/label><textarea id=\"wpforms-11-field_2\" class=\"wpforms-field-large\" name=\"wpforms[fields][2]\" ><\/textarea><\/div><\/div><!-- .wpforms-field-container --><input type=\"hidden\" name=\"wpforms[recaptcha]\" value=\"\"><div class=\"wpforms-submit-container\" ><input type=\"hidden\" name=\"wpforms[id]\" value=\"11\"><input type=\"hidden\" name=\"wpforms[author]\" value=\"4\"><button type=\"submit\" name=\"wpforms[submit]\" id=\"wpforms-submit-11\" class=\"wpforms-submit\" data-alt-text=\"Submitting\" data-submit-text=\"Submit\" aria-live=\"assertive\" value=\"wpforms-submit\">Prze\u015blij<\/button><img decoding=\"async\" src=\"https:\/\/www.qualitester.com\/wp-content\/plugins\/wpforms-lite\/assets\/images\/submit-spin.svg\" class=\"wpforms-submit-spinner\" style=\"display: none;\" width=\"26\" height=\"26\" alt=\"Wczytywanie\"><\/div><input type=\"hidden\" name=\"trp-form-language\" value=\"pl\"\/><\/form><\/div>  <!-- .wpforms-container -->\t\t<\/div>\n\t\t\t\t<\/div>\n\t\t\t\t\t<\/div>\n\t\t\t\t<\/div>\n\t\t\t\t<\/div>","protected":false},"excerpt":{"rendered":"<p>SPC-01 Peel Cling Tester mierzy przyleganie mi\u0119dzy dwiema warstwami folii i pomaga okre\u015bli\u0107 w\u0142a\u015bciwo\u015bci materia\u0142u do owijania foli\u0105 stretch.<\/p>","protected":false},"featured_media":1813,"comment_status":"closed","ping_status":"closed","template":"","meta":{"site-sidebar-layout":"default","site-content-layout":"default","ast-global-header-display":"","ast-main-header-display":"","ast-hfb-above-header-display":"","ast-hfb-below-header-display":"","ast-hfb-mobile-header-display":"","site-post-title":"disabled","ast-breadcrumbs-content":"","ast-featured-img":"disabled","footer-sml-layout":"","theme-transparent-header-meta":"default","adv-header-id-meta":"","stick-header-meta":"","header-above-stick-meta":"","header-main-stick-meta":"","header-below-stick-meta":""},"product_cat":[16,99,390,95],"product_tag":[57,391,185,486,59,410],"class_list":{"0":"post-2531","1":"product","2":"type-product","3":"status-publish","4":"has-post-thumbnail","6":"product_cat-plastic-packaging-testers","7":"product_cat-astm","8":"product_cat-astm-d5458","9":"product_cat-products","10":"product_tag-astm-d5458","11":"product_tag-bb-t-0024","12":"product_tag-peel-cling","13":"product_tag-peel-force","14":"product_tag-stretch-film","15":"product_tag-stretch-film-peel","16":"desktop-align-left","17":"tablet-align-left","18":"mobile-align-left","20":"first","21":"instock","22":"shipping-taxable","23":"product-type-simple"},"_links":{"self":[{"href":"https:\/\/www.qualitester.com\/pl\/wp-json\/wp\/v2\/product\/2531","targetHints":{"allow":["GET"]}}],"collection":[{"href":"https:\/\/www.qualitester.com\/pl\/wp-json\/wp\/v2\/product"}],"about":[{"href":"https:\/\/www.qualitester.com\/pl\/wp-json\/wp\/v2\/types\/product"}],"replies":[{"embeddable":true,"href":"https:\/\/www.qualitester.com\/pl\/wp-json\/wp\/v2\/comments?post=2531"}],"version-history":[{"count":0,"href":"https:\/\/www.qualitester.com\/pl\/wp-json\/wp\/v2\/product\/2531\/revisions"}],"wp:featuredmedia":[{"embeddable":true,"href":"https:\/\/www.qualitester.com\/pl\/wp-json\/wp\/v2\/media\/1813"}],"wp:attachment":[{"href":"https:\/\/www.qualitester.com\/pl\/wp-json\/wp\/v2\/media?parent=2531"}],"wp:term":[{"taxonomy":"product_cat","embeddable":true,"href":"https:\/\/www.qualitester.com\/pl\/wp-json\/wp\/v2\/product_cat?post=2531"},{"taxonomy":"product_tag","embeddable":true,"href":"https:\/\/www.qualitester.com\/pl\/wp-json\/wp\/v2\/product_tag?post=2531"}],"curies":[{"name":"wp","href":"https:\/\/api.w.org\/{rel}","templated":true}]}}