{"id":2525,"date":"2023-06-21T13:51:49","date_gmt":"2023-06-21T05:51:49","guid":{"rendered":"https:\/\/www.qualitester.com\/?post_type=product&#038;p=2525"},"modified":"2024-12-05T13:11:38","modified_gmt":"2024-12-05T05:11:38","slug":"per-01-glass-bottle-verticality-testing-machine","status":"publish","type":"product","link":"https:\/\/www.qualitester.com\/pl\/produkt-2\/per-01-glass-bottle-verticality-testing-machine\/","title":{"rendered":"Tester prostopad\u0142o\u015bci butelek PER-01"},"content":{"rendered":"<h2>Wprowadzenie produktu Tester prostopad\u0142o\u015bci butelek<\/h2>\n<p>W Cell Instruments specjalizujemy si\u0119 w dostarczaniu wysokiej jako\u015bci przyrz\u0105d\u00f3w do testowania materia\u0142\u00f3w dla r\u00f3\u017cnych ga\u0142\u0119zi przemys\u0142u. Nasze <strong><em><span style=\"text-decoration: underline;\">Tester prostopad\u0142o\u015bci butelek<\/span><\/em><\/strong> to najnowocze\u015bniejsze urz\u0105dzenie zaprojektowane w celu zapewnienia precyzyjnej prostopad\u0142o\u015bci butelek, co ma kluczowe znaczenie dla utrzymania integralno\u015bci i jako\u015bci butelkowanych produkt\u00f3w. Przyrz\u0105d ten jest niezb\u0119dny w bran\u017cach takich jak pakowanie, \u017cywno\u015b\u0107 i napoje, farmaceutyki i agencje kontroli jako\u015bci. Dzi\u0119ki zaawansowanym funkcjom i zgodno\u015bci z normami ISO 9008, tester prostopad\u0142o\u015bci butelek jest cennym narz\u0119dziem w ka\u017cdym procesie kontroli jako\u015bci.<\/p>\n<p><img fetchpriority=\"high\" decoding=\"async\" class=\"wp-image-4283 aligncenter\" src=\"https:\/\/www.qualitester.com\/wp-content\/uploads\/2023\/06\/PER-01-Bottle-Perpendicularity-Tester-2.png\" alt=\"Tester prostopad\u0142o\u015bci butelek\" width=\"500\" height=\"540\" srcset=\"https:\/\/www.qualitester.com\/wp-content\/uploads\/2023\/06\/PER-01-Bottle-Perpendicularity-Tester-2.png 2426w, https:\/\/www.qualitester.com\/wp-content\/uploads\/2023\/06\/PER-01-Bottle-Perpendicularity-Tester-2-278x300.png 278w, https:\/\/www.qualitester.com\/wp-content\/uploads\/2023\/06\/PER-01-Bottle-Perpendicularity-Tester-2-949x1024.png 949w, https:\/\/www.qualitester.com\/wp-content\/uploads\/2023\/06\/PER-01-Bottle-Perpendicularity-Tester-2-768x829.png 768w, https:\/\/www.qualitester.com\/wp-content\/uploads\/2023\/06\/PER-01-Bottle-Perpendicularity-Tester-2-1423x1536.png 1423w, https:\/\/www.qualitester.com\/wp-content\/uploads\/2023\/06\/PER-01-Bottle-Perpendicularity-Tester-2-1898x2048.png 1898w, https:\/\/www.qualitester.com\/wp-content\/uploads\/2023\/06\/PER-01-Bottle-Perpendicularity-Tester-2-600x647.png 600w\" sizes=\"(max-width: 500px) 100vw, 500px\" \/><\/p>\n<h2><strong>Kluczowe cechy<\/strong><\/h2>\n<h3>1. Wygodna regulacja sondy<\/h3>\n<p>Tester prostopad\u0142o\u015bci butelek jest wyposa\u017cony w wysoce regulowan\u0105 sond\u0119, umo\u017cliwiaj\u0105c\u0105 \u0142atwe i precyzyjne wyr\u00f3wnanie z butelk\u0105. Funkcja ta zapewnia sp\u00f3jno\u015b\u0107 i dok\u0142adno\u015b\u0107 pomiar\u00f3w, zmniejszaj\u0105c prawdopodobie\u0144stwo wyst\u0105pienia b\u0142\u0119d\u00f3w.<\/p>\n<h3>2. Wyj\u0105tkowa precyzja czytania<\/h3>\n<p>Dok\u0142adno\u015b\u0107 jest najwa\u017cniejsza w kontroli jako\u015bci, a nasz tester zapewnia wyj\u0105tkow\u0105 precyzj\u0119. Zapewnia bardzo dok\u0142adne pomiary prostopad\u0142o\u015bci butelek, gwarantuj\u0105c, \u017ce ka\u017cda butelka spe\u0142nia wymagane specyfikacje i standardy.<\/p>\n<h3>3. Sp\u00f3jna rotacja pr\u00f3bek<\/h3>\n<p>Aby zapewni\u0107 r\u00f3wnomierne testowanie, tester prostopad\u0142o\u015bci butelek zapewnia sta\u0142y obr\u00f3t pr\u00f3bki. Gwarantuje to, \u017ce butelka jest mierzona w r\u00f3\u017cnych punktach, zapewniaj\u0105c kompleksow\u0105 ocen\u0119 jej prostopad\u0142o\u015bci.<\/p>\n<h3>4. Przestrzeganie specyfikacji pr\u00f3bki<\/h3>\n<p>Tester \u015bci\u015ble przestrzega specyfikacji pr\u00f3bek, zapewniaj\u0105c, \u017ce wszystkie pomiary s\u0105 zgodne z normami bran\u017cowymi. Jest to szczeg\u00f3lnie wa\u017cne w przypadku zgodno\u015bci z norm\u0105 ISO 9008, kt\u00f3ra okre\u015bla wymagania dotycz\u0105ce materia\u0142\u00f3w opakowaniowych i pojemnik\u00f3w.<\/p>\n<h3>5. Opcjonalny eksport danych do PC Excel<\/h3>\n<p>Aby usprawni\u0107 zarz\u0105dzanie danymi, tester prostopad\u0142o\u015bci butelek oferuje opcjonaln\u0105 funkcj\u0119 eksportu danych. Umo\u017cliwia to u\u017cytkownikom eksportowanie wynik\u00f3w test\u00f3w bezpo\u015brednio do programu PC Excel, u\u0142atwiaj\u0105c analiz\u0119 danych i raportowanie.<\/p>\n<h2>Metody testowania<\/h2>\n<h3>Zasada dzia\u0142ania<\/h3>\n<p>Tester prostopad\u0142o\u015bci butelek dzia\u0142a poprzez pomiar odchylenia osi pionowej butelki od jej rzeczywistej pozycji prostopad\u0142ej. Osi\u0105ga si\u0119 to za pomoc\u0105 precyzyjnej sondy, kt\u00f3ra styka si\u0119 z butelk\u0105 w okre\u015blonych punktach, oraz mechanizmu obrotowego, kt\u00f3ry zapewnia kompleksowy pomiar.<\/p>\n<div class=\"ast-oembed-container\" style=\"height: 100%;\"><iframe title=\"Tester prostopad\u0142o\u015bci butelek PET, szklanych butelek i puszek PER-01\" width=\"500\" height=\"281\" src=\"https:\/\/www.youtube.com\/embed\/MEJYiFl7Pzo?feature=oembed\" frameborder=\"0\" allow=\"accelerometer; autoplay; clipboard-write; encrypted-media; gyroscope; picture-in-picture; web-share\" referrerpolicy=\"strict-origin-when-cross-origin\" allowfullscreen><\/iframe><\/div>\n<h3>Konfiguracja i kalibracja<\/h3>\n<p>Konfiguracja testera prostopad\u0142o\u015bci butelek jest prosta. Rozpocznij od ustawienia testera na stabilnej powierzchni i pod\u0142\u0105czenia go do \u017ar\u00f3d\u0142a zasilania. Skalibruj urz\u0105dzenie, dostosowuj\u0105c sond\u0119 do znanego standardu, zapewniaj\u0105c dok\u0142adno\u015b\u0107 pomiar\u00f3w.<\/p>\n<h3>Procedura testowania<\/h3>\n<ol>\n<li><strong>Przygotowanie pr\u00f3bki:<\/strong> Upewnij si\u0119, \u017ce butelka jest czysta i wolna od wszelkich przeszk\u00f3d.<\/li>\n<li><strong>Pozycjonowanie butelki:<\/strong> Umie\u015b\u0107 butelk\u0119 w wyznaczonym miejscu na testerze, upewniaj\u0105c si\u0119, \u017ce jest zabezpieczona.<\/li>\n<li><strong>Przeprowadzanie testu:<\/strong> Uruchom tester, aby rozpocz\u0105\u0107 proces pomiaru. Sonda zetknie si\u0119 z butelk\u0105, a mechanizm obrotowy zapewni wiele punkt\u00f3w pomiarowych.<\/li>\n<li><strong>Interpretacja wynik\u00f3w:<\/strong> Tester wy\u015bwietli wyniki, wskazuj\u0105c wszelkie odchylenia od prostopad\u0142o\u015bci.<\/li>\n<\/ol>\n<h2>Zgodno\u015b\u0107 z norm\u0105 ISO 9008<\/h2>\n<p>ISO 9008 to mi\u0119dzynarodowa norma okre\u015blaj\u0105ca wymagania dotycz\u0105ce system\u00f3w zarz\u0105dzania jako\u015bci\u0105, ze szczeg\u00f3lnym uwzgl\u0119dnieniem bran\u017cy opakowa\u0144 i pojemnik\u00f3w. Okre\u015bla ona kryteria zapewniaj\u0105ce, \u017ce materia\u0142y opakowaniowe i pojemniki spe\u0142niaj\u0105 okre\u015blone normy jako\u015bci i bezpiecze\u0144stwa.<\/p>\n<h2>Zastosowania<\/h2>\n<h3>1. Przemys\u0142 opakowa\u0144<\/h3>\n<p>W przemy\u015ble opakowaniowym zapewnienie prostopad\u0142o\u015bci butelek ma kluczowe znaczenie dla wydajnego pakowania i transportu. Tester prostopad\u0142o\u015bci butelek pomaga zachowa\u0107 jednolito\u015b\u0107, zmniejszaj\u0105c ryzyko uszkodzenia podczas przenoszenia i transportu.<\/p>\n<h3>2. Przemys\u0142 spo\u017cywczy i napoj\u00f3w<\/h3>\n<p>W przemy\u015ble spo\u017cywczym prostopad\u0142o\u015b\u0107 butelek ma kluczowe znaczenie dla zachowania integralno\u015bci i wygl\u0105du produktu. Nasz tester zapewnia, \u017ce butelki s\u0105 prawid\u0142owo wyr\u00f3wnane, zapobiegaj\u0105c wyciekom i rozlaniu, kt\u00f3re mog\u0105 zagrozi\u0107 jako\u015bci produktu.<\/p>\n<h3>3. Przemys\u0142 farmaceutyczny<\/h3>\n<p>W przemy\u015ble farmaceutycznym precyzja prostopad\u0142o\u015bci butelek ma zasadnicze znaczenie dla zachowania integralno\u015bci produkt\u00f3w leczniczych. Nasz tester zapewnia, \u017ce butelki spe\u0142niaj\u0105 rygorystyczne standardy jako\u015bci, chroni\u0105c skuteczno\u015b\u0107 zawarto\u015bci.<\/p>\n<h3>4. Agencje kontroli jako\u015bci<\/h3>\n<p>Agencje kontroli jako\u015bci polegaj\u0105 na dok\u0142adnych pomiarach w celu po\u015bwiadczenia zgodno\u015bci produkt\u00f3w z normami bran\u017cowymi. Tester prostopad\u0142o\u015bci butelek zapewnia precyzj\u0119 i niezawodno\u015b\u0107 potrzebn\u0105 do dok\u0142adnej oceny jako\u015bci.<\/p>\n<h2>Personalizacja<\/h2>\n<p>W Cell Instruments rozumiemy, \u017ce r\u00f3\u017cne bran\u017ce maj\u0105 unikalne wymagania dotycz\u0105ce testowania. Nasz tester prostopad\u0142o\u015bci butelek mo\u017cna dostosowa\u0107 do konkretnych potrzeb, zapewniaj\u0105c dok\u0142adne pomiary wymagane dla produkt\u00f3w.<\/p>\n<h2><strong>Korzy\u015bci<\/strong><\/h2>\n<h3>Zapewnienie jako\u015bci<\/h3>\n<p>Zapewniaj\u0105c precyzyjn\u0105 prostopad\u0142o\u015b\u0107 butelek, nasz tester poprawia jako\u015b\u0107 produktu i bezpiecze\u0144stwo konsument\u00f3w. Ma to kluczowe znaczenie dla utrzymania reputacji marki i zadowolenia klient\u00f3w.<\/p>\n<h3>Efektywno\u015b\u0107 kosztowa<\/h3>\n<p>Dok\u0142adne pomiary prostopad\u0142o\u015bci zmniejszaj\u0105 ilo\u015b\u0107 odpad\u00f3w i poprawiaj\u0105 wydajno\u015b\u0107 produkcji. Poprzez wczesn\u0105 identyfikacj\u0119 i korekt\u0119 odchyle\u0144, nasz tester pomaga zminimalizowa\u0107 koszty materia\u0142\u00f3w i przestoje produkcyjne.<\/p>\n<h3>Zgodno\u015b\u0107<\/h3>\n<p>Spe\u0142nianie norm i przepis\u00f3w bran\u017cowych ma zasadnicze znaczenie dla sukcesu biznesowego. Nasz tester prostopad\u0142o\u015bci butelek zapewnia zgodno\u015b\u0107 produkt\u00f3w z norm\u0105 ISO 9008 i innymi odpowiednimi normami, zmniejszaj\u0105c ryzyko niezgodno\u015bci.<\/p>\n<p><em><span style=\"text-decoration: underline;\"><strong><a href=\"https:\/\/www.qualitester.com\/pl\/produkt-2\/why-measuring-bottle-perpendicularity-is-important%ef%bc%9f\/\" target=\"_blank\" rel=\"noopener\">Dlaczego pomiar prostopad\u0142o\u015bci butelki jest wa\u017cny?<\/a><\/strong><\/span><\/em><\/p>\n<h2>FAQ<\/h2>\n<ol>\n<li><strong>Co to jest prostopad\u0142o\u015b\u0107 butelki?<\/strong>\n<ul>\n<li>Prostopad\u0142o\u015b\u0107 butelki odnosi si\u0119 do wyr\u00f3wnania pionowej osi butelki z jej rzeczywistym prostopad\u0142ym po\u0142o\u017ceniem. Ma to zasadnicze znaczenie dla zapewnienia stabilno\u015bci i bezpiecze\u0144stwa butelek.<\/li>\n<\/ul>\n<\/li>\n<li><strong>Jak dzia\u0142a tester prostopad\u0142o\u015bci butelek?<\/strong>\n<ul>\n<li>Tester mierzy odchylenie pionowej osi butelki od jej rzeczywistej prostopad\u0142ej pozycji za pomoc\u0105 precyzyjnej sondy i mechanizmu obrotowego do kompleksowej oceny.<\/li>\n<\/ul>\n<\/li>\n<li><strong>Dlaczego prostopad\u0142o\u015b\u0107 butelek jest wa\u017cna?<\/strong>\n<ul>\n<li>Zapewnienie prostopad\u0142o\u015bci butelek ma kluczowe znaczenie dla utrzymania jako\u015bci produktu, zapobiegania wyciekom i rozlaniom oraz zapewnienia wydajnego pakowania i transportu.<\/li>\n<\/ul>\n<\/li>\n<li><strong>Czy tester mo\u017cna dostosowa\u0107 do konkretnych potrzeb?<\/strong>\n<ul>\n<li>Tak, tester prostopad\u0142o\u015bci butelek mo\u017cna dostosowa\u0107 do konkretnych wymaga\u0144 testowych, zapewniaj\u0105c dok\u0142adne pomiary wymagane dla produkt\u00f3w.<\/li>\n<\/ul>\n<\/li>\n<li><strong>Jakie bran\u017ce korzystaj\u0105 z testera prostopad\u0142o\u015bci butelek?<\/strong>\n<ul>\n<li>Bran\u017ce takie jak opakowania, \u017cywno\u015b\u0107 i napoje, farmaceutyki i agencje kontroli jako\u015bci korzystaj\u0105 z testera w celu zapewnienia jako\u015bci produktu i zgodno\u015bci z normami bran\u017cowymi.<\/li>\n<\/ul>\n<\/li>\n<\/ol>\n<h2>Powi\u0105zany artyku\u0142<\/h2>\n<p><a href=\"https:\/\/www.qualitester.com\/pl\/produkt-2\/why-measuring-bottle-perpendicularity-is-important%ef%bc%9f\/\" target=\"_blank\" rel=\"noopener\">Prostopad\u0142o\u015b\u0107 butelki<\/a><\/p>\n<p><a href=\"https:\/\/www.qualitester.com\/pl\/beverage-bottle-perpendicularity-tester\/\" target=\"_blank\" rel=\"noopener\">Tester prostopad\u0142o\u015bci butelek<\/a><\/p>\n<p><a href=\"https:\/\/www.qualitester.com\/pl\/plastic-bottle-perpendicularity-test-iso-9008\/\" target=\"_blank\" rel=\"noopener\">Test prostopad\u0142o\u015bci butelki<\/a><\/p>\n<p><a href=\"https:\/\/www.qualitester.com\/pl\/important-glass-bottle-perpendicularity-test\/\" target=\"_blank\" rel=\"noopener\">Test prostopad\u0142o\u015bci szklanej butelki<\/a><\/p>","protected":false},"excerpt":{"rendered":"<p><strong><em><span style=\"text-decoration: underline;\">Tester prostopad\u0142o\u015bci butelek<\/span><\/em><\/strong> to najnowocze\u015bniejsze urz\u0105dzenie zaprojektowane w celu zapewnienia precyzyjnej prostopad\u0142o\u015bci butelek, co ma kluczowe znaczenie dla utrzymania integralno\u015bci i jako\u015bci butelkowanych produkt\u00f3w. Dzi\u0119ki zaawansowanym funkcjom i zgodno\u015bci z normami ISO 9008, tester prostopad\u0142o\u015bci butelek jest cennym narz\u0119dziem w ka\u017cdym procesie kontroli jako\u015bci.<\/p>","protected":false},"featured_media":6233,"comment_status":"closed","ping_status":"closed","template":"","meta":{"site-sidebar-layout":"default","site-content-layout":"default","ast-global-header-display":"","ast-main-header-display":"","ast-hfb-above-header-display":"","ast-hfb-below-header-display":"","ast-hfb-mobile-header-display":"","site-post-title":"disabled","ast-breadcrumbs-content":"","ast-featured-img":"disabled","footer-sml-layout":"","theme-transparent-header-meta":"default","adv-header-id-meta":"","stick-header-meta":"","header-above-stick-meta":"","header-main-stick-meta":"","header-below-stick-meta":""},"product_cat":[845,1136,17,149,16,95],"product_tag":[],"class_list":{"0":"post-2525","1":"product","2":"type-product","3":"status-publish","4":"has-post-thumbnail","6":"product_cat-customization","7":"product_cat-iso-9008","8":"product_cat-package-container-testers","9":"product_cat-pharma-and-medical-testers","10":"product_cat-plastic-packaging-testers","11":"product_cat-products","12":"desktop-align-left","13":"tablet-align-left","14":"mobile-align-left","16":"first","17":"instock","18":"shipping-taxable","19":"product-type-simple"},"_links":{"self":[{"href":"https:\/\/www.qualitester.com\/pl\/wp-json\/wp\/v2\/product\/2525","targetHints":{"allow":["GET"]}}],"collection":[{"href":"https:\/\/www.qualitester.com\/pl\/wp-json\/wp\/v2\/product"}],"about":[{"href":"https:\/\/www.qualitester.com\/pl\/wp-json\/wp\/v2\/types\/product"}],"replies":[{"embeddable":true,"href":"https:\/\/www.qualitester.com\/pl\/wp-json\/wp\/v2\/comments?post=2525"}],"version-history":[{"count":0,"href":"https:\/\/www.qualitester.com\/pl\/wp-json\/wp\/v2\/product\/2525\/revisions"}],"wp:featuredmedia":[{"embeddable":true,"href":"https:\/\/www.qualitester.com\/pl\/wp-json\/wp\/v2\/media\/6233"}],"wp:attachment":[{"href":"https:\/\/www.qualitester.com\/pl\/wp-json\/wp\/v2\/media?parent=2525"}],"wp:term":[{"taxonomy":"product_cat","embeddable":true,"href":"https:\/\/www.qualitester.com\/pl\/wp-json\/wp\/v2\/product_cat?post=2525"},{"taxonomy":"product_tag","embeddable":true,"href":"https:\/\/www.qualitester.com\/pl\/wp-json\/wp\/v2\/product_tag?post=2525"}],"curies":[{"name":"wp","href":"https:\/\/api.w.org\/{rel}","templated":true}]}}