{"id":2475,"date":"2023-06-16T09:54:40","date_gmt":"2023-06-16T01:54:40","guid":{"rendered":"https:\/\/www.qualitester.com\/?post_type=product&#038;p=2475"},"modified":"2024-11-26T15:00:54","modified_gmt":"2024-11-26T07:00:54","slug":"ftt-01-the-paper-thickness-testing-machine","status":"publish","type":"product","link":"https:\/\/www.qualitester.com\/pl\/produkt-2\/ftt-01-the-paper-thickness-testing-machine\/","title":{"rendered":"Tester grubo\u015bci FTT-01"},"content":{"rendered":"<p>The <strong>Tester grubo\u015bci dotyku<\/strong> to zaawansowany przyrz\u0105d pomiarowy zaprojektowany w celu zapewnienia dok\u0142adnych i wiarygodnych odczyt\u00f3w grubo\u015bci r\u00f3\u017cnych materia\u0142\u00f3w, w tym folii z tworzyw sztucznych, tekstyli\u00f3w, papieru, kartonu, folii i innych materia\u0142\u00f3w elastycznych. Grubo\u015b\u0107 odgrywa kluczow\u0105 rol\u0119 w okre\u015blaniu wydajno\u015bci, jako\u015bci i zgodno\u015bci tych materia\u0142\u00f3w w bran\u017cach takich jak opakowania, farmaceutyki, urz\u0105dzenia medyczne, tekstylia i inne. Utrzymanie sta\u0142ej grubo\u015bci materia\u0142u zapewnia jako\u015b\u0107 produktu, zapobiega wadom i spe\u0142nia wymogi prawne, co czyni go niezb\u0119dnym narz\u0119dziem kontroli jako\u015bci w procesach produkcyjnych.<\/p>\n<p>Niezale\u017cnie od tego, czy pracujesz z foliami z tworzyw sztucznych w opakowaniach, tekstyliami w bran\u017cy modowej, czy produktami papierowymi w sektorze poligraficznym <strong>Tester grubo\u015bci dotyku<\/strong> Pomaga firmom zachowa\u0107 jednolito\u015b\u0107, zmniejszy\u0107 ilo\u015b\u0107 odpad\u00f3w i zapewni\u0107, \u017ce materia\u0142y spe\u0142niaj\u0105 rygorystyczne standardy bran\u017cowe.<\/p>\n<h2>Normy dotycz\u0105ce badania grubo\u015bci<\/h2>\n<p>The <strong>Tester grubo\u015bci dotyku<\/strong> jest zbudowany zgodnie z r\u00f3\u017cnymi mi\u0119dzynarodowymi standardami, zapewniaj\u0105c dok\u0142adne i znormalizowane pomiary w r\u00f3\u017cnych typach materia\u0142\u00f3w i bran\u017cach.<\/p>\n<h3><strong><a href=\"https:\/\/www.astm.org\/d0374-99.html\" target=\"_blank\" rel=\"noopener nofollow\">ASTM D374-99<\/a>: Standardowe metody badania grubo\u015bci sta\u0142ej izolacji elektrycznej<\/strong><\/h3>\n<p>Norma ta jest stosowana do pomiaru grubo\u015bci materia\u0142\u00f3w izolacji elektrycznej. Precyzyjne pomiary grubo\u015bci maj\u0105 kluczowe znaczenie dla przemys\u0142u elektrycznego w celu zapewnienia w\u0142a\u015bciwej izolacji, kt\u00f3ra chroni komponenty elektryczne i zapobiega uszkodzeniom. Norma <strong>Tester grubo\u015bci dotyku<\/strong> spe\u0142nia wymagania normy ASTM D374, zapewniaj\u0105c wiarygodne i sp\u00f3jne pomiary produkt\u00f3w izolacji elektrycznej.<\/p>\n<h3><strong><a href=\"https:\/\/www.astm.org\/d1777-96r19.html\" target=\"_blank\" rel=\"noopener nofollow\">ASTM D1777<\/a>: Standardowa metoda badania grubo\u015bci materia\u0142\u00f3w w\u0142\u00f3kienniczych<\/strong><\/h3>\n<p>Norma ASTM D1777 ma zastosowanie do tekstyli\u00f3w i materia\u0142\u00f3w tekstylnych. Dok\u0142adny pomiar grubo\u015bci jest niezb\u0119dny w przemy\u015ble tekstylnym do oceny wydajno\u015bci, jako\u015bci i trwa\u0142o\u015bci tkanin. Norma <strong>Tester grubo\u015bci dotyku<\/strong> Zapewnia precyzyjne odczyty, kt\u00f3re pomagaj\u0105 producentom spe\u0142nia\u0107 standardy bran\u017cowe dotycz\u0105ce grubo\u015bci, zapewniaj\u0105c jako\u015b\u0107 i funkcjonalno\u015b\u0107 produktu.<\/p>\n<h3><strong><a href=\"https:\/\/www.iso.org\/standard\/51266.html\" target=\"_blank\" rel=\"noopener nofollow\">ISO 3034:2011<\/a>: Tektura falista - Okre\u015blanie grubo\u015bci pojedynczego arkusza<\/strong><\/h3>\n<p>Norma ta jest stosowana do pomiaru grubo\u015bci tektury falistej, materia\u0142u szeroko stosowanego w opakowaniach. Spe\u0142niaj\u0105c normy ISO 3034:2011, miernik <strong>Tester grubo\u015bci dotyku<\/strong> pomaga producentom opakowa\u0144 upewni\u0107 si\u0119, \u017ce ich p\u0142yty pil\u015bniowe spe\u0142niaj\u0105 wymagane specyfikacje grubo\u015bci, zapewniaj\u0105c trwa\u0142o\u015b\u0107 i ochron\u0119 pakowanych towar\u00f3w.<\/p>\n<h3><strong><a href=\"https:\/\/www.iso.org\/standard\/53060.html\" target=\"_blank\" rel=\"noopener nofollow\">ISO 534-2011<\/a>: Papier i tektura - oznaczanie grubo\u015bci, g\u0119sto\u015bci i obj\u0119to\u015bci w\u0142a\u015bciwej<\/strong><\/h3>\n<p>Norma ISO 534-2011 s\u0142u\u017cy do pomiaru grubo\u015bci papieru i tektury. Norma ta jest niezb\u0119dna dla przemys\u0142u papierniczego w celu utrzymania sp\u00f3jno\u015bci produktu, kontroli zu\u017cycia materia\u0142\u00f3w i spe\u0142nienia oczekiwa\u0144 klient\u00f3w. Norma <strong>Tester grubo\u015bci dotyku<\/strong> Obs\u0142uguje norm\u0119 ISO 534-2011, zapewniaj\u0105c dok\u0142adne pomiary grubo\u015bci papieru i tektury, co ma kluczowe znaczenie zar\u00f3wno dla kontroli jako\u015bci, jak i wydajno\u015bci produkcji.<\/p>\n<h3><strong><a href=\"https:\/\/www.iso.org\/standard\/20759.html\" target=\"_blank\" rel=\"noopener nofollow\">ISO 4593<\/a>: Tworzywa sztuczne; Folia i arkusze; Okre\u015blanie grubo\u015bci za pomoc\u0105 skanowania mechanicznego<\/strong><\/h3>\n<p>Norma ISO 4593 definiuje standard pomiaru grubo\u015bci folii i arkuszy z tworzyw sztucznych. Precyzyjne pomiary grubo\u015bci maj\u0105 kluczowe znaczenie dla producent\u00f3w tworzyw sztucznych, szczeg\u00f3lnie w zastosowaniach opakowaniowych, w celu zapewnienia wydajno\u015bci produktu i zgodno\u015bci z normami regulacyjnymi. Norma <strong>Tester grubo\u015bci dotyku<\/strong> spe\u0142nia wymagania normy ISO 4593, zapewniaj\u0105c wiarygodne odczyty grubo\u015bci folii z tworzyw sztucznych stosowanych w r\u00f3\u017cnych ga\u0142\u0119ziach przemys\u0142u.<\/p>\n<h2>Metody testowania i zastosowanie<\/h2>\n<div class=\"ast-oembed-container\" style=\"height: 100%;\"><iframe title=\"Tester grubo\u015bci ze stopk\u0105 dociskow\u0105 i podajnikiem pr\u00f3bek\" width=\"500\" height=\"281\" src=\"https:\/\/www.youtube.com\/embed\/ay_9m_wynLU?feature=oembed\" frameborder=\"0\" allow=\"accelerometer; autoplay; clipboard-write; encrypted-media; gyroscope; picture-in-picture; web-share\" referrerpolicy=\"strict-origin-when-cross-origin\" allowfullscreen><\/iframe><\/div>\n<p>The <strong>Tester grubo\u015bci dotyku<\/strong> wykorzystuje mechaniczn\u0105 technik\u0119 skanowania do pomiaru grubo\u015bci szerokiej gamy materia\u0142\u00f3w. Oto jak dzia\u0142a ten proces:<\/p>\n<ol>\n<li><strong>Przyk\u0142adowe umieszczenie:<\/strong> Pr\u00f3bka materia\u0142u jest umieszczana na podstawie urz\u0105dzenia, zapewniaj\u0105c jej prawid\u0142owe po\u0142o\u017cenie w celu dok\u0142adnego pomiaru.<\/li>\n<li><strong>Mechanizm stopki:<\/strong> Obci\u0105\u017cona stopka dociskowa jest delikatnie opuszczana na materia\u0142. Tester mierzy przemieszczenie lub szczelin\u0119 mi\u0119dzy stopk\u0105 dociskow\u0105 a podstaw\u0105, zapewniaj\u0105c dok\u0142adny pomiar grubo\u015bci pr\u00f3bki.<\/li>\n<li><strong>Rodzaje materia\u0142\u00f3w:<\/strong> Tester jest wszechstronny i mo\u017ce mierzy\u0107 grubo\u015b\u0107 materia\u0142\u00f3w takich jak folie z tworzyw sztucznych, tekstylia, papier, folie, tkaniny i membrany. Niezale\u017cnie od tego, czy testujesz materia\u0142y opakowaniowe, opakowania urz\u0105dze\u0144 medycznych czy tekstylia, tester <strong>Tester grubo\u015bci dotyku<\/strong> zapewnia precyzyjne wyniki.<\/li>\n<\/ol>\n<p>Metoda ta jest szczeg\u00f3lnie cenna w procesach kontroli jako\u015bci w bran\u017cach, w kt\u00f3rych sp\u00f3jno\u015b\u0107 materia\u0142\u00f3w ma kluczowe znaczenie, takich jak opakowania, \u017cywno\u015b\u0107 i napoje, farmaceutyki i tekstylia. Zapewniaj\u0105c dok\u0142adne i powtarzalne pomiary <strong>Tester grubo\u015bci dotyku<\/strong> Pomaga firmom identyfikowa\u0107 odchylenia grubo\u015bci, kt\u00f3re mog\u0105 prowadzi\u0107 do wad, niezgodno\u015bci z przepisami lub wy\u017cszych koszt\u00f3w produkcji.<\/p>\n<h2>Cechy techniczne i funkcjonalno\u015b\u0107<\/h2>\n<p>The <strong>Tester grubo\u015bci dotyku<\/strong> zosta\u0142 zaprojektowany z my\u015bl\u0105 o \u0142atwo\u015bci u\u017cytkowania i precyzji, z kilkoma zaawansowanymi funkcjami, kt\u00f3re zapewniaj\u0105 wydajn\u0105 prac\u0119 i dok\u0142adne wyniki:<\/p>\n<ul>\n<li><strong>Dzia\u0142anie sterowane przez PLC<\/strong>: Urz\u0105dzenie jest sterowane przez programowalny sterownik logiczny (PLC), kt\u00f3ry jest zintegrowany z intuicyjnym interfejsem ekranu dotykowego HMI dla \u0142atwej obs\u0142ugi.<\/li>\n<li><strong>Automatyczne podnoszenie stopki<\/strong>: Ta funkcja zapewnia automatyczne podnoszenie stopki po ka\u017cdym pomiarze, zmniejszaj\u0105c potrzeb\u0119 r\u0119cznej interwencji i utrzymuj\u0105c sp\u00f3jno\u015b\u0107 test\u00f3w.<\/li>\n<li><strong>Wy\u015bwietlanie danych w czasie rzeczywistym<\/strong>: Tester wy\u015bwietla pomiary w czasie rzeczywistym, w tym warto\u015bci maksymalne, minimalne, \u015brednie i odchylenia standardowe, umo\u017cliwiaj\u0105c u\u017cytkownikom natychmiastow\u0105 ocen\u0119 sp\u00f3jno\u015bci i wydajno\u015bci materia\u0142u.<\/li>\n<li><strong>Przechowywanie danych i mikrodruk<\/strong>: Tester mo\u017ce przechowywa\u0107 wyniki test\u00f3w i drukowa\u0107 raporty, u\u0142atwiaj\u0105c identyfikowalno\u015b\u0107 i dokumentacj\u0119 kontroli jako\u015bci na potrzeby audyt\u00f3w lub zapis\u00f3w.<\/li>\n<li><strong>Port RS232 (opcjonalny)<\/strong>: Urz\u0105dzenie jest wyposa\u017cone w port RS232, kt\u00f3ry umo\u017cliwia \u0142atw\u0105 integracj\u0119 z oprogramowaniem do analizy danych, zwi\u0119kszaj\u0105c mo\u017cliwo\u015bci zarz\u0105dzania i analizowania wynik\u00f3w test\u00f3w.<\/li>\n<li><strong>Opcje r\u0119cznego i automatycznego podawania pr\u00f3bek (opcjonalnie)<\/strong>: W celu zwi\u0119kszenia wydajno\u015bci w \u015brodowiskach testowych o du\u017cej obj\u0119to\u015bci dost\u0119pne s\u0105 zar\u00f3wno r\u0119czne, jak i automatyczne opcje podawania pr\u00f3bek.<\/li>\n<\/ul>\n<h2>G\u0142\u00f3wne parametry i specyfikacje<\/h2>\n<table>\n<tbody>\n<tr>\n<td width=\"251\">Zakres testu<\/td>\n<td width=\"247\">0 ~ 2 mm (dost\u0119pne dostosowanie)<\/td>\n<\/tr>\n<tr>\n<td width=\"251\">Rozdzielczo\u015b\u0107<\/td>\n<td width=\"247\">0,1 \u03bcm<\/td>\n<\/tr>\n<tr>\n<td width=\"251\">Standardowa g\u0142owica pomiarowa<\/td>\n<td width=\"247\">Typ p\u00f3\u0142kulisty<\/td>\n<\/tr>\n<tr>\n<td width=\"251\">Opcjonalna g\u0142owica pomiarowa (p\u0142aska stopa)<\/td>\n<td width=\"247\">50 mm\u00b2, 17,5\u00b11 KPa (dla folii)<br \/>\n200 mm\u00b2, 50\u00b11 KPa (dla papieru)<\/td>\n<\/tr>\n<tr>\n<td width=\"251\">Moc<\/td>\n<td width=\"247\">AC 110~220V<\/td>\n<\/tr>\n<\/tbody>\n<\/table>\n<h3>Dlaczego warto wybra\u0107 tester grubo\u015bci dotyku?<\/h3>\n<p>The <strong>Tester grubo\u015bci dotyku<\/strong> oferuje liczne korzy\u015bci dla firm z r\u00f3\u017cnych bran\u017c, takich jak opakowania, tekstylia, urz\u0105dzenia medyczne i inne. Oto kilka powod\u00f3w, dla kt\u00f3rych warto wybra\u0107 to urz\u0105dzenie:<\/p>\n<ul>\n<li><strong>Wszechstronno\u015b\u0107:<\/strong> Mo\u017ce mierzy\u0107 grubo\u015b\u0107 r\u00f3\u017cnych materia\u0142\u00f3w, w tym folii z tworzyw sztucznych, tekstyli\u00f3w, papieru i tektury falistej.<\/li>\n<li><strong>Zgodno\u015b\u0107 z normami:<\/strong> Spe\u0142nia kluczowe normy bran\u017cowe, takie jak ASTM D374, ASTM D1777, ISO 3034:2011, ISO 534-2011 i ISO 4593, zapewniaj\u0105c dok\u0142adno\u015b\u0107 pomiar\u00f3w i zgodno\u015b\u0107 z przepisami.<\/li>\n<li><strong>Wydajno\u015b\u0107 i dok\u0142adno\u015b\u0107:<\/strong> Dzi\u0119ki zaawansowanym funkcjom, takim jak automatyczne podnoszenie stopki, wy\u015bwietlanie danych w czasie rzeczywistym i pomiary w wysokiej rozdzielczo\u015bci <strong>Tester grubo\u015bci dotyku<\/strong> zapewnia wiarygodne i powtarzalne wyniki.<\/li>\n<li><strong>Zarz\u0105dzanie danymi:<\/strong> Opcja przechowywania i drukowania wynik\u00f3w test\u00f3w u\u0142atwia prowadzenie dokumentacji na potrzeby kontroli jako\u015bci, audyt\u00f3w i identyfikowalno\u015bci.<\/li>\n<\/ul>\n<h3>Najcz\u0119\u015bciej zadawane pytania (FAQ)<\/h3>\n<ol>\n<li><strong>Jakie materia\u0142y mo\u017ce mierzy\u0107 dotykowy tester grubo\u015bci?<\/strong>\n<ul>\n<li>Tester mo\u017ce mierzy\u0107 grubo\u015b\u0107 materia\u0142\u00f3w takich jak folie z tworzyw sztucznych, tekstylia, papier, tektura falista, folie i membrany.<\/li>\n<\/ul>\n<\/li>\n<li><strong>Jaki jest zakres pomiarowy testera grubo\u015bci dotyku?<\/strong>\n<ul>\n<li>Standardowy zakres testowy wynosi od 0 do 2 mm, z mo\u017cliwo\u015bci\u0105 dostosowania do okre\u015blonych typ\u00f3w materia\u0142\u00f3w lub zastosowa\u0144.<\/li>\n<\/ul>\n<\/li>\n<li><strong>W jaki spos\u00f3b tester grubo\u015bci dotyku zapewnia dok\u0142adno\u015b\u0107?<\/strong>\n<ul>\n<li>Tester wykorzystuje mechaniczn\u0105 technik\u0119 skanowania z rozdzielczo\u015bci\u0105 0,1 \u03bcm, aby zapewni\u0107 precyzyjne i dok\u0142adne pomiary grubo\u015bci r\u00f3\u017cnych materia\u0142\u00f3w.<\/li>\n<\/ul>\n<\/li>\n<li><strong>Czy Touch Thickness Tester mo\u017ce by\u0107 zintegrowany z innymi systemami oprogramowania?<\/strong>\n<ul>\n<li>Tak, tester zawiera port RS232 do opcjonalnej integracji z oprogramowaniem do ulepszonego zarz\u0105dzania i analizy danych.<\/li>\n<\/ul>\n<\/li>\n<li><strong>Jakie normy spe\u0142nia tester grubo\u015bci dotyku?<\/strong>\n<ul>\n<li>Tester obs\u0142uguje normy ASTM D374, ASTM D1777, ISO 3034:2011, ISO 534-2011 i ISO 4593, zapewniaj\u0105c zgodno\u015b\u0107 z normami bran\u017cowymi dla r\u00f3\u017cnych materia\u0142\u00f3w.<\/li>\n<\/ul>\n<\/li>\n<\/ol>","protected":false},"excerpt":{"rendered":"<p>The <strong>Tester grubo\u015bci dotyku<\/strong> to zaawansowany przyrz\u0105d pomiarowy zaprojektowany w celu zapewnienia dok\u0142adnych i wiarygodnych odczyt\u00f3w grubo\u015bci r\u00f3\u017cnych materia\u0142\u00f3w, w tym folii z tworzyw sztucznych, tekstyli\u00f3w, papieru, kartonu, folii i innych materia\u0142\u00f3w elastycznych. Grubo\u015b\u0107 odgrywa kluczow\u0105 rol\u0119 w okre\u015blaniu wydajno\u015bci, jako\u015bci i zgodno\u015bci tych materia\u0142\u00f3w w bran\u017cach takich jak opakowania, farmaceutyki, urz\u0105dzenia medyczne, tekstylia i inne.<\/p>","protected":false},"featured_media":5612,"comment_status":"closed","ping_status":"closed","template":"","meta":{"site-sidebar-layout":"default","site-content-layout":"default","ast-global-header-display":"","ast-main-header-display":"","ast-hfb-above-header-display":"","ast-hfb-below-header-display":"","ast-hfb-mobile-header-display":"","site-post-title":"","ast-breadcrumbs-content":"","ast-featured-img":"","footer-sml-layout":"","theme-transparent-header-meta":"default","adv-header-id-meta":"","stick-header-meta":"","header-above-stick-meta":"","header-main-stick-meta":"","header-below-stick-meta":""},"product_cat":[845,938,44,149,16,120,131,160,162,164,95],"product_tag":[],"class_list":{"0":"post-2475","1":"product","2":"type-product","3":"status-publish","4":"has-post-thumbnail","6":"product_cat-customization","7":"product_cat-textile-tester","8":"product_cat-paper-and-board-testers","9":"product_cat-pharma-and-medical-testers","10":"product_cat-plastic-packaging-testers","11":"product_cat-astm-d1777","12":"product_cat-astm-d374","13":"product_cat-iso-3034","14":"product_cat-iso-4593","15":"product_cat-iso-534","16":"product_cat-products","17":"desktop-align-left","18":"tablet-align-left","19":"mobile-align-left","21":"first","22":"instock","23":"shipping-taxable","24":"product-type-simple"},"_links":{"self":[{"href":"https:\/\/www.qualitester.com\/pl\/wp-json\/wp\/v2\/product\/2475","targetHints":{"allow":["GET"]}}],"collection":[{"href":"https:\/\/www.qualitester.com\/pl\/wp-json\/wp\/v2\/product"}],"about":[{"href":"https:\/\/www.qualitester.com\/pl\/wp-json\/wp\/v2\/types\/product"}],"replies":[{"embeddable":true,"href":"https:\/\/www.qualitester.com\/pl\/wp-json\/wp\/v2\/comments?post=2475"}],"version-history":[{"count":0,"href":"https:\/\/www.qualitester.com\/pl\/wp-json\/wp\/v2\/product\/2475\/revisions"}],"wp:featuredmedia":[{"embeddable":true,"href":"https:\/\/www.qualitester.com\/pl\/wp-json\/wp\/v2\/media\/5612"}],"wp:attachment":[{"href":"https:\/\/www.qualitester.com\/pl\/wp-json\/wp\/v2\/media?parent=2475"}],"wp:term":[{"taxonomy":"product_cat","embeddable":true,"href":"https:\/\/www.qualitester.com\/pl\/wp-json\/wp\/v2\/product_cat?post=2475"},{"taxonomy":"product_tag","embeddable":true,"href":"https:\/\/www.qualitester.com\/pl\/wp-json\/wp\/v2\/product_tag?post=2475"}],"curies":[{"name":"wp","href":"https:\/\/api.w.org\/{rel}","templated":true}]}}