{"id":2429,"date":"2023-06-13T08:36:59","date_gmt":"2023-06-13T00:36:59","guid":{"rendered":"https:\/\/www.qualitester.com\/?post_type=product&#038;p=2429"},"modified":"2023-08-07T11:32:10","modified_gmt":"2023-08-07T03:32:10","slug":"tst-01-universal-testing-machine","status":"publish","type":"product","link":"https:\/\/www.qualitester.com\/pl\/produkt-2\/tst-01-universal-testing-machine\/","title":{"rendered":"Uniwersalna maszyna wytrzyma\u0142o\u015bciowa TST-01"},"content":{"rendered":"<div data-elementor-type=\"wp-post\" data-elementor-id=\"2429\" class=\"elementor elementor-2429\" data-elementor-post-type=\"product\">\n\t\t\t\t<div class=\"elementor-element elementor-element-56049b8 e-flex e-con-boxed e-con e-parent\" data-id=\"56049b8\" data-element_type=\"container\">\n\t\t\t\t\t<div class=\"e-con-inner\">\n\t\t<div class=\"elementor-element elementor-element-95cd804 e-con-full e-flex e-con e-parent\" data-id=\"95cd804\" data-element_type=\"container\">\n\t\t\t\t<div class=\"elementor-element elementor-element-89343f0 elementor-widget elementor-widget-image\" data-id=\"89343f0\" data-element_type=\"widget\" data-widget_type=\"image.default\">\n\t\t\t\t<div class=\"elementor-widget-container\">\n\t\t\t\t\t\t\t\t\t\t\t\t\t<img fetchpriority=\"high\" decoding=\"async\" width=\"750\" height=\"750\" src=\"https:\/\/www.qualitester.com\/wp-content\/uploads\/2023\/04\/Tensile-Tester-TST-01-Front-view-1.jpg\" class=\"attachment-large size-large wp-image-1833\" alt=\"\" srcset=\"https:\/\/www.qualitester.com\/wp-content\/uploads\/2023\/04\/Tensile-Tester-TST-01-Front-view-1.jpg 750w, https:\/\/www.qualitester.com\/wp-content\/uploads\/2023\/04\/Tensile-Tester-TST-01-Front-view-1-300x300.jpg 300w, https:\/\/www.qualitester.com\/wp-content\/uploads\/2023\/04\/Tensile-Tester-TST-01-Front-view-1-150x150.jpg 150w, https:\/\/www.qualitester.com\/wp-content\/uploads\/2023\/04\/Tensile-Tester-TST-01-Front-view-1-600x600.jpg 600w, https:\/\/www.qualitester.com\/wp-content\/uploads\/2023\/04\/Tensile-Tester-TST-01-Front-view-1-100x100.jpg 100w\" sizes=\"(max-width: 750px) 100vw, 750px\" \/>\t\t\t\t\t\t\t\t\t\t\t\t\t<\/div>\n\t\t\t\t<\/div>\n\t\t\t\t<\/div>\n\t\t<div class=\"elementor-element elementor-element-ffff707 e-con-full e-flex e-con e-parent\" data-id=\"ffff707\" data-element_type=\"container\">\n\t\t\t\t<div class=\"elementor-element elementor-element-de80988 elementor-widget elementor-widget-text-editor\" data-id=\"de80988\" data-element_type=\"widget\" data-widget_type=\"text-editor.default\">\n\t\t\t\t<div class=\"elementor-widget-container\">\n\t\t\t\t\t\t\t<h6><strong>Zastosowanie<\/strong><\/h6><p><em>Tester rozci\u0105gania TST-01 mo\u017ce by\u0107 u\u017cywany do pomiaru rozci\u0105gania, odrywania, odkszta\u0142cania, rozrywania, zgrzewania, klejenia, si\u0142y przebicia, si\u0142y otwierania i innych parametr\u00f3w folii z tworzyw sztucznych (wymaga r\u00f3\u017cnych zacisk\u00f3w lub uchwyt\u00f3w), materia\u0142\u00f3w kompozytowych, mi\u0119kkich materia\u0142\u00f3w opakowaniowych, elastycznych rur z tworzyw sztucznych, klej\u00f3w, ta\u015bmy klej\u0105cej, naklejek na etykiety, plastr\u00f3w medycznych, papieru antyadhezyjnego, folii ochronnych, po\u0142\u0105czonych nasadek, folii aluminiowej, membrany, arkuszy tylnych, w\u0142\u00f3knin, gumy, papieru itp.<\/em><\/p>\t\t\t\t\t\t<\/div>\n\t\t\t\t<\/div>\n\t\t\t\t<\/div>\n\t\t\t\t\t<\/div>\n\t\t\t\t<\/div>\n\t\t<div class=\"elementor-element elementor-element-8e02e69 e-flex e-con-boxed e-con e-parent\" data-id=\"8e02e69\" data-element_type=\"container\">\n\t\t\t\t\t<div class=\"e-con-inner\">\n\t\t<div class=\"elementor-element elementor-element-1c12244 e-con-full e-flex e-con e-parent\" data-id=\"1c12244\" data-element_type=\"container\">\n\t\t\t\t<div class=\"elementor-element elementor-element-bc133ff elementor-widget elementor-widget-image\" data-id=\"bc133ff\" data-element_type=\"widget\" data-widget_type=\"image.default\">\n\t\t\t\t<div class=\"elementor-widget-container\">\n\t\t\t\t\t\t\t\t\t\t\t\t\t<img decoding=\"async\" width=\"750\" height=\"750\" src=\"https:\/\/www.qualitester.com\/wp-content\/uploads\/2023\/04\/Tensile-Tester-TST-01-Right-view-1.jpg\" class=\"attachment-large size-large wp-image-1835\" alt=\"\" srcset=\"https:\/\/www.qualitester.com\/wp-content\/uploads\/2023\/04\/Tensile-Tester-TST-01-Right-view-1.jpg 750w, https:\/\/www.qualitester.com\/wp-content\/uploads\/2023\/04\/Tensile-Tester-TST-01-Right-view-1-300x300.jpg 300w, https:\/\/www.qualitester.com\/wp-content\/uploads\/2023\/04\/Tensile-Tester-TST-01-Right-view-1-150x150.jpg 150w, https:\/\/www.qualitester.com\/wp-content\/uploads\/2023\/04\/Tensile-Tester-TST-01-Right-view-1-600x600.jpg 600w, https:\/\/www.qualitester.com\/wp-content\/uploads\/2023\/04\/Tensile-Tester-TST-01-Right-view-1-100x100.jpg 100w\" sizes=\"(max-width: 750px) 100vw, 750px\" \/>\t\t\t\t\t\t\t\t\t\t\t\t\t<\/div>\n\t\t\t\t<\/div>\n\t\t\t\t<\/div>\n\t\t<div class=\"elementor-element elementor-element-e22b72e e-con-full e-flex e-con e-parent\" data-id=\"e22b72e\" data-element_type=\"container\">\n\t\t\t\t<div class=\"elementor-element elementor-element-6c8b5ed elementor-widget elementor-widget-text-editor\" data-id=\"6c8b5ed\" data-element_type=\"widget\" data-widget_type=\"text-editor.default\">\n\t\t\t\t<div class=\"elementor-widget-container\">\n\t\t\t\t\t\t\t<h6><strong>W\u0142a\u015bciwo\u015bci techniczne<\/strong><\/h6><p><em>Jest to urz\u0105dzenie sterowane za pomoc\u0105 sterownika PLC (stabilny poziom przemys\u0142owy) i obs\u0142ugiwane za pomoc\u0105 ekranu dotykowego HMI. Precyzyjny mechanizm \u015bruby poci\u0105gowej zapewnia dobr\u0105 i sta\u0142\u0105 kontrol\u0119 pr\u0119dko\u015bci i przemieszczenia. Specjalnie zaprojektowany program mo\u017ce by\u0107 u\u017cywany do testowania zerwania, napr\u0119\u017cenia, wyd\u0142u\u017cenia, wytrzyma\u0142o\u015bci uszczelnienia, odrywania pod k\u0105tem 90 \u00b0, odrywania pod k\u0105tem 180 \u00b0, rozdarcia.<\/em><\/p><ul><li><em>7-calowy ekran dotykowy TFT<\/em><\/li><li><em>Sterowanie PLC<\/em><\/li><li><em>Precyzyjna \u015bruba poci\u0105gowa z kulk\u0105<\/em><\/li><li><em>Regulowana pr\u0119dko\u015b\u0107 testu.<\/em><\/li><li><em>Dost\u0119pnych jest wiele urz\u0105dze\u0144<\/em><\/li><li><em>Urz\u0105dzenie ograniczaj\u0105ce i funkcja automatycznego powrotu<\/em><\/li><li><em>Dost\u0119pnych jest wiele element\u00f3w testu.<\/em><\/li><li><em>Mikrodrukarka (opcjonalnie)<\/em><\/li><\/ul>\t\t\t\t\t\t<\/div>\n\t\t\t\t<\/div>\n\t\t\t\t<\/div>\n\t\t\t\t\t<\/div>\n\t\t\t\t<\/div>\n\t\t<div class=\"elementor-element elementor-element-4073f05 e-flex e-con-boxed e-con e-parent\" data-id=\"4073f05\" data-element_type=\"container\">\n\t\t\t\t\t<div class=\"e-con-inner\">\n\t\t<div class=\"elementor-element elementor-element-77bd3e1 e-con-full e-flex e-con e-parent\" data-id=\"77bd3e1\" data-element_type=\"container\">\n\t\t\t\t<div class=\"elementor-element elementor-element-46e0f29 elementor-widget elementor-widget-image\" data-id=\"46e0f29\" data-element_type=\"widget\" data-widget_type=\"image.default\">\n\t\t\t\t<div class=\"elementor-widget-container\">\n\t\t\t\t\t\t\t\t\t\t\t\t\t<img decoding=\"async\" width=\"750\" height=\"750\" src=\"https:\/\/www.qualitester.com\/wp-content\/uploads\/2023\/04\/Tensile-Tester-TST-01.jpg\" class=\"attachment-large size-large wp-image-1836\" alt=\"\" srcset=\"https:\/\/www.qualitester.com\/wp-content\/uploads\/2023\/04\/Tensile-Tester-TST-01.jpg 750w, https:\/\/www.qualitester.com\/wp-content\/uploads\/2023\/04\/Tensile-Tester-TST-01-300x300.jpg 300w, https:\/\/www.qualitester.com\/wp-content\/uploads\/2023\/04\/Tensile-Tester-TST-01-150x150.jpg 150w, https:\/\/www.qualitester.com\/wp-content\/uploads\/2023\/04\/Tensile-Tester-TST-01-600x600.jpg 600w, https:\/\/www.qualitester.com\/wp-content\/uploads\/2023\/04\/Tensile-Tester-TST-01-100x100.jpg 100w\" sizes=\"(max-width: 750px) 100vw, 750px\" \/>\t\t\t\t\t\t\t\t\t\t\t\t\t<\/div>\n\t\t\t\t<\/div>\n\t\t\t\t<\/div>\n\t\t<div class=\"elementor-element elementor-element-ed0ba5b e-con-full e-flex e-con e-parent\" data-id=\"ed0ba5b\" data-element_type=\"container\">\n\t\t\t\t<div class=\"elementor-element elementor-element-b17c770 elementor-widget elementor-widget-text-editor\" data-id=\"b17c770\" data-element_type=\"widget\" data-widget_type=\"text-editor.default\">\n\t\t\t\t<div class=\"elementor-widget-container\">\n\t\t\t\t\t\t\t<h6><strong>G\u0142\u00f3wne parametry<\/strong><\/h6>\n<p><em><span style=\"font-weight: inherit; text-align: var(--text-align); background-color: var(--ast-global-color-4); color: var(--ast-global-color-3);\">Zakres testowy 0-500N (standardowy, 50N, 100N, 200N s\u0105 opcjonalne)<\/span><\/em><\/p>\n<p><em>Skok 800 mm (dost\u0119pne inne skoki)<\/em><\/p>\n<p><em>Pr\u0119dko\u015b\u0107 testowa 1~500 mm\/min<\/em><\/p>\n<p><em>Dok\u0142adno\u015b\u0107 przemieszczenia 0,01 mm<\/em><\/p>\n<p><em>Dok\u0142adno\u015b\u0107 0,5% F.S.<\/em><\/p>\n<p><em>Szeroko\u015b\u0107 pr\u00f3bki 27 mm (inne opcjonalne)<\/em><\/p>\n<p><em>Sterowanie PLC i interfejs cz\u0142owiek-maszyna<\/em><\/p>\n<p><em>Ekran wyj\u015bcia danych, mikrodrukarka (opcjonalnie), RS232 (opcjonalnie)<\/em><\/p>\n<h6><strong>G\u0142\u00f3wne standardy<\/strong><\/h6>\n<p><em>ISO 37, ASTM D882, ASTM E4, ASTM D3330, ASTM F904, ASTM F88, ASTM D1938, JIS P8113<\/em><\/p>\t\t\t\t\t\t<\/div>\n\t\t\t\t<\/div>\n\t\t\t\t<\/div>\n\t\t\t\t\t<\/div>\n\t\t\t\t<\/div>\n\t\t<div class=\"elementor-element elementor-element-ade120c e-flex e-con-boxed e-con e-parent\" data-id=\"ade120c\" data-element_type=\"container\">\n\t\t\t\t\t<div class=\"e-con-inner\">\n\t\t\t\t<div class=\"elementor-element elementor-element-463c365 elementor-widget elementor-widget-wpforms\" data-id=\"463c365\" data-element_type=\"widget\" data-widget_type=\"wpforms.default\">\n\t\t\t\t<div class=\"elementor-widget-container\">\n\t\t\t<div class=\"wpforms-container\" id=\"wpforms-11\"><form id=\"wpforms-form-11\" class=\"wpforms-validate wpforms-form wpforms-ajax-form\" data-formid=\"11\" method=\"post\" enctype=\"multipart\/form-data\" action=\"\/pl\/wp-json\/wp\/v2\/product\/2429\" data-token=\"9d24770f1d10a347f14497a8d468f002\" data-trp-original-action=\"\/pl\/wp-json\/wp\/v2\/product\/2429\"><noscript class=\"wpforms-error-noscript\">Aby wype\u0142ni\u0107 ten formularz, w\u0142\u0105cz obs\u0142ug\u0119 JavaScript w przegl\u0105darce.<\/noscript><div class=\"wpforms-field-container\"><div id=\"wpforms-11-field_1-container\" class=\"wpforms-field wpforms-field-text\" data-field-id=\"1\"><label class=\"wpforms-field-label\" for=\"wpforms-11-field_1\">Nazwa <span class=\"wpforms-required-label\">*<\/span><\/label><input type=\"text\" id=\"wpforms-11-field_1\" class=\"wpforms-field-medium wpforms-field-required\" name=\"wpforms[fields][1]\" placeholder=\"Nazwa\" required><\/div><div id=\"wpforms-11-field_5-container\" class=\"wpforms-field wpforms-field-text\" data-field-id=\"5\"><label class=\"wpforms-field-label\" for=\"wpforms-11-field_5\">Firma<\/label><input type=\"text\" id=\"wpforms-11-field_5\" class=\"wpforms-field-medium\" name=\"wpforms[fields][5]\" ><\/div><div id=\"wpforms-11-field_4-container\" class=\"wpforms-field wpforms-field-number\" data-field-id=\"4\"><label class=\"wpforms-field-label\" for=\"wpforms-11-field_4\">Telefon<\/label><input type=\"number\" pattern=\"\\d*\" id=\"wpforms-11-field_4\" class=\"wpforms-field-medium\" name=\"wpforms[fields][4]\" placeholder=\"Telefon\" ><\/div><div id=\"wpforms-11-field_3-container\" class=\"wpforms-field wpforms-field-email\" data-field-id=\"3\"><label class=\"wpforms-field-label\" for=\"wpforms-11-field_3\">E-mail <span class=\"wpforms-required-label\">*<\/span><\/label><input type=\"email\" id=\"wpforms-11-field_3\" class=\"wpforms-field-medium wpforms-field-required\" name=\"wpforms[fields][3]\" placeholder=\"E-mail\" spellcheck=\"false\" required><\/div><div id=\"wpforms-11-field_2-container\" class=\"wpforms-field wpforms-field-textarea\" data-field-id=\"2\"><label class=\"wpforms-field-label\" for=\"wpforms-11-field_2\">Wiadomo\u015b\u0107<\/label><textarea id=\"wpforms-11-field_2\" class=\"wpforms-field-large\" name=\"wpforms[fields][2]\" ><\/textarea><\/div><\/div><!-- .wpforms-field-container --><input type=\"hidden\" name=\"wpforms[recaptcha]\" value=\"\"><div class=\"wpforms-submit-container\" ><input type=\"hidden\" name=\"wpforms[id]\" value=\"11\"><input type=\"hidden\" name=\"wpforms[author]\" value=\"3\"><button type=\"submit\" name=\"wpforms[submit]\" id=\"wpforms-submit-11\" class=\"wpforms-submit\" data-alt-text=\"Submitting\" data-submit-text=\"Submit\" aria-live=\"assertive\" value=\"wpforms-submit\">Prze\u015blij<\/button><img loading=\"lazy\" decoding=\"async\" src=\"https:\/\/www.qualitester.com\/wp-content\/plugins\/wpforms-lite\/assets\/images\/submit-spin.svg\" class=\"wpforms-submit-spinner\" style=\"display: none;\" width=\"26\" height=\"26\" alt=\"Wczytywanie\"><\/div><input type=\"hidden\" name=\"trp-form-language\" value=\"pl\"\/><\/form><\/div>  <!-- .wpforms-container -->\t\t<\/div>\n\t\t\t\t<\/div>\n\t\t\t\t\t<\/div>\n\t\t\t\t<\/div>\n\t\t\t\t<\/div>","protected":false},"excerpt":{"rendered":"<p>TST-01 mo\u017ce by\u0107 u\u017cywany do pomiaru r\u00f3\u017cnych w\u0142a\u015bciwo\u015bci fizycznych i mechanicznych materia\u0142\u00f3w.<\/p>","protected":false},"featured_media":1833,"comment_status":"closed","ping_status":"closed","template":"","meta":{"site-sidebar-layout":"default","site-content-layout":"default","ast-global-header-display":"","ast-main-header-display":"","ast-hfb-above-header-display":"","ast-hfb-below-header-display":"","ast-hfb-mobile-header-display":"","site-post-title":"disabled","ast-breadcrumbs-content":"","ast-featured-img":"disabled","footer-sml-layout":"","theme-transparent-header-meta":"default","adv-header-id-meta":"","stick-header-meta":"","header-above-stick-meta":"","header-main-stick-meta":"","header-below-stick-meta":""},"product_cat":[17,44,149,16,99,122,126,110,139,145,146],"product_tag":[25,26,27,28,29,30,387,388,187,35,389,186],"class_list":{"0":"post-2429","1":"product","2":"type-product","3":"status-publish","4":"has-post-thumbnail","6":"product_cat-package-container-testers","7":"product_cat-paper-and-board-testers","8":"product_cat-pharma-and-medical-testers","9":"product_cat-plastic-packaging-testers","10":"product_cat-astm","11":"product_cat-astm-d1938","12":"product_cat-astm-d3330","13":"product_cat-astm-d882","14":"product_cat-astm-e4","15":"product_cat-astm-f88","16":"product_cat-astm-f904","17":"product_tag-astm-d1938","18":"product_tag-astm-d3330","19":"product_tag-astm-d882","20":"product_tag-astm-e4","21":"product_tag-astm-f88","22":"product_tag-astm-f904","23":"product_tag-iso-37","24":"product_tag-jis-p8113","25":"product_tag-physical-properties","26":"product_tag-tensile","27":"product_tag-tensile-strength","28":"product_tag-universal-testing-machine","29":"desktop-align-left","30":"tablet-align-left","31":"mobile-align-left","33":"first","34":"instock","35":"shipping-taxable","36":"product-type-simple"},"_links":{"self":[{"href":"https:\/\/www.qualitester.com\/pl\/wp-json\/wp\/v2\/product\/2429","targetHints":{"allow":["GET"]}}],"collection":[{"href":"https:\/\/www.qualitester.com\/pl\/wp-json\/wp\/v2\/product"}],"about":[{"href":"https:\/\/www.qualitester.com\/pl\/wp-json\/wp\/v2\/types\/product"}],"replies":[{"embeddable":true,"href":"https:\/\/www.qualitester.com\/pl\/wp-json\/wp\/v2\/comments?post=2429"}],"version-history":[{"count":0,"href":"https:\/\/www.qualitester.com\/pl\/wp-json\/wp\/v2\/product\/2429\/revisions"}],"wp:featuredmedia":[{"embeddable":true,"href":"https:\/\/www.qualitester.com\/pl\/wp-json\/wp\/v2\/media\/1833"}],"wp:attachment":[{"href":"https:\/\/www.qualitester.com\/pl\/wp-json\/wp\/v2\/media?parent=2429"}],"wp:term":[{"taxonomy":"product_cat","embeddable":true,"href":"https:\/\/www.qualitester.com\/pl\/wp-json\/wp\/v2\/product_cat?post=2429"},{"taxonomy":"product_tag","embeddable":true,"href":"https:\/\/www.qualitester.com\/pl\/wp-json\/wp\/v2\/product_tag?post=2429"}],"curies":[{"name":"wp","href":"https:\/\/api.w.org\/{rel}","templated":true}]}}