{"id":2316,"date":"2023-05-31T11:09:30","date_gmt":"2023-05-31T03:09:30","guid":{"rendered":"https:\/\/www.qualitester.com\/?post_type=product&#038;p=2316"},"modified":"2024-12-05T15:56:17","modified_gmt":"2024-12-05T07:56:17","slug":"tst-01-tensile-tester","status":"publish","type":"product","link":"https:\/\/www.qualitester.com\/pl\/produkt-2\/tst-01-tensile-tester\/","title":{"rendered":"Tester rozci\u0105gania TST-01"},"content":{"rendered":"<p><img fetchpriority=\"high\" decoding=\"async\" src=\"https:\/\/www.qualitester.com\/wp-content\/uploads\/2023\/04\/Tensile-Tester-TST-01-Front-view-1.jpg\" sizes=\"(max-width: 750px) 100vw, 750px\" srcset=\"https:\/\/www.qualitester.com\/wp-content\/uploads\/2023\/04\/Tensile-Tester-TST-01-Front-view-1.jpg 750w, https:\/\/www.qualitester.com\/wp-content\/uploads\/2023\/04\/Tensile-Tester-TST-01-Front-view-1-300x300.jpg 300w, https:\/\/www.qualitester.com\/wp-content\/uploads\/2023\/04\/Tensile-Tester-TST-01-Front-view-1-150x150.jpg 150w, https:\/\/www.qualitester.com\/wp-content\/uploads\/2023\/04\/Tensile-Tester-TST-01-Front-view-1-600x600.jpg 600w, https:\/\/www.qualitester.com\/wp-content\/uploads\/2023\/04\/Tensile-Tester-TST-01-Front-view-1-100x100.jpg 100w\" alt=\"\" width=\"750\" height=\"750\" \/><\/p>\n<h6><strong>Zastosowanie<\/strong><\/h6>\n<p>Tester rozci\u0105gania TST-01 mo\u017ce by\u0107 u\u017cywany do pomiaru rozci\u0105gania, odrywania, odkszta\u0142cania, rozrywania, zgrzewania, klejenia, si\u0142y przebicia, si\u0142y otwierania i innych parametr\u00f3w folii z tworzyw sztucznych (wymaga r\u00f3\u017cnych zacisk\u00f3w lub uchwyt\u00f3w), materia\u0142\u00f3w kompozytowych, mi\u0119kkich materia\u0142\u00f3w opakowaniowych, elastycznych rur z tworzyw sztucznych, klej\u00f3w, ta\u015bmy klej\u0105cej, naklejek na etykiety, plastr\u00f3w medycznych, papieru antyadhezyjnego, folii ochronnych, po\u0142\u0105czonych nasadek, folii aluminiowej, membrany, arkuszy tylnych, w\u0142\u00f3knin, gumy, papieru itp.<\/p>\n<p><img decoding=\"async\" src=\"https:\/\/www.qualitester.com\/wp-content\/uploads\/2023\/04\/Tensile-Tester-TST-01-Right-view-1.jpg\" sizes=\"(max-width: 750px) 100vw, 750px\" srcset=\"https:\/\/www.qualitester.com\/wp-content\/uploads\/2023\/04\/Tensile-Tester-TST-01-Right-view-1.jpg 750w, https:\/\/www.qualitester.com\/wp-content\/uploads\/2023\/04\/Tensile-Tester-TST-01-Right-view-1-300x300.jpg 300w, https:\/\/www.qualitester.com\/wp-content\/uploads\/2023\/04\/Tensile-Tester-TST-01-Right-view-1-150x150.jpg 150w, https:\/\/www.qualitester.com\/wp-content\/uploads\/2023\/04\/Tensile-Tester-TST-01-Right-view-1-600x600.jpg 600w, https:\/\/www.qualitester.com\/wp-content\/uploads\/2023\/04\/Tensile-Tester-TST-01-Right-view-1-100x100.jpg 100w\" alt=\"\" width=\"750\" height=\"750\" \/><\/p>\n<h6><strong>W\u0142a\u015bciwo\u015bci techniczne<\/strong><\/h6>\n<p>Jest to urz\u0105dzenie sterowane za pomoc\u0105 sterownika PLC (stabilny poziom przemys\u0142owy) i obs\u0142ugiwane za pomoc\u0105 ekranu dotykowego HMI. Precyzyjny mechanizm \u015bruby poci\u0105gowej zapewnia dobr\u0105 i sta\u0142\u0105 kontrol\u0119 pr\u0119dko\u015bci i przemieszczenia. Specjalnie zaprojektowany program mo\u017ce by\u0107 u\u017cywany do testowania zerwania, napr\u0119\u017cenia, wyd\u0142u\u017cenia, wytrzyma\u0142o\u015bci uszczelnienia, odrywania pod k\u0105tem 90 \u00b0, odrywania pod k\u0105tem 180 \u00b0, rozdarcia.<\/p>\n<ul>\n<li>7-calowy ekran dotykowy TFT<\/li>\n<li>Sterowanie PLC<\/li>\n<li>Precyzyjna \u015bruba poci\u0105gowa z kulk\u0105<\/li>\n<li>Regulowana pr\u0119dko\u015b\u0107 testu.<\/li>\n<li>Dost\u0119pnych jest wiele urz\u0105dze\u0144<\/li>\n<li>Urz\u0105dzenie ograniczaj\u0105ce i funkcja automatycznego powrotu<\/li>\n<li>Dost\u0119pnych jest wiele element\u00f3w testu.<\/li>\n<li>Mikrodrukarka (opcjonalnie)<\/li>\n<\/ul>\n<p><img decoding=\"async\" src=\"https:\/\/www.qualitester.com\/wp-content\/uploads\/2023\/04\/Tensile-Tester-TST-01.jpg\" sizes=\"(max-width: 750px) 100vw, 750px\" srcset=\"https:\/\/www.qualitester.com\/wp-content\/uploads\/2023\/04\/Tensile-Tester-TST-01.jpg 750w, https:\/\/www.qualitester.com\/wp-content\/uploads\/2023\/04\/Tensile-Tester-TST-01-300x300.jpg 300w, https:\/\/www.qualitester.com\/wp-content\/uploads\/2023\/04\/Tensile-Tester-TST-01-150x150.jpg 150w, https:\/\/www.qualitester.com\/wp-content\/uploads\/2023\/04\/Tensile-Tester-TST-01-600x600.jpg 600w, https:\/\/www.qualitester.com\/wp-content\/uploads\/2023\/04\/Tensile-Tester-TST-01-100x100.jpg 100w\" alt=\"\" width=\"750\" height=\"750\" \/><\/p>\n<h6><strong>G\u0142\u00f3wne parametry<\/strong><\/h6>\n<p>Test Range\u00a0 \u00a0 \u00a0 \u00a0 \u00a0 \u00a0 \u00a0 \u00a0 \u00a0 \u00a0 \u00a0 \u00a0 \u00a0 \u00a00-500N (Standard, 50N,100N,200N are optional)<\/p>\n<p>Stroke\u00a0 \u00a0 \u00a0 \u00a0 \u00a0 \u00a0 \u00a0 \u00a0 \u00a0 \u00a0 \u00a0 \u00a0 \u00a0 \u00a0 \u00a0 \u00a0 \u00a0 \u00a0 800mm (other strokes available)<\/p>\n<p>Test Speed\u00a0 \u00a0 \u00a0 \u00a0 \u00a0 \u00a0 \u00a0 \u00a0 \u00a0 \u00a0 \u00a0 \u00a0 \u00a0 \u00a0 1~500mm\/min<\/p>\n<p>Displacement Accuracy\u00a0 \u00a00.01mm<\/p>\n<p>Accuracy\u00a0 \u00a0 \u00a0 \u00a0 \u00a0 \u00a0 \u00a0 \u00a0 \u00a0 \u00a0 \u00a0 \u00a0 \u00a0 \u00a0 \u00a0 0.5% F.S.<\/p>\n<p>Sample Width\u00a0 \u00a0 \u00a0 \u00a0 \u00a0 \u00a0 \u00a0 \u00a0 \u00a0 \u00a0 \u00a0 27mm (other optional)<\/p>\n<p>Control\u00a0 \u00a0 \u00a0 \u00a0 \u00a0 \u00a0 \u00a0 \u00a0 \u00a0 \u00a0 \u00a0 \u00a0 \u00a0 \u00a0 \u00a0 \u00a0 \u00a0 \u00a0PLC and human machine interface<\/p>\n<p>Data Output\u00a0 \u00a0 \u00a0 \u00a0 \u00a0 \u00a0 \u00a0 \u00a0 \u00a0 \u00a0 \u00a0 \u00a0 \u00a0Screen, Microprinter (optional), RS232(optional)<\/p>\n<h6><strong>G\u0142\u00f3wne standardy<\/strong><\/h6>\n<p>ISO 37, ASTM D882, ASTM E4, ASTM D3330, ASTM F904, ASTM F88, ASTM D1938, JIS P8113<\/p>","protected":false},"excerpt":{"rendered":"<p>TST-01 mo\u017ce by\u0107 u\u017cywany do pomiaru r\u00f3\u017cnych w\u0142a\u015bciwo\u015bci fizycznych i mechanicznych materia\u0142\u00f3w.<\/p>","protected":false},"featured_media":6313,"comment_status":"closed","ping_status":"closed","template":"","meta":{"site-sidebar-layout":"default","site-content-layout":"default","ast-global-header-display":"","ast-main-header-display":"","ast-hfb-above-header-display":"","ast-hfb-below-header-display":"","ast-hfb-mobile-header-display":"","site-post-title":"disabled","ast-breadcrumbs-content":"","ast-featured-img":"disabled","footer-sml-layout":"","theme-transparent-header-meta":"default","adv-header-id-meta":"","stick-header-meta":"","header-above-stick-meta":"","header-main-stick-meta":"","header-below-stick-meta":""},"product_cat":[945,944,933,845,934,965,954,958,938,674,681,682,680,679,672,673,17,44,149,16,99,122,126,110,139,145,146,100,161,95],"product_tag":[],"class_list":{"0":"post-2316","1":"product","2":"type-product","3":"status-publish","4":"has-post-thumbnail","6":"product_cat-180-peeling-tester","7":"product_cat-90-peeling-tester","8":"product_cat-ampoule-breaking-tester","9":"product_cat-customization","10":"product_cat-medical-packaging-tester","11":"product_cat-package-compression-tester","12":"product_cat-paper-tear-tester","13":"product_cat-puncture-tester","14":"product_cat-textile-tester","15":"product_cat-test-items","16":"product_cat-peel-tester","17":"product_cat-protrusion-tester","18":"product_cat-tear-tester","19":"product_cat-tensile-tester","20":"product_cat-applied-materials","21":"product_cat-adhesive-tester","22":"product_cat-package-container-testers","23":"product_cat-paper-and-board-testers","24":"product_cat-pharma-and-medical-testers","25":"product_cat-plastic-packaging-testers","26":"product_cat-astm","27":"product_cat-astm-d1938","28":"product_cat-astm-d3330","29":"product_cat-astm-d882","30":"product_cat-astm-e4","31":"product_cat-astm-f88","32":"product_cat-astm-f904","33":"product_cat-iso","34":"product_cat-iso-37","35":"product_cat-products","36":"desktop-align-left","37":"tablet-align-left","38":"mobile-align-left","40":"first","41":"instock","42":"shipping-taxable","43":"product-type-simple"},"_links":{"self":[{"href":"https:\/\/www.qualitester.com\/pl\/wp-json\/wp\/v2\/product\/2316","targetHints":{"allow":["GET"]}}],"collection":[{"href":"https:\/\/www.qualitester.com\/pl\/wp-json\/wp\/v2\/product"}],"about":[{"href":"https:\/\/www.qualitester.com\/pl\/wp-json\/wp\/v2\/types\/product"}],"replies":[{"embeddable":true,"href":"https:\/\/www.qualitester.com\/pl\/wp-json\/wp\/v2\/comments?post=2316"}],"version-history":[{"count":0,"href":"https:\/\/www.qualitester.com\/pl\/wp-json\/wp\/v2\/product\/2316\/revisions"}],"wp:featuredmedia":[{"embeddable":true,"href":"https:\/\/www.qualitester.com\/pl\/wp-json\/wp\/v2\/media\/6313"}],"wp:attachment":[{"href":"https:\/\/www.qualitester.com\/pl\/wp-json\/wp\/v2\/media?parent=2316"}],"wp:term":[{"taxonomy":"product_cat","embeddable":true,"href":"https:\/\/www.qualitester.com\/pl\/wp-json\/wp\/v2\/product_cat?post=2316"},{"taxonomy":"product_tag","embeddable":true,"href":"https:\/\/www.qualitester.com\/pl\/wp-json\/wp\/v2\/product_tag?post=2316"}],"curies":[{"name":"wp","href":"https:\/\/api.w.org\/{rel}","templated":true}]}}