{"id":1799,"date":"2023-04-27T07:55:53","date_gmt":"2023-04-26T23:55:53","guid":{"rendered":"https:\/\/www.qualitester.com\/?post_type=product&#038;p=1799"},"modified":"2024-12-04T14:39:32","modified_gmt":"2024-12-04T06:39:32","slug":"stretch-film-peel-cling-tester-spc-01","status":"publish","type":"product","link":"https:\/\/www.qualitester.com\/pl\/produkt-2\/stretch-film-peel-cling-tester-spc-01\/","title":{"rendered":"SPC-01 Tester odklejania folii stretch"},"content":{"rendered":"<h2>Wprowadzenie do testera peelingu<\/h2>\n<p>ASTM D5458 Peel Cling Tester mierzy przyleganie mi\u0119dzy dwiema warstwami folii i pomaga okre\u015bli\u0107 w\u0142a\u015bciwo\u015bci materia\u0142u do owijania foli\u0105 stretch. W dziedzinie materia\u0142\u00f3w opakowaniowych zapewnienie bezpiecze\u0144stwa i stabilno\u015bci produktu ma ogromne znaczenie w r\u00f3\u017cnych bran\u017cach. W\u015br\u00f3d tych materia\u0142\u00f3w folia stretch, znana r\u00f3wnie\u017c jako folia spo\u017cywcza, odgrywa kluczow\u0105 rol\u0119 w bezpiecznym wi\u0105zaniu i ochronie towar\u00f3w podczas transportu i przechowywania. Ocena jako\u015bci przylegania folii stretch jest niezb\u0119dna do oceny jej si\u0142y przylegania i og\u00f3lnej wydajno\u015bci.<\/p>\n<p><img fetchpriority=\"high\" decoding=\"async\" class=\"wp-image-4157 size-woocommerce_single aligncenter\" src=\"https:\/\/www.qualitester.com\/wp-content\/uploads\/2023\/04\/stretch-film-peel-cling-testser-600x600.jpg\" alt=\"tester odrywania folii samoprzylepnej z tworzywa sztucznego wg astm d5458\" width=\"600\" height=\"600\" srcset=\"https:\/\/www.qualitester.com\/wp-content\/uploads\/2023\/04\/stretch-film-peel-cling-testser-600x600.jpg 600w, https:\/\/www.qualitester.com\/wp-content\/uploads\/2023\/04\/stretch-film-peel-cling-testser-300x300.jpg 300w, https:\/\/www.qualitester.com\/wp-content\/uploads\/2023\/04\/stretch-film-peel-cling-testser-150x150.jpg 150w, https:\/\/www.qualitester.com\/wp-content\/uploads\/2023\/04\/stretch-film-peel-cling-testser-100x100.jpg 100w, https:\/\/www.qualitester.com\/wp-content\/uploads\/2023\/04\/stretch-film-peel-cling-testser.jpg 750w\" sizes=\"(max-width: 600px) 100vw, 600px\" \/><\/p>\n<h2>Dlaczego testy Peel Cling s\u0105 wa\u017cne?<\/h2>\n<p>Testy odklejania maj\u0105 kluczowe znaczenie dla folii stretch, poniewa\u017c oceniaj\u0105 zdolno\u015b\u0107 folii do przylegania do siebie i utrzymania integralno\u015bci owini\u0119tych towar\u00f3w.<\/p>\n<h3>Stabilno\u015b\u0107 obci\u0105\u017cenia<\/h3>\n<p>Podstawow\u0105 funkcj\u0105 folii stretch jest stabilizacja \u0142adunk\u00f3w podczas transportu i przechowywania. Je\u015bli folia nie przylega odpowiednio do siebie, mo\u017ce to prowadzi\u0107 do przesuni\u0119cia \u0142adunku, co mo\u017ce spowodowa\u0107 uszkodzenie towar\u00f3w, a nawet wypadki podczas transportu.<\/p>\n<h3>Ochrona produktu<\/h3>\n<p>Odpowiednie przyleganie zapewnia, \u017ce owini\u0119te towary s\u0105 bezpiecznie trzymane razem, chroni\u0105c je przed kurzem, wilgoci\u0105 i innymi czynnikami zewn\u0119trznymi, kt\u00f3re mog\u0142yby je potencjalnie uszkodzi\u0107 lub zanieczy\u015bci\u0107.<\/p>\n<h3>Wydajna obs\u0142uga<\/h3>\n<p>Folia stretch o dobrych w\u0142a\u015bciwo\u015bciach przylegania u\u0142atwia obs\u0142ug\u0119 i transport \u0142adunk\u00f3w na paletach, zmniejszaj\u0105c ryzyko po\u015blizgu lub rozdzielenia podczas przenoszenia.<\/p>\n<h3>Oszcz\u0119dno\u015b\u0107 koszt\u00f3w<\/h3>\n<p>Skuteczne w\u0142a\u015bciwo\u015bci przylegania oznaczaj\u0105, \u017ce do bezpiecznego owini\u0119cia \u0142adunku potrzeba mniej folii. Nie tylko zmniejsza to koszty materia\u0142\u00f3w, ale tak\u017ce minimalizuje wp\u0142yw na \u015brodowisko zwi\u0105zany z nadmiarem opakowa\u0144.<\/p>\n<h3>Zadowolenie klienta<\/h3>\n<p>Zapewnienie, \u017ce produkty dotr\u0105 do miejsca przeznaczenia w stanie nienaruszonym i nieuszkodzonym ma kluczowe znaczenie dla zadowolenia klient\u00f3w. W\u0142a\u015bciwe testowanie przyczepno\u015bci pomaga producentom utrzyma\u0107 jako\u015b\u0107 ich produkt\u00f3w w ca\u0142ym \u0142a\u0144cuchu dostaw.<\/p>\n<p><img decoding=\"async\" class=\"wp-image-4156 size-woocommerce_single aligncenter\" src=\"https:\/\/www.qualitester.com\/wp-content\/uploads\/2023\/04\/astm-d5458-peel-cling-testing-machine-for-sale-600x600.jpg\" alt=\"tester odrywania folii samoprzylepnej z tworzywa sztucznego wg astm d5458\" width=\"600\" height=\"600\" srcset=\"https:\/\/www.qualitester.com\/wp-content\/uploads\/2023\/04\/astm-d5458-peel-cling-testing-machine-for-sale-600x600.jpg 600w, https:\/\/www.qualitester.com\/wp-content\/uploads\/2023\/04\/astm-d5458-peel-cling-testing-machine-for-sale-300x300.jpg 300w, https:\/\/www.qualitester.com\/wp-content\/uploads\/2023\/04\/astm-d5458-peel-cling-testing-machine-for-sale-150x150.jpg 150w, https:\/\/www.qualitester.com\/wp-content\/uploads\/2023\/04\/astm-d5458-peel-cling-testing-machine-for-sale-100x100.jpg 100w, https:\/\/www.qualitester.com\/wp-content\/uploads\/2023\/04\/astm-d5458-peel-cling-testing-machine-for-sale.jpg 750w\" sizes=\"(max-width: 600px) 100vw, 600px\" \/><\/p>\n<h2>Zastosowanie testu Peel Cling w testowaniu materia\u0142\u00f3w<\/h2>\n<p>Tester Peel Cling s\u0142u\u017cy jako istotne narz\u0119dzie do oceny si\u0142y przyczepno\u015bci mi\u0119dzy dwiema warstwami folii stretch. Zapewniaj\u0105c precyzyjne pomiary, tester ten znacz\u0105co przyczynia si\u0119 do poprawy jako\u015bci i bezpiecze\u0144stwa produkt\u00f3w w r\u00f3\u017cnych sektorach, w tym opakowaniowym, spo\u017cywczym, medycznym i innych.<\/p>\n<h2>Zgodno\u015b\u0107 z normami<\/h2>\n<ul>\n<li>The <a title=\"Tester przyczepno\u015bci ASTM D5458\" href=\"https:\/\/www.astm.org\/d5458-95r20.html\" target=\"_blank\" rel=\"noopener nofollow\"><span style=\"color: #3366ff;\"><strong>ASTM D5458<\/strong><\/span><\/a> Standard Test Method for Stretch Wrap Peel Cling oferuje znormalizowane podej\u015bcie do ilo\u015bciowego okre\u015blenia si\u0142y adhezji mi\u0119dzy warstwami folii. Metoda ta pomaga w okre\u015bleniu najwy\u017cszej warstwy adhezyjnej, zar\u00f3wno zewn\u0119trznej, jak i wewn\u0119trznej.<\/li>\n<\/ul>\n<h2>W\u0142a\u015bciwo\u015bci techniczne Peel Cling Tester<\/h2>\n<ol>\n<li>Przyjazny dla u\u017cytkownika interfejs: 7-calowy ekran dotykowy TFT zapewnia \u0142atw\u0105 obs\u0142ug\u0119 i interakcj\u0119.<\/li>\n<li>Niezawodna wydajno\u015b\u0107: Wewn\u0119trzny sterownik PLC gwarantuje sta\u0142\u0105 i niezawodn\u0105 wydajno\u015b\u0107.<\/li>\n<li>Precyzja i dok\u0142adno\u015b\u0107: Wykorzystuje precyzyjny mechanizm \u015bruby kulowej do dok\u0142adnych pomiar\u00f3w pr\u0119dko\u015bci i przemieszczenia.<\/li>\n<li>Regulowana pr\u0119dko\u015b\u0107 testu: Umo\u017cliwia elastyczne dostosowanie parametr\u00f3w testu do okre\u015blonych wymaga\u0144 testowych.<\/li>\n<li>Zminimalizowane zak\u0142\u00f3cenia: R\u00f3\u017cne po\u0142\u0105czenia czujnik\u00f3w wagowych eliminuj\u0105 zak\u0142\u00f3cenia zwykle powodowane przez tarcie i grawitacj\u0119, zapewniaj\u0105c dok\u0142adne wyniki.<\/li>\n<li>Zwi\u0119kszona funkcjonalno\u015b\u0107: Wyposa\u017cony w urz\u0105dzenie ograniczaj\u0105ce i funkcj\u0119 automatycznego powrotu dla dodatkowej wygody.<\/li>\n<li>Wy\u015bwietlanie danych w czasie rzeczywistym: Zapewnia wy\u015bwietlanie krzywych testowych w czasie rzeczywistym i rejestruje warto\u015bci szczytowe do analizy.<\/li>\n<li>Wszechstronne zastosowanie: Obs\u0142uguje wsp\u00f3\u0142czynniki wyd\u0142u\u017cenia 50%, 100% i 200%, zaspokajaj\u0105c szeroki zakres potrzeb testowych.<\/li>\n<li>Dokumentacja: Zawiera wbudowan\u0105 mikrodrukark\u0119 do wygodnego dokumentowania wynik\u00f3w test\u00f3w.<\/li>\n<li>Funkcje opcjonalne: Oferuje opcj\u0119 dodania funkcji wsp\u00f3\u0142czynnika tarcia dla wszechstronnych mo\u017cliwo\u015bci testowania.<\/li>\n<\/ol>\n<p>Jako\u015b\u0107 przylegania folii stretch jest kluczowa dla zapewnienia integralno\u015bci i stabilno\u015bci pakowanych towar\u00f3w podczas transportu i przechowywania. Tester Peel Cling stanowi niezawodne rozwi\u0105zanie do dok\u0142adnej oceny si\u0142y przylegania, przyczyniaj\u0105c si\u0119 tym samym do poprawy jako\u015bci i bezpiecze\u0144stwa produkt\u00f3w w r\u00f3\u017cnych bran\u017cach.<\/p>\n<h2>Jak przetestowa\u0107 si\u0142\u0119 przylegania folii stretch?<\/h2>\n<div class=\"ast-oembed-container\" style=\"height: 100%;\"><iframe title=\"Przyrz\u0105d do testowania przyczepno\u015bci folii stretch | ASTM D5458\" width=\"500\" height=\"281\" src=\"https:\/\/www.youtube.com\/embed\/gRpUEGeIRNw?feature=oembed\" frameborder=\"0\" allow=\"accelerometer; autoplay; clipboard-write; encrypted-media; gyroscope; picture-in-picture; web-share\" referrerpolicy=\"strict-origin-when-cross-origin\" allowfullscreen><\/iframe><\/div>\n<h2>Najcz\u0119\u015bciej zadawane pytania<\/h2>\n<ol>\n<li>Kt\u00f3re bran\u017ce odnosz\u0105 najwi\u0119ksze korzy\u015bci <strong>Testowanie przywierania sk\u00f3rki<\/strong>?<br \/>\nTesty peel cling s\u0105 nieocenione w bran\u017cach takich jak opakowania, \u017cywno\u015b\u0107, medycyna i farmaceutyka, gdzie zabezpieczenie towar\u00f3w podczas transportu ma kluczowe znaczenie.<\/li>\n<li>Czy <strong>Tester przyczepno\u015bci<\/strong> dostosowa\u0107 si\u0119 do niestandardowych wymaga\u0144 testowych?<br \/>\nTak, Peel Cling Tester oferuje regulowane parametry, dzi\u0119ki czemu nadaje si\u0119 do r\u00f3\u017cnych potrzeb testowych, w tym do niestandardowej automatyzacji.<\/li>\n<li>Czy testy peel cling s\u0105 zgodne z mi\u0119dzynarodowymi standardami?<br \/>\nBezwzgl\u0119dnie, testy odporno\u015bci na odrywanie, przeprowadzane przez Peel Cling Tester, s\u0105 zgodne z mi\u0119dzynarodowymi standardami, takimi jak ASTM D5458, zapewniaj\u0105c dok\u0142adne i wiarygodne wyniki.<\/li>\n<li>W jaki spos\u00f3b testy peel cling przyczyniaj\u0105 si\u0119 do kontroli jako\u015bci?<br \/>\nTest odklejania s\u0142u\u017cy jako istotny \u015brodek kontroli jako\u015bci, zapewniaj\u0105cy przyczepno\u015b\u0107 i wydajno\u015b\u0107 folii stretch w skutecznym zabezpieczaniu pakowanych towar\u00f3w.<\/li>\n<li>W jaki spos\u00f3b Peel Cling Tester pomaga firmom oszcz\u0119dza\u0107 koszty?<br \/>\nPoprzez dok\u0142adn\u0105 ocen\u0119 si\u0142y przylegania, Peel Cling Tester pomaga firmom zoptymalizowa\u0107 procesy pakowania, minimalizuj\u0105c straty materia\u0142u i zapewniaj\u0105c efektywne wykorzystanie zasob\u00f3w.<\/li>\n<\/ol>\n<h2>Powi\u0105zane przyrz\u0105dy testuj\u0105ce<\/h2>\n<p><img decoding=\"async\" class=\"alignnone wp-image-4121 size-woocommerce_single\" src=\"https:\/\/www.qualitester.com\/wp-content\/uploads\/2023\/04\/TST-01-Tensile-Tester-puncture-test-1-1-600x600.jpg\" alt=\"ASTM D5748 Tester przebicia folii stretch\" width=\"600\" height=\"600\" srcset=\"https:\/\/www.qualitester.com\/wp-content\/uploads\/2023\/04\/TST-01-Tensile-Tester-puncture-test-1-1-600x600.jpg 600w, https:\/\/www.qualitester.com\/wp-content\/uploads\/2023\/04\/TST-01-Tensile-Tester-puncture-test-1-1-300x300.jpg 300w, https:\/\/www.qualitester.com\/wp-content\/uploads\/2023\/04\/TST-01-Tensile-Tester-puncture-test-1-1-150x150.jpg 150w, https:\/\/www.qualitester.com\/wp-content\/uploads\/2023\/04\/TST-01-Tensile-Tester-puncture-test-1-1-100x100.jpg 100w, https:\/\/www.qualitester.com\/wp-content\/uploads\/2023\/04\/TST-01-Tensile-Tester-puncture-test-1-1.jpg 750w\" sizes=\"(max-width: 600px) 100vw, 600px\" \/><\/p>\n<p>TST-01 <a title=\"Tester przebicia ASTM D5748\" href=\"https:\/\/www.qualitester.com\/pl\/produkt-2\/tensile-tester-tst-01\/\" target=\"_blank\" rel=\"noopener\"><span style=\"color: #3366ff;\">Tester rozci\u0105gania<\/span><\/a> dla wyst\u0119pu <strong>Odporno\u015b\u0107 folii stretch na przebicie<\/strong><\/p>","protected":false},"excerpt":{"rendered":"<p>Folia stretch, znana r\u00f3wnie\u017c jako folia spo\u017cywcza, odgrywa kluczow\u0105 rol\u0119 w bezpiecznym wi\u0105zaniu i ochronie towar\u00f3w podczas transportu i przechowywania. Ocena jako\u015bci przylegania folii stretch jest niezb\u0119dna do oceny jej si\u0142y przylegania i og\u00f3lnej wydajno\u015bci.<\/p>","protected":false},"featured_media":6101,"comment_status":"closed","ping_status":"closed","template":"","meta":{"site-sidebar-layout":"default","site-content-layout":"default","ast-global-header-display":"","ast-main-header-display":"","ast-hfb-above-header-display":"","ast-hfb-below-header-display":"","ast-hfb-mobile-header-display":"","site-post-title":"disabled","ast-breadcrumbs-content":"","ast-featured-img":"disabled","footer-sml-layout":"","theme-transparent-header-meta":"default","adv-header-id-meta":"","stick-header-meta":"","header-above-stick-meta":"","header-main-stick-meta":"","header-below-stick-meta":""},"product_cat":[845,681,16,390,95],"product_tag":[],"class_list":{"0":"post-1799","1":"product","2":"type-product","3":"status-publish","4":"has-post-thumbnail","6":"product_cat-customization","7":"product_cat-peel-tester","8":"product_cat-plastic-packaging-testers","9":"product_cat-astm-d5458","10":"product_cat-products","11":"desktop-align-left","12":"tablet-align-left","13":"mobile-align-left","15":"first","16":"instock","17":"shipping-taxable","18":"product-type-simple"},"_links":{"self":[{"href":"https:\/\/www.qualitester.com\/pl\/wp-json\/wp\/v2\/product\/1799","targetHints":{"allow":["GET"]}}],"collection":[{"href":"https:\/\/www.qualitester.com\/pl\/wp-json\/wp\/v2\/product"}],"about":[{"href":"https:\/\/www.qualitester.com\/pl\/wp-json\/wp\/v2\/types\/product"}],"replies":[{"embeddable":true,"href":"https:\/\/www.qualitester.com\/pl\/wp-json\/wp\/v2\/comments?post=1799"}],"version-history":[{"count":0,"href":"https:\/\/www.qualitester.com\/pl\/wp-json\/wp\/v2\/product\/1799\/revisions"}],"wp:featuredmedia":[{"embeddable":true,"href":"https:\/\/www.qualitester.com\/pl\/wp-json\/wp\/v2\/media\/6101"}],"wp:attachment":[{"href":"https:\/\/www.qualitester.com\/pl\/wp-json\/wp\/v2\/media?parent=1799"}],"wp:term":[{"taxonomy":"product_cat","embeddable":true,"href":"https:\/\/www.qualitester.com\/pl\/wp-json\/wp\/v2\/product_cat?post=1799"},{"taxonomy":"product_tag","embeddable":true,"href":"https:\/\/www.qualitester.com\/pl\/wp-json\/wp\/v2\/product_tag?post=1799"}],"curies":[{"name":"wp","href":"https:\/\/api.w.org\/{rel}","templated":true}]}}