{"id":1789,"date":"2023-04-26T15:37:45","date_gmt":"2023-04-26T07:37:45","guid":{"rendered":"https:\/\/www.qualitester.com\/?post_type=product&#038;p=1789"},"modified":"2024-12-04T11:20:32","modified_gmt":"2024-12-04T03:20:32","slug":"drawing-volume-tester-rdvt-01","status":"publish","type":"product","link":"https:\/\/www.qualitester.com\/pl\/produkt-2\/drawing-volume-tester-rdvt-01\/","title":{"rendered":"Tester obj\u0119to\u015bci rysowania RDVT-01"},"content":{"rendered":"<h2><strong>Wprowadzenie do testera obj\u0119to\u015bci pobranej krwi Vacutainer<\/strong><\/h2>\n<p>The <strong>Tester obj\u0119to\u015bci pobranej krwi Vacutainer<\/strong> to zaawansowane urz\u0105dzenie testuj\u0105ce przeznaczone do pomiaru obj\u0119to\u015bci krwi pobranej do prob\u00f3wki Vacutainer. W diagnostyce medycznej dok\u0142adne pobranie krwi ma kluczowe znaczenie dla uzyskania wiarygodnych wynik\u00f3w bada\u0144. Prob\u00f3wka Vacutainer to specjalistyczny pojemnik, zwykle wykonany ze szk\u0142a lub tworzywa sztucznego, kt\u00f3ry wykorzystuje uszczelniony pr\u00f3\u017cniowo gumowy korek do pobierania okre\u015blonej obj\u0119to\u015bci p\u0142ynu do prob\u00f3wki. Ten precyzyjny proces pobierania krwi jest niezb\u0119dny w laboratoriach, szpitalach i badaniach klinicznych, aby zapewni\u0107 dok\u0142adno\u015b\u0107 test\u00f3w diagnostycznych.<\/p>\n<p>Tester obj\u0119to\u015bci pobranej krwi Vacutainer odgrywa kluczow\u0105 rol\u0119 w potwierdzaniu, \u017ce ka\u017cda prob\u00f3wka Vacutainer pobiera odpowiedni\u0105 obj\u0119to\u015b\u0107 krwi, wspieraj\u0105c integralno\u015b\u0107 i wiarygodno\u015b\u0107 test\u00f3w medycznych.<\/p>\n<h2><strong>Przegl\u0105d rurek Vacutainera<\/strong><\/h2>\n<p>A <strong>Prob\u00f3wka Vacutainer<\/strong> to specjalnie zaprojektowany pojemnik u\u017cywany do pobierania pr\u00f3bek krwi lub innych p\u0142yn\u00f3w. Cechy:<\/p>\n<ul>\n<li><strong>Materia\u0142y<\/strong>: Zbudowany ze szk\u0142a lub plastiku z gumowym korkiem, kt\u00f3ry tworzy hermetyczne uszczelnienie.<\/li>\n<li><strong>Funkcja podci\u015bnienia<\/strong>: Podci\u015bnienie wewn\u0105trz rurki pomaga zassa\u0107 krew do pojemnika, gdy ig\u0142a przebije gumowy korek.<\/li>\n<li><strong>Dodatki<\/strong>: R\u00f3\u017cnokolorowe korki wskazuj\u0105 konkretne dodatki wewn\u0105trz prob\u00f3wki, kt\u00f3re konserwuj\u0105 lub stabilizuj\u0105 krew do r\u00f3\u017cnych bada\u0144 laboratoryjnych.<\/li>\n<li><strong>Bezpiecze\u0144stwo i etykietowanie<\/strong>: Prob\u00f3wki cz\u0119sto posiadaj\u0105 funkcje zabezpieczaj\u0105ce przed zanieczyszczeniem, a konfigurowalne opcje etykietowania zapewniaj\u0105 skuteczne \u015bledzenie i identyfikacj\u0119 pr\u00f3bek.<\/li>\n<\/ul>\n<h2><strong>Metodologia test\u00f3w<\/strong><\/h2>\n<p>Proces pomiaru obj\u0119to\u015bci pobranej krwi w prob\u00f3wce Vacutainer jest prosty i obejmuje nast\u0119puj\u0105ce kroki:<\/p>\n<ol>\n<li><strong>Wk\u0142adanie rurki Vacutainera<\/strong>:\n<ul>\n<li>Wprowadzi\u0107 wst\u0119pnie opr\u00f3\u017cnion\u0105 rurk\u0119 Vacutainer do miejsca nak\u0142ucia systemu testowego. Ci\u015bnienie wewn\u0119trzne systemu jest dostosowane do ci\u015bnienia wewn\u0105trz rurki, aby zapewni\u0107 dok\u0142adny pomiar obj\u0119to\u015bci.<\/li>\n<\/ul>\n<\/li>\n<li><strong>Regulacja ci\u015bnienia w zale\u017cno\u015bci od wysoko\u015bci nad poziomem morza<\/strong>:\n<ul>\n<li>Wewn\u0119trzne ci\u015bnienie systemowe jest regulowane w oparciu o wysoko\u015b\u0107 nad poziomem morza w regionie testowym (poniewa\u017c ci\u015bnienie atmosferyczne zmienia si\u0119 wraz z wysoko\u015bci\u0105). Regulacja ta zapewnia sta\u0142\u0105 wydajno\u015b\u0107 w r\u00f3\u017cnych warunkach \u015brodowiskowych.<\/li>\n<\/ul>\n<\/li>\n<li><strong>Pomiar obj\u0119to\u015bci pobranej krwi<\/strong>:\n<ul>\n<li>Pr\u00f3\u017cnia zasysa krew do prob\u00f3wki, a waga prob\u00f3wki jest mierzona przed i po te\u015bcie. R\u00f3\u017cnica w wadze jest wykorzystywana do obliczenia dok\u0142adnej obj\u0119to\u015bci krwi pobranej do prob\u00f3wki Vacutainer.<\/li>\n<\/ul>\n<\/li>\n<\/ol>\n<h2><strong>W\u0142a\u015bciwo\u015bci techniczne<\/strong><\/h2>\n<ul>\n<li><strong>Sterowanie PLC i ekran dotykowy HMI<\/strong>:<br \/>\nTester obj\u0119to\u015bci pobranej krwi Vacutainer jest kontrolowany przez <strong>Programowalny sterownik logiczny (PLC)<\/strong>zapewniaj\u0105c stabiln\u0105 wydajno\u015b\u0107 na poziomie przemys\u0142owym. The <strong>Ekran dotykowy interfejsu cz\u0142owiek-maszyna (HMI)<\/strong> umo\u017cliwia \u0142atw\u0105 obs\u0142ug\u0119 i intuicyjne sterowanie, dzi\u0119ki czemu jest przyjazny dla u\u017cytkownika i wydajny dla operator\u00f3w.<\/li>\n<li><strong>Kontrola sta\u0142ego ci\u015bnienia<\/strong>:<br \/>\nTester utrzymuje sta\u0142e ci\u015bnienie w systemie podczas badania, automatycznie dostosowuj\u0105c si\u0119 do zmian poziomu p\u0142ynu. Gwarantuje to, \u017ce ka\u017cde pobranie krwi jest mierzone z wysok\u0105 precyzj\u0105, bez waha\u0144 w wynikach.<\/li>\n<li><strong>Wbudowana pompa pr\u00f3\u017cniowa<\/strong>:<br \/>\nSystem jest wyposa\u017cony w zintegrowan\u0105 pomp\u0119 pr\u00f3\u017cniow\u0105, co pozwala zaoszcz\u0119dzi\u0107 miejsce i obni\u017cy\u0107 koszty operacyjne w por\u00f3wnaniu z pompami zewn\u0119trznymi. Wbudowana konstrukcja zapewnia optymaln\u0105 oszcz\u0119dno\u015b\u0107 miejsca przy zachowaniu wysokiej wydajno\u015bci.<\/li>\n<\/ul>\n<h2><strong>G\u0142\u00f3wne parametry i specyfikacje<\/strong><\/h2>\n<ul>\n<li><strong>Stopie\u0144 pr\u00f3\u017cni<\/strong>: 0~-40 KPa (odpowiednik wysoko\u015bci 3600 metr\u00f3w)\n<ul>\n<li>Zakres ten zapewnia, \u017ce system mo\u017ce symulowa\u0107 rzeczywiste warunki, od poziomu morza do du\u017cych wysoko\u015bci, zapewniaj\u0105c dok\u0142adne pomiary obj\u0119to\u015bci krwi niezale\u017cnie od lokalizacji.<\/li>\n<\/ul>\n<\/li>\n<li><strong>System kontroli<\/strong>:\n<ul>\n<li>PLC i <strong>Interfejs cz\u0142owiek-maszyna (HMI)<\/strong> dla p\u0142ynnej, precyzyjnej kontroli wszystkich parametr\u00f3w testowych.<\/li>\n<\/ul>\n<\/li>\n<li><strong>Wymagania dotycz\u0105ce zasilania<\/strong>:\n<ul>\n<li>220 V, 50\/60 Hz dla globalnej kompatybilno\u015bci ze standardowymi przemys\u0142owymi systemami zasilania.<\/li>\n<\/ul>\n<\/li>\n<\/ul>\n<h2><strong>Standardy bran\u017cowe i zgodno\u015b\u0107 z przepisami<\/strong><\/h2>\n<p>Tester obj\u0119to\u015bci pobranej krwi Vacutainer jest zgodny z kilkoma standardami bran\u017cowymi dotycz\u0105cymi dok\u0142adno\u015bci i niezawodno\u015bci, dzi\u0119ki czemu spe\u0142nia rygorystyczne wymagania s\u0142u\u017cby zdrowia, farmacji i laboratori\u00f3w diagnostycznych. Dzi\u0119ki przestrzeganiu ustalonych standard\u00f3w, tester ten zapewnia, \u017ce pomiary obj\u0119to\u015bci krwi s\u0105 sp\u00f3jne, wiarygodne i powtarzalne.<\/p>\n<h2><strong>Interpretacja wynik\u00f3w testu<\/strong><\/h2>\n<p>The <a href=\"https:\/\/www.qualitester.com\/pl\/kategoria-produktu\/test-items\/vacutainer-drawing-volume-tester\/\" target=\"_blank\" rel=\"noopener\">Tester obj\u0119to\u015bci pobranej krwi Vacutainer<\/a> zapewnia dok\u0142adne wyniki, obliczaj\u0105c r\u00f3\u017cnic\u0119 w wadze przed i po te\u015bcie. Ta zmiana masy odpowiada dok\u0142adnej obj\u0119to\u015bci pobranej krwi, zapewniaj\u0105c pobranie odpowiedniej ilo\u015bci pr\u00f3bki do bada\u0144 laboratoryjnych. System eliminuje mo\u017cliwo\u015b\u0107 b\u0142\u0119du ludzkiego w pomiarze obj\u0119to\u015bci, zapewniaj\u0105c sp\u00f3jno\u015b\u0107 i wysok\u0105 jako\u015b\u0107 wynik\u00f3w we wszystkich testach.<\/p>\n<h2><strong>Kluczowe zalety korzystania z testera obj\u0119to\u015bci pobranej krwi Vacutainer<\/strong><\/h2>\n<ul>\n<li><strong>Dok\u0142adno\u015b\u0107 i sp\u00f3jno\u015b\u0107<\/strong>:<br \/>\nZapewnia precyzyjne i wiarygodne pomiary obj\u0119to\u015bci krwi, kt\u00f3re maj\u0105 kluczowe znaczenie dla bada\u0144 diagnostycznych i analizy pr\u00f3bek.<\/li>\n<li><strong>Zwi\u0119kszona wydajno\u015b\u0107<\/strong>:<br \/>\nUsprawnia proces pobierania krwi, skracaj\u0105c czas i wysi\u0142ek wymagany do badania, jednocze\u015bnie poprawiaj\u0105c przepustowo\u015b\u0107 w \u015brodowiskach o du\u017cym zapotrzebowaniu.<\/li>\n<li><strong>Zwi\u0119kszone bezpiecze\u0144stwo<\/strong>:<br \/>\nZapobiega ryzyku przepe\u0142nienia lub niedope\u0142nienia prob\u00f3wek, co mog\u0142oby zagrozi\u0107 wynikom testu i bezpiecze\u0144stwu pacjenta.<\/li>\n<li><strong>Efektywno\u015b\u0107 kosztowa<\/strong>:<br \/>\nZintegrowana pompa pr\u00f3\u017cniowa i zautomatyzowany system sterowania zmniejszaj\u0105 koszty operacyjne, jednocze\u015bnie zwi\u0119kszaj\u0105c dok\u0142adno\u015b\u0107 i wydajno\u015b\u0107 test\u00f3w.<\/li>\n<\/ul>\n<h2><strong>Najcz\u0119\u015bciej zadawane pytania<\/strong><\/h2>\n<ol>\n<li><strong>Do czego s\u0142u\u017cy tester obj\u0119to\u015bci pobranej krwi Vacutainer?<\/strong>\n<ul>\n<li>Dok\u0142adnie mierzy obj\u0119to\u015b\u0107 krwi pobranej do prob\u00f3wki Vacutainer, zapewniaj\u0105c precyzyjne pobieranie krwi do bada\u0144 diagnostycznych i laboratoryjnych.<\/li>\n<\/ul>\n<\/li>\n<li><strong>Jak dzia\u0142a tester obj\u0119to\u015bci pobranej krwi Vacutainer?<\/strong>\n<ul>\n<li>System wykorzystuje podci\u015bnienie do pobierania krwi do prob\u00f3wki Vacutainer, a r\u00f3\u017cnica masy przed i po te\u015bcie jest wykorzystywana do okre\u015blenia obj\u0119to\u015bci pobranej krwi.<\/li>\n<\/ul>\n<\/li>\n<li><strong>Czy tester obj\u0119to\u015bci pobranej krwi Vacutainer mo\u017ce by\u0107 u\u017cywany w r\u00f3\u017cnych \u015brodowiskach?<\/strong>\n<ul>\n<li>Tak, tester dostosowuje ci\u015bnienie w zale\u017cno\u015bci od wysoko\u015bci, zapewniaj\u0105c sta\u0142\u0105 wydajno\u015b\u0107 i dok\u0142adno\u015b\u0107 w r\u00f3\u017cnych lokalizacjach geograficznych.<\/li>\n<\/ul>\n<\/li>\n<li><strong>Czy tester obj\u0119to\u015bci pobranej krwi Vacutainer jest \u0142atwy w obs\u0142udze?<\/strong>\n<ul>\n<li>Tak, tester jest sterowany za pomoc\u0105 <strong>PLC<\/strong> oraz <strong>Ekran dotykowy HMI<\/strong>dzi\u0119ki czemu jest intuicyjny i \u0142atwy w obs\u0142udze.<\/li>\n<\/ul>\n<\/li>\n<li><strong>Jakie bran\u017ce odnosz\u0105 korzy\u015bci z u\u017cywania Vacutainer Blood Draw Volume Tester?<\/strong>\n<ul>\n<li>Jest on stosowany g\u0142\u00f3wnie w s\u0142u\u017cbie zdrowia, laboratoriach klinicznych i przemy\u015ble farmaceutycznym, gdzie dok\u0142adne pobieranie krwi ma kluczowe znaczenie dla bada\u0144 diagnostycznych.<\/li>\n<\/ul>\n<\/li>\n<\/ol>\n<p>The <strong>Tester obj\u0119to\u015bci pobranej krwi Vacutainer<\/strong> jest niezb\u0119dnym narz\u0119dziem zapewniaj\u0105cym precyzyjne pobieranie krwi w diagnostyce medycznej, badaniach laboratoryjnych i zastosowaniach farmaceutycznych. Dzi\u0119ki przyjaznemu dla u\u017cytkownika interfejsowi, sta\u0142ej wydajno\u015bci i wysokiej precyzji, oferuje znacz\u0105ce korzy\u015bci zar\u00f3wno dostawcom us\u0142ug medycznych, jak i badaczom. Urz\u0105dzenie to gwarantuje, \u017ce ka\u017cda pr\u00f3bka krwi jest pobierana w odpowiedniej obj\u0119to\u015bci, przyczyniaj\u0105c si\u0119 do dok\u0142adno\u015bci i wiarygodno\u015bci wynik\u00f3w diagnostycznych.<\/p>","protected":false},"excerpt":{"rendered":"<p>The <strong>Tester obj\u0119to\u015bci pobranej krwi Vacutainer<\/strong> to zaawansowane urz\u0105dzenie testuj\u0105ce przeznaczone do pomiaru obj\u0119to\u015bci krwi pobranej do prob\u00f3wki Vacutainer. W diagnostyce medycznej dok\u0142adne pobranie krwi ma kluczowe znaczenie dla uzyskania wiarygodnych wynik\u00f3w bada\u0144. Prob\u00f3wka Vacutainer to specjalistyczny pojemnik, zwykle wykonany ze szk\u0142a lub tworzywa sztucznego, kt\u00f3ry wykorzystuje uszczelniony pr\u00f3\u017cniowo gumowy korek do pobierania okre\u015blonej obj\u0119to\u015bci p\u0142ynu do prob\u00f3wki. Ten precyzyjny proces pobierania krwi jest niezb\u0119dny w laboratoriach, szpitalach i badaniach klinicznych, aby zapewni\u0107 dok\u0142adno\u015b\u0107 test\u00f3w diagnostycznych.<\/p>","protected":false},"featured_media":6023,"comment_status":"closed","ping_status":"closed","template":"","meta":{"site-sidebar-layout":"default","site-content-layout":"default","ast-global-header-display":"","ast-main-header-display":"","ast-hfb-above-header-display":"","ast-hfb-below-header-display":"","ast-hfb-mobile-header-display":"","site-post-title":"disabled","ast-breadcrumbs-content":"","ast-featured-img":"disabled","footer-sml-layout":"","theme-transparent-header-meta":"default","adv-header-id-meta":"","stick-header-meta":"","header-above-stick-meta":"","header-main-stick-meta":"","header-below-stick-meta":""},"product_cat":[845,936,674,149,95],"product_tag":[],"class_list":{"0":"post-1789","1":"product","2":"type-product","3":"status-publish","4":"has-post-thumbnail","6":"product_cat-customization","7":"product_cat-vacutainer-drawing-volume-tester","8":"product_cat-test-items","9":"product_cat-pharma-and-medical-testers","10":"product_cat-products","11":"desktop-align-left","12":"tablet-align-left","13":"mobile-align-left","15":"first","16":"instock","17":"shipping-taxable","18":"product-type-simple"},"_links":{"self":[{"href":"https:\/\/www.qualitester.com\/pl\/wp-json\/wp\/v2\/product\/1789","targetHints":{"allow":["GET"]}}],"collection":[{"href":"https:\/\/www.qualitester.com\/pl\/wp-json\/wp\/v2\/product"}],"about":[{"href":"https:\/\/www.qualitester.com\/pl\/wp-json\/wp\/v2\/types\/product"}],"replies":[{"embeddable":true,"href":"https:\/\/www.qualitester.com\/pl\/wp-json\/wp\/v2\/comments?post=1789"}],"version-history":[{"count":0,"href":"https:\/\/www.qualitester.com\/pl\/wp-json\/wp\/v2\/product\/1789\/revisions"}],"wp:featuredmedia":[{"embeddable":true,"href":"https:\/\/www.qualitester.com\/pl\/wp-json\/wp\/v2\/media\/6023"}],"wp:attachment":[{"href":"https:\/\/www.qualitester.com\/pl\/wp-json\/wp\/v2\/media?parent=1789"}],"wp:term":[{"taxonomy":"product_cat","embeddable":true,"href":"https:\/\/www.qualitester.com\/pl\/wp-json\/wp\/v2\/product_cat?post=1789"},{"taxonomy":"product_tag","embeddable":true,"href":"https:\/\/www.qualitester.com\/pl\/wp-json\/wp\/v2\/product_tag?post=1789"}],"curies":[{"name":"wp","href":"https:\/\/api.w.org\/{rel}","templated":true}]}}