{"id":1752,"date":"2023-04-26T14:42:13","date_gmt":"2023-04-26T06:42:13","guid":{"rendered":"https:\/\/www.qualitester.com\/?post_type=product&#038;p=1752"},"modified":"2024-12-04T11:12:27","modified_gmt":"2024-12-04T03:12:27","slug":"motorized-cap-torque-tester-mct-01","status":"publish","type":"product","link":"https:\/\/www.qualitester.com\/pl\/produkt-2\/motorized-cap-torque-tester-mct-01\/","title":{"rendered":"Zmotoryzowany tester momentu obrotowego nasadek MCT-01"},"content":{"rendered":"<h2>Wprowadzenie<\/h2>\n<p>The <strong>Automatyczny tester momentu obrotowego nakr\u0119tek (MCT-01)<\/strong> to wysoce precyzyjne i wydajne urz\u0105dzenie zaprojektowane do pomiaru si\u0142 otwarcia i zamkni\u0119cia zakr\u0119tek na r\u00f3\u017cnego rodzaju pojemnikach. Testy te maj\u0105 kluczowe znaczenie w zastosowaniach opakowaniowych w r\u00f3\u017cnych bran\u017cach, takich jak farmaceutyka, \u017cywno\u015b\u0107 i napoje, urz\u0105dzenia medyczne i produkty konsumenckie. Prawid\u0142owe pomiary momentu obrotowego zapewniaj\u0105, \u017ce nakr\u0119tki s\u0105 bezpiecznie uszczelnione na czas transportu, a jednocze\u015bnie \u0142atwe do otwarcia dla konsument\u00f3w, oferuj\u0105c zar\u00f3wno bezpiecze\u0144stwo, jak i wygod\u0119. Dzi\u0119ki zaawansowanej technologii MCT-01 zapewnia niezawodne i dok\u0142adne pomiary momentu obrotowego, kt\u00f3re s\u0105 niezb\u0119dne do kontroli jako\u015bci i zgodno\u015bci z normami bran\u017cowymi.<\/p>\n<h2>Obszary zastosowa\u0144<\/h2>\n<p>The <strong>Automatyczny tester momentu obrotowego nasadki<\/strong> jest szeroko stosowany w kilku sektorach, w tym<\/p>\n<ul>\n<li><strong>Przemys\u0142 opakowa\u0144<\/strong>: Zapewnia, \u017ce pojemniki takie jak butelki PET, worki z wylewk\u0105, butelki na leki i opakowania z elastycznymi rurkami spe\u0142niaj\u0105 niezb\u0119dne wymagania dotycz\u0105ce uszczelnienia i si\u0142y otwierania.<\/li>\n<li><strong>Farmaceutyka i urz\u0105dzenia medyczne<\/strong>: Zapewnia skuteczne uszczelnienie pojemnik\u00f3w na leki, zmniejszaj\u0105c ryzyko zanieczyszczenia lub manipulacji.<\/li>\n<li><strong>\u017bywno\u015b\u0107 i napoje<\/strong>: Weryfikuje moment obrotowy nakr\u0119tek butelek, aby zapewni\u0107 \u0142atwo\u015b\u0107 otwierania przy jednoczesnym zachowaniu integralno\u015bci produktu.<\/li>\n<li><strong>Towary konsumpcyjne<\/strong>: Pomaga przetestowa\u0107 funkcjonalno\u015b\u0107 zakr\u0119tek dla r\u00f3\u017cnych opakowa\u0144 konsumenckich, zapewniaj\u0105c w\u0142a\u015bciw\u0105 r\u00f3wnowag\u0119 mi\u0119dzy wytrzyma\u0142o\u015bci\u0105 uszczelnienia a wygod\u0105 u\u017cytkownika.<\/li>\n<li><strong>Niestandardowe rozwi\u0105zania testowe<\/strong>: Cell Instruments specjalizuje si\u0119 r\u00f3wnie\u017c w dostarczaniu niestandardowych wymaga\u0144 testowych, aby spe\u0142ni\u0107 unikalne potrzeby r\u00f3\u017cnych bran\u017c.<\/li>\n<\/ul>\n<h2>Proces testowy<\/h2>\n<p>Proces testowania z <strong>Automatyczny tester momentu obrotowego nasadki<\/strong> (MCT-01) jest w pe\u0142ni zautomatyzowany i \u0142atwy w u\u017cyciu:<\/p>\n<ul>\n<li><strong>\u0141adowanie pr\u00f3bki<\/strong>: Butelka i zakr\u0119tka s\u0105 umieszczane w testerze, a zar\u00f3wno pneumatyczny zacisk butelki, jak i pneumatyczny zacisk zakr\u0119tki automatycznie w\u0142\u0105czaj\u0105 si\u0119, aby zabezpieczy\u0107 pr\u00f3bk\u0119.<\/li>\n<li><strong>Rozpocz\u0119cie testu<\/strong>: Naciskaj\u0105c przycisk <strong>TEST<\/strong> dolny zacisk inicjuje obr\u00f3t, otwieraj\u0105c lub zamykaj\u0105c butelk\u0119 w zale\u017cno\u015bci od wymaga\u0144 testu.<\/li>\n<li><strong>Pomiar momentu obrotowego<\/strong>: Podczas obrotu si\u0142a momentu obrotowego jest precyzyjnie mierzona i rejestrowana w czasie rzeczywistym. System automatycznie zachowuje szczytowe warto\u015bci momentu obrotowego dla si\u0142 otwierania i blokowania.<\/li>\n<li><strong>Analiza danych<\/strong>: Dane zmierzonego momentu obrotowego s\u0105 wy\u015bwietlane w wielu jednostkach, w tym Kgf.cm, N.cm, daN.cm, Inch.lbs i N.m, umo\u017cliwiaj\u0105c kompleksow\u0105 analiz\u0119 i kontrol\u0119 jako\u015bci.<\/li>\n<\/ul>\n<h2>W\u0142a\u015bciwo\u015bci techniczne<\/h2>\n<ul>\n<li><strong>Jednostka sterowana przez PLC<\/strong>: Aby zapewni\u0107 stabilno\u015b\u0107 na poziomie przemys\u0142owym, tester dzia\u0142a z jednostk\u0105 sterowan\u0105 przez PLC i intuicyjnym interfejsem dotykowym HMI.<\/li>\n<li><strong>Podw\u00f3jne mocowanie pneumatyczne<\/strong>: G\u00f3rne i dolne zaciski pneumatyczne zapewniaj\u0105 bezpieczne testowanie bez uszkodzenia butelki lub nakr\u0119tki.<\/li>\n<li><strong>Automatyczny pomiar obrot\u00f3w i momentu obrotowego<\/strong>: Symuluje rzeczywiste warunki produkcji z automatyczn\u0105 rotacj\u0105, dzi\u0119ki czemu system jest idealny do zapewniania jako\u015bci.<\/li>\n<li><strong>Pomiar w wielu jednostkach<\/strong>: Wy\u015bwietla moment obrotowy w Kgf.cm, N.cm, daN.cm, Inch.lbs i N.m dla elastycznej analizy.<\/li>\n<li><strong>Ochrona przed przeci\u0105\u017ceniem i automatyczne zerowanie<\/strong>: System posiada zabezpieczenie przed przeci\u0105\u017ceniem, aby zapewni\u0107 niezawodne, sp\u00f3jne pomiary oraz funkcj\u0119 automatycznego zerowania dla dok\u0142adnych odczyt\u00f3w.<\/li>\n<li><strong>Port RS232 i oprogramowanie<\/strong>: Opcjonalnie dost\u0119pny z portem RS232 i profesjonalnym oprogramowaniem komputerowym do szczeg\u00f3\u0142owego raportowania i zarz\u0105dzania danymi.<\/li>\n<li><strong>Mikrodrukarka<\/strong>: Zapewnia natychmiastowe wydruki w celu szybkiego odniesienia podczas produkcji i testowania.<\/li>\n<\/ul>\n<h2>G\u0142\u00f3wne standardy<\/h2>\n<p>The <strong>Automatyczny tester momentu obrotowego nakr\u0119tek (MCT-01)<\/strong> jest zgodny ze standardami bran\u017cowymi, zapewniaj\u0105c, \u017ce spe\u0142nia rygorystyczne wymagania dotycz\u0105ce zapewnienia jako\u015bci:<\/p>\n<ul>\n<li><strong><a href=\"https:\/\/www.astm.org\/d2063_d2063m-10r18.html\" target=\"_blank\" rel=\"noopener nofollow\">ASTM D2063<\/a>: Standardowa metoda badania momentu obrotowego (si\u0142y) system\u00f3w zamykania pojemnik\u00f3w pakowanych aseptycznie<\/strong><br \/>\n<a href=\"https:\/\/www.qualitester.com\/pl\/kategoria-produktu\/astm\/astm-d2063\/\" target=\"_blank\" rel=\"noopener\">ASTM D2063<\/a> nakre\u015bla metod\u0119 okre\u015blania momentu obrotowego potrzebnego do otwierania i zamykania aseptycznych system\u00f3w zamykania, co jest szczeg\u00f3lnie istotne w przypadku opakowa\u0144 farmaceutycznych i spo\u017cywczych. Norma ta zapewnia, \u017ce moment obrotowy jest wystarczaj\u0105cy do zapewnienia hermetycznego uszczelnienia, umo\u017cliwiaj\u0105c jednocze\u015bnie \u0142atwe otwarcie przez konsumenta.<\/li>\n<li><strong><a href=\"https:\/\/www.astm.org\/d3198-97r02.html\" target=\"_blank\" rel=\"noopener nofollow\">ASTM D3198<\/a>: Standardowa metoda pomiaru momentu obrotowego (si\u0142y) system\u00f3w zamykania butelek i pojemnik\u00f3w<\/strong><br \/>\n<a href=\"https:\/\/www.qualitester.com\/pl\/kategoria-produktu\/astm\/astm-d3198\/\" target=\"_blank\" rel=\"noopener\">ASTM D3198<\/a> zawiera wytyczne dotycz\u0105ce testowania si\u0142y dokr\u0119cania zakr\u0119tek i system\u00f3w zamykania pojemnik\u00f3w, takich jak butelki i s\u0142oiki. Koncentruje si\u0119 na zapewnieniu, \u017ce nakr\u0119tki s\u0105 prawid\u0142owo uszczelnione podczas produkcji i mog\u0105 by\u0107 bezpiecznie otwierane przez konsument\u00f3w.<\/li>\n<li><strong><a href=\"https:\/\/www.astm.org\/d3474-90r18.html\" target=\"_blank\" rel=\"noopener nofollow\">ASTM D3474<\/a>: Standardowa metoda badania do okre\u015blania momentu obrotowego (si\u0142y) zamkni\u0119\u0107 pojemnik\u00f3w<\/strong><br \/>\n<a href=\"https:\/\/www.qualitester.com\/pl\/kategoria-produktu\/astm\/astm-d3474\/\">ASTM D3474<\/a> definiuje metod\u0119 testowania momentu obrotowego zamkni\u0119cia na r\u00f3\u017cnych pojemnikach, zapewniaj\u0105c, \u017ce nakr\u0119tki s\u0105 nak\u0142adane z prawid\u0142owym momentem obrotowym podczas produkcji. Norma ta pomaga utrzyma\u0107 sta\u0142\u0105 wydajno\u015b\u0107 produktu i bezpiecze\u0144stwo opakowania.<\/li>\n<li><strong>Inne istotne normy<\/strong>:<br \/>\nMCT-01 spe\u0142nia r\u00f3wnie\u017c dodatkowe standardy, takie jak <strong>GB\/T17876<\/strong>, <strong>BB\/T0025<\/strong>oraz <strong>BB\/T0034<\/strong>, kt\u00f3re zawieraj\u0105 wytyczne dotycz\u0105ce testowania opakowa\u0144 i zamkni\u0119\u0107 na r\u00f3\u017cnych rynkach i w r\u00f3\u017cnych regionach.<\/li>\n<\/ul>\n<h2>Korzy\u015bci z korzystania z <strong>Automatyczny tester momentu obrotowego nasadki<\/strong><\/h2>\n<ul>\n<li><strong>Precyzja i niezawodno\u015b\u0107<\/strong>: MCT-01 zapewnia bardzo dok\u0142adne i powtarzalne pomiary momentu obrotowego, niezb\u0119dne do zapewnienia prawid\u0142owego uszczelnienia pojemnik\u00f3w i \u0142atwo\u015bci u\u017cytkowania przez konsument\u00f3w.<\/li>\n<li><strong>\u0141atwo\u015b\u0107 u\u017cytkowania<\/strong>: Dzi\u0119ki intuicyjnemu interfejsowi dotykowemu i w pe\u0142ni zautomatyzowanym funkcjom testowania, system jest \u0142atwy w obs\u0142udze, dzi\u0119ki czemu jest idealny zar\u00f3wno dla nowych, jak i do\u015bwiadczonych operator\u00f3w.<\/li>\n<li><strong>Ulepszona kontrola jako\u015bci<\/strong>: Pomaga producentom spe\u0142nia\u0107 surowe normy bran\u017cowe poprzez dok\u0142adn\u0105 ocen\u0119 si\u0142y dokr\u0119cania nakr\u0119tek, popraw\u0119 jako\u015bci produkt\u00f3w i zapewnienie bezpiecze\u0144stwa konsument\u00f3w.<\/li>\n<li><strong>Zgodno\u015b\u0107 z normami bran\u017cowymi<\/strong>: Tester spe\u0142nia wymagania norm ASTM D2063, ASTM D3198 i ASTM D3474, zapewniaj\u0105c pewno\u015b\u0107, \u017ce produkty s\u0105 zgodne z globalnymi przepisami dotycz\u0105cymi zapewnienia jako\u015bci.<\/li>\n<\/ul>","protected":false},"excerpt":{"rendered":"<p>The <strong>Automatyczny tester momentu obrotowego nakr\u0119tek (MCT-01)<\/strong> to wysoce precyzyjne i wydajne urz\u0105dzenie zaprojektowane do pomiaru si\u0142 otwarcia i zamkni\u0119cia zakr\u0119tek na r\u00f3\u017cnego rodzaju pojemnikach. Testy te maj\u0105 kluczowe znaczenie w zastosowaniach opakowaniowych w r\u00f3\u017cnych bran\u017cach, takich jak farmaceutyka, \u017cywno\u015b\u0107 i napoje, urz\u0105dzenia medyczne i produkty konsumenckie. Prawid\u0142owe pomiary momentu obrotowego zapewniaj\u0105, \u017ce nakr\u0119tki s\u0105 bezpiecznie uszczelnione na czas transportu, a jednocze\u015bnie \u0142atwe do otwarcia dla konsument\u00f3w, oferuj\u0105c zar\u00f3wno bezpiecze\u0144stwo, jak i wygod\u0119. Dzi\u0119ki zaawansowanej technologii MCT-01 zapewnia niezawodne i dok\u0142adne pomiary momentu obrotowego, kt\u00f3re s\u0105 niezb\u0119dne do kontroli jako\u015bci i zgodno\u015bci z normami bran\u017cowymi.<\/p>","protected":false},"featured_media":6020,"comment_status":"closed","ping_status":"closed","template":"","meta":{"site-sidebar-layout":"default","site-content-layout":"default","ast-global-header-display":"","ast-main-header-display":"","ast-hfb-above-header-display":"","ast-hfb-below-header-display":"","ast-hfb-mobile-header-display":"","site-post-title":"disabled","ast-breadcrumbs-content":"","ast-featured-img":"disabled","footer-sml-layout":"","theme-transparent-header-meta":"default","adv-header-id-meta":"","stick-header-meta":"","header-above-stick-meta":"","header-main-stick-meta":"","header-below-stick-meta":""},"product_cat":[845,687,17,124,125,128,95],"product_tag":[],"class_list":{"0":"post-1752","1":"product","2":"type-product","3":"status-publish","4":"has-post-thumbnail","6":"product_cat-customization","7":"product_cat-torque-tester","8":"product_cat-package-container-testers","9":"product_cat-astm-d2063","10":"product_cat-astm-d3198","11":"product_cat-astm-d3474","12":"product_cat-products","13":"desktop-align-left","14":"tablet-align-left","15":"mobile-align-left","17":"first","18":"instock","19":"shipping-taxable","20":"product-type-simple"},"_links":{"self":[{"href":"https:\/\/www.qualitester.com\/pl\/wp-json\/wp\/v2\/product\/1752","targetHints":{"allow":["GET"]}}],"collection":[{"href":"https:\/\/www.qualitester.com\/pl\/wp-json\/wp\/v2\/product"}],"about":[{"href":"https:\/\/www.qualitester.com\/pl\/wp-json\/wp\/v2\/types\/product"}],"replies":[{"embeddable":true,"href":"https:\/\/www.qualitester.com\/pl\/wp-json\/wp\/v2\/comments?post=1752"}],"version-history":[{"count":0,"href":"https:\/\/www.qualitester.com\/pl\/wp-json\/wp\/v2\/product\/1752\/revisions"}],"wp:featuredmedia":[{"embeddable":true,"href":"https:\/\/www.qualitester.com\/pl\/wp-json\/wp\/v2\/media\/6020"}],"wp:attachment":[{"href":"https:\/\/www.qualitester.com\/pl\/wp-json\/wp\/v2\/media?parent=1752"}],"wp:term":[{"taxonomy":"product_cat","embeddable":true,"href":"https:\/\/www.qualitester.com\/pl\/wp-json\/wp\/v2\/product_cat?post=1752"},{"taxonomy":"product_tag","embeddable":true,"href":"https:\/\/www.qualitester.com\/pl\/wp-json\/wp\/v2\/product_tag?post=1752"}],"curies":[{"name":"wp","href":"https:\/\/api.w.org\/{rel}","templated":true}]}}