{"id":1694,"date":"2023-04-25T16:20:00","date_gmt":"2023-04-25T08:20:00","guid":{"rendered":"https:\/\/www.qualitester.com\/?post_type=product&#038;p=1694"},"modified":"2024-12-02T15:38:46","modified_gmt":"2024-12-02T07:38:46","slug":"hot-tack-tester-htt-02","status":"publish","type":"product","link":"https:\/\/www.qualitester.com\/pl\/produkt-2\/hot-tack-tester-htt-02\/","title":{"rendered":"Tester HTT-02 Hot Tack"},"content":{"rendered":"<p>HTT-02 Hot Tack Tester to specjalistyczny przyrz\u0105d przeznaczony do pomiaru wytrzyma\u0142o\u015bci zgrzewanych na gor\u0105co materia\u0142\u00f3w. Ocenia on zdolno\u015b\u0107 zgrzew\u00f3w do przeciwstawiania si\u0119 si\u0142om, kt\u00f3re pr\u00f3buj\u0105 je rozdzieli\u0107, gdy s\u0105 jeszcze gor\u0105ce. W\u0142a\u015bciwo\u015b\u0107 ta jest szczeg\u00f3lnie wa\u017cna w zastosowaniach opakowaniowych, w kt\u00f3rych zgrzewane torby lub woreczki musz\u0105 zachowa\u0107 swoj\u0105 integralno\u015b\u0107 pod wp\u0142ywem napr\u0119\u017ce\u0144 natychmiast po zgrzaniu. Tester jest zgodny z <a href=\"https:\/\/www.qualitester.com\/pl\/kategoria-produktu\/astm\/astm-f1921\/\" target=\"_blank\" rel=\"noopener\"><strong>ASTM F1921<\/strong><\/a>, zapewniaj\u0105c sp\u00f3jne i wiarygodne wyniki.<\/p>\n<h2><strong>Zastosowania urz\u0105dzenia HTT-02 Hot Tack Tester<\/strong><\/h2>\n<p>Testowanie przylepno\u015bci na gor\u0105co ma kluczowe znaczenie w bran\u017cach wykorzystuj\u0105cych zgrzewy do pakowania, takich jak<\/p>\n<ul>\n<li><strong>Opakowania na \u017cywno\u015b\u0107:<\/strong> Do zastosowa\u0144 takich jak torebki na przek\u0105ski, torebki na mro\u017conki i torebki na kaw\u0119, w kt\u00f3rych uszczelki musz\u0105 wytrzymywa\u0107 du\u017ce si\u0142y podczas pakowania.<\/li>\n<li><strong>Opakowania farmaceutyczne:<\/strong> Zapewnia integralno\u015b\u0107 zgrzewanych woreczk\u00f3w stosowanych w urz\u0105dzeniach medycznych, blistrach i sterylnych opakowaniach.<\/li>\n<li><strong>Opakowania produkt\u00f3w przemys\u0142owych i konsumenckich:<\/strong> Testowanie materia\u0142\u00f3w opakowaniowych, takich jak kleje, chemikalia i wytrzyma\u0142e torby.<\/li>\n<li><strong>Tekstylia i elektronika:<\/strong> Weryfikuje niezawodno\u015b\u0107 opakowa\u0144 dla wra\u017cliwych komponent\u00f3w i produkt\u00f3w.<\/li>\n<\/ul>\n<p>The <strong>Tester HTT-02 Hot Tack<\/strong> jest idealny do zapewnienia wydajno\u015bci opakowa\u0144 zgrzewanych w <strong>pionowy system formuj\u0105co-filtruj\u0105co-uszczelniaj\u0105cy (VFFS)<\/strong> procesy, w kt\u00f3rych uszczelki musz\u0105 wytrzyma\u0107 napr\u0119\u017cenia mechaniczne przed ca\u0142kowitym sch\u0142odzeniem.<\/p>\n<h2><strong>Znaczenie w\u0142a\u015bciwo\u015bci Hot Tack w opakowaniach<\/strong><\/h2>\n<p>Przylepno\u015b\u0107 na gor\u0105co jest kluczowym czynnikiem zapewniaj\u0105cym, \u017ce zgrzewy pozostaj\u0105 nienaruszone natychmiast po zgrzaniu, nawet w obecno\u015bci si\u0142 zewn\u0119trznych. W pionowych systemach pakowania typu form-fill-seal cz\u0119sto nie ma czasu na sch\u0142odzenie mi\u0119dzy procesem zgrzewania a wk\u0142adaniem produkt\u00f3w. W tym przypadku <strong>wytrzyma\u0142o\u015b\u0107 na klejenie na gor\u0105co<\/strong> okre\u015bla, czy opakowanie jest w stanie wytrzyma\u0107 ci\u0119\u017car i nacisk zawarto\u015bci bez rozerwania lub przedwczesnego otwarcia. Jest to szczeg\u00f3lnie wa\u017cne w przypadku pakowania ci\u0119\u017ckich lub wype\u0142nionych ciecz\u0105 produkt\u00f3w, poniewa\u017c opakowanie musi by\u0107 odporne na odkszta\u0142cenia podczas przetwarzania i wysy\u0142ki.<\/p>\n<h2><strong>Przegl\u0105d normy ASTM F1921<\/strong><\/h2>\n<p><a href=\"https:\/\/www.astm.org\/f1921_f1921m-12r18.html\" target=\"_blank\" rel=\"noopener nofollow\"><strong>ASTM F1921<\/strong><\/a> jest standardow\u0105 metod\u0105 testow\u0105 do pomiaru wytrzyma\u0142o\u015bci na przywieranie na gor\u0105co materia\u0142\u00f3w termoplastycznych. Test ten ocenia zdolno\u015b\u0107 uszczelek termicznych do przeciwstawiania si\u0119 rozdzielaniu, gdy s\u0105 poddawane si\u0142om mechanicznym bezpo\u015brednio po zgrzewaniu. Norma definiuje dwie metody testowe:<\/p>\n<ul>\n<li><strong>Metoda A:<\/strong> Obejmuje pomiar si\u0142y przylegania na gor\u0105co natychmiast po uformowaniu zgrzewu.<\/li>\n<li><strong>Metoda B:<\/strong> Mierzy wytrzyma\u0142o\u015b\u0107 uszczelnienia po pozostawieniu pr\u00f3bki do ostygni\u0119cia w kontrolowanych warunkach.<\/li>\n<\/ul>\n<p>Obie metody dostarczaj\u0105 krytycznych danych do oceny niezawodno\u015bci i wydajno\u015bci zgrzew\u00f3w termicznych w szerokim zakresie materia\u0142\u00f3w opakowaniowych.<\/p>\n<h2><strong>Metoda testu przyczepno\u015bci na gor\u0105co<\/strong><\/h2>\n<p>Proces testowania na gor\u0105co obejmuje uszczelnienie paska pr\u00f3bki mi\u0119dzy dwiema rozgrzanymi szcz\u0119kami, zastosowanie ci\u015bnienia i poddanie pr\u00f3bki kontrolowanemu \u015brodowisku. Proces ten obejmuje:<\/p>\n<ol>\n<li><strong>Przygotowanie pr\u00f3bki:<\/strong> Pr\u00f3bka jest przygotowywana i kondycjonowana zgodnie ze specyfikacj\u0105 ASTM F1921.<\/li>\n<li><strong>Wykonanie testu:<\/strong> Pr\u00f3bka jest zgrzewana mi\u0119dzy dwiema rozgrzanymi szcz\u0119kami przy ustawionej temperaturze i ci\u015bnieniu. Czas przebywania (czas kontaktu) jest regulowany w zakresie od 0,1 do 9999 sekund zar\u00f3wno dla test\u00f3w zgrzewania, jak i klejenia na gor\u0105co.<\/li>\n<li><strong>Pomiar:<\/strong> Podczas testu mierzona jest si\u0142a przylegania na gor\u0105co, kt\u00f3ra jest si\u0142\u0105 uszczelnienia, gdy jest ono jeszcze gor\u0105ce. Test mo\u017cna powt\u00f3rzy\u0107 przy r\u00f3\u017cnych temperaturach, ci\u015bnieniu i czasach przebywania, aby okre\u015bli\u0107 optymalne warunki uszczelnienia.<\/li>\n<\/ol>\n<h2><strong>Kluczowe parametry testowe:<\/strong><\/h2>\n<table>\n<tbody>\n<tr>\n<td style=\"text-align: center;\" width=\"123\">Temperatura uszczelnienia.<\/td>\n<td style=\"text-align: center;\" width=\"251\">Otoczenie~250\u2103<\/td>\n<\/tr>\n<tr>\n<td style=\"text-align: center;\" width=\"123\">Dok\u0142adno\u015b\u0107 temperatury<\/td>\n<td style=\"text-align: center;\" width=\"251\">\u00b10.2\u2103<\/td>\n<\/tr>\n<tr>\n<td style=\"text-align: center;\" width=\"123\">Czas przebywania<\/td>\n<td style=\"text-align: center;\" width=\"251\">0,1~9999s (uszczelnienie termiczne)<\/td>\n<\/tr>\n<tr>\n<td style=\"text-align: center;\" width=\"123\">Czas przebywania<\/td>\n<td style=\"text-align: center;\" width=\"251\">0,1~9999s (Hot Tack)<\/td>\n<\/tr>\n<tr>\n<td style=\"text-align: center;\" width=\"123\">Ci\u015bnienie uszczelnienia<\/td>\n<td style=\"text-align: center;\" width=\"251\">0,15 MPa~0,7 MPa<\/td>\n<\/tr>\n<tr>\n<td style=\"text-align: center;\" width=\"123\">Szcz\u0119ki uszczelniaj\u0105ce<\/td>\n<td style=\"text-align: center;\" width=\"251\">50mmx10mm z pow\u0142ok\u0105 teflonow\u0105<\/td>\n<\/tr>\n<tr>\n<td style=\"text-align: center;\" width=\"123\">Ogrzewanie szcz\u0119k<\/td>\n<td style=\"text-align: center;\" width=\"251\">Podw\u00f3jne ogrzewanie<\/td>\n<\/tr>\n<tr>\n<td style=\"text-align: center;\" width=\"123\">Ogniwo obci\u0105\u017cnikowe<\/td>\n<td style=\"text-align: center;\" width=\"251\">200N (opcjonalnie: 30N50N100N itp.)<\/td>\n<\/tr>\n<tr>\n<td style=\"text-align: center;\" width=\"123\">Dok\u0142adno\u015b\u0107<\/td>\n<td style=\"text-align: center;\" width=\"251\">0,5 F.S.<\/td>\n<\/tr>\n<tr>\n<td style=\"text-align: center;\" width=\"123\">Rozdzielczo\u015b\u0107<\/td>\n<td style=\"text-align: center;\" width=\"251\">0.01N<\/td>\n<\/tr>\n<tr>\n<td style=\"text-align: center;\" width=\"123\">Moc<\/td>\n<td style=\"text-align: center;\" width=\"251\">220 V, 50 HZ<\/td>\n<\/tr>\n<\/tbody>\n<\/table>\n<h2><strong>Cechy techniczne urz\u0105dzenia HTT-02 Hot Tack Tester<\/strong><\/h2>\n<ul>\n<li><strong>Sterowanie PLC:<\/strong> Zapewnia stabilno\u015b\u0107 i precyzj\u0119 test\u00f3w na poziomie przemys\u0142owym.<\/li>\n<li><strong>Przyjazny dla u\u017cytkownika interfejs HMI:<\/strong> Interfejs z 7-calowym ekranem dotykowym umo\u017cliwia \u0142atw\u0105 obs\u0142ug\u0119 i regulacj\u0119.<\/li>\n<li><strong>Zgodno\u015b\u0107 z norm\u0105 ASTM F1921:<\/strong> Obs\u0142uguje zar\u00f3wno <strong>Metoda A<\/strong> oraz <strong>Metoda B<\/strong> testowanie na gor\u0105co, zapewniaj\u0105ce zgodno\u015b\u0107 test\u00f3w ze standardami bran\u017cowymi.<\/li>\n<li><strong>Zaawansowana kontrola temperatury:<\/strong> Sterowanie P.I.D. (Proportional-Integral-Derivative) zapewnia precyzyjne zarz\u0105dzanie temperatur\u0105 w celu uzyskania niezawodnych i powtarzalnych wynik\u00f3w.<\/li>\n<li><strong>Wytrzyma\u0142a konstrukcja:<\/strong> Aluminiowe szcz\u0119ki uszczelniaj\u0105ce zosta\u0142y zaprojektowane z my\u015bl\u0105 o d\u0142ugotrwa\u0142ej trwa\u0142o\u015bci i wydajno\u015bci.<\/li>\n<li><strong>Funkcje bezpiecze\u0144stwa:<\/strong> Automatyczne zerowanie, zabezpieczenie przed przeci\u0105\u017ceniem i zabezpieczenie przed nadmiernym wychyleniem zapewniaj\u0105 bezpieczn\u0105 prac\u0119.<\/li>\n<li><strong>Zarz\u0105dzanie danymi:<\/strong> Port RS232 i opcjonalne oprogramowanie umo\u017cliwiaj\u0105 zaawansowane gromadzenie i analiz\u0119 danych.<\/li>\n<\/ul>\n<h2><strong>Korzy\u015bci p\u0142yn\u0105ce z u\u017cywania HTT-02 Hot Tack Tester<\/strong><\/h2>\n<ul>\n<li><strong>Zoptymalizowana wydajno\u015b\u0107 opakowania:<\/strong> Zapewnia, \u017ce uszczelnienia termiczne s\u0105 odporne na napr\u0119\u017cenia mechaniczne natychmiast po zgrzaniu, zmniejszaj\u0105c liczb\u0119 awarii produktu.<\/li>\n<li><strong>Zgodno\u015b\u0107 z norm\u0105 ASTM F1921:<\/strong> Zapewnia wiarygodne wyniki, kt\u00f3re s\u0105 w pe\u0142ni zgodne z norm\u0105 ASTM F1921, zapewniaj\u0105c sp\u00f3jne testy w r\u00f3\u017cnych zastosowaniach.<\/li>\n<li><strong>Wszechstronno\u015b\u0107:<\/strong> Idealny do szerokiej gamy materia\u0142\u00f3w i rodzaj\u00f3w opakowa\u0144, od \u017cywno\u015bci i farmaceutyk\u00f3w po produkty przemys\u0142owe i konsumenckie.<\/li>\n<li><strong>Ulepszona kontrola jako\u015bci:<\/strong> Pomaga producentom zidentyfikowa\u0107 s\u0142abe uszczelnienia i zoptymalizowa\u0107 procesy pakowania, zwi\u0119kszaj\u0105c ochron\u0119 produktu i zmniejszaj\u0105c ilo\u015b\u0107 odpad\u00f3w.<\/li>\n<\/ul>\n<h2><strong>Us\u0142ugi dostosowywania i automatyzacji<\/strong><\/h2>\n<p>W Cell Instruments rozumiemy, \u017ce ka\u017cde \u015brodowisko testowe jest wyj\u0105tkowe. Oferujemy rozwi\u0105zania dostosowane do konkretnych potrzeb testowych, a nasze mo\u017cliwo\u015bci automatyzacji pomagaj\u0105 zwi\u0119kszy\u0107 wydajno\u015b\u0107 testowania na liniach produkcyjnych o du\u017cej obj\u0119to\u015bci. Niezale\u017cnie od tego, czy potrzebujesz unikalnych konfiguracji czujnik\u00f3w wagowych, czy zaawansowanej integracji automatyki, jeste\u015bmy zobowi\u0105zani do dostarczania rozwi\u0105za\u0144 dostosowanych do Twoich dok\u0142adnych specyfikacji.<\/p>\n<p>HTT-02 Hot Tack Tester to krytyczne narz\u0119dzie zapewniaj\u0105ce niezawodne dzia\u0142anie zgrzewanych opakowa\u0144 w rzeczywistych warunkach. Niezale\u017cnie od tego, czy chodzi o \u017cywno\u015b\u0107, farmaceutyki czy opakowania przemys\u0142owe, tester ten oferuje precyzyjn\u0105 kontrol\u0119 nad procesem testowania, co czyni go nieocenionym atutem w zakresie zapewnienia jako\u015bci i integralno\u015bci produktu.<\/p>\n<h3><strong>Sekcja FAQ<\/strong><\/h3>\n<ol>\n<li><strong>Do czego s\u0142u\u017cy tester przyczepno\u015bci na gor\u0105co?<\/strong><br \/>\nTester przylepno\u015bci na gor\u0105co mierzy wytrzyma\u0142o\u015b\u0107 zgrzew\u00f3w natychmiast po zgrzaniu, zapewniaj\u0105c, \u017ce s\u0105 one w stanie wytrzyma\u0107 napr\u0119\u017cenia zwi\u0105zane z obs\u0142ug\u0105 w procesach pakowania.<\/li>\n<li><strong>Dlaczego klejenie na gor\u0105co jest wa\u017cne w opakowaniach?<\/strong><br \/>\nHot tack zapewnia, \u017ce zgrzewy pozostaj\u0105 nienaruszone podczas pakowania, szczeg\u00f3lnie w pionowych procesach nape\u0142niania i zgrzewania, w kt\u00f3rych wyst\u0119puje ci\u0119\u017cka zawarto\u015b\u0107.<\/li>\n<li><strong>Co to jest norma ASTM F1921 i dlaczego jest wa\u017cna?<\/strong><br \/>\nASTM F1921 to norma okre\u015blaj\u0105ca metody pomiaru wytrzyma\u0142o\u015bci na przywieranie na gor\u0105co materia\u0142\u00f3w termoplastycznych, co ma kluczowe znaczenie dla zachowania integralno\u015bci uszczelnienia.<\/li>\n<li><strong>Jakie materia\u0142y mog\u0105 by\u0107 testowane za pomoc\u0105 HTT-02 Hot Tack Tester?<\/strong><br \/>\nNadaje si\u0119 do testowania r\u00f3\u017cnych folii termoplastycznych, laminat\u00f3w i zgrzewalnych materia\u0142\u00f3w opakowaniowych.<\/li>\n<li><strong>Czy HTT-02 Hot Tack Tester mo\u017cna dostosowa\u0107 do w\u0142asnych potrzeb?<\/strong><br \/>\nTak, oferuje konfigurowalne czujniki wagowe, pr\u0119dko\u015bci testowania i funkcje automatyzacji, aby spe\u0142ni\u0107 okre\u015blone wymagania testowe.<\/li>\n<\/ol>","protected":false},"excerpt":{"rendered":"<p>HTT-02 Hot Tack Tester to specjalistyczny przyrz\u0105d przeznaczony do pomiaru wytrzyma\u0142o\u015bci zgrzewanych na gor\u0105co materia\u0142\u00f3w. Ocenia on zdolno\u015b\u0107 zgrzew\u00f3w do przeciwstawiania si\u0119 si\u0142om, kt\u00f3re pr\u00f3buj\u0105 je rozdzieli\u0107, gdy s\u0105 jeszcze gor\u0105ce. W\u0142a\u015bciwo\u015b\u0107 ta jest szczeg\u00f3lnie wa\u017cna w zastosowaniach opakowaniowych, w kt\u00f3rych zgrzewane torby lub woreczki musz\u0105 zachowa\u0107 swoj\u0105 integralno\u015b\u0107 pod wp\u0142ywem napr\u0119\u017ce\u0144 natychmiast po zgrzaniu. Tester jest zgodny z <strong>ASTM F1921<\/strong>, zapewniaj\u0105c sp\u00f3jne i wiarygodne wyniki.<\/p>","protected":false},"featured_media":5971,"comment_status":"closed","ping_status":"closed","template":"","meta":{"site-sidebar-layout":"default","site-content-layout":"default","ast-global-header-display":"","ast-main-header-display":"","ast-hfb-above-header-display":"","ast-hfb-below-header-display":"","ast-hfb-mobile-header-display":"","site-post-title":"disabled","ast-breadcrumbs-content":"","ast-featured-img":"disabled","footer-sml-layout":"","theme-transparent-header-meta":"default","adv-header-id-meta":"","stick-header-meta":"","header-above-stick-meta":"","header-main-stick-meta":"","header-below-stick-meta":""},"product_cat":[845,678,16,141,95],"product_tag":[],"class_list":{"0":"post-1694","1":"product","2":"type-product","3":"status-publish","4":"has-post-thumbnail","6":"product_cat-customization","7":"product_cat-hot-tack-tester","8":"product_cat-plastic-packaging-testers","9":"product_cat-astm-f1921","10":"product_cat-products","11":"desktop-align-left","12":"tablet-align-left","13":"mobile-align-left","15":"first","16":"instock","17":"shipping-taxable","18":"product-type-simple"},"_links":{"self":[{"href":"https:\/\/www.qualitester.com\/pl\/wp-json\/wp\/v2\/product\/1694","targetHints":{"allow":["GET"]}}],"collection":[{"href":"https:\/\/www.qualitester.com\/pl\/wp-json\/wp\/v2\/product"}],"about":[{"href":"https:\/\/www.qualitester.com\/pl\/wp-json\/wp\/v2\/types\/product"}],"replies":[{"embeddable":true,"href":"https:\/\/www.qualitester.com\/pl\/wp-json\/wp\/v2\/comments?post=1694"}],"version-history":[{"count":0,"href":"https:\/\/www.qualitester.com\/pl\/wp-json\/wp\/v2\/product\/1694\/revisions"}],"wp:featuredmedia":[{"embeddable":true,"href":"https:\/\/www.qualitester.com\/pl\/wp-json\/wp\/v2\/media\/5971"}],"wp:attachment":[{"href":"https:\/\/www.qualitester.com\/pl\/wp-json\/wp\/v2\/media?parent=1694"}],"wp:term":[{"taxonomy":"product_cat","embeddable":true,"href":"https:\/\/www.qualitester.com\/pl\/wp-json\/wp\/v2\/product_cat?post=1694"},{"taxonomy":"product_tag","embeddable":true,"href":"https:\/\/www.qualitester.com\/pl\/wp-json\/wp\/v2\/product_tag?post=1694"}],"curies":[{"name":"wp","href":"https:\/\/api.w.org\/{rel}","templated":true}]}}