{"id":1484,"date":"2023-04-20T14:00:05","date_gmt":"2023-04-20T06:00:05","guid":{"rendered":"https:\/\/www.qualitester.com\/?post_type=product&#038;p=1484"},"modified":"2024-12-03T13:53:39","modified_gmt":"2024-12-03T05:53:39","slug":"inclined-coefficient-of-friction-tester-cof-03","status":"publish","type":"product","link":"https:\/\/www.qualitester.com\/pl\/produkt-2\/inclined-coefficient-of-friction-tester-cof-03\/","title":{"rendered":"Tester wsp\u00f3\u0142czynnika tarcia pochy\u0142ego COF-03"},"content":{"rendered":"<h2><strong>Wprowadzenie do nachylonego testera wsp\u00f3\u0142czynnika tarcia<\/strong><\/h2>\n<p>The <strong>Nachylony tester wsp\u00f3\u0142czynnika tarcia<\/strong> to zaawansowany przyrz\u0105d przeznaczony do pomiaru wsp\u00f3\u0142czynnika tarcia statycznego (COF) szerokiej gamy materia\u0142\u00f3w. Wykorzystuj\u0105c zmiennie nachylon\u0105 p\u0142aszczyzn\u0119 i blok \u015blizgowy, tester ten okre\u015bla k\u0105t, przy kt\u00f3rym jedna powierzchnia testowa zaczyna \u015blizga\u0107 si\u0119 po drugiej, gdy nachylenie jest stopniowo zwi\u0119kszane. Urz\u0105dzenie jest idealne do testowania r\u00f3\u017cnych materia\u0142\u00f3w, w tym folii z tworzyw sztucznych, gumy, papieru, desek, tkanin, pow\u0142ok, klock\u00f3w hamulcowych, tekstyli\u00f3w i innych.<\/p>\n<p>Ten wszechstronny tester jest niezb\u0119dny w bran\u017cach takich jak pakowanie, motoryzacja, tekstylia, farmaceutyka i pakowanie \u017cywno\u015bci, gdzie dok\u0142adny pomiar tarcia ma kluczowe znaczenie dla zapewnienia jako\u015bci, bezpiecze\u0144stwa i optymalnej wydajno\u015bci. Niezale\u017cnie od tego, czy trzeba zmierzy\u0107 tarcie folii, arkuszy czy komponent\u00f3w przemys\u0142owych, urz\u0105dzenie to zapewnia wiarygodne wyniki, pomagaj\u0105c u\u017cytkownikom poprawi\u0107 obs\u0142ug\u0119 materia\u0142\u00f3w, projektowanie opakowa\u0144 i funkcjonalno\u015b\u0107 produktu.<\/p>\n<h2><strong>Zasada dzia\u0142ania<\/strong><\/h2>\n<p>The <strong>Pochylony <a href=\"https:\/\/www.qualitester.com\/pl\/produkt-2\/coefficient-of-friction-tester-cof-01\/\" target=\"_blank\" rel=\"noopener\">Tester wsp\u00f3\u0142czynnika tarcia<\/a><\/strong> mierzy statyczny wsp\u00f3\u0142czynnik COF, okre\u015blaj\u0105c k\u0105t, pod kt\u00f3rym jeden materia\u0142 zaczyna \u015blizga\u0107 si\u0119 po innej nachylonej powierzchni. Gdy nachylenie jest stopniowo zwi\u0119kszane w sta\u0142ym tempie, powierzchnia testowanego materia\u0142u zaczyna si\u0119 \u015blizga\u0107. K\u0105t, przy kt\u00f3rym to si\u0119 dzieje, jest mierzony, a statyczny wsp\u00f3\u0142czynnik COF jest numerycznie r\u00f3wnowa\u017cny tangensowi tego k\u0105ta.<\/p>\n<p>Metoda ta zapewnia dok\u0142adne warto\u015bci tarcia, kt\u00f3re maj\u0105 kluczowe znaczenie dla zrozumienia zachowania materia\u0142\u00f3w w rzeczywistych zastosowaniach, takich jak przenoszenie materia\u0142\u00f3w, pakowanie i monta\u017c. Metoda <strong>Tester k\u0105ta po\u015blizgu<\/strong> Funkcja tego urz\u0105dzenia zapewnia dok\u0142adne odczyty COF dla szerokiej gamy materia\u0142\u00f3w.<\/p>\n<h2><strong>Przegl\u0105d odpowiednich standard\u00f3w testowania<\/strong><\/h2>\n<ul>\n<li><a href=\"https:\/\/www.astm.org\/d0202-17.html\" target=\"_blank\" rel=\"noopener nofollow\"><strong>ASTM D202<\/strong><\/a>: Norma ta zawiera wytyczne dotycz\u0105ce pomiaru statycznego wsp\u00f3\u0142czynnika COF materia\u0142\u00f3w, w szczeg\u00f3lno\u015bci folii i materia\u0142\u00f3w opakowaniowych. Zapewnia, \u017ce tester spe\u0142nia wymagan\u0105 dok\u0142adno\u015b\u0107 dla szeregu materia\u0142\u00f3w, pomagaj\u0105c producentom oceni\u0107, jak \u0142atwo materia\u0142y b\u0119d\u0105 si\u0119 \u015blizga\u0107 wzgl\u0119dem siebie, co jest kluczowym czynnikiem przy projektowaniu opakowa\u0144 i wyborze materia\u0142\u00f3w.<\/li>\n<li><a href=\"https:\/\/www.astm.org\/d4918-97r07.html\" target=\"_blank\" rel=\"noopener nofollow\"><strong>ASTM D4918<\/strong><\/a>: Norma ASTM D4918, zaprojektowana specjalnie do testowania papieru i tektury, okre\u015bla procedury okre\u015blania statycznego wsp\u00f3\u0142czynnika COF mi\u0119dzy materia\u0142ami papierowymi. Norma ta jest wa\u017cna dla bran\u017c takich jak produkcja opakowa\u0144 i papieru, zapewniaj\u0105c, \u017ce materia\u0142y maj\u0105 odpowiedni\u0105 charakterystyk\u0119 tarcia do p\u0142ynnego przenoszenia i pakowania.<\/li>\n<li><strong>TAPPI T815<\/strong>: Ta norma, kt\u00f3ra jest powszechnie uznawana w przemy\u015ble papierniczym i celulozowym, okre\u015bla metod\u0119 okre\u015blania COF papieru, tektury i materia\u0142\u00f3w pokrewnych. Pomaga producentom zapewni\u0107, \u017ce produkty na bazie papieru maj\u0105 sp\u00f3jne w\u0142a\u015bciwo\u015bci cierne, kt\u00f3re s\u0105 niezb\u0119dne do pomy\u015blnego dzia\u0142ania maszyn pakuj\u0105cych i jako\u015bci produktu ko\u0144cowego.<\/li>\n<\/ul>\n<p>Standardy te zapewniaj\u0105, \u017ce <strong>Nachylony tester wsp\u00f3\u0142czynnika tarcia<\/strong> spe\u0142nia niezb\u0119dne kryteria dok\u0142adnych i wiarygodnych wynik\u00f3w, zgodnych z przepisami bran\u017cowymi i najlepszymi globalnymi praktykami.<\/p>\n<h2><strong>Kluczowe cechy nachylonego testera wsp\u00f3\u0142czynnika tarcia<\/strong><\/h2>\n<ul>\n<li><strong>Sterowanie PLC i obs\u0142uga ekranu dotykowego HMI<\/strong>: Tester jest wyposa\u017cony w intuicyjny interfejs cz\u0142owiek-maszyna (HMI) i programowalny sterownik logiczny (PLC), co u\u0142atwia sterowanie i monitorowanie test\u00f3w. Ekran dotykowy umo\u017cliwia prost\u0105 nawigacj\u0119 i obs\u0142ug\u0119, zwi\u0119kszaj\u0105c wydajno\u015b\u0107 i komfort u\u017cytkowania.<\/li>\n<li><strong>Wy\u015bwietlanie wynik\u00f3w test\u00f3w w czasie rzeczywistym<\/strong>: To urz\u0105dzenie wy\u015bwietla na ekranie dane w czasie rzeczywistym, w tym maksimum, minimum, \u015bredni\u0105 i odchylenie standardowe (SD) wynik\u00f3w testu. Zapewnia to mo\u017cliwo\u015b\u0107 \u015bledzenia sp\u00f3jno\u015bci i dok\u0142adno\u015bci test\u00f3w podczas ich wykonywania.<\/li>\n<li><strong>Zgodno\u015b\u0107 z mi\u0119dzynarodowymi standardami<\/strong>: The <strong>Nachylony tester wsp\u00f3\u0142czynnika tarcia<\/strong> jest zbudowany zgodnie z wieloma mi\u0119dzynarodowymi standardami, w tym ASTM D202, ASTM D4918 i TAPPI T815, zapewniaj\u0105c dok\u0142adno\u015b\u0107 i wiarygodno\u015b\u0107 wynik\u00f3w test\u00f3w.<\/li>\n<li><strong>Pomiar zar\u00f3wno k\u0105towego, jak i statycznego wsp\u00f3\u0142czynnika COF<\/strong>: Opr\u00f3cz pomiaru k\u0105ta nachylenia, przy kt\u00f3rym wyst\u0119puje po\u015blizg, tester ten oblicza r\u00f3wnie\u017c statyczny wsp\u00f3\u0142czynnik tarcia, zapewniaj\u0105c kompleksowy obraz wydajno\u015bci materia\u0142u.<\/li>\n<li><strong>Mikrodruk dla \u0142atwej dokumentacji wynik\u00f3w test\u00f3w<\/strong>: Tester mo\u017ce generowa\u0107 wyniki test\u00f3w w formie drukowanej, umo\u017cliwiaj\u0105c u\u017cytkownikom \u0142atwe dokumentowanie i udost\u0119pnianie wynik\u00f3w. Funkcja ta jest szczeg\u00f3lnie przydatna do kontroli jako\u015bci, raportowania i weryfikacji zgodno\u015bci.<\/li>\n<li><strong>Opcjonalny RS232 i profesjonalne oprogramowanie<\/strong>: Dla u\u017cytkownik\u00f3w, kt\u00f3rzy wymagaj\u0105 zaawansowanej analizy danych, tester oferuje \u0142\u0105czno\u015b\u0107 RS232 i opcjonalne profesjonalne oprogramowanie, umo\u017cliwiaj\u0105ce p\u0142ynn\u0105 integracj\u0119 z innymi systemami i zapewniaj\u0105ce bardziej rozbudowane mo\u017cliwo\u015bci zarz\u0105dzania danymi i raportowania.<\/li>\n<\/ul>\n<h2><strong>Specyfikacja techniczna<\/strong><\/h2>\n<table>\n<tbody>\n<tr>\n<td style=\"text-align: center;\" width=\"104\">Zakres k\u0105t\u00f3w<\/td>\n<td style=\"text-align: center;\" width=\"328\">0\u00b0 ~ 60\u00b0<\/td>\n<\/tr>\n<tr>\n<td style=\"text-align: center;\" width=\"104\">Dok\u0142adno\u015b\u0107<\/td>\n<td style=\"text-align: center;\" width=\"328\">0.01\u00b0<\/td>\n<\/tr>\n<tr>\n<td style=\"text-align: center;\" width=\"104\">Udar<\/td>\n<td style=\"text-align: center;\" width=\"328\">0,1\u00b0\/s \uff5e 10,0\u00b0\/s<\/td>\n<\/tr>\n<tr>\n<td style=\"text-align: center;\" width=\"104\">Sanki<\/td>\n<td style=\"text-align: center;\" width=\"328\">200 g, 235 g lub 1300 g (do wyboru)<\/td>\n<\/tr>\n<\/tbody>\n<\/table>\n<h2><strong>Zastosowania nachylonego testera wsp\u00f3\u0142czynnika tarcia<\/strong><\/h2>\n<p>The <strong>Nachylony tester wsp\u00f3\u0142czynnika tarcia<\/strong> jest u\u017cywany w wielu ga\u0142\u0119ziach przemys\u0142u do testowania materia\u0142\u00f3w pod k\u0105tem w\u0142a\u015bciwo\u015bci ciernych. Oto kilka kluczowych zastosowa\u0144:<\/p>\n<ul>\n<li><strong>Opakowanie<\/strong>: Ocena w\u0142a\u015bciwo\u015bci ciernych folii, papieru, kartonu i innych materia\u0142\u00f3w opakowaniowych w celu zapewnienia p\u0142ynnego dzia\u0142ania linii pakuj\u0105cych.<\/li>\n<li><strong>Motoryzacja<\/strong>: Ocena klock\u00f3w hamulcowych i innych komponent\u00f3w pod k\u0105tem wydajno\u015bci, trwa\u0142o\u015bci i bezpiecze\u0144stwa.<\/li>\n<li><strong>Tekstylia<\/strong>: Testowanie tkanin, materia\u0142\u00f3w tkanych i pow\u0142ok pod k\u0105tem ich w\u0142a\u015bciwo\u015bci ciernych, wa\u017cnych dla obs\u0142ugi i przetwarzania tkanin.<\/li>\n<li><strong>Urz\u0105dzenia medyczne<\/strong>: Zapewnienie, \u017ce medyczne materia\u0142y opakowaniowe spe\u0142niaj\u0105 niezb\u0119dne wymagania COF, aby zapobiec problemom podczas pakowania i dystrybucji.<\/li>\n<li><strong>Farmaceutyki<\/strong>: Pomiar charakterystyki tarcia farmaceutycznych materia\u0142\u00f3w opakowaniowych w celu zapewnienia w\u0142a\u015bciwej obs\u0142ugi i przechowywania.<\/li>\n<\/ul>","protected":false},"excerpt":{"rendered":"<p>The <strong>Nachylony tester wsp\u00f3\u0142czynnika tarcia<\/strong> to zaawansowany przyrz\u0105d przeznaczony do pomiaru wsp\u00f3\u0142czynnika tarcia statycznego (COF) szerokiej gamy materia\u0142\u00f3w. Wykorzystuj\u0105c zmiennie nachylon\u0105 p\u0142aszczyzn\u0119 i blok \u015blizgowy, tester ten okre\u015bla k\u0105t, przy kt\u00f3rym jedna powierzchnia testowa zaczyna \u015blizga\u0107 si\u0119 po drugiej, gdy nachylenie jest stopniowo zwi\u0119kszane. Urz\u0105dzenie jest idealne do testowania r\u00f3\u017cnych materia\u0142\u00f3w, w tym folii z tworzyw sztucznych, gumy, papieru, desek, tkanin, pow\u0142ok, klock\u00f3w hamulcowych, tekstyli\u00f3w i innych.<\/p>","protected":false},"featured_media":5990,"comment_status":"closed","ping_status":"closed","template":"","meta":{"site-sidebar-layout":"default","site-content-layout":"default","ast-global-header-display":"","ast-main-header-display":"","ast-hfb-above-header-display":"","ast-hfb-below-header-display":"","ast-hfb-mobile-header-display":"","site-post-title":"","ast-breadcrumbs-content":"","ast-featured-img":"","footer-sml-layout":"","theme-transparent-header-meta":"default","adv-header-id-meta":"","stick-header-meta":"","header-above-stick-meta":"","header-main-stick-meta":"","header-below-stick-meta":""},"product_cat":[845,1130,938,683,44,16,123,133,95],"product_tag":[],"class_list":{"0":"post-1484","1":"product","2":"type-product","3":"status-publish","4":"has-post-thumbnail","6":"product_cat-customization","7":"product_cat-tappi-t815","8":"product_cat-textile-tester","9":"product_cat-coefficient-of-friction-tester","10":"product_cat-paper-and-board-testers","11":"product_cat-plastic-packaging-testers","12":"product_cat-astm-d202","13":"product_cat-astm-d4918","14":"product_cat-products","15":"desktop-align-left","16":"tablet-align-left","17":"mobile-align-left","19":"first","20":"instock","21":"shipping-taxable","22":"product-type-simple"},"_links":{"self":[{"href":"https:\/\/www.qualitester.com\/pl\/wp-json\/wp\/v2\/product\/1484","targetHints":{"allow":["GET"]}}],"collection":[{"href":"https:\/\/www.qualitester.com\/pl\/wp-json\/wp\/v2\/product"}],"about":[{"href":"https:\/\/www.qualitester.com\/pl\/wp-json\/wp\/v2\/types\/product"}],"replies":[{"embeddable":true,"href":"https:\/\/www.qualitester.com\/pl\/wp-json\/wp\/v2\/comments?post=1484"}],"version-history":[{"count":0,"href":"https:\/\/www.qualitester.com\/pl\/wp-json\/wp\/v2\/product\/1484\/revisions"}],"wp:featuredmedia":[{"embeddable":true,"href":"https:\/\/www.qualitester.com\/pl\/wp-json\/wp\/v2\/media\/5990"}],"wp:attachment":[{"href":"https:\/\/www.qualitester.com\/pl\/wp-json\/wp\/v2\/media?parent=1484"}],"wp:term":[{"taxonomy":"product_cat","embeddable":true,"href":"https:\/\/www.qualitester.com\/pl\/wp-json\/wp\/v2\/product_cat?post=1484"},{"taxonomy":"product_tag","embeddable":true,"href":"https:\/\/www.qualitester.com\/pl\/wp-json\/wp\/v2\/product_tag?post=1484"}],"curies":[{"name":"wp","href":"https:\/\/api.w.org\/{rel}","templated":true}]}}