{"id":7905,"date":"2026-03-25T14:36:07","date_gmt":"2026-03-25T06:36:07","guid":{"rendered":"https:\/\/www.qualitester.com\/?page_id=7905"},"modified":"2026-03-25T14:36:18","modified_gmt":"2026-03-25T06:36:18","slug":"astm-d4595","status":"publish","type":"page","link":"https:\/\/www.qualitester.com\/pl\/standards\/astm-d4595\/","title":{"rendered":"ASTM D4595"},"content":{"rendered":"<h2 data-section-id=\"1tlpuk\" data-start=\"434\" data-end=\"463\">Wprowadzenie do normy ASTM D4595<\/h2>\n<p data-start=\"465\" data-end=\"741\"><strong data-start=\"465\" data-end=\"479\">ASTM D4595<\/strong> definiuje znormalizowan\u0105 procedur\u0119 okre\u015blania <strong data-start=\"533\" data-end=\"570\">w\u0142a\u015bciwo\u015bci geotekstyli\u00f3w przy rozci\u0105ganiu<\/strong> przy u\u017cyciu szerokiej pr\u00f3bki. In\u017cynierowie i specjali\u015bci ds. kontroli jako\u015bci polegaj\u0105 na tej metodzie, aby oceni\u0107, jak geow\u0142\u00f3kniny zachowuj\u0105 si\u0119 pod wp\u0142ywem napr\u0119\u017ce\u0144 rozci\u0105gaj\u0105cych w rzeczywistych zastosowaniach.<\/p>\n<p data-start=\"743\" data-end=\"1011\">W przeciwie\u0144stwie do metod w\u0105skich pask\u00f3w, ASTM D4595 wykorzystuje <strong data-start=\"790\" data-end=\"824\">metoda pr\u00f3by rozci\u0105gania na szerokiej szeroko\u015bci<\/strong>, co minimalizuje skurcz boczny (szyjk\u0119). Ta cecha zapewnia, \u017ce wyniki test\u00f3w lepiej odzwierciedlaj\u0105 rzeczywist\u0105 wydajno\u015b\u0107 w terenie, szczeg\u00f3lnie w przypadku w\u0142\u00f3knin i elastycznych materia\u0142\u00f3w geotekstylnych.<\/p>\n<p data-start=\"1013\" data-end=\"1176\">Metoda ta ma zastosowanie do szerokiej gamy materia\u0142\u00f3w, w tym tkanych, nietkanych, dzianych i warstwowych geow\u0142\u00f3knin stosowanych w infrastrukturze i in\u017cynierii \u015brodowiska.<\/p>\n<h2 data-section-id=\"1e38fcy\" data-start=\"1183\" data-end=\"1219\">W\u0142a\u015bciwo\u015bci geotekstyli\u00f3w przy rozci\u0105ganiu<\/h2>\n<p data-start=\"1221\" data-end=\"1373\">Zrozumienie <strong data-start=\"1239\" data-end=\"1276\">w\u0142a\u015bciwo\u015bci geotekstyli\u00f3w przy rozci\u0105ganiu<\/strong> ma kluczowe znaczenie dla zastosowa\u0144 takich jak wzmacnianie gleby, budowa dr\u00f3g i kontrola erozji.<\/p>\n<p data-start=\"1375\" data-end=\"1419\">ASTM D4595 ocenia kilka kluczowych parametr\u00f3w:<\/p>\n<ul data-start=\"1421\" data-end=\"1755\">\n<li data-section-id=\"183mnfh\" data-start=\"1421\" data-end=\"1486\"><strong data-start=\"1423\" data-end=\"1443\">Wytrzyma\u0142o\u015b\u0107 na rozci\u0105ganie<\/strong>: Maksymalna si\u0142a na jednostk\u0119 szeroko\u015bci przy zerwaniu<\/li>\n<li data-section-id=\"irxdml\" data-start=\"1487\" data-end=\"1553\"><strong data-start=\"1489\" data-end=\"1503\">Wyd\u0142u\u017cenie<\/strong>: Procentowy wzrost d\u0142ugo\u015bci przy danej sile<\/li>\n<li data-section-id=\"5hph78\" data-start=\"1554\" data-end=\"1618\"><strong data-start=\"1556\" data-end=\"1575\">Modu\u0142 pocz\u0105tkowy<\/strong>: Sztywno\u015b\u0107 na wczesnym etapie obci\u0105\u017cenia<\/li>\n<li data-section-id=\"t4nrjd\" data-start=\"1619\" data-end=\"1696\"><strong data-start=\"1621\" data-end=\"1650\">Modu\u0142 siecznej i przesuni\u0119cia<\/strong>: Reakcja materia\u0142u przy okre\u015blonych poziomach odkszta\u0142cenia<\/li>\n<li data-section-id=\"r8b1le\" data-start=\"1697\" data-end=\"1755\"><strong data-start=\"1699\" data-end=\"1721\">Prze\u0142amywanie wytrzyma\u0142o\u015bci<\/strong>: Energia poch\u0142oni\u0119ta przed awari\u0105<\/li>\n<\/ul>\n<p data-start=\"1757\" data-end=\"1888\">Warto\u015bci te zapewniaj\u0105 niezb\u0119dne dane projektowe dla in\u017cynier\u00f3w pracuj\u0105cych nad wzmocnionymi konstrukcjami gruntowymi, nasypami i systemami oporowymi.<\/p>\n<h2 data-section-id=\"1glc99u\" data-start=\"1895\" data-end=\"1938\">Wyja\u015bnienie metody testu rozci\u0105gania na szerokiej szeroko\u015bci<\/h2>\n<p data-start=\"1940\" data-end=\"2075\">The <strong data-start=\"1944\" data-end=\"1978\">metoda pr\u00f3by rozci\u0105gania na szerokiej szeroko\u015bci<\/strong> odbywa si\u0119 zgodnie z kontrolowan\u0105 procedur\u0105 przy u\u017cyciu maszyny do pr\u00f3b rozci\u0105gania ze sta\u0142\u0105 pr\u0119dko\u015bci\u0105 rozci\u0105gania (CRE).<\/p>\n<h3 data-section-id=\"njnfj3\" data-start=\"2077\" data-end=\"2103\">Przegl\u0105d kluczowych procedur<\/h3>\n<ol data-start=\"2105\" data-end=\"2765\">\n<li data-section-id=\"jurogd\" data-start=\"2105\" data-end=\"2233\"><strong data-start=\"2108\" data-end=\"2132\">Przygotowanie pr\u00f3bki<\/strong><br data-start=\"2132\" data-end=\"2135\" \/>W te\u015bcie wykorzystano szerok\u0105 pr\u00f3bk\u0119, aby zmniejszy\u0107 wp\u0142yw kraw\u0119dzi i symulowa\u0107 rozk\u0142ad napr\u0119\u017ce\u0144 w terenie.<\/li>\n<li data-section-id=\"q6h7mj\" data-start=\"2235\" data-end=\"2362\"><strong data-start=\"2238\" data-end=\"2250\">Zaciskanie<\/strong><br data-start=\"2250\" data-end=\"2253\" \/>Pr\u00f3bka jest chwytana na ca\u0142ej szeroko\u015bci. Prawid\u0142owe wyr\u00f3wnanie ma kluczowe znaczenie dla unikni\u0119cia koncentracji napr\u0119\u017ce\u0144.<\/li>\n<li data-section-id=\"3kt03u\" data-start=\"2364\" data-end=\"2498\"><strong data-start=\"2367\" data-end=\"2385\">Wykonanie testu<\/strong><br data-start=\"2385\" data-end=\"2388\" \/>Urz\u0105dzenie przyk\u0142ada si\u0142\u0119 rozci\u0105gaj\u0105c\u0105 z okre\u015blon\u0105 szybko\u015bci\u0105 (zazwyczaj 10 \u00b1 3 % odkszta\u0142cenia na minut\u0119) a\u017c do zerwania.<\/li>\n<li data-section-id=\"zcmqt1\" data-start=\"2500\" data-end=\"2618\"><strong data-start=\"2503\" data-end=\"2522\">Gromadzenie danych<\/strong><br data-start=\"2522\" data-end=\"2525\" \/>System rejestruje si\u0142\u0119 i wyd\u0142u\u017cenie w spos\u00f3b ci\u0105g\u0142y, generuj\u0105c krzyw\u0105 si\u0142a-wyd\u0142u\u017cenie.<\/li>\n<li data-section-id=\"1fwq6fv\" data-start=\"2620\" data-end=\"2765\"><strong data-start=\"2623\" data-end=\"2645\">Obliczanie wyniku<\/strong><br data-start=\"2645\" data-end=\"2648\" \/>Wytrzyma\u0142o\u015b\u0107 na rozci\u0105ganie jest obliczana jako si\u0142a na jednostk\u0119 szeroko\u015bci, podczas gdy warto\u015bci wyd\u0142u\u017cenia i modu\u0142u wynikaj\u0105 z krzywej.<\/li>\n<\/ol>\n<h3 data-section-id=\"yg2kz5\" data-start=\"2767\" data-end=\"2793\">Dlaczego szeroka szeroko\u015b\u0107 ma znaczenie<\/h3>\n<p data-start=\"2795\" data-end=\"2948\">Tradycyjne w\u0105skie testy paskowe cz\u0119sto zani\u017caj\u0105 wydajno\u015b\u0107 z powodu <strong data-start=\"2865\" data-end=\"2884\">efekty szyi<\/strong>. Norma ASTM D4595 eliminuje t\u0119 kwesti\u0119, dzi\u0119ki czemu jest bardziej odpowiednia:<\/p>\n<ul data-start=\"2950\" data-end=\"3035\">\n<li data-section-id=\"i4e2ap\" data-start=\"2950\" data-end=\"2974\">Geow\u0142\u00f3kniny<\/li>\n<li data-section-id=\"uowa5d\" data-start=\"2975\" data-end=\"3004\">Materia\u0142y o wysokim wyd\u0142u\u017ceniu<\/li>\n<li data-section-id=\"uh7ygu\" data-start=\"3005\" data-end=\"3035\">Zastosowania wzmacniaj\u0105ce<\/li>\n<\/ul>\n<h2 data-section-id=\"11283nw\" data-start=\"3042\" data-end=\"3081\">Sprz\u0119t do pr\u00f3b rozci\u0105gania o szerokiej szeroko\u015bci<\/h2>\n<p data-start=\"3083\" data-end=\"3193\">Wyb\u00f3r w\u0142a\u015bciwego <strong data-start=\"3103\" data-end=\"3143\">Sprz\u0119t do testowania rozci\u0105gania o du\u017cej szeroko\u015bci<\/strong> jest niezb\u0119dna do uzyskania dok\u0142adnych i powtarzalnych wynik\u00f3w.<\/p>\n<p data-start=\"3195\" data-end=\"3244\">Wysokowydajny tester rozci\u0105gania powinien zawiera\u0107:<\/p>\n<ul data-start=\"3246\" data-end=\"3555\">\n<li data-section-id=\"ulydwb\" data-start=\"3246\" data-end=\"3304\"><strong data-start=\"3248\" data-end=\"3273\">Stabilny system sterowania<\/strong> dla precyzyjnego zastosowania obci\u0105\u017cenia<\/li>\n<li data-section-id=\"17u4455\" data-start=\"3305\" data-end=\"3371\"><strong data-start=\"3307\" data-end=\"3333\">Szerokie uchwyty mocuj\u0105ce<\/strong> aby pomie\u015bci\u0107 pr\u00f3bki o pe\u0142nej szeroko\u015bci<\/li>\n<li data-section-id=\"ncfe6w\" data-start=\"3372\" data-end=\"3437\"><strong data-start=\"3374\" data-end=\"3411\">Dok\u0142adny pomiar przemieszczenia<\/strong> do analizy wyd\u0142u\u017cenia<\/li>\n<li data-section-id=\"1tijbyw\" data-start=\"3438\" data-end=\"3494\"><strong data-start=\"3440\" data-end=\"3466\">Elastyczna kontrola pr\u0119dko\u015bci<\/strong> aby spe\u0142ni\u0107 wymagania ASTM<\/li>\n<li data-section-id=\"n02gnc\" data-start=\"3495\" data-end=\"3555\"><strong data-start=\"3497\" data-end=\"3524\">System akwizycji danych<\/strong> do analizy krzywych w czasie rzeczywistym<\/li>\n<\/ul>\n<h3 data-section-id=\"18zfmsq\" data-start=\"3557\" data-end=\"3581\">Zalecane rozwi\u0105zanie do pr\u00f3b rozci\u0105gania geow\u0142\u00f3knin o du\u017cej szeroko\u015bci<\/h3>\n<p><a href=\"https:\/\/www.qualitester.com\/pl\/produkt-2\/tst-01-universal-testing-machine\/\"><img fetchpriority=\"high\" decoding=\"async\" class=\"alignleft wp-image-7906 size-medium\" src=\"https:\/\/www.qualitester.com\/wp-content\/uploads\/2026\/03\/ASTM-D4595-Geotextile-Tensile-Properties-Wide-Width-Method-300x300.webp\" alt=\"ASTM D4595 W\u0142a\u015bciwo\u015bci geow\u0142\u00f3kniny przy rozci\u0105ganiu - metoda szerokiej szeroko\u015bci\" width=\"300\" height=\"300\" srcset=\"https:\/\/www.qualitester.com\/wp-content\/uploads\/2026\/03\/ASTM-D4595-Geotextile-Tensile-Properties-Wide-Width-Method-300x300.webp 300w, https:\/\/www.qualitester.com\/wp-content\/uploads\/2026\/03\/ASTM-D4595-Geotextile-Tensile-Properties-Wide-Width-Method-150x150.webp 150w, https:\/\/www.qualitester.com\/wp-content\/uploads\/2026\/03\/ASTM-D4595-Geotextile-Tensile-Properties-Wide-Width-Method-12x12.webp 12w, https:\/\/www.qualitester.com\/wp-content\/uploads\/2026\/03\/ASTM-D4595-Geotextile-Tensile-Properties-Wide-Width-Method-100x100.webp 100w, https:\/\/www.qualitester.com\/wp-content\/uploads\/2026\/03\/ASTM-D4595-Geotextile-Tensile-Properties-Wide-Width-Method.webp 600w\" sizes=\"(max-width: 300px) 100vw, 300px\" \/><\/a><\/p>\n<p data-start=\"3583\" data-end=\"3679\">The <strong data-start=\"3587\" data-end=\"3629\">Cell Instruments <a href=\"https:\/\/www.qualitester.com\/pl\/produkt-2\/tst-01-universal-testing-machine\/\">TST-01 Urz\u0105dzenie do pr\u00f3b rozci\u0105gania o du\u017cej szeroko\u015bci<\/a><\/strong>\u00a0jest dobrze przystosowany do test\u00f3w ASTM D4595. Oferuje:<\/p>\n<ul data-start=\"3681\" data-end=\"3959\">\n<li data-section-id=\"1lpexl6\" data-start=\"3681\" data-end=\"3746\">Sterowanie PLC z intuicyjnym interfejsem dotykowym<\/li>\n<li data-section-id=\"1jcej4f\" data-start=\"3747\" data-end=\"3797\">Precyzyjna kontrola przemieszczenia (\u00b10,01 mm)<\/li>\n<li data-section-id=\"19fs2ok\" data-start=\"3798\" data-end=\"3839\">Regulowany zakres pr\u0119dko\u015bci (1-500 mm\/min)<\/li>\n<li data-section-id=\"1inwk2h\" data-start=\"3840\" data-end=\"3897\">Solidna konstrukcja mechaniczna zapewniaj\u0105ca d\u0142ugotrwa\u0142\u0105 niezawodno\u015b\u0107<\/li>\n<li data-section-id=\"1lkmee0\" data-start=\"3898\" data-end=\"3959\">Kompatybilno\u015b\u0107 z niestandardowymi urz\u0105dzeniami do testowania geow\u0142\u00f3knin<\/li>\n<\/ul>\n<p data-start=\"3961\" data-end=\"4071\">Jego zdolno\u015b\u0107 adaptacji sprawia, \u017ce idealnie nadaje si\u0119 do laboratori\u00f3w obs\u0142uguj\u0105cych r\u00f3\u017cne materia\u0142y geow\u0142\u00f3kninowe i warunki testowania.<\/p>\n<h2 data-section-id=\"3hjvgm\" data-start=\"4078\" data-end=\"4135\">Znaczenie normy ASTM D4595 w zastosowaniach in\u017cynieryjnych<\/h2>\n<p data-start=\"4137\" data-end=\"4256\">ASTM D4595 zapewnia <strong data-start=\"4157\" data-end=\"4187\">niezawodne parametry projektowe<\/strong> dla projekt\u00f3w in\u017cynierii geotechnicznej. In\u017cynierowie wykorzystuj\u0105 wyniki do:<\/p>\n<ul data-start=\"4258\" data-end=\"4420\">\n<li data-section-id=\"1vp4q9r\" data-start=\"4258\" data-end=\"4302\">Projektowanie wzmocnionych dr\u00f3g i chodnik\u00f3w<\/li>\n<li data-section-id=\"11xl2p1\" data-start=\"4303\" data-end=\"4339\">Ocena system\u00f3w stabilno\u015bci zboczy<\/li>\n<li data-section-id=\"vjekgm\" data-start=\"4340\" data-end=\"4381\">Opracowanie wzmocnie\u0144 \u015bcian oporowych<\/li>\n<li data-section-id=\"1xr8ne1\" data-start=\"4382\" data-end=\"4420\">Ocena nasyp\u00f3w na mi\u0119kkich glebach<\/li>\n<\/ul>\n<p data-start=\"4422\" data-end=\"4564\">Poniewa\u017c test \u015bci\u015ble symuluje warunki terenowe, zapewnia on <strong data-start=\"4494\" data-end=\"4529\">bardziej realistyczne dane dotycz\u0105ce wydajno\u015bci<\/strong> w por\u00f3wnaniu do w\u0119\u017cszych metod testowych.<\/p>\n<h2 data-section-id=\"w1c0q0\" data-start=\"5096\" data-end=\"5131\">Najcz\u0119\u015bciej zadawane pytania<\/h2>\n<p data-start=\"5133\" data-end=\"5312\"><strong data-start=\"5133\" data-end=\"5196\">1. Co odr\u00f3\u017cnia norm\u0119 ASTM D4595 od test\u00f3w rozci\u0105gania metod\u0105 chwytania?<\/strong><br data-start=\"5196\" data-end=\"5199\" \/>Norma ASTM D4595 wykorzystuje szerok\u0105 pr\u00f3bk\u0119, zmniejszaj\u0105c wp\u0142yw kraw\u0119dzi i zapewniaj\u0105c bardziej reprezentatywne wyniki ni\u017c testy chwytania.<\/p>\n<p data-start=\"5314\" data-end=\"5452\"><strong data-start=\"5314\" data-end=\"5364\">2. Czy <a href=\"https:\/\/store.astm.org\/d4595_d4595m-24.html\" rel=\"nofollow noopener\" target=\"_blank\">ASTM D4595<\/a> mo\u017cna stosowa\u0107 do mokrych geow\u0142\u00f3knin?<\/strong><br data-start=\"5364\" data-end=\"5367\" \/>Tak, standard obejmuje procedury testowania zar\u00f3wno pr\u00f3bek kondycjonowanych, jak i mokrych.<\/p>\n<p data-start=\"5454\" data-end=\"5594\"><strong data-start=\"5454\" data-end=\"5506\">3. Dlaczego szeroko\u015b\u0107 pr\u00f3bki jest wa\u017cna w tym te\u015bcie?<\/strong><br data-start=\"5506\" data-end=\"5509\" \/>Szersza pr\u00f3bka minimalizuje szyjk\u0119 i lepiej symuluje rzeczywisty rozk\u0142ad obci\u0105\u017cenia.<\/p>\n<p data-start=\"5596\" data-end=\"5710\"><strong data-start=\"5596\" data-end=\"5636\">4. Jaki typ maszyny jest wymagany?<\/strong><br data-start=\"5636\" data-end=\"5639\" \/>Wymagana jest maszyna do pr\u00f3b rozci\u0105gania ze sta\u0142\u0105 pr\u0119dko\u015bci\u0105 rozci\u0105gania (CRE).<\/p>\n<p data-start=\"5712\" data-end=\"5851\"><strong data-start=\"5712\" data-end=\"5761\">5. Jak radzi\u0107 sobie z po\u015blizgiem podczas test\u00f3w?<\/strong><br data-start=\"5761\" data-end=\"5764\" \/>Mo\u017cna zmodyfikowa\u0107 zaciski, doda\u0107 wy\u015bci\u00f3\u0142k\u0119 lub dostosowa\u0107 powierzchnie chwytaj\u0105ce, aby poprawi\u0107 wydajno\u015b\u0107.<\/p>","protected":false},"excerpt":{"rendered":"<p>Introduction to ASTM D4595 ASTM D4595 defines a standardized procedure for determining the tensile properties of geotextiles using a wide specimen. Engineers and quality control professionals rely on this method to evaluate how geotextiles behave under tensile stress in real-world applications. Unlike narrow strip methods, ASTM D4595 uses a wide-width tensile test method, which minimizes &hellip;<\/p>\n<p class=\"read-more\"> <a class=\"\" href=\"https:\/\/www.qualitester.com\/pl\/standards\/astm-d4595\/\"> <span class=\"screen-reader-text\">ASTM D4595<\/span> Czytaj wi\u0119cej \"<\/a><\/p>","protected":false},"author":4,"featured_media":7906,"parent":4948,"menu_order":0,"comment_status":"closed","ping_status":"closed","template":"","meta":{"site-sidebar-layout":"default","site-content-layout":"default","ast-global-header-display":"","ast-main-header-display":"","ast-hfb-above-header-display":"","ast-hfb-below-header-display":"","ast-hfb-mobile-header-display":"","site-post-title":"","ast-breadcrumbs-content":"","ast-featured-img":"disabled","footer-sml-layout":"","theme-transparent-header-meta":"default","adv-header-id-meta":"","stick-header-meta":"","header-above-stick-meta":"","header-main-stick-meta":"","header-below-stick-meta":"","footnotes":""},"class_list":["post-7905","page","type-page","status-publish","has-post-thumbnail","hentry"],"_links":{"self":[{"href":"https:\/\/www.qualitester.com\/pl\/wp-json\/wp\/v2\/pages\/7905","targetHints":{"allow":["GET"]}}],"collection":[{"href":"https:\/\/www.qualitester.com\/pl\/wp-json\/wp\/v2\/pages"}],"about":[{"href":"https:\/\/www.qualitester.com\/pl\/wp-json\/wp\/v2\/types\/page"}],"author":[{"embeddable":true,"href":"https:\/\/www.qualitester.com\/pl\/wp-json\/wp\/v2\/users\/4"}],"replies":[{"embeddable":true,"href":"https:\/\/www.qualitester.com\/pl\/wp-json\/wp\/v2\/comments?post=7905"}],"version-history":[{"count":0,"href":"https:\/\/www.qualitester.com\/pl\/wp-json\/wp\/v2\/pages\/7905\/revisions"}],"up":[{"embeddable":true,"href":"https:\/\/www.qualitester.com\/pl\/wp-json\/wp\/v2\/pages\/4948"}],"wp:featuredmedia":[{"embeddable":true,"href":"https:\/\/www.qualitester.com\/pl\/wp-json\/wp\/v2\/media\/7906"}],"wp:attachment":[{"href":"https:\/\/www.qualitester.com\/pl\/wp-json\/wp\/v2\/media?parent=7905"}],"curies":[{"name":"wp","href":"https:\/\/api.w.org\/{rel}","templated":true}]}}