{"id":7865,"date":"2026-02-25T11:52:28","date_gmt":"2026-02-25T03:52:28","guid":{"rendered":"https:\/\/www.qualitester.com\/?page_id=7865"},"modified":"2026-02-25T11:57:07","modified_gmt":"2026-02-25T03:57:07","slug":"pet-bottle-wall-thickness-test","status":"publish","type":"page","link":"https:\/\/www.qualitester.com\/pl\/applications\/pet-bottle-wall-thickness-test\/","title":{"rendered":"Test grubo\u015bci \u015bcianki butelki PET"},"content":{"rendered":"<p data-start=\"343\" data-end=\"664\">The <strong data-start=\"347\" data-end=\"381\">test grubo\u015bci \u015bcianki butelki pet<\/strong> odgrywa decyduj\u0105c\u0105 rol\u0119 w zapewnieniu wytrzyma\u0142o\u015bci opakowania, bezpiecze\u0144stwa i wydajno\u015bci materia\u0142owej. W przypadku producent\u00f3w wody, napoj\u00f3w, farmaceutyk\u00f3w i chemikali\u00f3w codziennego u\u017cytku grubo\u015b\u0107 \u015bcianki ma bezpo\u015bredni wp\u0142yw na odporno\u015b\u0107 na \u015bciskanie, wydajno\u015b\u0107 przy obci\u0105\u017ceniu g\u00f3rnym, wytrzyma\u0142o\u015b\u0107 na upadek i w\u0142a\u015bciwo\u015bci barierowe.<\/p>\n<p data-start=\"666\" data-end=\"957\">W \u015brodowiskach produkcyjnych o wysokiej pr\u0119dko\u015bci nawet niewielkie odchylenia grubo\u015bci mog\u0105 powodowa\u0107 deformacj\u0119 butelek, wycieki lub nadmierne zu\u017cycie materia\u0142u. Dlatego systematyczne podej\u015bcie do testowania pomaga zespo\u0142om kontroli jako\u015bci zachowa\u0107 sp\u00f3jno\u015b\u0107, zoptymalizowa\u0107 zu\u017cycie \u017cywicy i spe\u0142ni\u0107 oczekiwania prawne.<\/p>\n<h2 data-start=\"1144\" data-end=\"1199\">Przewodnik po grubo\u015bci \u015bcianek butelek: Dlaczego pomiar ma znaczenie<\/h2>\n<p data-start=\"1201\" data-end=\"1337\">Struktura <strong data-start=\"1214\" data-end=\"1245\">Przewodnik po grubo\u015bci \u015bcianki butelki<\/strong> zaczyna si\u0119 od zrozumienia, dlaczego jednorodno\u015b\u0107 grubo\u015bci ma kluczowe znaczenie w produkcji pojemnik\u00f3w PET.<\/p>\n<p data-start=\"1339\" data-end=\"1512\">Butelki PET s\u0105 zwykle produkowane przy u\u017cyciu formowania wtryskowego z rozci\u0105ganiem i rozdmuchiwaniem (ISBM). Podczas rozci\u0105gania i rozdmuchiwania materia\u0142 ulega nier\u00f3wnomiernej redystrybucji. Krytyczne regiony obejmuj\u0105:<\/p>\n<ul>\n<li>Strefy przej\u015bciowe ramion<\/li>\n<li>Obszary panelu<\/li>\n<li>Sekcje podstawy i push-up<\/li>\n<li>Pier\u015bcie\u0144 podtrzymuj\u0105cy szyj\u0119<\/li>\n<\/ul>\n<p data-start=\"1613\" data-end=\"1689\">Je\u015bli grubo\u015b\u0107 \u015bcianki jest zbyt ma\u0142a w obszarach nara\u017conych na du\u017ce obci\u0105\u017cenia, butelki mog\u0105 ulec uszkodzeniu:<\/p>\n<ul>\n<li data-start=\"1693\" data-end=\"1712\">Uk\u0142adanie od g\u00f3ry<\/li>\n<li data-start=\"1715\" data-end=\"1742\">Wewn\u0119trzne testy ci\u015bnieniowe<\/li>\n<li data-start=\"1745\" data-end=\"1771\">Wibracje transportowe<\/li>\n<li data-start=\"1774\" data-end=\"1794\">Procesy wype\u0142niania na gor\u0105co<\/li>\n<\/ul>\n<p data-start=\"1796\" data-end=\"1887\">Z drugiej strony, nadmierna grubo\u015b\u0107 zwi\u0119ksza koszty materia\u0142\u00f3w i zmniejsza konkurencyjno\u015b\u0107.<\/p>\n<p data-start=\"1889\" data-end=\"1960\">Niezawodny <strong data-start=\"1900\" data-end=\"1934\">test grubo\u015bci \u015bcianki butelki pet<\/strong> umo\u017cliwia producentom<\/p>\n<ul>\n<li data-start=\"1964\" data-end=\"1997\">Sterowanie projektami odchudzania<\/li>\n<li data-start=\"2000\" data-end=\"2034\">Weryfikacja skuteczno\u015bci projektu formy<\/li>\n<li data-start=\"2037\" data-end=\"2088\">Zapewnienie zgodno\u015bci z wewn\u0119trznymi specyfikacjami kontroli jako\u015bci<\/li>\n<li data-start=\"2091\" data-end=\"2117\">Wsparcie optymalizacji bada\u0144 i rozwoju<\/li>\n<\/ul>\n<h2 data-start=\"2246\" data-end=\"2302\">Grubo\u015b\u0107 \u015bcianki plastikowej butelki: Kluczowe wska\u017aniki jako\u015bci<\/h2>\n<p data-start=\"2304\" data-end=\"2475\">Podczas dyskusji <strong data-start=\"2320\" data-end=\"2353\">grubo\u015b\u0107 \u015bcianki plastikowej butelki<\/strong>, In\u017cynierowie oceniaj\u0105 wi\u0119cej ni\u017c tylko pojedyncz\u0105 warto\u015b\u0107 pomiarow\u0105. Analizuj\u0105 rozk\u0142ad grubo\u015bci w wielu strefach.<\/p>\n<p data-start=\"2477\" data-end=\"2506\">Wa\u017cne wska\u017aniki obejmuj\u0105:<\/p>\n<p data-start=\"2508\" data-end=\"2596\"><strong data-start=\"2508\" data-end=\"2537\">1. Minimalna grubo\u015b\u0107 \u015bcianki<\/strong><br data-start=\"2537\" data-end=\"2540\" \/>Najcie\u0144szy punkt okre\u015bla strukturalne marginesy bezpiecze\u0144stwa.<\/p>\n<p data-start=\"2598\" data-end=\"2665\"><strong data-start=\"2598\" data-end=\"2622\">2. \u015arednia grubo\u015b\u0107<\/strong><br data-start=\"2622\" data-end=\"2625\" \/>Zapewnia odniesienie do zu\u017cycia materia\u0142u.<\/p>\n<p data-start=\"2667\" data-end=\"2766\"><strong data-start=\"2667\" data-end=\"2706\">3. Zmienno\u015b\u0107 grubo\u015bci (jednorodno\u015b\u0107)<\/strong><br data-start=\"2706\" data-end=\"2709\" \/>Du\u017ce odchylenia wskazuj\u0105 na niestabilne warunki przetwarzania.<\/p>\n<p data-start=\"2768\" data-end=\"2838\"><strong data-start=\"2768\" data-end=\"2791\">4. Grubo\u015b\u0107 dna<\/strong><br data-start=\"2791\" data-end=\"2794\" \/>Wp\u0142ywa na stabilno\u015b\u0107 pod\u0142o\u017ca i odporno\u015b\u0107 na pe\u0142zanie.<\/p>\n<p data-start=\"2840\" data-end=\"3064\">Profesjonalista <strong data-start=\"2855\" data-end=\"2889\">test grubo\u015bci \u015bcianki butelki pet<\/strong> cz\u0119sto obejmuje wielopunktowy pomiar wzd\u0142u\u017c kierunku pionowego i obwodowego. Takie podej\u015bcie ujawnia wsp\u00f3\u0142czynniki rozci\u0105gania i charakterystyk\u0119 przep\u0142ywu \u017cywicy podczas formowania z rozdmuchiwaniem.<\/p>\n<p data-start=\"3066\" data-end=\"3226\">W przypadku napoj\u00f3w i wody dzia\u0142y kontroli jako\u015bci cz\u0119sto ustalaj\u0105 zakresy akceptacji dla ka\u017cdego regionu, zamiast polega\u0107 na jednej globalnej warto\u015bci.<\/p>\n<h2 data-start=\"3233\" data-end=\"3295\">Grubo\u015b\u0107 plastikowej butelki na wod\u0119: Normy i tolerancje<\/h2>\n<p data-start=\"3297\" data-end=\"3359\">The <strong data-start=\"3301\" data-end=\"3338\">grubo\u015b\u0107 plastikowej butelki na wod\u0119<\/strong> r\u00f3\u017cni si\u0119 w zale\u017cno\u015bci od:<\/p>\n<ul>\n<li data-start=\"3363\" data-end=\"3392\">Pojemno\u015b\u0107 butelki (od 250 ml do 5 l)<\/li>\n<li data-start=\"3395\" data-end=\"3458\">Przeznaczenie (woda niegazowana, napoje gazowane, gor\u0105ce napoje)<\/li>\n<li data-start=\"3461\" data-end=\"3488\">Wymagania dotycz\u0105ce transportu<\/li>\n<li data-start=\"3491\" data-end=\"3514\">Strategia lekko\u015bci<\/li>\n<\/ul>\n<p data-start=\"3516\" data-end=\"3680\">Chocia\u017c \u017caden uniwersalny globalny standard nie definiuje dok\u0142adnych warto\u015bci grubo\u015bci, producenci zazwyczaj przestrzegaj\u0105 wewn\u0119trznych specyfikacji technicznych dostosowanych do praktyk bran\u017cowych.<\/p>\n<p data-start=\"3682\" data-end=\"3694\">Na przyk\u0142ad:<\/p>\n<ul>\n<li data-start=\"3698\" data-end=\"3783\">Ma\u0142e butelki na wod\u0119 o pojemno\u015bci 500 ml cz\u0119sto maj\u0105 grubo\u015b\u0107 \u015bcianek bocznych od 0,20 mm do 0,40 mm.<\/li>\n<li data-start=\"3786\" data-end=\"3859\">Butelki na napoje gazowane wymagaj\u0105 wzmocnionych ramion i podstawy.<\/li>\n<\/ul>\n<p data-start=\"3861\" data-end=\"3946\">Sp\u00f3jny <strong data-start=\"3874\" data-end=\"3908\">test grubo\u015bci \u015bcianki butelki pet<\/strong> Program zapewnia, \u017ce grubo\u015b\u0107 spe\u0142nia:<\/p>\n<ul>\n<li data-start=\"3950\" data-end=\"3988\"><a href=\"https:\/\/www.qualitester.com\/pl\/produkt-2\/sale-bottle-crush-testing-machine\/\" target=\"_blank\" rel=\"noopener\">Wydajno\u015b\u0107 kompresji<\/a>e wymagania<\/li>\n<li data-start=\"3991\" data-end=\"4020\"><a href=\"https:\/\/www.qualitester.com\/pl\/produkt-2\/best-balloon-burst-tester-for-sale\/\" target=\"_blank\" rel=\"noopener\">Ci\u015bnienie rozrywaj\u0105ce<\/a> oczekiwania<\/li>\n<li data-start=\"4023\" data-end=\"4045\">Stabilno\u015b\u0107 w okresie przechowywania<\/li>\n<\/ul>\n<p data-start=\"4047\" data-end=\"4168\">W bran\u017cach podlegaj\u0105cych regulacjom prawnym, takich jak bran\u017ca farmaceutyczna, weryfikacja grubo\u015bci wspiera r\u00f3wnie\u017c dokumentacj\u0119 walidacji opakowa\u0144.<\/p>\n<h2 data-start=\"4175\" data-end=\"4223\">Metody pomiaru grubo\u015bci butelki z wod\u0105<\/h2>\n<p data-start=\"4225\" data-end=\"4353\">The <strong data-start=\"4229\" data-end=\"4258\">grubo\u015b\u0107 butelki na wod\u0119<\/strong> mo\u017cna mierzy\u0107 przy u\u017cyciu r\u00f3\u017cnych technik w zale\u017cno\u015bci od dok\u0142adno\u015bci i wymaga\u0144 aplikacji.<\/p>\n<h3 data-start=\"4355\" data-end=\"4389\"><a href=\"https:\/\/www.qualitester.com\/pl\/produkt-2\/wtt-plastic-bottle-wall-thickness-gauge\/\" target=\"_blank\" rel=\"noopener\">Pomiar styk\u00f3w mechanicznych<\/a><\/h3>\n<p data-start=\"4391\" data-end=\"4548\">Metoda ta wykorzystuje precyzyjn\u0105 sond\u0119 umieszczon\u0105 wewn\u0105trz butelki, podczas gdy zewn\u0119trzne kowade\u0142ko styka si\u0119 z zewn\u0119trzn\u0105 powierzchni\u0105. Zapewnia ona bezpo\u015brednie i wiarygodne odczyty.<\/p>\n<p data-start=\"4550\" data-end=\"4561\">Zalety:<\/p>\n<ul>\n<li data-start=\"4564\" data-end=\"4579\">Wysoka dok\u0142adno\u015b\u0107<\/li>\n<li data-start=\"4582\" data-end=\"4611\">Nadaje si\u0119 do z\u0142o\u017conych kszta\u0142t\u00f3w<\/li>\n<li data-start=\"4614\" data-end=\"4630\">Op\u0142acalno\u015b\u0107<\/li>\n<\/ul>\n<p data-start=\"4632\" data-end=\"4644\">Ograniczenia:<\/p>\n<ul>\n<li data-start=\"4647\" data-end=\"4676\">Wymaga r\u0119cznego pozycjonowania<\/li>\n<li data-start=\"4679\" data-end=\"4713\">Nie nadaje si\u0119 do testowania na linii produkcyjnej<\/li>\n<\/ul>\n<h3 data-start=\"4715\" data-end=\"4741\">Pomiar ultrad\u017awi\u0119kowy<\/h3>\n<p data-start=\"4743\" data-end=\"4821\">Urz\u0105dzenia ultrad\u017awi\u0119kowe mierz\u0105 grubo\u015b\u0107 bez przecinania lub niszczenia butelki.<\/p>\n<p data-start=\"4823\" data-end=\"4834\">Zalety:<\/p>\n<ul>\n<li>Nieniszcz\u0105cy<\/li>\n<li>Szybkie testowanie<\/li>\n<\/ul>\n<p data-start=\"4873\" data-end=\"4885\">Ograniczenia:<\/p>\n<ul>\n<li>Wymaga kalibracji materia\u0142u<\/li>\n<li>Wra\u017cliwy na krzywizn\u0119 powierzchni<\/li>\n<\/ul>\n<p data-start=\"4956\" data-end=\"5134\">Aby zapewni\u0107 precyzj\u0119 na poziomie laboratorium, wiele dzia\u0142\u00f3w kontroli jako\u015bci preferuje przyrz\u0105dy typu kontaktowego, poniewa\u017c zapewniaj\u0105 one stabilne i powtarzalne wyniki dla <strong data-start=\"5099\" data-end=\"5133\">test grubo\u015bci \u015bcianki butelki pet<\/strong>.<\/p>\n<h2 data-start=\"5141\" data-end=\"5191\">Jak przeprowadzi\u0107 test grubo\u015bci \u015bcianki butelki PET?<\/h2>\n<p data-start=\"5193\" data-end=\"5273\">Standaryzowany <strong data-start=\"5208\" data-end=\"5242\">test grubo\u015bci \u015bcianki butelki pet<\/strong> Zazwyczaj wykonuje nast\u0119puj\u0105ce kroki:<\/p>\n<ol>\n<li data-start=\"5278\" data-end=\"5357\"><strong data-start=\"5278\" data-end=\"5300\">Przygotowanie pr\u00f3bki<\/strong><br data-start=\"5300\" data-end=\"5303\" \/>Upewnij si\u0119, \u017ce butelki s\u0105 czyste i wolne od deformacji.<\/li>\n<li data-start=\"5362\" data-end=\"5474\"><strong data-start=\"5362\" data-end=\"5393\">Wyb\u00f3r punktu pomiarowego<\/strong><br data-start=\"5393\" data-end=\"5396\" \/>Zdefiniuj warstwy pionowe (g\u00f3rna, \u015brodkowa, dolna) i pozycje obwodowe.<\/li>\n<li data-start=\"5479\" data-end=\"5546\"><strong data-start=\"5479\" data-end=\"5494\">Kalibracja<\/strong><br data-start=\"5494\" data-end=\"5497\" \/>Zweryfikowa\u0107 dok\u0142adno\u015b\u0107 przyrz\u0105du za pomoc\u0105 p\u0142ytek wzorcowych.<\/li>\n<li data-start=\"5551\" data-end=\"5626\"><strong data-start=\"5551\" data-end=\"5569\">Rejestrowanie danych<\/strong><br data-start=\"5569\" data-end=\"5572\" \/>Rejestrowanie warto\u015bci wielopunktowych w celu oceny dystrybucji.<\/li>\n<li data-start=\"5631\" data-end=\"5700\"><strong data-start=\"5631\" data-end=\"5643\">Analiza<\/strong><br data-start=\"5643\" data-end=\"5646\" \/>Por\u00f3wnanie wynik\u00f3w z wewn\u0119trznymi specyfikacjami QC.<\/li>\n<\/ol>\n<p data-start=\"5702\" data-end=\"5842\">Technicy powinni unika\u0107 nadmiernej si\u0142y nacisku sondy, poniewa\u017c mo\u017ce to wp\u0142yn\u0105\u0107 na dok\u0142adno\u015b\u0107 pomiaru. Regularna kalibracja zapewnia d\u0142ugoterminow\u0105 niezawodno\u015b\u0107.<\/p>\n<hr data-start=\"5844\" data-end=\"5847\" \/>\n<h2 data-start=\"5849\" data-end=\"5894\">Zalecane rozwi\u0105zanie: Tester grubo\u015bci \u015bcianek Cell Instruments WTT<\/h2>\n<p data-start=\"5896\" data-end=\"6088\">Dla laboratori\u00f3w poszukuj\u0105cych precyzyjnych i przyjaznych dla u\u017cytkownika test\u00f3w <a href=\"https:\/\/www.qualitester.com\/pl\/produkt-2\/wtt-plastic-bottle-wall-thickness-gauge\/\"><strong data-start=\"5960\" data-end=\"5989\">Tester grubo\u015bci \u015bcianek WTT<\/strong><\/a> od Cell Instruments zapewnia profesjonalne rozwi\u0105zanie dla <strong data-start=\"6053\" data-end=\"6087\">test grubo\u015bci \u015bcianki butelki pet<\/strong>.<\/p>\n<p data-start=\"6090\" data-end=\"6115\">Kluczowe mo\u017cliwo\u015bci obejmuj\u0105:<\/p>\n<ul>\n<li data-start=\"6119\" data-end=\"6168\">Cyfrowy wy\u015bwietlacz zapewniaj\u0105cy wyra\u017ane i dok\u0142adne odczyty<\/li>\n<li data-start=\"6171\" data-end=\"6218\">Pomiar grubo\u015bci \u015bcianki i dna<\/li>\n<li data-start=\"6221\" data-end=\"6279\">Mo\u017cliwo\u015b\u0107 dostosowania do pojemnik\u00f3w o z\u0142o\u017conych wzorach powierzchni<\/li>\n<li data-start=\"6282\" data-end=\"6338\">Opcjonalny eksport danych do programu Excel w celu analizy statystycznej<\/li>\n<\/ul>\n<p data-start=\"6340\" data-end=\"6513\">W przeciwie\u0144stwie do podstawowych miernik\u00f3w grubo\u015bci, WTT obs\u0142uguje ustrukturyzowane procesy kontroli jako\u015bci. In\u017cynierowie mog\u0105 szybko por\u00f3wnywa\u0107 pomiary wielopunktowe i generowa\u0107 raporty z kontroli.<\/p>\n<p data-start=\"6515\" data-end=\"6556\">To rozwi\u0105zanie jest odpowiednie dla takich bran\u017c jak<\/p>\n<ul>\n<li>Napoje i woda butelkowana<\/li>\n<li>Farmaceutyki<\/li>\n<li>Codzienne pakowanie chemikali\u00f3w<\/li>\n<li>Pojemniki na \u017cywno\u015b\u0107<\/li>\n<\/ul>\n<p data-start=\"6659\" data-end=\"6794\">Integruj\u0105c niezawodne oprzyrz\u0105dowanie z procesami kontroli jako\u015bci, producenci poprawiaj\u0105 sp\u00f3jno\u015b\u0107, jednocze\u015bnie wspieraj\u0105c optymalizacj\u0119 lekko\u015bci.<\/p>","protected":false},"excerpt":{"rendered":"<p>The pet bottle wall thickness test plays a decisive role in ensuring packaging strength, safety, and material efficiency. For manufacturers of water, beverages, pharmaceuticals, and daily chemicals, wall thickness directly affects compression resistance, top load performance, drop strength, and barrier properties. In high-speed production environments, even minor thickness deviations can cause bottle deformation, leakage, or &hellip;<\/p>\n<p class=\"read-more\"> <a class=\"\" href=\"https:\/\/www.qualitester.com\/pl\/applications\/pet-bottle-wall-thickness-test\/\"> <span class=\"screen-reader-text\">Test grubo\u015bci \u015bcianki butelki PET<\/span> Czytaj wi\u0119cej \"<\/a><\/p>","protected":false},"author":4,"featured_media":7866,"parent":6794,"menu_order":0,"comment_status":"closed","ping_status":"closed","template":"","meta":{"site-sidebar-layout":"default","site-content-layout":"default","ast-global-header-display":"","ast-main-header-display":"","ast-hfb-above-header-display":"","ast-hfb-below-header-display":"","ast-hfb-mobile-header-display":"","site-post-title":"","ast-breadcrumbs-content":"","ast-featured-img":"disabled","footer-sml-layout":"","theme-transparent-header-meta":"default","adv-header-id-meta":"","stick-header-meta":"","header-above-stick-meta":"","header-main-stick-meta":"","header-below-stick-meta":"","footnotes":""},"class_list":["post-7865","page","type-page","status-publish","has-post-thumbnail","hentry"],"_links":{"self":[{"href":"https:\/\/www.qualitester.com\/pl\/wp-json\/wp\/v2\/pages\/7865","targetHints":{"allow":["GET"]}}],"collection":[{"href":"https:\/\/www.qualitester.com\/pl\/wp-json\/wp\/v2\/pages"}],"about":[{"href":"https:\/\/www.qualitester.com\/pl\/wp-json\/wp\/v2\/types\/page"}],"author":[{"embeddable":true,"href":"https:\/\/www.qualitester.com\/pl\/wp-json\/wp\/v2\/users\/4"}],"replies":[{"embeddable":true,"href":"https:\/\/www.qualitester.com\/pl\/wp-json\/wp\/v2\/comments?post=7865"}],"version-history":[{"count":0,"href":"https:\/\/www.qualitester.com\/pl\/wp-json\/wp\/v2\/pages\/7865\/revisions"}],"up":[{"embeddable":true,"href":"https:\/\/www.qualitester.com\/pl\/wp-json\/wp\/v2\/pages\/6794"}],"wp:featuredmedia":[{"embeddable":true,"href":"https:\/\/www.qualitester.com\/pl\/wp-json\/wp\/v2\/media\/7866"}],"wp:attachment":[{"href":"https:\/\/www.qualitester.com\/pl\/wp-json\/wp\/v2\/media?parent=7865"}],"curies":[{"name":"wp","href":"https:\/\/api.w.org\/{rel}","templated":true}]}}