{"id":7691,"date":"2025-12-22T14:03:51","date_gmt":"2025-12-22T06:03:51","guid":{"rendered":"https:\/\/www.qualitester.com\/?page_id=7691"},"modified":"2025-12-22T14:05:35","modified_gmt":"2025-12-22T06:05:35","slug":"paper-tear-strength-test","status":"publish","type":"page","link":"https:\/\/www.qualitester.com\/pl\/applications\/paper-tear-strength-test\/","title":{"rendered":"Test wytrzyma\u0142o\u015bci papieru na rozdarcie"},"content":{"rendered":"<h1 style=\"text-align: center;\" data-start=\"370\" data-end=\"882\">Test wytrzyma\u0142o\u015bci papieru na rozdarcie wg Elmendorfa<br \/>\n<small>ASTM D689<\/small><\/h1>\n<hr \/>\n<p data-start=\"604\" data-end=\"964\"><img decoding=\"async\" class=\"wp-image-7700 alignleft\" src=\"https:\/\/www.qualitester.com\/wp-content\/uploads\/2025\/12\/Paper-Tear-Strength-Tester-297x300.webp\" alt=\"Test wytrzyma\u0142o\u015bci papieru na rozdarcie\" width=\"208\" height=\"210\" srcset=\"https:\/\/www.qualitester.com\/wp-content\/uploads\/2025\/12\/Paper-Tear-Strength-Tester-297x300.webp 297w, https:\/\/www.qualitester.com\/wp-content\/uploads\/2025\/12\/Paper-Tear-Strength-Tester-150x150.webp 150w, https:\/\/www.qualitester.com\/wp-content\/uploads\/2025\/12\/Paper-Tear-Strength-Tester-12x12.webp 12w, https:\/\/www.qualitester.com\/wp-content\/uploads\/2025\/12\/Paper-Tear-Strength-Tester-100x100.webp 100w, https:\/\/www.qualitester.com\/wp-content\/uploads\/2025\/12\/Paper-Tear-Strength-Tester.webp 396w\" sizes=\"(max-width: 208px) 100vw, 208px\" \/><\/p>\n<p data-start=\"604\" data-end=\"964\">The <strong data-start=\"608\" data-end=\"636\">Test wytrzyma\u0142o\u015bci papieru na rozdarcie<\/strong> zdefiniowany w <strong data-start=\"648\" data-end=\"661\">ASTM D689<\/strong> jest powszechnie akceptowan\u0105 metod\u0105 oceny wewn\u0119trznej odporno\u015bci papieru na rozdarcie. Zamiast mierzy\u0107 wytrzyma\u0142o\u015b\u0107 na rozci\u0105ganie, test ten koncentruje si\u0119 na zdolno\u015bci materia\u0142u do przeciwstawienia si\u0119 <strong data-start=\"838\" data-end=\"880\">propagacja \u0142ez po pocz\u0105tkowej szczelinie<\/strong>, kt\u00f3ry dok\u0142adnie odzwierciedla rzeczywiste uszkodzenia podczas przetwarzania, drukowania i u\u017cytkowania ko\u0144cowego.<\/p>\n<p data-start=\"966\" data-end=\"1290\">U\u017cywaj\u0105c skalibrowanego <strong data-start=\"988\" data-end=\"1013\">Tester rozdarcia Elmendorf<\/strong>, Norma ASTM D689 zapewnia powtarzalne i por\u00f3wnywalne podej\u015bcie do okre\u015blania wytrzyma\u0142o\u015bci papieru na rozdarcie w r\u00f3\u017cnych gatunkach i sk\u0142adach w\u0142\u00f3kien. Niniejszy artyku\u0142 szczeg\u00f3\u0142owo wyja\u015bnia metod\u0119 testow\u0105, pomagaj\u0105c personelowi laboratorium w prawid\u0142owym stosowaniu normy i uzyskiwaniu wiarygodnych wynik\u00f3w.<\/p>\n<hr \/>\n<h2 data-start=\"1297\" data-end=\"1362\">Zrozumienie <strong data-start=\"1314\" data-end=\"1327\">ASTM D689<\/strong> w Elmendorf Tear Tester Operation<\/h2>\n<p data-start=\"1364\" data-end=\"1670\"><strong data-start=\"1364\" data-end=\"1377\">ASTM D689<\/strong> okre\u015bla u\u017cycie <strong data-start=\"1402\" data-end=\"1427\">Tester rozdarcia Elmendorf<\/strong>, kt\u00f3re dzia\u0142a na zasadzie utraty energii. Gdy wahad\u0142o porusza si\u0119 po ustalonym \u0142uku, rozrywa jedn\u0105 lub wi\u0119cej warstw papieru na okre\u015blon\u0105 odleg\u0142o\u015b\u0107. Zmniejszenie energii potencjalnej odpowiada bezpo\u015brednio <strong data-start=\"1646\" data-end=\"1669\">wytrzyma\u0142o\u015b\u0107 papieru na rozdarcie<\/strong>.<\/p>\n<p data-start=\"1672\" data-end=\"1944\">W przeciwie\u0144stwie do statycznych test\u00f3w si\u0142y, ta dynamiczna metoda rozdzierania pozwala uchwyci\u0107 odporno\u015b\u0107 w\u0142\u00f3kien na szybk\u0105 propagacj\u0119 p\u0119kni\u0119\u0107. Norma umo\u017cliwia testowanie pojedynczych arkuszy lub wielu warstw, w zale\u017cno\u015bci od wytrzyma\u0142o\u015bci materia\u0142u, zapewniaj\u0105c, \u017ce zmierzona warto\u015b\u0107 mie\u015bci si\u0119 w optymalnym zakresie przyrz\u0105du.<\/p>\n<p data-start=\"1946\" data-end=\"1991\">Kluczowe cechy metody ASTM D689 obejmuj\u0105:<\/p>\n<ul data-start=\"1993\" data-end=\"2166\">\n<li data-start=\"1993\" data-end=\"2053\">\n<p data-start=\"1995\" data-end=\"2053\">Zastosowana si\u0142a odrywaj\u0105ca <strong data-start=\"2017\" data-end=\"2053\">prostopad\u0142a do p\u0142aszczyzny papieru<\/strong><\/p>\n<\/li>\n<li data-start=\"2054\" data-end=\"2104\">\n<p data-start=\"2056\" data-end=\"2104\">Sta\u0142a d\u0142ugo\u015b\u0107 rozdarcia i kontrolowana inicjacja rozdarcia<\/p>\n<\/li>\n<li data-start=\"2105\" data-end=\"2166\">\n<p data-start=\"2107\" data-end=\"2166\">Pomiar wyra\u017cony jako \u015brednia odporno\u015b\u0107 na rozdarcie na warstw\u0119<\/p>\n<\/li>\n<\/ul>\n<hr \/>\n<h2 data-start=\"2173\" data-end=\"2231\">Dlaczego <strong data-start=\"2180\" data-end=\"2193\">ASTM D689<\/strong> Sprawy w laboratoriach testuj\u0105cych papier<\/h2>\n<p data-start=\"2233\" data-end=\"2486\">Norma ASTM D689 odgrywa kluczow\u0105 rol\u0119 w kontroli jako\u015bci i rozwoju materia\u0142\u00f3w, poniewa\u017c <strong data-start=\"2317\" data-end=\"2340\">wytrzyma\u0142o\u015b\u0107 papieru na rozdarcie<\/strong> bezpo\u015brednio wp\u0142ywa na u\u017cyteczno\u015b\u0107 i trwa\u0142o\u015b\u0107. Papier o niewystarczaj\u0105cej odporno\u015bci na rozdarcie mo\u017ce ulec uszkodzeniu podczas sk\u0142adania, wi\u0105zania lub pakowania.<\/p>\n<p data-start=\"2488\" data-end=\"2510\">Standard obs\u0142uguje:<\/p>\n<ul data-start=\"2512\" data-end=\"2675\">\n<li data-start=\"2512\" data-end=\"2560\">\n<p data-start=\"2514\" data-end=\"2560\">Rutynowe monitorowanie jako\u015bci produkcji papieru<\/p>\n<\/li>\n<li data-start=\"2561\" data-end=\"2606\">\n<p data-start=\"2563\" data-end=\"2606\">Ocena por\u00f3wnawcza mi\u0119dzy ocenami papieru<\/p>\n<\/li>\n<li data-start=\"2607\" data-end=\"2675\">\n<p data-start=\"2609\" data-end=\"2675\">Przewidywanie wydajno\u015bci w po\u0142\u0105czeniu z testami na rozci\u0105ganie i rozerwanie<\/p>\n<\/li>\n<\/ul>\n<p data-start=\"2677\" data-end=\"2833\">Poniewa\u017c norma ASTM D689 jest zgodna z mi\u0119dzynarodowymi metodami, takimi jak ISO 1974 i TAPPI T414, umo\u017cliwia ona r\u00f3wnie\u017c sp\u00f3jne por\u00f3wnywanie danych w globalnych \u0142a\u0144cuchach dostaw.<\/p>\n<hr \/>\n<h2 data-start=\"4884\" data-end=\"4934\"><strong data-start=\"2843\" data-end=\"2871\">Test wytrzyma\u0142o\u015bci papieru na rozdarcie<\/strong> i pomiar wytrzyma\u0142o\u015bci papieru na rozdarcie<\/h2>\n<p data-start=\"2912\" data-end=\"3118\">The <strong data-start=\"2916\" data-end=\"2944\">Test wytrzyma\u0142o\u015bci papieru na rozdarcie<\/strong> zgodnie z norm\u0105 ASTM D689 okre\u015bla \u015bredni\u0105 si\u0142\u0119 wymagan\u0105 do kontynuowania rozdarcia po jego rozpocz\u0119ciu. Warto\u015b\u0107 ta odzwierciedla wewn\u0119trzne wi\u0105zanie w\u0142\u00f3kien, d\u0142ugo\u015b\u0107 w\u0142\u00f3kien i formowanie arkuszy.<\/p>\n<p data-start=\"3120\" data-end=\"3163\">Wa\u017cne kwestie techniczne obejmuj\u0105:<\/p>\n<ul data-start=\"3165\" data-end=\"3390\">\n<li data-start=\"3165\" data-end=\"3245\">\n<p data-start=\"3167\" data-end=\"3245\">Testy kierunkowe w <strong data-start=\"3190\" data-end=\"3216\">kierunek maszyny (MD)<\/strong> oraz <strong data-start=\"3221\" data-end=\"3245\">kierunek poprzeczny (CD)<\/strong><\/p>\n<\/li>\n<li data-start=\"3246\" data-end=\"3316\">\n<p data-start=\"3248\" data-end=\"3316\">Zastosowanie wielu warstw zapewnia odczyty w pobli\u017cu 40% pe\u0142nej skali.<\/p>\n<\/li>\n<li data-start=\"3317\" data-end=\"3390\">\n<p data-start=\"3319\" data-end=\"3390\">Raportowanie wynik\u00f3w dla pojedynczego arkusza, nawet w przypadku testowania wielu warstw.<\/p>\n<\/li>\n<\/ul>\n<p data-start=\"3392\" data-end=\"3538\">Odporno\u015b\u0107 papieru na rozdarcie cz\u0119sto znacznie r\u00f3\u017cni si\u0119 mi\u0119dzy MD i CD, co sprawia, \u017ce testy kierunkowe s\u0105 niezb\u0119dne do dok\u0142adnej charakterystyki.<\/p>\n<hr \/>\n<h2>Przygotowanie pr\u00f3bek i procedury testowe zgodnie z ASTM D689<\/h2>\n<p data-start=\"3614\" data-end=\"3693\">W\u0142a\u015bciwe przygotowanie pr\u00f3bki zapewnia prawid\u0142owe i powtarzalne wyniki zgodnie z norm\u0105 ASTM D689.<\/p>\n<p data-start=\"3695\" data-end=\"3846\"><strong data-start=\"3695\" data-end=\"3711\">Kondycjonowanie<\/strong><br \/>\nPr\u00f3bki papieru musz\u0105 by\u0107 kondycjonowane w standardowych warunkach atmosferycznych okre\u015blonych przez odpowiednie praktyki testowe przed rozpocz\u0119ciem test\u00f3w.<\/p>\n<p data-start=\"3848\" data-end=\"4063\"><strong data-start=\"3848\" data-end=\"3866\">Konfiguracja pr\u00f3bki<\/strong><br \/>\nArkusze s\u0105 uk\u0142adane w wymagan\u0105 liczb\u0119 warstw, przy czym wszystkie boki drutu s\u0105 zorientowane sp\u00f3jnie. Pr\u00f3bka jest wy\u015brodkowana w zaciskach, a pocz\u0105tkowa szczelina jest wprowadzana w celu ukierunkowania propagacji rozdarcia.<\/p>\n<p data-start=\"4065\" data-end=\"4294\"><strong data-start=\"4065\" data-end=\"4083\">Wykonanie testu<\/strong><br \/>\nWahad\u0142o jest podnoszone do pozycji wyj\u015bciowej i p\u0142ynnie zwalniane. Gdy pr\u00f3bka si\u0119 rozrywa, wska\u017anik rejestruje zu\u017cyt\u0105 energi\u0119. Tester rejestruje \u015bredni\u0105 si\u0142\u0119 rozrywaj\u0105c\u0105 na ustalonym dystansie.<\/p>\n<p data-start=\"4296\" data-end=\"4505\"><strong data-start=\"4296\" data-end=\"4314\">Rejestrowanie danych<\/strong><br \/>\nLiczba warstw i odczyt skali s\u0105 rejestrowane dla ka\u017cdego testu. Wyniki, kt\u00f3re wykazuj\u0105 nieprawid\u0142owe \u015bcie\u017cki rozdarcia lub odchylenia od zamierzonej linii rozdarcia, s\u0105 odrzucane zgodnie ze standardowymi kryteriami.<\/p>\n<hr \/>\n<h2>Najcz\u0119stsze wyzwania w testach ASTM D689 i sposoby ich unikania<\/h2>\n<p>&nbsp;<\/p>\n<p data-start=\"4577\" data-end=\"4648\">Pomimo swojej prostoty, norma ASTM D689 wymaga starannej dba\u0142o\u015bci o szczeg\u00f3\u0142y.<\/p>\n<p data-start=\"4650\" data-end=\"4672\">Typowe problemy obejmuj\u0105:<\/p>\n<ul data-start=\"4674\" data-end=\"4865\">\n<li data-start=\"4674\" data-end=\"4739\">\n<p data-start=\"4676\" data-end=\"4739\"><strong data-start=\"4676\" data-end=\"4703\">Nieprawid\u0142owy wyb\u00f3r warstwy<\/strong>, co prowadzi do odczyt\u00f3w poza zakresem<\/p>\n<\/li>\n<li data-start=\"4740\" data-end=\"4797\">\n<p data-start=\"4742\" data-end=\"4797\"><strong data-start=\"4742\" data-end=\"4768\">Niewsp\u00f3\u0142osiowo\u015b\u0107 zacisk\u00f3w<\/strong>, powoduj\u0105c nier\u00f3wne \u015bcie\u017cki rozdarcia<\/p>\n<\/li>\n<li data-start=\"4798\" data-end=\"4865\">\n<p data-start=\"4800\" data-end=\"4865\"><strong data-start=\"4800\" data-end=\"4838\">Niesp\u00f3jna orientacja po stronie przewodu<\/strong>, wp\u0142ywaj\u0105ce na powtarzalno\u015b\u0107<\/p>\n<\/li>\n<\/ul>\n<p data-start=\"4867\" data-end=\"5042\">Aby zminimalizowa\u0107 b\u0142\u0119dy, laboratoria powinny rutynowo weryfikowa\u0107 kalibracj\u0119 przyrz\u0105d\u00f3w, przestrzega\u0107 wymaga\u0144 dotycz\u0105cych obchodzenia si\u0119 z pr\u00f3bkami i odrzuca\u0107 nieprawid\u0142owe wyniki, jak okre\u015blono w normie.<\/p>\n<hr \/>\n<h2 data-start=\"5049\" data-end=\"5108\">Wyb\u00f3r testera rozdarcia Elmendorf pod k\u0105tem zgodno\u015bci z norm\u0105 ASTM D689<\/h2>\n<figure id=\"attachment_7701\" aria-describedby=\"caption-attachment-7701\" style=\"width: 209px\" class=\"wp-caption alignright\"><a href=\"https:\/\/www.qualitester.com\/pl\/produkt-2\/sld-01-elimendorf-tear-resistance-testing-machine\/\"><img fetchpriority=\"high\" decoding=\"async\" class=\"wp-image-7701\" src=\"https:\/\/www.qualitester.com\/wp-content\/uploads\/2025\/12\/Tear-Tester-SLD-01-239x300.jpg\" alt=\"Test wytrzyma\u0142o\u015bci papieru na rozdarcie\" width=\"209\" height=\"262\" srcset=\"https:\/\/www.qualitester.com\/wp-content\/uploads\/2025\/12\/Tear-Tester-SLD-01-239x300.jpg 239w, https:\/\/www.qualitester.com\/wp-content\/uploads\/2025\/12\/Tear-Tester-SLD-01-10x12.jpg 10w, https:\/\/www.qualitester.com\/wp-content\/uploads\/2025\/12\/Tear-Tester-SLD-01.jpg 318w\" sizes=\"(max-width: 209px) 100vw, 209px\" \/><\/a><figcaption id=\"caption-attachment-7701\" class=\"wp-caption-text\">Tester rozdarcia SLD-01<\/figcaption><\/figure>\n<p data-start=\"5110\" data-end=\"5305\">Podczas gdy norma ASTM D689 koncentruje si\u0119 na metodologii, a nie na markach sprz\u0119tu, tester musi spe\u0142nia\u0107 kluczowe wymagania dotycz\u0105ce wydajno\u015bci, w tym dok\u0142adno\u015b\u0107 wahad\u0142a, stabilne mocowanie i precyzyjn\u0105 rozdzielczo\u015b\u0107 skali.<\/p>\n<p data-start=\"5110\" data-end=\"5305\">\n<p data-start=\"5307\" data-end=\"5626\">Nowoczesne testery Elmendorf, takie jak <strong data-start=\"5350\" data-end=\"5377\"><a href=\"http:\/\/celtec.cn\" rel=\"nofollow noopener\" target=\"_blank\">Cell Instruments<\/a> <a href=\"https:\/\/www.qualitester.com\/pl\/produkt-2\/sld-01-elimendorf-tear-resistance-testing-machine\/\">SLD-01<\/a><\/strong>, zosta\u0142y zaprojektowane tak, aby wspiera\u0107 testy ASTM D689 poprzez kontrolowane uwalnianie wahad\u0142a, wyra\u017any odczyt skali i adaptowalne mocowanie pr\u00f3bki.<\/p>\n<p data-start=\"5307\" data-end=\"5626\">Cechy te pomagaj\u0105 laboratoriom zachowa\u0107 sp\u00f3jno\u015b\u0107 podczas stosowania standardu na r\u00f3\u017cnych rodzajach papieru.<\/p>\n<p data-start=\"5307\" data-end=\"5626\">\n<p data-start=\"5307\" data-end=\"5626\">\n<hr \/>\n<h2 data-start=\"5388\" data-end=\"5870\">Wnioski<\/h2>\n<p data-start=\"5648\" data-end=\"6000\">The <strong data-start=\"5652\" data-end=\"5690\">Test wytrzyma\u0142o\u015bci na rozdarcie papieru ASTM D689<\/strong> pozostaje podstawow\u0105 metod\u0105 oceny odporno\u015bci na rozdarcie wewn\u0119trzne materia\u0142\u00f3w papierowych. Post\u0119puj\u0105c zgodnie z okre\u015blonymi procedurami testowymi, zapewniaj\u0105c prawid\u0142owe przygotowanie pr\u00f3bki i rozumiej\u0105c zasady dzia\u0142ania testera Elmendorfa, laboratoria mog\u0105 generowa\u0107 dok\u0142adne i por\u00f3wnywalne dane dotycz\u0105ce wytrzyma\u0142o\u015bci na rozdarcie.<\/p>\n<p data-start=\"6002\" data-end=\"6177\">Prawid\u0142owo stosowana norma ASTM D689 zapewnia cenny wgl\u0105d w wydajno\u015b\u0107 papieru, wspieraj\u0105c kontrol\u0119 jako\u015bci, rozw\u00f3j produktu i zgodno\u015b\u0107 z oczekiwaniami bran\u017cy.<\/p>\n<h2>Najcz\u0119\u015bciej zadawane pytania<\/h2>\n<p data-start=\"166\" data-end=\"445\"><strong data-start=\"166\" data-end=\"201\">P1: Do czego s\u0142u\u017cy norma ASTM D689?<\/strong><br data-start=\"201\" data-end=\"204\" \/><strong data-start=\"204\" data-end=\"210\">A:<\/strong> ASTM D689 definiuje <strong data-start=\"233\" data-end=\"261\">Test wytrzyma\u0142o\u015bci papieru na rozdarcie<\/strong> przy u\u017cyciu testera Elmendorfa. Mierzy on <strong data-start=\"310\" data-end=\"350\">wewn\u0119trzna odporno\u015b\u0107 papieru na rozdarcie<\/strong> i pomaga przewidzie\u0107, jak papier b\u0119dzie si\u0119 zachowywa\u0142 podczas przetwarzania, drukowania lub zastosowa\u0144 ko\u0144cowych.<\/p>\n<p data-start=\"447\" data-end=\"702\"><strong data-start=\"447\" data-end=\"505\">P2: Jakie rodzaje papieru mog\u0105 by\u0107 testowane zgodnie z norm\u0105 ASTM D689?<\/strong><br data-start=\"505\" data-end=\"508\" \/><strong data-start=\"508\" data-end=\"514\">A:<\/strong> Norma ma zastosowanie do wi\u0119kszo\u015bci gatunk\u00f3w papieru, w tym papieru drukarskiego, opakowaniowego i specjalnego. Nie nadaje si\u0119 do wysoce kierunkowych tektur, w kt\u00f3rych rozdarcie poprzeczne jest krytyczne.<\/p>\n<p data-start=\"704\" data-end=\"943\"><strong data-start=\"704\" data-end=\"744\">P3: Ile warstw nale\u017cy przetestowa\u0107?<\/strong><br data-start=\"744\" data-end=\"747\" \/><strong data-start=\"747\" data-end=\"753\">A:<\/strong> Liczba warstw jest tak dobrana, aby energia rozrywania by\u0142a bliska 40% pe\u0142nego zakresu skali urz\u0105dzenia. Zapewnia to dok\u0142adne odczyty bez przeci\u0105\u017cania testera Elmendorf.<\/p>\n<p data-start=\"945\" data-end=\"1195\"><strong data-start=\"945\" data-end=\"990\">P4: Dlaczego kondycjonowanie pr\u00f3bek jest wa\u017cne?<\/strong><br data-start=\"990\" data-end=\"993\" \/><strong data-start=\"993\" data-end=\"999\">A:<\/strong> Papier musi by\u0107 kondycjonowany w standardowych warunkach atmosferycznych, aby ustabilizowa\u0107 zawarto\u015b\u0107 wilgoci. Zapobiega to zmienno\u015bci wynik\u00f3w odporno\u015bci na rozdarcie spowodowanej wahaniami wilgotno\u015bci lub temperatury.<\/p>\n<p>&nbsp;<\/p>","protected":false},"excerpt":{"rendered":"<p>Paper Tear Strength Test by Elmendorf ASTM D689 The paper tear strength test defined in ASTM D689 is a widely accepted method for evaluating the internal tearing resistance of paper. Rather than measuring tensile failure, this test focuses on a material\u2019s ability to resist tear propagation after an initial slit, which closely reflects real-world damage &hellip;<\/p>\n<p class=\"read-more\"> <a class=\"\" href=\"https:\/\/www.qualitester.com\/pl\/applications\/paper-tear-strength-test\/\"> <span class=\"screen-reader-text\">Test wytrzyma\u0142o\u015bci papieru na rozdarcie<\/span> Czytaj wi\u0119cej \"<\/a><\/p>","protected":false},"author":8,"featured_media":0,"parent":6794,"menu_order":0,"comment_status":"closed","ping_status":"closed","template":"","meta":{"site-sidebar-layout":"default","site-content-layout":"default","ast-global-header-display":"","ast-main-header-display":"","ast-hfb-above-header-display":"","ast-hfb-below-header-display":"","ast-hfb-mobile-header-display":"","site-post-title":"","ast-breadcrumbs-content":"","ast-featured-img":"","footer-sml-layout":"","theme-transparent-header-meta":"default","adv-header-id-meta":"","stick-header-meta":"","header-above-stick-meta":"","header-main-stick-meta":"","header-below-stick-meta":"","footnotes":""},"class_list":["post-7691","page","type-page","status-publish","hentry"],"_links":{"self":[{"href":"https:\/\/www.qualitester.com\/pl\/wp-json\/wp\/v2\/pages\/7691","targetHints":{"allow":["GET"]}}],"collection":[{"href":"https:\/\/www.qualitester.com\/pl\/wp-json\/wp\/v2\/pages"}],"about":[{"href":"https:\/\/www.qualitester.com\/pl\/wp-json\/wp\/v2\/types\/page"}],"author":[{"embeddable":true,"href":"https:\/\/www.qualitester.com\/pl\/wp-json\/wp\/v2\/users\/8"}],"replies":[{"embeddable":true,"href":"https:\/\/www.qualitester.com\/pl\/wp-json\/wp\/v2\/comments?post=7691"}],"version-history":[{"count":0,"href":"https:\/\/www.qualitester.com\/pl\/wp-json\/wp\/v2\/pages\/7691\/revisions"}],"up":[{"embeddable":true,"href":"https:\/\/www.qualitester.com\/pl\/wp-json\/wp\/v2\/pages\/6794"}],"wp:attachment":[{"href":"https:\/\/www.qualitester.com\/pl\/wp-json\/wp\/v2\/media?parent=7691"}],"curies":[{"name":"wp","href":"https:\/\/api.w.org\/{rel}","templated":true}]}}