{"id":7673,"date":"2025-12-19T14:55:14","date_gmt":"2025-12-19T06:55:14","guid":{"rendered":"https:\/\/www.qualitester.com\/?page_id=7673"},"modified":"2025-12-19T16:05:46","modified_gmt":"2025-12-19T08:05:46","slug":"astm-d1938","status":"publish","type":"page","link":"https:\/\/www.qualitester.com\/pl\/standards\/astm-d1938\/","title":{"rendered":"ASTM D1938"},"content":{"rendered":"<h1 style=\"text-align: center;\" data-start=\"553\" data-end=\"1074\">ASTM D1938<br \/>\nOdporno\u015b\u0107 folii na rozci\u0105ganie i metody testowania<\/h1>\n<p class=\"\" data-start=\"553\" data-end=\"1074\">The <strong data-start=\"502\" data-end=\"541\">Odporno\u015b\u0107 folii na propagacj\u0119 \u0142ez<\/strong> jest kluczow\u0105 cech\u0105 s\u0142u\u017c\u0105c\u0105 do oceny trwa\u0142o\u015bci i wydajno\u015bci folii z tworzyw sztucznych i cienkich arkuszy stosowanych w r\u00f3\u017cnych ga\u0142\u0119ziach przemys\u0142u. <strong data-start=\"689\" data-end=\"703\">ASTM D1938<\/strong>, standardowa metoda testowa do pomiaru odporno\u015bci na rozdarcie, wykorzystuje specyficzn\u0105 metod\u0119 znan\u0105 jako <strong data-start=\"797\" data-end=\"819\">metoda pojedynczego rozdarcia<\/strong> aby okre\u015bli\u0107, jak dobrze materia\u0142y s\u0105 odporne na propagacj\u0119 rozdarcia. Metoda ta ma fundamentalne znaczenie dla zrozumienia, w jaki spos\u00f3b materia\u0142y zachowuj\u0105 si\u0119 pod wp\u0142ywem napr\u0119\u017ce\u0144, zapewniaj\u0105c, \u017ce producenci wytwarzaj\u0105 solidne i niezawodne folie z tworzyw sztucznych do swoich zastosowa\u0144.<\/p>\n<hr class=\"\" data-start=\"1603\" data-end=\"1606\" \/>\n<h2 data-start=\"1608\" data-end=\"1666\">ASTM D1938: Norma dotycz\u0105ca pomiaru odporno\u015bci na propagacj\u0119 \u0142ez<\/h2>\n<p class=\"\" data-start=\"1668\" data-end=\"1815\"><strong data-start=\"1128\" data-end=\"1142\">ASTM D1938<\/strong> okre\u015bla metod\u0119 pomiaru <strong data-start=\"1177\" data-end=\"1225\">Odporno\u015b\u0107 folii z tworzyw sztucznych na propagacj\u0119 przez rozdarcie<\/strong> i cienkich materia\u0142\u00f3w arkuszowych o grubo\u015bci 1 mm (0,04 cala) lub mniejszej. Ten test wykorzystuje <strong data-start=\"1319\" data-end=\"1363\">maszyna do separacji o sta\u0142ej pr\u0119dko\u015bci chwytania<\/strong> w celu okre\u015blenia si\u0142y potrzebnej do propagacji rozdarcia w materiale po wprowadzeniu szczeliny. <strong data-start=\"1458\" data-end=\"1497\">Odporno\u015b\u0107 folii na propagacj\u0119 \u0142ez<\/strong> ma kluczowe znaczenie w bran\u017cach, w kt\u00f3rych produkty foliowe musz\u0105 wytrzymywa\u0107 napr\u0119\u017cenia mechaniczne, takich jak opakowania, urz\u0105dzenia medyczne i tekstylia.<\/p>\n<h3 data-start=\"2150\" data-end=\"2194\">Czym jest test propagacji \u0142ez dla folii?<\/h3>\n<p class=\"\" data-start=\"2196\" data-end=\"2468\">W <strong data-start=\"1689\" data-end=\"1725\">Test odporno\u015bci na rozci\u0105ganie<\/strong> zdefiniowany przez <strong data-start=\"1737\" data-end=\"1751\">ASTM D1938<\/strong>, Pr\u00f3bka folii z tworzywa sztucznego lub cienkiego arkusza jest ci\u0119ta do okre\u015blonego rozmiaru i poddawana dzia\u0142aniu si\u0142y, kt\u00f3ra rozprzestrzenia rozdarcie od pocz\u0105tkowej szczeliny. Test mierzy si\u0142\u0119 wymagan\u0105 do dalszego rozrywania materia\u0142u. Odbywa si\u0119 to za pomoc\u0105 <strong data-start=\"1988\" data-end=\"2032\">maszyna do separacji o sta\u0142ej pr\u0119dko\u015bci chwytania<\/strong>, kt\u00f3ry rozdziela uchwyty mocuj\u0105ce pr\u00f3bk\u0119 z kontrolowan\u0105 pr\u0119dko\u015bci\u0105, zazwyczaj 250 mm\/min. Uzyskane dane pozwalaj\u0105 producentom oceni\u0107, jak dobrze materia\u0142 wytrzyma napr\u0119\u017cenia mechaniczne.<\/p>\n<h3 data-start=\"3878\" data-end=\"3985\">Metoda rozdarcia folii z tworzywa sztucznego: Procedura i testowanie<\/h3>\n<h3 data-start=\"2288\" data-end=\"2319\">Przygotowanie pr\u00f3bki testowej<\/h3>\n<p data-start=\"2321\" data-end=\"2669\">Aby uruchomi\u0107 <strong data-start=\"2334\" data-end=\"2347\">test \u0142ez<\/strong>, Pr\u00f3bka jest przycinana do wymaganych wymiar\u00f3w, zapewniaj\u0105c, \u017ce jej grubo\u015b\u0107 jest jednolita i dok\u0142adnie zmierzona. Szczelin\u0119 umieszcza si\u0119 centralnie na pr\u00f3bce i mocuje w uchwycie. <strong data-start=\"2530\" data-end=\"2574\">maszyna do separacji o sta\u0142ej pr\u0119dko\u015bci chwytania<\/strong>. Maszyna ta jest u\u017cywana do przyk\u0142adania si\u0142y z kontrolowan\u0105 pr\u0119dko\u015bci\u0105 oddzielania w celu propagacji rozdarcia.<\/p>\n<h3 data-start=\"2671\" data-end=\"2692\">Procedura testowania<\/h3>\n<ol data-start=\"2694\" data-end=\"3161\">\n<li data-start=\"2694\" data-end=\"2808\">\n<p data-start=\"2697\" data-end=\"2808\"><strong data-start=\"2697\" data-end=\"2719\">Umieszczenie pr\u00f3bki<\/strong>: Pr\u00f3bka folii jest umieszczana w maszynie ze szczelin\u0105 umieszczon\u0105 mi\u0119dzy dwoma zaciskami.<\/p>\n<\/li>\n<li data-start=\"2809\" data-end=\"2917\">\n<p data-start=\"2812\" data-end=\"2917\"><strong data-start=\"2812\" data-end=\"2833\">Zastosowanie si\u0142y<\/strong>: Test rozpoczyna si\u0119 od przy\u0142o\u017cenia kontrolowanej si\u0142y z pr\u0119dko\u015bci\u0105 250 mm\/min.<\/p>\n<\/li>\n<li data-start=\"2918\" data-end=\"3017\">\n<p data-start=\"2921\" data-end=\"3017\"><strong data-start=\"2921\" data-end=\"2941\">Rozprzestrzenianie si\u0119 \u0142ez<\/strong>: Rozerwanie trwa do momentu ca\u0142kowitego rozprzestrzenienia si\u0119 po pr\u00f3bce.<\/p>\n<\/li>\n<li data-start=\"3018\" data-end=\"3161\">\n<p data-start=\"3021\" data-end=\"3161\"><strong data-start=\"3021\" data-end=\"3046\">Rejestrowanie wynik\u00f3w<\/strong>: Si\u0142a wymagana do rozprzestrzenienia si\u0119 rozdarcia jest rejestrowana, a dane te s\u0105 wykorzystywane do obliczenia <strong data-start=\"3141\" data-end=\"3160\">odporno\u015b\u0107 na rozdarcie<\/strong>.<\/p>\n<\/li>\n<\/ol>\n<h3 data-start=\"3163\" data-end=\"3190\">Kluczowe czynniki do rozwa\u017cenia<\/h3>\n<ul data-start=\"3192\" data-end=\"3612\">\n<li data-start=\"3192\" data-end=\"3396\">\n<p data-start=\"3194\" data-end=\"3396\">The <strong data-start=\"3198\" data-end=\"3217\">odporno\u015b\u0107 na rozdarcie<\/strong> dla <strong data-start=\"3222\" data-end=\"3239\">folie z tworzyw sztucznych<\/strong> r\u00f3\u017cni si\u0119 w zale\u017cno\u015bci od rozci\u0105gliwo\u015bci materia\u0142u. Bardziej rozci\u0105gliwe materia\u0142y b\u0119d\u0105 mia\u0142y inn\u0105 charakterystyk\u0119 rozdzierania ni\u017c materia\u0142y mniej rozci\u0105gliwe.<\/p>\n<\/li>\n<li data-start=\"3397\" data-end=\"3612\">\n<p data-start=\"3399\" data-end=\"3612\">Test musi by\u0107 przeprowadzony w kontrolowanych warunkach, takich jak utrzymanie <strong data-start=\"3475\" data-end=\"3503\">temperatura i wilgotno\u015b\u0107<\/strong> w okre\u015blonych zakresach (23 \u00b1 2\u00b0C i 50 \u00b1 10% wilgotno\u015bci wzgl\u0119dnej), aby zapewni\u0107 dok\u0142adne i powtarzalne wyniki.<\/p>\n<\/li>\n<\/ul>\n<hr class=\"\" data-start=\"3987\" data-end=\"3990\" \/>\n<h2 data-start=\"3614\" data-end=\"3655\">Zastosowania normy ASTM D1938 w przemy\u015ble<\/h2>\n<p data-start=\"3657\" data-end=\"3749\">The <strong data-start=\"3661\" data-end=\"3700\">Odporno\u015b\u0107 folii na propagacj\u0119 \u0142ez<\/strong> jest istotn\u0105 w\u0142a\u015bciwo\u015bci\u0105 w wielu bran\u017cach:<\/p>\n<ul data-start=\"3750\" data-end=\"4231\">\n<li data-start=\"3750\" data-end=\"3920\">\n<p data-start=\"3752\" data-end=\"3920\"><strong data-start=\"3752\" data-end=\"3765\">Opakowanie<\/strong>: Materia\u0142y u\u017cywane do pakowania musz\u0105 by\u0107 odporne na rozdarcia podczas transportu i obs\u0142ugi, a ten test zapewnia, \u017ce folie spe\u0142niaj\u0105 te wymagania dotycz\u0105ce trwa\u0142o\u015bci.<\/p>\n<\/li>\n<li data-start=\"3921\" data-end=\"4048\">\n<p data-start=\"3923\" data-end=\"4048\"><strong data-start=\"3923\" data-end=\"3942\">Urz\u0105dzenia medyczne<\/strong>: Folie stosowane w opakowaniach lub urz\u0105dzeniach medycznych musz\u0105 by\u0107 odporne na rozdarcia, aby zachowa\u0107 sterylno\u015b\u0107 i bezpiecze\u0144stwo produktu.<\/p>\n<\/li>\n<li data-start=\"4049\" data-end=\"4231\">\n<p data-start=\"4051\" data-end=\"4231\"><strong data-start=\"4051\" data-end=\"4075\">Tekstylia i tkaniny<\/strong>: Testowanie odporno\u015bci na rozdarcie folii stosowanych w tekstyliach lub pokryciach ochronnych pomaga zapewni\u0107, \u017ce b\u0119d\u0105 one dzia\u0142a\u0107 pod obci\u0105\u017ceniem w rzeczywistych zastosowaniach.<\/p>\n<\/li>\n<\/ul>\n<hr class=\"\" data-start=\"4624\" data-end=\"4627\" \/>\n<h2 data-start=\"4233\" data-end=\"4273\">Znaczenie test\u00f3w odporno\u015bci na rozdarcie<\/h2>\n<p data-start=\"4275\" data-end=\"4787\"><strong data-start=\"4275\" data-end=\"4302\">Test odporno\u015bci na rozdarcie<\/strong> poprzez <strong data-start=\"4311\" data-end=\"4325\">ASTM D1938<\/strong> pomaga producentom oceni\u0107 <strong data-start=\"4357\" data-end=\"4387\">Trwa\u0142o\u015b\u0107 i niezawodno\u015b\u0107<\/strong> swoich produkt\u00f3w. Poprzez dok\u0142adny pomiar <strong data-start=\"4435\" data-end=\"4461\">si\u0142a propagacji \u0142ez<\/strong>, Producenci mog\u0105 zapewni\u0107, \u017ce ich folie spe\u0142niaj\u0105 standardy bran\u017cowe i s\u0105 w stanie wytrzyma\u0107 si\u0142y mechaniczne, kt\u00f3re mog\u0105 napotka\u0107 podczas u\u017cytkowania. Ma to zasadnicze znaczenie w bran\u017cach, w kt\u00f3rych niespe\u0142nienie standard\u00f3w wydajno\u015bci mo\u017ce prowadzi\u0107 do uszkodze\u0144 lub problem\u00f3w zwi\u0105zanych z bezpiecze\u0144stwem, takich jak opakowania medyczne, opakowania \u017cywno\u015bci i materia\u0142y bezpiecze\u0144stwa.<\/p>\n<hr class=\"\" data-start=\"5073\" data-end=\"5076\" \/>\n<h2 data-start=\"4789\" data-end=\"4836\">Cell Instruments: Zaawansowane rozwi\u0105zania testowe<\/h2>\n<p data-start=\"4838\" data-end=\"5261\">Przy <strong data-start=\"4841\" data-end=\"4861\">Cell Instruments<\/strong>, zapewniamy najwy\u017cszy poziom <strong data-start=\"4883\" data-end=\"4911\">maszyny do pr\u00f3b rozci\u0105gania<\/strong> oraz <strong data-start=\"4916\" data-end=\"4943\">testery odporno\u015bci na rozdarcie<\/strong> kt\u00f3re s\u0105 zgodne z <strong data-start=\"4961\" data-end=\"4975\">ASTM D1938<\/strong>. Nasz sprz\u0119t zapewnia precyzyjny pomiar <strong data-start=\"5022\" data-end=\"5053\">Odporno\u015b\u0107 na propagacj\u0119 \u0142ez<\/strong>, pomagaj\u0105c producentom utrzyma\u0107 wysokie standardy jako\u015bci produkt\u00f3w. Niezale\u017cnie od tego, czy dzia\u0142asz w bran\u017cy opakowaniowej, tekstylnej czy medycznej, <strong data-start=\"5183\" data-end=\"5203\">Cell Instruments<\/strong> jest zaufanym partnerem w zakresie testowania i zapewniania jako\u015bci.<\/p>\n<p><a href=\"https:\/\/www.qualitester.com\/pl\/?s=Tensile+tester\" target=\"_blank\" rel=\"noopener\"><img fetchpriority=\"high\" decoding=\"async\" class=\"aligncenter wp-image-7675 size-medium\" src=\"https:\/\/www.qualitester.com\/wp-content\/uploads\/2025\/12\/ASTM-D1938-Tear-Propagation-Resistance-of-Film-and-Testing-Methods-300x300.webp\" alt=\"ASTM D1938 Odporno\u015b\u0107 folii na rozci\u0105ganie i metody testowania\" width=\"300\" height=\"300\" srcset=\"https:\/\/www.qualitester.com\/wp-content\/uploads\/2025\/12\/ASTM-D1938-Tear-Propagation-Resistance-of-Film-and-Testing-Methods-300x300.webp 300w, https:\/\/www.qualitester.com\/wp-content\/uploads\/2025\/12\/ASTM-D1938-Tear-Propagation-Resistance-of-Film-and-Testing-Methods-150x150.webp 150w, https:\/\/www.qualitester.com\/wp-content\/uploads\/2025\/12\/ASTM-D1938-Tear-Propagation-Resistance-of-Film-and-Testing-Methods-12x12.webp 12w, https:\/\/www.qualitester.com\/wp-content\/uploads\/2025\/12\/ASTM-D1938-Tear-Propagation-Resistance-of-Film-and-Testing-Methods-100x100.webp 100w, https:\/\/www.qualitester.com\/wp-content\/uploads\/2025\/12\/ASTM-D1938-Tear-Propagation-Resistance-of-Film-and-Testing-Methods.webp 600w\" sizes=\"(max-width: 300px) 100vw, 300px\" \/><\/a><\/p>\n<p>&nbsp;<\/p>\n<h2>Wnioski<\/h2>\n<p><strong data-start=\"5278\" data-end=\"5292\">ASTM D1938<\/strong> jest bran\u017cowym standardem okre\u015blania <strong data-start=\"5338\" data-end=\"5385\">Odporno\u015b\u0107 folii z tworzywa sztucznego na propagacj\u0119 \u0142ez<\/strong> i cienkich blach. Korzystaj\u0105c z tej metody testowej, producenci mog\u0105 zapewni\u0107, \u017ce ich produkty s\u0105 trwa\u0142e i zdolne do wytrzymania napr\u0119\u017ce\u0144, kt\u00f3re napotkaj\u0105 podczas u\u017cytkowania. Przy <strong data-start=\"5565\" data-end=\"5585\">Cell Instruments<\/strong>, Oferujemy najnowocze\u015bniejszy sprz\u0119t testuj\u0105cy, aby pom\u00f3c firmom spe\u0142ni\u0107 wysokie wymagania ich bran\u017c, zapewniaj\u0105c niezawodne i wysokiej jako\u015bci produkty.<\/p>\n<hr class=\"\" data-start=\"6448\" data-end=\"6451\" \/>\n<ul>\n<li data-start=\"6453\" data-end=\"6492\">\n<h2>FAQ<\/h2>\n<\/li>\n<\/ul>\n<p data-start=\"114\" data-end=\"164\"><strong data-start=\"118\" data-end=\"164\">P1: Co to jest norma ASTM D1938 i w jaki spos\u00f3b jest stosowana?<\/strong><\/p>\n<p data-start=\"166\" data-end=\"585\"><strong data-start=\"166\" data-end=\"172\">A1<\/strong>: <strong data-start=\"174\" data-end=\"188\">ASTM D1938<\/strong> jest standardow\u0105 metod\u0105 testow\u0105 do okre\u015blania <strong data-start=\"237\" data-end=\"303\">Odporno\u015b\u0107 folii z tworzyw sztucznych i cienkich arkuszy na propagacj\u0119 przez rozdarcie<\/strong>. Metoda ta wykorzystuje maszyn\u0119 do separacji o sta\u0142ym wsp\u00f3\u0142czynniku przyczepno\u015bci do przyk\u0142adania si\u0142y do pr\u00f3bki ze szczelin\u0105, mierz\u0105c si\u0142\u0119 wymagan\u0105 do propagacji rozdarcia. Wyniki dostarczaj\u0105 istotnych danych do oceny trwa\u0142o\u015bci materia\u0142\u00f3w stosowanych w opakowaniach, urz\u0105dzeniach medycznych i tekstyliach.<\/p>\n<hr data-start=\"587\" data-end=\"590\" \/>\n<p data-start=\"592\" data-end=\"663\"><strong data-start=\"596\" data-end=\"663\">P2: Jak dzia\u0142a test odporno\u015bci folii na rozdzieranie?<\/strong><\/p>\n<p data-start=\"665\" data-end=\"1084\"><strong data-start=\"665\" data-end=\"671\">A2<\/strong>: The <strong data-start=\"677\" data-end=\"716\">Odporno\u015b\u0107 folii na propagacj\u0119 \u0142ez<\/strong> Test polega na umieszczeniu szczeliny w pr\u00f3bce folii z tworzywa sztucznego i pomiarze si\u0142y potrzebnej do propagacji rozdarcia. Pr\u00f3bka jest trzymana mi\u0119dzy dwoma uchwytami, a si\u0142a jest przyk\u0142adana z kontrolowan\u0105 szybko\u015bci\u0105 w celu propagacji rozdarcia. Si\u0142a <strong data-start=\"936\" data-end=\"950\">si\u0142a rozrywaj\u0105ca<\/strong> jest rejestrowana i wykorzystywana do oceny odporno\u015bci materia\u0142u na rozdarcie, co ma kluczowe znaczenie dla oceny, jak dobrze folia dzia\u0142a pod obci\u0105\u017ceniem.<\/p>\n<hr data-start=\"1086\" data-end=\"1089\" \/>\n<p data-start=\"1091\" data-end=\"1157\"><strong data-start=\"1095\" data-end=\"1157\">P3: Jakie rodzaje materia\u0142\u00f3w mog\u0105 by\u0107 testowane zgodnie z norm\u0105 ASTM D1938?<\/strong><\/p>\n<p data-start=\"1159\" data-end=\"1567\"><strong data-start=\"1159\" data-end=\"1165\">A3<\/strong>: <strong data-start=\"1167\" data-end=\"1181\">ASTM D1938<\/strong> jest przeznaczony do testowania <strong data-start=\"1202\" data-end=\"1247\">folie z tworzyw sztucznych i cienkie materia\u0142y arkuszowe<\/strong> o grubo\u015bci 1 mm (0,04 cala) lub mniejszej. Obejmuje to szerok\u0105 gam\u0119 materia\u0142\u00f3w, takich jak tkaniny, folie warstwowe i tkaniny poduszek powietrznych, pod warunkiem, \u017ce materia\u0142 nie ulega kruchym uszkodzeniom podczas testowania. S\u0142u\u017cy do testowania materia\u0142\u00f3w, kt\u00f3re s\u0105 powszechnie stosowane w <strong data-start=\"1512\" data-end=\"1525\">opakowanie<\/strong>, <strong data-start=\"1527\" data-end=\"1538\">medyczny<\/strong>oraz <strong data-start=\"1544\" data-end=\"1555\">tekstylny<\/strong> bran\u017ce.<\/p>\n<hr data-start=\"1569\" data-end=\"1572\" \/>\n<p data-start=\"1574\" data-end=\"1637\"><strong data-start=\"1578\" data-end=\"1637\">P4: Dlaczego odporno\u015b\u0107 na rozdarcie jest wa\u017cna w przypadku folii z tworzyw sztucznych?<\/strong><\/p>\n<p data-start=\"1639\" data-end=\"2045\"><strong data-start=\"1639\" data-end=\"1645\">A4<\/strong>: <strong data-start=\"1647\" data-end=\"1666\">Odporno\u015b\u0107 na rozdarcie<\/strong> ma kluczowe znaczenie dla <strong data-start=\"1683\" data-end=\"1700\">folie z tworzyw sztucznych<\/strong> poniewa\u017c zapewnia, \u017ce materia\u0142 nie zawiedzie pod wp\u0142ywem napr\u0119\u017ce\u0144. Folie stosowane w opakowaniach, urz\u0105dzeniach medycznych i produktach bezpiecze\u0144stwa musz\u0105 by\u0107 odporne na rozdarcia, aby zachowa\u0107 swoj\u0105 integralno\u015b\u0107 podczas transportu, obs\u0142ugi i u\u017cytkowania. Testowanie <strong data-start=\"1932\" data-end=\"1963\">Odporno\u015b\u0107 na propagacj\u0119 \u0142ez<\/strong> pomaga producentom wybra\u0107 odpowiednie materia\u0142y do wysokowydajnych zastosowa\u0144.<\/p>\n<hr data-start=\"2047\" data-end=\"2050\" \/>\n<p data-start=\"2052\" data-end=\"2117\"><strong data-start=\"2056\" data-end=\"2117\">P5: W jaki spos\u00f3b dane dotycz\u0105ce odporno\u015bci na rozdarcie s\u0105 wykorzystywane w bran\u017cy?<\/strong><\/p>\n<p data-start=\"2119\" data-end=\"2580\"><strong data-start=\"2119\" data-end=\"2125\">A5<\/strong>: Dane uzyskane z <strong data-start=\"2150\" data-end=\"2177\">testowanie odporno\u015bci na rozdarcie<\/strong> przy u\u017cyciu <strong data-start=\"2184\" data-end=\"2198\">ASTM D1938<\/strong> pomaga producentom zrozumie\u0107, jak dobrze ich materia\u0142y s\u0105 odporne na rozdarcia. Informacje te maj\u0105 kluczowe znaczenie w bran\u017cach takich jak opakowania, gdzie wytrzyma\u0142o\u015b\u0107 i trwa\u0142o\u015b\u0107 materia\u0142\u00f3w bezpo\u015brednio wp\u0142ywa na zdolno\u015b\u0107 produktu do wytrzymania transportu i obs\u0142ugi. Pomaga r\u00f3wnie\u017c zapewni\u0107, \u017ce <strong data-start=\"2487\" data-end=\"2508\">opakowania medyczne<\/strong> oraz <strong data-start=\"2513\" data-end=\"2533\">materia\u0142y bezpiecze\u0144stwa<\/strong> zachowuj\u0105 swoj\u0105 integralno\u015b\u0107 przez ca\u0142y okres u\u017cytkowania.<\/p>\n<hr data-start=\"2582\" data-end=\"2585\" \/>\n<p data-start=\"2587\" data-end=\"2667\"><strong data-start=\"2591\" data-end=\"2667\">P6: Jakie s\u0105 korzy\u015bci ze stosowania normy ASTM D1938 do testowania folii z tworzyw sztucznych?<\/strong><\/p>\n<p data-start=\"2669\" data-end=\"3040\"><strong data-start=\"2669\" data-end=\"2675\">A6<\/strong>: <strong data-start=\"2677\" data-end=\"2691\">ASTM D1938<\/strong> zapewnia znormalizowan\u0105 metod\u0119 testowania <strong data-start=\"2735\" data-end=\"2766\">Odporno\u015b\u0107 na propagacj\u0119 \u0142ez<\/strong>, zapewniaj\u0105c, \u017ce producenci mog\u0105 dok\u0142adnie oceni\u0107 trwa\u0142o\u015b\u0107 swoich folii i arkuszy. Ta metoda testowa jest korzystna dla zapewnienia sp\u00f3jno\u015bci, poprawy jako\u015bci produktu i spe\u0142nienia standard\u00f3w bran\u017cowych dla materia\u0142\u00f3w stosowanych w opakowaniach, tekstyliach i urz\u0105dzeniach medycznych.<\/p>\n<hr data-start=\"3042\" data-end=\"3045\" \/>\n<p data-start=\"3047\" data-end=\"3117\"><strong data-start=\"3051\" data-end=\"3117\">P7: W jaki spos\u00f3b Cell Instruments mo\u017ce pom\u00f3c w testach ASTM D1938?<\/strong><\/p>\n<p data-start=\"3119\" data-end=\"3574\"><strong data-start=\"3119\" data-end=\"3125\">A7<\/strong>: <strong data-start=\"3127\" data-end=\"3147\">Cell Instruments<\/strong> oferuje najnowocze\u015bniejsze <strong data-start=\"3172\" data-end=\"3200\">maszyny do pr\u00f3b rozci\u0105gania<\/strong> oraz <strong data-start=\"3205\" data-end=\"3232\">testery odporno\u015bci na rozdarcie<\/strong> kt\u00f3re s\u0105 zgodne z <strong data-start=\"3250\" data-end=\"3264\">ASTM D1938<\/strong>. Nasz <strong data-start=\"3270\" data-end=\"3315\">maszyny do separacji o sta\u0142ej szybko\u015bci chwytania<\/strong> zapewniaj\u0105 precyzyjny pomiar <strong data-start=\"3346\" data-end=\"3377\">Odporno\u015b\u0107 na propagacj\u0119 \u0142ez<\/strong>, umo\u017cliwiaj\u0105c producentom testowanie i weryfikacj\u0119 trwa\u0142o\u015bci ich folii z tworzyw sztucznych. Dzi\u0119ki naszemu sprz\u0119towi firmy mog\u0105 zapewni\u0107, \u017ce ich produkty spe\u0142niaj\u0105 standardy bran\u017cowe i dzia\u0142aj\u0105 niezawodnie pod obci\u0105\u017ceniem.<\/p>","protected":false},"excerpt":{"rendered":"<p>ASTM D1938 Tear-Propagation Resistance of Film and Testing Methods The tear-propagation resistance of film is a crucial characteristic for evaluating the durability and performance of plastic films and thin sheeting materials used in various industries. ASTM D1938, the standard test method for measuring tear resistance, uses a specific method known as the single-tear method to &hellip;<\/p>\n<p class=\"read-more\"> <a class=\"\" href=\"https:\/\/www.qualitester.com\/pl\/standards\/astm-d1938\/\"> <span class=\"screen-reader-text\">ASTM D1938<\/span> Czytaj wi\u0119cej \"<\/a><\/p>","protected":false},"author":7,"featured_media":0,"parent":4948,"menu_order":0,"comment_status":"closed","ping_status":"closed","template":"","meta":{"site-sidebar-layout":"default","site-content-layout":"default","ast-global-header-display":"","ast-main-header-display":"","ast-hfb-above-header-display":"","ast-hfb-below-header-display":"","ast-hfb-mobile-header-display":"","site-post-title":"disabled","ast-breadcrumbs-content":"","ast-featured-img":"","footer-sml-layout":"","theme-transparent-header-meta":"default","adv-header-id-meta":"","stick-header-meta":"","header-above-stick-meta":"","header-main-stick-meta":"","header-below-stick-meta":"","footnotes":""},"class_list":["post-7673","page","type-page","status-publish","hentry"],"_links":{"self":[{"href":"https:\/\/www.qualitester.com\/pl\/wp-json\/wp\/v2\/pages\/7673","targetHints":{"allow":["GET"]}}],"collection":[{"href":"https:\/\/www.qualitester.com\/pl\/wp-json\/wp\/v2\/pages"}],"about":[{"href":"https:\/\/www.qualitester.com\/pl\/wp-json\/wp\/v2\/types\/page"}],"author":[{"embeddable":true,"href":"https:\/\/www.qualitester.com\/pl\/wp-json\/wp\/v2\/users\/7"}],"replies":[{"embeddable":true,"href":"https:\/\/www.qualitester.com\/pl\/wp-json\/wp\/v2\/comments?post=7673"}],"version-history":[{"count":0,"href":"https:\/\/www.qualitester.com\/pl\/wp-json\/wp\/v2\/pages\/7673\/revisions"}],"up":[{"embeddable":true,"href":"https:\/\/www.qualitester.com\/pl\/wp-json\/wp\/v2\/pages\/4948"}],"wp:attachment":[{"href":"https:\/\/www.qualitester.com\/pl\/wp-json\/wp\/v2\/media?parent=7673"}],"curies":[{"name":"wp","href":"https:\/\/api.w.org\/{rel}","templated":true}]}}