{"id":7619,"date":"2025-12-17T13:33:28","date_gmt":"2025-12-17T05:33:28","guid":{"rendered":"https:\/\/www.qualitester.com\/?page_id=7619"},"modified":"2025-12-17T16:16:41","modified_gmt":"2025-12-17T08:16:41","slug":"astm-d5587-method-for-tearing-strength-of-fabric-testing","status":"publish","type":"page","link":"https:\/\/www.qualitester.com\/pl\/applications\/astm-d5587-method-for-tearing-strength-of-fabric-testing\/","title":{"rendered":"ASTM D5587 Badanie wytrzyma\u0142o\u015bci tkaniny na rozdzieranie"},"content":{"rendered":"<h1 style=\"text-align: center;\">Testowanie wytrzyma\u0142o\u015bci tkaniny na rozerwanie<br \/>\n<small>ASTM D5587<\/small><\/h1>\n<h1 style=\"text-align: center;\"><img fetchpriority=\"high\" decoding=\"async\" class=\"wp-image-7631 alignleft\" src=\"https:\/\/www.qualitester.com\/wp-content\/uploads\/2025\/12\/ASTM-D5587-Tearing-Strength-of-Fabric-Testing-300x227.webp\" alt=\"ASTM D5587 Badanie wytrzyma\u0142o\u015bci tkaniny na rozdzieranie\" width=\"333\" height=\"252\" srcset=\"https:\/\/www.qualitester.com\/wp-content\/uploads\/2025\/12\/ASTM-D5587-Tearing-Strength-of-Fabric-Testing-300x227.webp 300w, https:\/\/www.qualitester.com\/wp-content\/uploads\/2025\/12\/ASTM-D5587-Tearing-Strength-of-Fabric-Testing-16x12.webp 16w, https:\/\/www.qualitester.com\/wp-content\/uploads\/2025\/12\/ASTM-D5587-Tearing-Strength-of-Fabric-Testing.webp 528w\" sizes=\"(max-width: 333px) 100vw, 333px\" \/><\/h1>\n<p>&nbsp;<\/p>\n<p>Wytrzyma\u0142o\u015b\u0107 tkaniny na rozdzieranie jest krytyczn\u0105 w\u0142a\u015bciwo\u015bci\u0105 mechaniczn\u0105, kt\u00f3ra odzwierciedla odporno\u015b\u0107 tekstyli\u00f3w na propagacj\u0119 istniej\u0105cego rozdarcia pod obci\u0105\u017ceniem. Norma ASTM D5587, powszechnie znana jako test wytrzyma\u0142o\u015bci na rozdarcie trapezowe, zapewnia znormalizowan\u0105 i powtarzaln\u0105 metod\u0119 oceny tej w\u0142a\u015bciwo\u015bci. Rozumiej\u0105c zasady, procedury i zastosowania tej metody, specjali\u015bci ds. jako\u015bci mog\u0105 zapewni\u0107 sp\u00f3jn\u0105 wydajno\u015b\u0107 tkanin i wiarygodne testy akceptacyjne w r\u00f3\u017cnych bran\u017cach.<\/p>\n<hr \/>\n<h2>Zrozumienie wytrzyma\u0142o\u015bci tkaniny na rozerwanie<\/h2>\n<p data-start=\"948\" data-end=\"1331\">Wytrzyma\u0142o\u015b\u0107 tkaniny na rozerwanie opisuje si\u0142\u0119 wymagan\u0105 do <strong data-start=\"1007\" data-end=\"1053\">kontynuowanie rozdarcia po jego rozpocz\u0119ciu<\/strong>, zamiast si\u0142y potrzebnej do jego uruchomienia. W rzeczywistym u\u017cytkowaniu tkaniny cz\u0119sto ulegaj\u0105 uszkodzeniu w wyniku niewielkich ci\u0119\u0107, naci\u0119\u0107 lub defekt\u00f3w powsta\u0142ych podczas produkcji lub obs\u0142ugi. Pomiar wytrzyma\u0142o\u015bci tkaniny na rozerwanie zapewnia zatem cenny wgl\u0105d w trwa\u0142o\u015b\u0107, bezpiecze\u0144stwo i \u017cywotno\u015b\u0107.<\/p>\n<p data-start=\"1333\" data-end=\"1659\">ASTM D5587 koncentruje si\u0119 na zachowaniu propagacji rozdarcia pod kontrolowanym obci\u0105\u017ceniem rozci\u0105gaj\u0105cym. Metoda ta polega na zastosowaniu napr\u0119\u017cenia rozci\u0105gaj\u0105cego wzd\u0142u\u017c okre\u015blonej \u015bcie\u017cki, tak aby rozdarcie przemieszcza\u0142o si\u0119 r\u00f3wnomiernie na ca\u0142ej szeroko\u015bci pr\u00f3bki. Takie podej\u015bcie sprawia, \u017ce test jest szczeg\u00f3lnie przydatny do por\u00f3wnywania <strong data-start=\"1592\" data-end=\"1658\">r\u00f3\u017cne konstrukcje tkanin, wyko\u0144czenia lub kierunki tkaniny<\/strong>.<\/p>\n<hr \/>\n<h2 data-start=\"1335\" data-end=\"1933\">Test wytrzyma\u0142o\u015bci na rozerwanie trapezowe ASTM D5587 i zasady rozerwania trapezowego CRE<\/h2>\n<p data-start=\"1750\" data-end=\"2043\">The <strong data-start=\"1754\" data-end=\"1799\">ASTM D5587 <a href=\"https:\/\/www.qualitester.com\/pl\/produkt-2\/tst-01-universal-testing-machine\/\">test wytrzyma\u0142o\u015bci na rozdarcie trapezowe<\/a><\/strong> opiera si\u0119 na metodzie testowania rozci\u0105gania ze sta\u0142\u0105 szybko\u015bci\u0105 rozci\u0105gania (CRE), cz\u0119sto okre\u015blanej jako <strong data-start=\"1892\" data-end=\"1916\">Rozdarcie trapezowe CRE<\/strong> testowanie. Maszyna CRE utrzymuje jednolit\u0105 szybko\u015b\u0107 wyd\u0142u\u017cania, co poprawia sp\u00f3jno\u015b\u0107 danych i por\u00f3wnywalno\u015b\u0107 mi\u0119dzylaboratoryjn\u0105.<\/p>\n<p data-start=\"2045\" data-end=\"2351\">Metoda ta jest odpowiednia dla szerokiej gamy tekstyli\u00f3w, w tym tkanin, dzianin, tkanin powlekanych lub poddanych obr\u00f3bce \u017cywic\u0105, materia\u0142\u00f3w drapanych, struktur warstwowych, tkanin z okryw\u0105 w\u0142\u00f3kienn\u0105 i tekstyli\u00f3w technicznych, takich jak tkaniny na poduszki powietrzne. Pr\u00f3bki mog\u0105 by\u0107 testowane w warunkach suchych lub mokrych, w zale\u017cno\u015bci od wymaga\u0144 aplikacji.<\/p>\n<p data-start=\"2353\" data-end=\"2608\">Co wa\u017cne, test zak\u0142ada, \u017ce rozdarcie jest wst\u0119pnie przyci\u0119te. W rezultacie, wytrzyma\u0142o\u015b\u0107 tkaniny na rozerwanie mierzona zgodnie z ASTM D5587 wynosi <strong data-start=\"2472\" data-end=\"2479\">nie<\/strong> reprezentuje si\u0142\u0119 inicjuj\u0105c\u0105 rozdarcie, ale raczej odporno\u015b\u0107 na propagacj\u0119 rozdarcia, co jest \u015bci\u015ble zgodne z wieloma scenariuszami u\u017cytkowania ko\u0144cowego.<\/p>\n<hr \/>\n<h2 data-start=\"2615\" data-end=\"2664\">Przegl\u0105d procedury testowej na podstawie ASTM D5587<\/h2>\n<p data-start=\"2665\" data-end=\"2757\">Aby pom\u00f3c laboratoriom w prawid\u0142owym stosowaniu metody, kluczowe kroki mo\u017cna podsumowa\u0107 w nast\u0119puj\u0105cy spos\u00f3b:<\/p>\n<ol data-start=\"2759\" data-end=\"3745\">\n<li data-start=\"2759\" data-end=\"2930\">\n<p data-start=\"2762\" data-end=\"2930\"><strong data-start=\"2762\" data-end=\"2787\">Kondycjonowanie pr\u00f3bek<\/strong><br data-start=\"2787\" data-end=\"2790\" \/>Kondycjonowanie pr\u00f3bek w standardowej atmosferze do testowania tekstyli\u00f3w, zazwyczaj <strong data-start=\"2865\" data-end=\"2901\">21 \u00b0C i wilgotno\u015b\u0107 wzgl\u0119dna 65 %<\/strong>, o ile nie okre\u015blono inaczej.<\/p>\n<\/li>\n<li data-start=\"2932\" data-end=\"3095\">\n<p data-start=\"2935\" data-end=\"3095\"><strong data-start=\"2935\" data-end=\"2959\">Przygotowanie pr\u00f3bki<\/strong><br data-start=\"2959\" data-end=\"2962\" \/>Zaznacz trapez r\u00f3wnoramienny na prostok\u0105tnej pr\u00f3bce tkaniny. Wykonaj naci\u0119cie na \u015brodku kr\u00f3tkiej podstawy, aby zainicjowa\u0107 rozdarcie.<\/p>\n<\/li>\n<li data-start=\"3097\" data-end=\"3289\">\n<p data-start=\"3100\" data-end=\"3289\"><strong data-start=\"3100\" data-end=\"3126\">Zaciskanie i wyr\u00f3wnywanie<\/strong><br data-start=\"3126\" data-end=\"3129\" \/>Zamocowa\u0107 nier\u00f3wnoleg\u0142e boki trapezu w uchwytach testera rozci\u0105gania CRE. Prawid\u0142owe wyr\u00f3wnanie zapewnia r\u00f3wnomierne rozprzestrzenianie si\u0119 rozdarcia na pr\u00f3bce.<\/p>\n<\/li>\n<li data-start=\"3291\" data-end=\"3500\">\n<p data-start=\"3294\" data-end=\"3500\"><strong data-start=\"3294\" data-end=\"3328\">Rozprzestrzenianie i nagrywanie \u0142ez<\/strong><br data-start=\"3328\" data-end=\"3331\" \/>Test nale\u017cy rozpocz\u0105\u0107 przy kontrolowanym tempie rozci\u0105gania. W miar\u0119 przesuwania si\u0119 trawersy, \u0142za przesuwa si\u0119 do przodu, a si\u0142a zmienia si\u0119. System rejestruje te warto\u015bci si\u0142y w spos\u00f3b ci\u0105g\u0142y.<\/p>\n<\/li>\n<li data-start=\"3502\" data-end=\"3745\">\n<p data-start=\"3505\" data-end=\"3745\"><strong data-start=\"3505\" data-end=\"3535\">Zako\u0144czenie i replikacja<\/strong><br data-start=\"3535\" data-end=\"3538\" \/>Zatrzymaj test, gdy rozdarcie osi\u0105gnie okre\u015blon\u0105 d\u0142ugo\u015b\u0107 lub pr\u00f3bka ca\u0142kowicie si\u0119 oddzieli. Powt\u00f3rz procedur\u0119 dla wielu pr\u00f3bek w ka\u017cdym g\u0142\u00f3wnym kierunku tkaniny, aby zapewni\u0107 wiarygodno\u015b\u0107 statystyczn\u0105.<\/p>\n<\/li>\n<\/ol>\n<p data-start=\"3747\" data-end=\"3897\">Podczas ca\u0142ej procedury, sta\u0142a kontrola pr\u0119dko\u015bci i dok\u0142adny pomiar si\u0142y odgrywaj\u0105 decyduj\u0105c\u0105 rol\u0119 w uzyskaniu wiarygodnych wynik\u00f3w wytrzyma\u0142o\u015bci tkaniny na rozrywanie.<\/p>\n<hr \/>\n<h2 data-start=\"5352\" data-end=\"5415\">Rozwa\u017cania dotycz\u0105ce sprz\u0119tu i rola tester\u00f3w rozci\u0105gania CRE<\/h2>\n<p style=\"text-align: left;\">Dok\u0142adne wyniki testu wytrzyma\u0142o\u015bci na zrywanie trapezowe zale\u017c\u0105 w du\u017cej mierze od wydajno\u015bci systemu do pr\u00f3b rozci\u0105gania. Stabilny tester rozci\u0105gania CRE zapewnia p\u0142ynne rozci\u0105ganie, precyzyjn\u0105 kontrol\u0119 przemieszczenia i wiarygodny pomiar si\u0142y podczas ca\u0142ego procesu zrywania.<\/p>\n<p style=\"text-align: left;\" data-start=\"5678\" data-end=\"6204\">The <strong data-start=\"5682\" data-end=\"5726\"><a href=\"https:\/\/www.celtec.cn\" rel=\"nofollow noopener\" target=\"_blank\">Cell Instruments<\/a> <a href=\"https:\/\/www.qualitester.com\/pl\/produkt-2\/tst-01-tensile-tester\/\">Tester rozci\u0105gania (TST-01)<\/a><\/strong> wspiera testy ASTM D5587, zapewniaj\u0105c kontrolowane pr\u0119dko\u015bci rozci\u0105gania, wyra\u017an\u0105 wizualizacj\u0119 si\u0142y i przemieszczenia oraz adaptowalne rozwi\u0105zania chwytaj\u0105ce dla pr\u00f3bek tekstylnych. Jego elastyczno\u015b\u0107 pozwala laboratoriom na przeprowadzanie nie tylko test\u00f3w wytrzyma\u0142o\u015bci na rozrywanie tkanin, ale tak\u017ce szerokiego zakresu ocen rozci\u0105gania i odrywania tekstyli\u00f3w, materia\u0142\u00f3w opakowaniowych i komponent\u00f3w medycznych. Ta wszechstronno\u015b\u0107 dobrze pasuje do laboratori\u00f3w poszukuj\u0105cych d\u0142ugoterminowej warto\u015bci i znormalizowanych mo\u017cliwo\u015bci testowania.<\/p>\n<figure id=\"attachment_7632\" aria-describedby=\"caption-attachment-7632\" style=\"width: 239px\" class=\"wp-caption aligncenter\"><a href=\"https:\/\/www.qualitester.com\/pl\/produkt-2\/tst-01-tensile-tester\/\"><img decoding=\"async\" class=\"wp-image-7632 size-medium\" src=\"https:\/\/www.qualitester.com\/wp-content\/uploads\/2025\/12\/Tensile-Tester-TST-01-239x300.webp\" alt=\"ASTM D5587 Badanie wytrzyma\u0142o\u015bci tkaniny na rozdzieranie\" width=\"239\" height=\"300\" srcset=\"https:\/\/www.qualitester.com\/wp-content\/uploads\/2025\/12\/Tensile-Tester-TST-01-239x300.webp 239w, https:\/\/www.qualitester.com\/wp-content\/uploads\/2025\/12\/Tensile-Tester-TST-01-10x12.webp 10w, https:\/\/www.qualitester.com\/wp-content\/uploads\/2025\/12\/Tensile-Tester-TST-01.webp 318w\" sizes=\"(max-width: 239px) 100vw, 239px\" \/><\/a><figcaption id=\"caption-attachment-7632\" class=\"wp-caption-text\">Tester rozci\u0105gania TST-01<\/figcaption><\/figure>\n<hr \/>\n<h2 data-start=\"5284\" data-end=\"5304\">Przemy\u015blenia ko\u0144cowe<\/h2>\n<p>Norma ASTM D5587 zapewnia solidne ramy do oceny wytrzyma\u0142o\u015bci tkanin na rozdarcie przy u\u017cyciu testu wytrzyma\u0142o\u015bci na rozdarcie trapezowe. Post\u0119puj\u0105c zgodnie ze znormalizowanymi procedurami, wybieraj\u0105c odpowiedni sprz\u0119t do testowania CRE i rozumiej\u0105c znaczenie zachowania propagacji rozdarcia, laboratoria mog\u0105 generowa\u0107 znacz\u0105ce dane, kt\u00f3re wspieraj\u0105 zapewnienie jako\u015bci i rozw\u00f3j produktu. Dla profesjonalist\u00f3w z bran\u017cy tekstylnej opanowanie tej metody wzmacnia zar\u00f3wno kompetencje techniczne, jak i wiarygodno\u015b\u0107 rynkow\u0105.<\/p>\n<hr \/>\n<h2>Cz\u0119sto zadawane pytania<\/h2>\n<p data-start=\"39\" data-end=\"393\"><strong data-start=\"39\" data-end=\"109\">1. Jaki jest g\u0142\u00f3wny cel testu wytrzyma\u0142o\u015bci na rozdarcie trapezowe?<\/strong><br data-start=\"109\" data-end=\"112\" \/>Test wytrzyma\u0142o\u015bci na rozdarcie trapezowe mierzy <strong data-start=\"160\" data-end=\"223\">wytrzyma\u0142o\u015b\u0107 tkaniny na rozdarcie po rozpocz\u0119ciu rozdarcia<\/strong>. Ocenia, jak dobrze tkanina jest odporna na rozprzestrzenianie si\u0119 rozdar\u0107 pod obci\u0105\u017ceniem rozci\u0105gaj\u0105cym, co \u015bci\u015ble odzwierciedla rzeczywiste warunki u\u017cytkowania, w kt\u00f3rych mog\u0105 ju\u017c wyst\u0119powa\u0107 ma\u0142e naci\u0119cia lub defekty.<\/p>\n<p data-start=\"395\" data-end=\"755\"><strong data-start=\"395\" data-end=\"460\">2. Dlaczego norma ASTM D5587 wymaga stosowania maszyny wytrzyma\u0142o\u015bciowej CRE?<\/strong><br data-start=\"460\" data-end=\"463\" \/>Norma ASTM D5587 okre\u015bla <strong data-start=\"486\" data-end=\"546\">Maszyna do pr\u00f3b rozci\u0105gania ze sta\u0142\u0105 pr\u0119dko\u015bci\u0105 rozci\u0105gania (CRE)<\/strong> poniewa\u017c zapewnia stabilny, jednolity ruch trawersy i dok\u0142adny pomiar si\u0142y. Ta sp\u00f3jno\u015b\u0107 poprawia powtarzalno\u015b\u0107 i por\u00f3wnywalno\u015b\u0107 wynik\u00f3w test\u00f3w wytrzyma\u0142o\u015bci na rozdarcie trapezowe mi\u0119dzy laboratoriami.<\/p>\n<p data-start=\"757\" data-end=\"1137\"><strong data-start=\"757\" data-end=\"818\">3. Jakie rodzaje tkanin mog\u0105 by\u0107 testowane przy u\u017cyciu ASTM D5587?<\/strong><br data-start=\"818\" data-end=\"821\" \/>Norma ma zastosowanie do szerokiej gamy tekstyli\u00f3w, w tym <strong data-start=\"881\" data-end=\"999\">tkaniny, dzianiny, tkaniny z w\u0142osem, struktury warstwowe oraz materia\u0142y powlekane lub pokryte \u017cywic\u0105<\/strong>. Ocenie mo\u017cna podda\u0107 zar\u00f3wno nieobrobione, jak i wyko\u0144czone tkaniny, dzi\u0119ki czemu metoda ta nadaje si\u0119 do wielu przemys\u0142owych i technicznych zastosowa\u0144 tekstylnych.<\/p>\n<p data-start=\"1139\" data-end=\"1470\"><strong data-start=\"1139\" data-end=\"1208\">4. How should trapezoidal tear strength test results be reported?<\/strong><br data-start=\"1208\" data-end=\"1211\" \/>ASTM D5587 allows results to be reported as either the <strong data-start=\"1266\" data-end=\"1295\">single-peak tearing force<\/strong> lub <strong data-start=\"1303\" data-end=\"1346\">average of the five highest peak forces<\/strong> observed during testing. The chosen reporting method should be agreed upon in advance and used consistently for comparison.<\/p>\n<p data-start=\"1472\" data-end=\"1862\" data-is-last-node=\"\" data-is-only-node=\"\"><strong data-start=\"1472\" data-end=\"1542\">5. What factors most influence tearing strength of fabric results?<\/strong><br data-start=\"1542\" data-end=\"1545\" \/>Key factors include <strong data-start=\"1565\" data-end=\"1672\">fabric structure, yarn type and density, finishing treatments, specimen preparation, and test alignment<\/strong>. Proper conditioning, accurate specimen marking, and the use of a reliable CRE tensile tester\u2014such as the Cell Instruments TST-01\u2014help ensure dependable trapezoidal tear strength test data.<\/p>","protected":false},"excerpt":{"rendered":"<p>Tearing Strength of Fabric Testing ASTM D5587 &nbsp; Tearing strength of fabric is a critical mechanical property that reflects how textiles resist the propagation of an existing tear under load. ASTM D5587, widely known as the trapezoidal tear strength test, provides a standardized and repeatable method to evaluate this performance. By understanding the principles, procedures, &hellip;<\/p>\n<p class=\"read-more\"> <a class=\"\" href=\"https:\/\/www.qualitester.com\/pl\/applications\/astm-d5587-method-for-tearing-strength-of-fabric-testing\/\"> <span class=\"screen-reader-text\">ASTM D5587 Badanie wytrzyma\u0142o\u015bci tkaniny na rozdzieranie<\/span> Czytaj wi\u0119cej \"<\/a><\/p>","protected":false},"author":8,"featured_media":0,"parent":6794,"menu_order":0,"comment_status":"closed","ping_status":"closed","template":"","meta":{"site-sidebar-layout":"default","site-content-layout":"default","ast-global-header-display":"","ast-main-header-display":"","ast-hfb-above-header-display":"","ast-hfb-below-header-display":"","ast-hfb-mobile-header-display":"","site-post-title":"","ast-breadcrumbs-content":"","ast-featured-img":"","footer-sml-layout":"","theme-transparent-header-meta":"default","adv-header-id-meta":"","stick-header-meta":"","header-above-stick-meta":"","header-main-stick-meta":"","header-below-stick-meta":"","footnotes":""},"class_list":["post-7619","page","type-page","status-publish","hentry"],"_links":{"self":[{"href":"https:\/\/www.qualitester.com\/pl\/wp-json\/wp\/v2\/pages\/7619","targetHints":{"allow":["GET"]}}],"collection":[{"href":"https:\/\/www.qualitester.com\/pl\/wp-json\/wp\/v2\/pages"}],"about":[{"href":"https:\/\/www.qualitester.com\/pl\/wp-json\/wp\/v2\/types\/page"}],"author":[{"embeddable":true,"href":"https:\/\/www.qualitester.com\/pl\/wp-json\/wp\/v2\/users\/8"}],"replies":[{"embeddable":true,"href":"https:\/\/www.qualitester.com\/pl\/wp-json\/wp\/v2\/comments?post=7619"}],"version-history":[{"count":0,"href":"https:\/\/www.qualitester.com\/pl\/wp-json\/wp\/v2\/pages\/7619\/revisions"}],"up":[{"embeddable":true,"href":"https:\/\/www.qualitester.com\/pl\/wp-json\/wp\/v2\/pages\/6794"}],"wp:attachment":[{"href":"https:\/\/www.qualitester.com\/pl\/wp-json\/wp\/v2\/media?parent=7619"}],"curies":[{"name":"wp","href":"https:\/\/api.w.org\/{rel}","templated":true}]}}