{"id":7584,"date":"2025-11-20T16:01:15","date_gmt":"2025-11-20T08:01:15","guid":{"rendered":"https:\/\/www.qualitester.com\/?page_id=7584"},"modified":"2025-11-20T16:05:46","modified_gmt":"2025-11-20T08:05:46","slug":"astm-d624","status":"publish","type":"page","link":"https:\/\/www.qualitester.com\/pl\/standards\/astm-d624\/","title":{"rendered":"ASTM D624"},"content":{"rendered":"<h1 style=\"text-align: center;\">ASTM D624<br \/>\n<small>Metoda badania wytrzyma\u0142o\u015bci na rozdarcie gumy i elastomer\u00f3w<\/small><\/h1>\n<p data-start=\"496\" data-end=\"1022\">Norma ASTM D624 jest jedn\u0105 z najcz\u0119\u015bciej stosowanych norm s\u0142u\u017c\u0105cych do oceny <strong data-start=\"569\" data-end=\"593\">wytrzyma\u0142o\u015b\u0107 gumy na rozdarcie<\/strong> w konwencjonalnej wulkanizowanej gumie i termoplastycznych elastomerach (TPE). Producenci, in\u017cynierowie kontroli jako\u015bci i specjali\u015bci ds. bada\u0144 polegaj\u0105 na tej metodzie, aby zrozumie\u0107, w jaki spos\u00f3b materia\u0142y gumowe inicjuj\u0105 i rozprzestrzeniaj\u0105 rozdarcia w kontrolowanych warunkach.<\/p>\n<h2 data-start=\"1024\" data-end=\"1070\">Zrozumienie normy ASTM D624 i jej znaczenie<\/h2>\n<p data-start=\"1071\" data-end=\"1420\">Elementy gumowe cz\u0119sto ulegaj\u0105 rozerwaniu, gdy s\u0105 nara\u017cone na skoncentrowane napr\u0119\u017cenia, ostre kraw\u0119dzie lub powtarzaj\u0105ce si\u0119 odkszta\u0142cenia. Ten tryb awarii mo\u017ce zagrozi\u0107 uszczelkom, uszczelkom, podeszwom obuwia, komponentom medycznym lub elastomerom opakowaniowym. Norma ASTM D624 zapewnia znormalizowany spos\u00f3b pomiaru si\u0142y wymaganej do zainicjowania lub propagacji rozdarcia przez arkusz gumy.<\/p>\n<p data-start=\"1422\" data-end=\"1863\">W te\u015bcie stosuje si\u0119 ci\u0105g\u0142e obci\u0105\u017cenie rozci\u0105gaj\u0105ce z okre\u015blon\u0105 szybko\u015bci\u0105 oddzielania szcz\u0119k, a\u017c do ca\u0142kowitego zniszczenia pr\u00f3bki. Proces ten pomaga u\u017cytkownikom oceni\u0107 wewn\u0119trzn\u0105 odporno\u015b\u0107 na inicjacj\u0119 rozdarcia, propagacj\u0119 rozdarcia i wp\u0142yw geometrii na zachowanie podczas uszkodzenia.<\/p>\n<hr data-start=\"1865\" data-end=\"1868\" \/>\n<h2 data-start=\"1870\" data-end=\"1931\">Wytrzyma\u0142o\u015b\u0107 gumy na rozdarcie i jej zwi\u0105zek z norm\u0105 ASTM D624<\/h2>\n<p data-start=\"1932\" data-end=\"2364\"><strong data-start=\"1932\" data-end=\"1956\">Wytrzyma\u0142o\u015b\u0107 gumy na rozerwanie<\/strong> odzwierciedla zdolno\u015b\u0107 materia\u0142u do wytrzymania rozwoju i wyd\u0142u\u017cenia rozdarcia. Geometrie testowe ASTM D624 celowo nara\u017caj\u0105 materia\u0142y na r\u00f3\u017cne st\u0119\u017cenia napr\u0119\u017ce\u0144, dzi\u0119ki czemu wyniki s\u0105 bardzo wra\u017cliwe na formu\u0142\u0119, jako\u015b\u0107 przetwarzania i orientacj\u0119 pr\u00f3bki. Zrozumienie tej zale\u017cno\u015bci pomaga badaczom i in\u017cynierom produkcji wybra\u0107 odpowiedni typ pr\u00f3bki do danego zastosowania.<\/p>\n<p data-start=\"2366\" data-end=\"2624\">Mieszanki gumowe o wysokiej wytrzyma\u0142o\u015bci na rozdarcie cz\u0119sto wykazuj\u0105 lepsz\u0105 trwa\u0142o\u015b\u0107, gdy s\u0105 nara\u017cone na cykliczne odkszta\u0142cenia lub ostry kontakt mechaniczny. Z kolei niska wytrzyma\u0142o\u015b\u0107 na rozerwanie mo\u017ce wskazywa\u0107 na wady wewn\u0119trzne, s\u0142abe sieciowanie lub s\u0142ab\u0105 dyspersj\u0119 wype\u0142niaczy wzmacniaj\u0105cych.<\/p>\n<hr data-start=\"2626\" data-end=\"2629\" \/>\n<h2 data-start=\"3438\" data-end=\"3484\">Metoda badania wytrzyma\u0142o\u015bci na rozerwanie zgodnie z ASTM D624<\/h2>\n<p data-start=\"3485\" data-end=\"3553\">The <strong data-start=\"3489\" data-end=\"3518\">metoda badania wytrzyma\u0142o\u015bci na rozdarcie<\/strong> post\u0119puje zgodnie z jasno okre\u015blonym procesem:<\/p>\n<ol>\n<li data-start=\"3558\" data-end=\"3608\">Przygotuj i przygotuj pr\u00f3bk\u0119 zgodnie ze specyfikacj\u0105.<\/li>\n<li data-start=\"3612\" data-end=\"3679\">Zamontuj pr\u00f3bk\u0119 testow\u0105 w pe\u0142nym wyr\u00f3wnaniu, aby unikn\u0105\u0107 nier\u00f3wnomiernego obci\u0105\u017cenia.<\/li>\n<li data-start=\"3683\" data-end=\"3726\">Zastosuj sta\u0142\u0105 szybko\u015b\u0107 rozdzielania chwyt\u00f3w.<\/li>\n<li data-start=\"3730\" data-end=\"3791\">Kontynuuj \u0142adowanie, a\u017c pr\u00f3bka ca\u0142kowicie si\u0119 rozerwie.<\/li>\n<li data-start=\"3795\" data-end=\"3888\">Zapisz maksymaln\u0105 si\u0142\u0119 dla typu A, B, C lub u\u017cyj ci\u0105g\u0142ego \u015bledzenia si\u0142y dla typu T i CP.<\/li>\n<\/ol>\n<p data-start=\"3890\" data-end=\"4064\">Precyzyjna pr\u0119dko\u015b\u0107 trawersy i sp\u00f3jne mocowanie znacz\u0105co wp\u0142ywaj\u0105 na dok\u0142adno\u015b\u0107. Korzystanie z wysokiej jako\u015bci osprz\u0119tu i skalibrowanego testera jest niezb\u0119dne do uzyskania powtarzalnych pomiar\u00f3w.<\/p>\n<h3 data-start=\"4071\" data-end=\"4092\">ASTM D624 typ A<\/h3>\n<p data-start=\"4093\" data-end=\"4447\"><strong data-start=\"4093\" data-end=\"4113\">ASTM D624 typ A<\/strong> u\u017cywa pr\u00f3bki w kszta\u0142cie p\u00f3\u0142ksi\u0119\u017cyca z naci\u0119ciem wykonanym brzytw\u0105. Mierzy <strong data-start=\"4182\" data-end=\"4211\">wytrzyma\u0142o\u015b\u0107 na rozerwanie<\/strong>, Jest to szczeg\u00f3lnie przydatne w sytuacjach, gdy dost\u0119pny arkusz gumy jest zbyt ma\u0142y dla innych typ\u00f3w pr\u00f3bek. Przy\u0142o\u017cona si\u0142a dzia\u0142a prostopadle do naci\u0119cia, pozwalaj\u0105c badaczom obserwowa\u0107, jak istniej\u0105ce wcze\u015bniej rozdarcie ro\u015bnie pod obci\u0105\u017ceniem.<\/p>\n<h3 data-start=\"4454\" data-end=\"4475\">ASTM D624 typ B<\/h3>\n<p data-start=\"4476\" data-end=\"4810\"><strong data-start=\"4476\" data-end=\"4496\">ASTM D624 typ B<\/strong> r\u00f3wnie\u017c wykorzystuje konstrukcj\u0119 w kszta\u0142cie p\u00f3\u0142ksi\u0119\u017cyca, ale zawiera wypustki zwi\u0119kszaj\u0105ce stabilno\u015b\u0107. Taka konfiguracja poprawia obs\u0142ug\u0119 pr\u00f3bki i umo\u017cliwia uzyskanie bardziej sp\u00f3jnych wynik\u00f3w propagacji. Typ B jest preferowany w stosunku do typu A, gdy pozwala na to rozmiar materia\u0142u, zapewniaj\u0105c lepsz\u0105 dok\u0142adno\u015b\u0107 dzi\u0119ki zmniejszonemu po\u015blizgowi i lepszemu wyr\u00f3wnaniu.<\/p>\n<h3 data-start=\"4817\" data-end=\"4838\">ASTM D624 typ C<\/h3>\n<p data-start=\"4839\" data-end=\"5254\"><strong data-start=\"4839\" data-end=\"4859\">ASTM D624 typ C<\/strong> posiada k\u0105t 90\u00b0 bez wst\u0119pnie wyci\u0119tego wyci\u0119cia. Ta geometria ocenia <strong data-start=\"4929\" data-end=\"4957\">wytrzyma\u0142o\u015b\u0107 na rozerwanie<\/strong>, koncentruj\u0105c si\u0119 na rozerwaniu pochodz\u0105cym z wierzcho\u0142ka. Je\u015bli rozerwanie nie rozpoczyna si\u0119 w zaprojektowanej koncentracji napr\u0119\u017ce\u0144, test mo\u017ce przypomina\u0107 raczej uszkodzenie przy rozci\u0105ganiu ni\u017c prawdziwe testowanie rozerwania. Dane typu C s\u0105 przydatne do oceny odporno\u015bci punktu pocz\u0105tkowego, gdy materia\u0142y s\u0105 nara\u017cone na uderzenia ostrymi kraw\u0119dziami podczas pracy.<\/p>\n<h3 data-start=\"5261\" data-end=\"5282\">ASTM D624 Typ T<\/h3>\n<p data-start=\"5283\" data-end=\"5616\"><strong data-start=\"5283\" data-end=\"5303\">ASTM D624 Typ T<\/strong>, lub pr\u00f3bka rozdarcia spodni, obejmuje dwie nogawki rozci\u0105gni\u0119te podczas obci\u0105\u017cenia. Pr\u00f3bka ta bezpo\u015brednio mierzy <strong data-start=\"5414\" data-end=\"5434\">rozprzestrzenianie si\u0119 \u0142ez<\/strong> w jednolitym kierunku. Ci\u0105g\u0142e rejestrowanie si\u0142y pomaga u\u017cytkownikom zrozumie\u0107 wahania oporu propagacji, dzi\u0119ki czemu typ T jest popularny w zastosowaniach badawczych i kontroli jako\u015bci.<\/p>\n<h3 data-start=\"5623\" data-end=\"5645\">ASTM D624 Typ CP<\/h3>\n<p data-start=\"5646\" data-end=\"6015\"><strong data-start=\"5646\" data-end=\"5667\">ASTM D624 Typ CP<\/strong> modyfikuje konstrukcj\u0119 spodni poprzez dodanie ograniczonej \u015bcie\u017cki, zapewniaj\u0105c, \u017ce rozdarcie pod\u0105\u017ca wcze\u015bniej zdefiniowan\u0105 tras\u0105. Grubsze nogawki zmniejszaj\u0105 niepo\u017c\u0105dane wyd\u0142u\u017cenie, zapewniaj\u0105c bardziej stabilne dane propagacji rozdarcia. Typ CP mo\u017ce dawa\u0107 wysoce powtarzalne wyniki, szczeg\u00f3lnie przydatne przy ocenie trudnych preparat\u00f3w lub materia\u0142\u00f3w o z\u0142o\u017conej strukturze wzmocnienia.<\/p>\n<hr data-start=\"6017\" data-end=\"6020\" \/>\n<h2 data-start=\"2631\" data-end=\"2681\">Tester wytrzyma\u0142o\u015bci na rozerwanie<\/h2>\n<p><a href=\"https:\/\/www.qualitester.com\/pl\/produkt-2\/tensile-tester-tst-01\/\"><img fetchpriority=\"high\" decoding=\"async\" class=\"alignleft wp-image-7585 size-medium\" src=\"https:\/\/www.qualitester.com\/wp-content\/uploads\/2025\/11\/ASTM-D624-Tear-Strength-Test-Method-of-Rubber-and-Elastomers-300x300.webp\" alt=\"ASTM D624 Metoda badania wytrzyma\u0142o\u015bci na rozdarcie gumy i elastomer\u00f3w\" width=\"300\" height=\"300\" srcset=\"https:\/\/www.qualitester.com\/wp-content\/uploads\/2025\/11\/ASTM-D624-Tear-Strength-Test-Method-of-Rubber-and-Elastomers-300x300.webp 300w, https:\/\/www.qualitester.com\/wp-content\/uploads\/2025\/11\/ASTM-D624-Tear-Strength-Test-Method-of-Rubber-and-Elastomers-150x150.webp 150w, https:\/\/www.qualitester.com\/wp-content\/uploads\/2025\/11\/ASTM-D624-Tear-Strength-Test-Method-of-Rubber-and-Elastomers-12x12.webp 12w, https:\/\/www.qualitester.com\/wp-content\/uploads\/2025\/11\/ASTM-D624-Tear-Strength-Test-Method-of-Rubber-and-Elastomers-100x100.webp 100w, https:\/\/www.qualitester.com\/wp-content\/uploads\/2025\/11\/ASTM-D624-Tear-Strength-Test-Method-of-Rubber-and-Elastomers.webp 600w\" sizes=\"(max-width: 300px) 100vw, 300px\" \/><\/a><\/p>\n<p data-start=\"2682\" data-end=\"3056\">Niezawodny <strong data-start=\"2693\" data-end=\"2717\">Tester wytrzyma\u0142o\u015bci na rozerwanie<\/strong> odgrywa kluczow\u0105 rol\u0119 w uzyskiwaniu dok\u0142adnych i powtarzalnych wynik\u00f3w. Maszyna wytrzyma\u0142o\u015bciowa musi utrzymywa\u0107 sta\u0142\u0105 szybko\u015b\u0107 rozdzielania uchwyt\u00f3w, zapewnia\u0107 stabilne ustawienie i precyzj\u0119 pomiaru si\u0142y odpowiedni\u0105 dla wszystkich geometrii pr\u00f3bek. Wymagania dotycz\u0105ce pr\u0119dko\u015bci trawersy r\u00f3\u017cni\u0105 si\u0119 w zale\u017cno\u015bci od rodzaju testu, wi\u0119c sprz\u0119t musi obs\u0142ugiwa\u0107 precyzyjn\u0105 kontrol\u0119 pr\u0119dko\u015bci.<\/p>\n<p data-start=\"3058\" data-end=\"3431\">Dla laboratori\u00f3w poszukuj\u0105cych stabilnej i wszechstronnej wydajno\u015bci <strong data-start=\"3121\" data-end=\"3163\">Tester rozci\u0105gania Cell Instruments TST-01<\/strong> oferuje wysok\u0105 dok\u0142adno\u015b\u0107 pomiaru si\u0142y, elastyczne mocowanie i doskona\u0142\u0105 powtarzalno\u015b\u0107. Spe\u0142nia wymagania dotycz\u0105ce pr\u0119dko\u015bci dla typ\u00f3w A, B, C (500 \u00b1 50 mm\/min) i typu T, CP (50 \u00b1 5 mm\/min), co czyni go idealnym rozwi\u0105zaniem dla <a href=\"https:\/\/www.astm.org\/d0624-00r20.html\" target=\"_blank\" rel=\"noopener nofollow\">ASTM D624<\/a> testowanie r\u00f3\u017cnych produkt\u00f3w z gumy i TPE.<\/p>","protected":false},"excerpt":{"rendered":"<p>ASTM D624 Tear Strength Test Method of Rubber and Elastomers ASTM D624 stands as one of the most widely used standards for evaluating rubber tear strength in conventional vulcanized rubber and thermoplastic elastomers (TPE). Manufacturers, quality control engineers, and research professionals rely on this method to understand how rubber materials initiate and propagate tears under &hellip;<\/p>\n<p class=\"read-more\"> <a class=\"\" href=\"https:\/\/www.qualitester.com\/pl\/standards\/astm-d624\/\"> <span class=\"screen-reader-text\">ASTM D624<\/span> Czytaj wi\u0119cej \"<\/a><\/p>","protected":false},"author":4,"featured_media":7585,"parent":4948,"menu_order":0,"comment_status":"closed","ping_status":"closed","template":"","meta":{"site-sidebar-layout":"default","site-content-layout":"default","ast-global-header-display":"","ast-main-header-display":"","ast-hfb-above-header-display":"","ast-hfb-below-header-display":"","ast-hfb-mobile-header-display":"","site-post-title":"disabled","ast-breadcrumbs-content":"","ast-featured-img":"disabled","footer-sml-layout":"","theme-transparent-header-meta":"default","adv-header-id-meta":"","stick-header-meta":"","header-above-stick-meta":"","header-main-stick-meta":"","header-below-stick-meta":"","footnotes":""},"class_list":["post-7584","page","type-page","status-publish","has-post-thumbnail","hentry"],"_links":{"self":[{"href":"https:\/\/www.qualitester.com\/pl\/wp-json\/wp\/v2\/pages\/7584","targetHints":{"allow":["GET"]}}],"collection":[{"href":"https:\/\/www.qualitester.com\/pl\/wp-json\/wp\/v2\/pages"}],"about":[{"href":"https:\/\/www.qualitester.com\/pl\/wp-json\/wp\/v2\/types\/page"}],"author":[{"embeddable":true,"href":"https:\/\/www.qualitester.com\/pl\/wp-json\/wp\/v2\/users\/4"}],"replies":[{"embeddable":true,"href":"https:\/\/www.qualitester.com\/pl\/wp-json\/wp\/v2\/comments?post=7584"}],"version-history":[{"count":0,"href":"https:\/\/www.qualitester.com\/pl\/wp-json\/wp\/v2\/pages\/7584\/revisions"}],"up":[{"embeddable":true,"href":"https:\/\/www.qualitester.com\/pl\/wp-json\/wp\/v2\/pages\/4948"}],"wp:featuredmedia":[{"embeddable":true,"href":"https:\/\/www.qualitester.com\/pl\/wp-json\/wp\/v2\/media\/7585"}],"wp:attachment":[{"href":"https:\/\/www.qualitester.com\/pl\/wp-json\/wp\/v2\/media?parent=7584"}],"curies":[{"name":"wp","href":"https:\/\/api.w.org\/{rel}","templated":true}]}}