{"id":7527,"date":"2025-11-04T15:57:24","date_gmt":"2025-11-04T07:57:24","guid":{"rendered":"https:\/\/www.qualitester.com\/?page_id=7527"},"modified":"2025-12-17T13:56:42","modified_gmt":"2025-12-17T05:56:42","slug":"geomembrane-puncture-testing","status":"publish","type":"page","link":"https:\/\/www.qualitester.com\/pl\/applications\/geomembrane-puncture-testing\/","title":{"rendered":"Test przebicia geomembrany"},"content":{"rendered":"<h1 style=\"text-align: center;\" data-start=\"466\" data-end=\"902\">Test przebicia geomembrany<br \/>\n<small>ASTM D4883<\/small><\/h1>\n<p data-start=\"466\" data-end=\"902\">Geomembrany odgrywaj\u0105 kluczow\u0105 rol\u0119 w zastosowaniach zwi\u0105zanych z ochron\u0105 \u015brodowiska, takich jak sk\u0142adowiska odpad\u00f3w, zbiorniki i stawy g\u00f3rnicze. Zapewnienie ich trwa\u0142o\u015bci i odporno\u015bci na przebicie ma kluczowe znaczenie dla zapobiegania wyciekom i awariom systemu. The <strong data-start=\"691\" data-end=\"720\">test przebicia geomembrany<\/strong> to znormalizowana metoda stosowana do oceny zdolno\u015bci tych materia\u0142\u00f3w do wytrzymywania napr\u0119\u017ce\u0144 mechanicznych i penetracji, zapewniaj\u0105ca podstawowy wska\u017anik wydajno\u015bci i jako\u015bci.<\/p>\n<hr data-start=\"904\" data-end=\"907\" \/>\n<h2 data-start=\"909\" data-end=\"956\">Znaczenie testu przebicia geomembrany<\/h2>\n<p data-start=\"958\" data-end=\"1476\">Odporno\u015b\u0107 geomembran na przebicie bezpo\u015brednio wp\u0142ywa na ich funkcj\u0119 ochronn\u0105 w trudnych warunkach. Ostre kamienie, gruz budowlany lub napr\u0119\u017cenia monta\u017cowe mog\u0105 zagrozi\u0107 integralno\u015bci systemu wyk\u0142adzin, je\u015bli materia\u0142 nie ma wystarczaj\u0105cej wytrzyma\u0142o\u015bci na przebicie. W zwi\u0105zku z tym nale\u017cy przeprowadzi\u0107 <strong data-start=\"1245\" data-end=\"1274\">test przebicia geomembrany<\/strong> Pomaga producentom, in\u017cynierom i specjalistom ds. kontroli jako\u015bci zapewni\u0107, \u017ce materia\u0142 spe\u0142nia specyficzne dla projektu wymagania dotycz\u0105ce trwa\u0142o\u015bci i jest zgodny z mi\u0119dzynarodowymi normami, takimi jak <strong data-start=\"1461\" data-end=\"1475\">ASTM D4833<\/strong>.<\/p>\n<p data-start=\"1478\" data-end=\"1718\">Test ten pomaga r\u00f3wnie\u017c w por\u00f3wnywaniu materia\u0142\u00f3w, optymalizacji receptur produkcyjnych i poprawie niezawodno\u015bci projektu. Jest to szczeg\u00f3lnie wa\u017cne w <strong data-start=\"1627\" data-end=\"1669\">programy zapewnienia jako\u015bci geomembran<\/strong> dla projekt\u00f3w geotechnicznych i in\u017cynierii l\u0105dowej.<\/p>\n<hr data-start=\"1720\" data-end=\"1723\" \/>\n<h2 data-start=\"1725\" data-end=\"1782\">Indeks odporno\u015bci na przebicie geomembrany (<a href=\"https:\/\/www.packqc.com\/standard\/astm-d4833\/\" rel=\"nofollow noopener\" target=\"_blank\">ASTM D4833<\/a>)<\/h2>\n<p data-start=\"1784\" data-end=\"2128\">The <strong data-start=\"1788\" data-end=\"1832\">wska\u017anik odporno\u015bci geomembrany na przebicie<\/strong> zdefiniowany w <strong data-start=\"1844\" data-end=\"1865\">ASTM D4833\/D4833M<\/strong> zapewnia znormalizowany spos\u00f3b okre\u015blania odporno\u015bci materia\u0142u na miejscow\u0105 penetracj\u0119. W tej metodzie pr\u00f3bka jest bezpiecznie mocowana mi\u0119dzy okr\u0105g\u0142ymi p\u0142ytami i poddawana sile przebijaj\u0105cej przez solidny stalowy pr\u0119t za pomoc\u0105 <strong data-start=\"2100\" data-end=\"2127\">maszyna do pr\u00f3b rozci\u0105gania<\/strong>.<\/p>\n<p data-start=\"2130\" data-end=\"2370\"><span style=\"text-decoration: underline;\"><em>The<\/em> <strong data-start=\"2134\" data-end=\"2175\">maksymalna si\u0142a zarejestrowana przed p\u0119kni\u0119ciem<\/strong> reprezentuje warto\u015b\u0107 odporno\u015bci geomembrany na przebicie.<\/span> Warto\u015b\u0107 ta s\u0142u\u017cy jako wska\u017anik por\u00f3wnawczy, umo\u017cliwiaj\u0105c u\u017cytkownikom ocen\u0119 wydajno\u015bci materia\u0142u w sp\u00f3jnych i powtarzalnych warunkach.<\/p>\n<p data-start=\"2372\" data-end=\"2406\">Kluczowe aspekty normy ASTM D4833 obejmuj\u0105:<\/p>\n<ul>\n<li data-start=\"2409\" data-end=\"2477\">Pr\u00f3bka jest zaci\u015bni\u0119ta <em data-start=\"2433\" data-end=\"2450\">bez napi\u0119cia<\/em> pomi\u0119dzy okr\u0105g\u0142ymi p\u0142ytami.<\/li>\n<li data-start=\"2480\" data-end=\"2571\">Si\u0142a przebicia jest przyk\u0142adana ze sta\u0142\u0105 pr\u0119dko\u015bci\u0105 <strong data-start=\"2533\" data-end=\"2568\">300 \u00b1 10 mm\/min (12 \u00b1 \u00bd in\/min)<\/strong>.<\/li>\n<li data-start=\"2574\" data-end=\"2666\">The <strong data-start=\"2578\" data-end=\"2601\">odporno\u015b\u0107 na przebicie<\/strong> jest okre\u015blana na podstawie <strong data-start=\"2625\" data-end=\"2639\">si\u0142a szczytowa<\/strong> zarejestrowane podczas test\u00f3w.<\/li>\n<li data-start=\"2669\" data-end=\"2771\">W przypadku materia\u0142\u00f3w kompozytowych <strong data-start=\"2698\" data-end=\"2721\">pierwszy punkt p\u0119kni\u0119cia<\/strong> nawet je\u015bli wyst\u0105pi drugi wy\u017cszy szczyt.<\/li>\n<\/ul>\n<p data-start=\"2773\" data-end=\"2885\">Ta znormalizowana metoda testowa zapewnia dok\u0142adne i jednolite raportowanie danych przez r\u00f3\u017cne laboratoria i producent\u00f3w.<\/p>\n<hr data-start=\"2887\" data-end=\"2890\" \/>\n<h2 data-start=\"2892\" data-end=\"2965\">Test odporno\u015bci geomembrany na przebicie: Procedura i interpretacja<\/h2>\n<p data-start=\"2967\" data-end=\"3237\">Wykonywanie <strong data-start=\"2980\" data-end=\"3023\">test odporno\u015bci geomembrany na przebicie<\/strong> wymaga precyzji i sp\u00f3jno\u015bci. Odpowiednio skalibrowana maszyna do pr\u00f3b rozci\u0105gania lub \u015bciskania, taka jak <strong data-start=\"3134\" data-end=\"3169\">Tester rozci\u0105gania Cell Instruments<\/strong>, Zapewnia, \u017ce obci\u0105\u017cenie testowe jest przyk\u0142adane p\u0142ynnie i z prawid\u0142ow\u0105 pr\u0119dko\u015bci\u0105.<\/p>\n<p data-start=\"3239\" data-end=\"3267\">Procedura testowa obejmuje:<\/p>\n<ol>\n<li data-start=\"3271\" data-end=\"3371\">Wyb\u00f3r odpowiedniego zakresu obci\u0105\u017cenia, tak aby p\u0119kni\u0119cie nast\u0105pi\u0142o mi\u0119dzy 10% a 90% obci\u0105\u017cenia w pe\u0142nej skali.<\/li>\n<li data-start=\"3375\" data-end=\"3446\">Mocowanie pr\u00f3bki geomembrany centralnie mi\u0119dzy p\u0142ytami zaciskowymi.<\/li>\n<li data-start=\"3450\" data-end=\"3508\">Stosowa\u0107 pr\u0119t nak\u0142uwaj\u0105cy a\u017c do ca\u0142kowitego p\u0119kni\u0119cia.<\/li>\n<li data-start=\"3512\" data-end=\"3579\">Nagrywanie <strong data-start=\"3526\" data-end=\"3543\">maksymalna si\u0142a<\/strong> jako warto\u015b\u0107 odporno\u015bci na przebicie.<\/li>\n<\/ol>\n<p data-start=\"3581\" data-end=\"3807\">Wyniki s\u0105 wykorzystywane do oceny <strong data-start=\"3614\" data-end=\"3647\">wytrzyma\u0142o\u015b\u0107 geomembrany na przebicie<\/strong> oraz do por\u00f3wnywania materia\u0142\u00f3w lub partii produkcyjnych. Wy\u017csza odporno\u015b\u0107 na przebicie wskazuje na doskona\u0142\u0105 trwa\u0142o\u015b\u0107 i przydatno\u015b\u0107 do wymagaj\u0105cych zastosowa\u0144 w terenie.<\/p>\n<hr data-start=\"3809\" data-end=\"3812\" \/>\n<h2 data-start=\"3814\" data-end=\"3879\">Test wytrzyma\u0142o\u015bci na przebicie geomembrany: Zastosowania i korzy\u015bci<\/h2>\n<p data-start=\"3881\" data-end=\"4046\">The <strong data-start=\"3885\" data-end=\"3923\">test wytrzyma\u0142o\u015bci geomembrany na przebicie<\/strong> jest niezb\u0119dna przy projektowaniu i wyborze geomembran do system\u00f3w zabezpieczaj\u0105cych. Zapewnia niezb\u0119dny wgl\u0105d w:<\/p>\n<ul>\n<li data-start=\"4049\" data-end=\"4121\"><strong data-start=\"4049\" data-end=\"4071\">Wytrzyma\u0142o\u015b\u0107 materia\u0142u<\/strong> i odporno\u015b\u0107 na penetracj\u0119 ostrymi przedmiotami.<\/li>\n<li data-start=\"4124\" data-end=\"4202\"><strong data-start=\"4124\" data-end=\"4150\">Por\u00f3wnanie wydajno\u015bci<\/strong> mi\u0119dzy typami geomembran (HDPE, LLDPE, PVC itp.).<\/li>\n<li data-start=\"4205\" data-end=\"4281\"><strong data-start=\"4205\" data-end=\"4224\">Kontrola jako\u015bci<\/strong> dla producent\u00f3w, aby zapewni\u0107 sp\u00f3jno\u015b\u0107 produkcji.<\/li>\n<li data-start=\"4284\" data-end=\"4358\"><strong data-start=\"4284\" data-end=\"4312\">Zapewnienie bezpiecze\u0144stwa projektu<\/strong>, minimalizuj\u0105c ryzyko wycieku lub awarii.<\/li>\n<\/ul>\n<p data-start=\"4360\" data-end=\"4525\">Integruj\u0105c ten test na etapie kwalifikacji materia\u0142\u00f3w i produkcji, organizacje mog\u0105 znacznie poprawi\u0107 d\u0142ugoterminow\u0105 wydajno\u015b\u0107 i bezpiecze\u0144stwo \u015brodowiskowe.<\/p>\n<hr data-start=\"4527\" data-end=\"4530\" \/>\n<h2 data-start=\"4532\" data-end=\"4598\">Zalecany sprz\u0119t testuj\u0105cy: Tester rozci\u0105gania Cell Instruments<\/h2>\n<p><a href=\"https:\/\/www.qualitester.com\/pl\/produkt-2\/tensile-tester-tst-01\/\"><img fetchpriority=\"high\" decoding=\"async\" class=\"size-medium wp-image-7531 alignleft\" src=\"https:\/\/www.qualitester.com\/wp-content\/uploads\/2025\/11\/Geomembrane-Puncture-Testing-ASTM-D4833-Index-Puncture-300x300.webp\" alt=\"Test na przebicie geomembrany - ASTM D4833 Index Puncture\" width=\"300\" height=\"300\" srcset=\"https:\/\/www.qualitester.com\/wp-content\/uploads\/2025\/11\/Geomembrane-Puncture-Testing-ASTM-D4833-Index-Puncture-300x300.webp 300w, https:\/\/www.qualitester.com\/wp-content\/uploads\/2025\/11\/Geomembrane-Puncture-Testing-ASTM-D4833-Index-Puncture-150x150.webp 150w, https:\/\/www.qualitester.com\/wp-content\/uploads\/2025\/11\/Geomembrane-Puncture-Testing-ASTM-D4833-Index-Puncture-12x12.webp 12w, https:\/\/www.qualitester.com\/wp-content\/uploads\/2025\/11\/Geomembrane-Puncture-Testing-ASTM-D4833-Index-Puncture-100x100.webp 100w, https:\/\/www.qualitester.com\/wp-content\/uploads\/2025\/11\/Geomembrane-Puncture-Testing-ASTM-D4833-Index-Puncture.webp 600w\" sizes=\"(max-width: 300px) 100vw, 300px\" \/><\/a>Do niezawodnego i precyzyjnego testowania przebicia geomembrany, <strong data-start=\"4655\" data-end=\"4691\">Cell Instruments <a href=\"https:\/\/www.qualitester.com\/pl\/produkt-2\/tensile-tester-tst-01\/\">Tester rozci\u0105gania<\/a><\/strong> oferuje zaawansowan\u0105 kontrol\u0119 obci\u0105\u017cenia, stabiln\u0105 pr\u0119dko\u015b\u0107 testu i akwizycj\u0119 danych o wysokiej rozdzielczo\u015bci. Jego konstrukcja obs\u0142uguje r\u00f3\u017cne oprzyrz\u0105dowanie do testowania geosyntetyk\u00f3w, w tym zaciski pier\u015bcieniowe i pr\u0119ty przebijaj\u0105ce okre\u015blone w <strong data-start=\"4891\" data-end=\"4905\">ASTM D4833<\/strong>.<\/p>\n<p data-start=\"4908\" data-end=\"4931\">Kluczowe zalety obejmuj\u0105:<\/p>\n<ul>\n<li data-start=\"4934\" data-end=\"4984\">Wysoka dok\u0142adno\u015b\u0107 i powtarzalno\u015b\u0107 wynik\u00f3w test\u00f3w.<\/li>\n<li data-start=\"4987\" data-end=\"5040\">Przyjazne dla u\u017cytkownika oprogramowanie do analizy danych w czasie rzeczywistym.<\/li>\n<li data-start=\"5043\" data-end=\"5105\">Kompatybilno\u015b\u0107 z wieloma standardami testowymi i typami pr\u00f3bek.<\/li>\n<\/ul>\n<p data-start=\"5107\" data-end=\"5308\">Korzystaj\u0105c ze sprz\u0119tu Cell Instruments, laboratoria i dzia\u0142y kontroli jako\u015bci mog\u0105 uzyska\u0107 sp\u00f3jn\u0105, zgodn\u0105 i wydajn\u0105 ocen\u0119 odporno\u015bci na przebicie geomembran i powi\u0105zanych produkt\u00f3w.<\/p>\n<hr data-start=\"5310\" data-end=\"5313\" \/>\n<h2 data-start=\"6072\" data-end=\"6389\">Najcz\u0119\u015bciej zadawane pytania<\/h2>\n<p data-start=\"6072\" data-end=\"6389\"><strong data-start=\"6072\" data-end=\"6132\">1. Jaki jest cel testu przebicia geomembrany?<\/strong><br data-start=\"6132\" data-end=\"6135\" \/>Test przebicia geomembrany okre\u015bla odporno\u015b\u0107 materia\u0142u na przebicie i penetracj\u0119 w kontrolowanych warunkach laboratoryjnych. Zapewnia warto\u015b\u0107 indeksu, kt\u00f3ra pomaga oceni\u0107 wytrzyma\u0142o\u015b\u0107, jako\u015b\u0107 i przydatno\u015b\u0107 materia\u0142u do zastosowa\u0144 w terenie.<\/p>\n<p data-start=\"6391\" data-end=\"6710\"><strong data-start=\"6391\" data-end=\"6465\">2. Kt\u00f3ra norma jest stosowana do testowania odporno\u015bci geomembrany na przebicie?<\/strong><br data-start=\"6465\" data-end=\"6468\" \/>Najbardziej uznanym standardem jest <strong data-start=\"6507\" data-end=\"6611\"><a href=\"https:\/\/www.astm.org\/d4833_d4833m-07r20.html\" target=\"_blank\" rel=\"noopener nofollow\">ASTM D4833<\/a> - Standardowa metoda badania wska\u017anika odporno\u015bci na przebicie geomembran i produkt\u00f3w pokrewnych<\/strong>, kt\u00f3ry okre\u015bla procedur\u0119, pr\u0119dko\u015b\u0107 i konfiguracj\u0119 testu w celu uzyskania sp\u00f3jnych i por\u00f3wnywalnych wynik\u00f3w.<\/p>\n<p data-start=\"6712\" data-end=\"7053\"><strong data-start=\"6712\" data-end=\"6791\">3. Jaki sprz\u0119t jest wymagany do przeprowadzenia testu przebicia geomembrany?<\/strong><br data-start=\"6791\" data-end=\"6794\" \/>A <strong data-start=\"6796\" data-end=\"6823\">maszyna do pr\u00f3b rozci\u0105gania<\/strong> wyposa\u017cony w zacisk pier\u015bcieniowy i pr\u0119t do nak\u0142uwania. Instrumenty takie jak <strong data-start=\"6906\" data-end=\"6941\">Tester rozci\u0105gania Cell Instruments<\/strong> s\u0105 idealne, poniewa\u017c zapewniaj\u0105 precyzyjn\u0105 kontrol\u0119 si\u0142y i dok\u0142adn\u0105 rejestracj\u0119 danych zgodnie z ASTM D4833.<\/p>\n<p data-start=\"7055\" data-end=\"7367\"><strong data-start=\"7055\" data-end=\"7126\">4. Jakie czynniki wp\u0142ywaj\u0105 na odporno\u015b\u0107 geomembrany na przebicie?<\/strong><br data-start=\"7126\" data-end=\"7129\" \/>Odporno\u015b\u0107 na przebicie zale\u017cy od kilku czynnik\u00f3w, w tym rodzaju materia\u0142u (HDPE, PVC itp.), grubo\u015bci, sk\u0142adu, temperatury i procesu produkcyjnego. Grubsze i bardziej elastyczne materia\u0142y wykazuj\u0105 zazwyczaj wy\u017csz\u0105 odporno\u015b\u0107 na przebicie.<\/p>\n<p data-start=\"7369\" data-end=\"7687\"><strong data-start=\"7369\" data-end=\"7443\">5. Jak cz\u0119sto nale\u017cy testowa\u0107 odporno\u015b\u0107 geomembran na przebicie?<\/strong><br data-start=\"7443\" data-end=\"7446\" \/>Zaleca si\u0119 przetestowanie <strong data-start=\"7472\" data-end=\"7497\">ka\u017cda partia produkcyjna<\/strong> i przeprowadzi\u0107 testy weryfikacyjne podczas <strong data-start=\"7536\" data-end=\"7596\">kwalifikacja materia\u0142\u00f3w, instalacja i audyty jako\u015bci<\/strong>. Regularne testy zapewniaj\u0105 sp\u00f3jno\u015b\u0107 i d\u0142ugoterminow\u0105 niezawodno\u015b\u0107 dzia\u0142ania geomembrany.<\/p>","protected":false},"excerpt":{"rendered":"<p>Badanie odporno\u015bci geomembrany na przebicie ASTM D4883 Geomembrany odgrywaj\u0105 kluczow\u0105 rol\u0119 w zastosowaniach zwi\u0105zanych z ochron\u0105 \u015brodowiska, takich jak sk\u0142adowiska odpad\u00f3w, zbiorniki i stawy wydobywcze. Zapewnienie ich trwa\u0142o\u015bci i odporno\u015bci na przebicie ma kluczowe znaczenie dla zapobiegania wyciekom i awariom systemu. Test przebicia geomembrany jest znormalizowan\u0105 metod\u0105 stosowan\u0105 do oceny zdolno\u015bci tych materia\u0142\u00f3w do wytrzymywania napr\u0119\u017ce\u0144 mechanicznych ...<\/p>\n<p class=\"read-more\"> <a class=\"\" href=\"https:\/\/www.qualitester.com\/pl\/applications\/geomembrane-puncture-testing\/\"> <span class=\"screen-reader-text\">Test przebicia geomembrany<\/span> Czytaj wi\u0119cej \"<\/a><\/p>","protected":false},"author":4,"featured_media":7531,"parent":6794,"menu_order":0,"comment_status":"closed","ping_status":"closed","template":"","meta":{"site-sidebar-layout":"default","site-content-layout":"default","ast-global-header-display":"","ast-main-header-display":"","ast-hfb-above-header-display":"","ast-hfb-below-header-display":"","ast-hfb-mobile-header-display":"","site-post-title":"disabled","ast-breadcrumbs-content":"","ast-featured-img":"disabled","footer-sml-layout":"","theme-transparent-header-meta":"default","adv-header-id-meta":"","stick-header-meta":"","header-above-stick-meta":"","header-main-stick-meta":"","header-below-stick-meta":"","footnotes":""},"class_list":["post-7527","page","type-page","status-publish","has-post-thumbnail","hentry"],"_links":{"self":[{"href":"https:\/\/www.qualitester.com\/pl\/wp-json\/wp\/v2\/pages\/7527","targetHints":{"allow":["GET"]}}],"collection":[{"href":"https:\/\/www.qualitester.com\/pl\/wp-json\/wp\/v2\/pages"}],"about":[{"href":"https:\/\/www.qualitester.com\/pl\/wp-json\/wp\/v2\/types\/page"}],"author":[{"embeddable":true,"href":"https:\/\/www.qualitester.com\/pl\/wp-json\/wp\/v2\/users\/4"}],"replies":[{"embeddable":true,"href":"https:\/\/www.qualitester.com\/pl\/wp-json\/wp\/v2\/comments?post=7527"}],"version-history":[{"count":0,"href":"https:\/\/www.qualitester.com\/pl\/wp-json\/wp\/v2\/pages\/7527\/revisions"}],"up":[{"embeddable":true,"href":"https:\/\/www.qualitester.com\/pl\/wp-json\/wp\/v2\/pages\/6794"}],"wp:featuredmedia":[{"embeddable":true,"href":"https:\/\/www.qualitester.com\/pl\/wp-json\/wp\/v2\/media\/7531"}],"wp:attachment":[{"href":"https:\/\/www.qualitester.com\/pl\/wp-json\/wp\/v2\/media?parent=7527"}],"curies":[{"name":"wp","href":"https:\/\/api.w.org\/{rel}","templated":true}]}}