{"id":7515,"date":"2025-10-20T21:27:40","date_gmt":"2025-10-20T13:27:40","guid":{"rendered":"https:\/\/www.qualitester.com\/?page_id=7515"},"modified":"2025-10-22T16:49:26","modified_gmt":"2025-10-22T08:49:26","slug":"astm-d4833","status":"publish","type":"page","link":"https:\/\/www.qualitester.com\/pl\/standards\/astm-d4833\/","title":{"rendered":"ASTM D4833"},"content":{"rendered":"<h1 style=\"text-align: center;\" data-start=\"209\" data-end=\"297\">ASTM D4833<br \/>\n<small>Test odporno\u015bci geomembrany na przebicie<\/small><\/h1>\n<p data-start=\"439\" data-end=\"1029\">ASTM D4833, oficjalnie zatytu\u0142owany <em data-start=\"469\" data-end=\"558\">Standardowa metoda badania wska\u017anika odporno\u015bci na przebicie geomembran i produkt\u00f3w pokrewnych<\/em>, jest powszechnie uznanym standardem opracowanym przez ASTM International. Metoda ta ocenia odporno\u015b\u0107 geomembran na przebicie - kluczow\u0105 w\u0142a\u015bciwo\u015b\u0107 u\u017cytkow\u0105 materia\u0142\u00f3w stosowanych w ochronie \u015brodowiska, budownictwie i in\u017cynierii l\u0105dowej.<br data-start=\"812\" data-end=\"815\" \/>Geomembrany s\u0142u\u017c\u0105 jako nieprzepuszczalne bariery w sk\u0142adowiskach odpad\u00f3w, stawach i zbiornikach, wi\u0119c zrozumienie ich odporno\u015bci na przebicie ma kluczowe znaczenie dla zapewnienia d\u0142ugoterminowej trwa\u0142o\u015bci i zapobiegania wyciekom lub uszkodzeniom strukturalnym.<\/p>\n<h2 data-start=\"1036\" data-end=\"1096\">Zrozumienie testu odporno\u015bci geomembrany na przebicie<\/h2>\n<p data-start=\"1098\" data-end=\"1490\">The <strong data-start=\"1102\" data-end=\"1132\">test przebicia geomembrany<\/strong> opisana w normie ASTM D4833 okre\u015bla odporno\u015b\u0107 materia\u0142u na przebicie w kontrolowanych warunkach laboratoryjnych. W tej procedurze pr\u00f3bka testowa jest <strong data-start=\"1286\" data-end=\"1325\">zaci\u015bni\u0119ty mi\u0119dzy dwiema okr\u0105g\u0142ymi p\u0142ytami<\/strong> i poddany dzia\u0142aniu si\u0142y pionowej za pomoc\u0105 solidnego stalowego pr\u0119ta, a\u017c do momentu p\u0119kni\u0119cia. Maksymalna zarejestrowana si\u0142a reprezentuje <strong data-start=\"1448\" data-end=\"1471\">odporno\u015b\u0107 na przebicie<\/strong> pr\u00f3bki.<\/p>\n<p data-start=\"1492\" data-end=\"1843\">Ten test jest zwykle wykonywany przy u\u017cyciu <strong data-start=\"1533\" data-end=\"1613\">maszyna do pr\u00f3b rozci\u0105gania wyposa\u017cona w zacisk pier\u015bcieniowy i zesp\u00f3\u0142 pr\u0119ta przebijaj\u0105cego<\/strong>. Pr\u0119dko\u015b\u0107 testowa jest utrzymywana na poziomie <em data-start=\"1647\" data-end=\"1664\">300 \u00b1 10 mm\/min<\/em>, zapewniaj\u0105c sp\u00f3jne tempo deformacji we wszystkich pr\u00f3bkach. Zgodnie z norm\u0105, p\u0119kni\u0119cie powinno nast\u0105pi\u0107 pomi\u0119dzy <em data-start=\"1780\" data-end=\"1816\">10% i 90% obci\u0105\u017cenia w pe\u0142nej skali<\/em> aby zapewni\u0107 prawid\u0142owe wyniki.<\/p>\n<h2 data-start=\"1850\" data-end=\"1909\">Dlaczego test odporno\u015bci geomembrany na przebicie ma znaczenie?<\/h2>\n<p data-start=\"1911\" data-end=\"2187\">The <strong data-start=\"1915\" data-end=\"1956\">test odporno\u015bci geomembran na przebicie<\/strong> odgrywa kluczow\u0105 rol\u0119 w kontroli jako\u015bci i doborze materia\u0142\u00f3w. Odporno\u015b\u0107 na przebicie bezpo\u015brednio wp\u0142ywa na to, jak dobrze geomembrana mo\u017ce wytrzyma\u0107 napr\u0119\u017cenia instalacyjne, kontakt z ostrymi kruszywami lub nacisk materia\u0142\u00f3w zasypowych.<\/p>\n<p data-start=\"2189\" data-end=\"2562\">ASTM D4833 zapewnia <strong data-start=\"2209\" data-end=\"2225\">warto\u015bci indeksu<\/strong> a nie bezwzgl\u0119dne dane dotycz\u0105ce wydajno\u015bci w terenie. Warto\u015bci te umo\u017cliwiaj\u0105 in\u017cynierom, producentom i laboratoriom testowym por\u00f3wnanie wzgl\u0119dnej wytrzyma\u0142o\u015bci r\u00f3\u017cnych produkt\u00f3w geomembranowych w standardowych warunkach. Sp\u00f3jne dane zwi\u0119kszaj\u0105 zaufanie do wyboru produktu, zgodno\u015bci ze specyfikacj\u0105 i d\u0142ugoterminowego przewidywania wydajno\u015bci.<\/p>\n<h2 data-start=\"2569\" data-end=\"2622\">Najwa\u017cniejsze informacje dotycz\u0105ce procedury testowania ASTM D4833<\/h2>\n<p data-start=\"2624\" data-end=\"2728\">Aby zapewni\u0107 wiarygodne i powtarzalne wyniki, laboratoria powinny dok\u0142adnie przestrzega\u0107 procedur ASTM D4833:<\/p>\n<ol>\n<li data-start=\"2732\" data-end=\"2862\"><strong data-start=\"2732\" data-end=\"2757\">Przygotowanie pr\u00f3bki:<\/strong> Pr\u00f3bka testowa musi si\u0119ga\u0107 do lub poza zewn\u0119trzne kraw\u0119dzie p\u0142yt mocuj\u0105cych, aby zapobiec po\u015blizgowi.<\/li>\n<li data-start=\"2865\" data-end=\"2981\"><strong data-start=\"2865\" data-end=\"2886\">Aplikacja \u0142aduj\u0105ca:<\/strong> Maszyna testowa przyk\u0142ada pionow\u0105 si\u0142\u0119 poprzez stalowy pr\u0119t przebijaj\u0105cy a\u017c do ca\u0142kowitego p\u0119kni\u0119cia.<\/li>\n<li data-start=\"2984\" data-end=\"3207\"><strong data-start=\"2984\" data-end=\"3003\">Rejestrowanie danych:<\/strong> The <strong data-start=\"3008\" data-end=\"3031\">maksymalna warto\u015b\u0107 si\u0142y<\/strong> podczas testu reprezentuje odporno\u015b\u0107 materia\u0142u na przebicie. W przypadku geomembran kompozytowych <strong data-start=\"3127\" data-end=\"3149\">pocz\u0105tkowa si\u0142a szczytowa<\/strong> nawet je\u015bli drugi wy\u017cszy szczyt wyst\u0105pi p\u00f3\u017aniej.<\/li>\n<li data-start=\"3210\" data-end=\"3317\"><strong data-start=\"3210\" data-end=\"3227\">Kontrola testowa:<\/strong> Pr\u0119dko\u015b\u0107 testowania i warunki \u015brodowiskowe musz\u0105 by\u0107 sp\u00f3jne dla wszystkich pr\u00f3bek.<\/li>\n<\/ol>\n<p data-start=\"3319\" data-end=\"3438\">Te szczeg\u00f3\u0142y zapewniaj\u0105, \u017ce <strong data-start=\"3349\" data-end=\"3387\">test wytrzyma\u0142o\u015bci geomembrany na przebicie<\/strong> wyniki s\u0105 dok\u0142adne, por\u00f3wnywalne i identyfikowalne.<\/p>\n<h2 data-start=\"3445\" data-end=\"3498\">Zastosowania i zalety test\u00f3w ASTM D4833<\/h2>\n<p data-start=\"3500\" data-end=\"3634\">Zrozumienie odporno\u015bci na przebicie pomaga u\u017cytkownikom przewidzie\u0107 wydajno\u015b\u0107 geomembrany w rzeczywistych warunkach. Zalety test\u00f3w ASTM D4833:<\/p>\n<ul>\n<li data-start=\"3638\" data-end=\"3735\"><strong data-start=\"3638\" data-end=\"3660\">Zapewnienie jako\u015bci:<\/strong> Weryfikuje jednorodno\u015b\u0107 materia\u0142u i zgodno\u015b\u0107 ze specyfikacjami projektu.<\/li>\n<li data-start=\"3738\" data-end=\"3822\"><strong data-start=\"3738\" data-end=\"3762\">Por\u00f3wnanie materia\u0142\u00f3w:<\/strong> Umo\u017cliwia obiektywn\u0105 ocen\u0119 dostawc\u00f3w geomembran.<\/li>\n<li data-start=\"3825\" data-end=\"3915\"><strong data-start=\"3825\" data-end=\"3849\">Rozw\u00f3j produktu:<\/strong> Ulepszona formu\u0142a zapewnia wi\u0119ksz\u0105 wytrzyma\u0142o\u015b\u0107 na przebicie.<\/li>\n<li data-start=\"3918\" data-end=\"4008\"><strong data-start=\"3918\" data-end=\"3944\">Zgodno\u015b\u0107 z przepisami:<\/strong> Spe\u0142nia wymagania \u015brodowiskowe i in\u017cynieryjne projektu.<\/li>\n<\/ul>\n<p data-start=\"4010\" data-end=\"4141\">Zalety te sprawiaj\u0105, \u017ce norma ASTM D4833 jest istotn\u0105 cz\u0119\u015bci\u0105 procesu zapewnienia jako\u015bci w produkcji i stosowaniu geomembran.<\/p>\n<h2 style=\"text-align: center;\" data-start=\"4148\" data-end=\"4231\">Tester wytrzyma\u0142o\u015bci na przebicie geomembrany Cell Instruments<\/h2>\n<p><a href=\"https:\/\/www.qualitester.com\/pl\/produkt-2\/tensile-tester-tst-01\/\"><img fetchpriority=\"high\" decoding=\"async\" class=\"alignleft wp-image-7517 size-medium\" src=\"https:\/\/www.qualitester.com\/wp-content\/uploads\/2025\/10\/ASTM-D4833-Geomembrane-Puncture-Resistance-Test-300x300.webp\" alt=\"Test odporno\u015bci na przebicie geomembrany ASTM D4833\" width=\"300\" height=\"300\" srcset=\"https:\/\/www.qualitester.com\/wp-content\/uploads\/2025\/10\/ASTM-D4833-Geomembrane-Puncture-Resistance-Test-300x300.webp 300w, https:\/\/www.qualitester.com\/wp-content\/uploads\/2025\/10\/ASTM-D4833-Geomembrane-Puncture-Resistance-Test-150x150.webp 150w, https:\/\/www.qualitester.com\/wp-content\/uploads\/2025\/10\/ASTM-D4833-Geomembrane-Puncture-Resistance-Test-12x12.webp 12w, https:\/\/www.qualitester.com\/wp-content\/uploads\/2025\/10\/ASTM-D4833-Geomembrane-Puncture-Resistance-Test-100x100.webp 100w, https:\/\/www.qualitester.com\/wp-content\/uploads\/2025\/10\/ASTM-D4833-Geomembrane-Puncture-Resistance-Test.webp 600w\" sizes=\"(max-width: 300px) 100vw, 300px\" \/><\/a><\/p>\n<p data-start=\"4233\" data-end=\"4464\">Dla laboratori\u00f3w poszukuj\u0105cych niezawodnych i zgodnych z przepisami test\u00f3w, <strong data-start=\"4290\" data-end=\"4310\">Cell Instruments<\/strong> oferuje <strong data-start=\"4320\" data-end=\"4375\">wysoka precyzja <a href=\"https:\/\/www.qualitester.com\/pl\/produkt-2\/tensile-tester-tst-01\/\">Tester wytrzyma\u0142o\u015bci geomembrany na przebicie<\/a><\/strong> zaprojektowany specjalnie do test\u00f3w ASTM D4833.<br data-start=\"4421\" data-end=\"4424\" \/>Ten zaawansowany system testowania posiada nast\u0119puj\u0105ce funkcje<\/p>\n<ul>\n<li><strong data-start=\"4468\" data-end=\"4514\">Precyzyjny czujnik obci\u0105\u017cenia i kontrola przemieszczenia<\/strong>, zapewniaj\u0105c dok\u0142adny pomiar odporno\u015bci na przebicie.<\/li>\n<li><strong data-start=\"4571\" data-end=\"4596\">Konfigurowalne urz\u0105dzenia<\/strong> nadaje si\u0119 do r\u00f3\u017cnych geomembran i powi\u0105zanych materia\u0142\u00f3w.<\/li>\n<li><strong data-start=\"4657\" data-end=\"4709\">Zautomatyzowane oprogramowanie do gromadzenia i analizy danych<\/strong> do monitorowania i raportowania w czasie rzeczywistym.<\/li>\n<\/ul>\n<p data-start=\"4753\" data-end=\"4960\">Korzystaj\u0105c z urz\u0105dze\u0144 testuj\u0105cych firmy Cell Instruments, specjali\u015bci ds. kontroli jako\u015bci mog\u0105 skutecznie okre\u015bli\u0107 <strong data-start=\"4859\" data-end=\"4904\">wska\u017anik odporno\u015bci geomembran na przebicie<\/strong> i zapewni\u0107, \u017ce ich materia\u0142y spe\u0142niaj\u0105 normy ASTM D4833.<\/p>\n<p data-start=\"4985\" data-end=\"5410\"><a href=\"https:\/\/www.astm.org\/d4833_d4833m-07r20.html\" target=\"_blank\" rel=\"noopener nofollow\">ASTM D4833<\/a> zapewnia znormalizowan\u0105 i niezawodn\u0105 metod\u0119 oceny odporno\u015bci geomembran i powi\u0105zanych produkt\u00f3w na przebicie. Dzi\u0119ki temu testowi in\u017cynierowie i producenci zyskuj\u0105 cenny wgl\u0105d w integralno\u015b\u0107 i trwa\u0142o\u015b\u0107 materia\u0142u. Wykorzystanie wysokiej jako\u015bci sprz\u0119tu testuj\u0105cego - takiego jak ten oferowany przez Cell Instruments - zapewnia, \u017ce wyniki test\u00f3w s\u0105 sp\u00f3jne, dok\u0142adne i zgodne z mi\u0119dzynarodowymi standardami.<\/p>","protected":false},"excerpt":{"rendered":"<p>ASTM D4833 Geomembrane Puncture Resistance Test ASTM D4833, officially titled Standard Test Method for Index Puncture Resistance of Geomembranes and Related Products, is a widely recognized standard developed by ASTM International. This method evaluates the puncture resistance of geomembranes\u2014a key performance property for materials used in environmental containment, construction, and civil engineering applications.Geomembranes serve as &hellip;<\/p>\n<p class=\"read-more\"> <a class=\"\" href=\"https:\/\/www.qualitester.com\/pl\/standards\/astm-d4833\/\"> <span class=\"screen-reader-text\">ASTM D4833<\/span> Czytaj wi\u0119cej \"<\/a><\/p>","protected":false},"author":4,"featured_media":7517,"parent":4948,"menu_order":0,"comment_status":"closed","ping_status":"closed","template":"","meta":{"site-sidebar-layout":"default","site-content-layout":"default","ast-global-header-display":"","ast-main-header-display":"","ast-hfb-above-header-display":"","ast-hfb-below-header-display":"","ast-hfb-mobile-header-display":"","site-post-title":"disabled","ast-breadcrumbs-content":"","ast-featured-img":"disabled","footer-sml-layout":"","theme-transparent-header-meta":"default","adv-header-id-meta":"","stick-header-meta":"","header-above-stick-meta":"","header-main-stick-meta":"","header-below-stick-meta":"","footnotes":""},"class_list":["post-7515","page","type-page","status-publish","has-post-thumbnail","hentry"],"_links":{"self":[{"href":"https:\/\/www.qualitester.com\/pl\/wp-json\/wp\/v2\/pages\/7515","targetHints":{"allow":["GET"]}}],"collection":[{"href":"https:\/\/www.qualitester.com\/pl\/wp-json\/wp\/v2\/pages"}],"about":[{"href":"https:\/\/www.qualitester.com\/pl\/wp-json\/wp\/v2\/types\/page"}],"author":[{"embeddable":true,"href":"https:\/\/www.qualitester.com\/pl\/wp-json\/wp\/v2\/users\/4"}],"replies":[{"embeddable":true,"href":"https:\/\/www.qualitester.com\/pl\/wp-json\/wp\/v2\/comments?post=7515"}],"version-history":[{"count":0,"href":"https:\/\/www.qualitester.com\/pl\/wp-json\/wp\/v2\/pages\/7515\/revisions"}],"up":[{"embeddable":true,"href":"https:\/\/www.qualitester.com\/pl\/wp-json\/wp\/v2\/pages\/4948"}],"wp:featuredmedia":[{"embeddable":true,"href":"https:\/\/www.qualitester.com\/pl\/wp-json\/wp\/v2\/media\/7517"}],"wp:attachment":[{"href":"https:\/\/www.qualitester.com\/pl\/wp-json\/wp\/v2\/media?parent=7515"}],"curies":[{"name":"wp","href":"https:\/\/api.w.org\/{rel}","templated":true}]}}