{"id":7439,"date":"2025-09-11T17:11:29","date_gmt":"2025-09-11T09:11:29","guid":{"rendered":"https:\/\/www.qualitester.com\/?page_id=7439"},"modified":"2025-09-11T17:14:02","modified_gmt":"2025-09-11T09:14:02","slug":"glide-force-and-break-loose-force","status":"publish","type":"page","link":"https:\/\/www.qualitester.com\/pl\/applications\/glide-force-and-break-loose-force\/","title":{"rendered":"Testowanie si\u0142y po\u015blizgu i si\u0142y zrywaj\u0105cej w strzykawkach"},"content":{"rendered":"<p><img fetchpriority=\"high\" decoding=\"async\" class=\"wp-image-7443 alignleft\" src=\"https:\/\/www.qualitester.com\/wp-content\/uploads\/2025\/09\/glide-force-and-break-loose-force-300x300.webp\" alt=\"Si\u0142a po\u015blizgu i si\u0142a zrywaj\u0105ca\" width=\"231\" height=\"231\" srcset=\"https:\/\/www.qualitester.com\/wp-content\/uploads\/2025\/09\/glide-force-and-break-loose-force-300x300.webp 300w, https:\/\/www.qualitester.com\/wp-content\/uploads\/2025\/09\/glide-force-and-break-loose-force-1024x1024.webp 1024w, https:\/\/www.qualitester.com\/wp-content\/uploads\/2025\/09\/glide-force-and-break-loose-force-150x150.webp 150w, https:\/\/www.qualitester.com\/wp-content\/uploads\/2025\/09\/glide-force-and-break-loose-force-768x768.webp 768w, https:\/\/www.qualitester.com\/wp-content\/uploads\/2025\/09\/glide-force-and-break-loose-force-12x12.webp 12w, https:\/\/www.qualitester.com\/wp-content\/uploads\/2025\/09\/glide-force-and-break-loose-force-600x600.webp 600w, https:\/\/www.qualitester.com\/wp-content\/uploads\/2025\/09\/glide-force-and-break-loose-force-100x100.webp 100w, https:\/\/www.qualitester.com\/wp-content\/uploads\/2025\/09\/glide-force-and-break-loose-force.webp 1200w\" sizes=\"(max-width: 231px) 100vw, 231px\" \/>Dok\u0142adny pomiar <strong data-start=\"368\" data-end=\"405\">Si\u0142a po\u015blizgu i si\u0142a zrywaj\u0105ca<\/strong> ma zasadnicze znaczenie dla oceny wydajno\u015bci strzykawki i zapewnienia bezpiecze\u0144stwa pacjenta. Parametry te okre\u015blaj\u0105 \u0142atwo\u015b\u0107 i sp\u00f3jno\u015b\u0107 ruchu t\u0142oka podczas wstrzykiwania, bezpo\u015brednio wp\u0142ywaj\u0105c na u\u017cyteczno\u015b\u0107, dok\u0142adno\u015b\u0107 dawki i zgodno\u015b\u0107 z mi\u0119dzynarodowymi standardami, takimi jak <a href=\"https:\/\/www.uspnf.com\/sites\/default\/files\/usp_pdf\/EN\/USPNF\/usp-nf-notices\/gc-382-pre-post-20190531.pdf\" target=\"_blank\" rel=\"noopener nofollow\"><strong data-start=\"670\" data-end=\"681\">USP 382<\/strong><\/a> oraz <a href=\"https:\/\/www.iso.org\/standard\/82222.html\" target=\"_blank\" rel=\"noopener nofollow\"><strong data-start=\"686\" data-end=\"701\">ISO 11040-4<\/strong><\/a>. Rozumiej\u0105c te si\u0142y, producenci i personel kontroli jako\u015bci mog\u0105 zapewni\u0107, \u017ce strzykawki spe\u0142niaj\u0105 wymogi prawne i dzia\u0142aj\u0105 niezawodnie w warunkach klinicznych.<\/p>\n<hr \/>\n<h2>Test si\u0142y ruchu t\u0142oka: znaczenie i standardy<\/h2>\n<p data-start=\"938\" data-end=\"1098\">The <strong data-start=\"942\" data-end=\"973\">test si\u0142y ruchu t\u0142oka<\/strong> mierzy op\u00f3r napotykany, gdy t\u0142ok strzykawki porusza si\u0119 wewn\u0105trz cylindra. Test ten obejmuje dwa kluczowe elementy:<\/p>\n<ul data-start=\"1100\" data-end=\"1333\">\n<li data-start=\"1100\" data-end=\"1221\">\n<p data-start=\"1102\" data-end=\"1221\"><strong data-start=\"1102\" data-end=\"1123\">Si\u0142a zrywaj\u0105ca<\/strong>: Si\u0142a pocz\u0105tkowa wymagana do pokonania tarcia statycznego mi\u0119dzy t\u0142okiem a cylindrem.<\/p>\n<\/li>\n<li data-start=\"1222\" data-end=\"1333\">\n<p data-start=\"1224\" data-end=\"1333\"><strong data-start=\"1224\" data-end=\"1239\">Si\u0142a po\u015blizgu<\/strong>: Sta\u0142a si\u0142a wymagana do przesuni\u0119cia t\u0142oka wzd\u0142u\u017c skoku po ruchu pocz\u0105tkowym.<\/p>\n<\/li>\n<\/ul>\n<p data-start=\"1335\" data-end=\"1933\"><strong data-start=\"1335\" data-end=\"1346\">USP 382<\/strong> definiuje testy przydatno\u015bci t\u0142oka, koncentruj\u0105c si\u0119 zar\u00f3wno na si\u0142ach zrywaj\u0105cych, jak i \u015blizgowych, aby oceni\u0107 funkcjonalno\u015b\u0107 t\u0142oka w rzeczywistych zastosowaniach. <strong data-start=\"1492\" data-end=\"1507\">ISO 11040-4<\/strong> ustanawia podobne wymagania dla strzykawek z mo\u017cliwo\u015bci\u0105 wst\u0119pnego nape\u0142niania, k\u0142ad\u0105c nacisk na bezpieczne, niezawodne i sp\u00f3jne dostarczanie lek\u00f3w. Oba standardy podkre\u015blaj\u0105 potrzeb\u0119 odpowiedniej szybko\u015bci testowania, zazwyczaj <strong data-start=\"1685\" data-end=\"1699\">100 mm\/min<\/strong>, z elastyczno\u015bci\u0105 opart\u0105 na konstrukcji strzykawki lub zastosowaniu. Aby dok\u0142adnie rejestrowa\u0107 si\u0142y szczytowe, cz\u0119stotliwo\u015bci pr\u00f3bkowania do <strong data-start=\"1814\" data-end=\"1824\">500 Hz<\/strong> s\u0105 zalecane, szczeg\u00f3lnie w przypadku wykrywania subtelnych zmian w smarowaniu lub interakcji t\u0142oka z cylindrem.<\/p>\n<hr \/>\n<h2 data-start=\"1335\" data-end=\"1933\">Czynniki wp\u0142ywaj\u0105ce na si\u0142\u0119 po\u015blizgu i si\u0142\u0119 zrywaj\u0105c\u0105<\/h2>\n<p data-start=\"1993\" data-end=\"2048\">Na si\u0142\u0119 ruchu t\u0142oka wp\u0142ywa kilka czynnik\u00f3w:<\/p>\n<ul data-start=\"2050\" data-end=\"2463\">\n<li data-start=\"2050\" data-end=\"2153\">\n<p data-start=\"2052\" data-end=\"2153\"><strong data-start=\"2052\" data-end=\"2075\">Jako\u015b\u0107 smarowania<\/strong>: Olej silikonowy lub inne \u015brodki smarne wp\u0142ywaj\u0105 zar\u00f3wno na si\u0142y zrywaj\u0105ce, jak i \u015blizgowe.<\/p>\n<\/li>\n<li data-start=\"2154\" data-end=\"2250\">\n<p data-start=\"2156\" data-end=\"2250\"><strong data-start=\"2156\" data-end=\"2199\">Materia\u0142 i wymiary ogranicznika t\u0142oka<\/strong>: Wariacje mog\u0105 zmieni\u0107 charakterystyk\u0119 tarcia.<\/p>\n<\/li>\n<li data-start=\"2251\" data-end=\"2344\">\n<p data-start=\"2253\" data-end=\"2344\"><strong data-start=\"2253\" data-end=\"2291\">Geometria i wyko\u0144czenie cylindra strzykawki<\/strong>: Precyzja i p\u0142ynno\u015b\u0107 ruchu t\u0142oka.<\/p>\n<\/li>\n<li data-start=\"2345\" data-end=\"2463\">\n<p data-start=\"2347\" data-end=\"2463\"><strong data-start=\"2347\" data-end=\"2393\">Sterylizacja i warunki \u015brodowiskowe<\/strong>: Ciep\u0142o, wilgotno\u015b\u0107 i procesy sterylizacji mog\u0105 zmieni\u0107 wydajno\u015b\u0107.<\/p>\n<\/li>\n<\/ul>\n<p data-start=\"2465\" data-end=\"2606\">Kontrola tych zmiennych zapewnia sp\u00f3jno\u015b\u0107 i zgodno\u015b\u0107 z przepisami, zmniejszaj\u0105c ryzyko dyskomfortu u\u017cytkownika, b\u0142\u0119d\u00f3w dozowania lub wyciek\u00f3w.<\/p>\n<hr \/>\n<h2 data-start=\"2465\" data-end=\"2606\">Zalecana procedura testowa<\/h2>\n<p data-start=\"2644\" data-end=\"2715\">Zgodnie z USP 382 i ISO 11040-4, typowa procedura testowa obejmuje:<\/p>\n<ol data-start=\"2717\" data-end=\"3393\">\n<li data-start=\"2717\" data-end=\"2824\">\n<p data-start=\"2720\" data-end=\"2824\"><strong data-start=\"2720\" data-end=\"2744\">Monta\u017c strzykawki<\/strong> za pomoc\u0105 korka z t\u0142okiem i pr\u0119ta, przy u\u017cyciu rurki odpowietrzaj\u0105cej lub korka pr\u00f3\u017cniowego.<\/p>\n<\/li>\n<li data-start=\"2825\" data-end=\"2884\">\n<p data-start=\"2828\" data-end=\"2884\"><strong data-start=\"2828\" data-end=\"2858\">Usun\u0105\u0107 zamkni\u0119cia ochronne<\/strong> takie jak os\u0142ony igie\u0142.<\/p>\n<\/li>\n<li data-start=\"2885\" data-end=\"2991\">\n<p data-start=\"2888\" data-end=\"2991\"><strong data-start=\"2888\" data-end=\"2909\">Umie\u015bci\u0107 strzykawk\u0119<\/strong> w odpowiednio dobranym adapterze w maszynie do pr\u00f3b rozci\u0105gania\/\u015bciskania.<\/p>\n<\/li>\n<li data-start=\"2992\" data-end=\"3081\">\n<p data-start=\"2995\" data-end=\"3081\"><strong data-start=\"2995\" data-end=\"3017\">Ustaw pr\u0119dko\u015b\u0107 testow\u0105<\/strong> do zalecanych 100 mm\/min lub zgodnie z ustaleniami z klientem.<\/p>\n<\/li>\n<li data-start=\"3082\" data-end=\"3162\">\n<p data-start=\"3085\" data-end=\"3162\"><strong data-start=\"3085\" data-end=\"3114\">Pomiar si\u0142y zrywania<\/strong> w punkcie, w kt\u00f3rym t\u0142ok zaczyna si\u0119 porusza\u0107.<\/p>\n<\/li>\n<li data-start=\"3163\" data-end=\"3280\">\n<p data-start=\"3166\" data-end=\"3280\"><strong data-start=\"3166\" data-end=\"3187\">Kontynuuj test<\/strong> do rejestrowania si\u0142y po\u015blizgu przez ca\u0142y skok, a\u017c t\u0142ok osi\u0105gnie rami\u0119 cylindra.<\/p>\n<\/li>\n<li data-start=\"3281\" data-end=\"3393\">\n<p data-start=\"3284\" data-end=\"3393\"><strong data-start=\"3284\" data-end=\"3304\">Wyniki dokumentu<\/strong>, w tym maksymalne i \u015brednie si\u0142y, liczba pr\u00f3bek i wszelkie zaobserwowane odchylenia.<\/p>\n<\/li>\n<\/ol>\n<p data-start=\"3395\" data-end=\"3530\">Dok\u0142adne i powtarzalne testy zapewniaj\u0105 wgl\u0105d w konstrukcj\u0119 strzykawki, skuteczno\u015b\u0107 smarowania i og\u00f3ln\u0105 przydatno\u015b\u0107 funkcjonaln\u0105.<\/p>\n<hr \/>\n<h2 data-start=\"3395\" data-end=\"3530\">Zalecenia dotycz\u0105ce sprz\u0119tu<\/h2>\n<p data-start=\"3563\" data-end=\"3688\">W celu precyzyjnego i wydajnego testowania <strong data-start=\"3602\" data-end=\"3652\">Tester strzykawek medycznych Cell Instruments MST-01<\/strong> jest wysoce zalecana. Oferuje:<\/p>\n<ul data-start=\"3690\" data-end=\"3941\">\n<li data-start=\"3690\" data-end=\"3760\">\n<p data-start=\"3692\" data-end=\"3760\">Szybkie pr\u00f3bkowanie do 500 Hz dla dok\u0142adnego wykrywania si\u0142y szczytowej<\/p>\n<\/li>\n<li data-start=\"3761\" data-end=\"3829\">\n<p data-start=\"3763\" data-end=\"3829\">Regulowane pr\u0119dko\u015bci testowania zapewniaj\u0105 zgodno\u015b\u0107 z normami USP i ISO<\/p>\n<\/li>\n<li data-start=\"3830\" data-end=\"3878\">\n<p data-start=\"3832\" data-end=\"3878\">Adaptery do r\u00f3\u017cnych rozmiar\u00f3w i typ\u00f3w strzykawek<\/p>\n<\/li>\n<li data-start=\"3879\" data-end=\"3941\">\n<p data-start=\"3881\" data-end=\"3941\">Zautomatyzowane raportowanie i identyfikowalno\u015b\u0107 w celu zapewnienia jako\u015bci<\/p>\n<\/li>\n<\/ul>\n<p data-start=\"3943\" data-end=\"4079\">W\u0142\u0105czenie MST-01 do proces\u00f3w produkcji lub kontroli jako\u015bci zapewnia niezawodne, sp\u00f3jne i zgodne z przepisami testowanie wydajno\u015bci t\u0142oka strzykawki.<\/p>\n<hr \/>\n<h2 data-start=\"3943\" data-end=\"4079\">Wnioski<\/h2>\n<p>Monitorowanie <strong data-start=\"4109\" data-end=\"4146\">Si\u0142a po\u015blizgu i si\u0142a zrywaj\u0105ca<\/strong> ma kluczowe znaczenie dla u\u017cyteczno\u015bci strzykawek, bezpiecze\u0144stwa pacjent\u00f3w i zgodno\u015bci z przepisami. Przestrzegaj\u0105c norm USP 382 i ISO 11040-4 oraz wykorzystuj\u0105c precyzyjny sprz\u0119t, taki jak MST-01, producenci mog\u0105 zoptymalizowa\u0107 wydajno\u015b\u0107 t\u0142oka, zmniejszy\u0107 zmienno\u015b\u0107 i dostarcza\u0107 na rynek wysokiej jako\u015bci, niezawodne strzykawki.<\/p>\n<hr \/>\n<h2>Cz\u0119sto zadawane pytania<\/h2>\n<p data-start=\"90\" data-end=\"421\"><strong data-start=\"90\" data-end=\"140\">1. Co to jest si\u0142a po\u015blizgu i si\u0142a zrywaj\u0105ca?<\/strong><br data-start=\"140\" data-end=\"143\" \/>Si\u0142a po\u015blizgu odnosi si\u0119 do ci\u0105g\u0142ego oporu napotykanego przez t\u0142ok strzykawki po rozpocz\u0119ciu ruchu, podczas gdy si\u0142a zrywaj\u0105ca to pocz\u0105tkowa si\u0142a potrzebna do pokonania tarcia statycznego na pocz\u0105tku ruchu t\u0142oka. Obie si\u0142y wp\u0142ywaj\u0105 na u\u017cyteczno\u015b\u0107 strzykawki i dok\u0142adno\u015b\u0107 dawki.<\/p>\n<p data-start=\"423\" data-end=\"739\"><strong data-start=\"423\" data-end=\"477\">2. Dlaczego test si\u0142y ruchu t\u0142oka jest konieczny?<\/strong><br data-start=\"477\" data-end=\"480\" \/>Test si\u0142y ruchu t\u0142oka ocenia op\u00f3r t\u0142oka wewn\u0105trz strzykawki, w tym si\u0142y luzowania i po\u015blizgu. Zapewnia, \u017ce strzykawki s\u0105 bezpieczne, niezawodne i zgodne z normami <strong data-start=\"676\" data-end=\"687\">USP 382<\/strong> oraz <strong data-start=\"692\" data-end=\"707\">ISO 11040-4<\/strong> standardy dla rzeczywistych zastosowa\u0144.<\/p>\n<p data-start=\"741\" data-end=\"1067\"><strong data-start=\"741\" data-end=\"821\">3. Jaki sprz\u0119t jest wymagany do testowania si\u0142y po\u015blizgu i si\u0142y zrywaj\u0105cej?<\/strong><br data-start=\"821\" data-end=\"824\" \/>Precyzyjny sprz\u0119t, taki jak <strong data-start=\"862\" data-end=\"912\">Cell Instruments <a href=\"https:\/\/www.qualitester.com\/pl\/?s=MST-01\" target=\"_blank\" rel=\"noopener\">Tester strzykawek medycznych MST-01<\/a><\/strong>, jest zalecane. Zapewnia regulowane pr\u0119dko\u015bci testu, wysok\u0105 cz\u0119stotliwo\u015b\u0107 pr\u00f3bkowania i wszechstronne adaptery strzykawek, aby zapewni\u0107 dok\u0142adne i powtarzalne pomiary.<\/p>\n<p data-start=\"1069\" data-end=\"1367\"><strong data-start=\"1069\" data-end=\"1127\">4. Jak wyniki test\u00f3w wp\u0142ywaj\u0105 na kontrol\u0119 jako\u015bci strzykawek?<\/strong><br data-start=\"1127\" data-end=\"1130\" \/>Wyniki pomagaj\u0105 zweryfikowa\u0107 skuteczno\u015b\u0107 smarowania, konstrukcj\u0119 t\u0142oka, geometri\u0119 strzykawki i sp\u00f3jno\u015b\u0107 produkcji. W\u0142a\u015bciwe testowanie zmniejsza liczb\u0119 b\u0142\u0119d\u00f3w dozowania, wyciek\u00f3w lub dyskomfortu u\u017cytkownika, zapewniaj\u0105c, \u017ce produkt spe\u0142nia normy bezpiecze\u0144stwa i jako\u015bci.<\/p>\n<p data-start=\"1369\" data-end=\"1663\"><strong data-start=\"1369\" data-end=\"1428\">5. Jak nale\u017cy wybra\u0107 szybko\u015b\u0107 testu i cz\u0119stotliwo\u015b\u0107 pr\u00f3bkowania?<\/strong><br data-start=\"1428\" data-end=\"1431\" \/>Typowa pr\u0119dko\u015b\u0107 testowa to <strong data-start=\"1455\" data-end=\"1469\">100 mm\/min<\/strong>, regulowana zgodnie z konstrukcj\u0105 strzykawki. Cz\u0119stotliwo\u015b\u0107 pr\u00f3bkowania <strong data-start=\"1530\" data-end=\"1540\">500 Hz<\/strong> jest zalecany w celu dok\u0142adnego uchwycenia si\u0142 szczytowych i oceny subtelnych r\u00f3\u017cnic w smarowaniu i wydajno\u015bci t\u0142oka.<\/p>","protected":false},"excerpt":{"rendered":"<p>Dok\u0142adny pomiar si\u0142y po\u015blizgu i si\u0142y luzowania jest niezb\u0119dny do oceny dzia\u0142ania strzykawki i zapewnienia bezpiecze\u0144stwa pacjenta. Parametry te okre\u015blaj\u0105 \u0142atwo\u015b\u0107 i sp\u00f3jno\u015b\u0107 ruchu t\u0142oka podczas wstrzykiwania, bezpo\u015brednio wp\u0142ywaj\u0105c na u\u017cyteczno\u015b\u0107, dok\u0142adno\u015b\u0107 dawki i zgodno\u015b\u0107 z mi\u0119dzynarodowymi normami, takimi jak USP 382 i ISO 11040-4. Zrozumienie tych si\u0142 pozwala producentom i kontrolerom jako\u015bci ...<\/p>\n<p class=\"read-more\"> <a class=\"\" href=\"https:\/\/www.qualitester.com\/pl\/applications\/glide-force-and-break-loose-force\/\"> <span class=\"screen-reader-text\">Testowanie si\u0142y po\u015blizgu i si\u0142y zrywaj\u0105cej w strzykawkach<\/span> Czytaj wi\u0119cej \"<\/a><\/p>","protected":false},"author":3,"featured_media":0,"parent":6794,"menu_order":0,"comment_status":"closed","ping_status":"closed","template":"","meta":{"site-sidebar-layout":"default","site-content-layout":"default","ast-global-header-display":"","ast-main-header-display":"","ast-hfb-above-header-display":"","ast-hfb-below-header-display":"","ast-hfb-mobile-header-display":"","site-post-title":"","ast-breadcrumbs-content":"","ast-featured-img":"","footer-sml-layout":"","theme-transparent-header-meta":"default","adv-header-id-meta":"","stick-header-meta":"","header-above-stick-meta":"","header-main-stick-meta":"","header-below-stick-meta":"","footnotes":""},"class_list":["post-7439","page","type-page","status-publish","hentry"],"_links":{"self":[{"href":"https:\/\/www.qualitester.com\/pl\/wp-json\/wp\/v2\/pages\/7439","targetHints":{"allow":["GET"]}}],"collection":[{"href":"https:\/\/www.qualitester.com\/pl\/wp-json\/wp\/v2\/pages"}],"about":[{"href":"https:\/\/www.qualitester.com\/pl\/wp-json\/wp\/v2\/types\/page"}],"author":[{"embeddable":true,"href":"https:\/\/www.qualitester.com\/pl\/wp-json\/wp\/v2\/users\/3"}],"replies":[{"embeddable":true,"href":"https:\/\/www.qualitester.com\/pl\/wp-json\/wp\/v2\/comments?post=7439"}],"version-history":[{"count":0,"href":"https:\/\/www.qualitester.com\/pl\/wp-json\/wp\/v2\/pages\/7439\/revisions"}],"up":[{"embeddable":true,"href":"https:\/\/www.qualitester.com\/pl\/wp-json\/wp\/v2\/pages\/6794"}],"wp:attachment":[{"href":"https:\/\/www.qualitester.com\/pl\/wp-json\/wp\/v2\/media?parent=7439"}],"curies":[{"name":"wp","href":"https:\/\/api.w.org\/{rel}","templated":true}]}}