{"id":7309,"date":"2025-07-30T15:17:37","date_gmt":"2025-07-30T07:17:37","guid":{"rendered":"https:\/\/www.qualitester.com\/?page_id=7309"},"modified":"2025-08-01T09:29:14","modified_gmt":"2025-08-01T01:29:14","slug":"elmendorf-tear-test","status":"publish","type":"page","link":"https:\/\/www.qualitester.com\/pl\/applications\/elmendorf-tear-test\/","title":{"rendered":"Test Elmendorfa na rozdarcie: Niezawodna metoda oceny wytrzyma\u0142o\u015bci na rozdarcie materia\u0142\u00f3w elastycznych"},"content":{"rendered":"<h1 style=\"text-align: center;\" data-start=\"303\" data-end=\"371\">Test \u0142ez Elmendorfa<\/h1>\n<p data-start=\"373\" data-end=\"824\">The <strong data-start=\"377\" data-end=\"400\">Test rozdarcia Elmendorfa<\/strong> jest powszechnie przyj\u0119t\u0105 metod\u0105 oceny <strong data-start=\"447\" data-end=\"464\">wytrzyma\u0142o\u015b\u0107 na rozerwanie<\/strong> folii z tworzyw sztucznych, papieru i innych cienkich materia\u0142\u00f3w. Odgrywa kluczow\u0105 rol\u0119 w ocenie trwa\u0142o\u015bci i odporno\u015bci mechanicznej elastycznych materia\u0142\u00f3w stosowanych w opakowaniach, medycynie, tekstyliach i zastosowaniach przemys\u0142owych. Test ten, znormalizowany pod <a href=\"https:\/\/www.qualitester.com\/pl\/standards\/astm-d1922\/\" target=\"_blank\" rel=\"noopener\"><strong data-start=\"723\" data-end=\"737\">ASTM D1922<\/strong><\/a>, Dostarcza cennych danych do wyboru materia\u0142\u00f3w, zapewnienia jako\u015bci i projektowania produkt\u00f3w.<\/p>\n<h2 data-start=\"826\" data-end=\"875\">Wprowadzenie<\/h2>\n<p data-start=\"877\" data-end=\"1232\"><strong data-start=\"877\" data-end=\"894\">Wytrzyma\u0142o\u015b\u0107 na rozerwanie<\/strong> mierzy zdolno\u015b\u0107 materia\u0142u do przeciwstawiania si\u0119 rozprzestrzenianiu si\u0119 rozdarcia po jego rozpocz\u0119ciu. W\u0142a\u015bciwo\u015b\u0107 ta jest szczeg\u00f3lnie istotna w zastosowaniach opakowaniowych, gdzie integralno\u015b\u0107 pod wp\u0142ywem napr\u0119\u017ce\u0144 - takich jak podczas transportu lub przenoszenia - ma kluczowe znaczenie. S\u0142aby materia\u0142 mo\u017ce \u0142atwo ulec rozerwaniu, zagra\u017caj\u0105c zar\u00f3wno funkcjonalno\u015bci, jak i bezpiecze\u0144stwu produktu, kt\u00f3ry chroni.<\/p>\n<p data-start=\"1278\" data-end=\"1709\">The <strong data-start=\"1282\" data-end=\"1296\">ASTM D1922<\/strong> Norma przedstawia procedur\u0119 okre\u015blania odporno\u015bci na rozdarcie przy u\u017cyciu wahad\u0142a w stylu <strong data-start=\"1384\" data-end=\"1399\">tester \u0142ez<\/strong>-powszechnie okre\u015blany jako <strong data-start=\"1428\" data-end=\"1451\">Metoda Elmendorfa<\/strong>. Zosta\u0142 on zaprojektowany do symulacji rzeczywistych warunk\u00f3w rozdzierania poprzez pomiar si\u0142y wymaganej do kontynuowania rozdzierania wst\u0119pnie wyci\u0119tej szczeliny w pr\u00f3bce materia\u0142u. Wynik odzwierciedla energi\u0119 poch\u0142oni\u0119t\u0105 podczas propagacji rozdarcia, co bezpo\u015brednio koreluje z wytrzyma\u0142o\u015bci\u0105 materia\u0142u.<\/p>\n<h3 data-start=\"1711\" data-end=\"1742\">Kluczowe cechy :<\/h3>\n<ul data-start=\"1744\" data-end=\"2142\">\n<li data-start=\"1744\" data-end=\"1814\">\n<p data-start=\"1746\" data-end=\"1814\"><strong data-start=\"1746\" data-end=\"1759\">Typ testu<\/strong>: Propagacja odporno\u015bci na rozdarcie przy u\u017cyciu metody wahad\u0142a<\/p>\n<\/li>\n<li data-start=\"1815\" data-end=\"1874\">\n<p data-start=\"1817\" data-end=\"1874\"><strong data-start=\"1817\" data-end=\"1826\">Jednostki<\/strong>: Mierzone w miliniutonach (mN) lub gramach (si\u0142a)<\/p>\n<\/li>\n<li data-start=\"1875\" data-end=\"1953\">\n<p data-start=\"1877\" data-end=\"1953\"><strong data-start=\"1877\" data-end=\"1890\">Okazy<\/strong>: Folie lub arkusze o grubo\u015bci \u2264 0,25 mm, ze szczelin\u0105 wst\u0119pn\u0105 20 mm<\/p>\n<\/li>\n<li data-start=\"1954\" data-end=\"2048\">\n<p data-start=\"1956\" data-end=\"2048\"><strong data-start=\"1956\" data-end=\"1969\">Kierunek<\/strong>: W przypadku materia\u0142\u00f3w anizotropowych testowane s\u0105 zar\u00f3wno kierunki maszynowe, jak i poprzeczne.<\/p>\n<\/li>\n<li data-start=\"2049\" data-end=\"2142\">\n<p data-start=\"2051\" data-end=\"2142\"><strong data-start=\"2051\" data-end=\"2066\">Zastosowanie<\/strong>: Stosowany g\u0142\u00f3wnie do folii z tworzyw sztucznych, papieru, tekstyli\u00f3w i opakowa\u0144 laminowanych.<\/p>\n<\/li>\n<\/ul>\n<h2 data-start=\"2144\" data-end=\"2180\">Jak dzia\u0142a test \u0142ez Elmendorfa?<\/h2>\n<p data-start=\"2182\" data-end=\"2511\">Test polega na zaci\u015bni\u0119ciu wst\u0119pnie rozci\u0119tej pr\u00f3bki mi\u0119dzy dwiema szcz\u0119kami - jedn\u0105 nieruchom\u0105, a drug\u0105 przymocowan\u0105 do wahad\u0142owego wahad\u0142a. Po zwolnieniu wahad\u0142o rozrywa pozosta\u0142y materia\u0142, a wydatkowana energia jest mierzona. Uzyskana si\u0142a daje wgl\u0105d w <strong data-start=\"2446\" data-end=\"2463\">\u00a0wytrzyma\u0142o\u015b\u0107 na rozerwanie<\/strong> i sp\u00f3jno\u015b\u0107 materia\u0142u mi\u0119dzy pr\u00f3bkami.<\/p>\n<h3 data-start=\"2513\" data-end=\"2538\">Proces krok po kroku:<\/h3>\n<ol data-start=\"2540\" data-end=\"2981\">\n<li data-start=\"2540\" data-end=\"2643\">\n<p data-start=\"2543\" data-end=\"2643\"><strong data-start=\"2543\" data-end=\"2567\">Przygotowanie pr\u00f3bki<\/strong> - Wyci\u0105\u0107 znormalizowane pr\u00f3bki za pomoc\u0105 matrycy i wst\u0119pnie rozci\u0105\u0107 je na g\u0142\u0119boko\u015b\u0107 20 mm.<\/p>\n<\/li>\n<li data-start=\"2644\" data-end=\"2726\">\n<p data-start=\"2647\" data-end=\"2726\"><strong data-start=\"2647\" data-end=\"2663\">Kondycjonowanie<\/strong> - Utrzymuj standardow\u0105 temperatur\u0119 i wilgotno\u015b\u0107 przed testowaniem.<\/p>\n<\/li>\n<li data-start=\"2727\" data-end=\"2790\">\n<p data-start=\"2730\" data-end=\"2790\"><strong data-start=\"2730\" data-end=\"2742\">Monta\u017c<\/strong> - Zacisn\u0105\u0107 pr\u00f3bk\u0119 w urz\u0105dzeniu testowym.<\/p>\n<\/li>\n<li data-start=\"2791\" data-end=\"2878\">\n<p data-start=\"2794\" data-end=\"2878\"><strong data-start=\"2794\" data-end=\"2812\">Wykonanie testu<\/strong> - Zwolnij wahad\u0142o i pozw\u00f3l mu przedrze\u0107 si\u0119 przez pr\u00f3bk\u0119.<\/p>\n<\/li>\n<li data-start=\"2879\" data-end=\"2981\">\n<p data-start=\"2882\" data-end=\"2981\"><strong data-start=\"2882\" data-end=\"2902\">Nagrywanie wynik\u00f3w<\/strong> - Wymagana energia jest wy\u015bwietlana i rejestrowana automatycznie przez system.<\/p>\n<div class=\"ast-oembed-container\" style=\"height: 100%;\"><iframe title=\"Jak wykona\u0107 test rozdarcia Elmendorta na pr\u00f3bce folii z tworzywa sztucznego?\" width=\"500\" height=\"281\" src=\"https:\/\/www.youtube.com\/embed\/oo5j21g_thM?feature=oembed\" frameborder=\"0\" allow=\"accelerometer; autoplay; clipboard-write; encrypted-media; gyroscope; picture-in-picture; web-share\" referrerpolicy=\"strict-origin-when-cross-origin\" allowfullscreen><\/iframe><\/div>\n<\/li>\n<\/ol>\n<h2 data-start=\"2983\" data-end=\"3021\">Sprz\u0119t<\/h2>\n<p data-start=\"3023\" data-end=\"3252\">Aby uzyska\u0107 dok\u0142adne i sp\u00f3jne wyniki, niezawodny <strong data-start=\"3071\" data-end=\"3086\">\u00a0tester<\/strong> jest niezb\u0119dna. The <strong data-start=\"3105\" data-end=\"3144\">Cell Instruments <a href=\"https:\/\/www.celtec.cn\/productinfo\/1973783.html\" target=\"_blank\" rel=\"noopener nofollow\">SLD-01 <\/a><\/strong>jest wysokowydajn\u0105 opcj\u0105 zaprojektowan\u0105 dla <strong data-start=\"3189\" data-end=\"3215\">Test na rozdarcie Elmendorf<\/strong> zgodnie z norm\u0105 ASTM.<\/p>\n<p><img fetchpriority=\"high\" decoding=\"async\" class=\"wp-image-7313 alignright\" src=\"https:\/\/www.qualitester.com\/wp-content\/uploads\/2025\/07\/tear-tester-1_11zon-300x300.webp\" alt=\"test \u0142ez elmendorfa\" width=\"270\" height=\"270\" srcset=\"https:\/\/www.qualitester.com\/wp-content\/uploads\/2025\/07\/tear-tester-1_11zon-300x300.webp 300w, https:\/\/www.qualitester.com\/wp-content\/uploads\/2025\/07\/tear-tester-1_11zon-1024x1024.webp 1024w, https:\/\/www.qualitester.com\/wp-content\/uploads\/2025\/07\/tear-tester-1_11zon-150x150.webp 150w, https:\/\/www.qualitester.com\/wp-content\/uploads\/2025\/07\/tear-tester-1_11zon-768x768.webp 768w, https:\/\/www.qualitester.com\/wp-content\/uploads\/2025\/07\/tear-tester-1_11zon-1536x1536.webp 1536w, https:\/\/www.qualitester.com\/wp-content\/uploads\/2025\/07\/tear-tester-1_11zon-12x12.webp 12w, https:\/\/www.qualitester.com\/wp-content\/uploads\/2025\/07\/tear-tester-1_11zon-600x600.webp 600w, https:\/\/www.qualitester.com\/wp-content\/uploads\/2025\/07\/tear-tester-1_11zon-100x100.webp 100w, https:\/\/www.qualitester.com\/wp-content\/uploads\/2025\/07\/tear-tester-1_11zon.webp 1840w\" sizes=\"(max-width: 270px) 100vw, 270px\" \/><\/p>\n<ul data-start=\"3294\" data-end=\"3645\">\n<li data-start=\"3294\" data-end=\"3340\">\n<p data-start=\"3296\" data-end=\"3340\"><strong data-start=\"3296\" data-end=\"3340\">Zgodno\u015b\u0107 z normami ASTM D1922 i ISO 6383-2<\/strong><\/p>\n<\/li>\n<li data-start=\"3341\" data-end=\"3404\">\n<p data-start=\"3343\" data-end=\"3404\"><strong data-start=\"3343\" data-end=\"3378\">Sterowanie PLC i ekran dotykowy HMI<\/strong> dla intuicyjnej obs\u0142ugi<\/p>\n<\/li>\n<li data-start=\"3405\" data-end=\"3485\">\n<p data-start=\"3407\" data-end=\"3485\"><strong data-start=\"3407\" data-end=\"3460\">Automatyczne zwalnianie wahad\u0142a i zacisk pneumatyczny<\/strong> dla powtarzalnych wynik\u00f3w<\/p>\n<\/li>\n<li data-start=\"3486\" data-end=\"3565\">\n<p data-start=\"3488\" data-end=\"3565\"><strong data-start=\"3488\" data-end=\"3512\">Automatyczna statystyka danych<\/strong> z raportowaniem w czasie rzeczywistym i opcjonaln\u0105 mikrodrukark\u0105<\/p>\n<\/li>\n<li data-start=\"3566\" data-end=\"3645\">\n<p data-start=\"3568\" data-end=\"3645\"><strong data-start=\"3568\" data-end=\"3588\">Szeroki zakres testowy<\/strong> nadaje si\u0119 do papieru, folii, folii i materia\u0142\u00f3w nietkanych<\/p>\n<\/li>\n<\/ul>\n<p data-start=\"3647\" data-end=\"3793\">Ten tester rozdarcia jest szczeg\u00f3lnie korzystny dla profesjonalist\u00f3w zajmuj\u0105cych si\u0119 kontrol\u0105 jako\u015bci w laboratoriach zajmuj\u0105cych si\u0119 pakowaniem, drukowaniem, produkcj\u0105 folii i badaniami materia\u0142\u00f3w.<\/p>\n<h2 data-start=\"3795\" data-end=\"3828\">Zastosowania<\/h2>\n<p data-start=\"3830\" data-end=\"3982\">The <strong data-start=\"3834\" data-end=\"3857\">Metoda Elmendorfa <\/strong>jest niezb\u0119dna do oceny przydatno\u015bci materia\u0142\u00f3w w sektorach, w kt\u00f3rych odporno\u015b\u0107 na rozdarcie wp\u0142ywa na wydajno\u015b\u0107 i bezpiecze\u0144stwo:<\/p>\n<ul data-start=\"3984\" data-end=\"4366\">\n<li data-start=\"3984\" data-end=\"4081\">\n<p data-start=\"3986\" data-end=\"4081\"><strong data-start=\"3986\" data-end=\"4008\">Opakowania elastyczne<\/strong> - Gwarantuje, \u017ce plastikowe folie nie p\u0119kn\u0105 podczas transportu lub zgrzewania.<\/p>\n<\/li>\n<li data-start=\"4082\" data-end=\"4180\">\n<p data-start=\"4084\" data-end=\"4180\"><strong data-start=\"4084\" data-end=\"4115\">Medycyna i farmaceutyka<\/strong> - Weryfikacja wytrzyma\u0142o\u015bci folii w blistrach, woreczkach i opakowaniach jednostkowych.<\/p>\n<\/li>\n<li data-start=\"4181\" data-end=\"4274\">\n<p data-start=\"4183\" data-end=\"4274\"><strong data-start=\"4183\" data-end=\"4218\">Przemys\u0142 w\u0142\u00f3kienniczy i w\u0142\u00f3kninowy<\/strong> - Mierzy trwa\u0142o\u015b\u0107 tkanin i produkt\u00f3w higienicznych<\/p>\n<\/li>\n<li data-start=\"4275\" data-end=\"4366\">\n<p data-start=\"4277\" data-end=\"4366\"><strong data-start=\"4277\" data-end=\"4299\">Papier i druk<\/strong> - Okre\u015bla odporno\u015b\u0107 papieru powlekanego i laminowanego na rozdarcie<\/p>\n<\/li>\n<\/ul>\n<h2 data-start=\"4368\" data-end=\"4396\">\u00a0Wskaz\u00f3wki dotycz\u0105ce dok\u0142adnego testowania<\/h2>\n<p data-start=\"4398\" data-end=\"4495\">Aby zachowa\u0107 dok\u0142adno\u015b\u0107 i powtarzalno\u015b\u0107<strong>test<\/strong>, Rozwa\u017cmy nast\u0119puj\u0105ce kwestie:<\/p>\n<ul data-start=\"4497\" data-end=\"4822\">\n<li data-start=\"4497\" data-end=\"4560\">\n<p data-start=\"4499\" data-end=\"4560\">U\u017cywaj pr\u00f3bek o sta\u0142ej grubo\u015bci i wolnych od wad.<\/p>\n<\/li>\n<li data-start=\"4561\" data-end=\"4617\">\n<p data-start=\"4563\" data-end=\"4617\">Upewnij si\u0119, \u017ce \u0142o\u017cyska wahad\u0142a s\u0105 czyste i wolne od tarcia.<\/p>\n<\/li>\n<li data-start=\"4618\" data-end=\"4679\">\n<p data-start=\"4620\" data-end=\"4679\">Regularna kalibracja przy u\u017cyciu certyfikowanych odwa\u017cnik\u00f3w kontrolnych<\/p>\n<\/li>\n<li data-start=\"4680\" data-end=\"4737\">\n<p data-start=\"4682\" data-end=\"4737\">Post\u0119puj zgodnie z wytycznymi ASTM dotycz\u0105cymi kondycjonowania \u015brodowiskowego<\/p>\n<\/li>\n<li data-start=\"4738\" data-end=\"4822\">\n<p data-start=\"4740\" data-end=\"4822\">Testowanie pr\u00f3bek w kierunku maszynowym i poprzecznym dla materia\u0142\u00f3w anizotropowych<\/p>\n<\/li>\n<\/ul>\n<h2 data-start=\"4824\" data-end=\"4873\">Wnioski<\/h2>\n<p data-start=\"4875\" data-end=\"5123\">The <strong data-start=\"4879\" data-end=\"4902\">Test rozdarcia Elmendorfa<\/strong> oferuje prosty, ale skuteczny spos\u00f3b kwantyfikacji <strong data-start=\"4952\" data-end=\"4969\">wytrzyma\u0142o\u015b\u0107 na rozerwanie<\/strong> cienkich materia\u0142\u00f3w poddawanych napr\u0119\u017ceniom dynamicznym. Przylegaj\u0105c do <strong data-start=\"5025\" data-end=\"5039\">ASTM D1922<\/strong>, Producenci i badacze mog\u0105 bez obaw ocenia\u0107 wydajno\u015b\u0107 materia\u0142\u00f3w.<\/p>\n<p data-start=\"5125\" data-end=\"5325\">Dla os\u00f3b poszukuj\u0105cych niezawodnego i zgodnego z przepisami sprz\u0119tu <strong data-start=\"5181\" data-end=\"5203\">SLD-01 Tester rozdarcia<\/strong> z <strong data-start=\"5209\" data-end=\"5229\">Cell Instruments<\/strong> zapewnia precyzyjne, powtarzalne wyniki, kt\u00f3re wspieraj\u0105 potrzeby badawczo-rozwojowe, produkcyjne i zapewnienia jako\u015bci.<\/p>","protected":false},"excerpt":{"rendered":"<p>Test rozdarcia Elmendorfa Test rozdarcia Elmendorfa jest powszechnie stosowan\u0105 metod\u0105 oceny wytrzyma\u0142o\u015bci na rozdarcie folii z tworzyw sztucznych, papieru i innych cienkich materia\u0142\u00f3w. Odgrywa kluczow\u0105 rol\u0119 w ocenie trwa\u0142o\u015bci i odporno\u015bci mechanicznej elastycznych materia\u0142\u00f3w stosowanych w opakowaniach, medycynie, tekstyliach i zastosowaniach przemys\u0142owych. Test ten, znormalizowany zgodnie z norm\u0105 ASTM D1922, ...<\/p>\n<p class=\"read-more\"> <a class=\"\" href=\"https:\/\/www.qualitester.com\/pl\/applications\/elmendorf-tear-test\/\"> <span class=\"screen-reader-text\">Test Elmendorfa na rozdarcie: Niezawodna metoda oceny wytrzyma\u0142o\u015bci na rozdarcie materia\u0142\u00f3w elastycznych<\/span> Czytaj wi\u0119cej \"<\/a><\/p>","protected":false},"author":3,"featured_media":0,"parent":6794,"menu_order":0,"comment_status":"closed","ping_status":"closed","template":"","meta":{"site-sidebar-layout":"default","site-content-layout":"default","ast-global-header-display":"","ast-main-header-display":"","ast-hfb-above-header-display":"","ast-hfb-below-header-display":"","ast-hfb-mobile-header-display":"","site-post-title":"","ast-breadcrumbs-content":"","ast-featured-img":"","footer-sml-layout":"","theme-transparent-header-meta":"default","adv-header-id-meta":"","stick-header-meta":"","header-above-stick-meta":"","header-main-stick-meta":"","header-below-stick-meta":"","footnotes":""},"class_list":["post-7309","page","type-page","status-publish","hentry"],"_links":{"self":[{"href":"https:\/\/www.qualitester.com\/pl\/wp-json\/wp\/v2\/pages\/7309","targetHints":{"allow":["GET"]}}],"collection":[{"href":"https:\/\/www.qualitester.com\/pl\/wp-json\/wp\/v2\/pages"}],"about":[{"href":"https:\/\/www.qualitester.com\/pl\/wp-json\/wp\/v2\/types\/page"}],"author":[{"embeddable":true,"href":"https:\/\/www.qualitester.com\/pl\/wp-json\/wp\/v2\/users\/3"}],"replies":[{"embeddable":true,"href":"https:\/\/www.qualitester.com\/pl\/wp-json\/wp\/v2\/comments?post=7309"}],"version-history":[{"count":0,"href":"https:\/\/www.qualitester.com\/pl\/wp-json\/wp\/v2\/pages\/7309\/revisions"}],"up":[{"embeddable":true,"href":"https:\/\/www.qualitester.com\/pl\/wp-json\/wp\/v2\/pages\/6794"}],"wp:attachment":[{"href":"https:\/\/www.qualitester.com\/pl\/wp-json\/wp\/v2\/media?parent=7309"}],"curies":[{"name":"wp","href":"https:\/\/api.w.org\/{rel}","templated":true}]}}