{"id":6661,"date":"2025-05-12T11:00:20","date_gmt":"2025-05-12T03:00:20","guid":{"rendered":"https:\/\/www.qualitester.com\/?page_id=6661"},"modified":"2025-05-12T11:27:11","modified_gmt":"2025-05-12T03:27:11","slug":"iso-9626","status":"publish","type":"page","link":"https:\/\/www.qualitester.com\/pl\/standards\/iso-9626\/","title":{"rendered":"ISO 9626"},"content":{"rendered":"<h1 style=\"text-align: center;\" data-start=\"553\" data-end=\"1074\">ISO 9626<br \/>\n<small>Test strzykawki z ig\u0142\u0105<\/small><\/h1>\n<p class=\"\" data-start=\"553\" data-end=\"1074\"><a href=\"https:\/\/www.qualitester.com\/pl\/standards\/iso-9626\/\"><em data-start=\"553\" data-end=\"563\">ISO 9626<\/em><\/a> definiuje mi\u0119dzynarodowy standard dla <strong data-start=\"603\" data-end=\"636\">Rurki igielitowe ze stali nierdzewnej<\/strong> stosowane w produkcji urz\u0105dze\u0144 medycznych, takich jak ig\u0142y podsk\u00f3rne. Opracowana w celu zapewnienia bezpiecze\u0144stwa, sp\u00f3jno\u015bci i wydajno\u015bci, norma ISO 9626 zawiera rygorystyczne specyfikacje dotycz\u0105ce wymiar\u00f3w rurek i w\u0142a\u015bciwo\u015bci mechanicznych w zakresie od 3,4 mm (10 Gauge) do 0,18 mm (34 Gauge). Ma ona \u015bcis\u0142e zastosowanie do <em data-start=\"933\" data-end=\"940\">sztywny<\/em> rurki ze stali nierdzewnej - z wyj\u0105tkiem wariant\u00f3w elastycznych - co czyni je niezb\u0119dnymi dla producent\u00f3w igie\u0142 do strzykawek i urz\u0105dze\u0144 medycznych.<\/p>\n<p class=\"\" data-start=\"1076\" data-end=\"1420\">Dla specjalist\u00f3w ds. kontroli jako\u015bci i producent\u00f3w urz\u0105dze\u0144 medycznych zrozumienie normy ISO 9626 ma kluczowe znaczenie. Norma ta nie tylko reguluje projektowanie rurek medycznych, ale tak\u017ce zaleca okre\u015blone testy, takie jak <strong data-start=\"1286\" data-end=\"1316\">test rurki ig\u0142y strzykawki<\/strong>, <strong data-start=\"1318\" data-end=\"1343\">Test sztywno\u015bci ig\u0142y<\/strong>, <strong data-start=\"1345\" data-end=\"1377\">Test odporno\u015bci na zerwanie rurki<\/strong>oraz <strong data-start=\"1383\" data-end=\"1419\">Test odporno\u015bci ig\u0142y na korozj\u0119<\/strong>.<\/p>\n<p class=\"\" data-start=\"1422\" data-end=\"1601\">Przyjrzyjmy si\u0119 kluczowym metodom testowania wymaganym przez norm\u0119 ISO 9626 oraz temu, w jaki spos\u00f3b producenci mog\u0105 zapewni\u0107 zgodno\u015b\u0107 przy u\u017cyciu specjalistycznego sprz\u0119tu, takiego jak Cell Instruments. <strong data-start=\"1576\" data-end=\"1585\">TS-01<\/strong> oraz <strong data-start=\"1590\" data-end=\"1600\">NTT-01<\/strong>.<\/p>\n<hr class=\"\" data-start=\"1603\" data-end=\"1606\" \/>\n<h2 data-start=\"1608\" data-end=\"1666\">Wymagania dotycz\u0105ce test\u00f3w rurek strzykawkowych zgodnie z norm\u0105 ISO 9626<\/h2>\n<p class=\"\" data-start=\"1668\" data-end=\"1815\">Aby upewni\u0107 si\u0119, \u017ce rurka igielitowa ze stali nierdzewnej spe\u0142nia ten standard, producenci musz\u0105 oceni\u0107 j\u0105 pod k\u0105tem kilku krytycznych wska\u017anik\u00f3w wydajno\u015bci. Obejmuj\u0105 one:<\/p>\n<ul>\n<li data-start=\"1819\" data-end=\"1843\"><strong data-start=\"1819\" data-end=\"1843\">Dok\u0142adno\u015b\u0107 wymiarowa<\/strong><\/li>\n<li data-start=\"1846\" data-end=\"1892\"><strong data-start=\"1846\" data-end=\"1873\">Kategoria grubo\u015bci \u015bcianki<\/strong> (RW, TW, ETW, UTW)<\/li>\n<li data-start=\"1895\" data-end=\"1930\"><strong data-start=\"1895\" data-end=\"1930\">Wytrzyma\u0142o\u015b\u0107 i integralno\u015b\u0107 materia\u0142u<\/strong><\/li>\n<li data-start=\"1933\" data-end=\"1976\"><strong data-start=\"1933\" data-end=\"1976\">Odporno\u015b\u0107 na odkszta\u0142cenia i korozj\u0119<\/strong><\/li>\n<\/ul>\n<p class=\"\" data-start=\"1978\" data-end=\"2143\">Ka\u017cda metryka jest powi\u0105zana ze znormalizowanymi procedurami testowymi w celu zapewnienia jako\u015bci rurki w trakcie produkcji i przed u\u017cyciem w strzykawkach i innych urz\u0105dzeniach medycznych.<\/p>\n<h3 data-start=\"2150\" data-end=\"2194\"><strong data-start=\"2150\" data-end=\"2194\">1. Test sztywno\u015bci ig\u0142y - ISO 9626 za\u0142\u0105cznik B<\/strong><\/h3>\n<p class=\"\" data-start=\"2196\" data-end=\"2468\">The <strong data-start=\"2200\" data-end=\"2225\">Test sztywno\u015bci ig\u0142y<\/strong> ocenia zdolno\u015b\u0107 rurki do przeciwstawiania si\u0119 ugi\u0119ciu pod wp\u0142ywem przy\u0142o\u017conej si\u0142y. Zgodnie z za\u0142\u0105cznikiem B do tej normy, t\u0142ok przyk\u0142ada si\u0142\u0119 do 60 N do \u015brodka rurki ig\u0142owej podpartej na obu ko\u0144cach. Ugi\u0119cie jest nast\u0119pnie precyzyjnie mierzone.<\/p>\n<p class=\"\" data-start=\"2470\" data-end=\"2595\">Test ten zapewnia, \u017ce rurka zachowuje integralno\u015b\u0107 strukturaln\u0105 podczas wprowadzania do ludzkiego cia\u0142a bez zginania lub wyboczenia.<\/p>\n<p class=\"\" data-start=\"2597\" data-end=\"2779\"><strong data-start=\"2597\" data-end=\"2654\">Zalecany instrument: <a href=\"https:\/\/www.qualitester.com\/pl\/produkt-2\/medical-needle-tubing-stiffness-tester\/\" target=\"_blank\" rel=\"noopener\">Tester sztywno\u015bci rur TS-01<\/a><\/strong><br data-start=\"2654\" data-end=\"2657\" \/>Cell Instruments <strong data-start=\"2675\" data-end=\"2684\">TS-01<\/strong> jest specjalnie zaprojektowany do testowania sztywno\u015bci zgodnie z norm\u0105 ISO 9626, za\u0142\u0105cznik B. Oferuje:<\/p>\n<ul>\n<li data-start=\"2783\" data-end=\"2807\">Dok\u0142adno\u015b\u0107 si\u0142y \u00b10,01 N<\/li>\n<li data-start=\"2810\" data-end=\"2853\">Rozdzielczo\u015b\u0107 pomiaru odchylenia 0,01 mm<\/li>\n<li data-start=\"2856\" data-end=\"2893\">Zmienne pr\u0119dko\u015bci testowania (1-500 mm\/min)<\/li>\n<li data-start=\"2896\" data-end=\"2930\">7-calowy ekran dotykowy HMI<\/li>\n<li data-start=\"2933\" data-end=\"2973\">Automatyczny powr\u00f3t i ochrona przed przeci\u0105\u017ceniem<\/li>\n<\/ul>\n<p class=\"\" data-start=\"2975\" data-end=\"3083\">Z <strong data-start=\"2984\" data-end=\"2993\">TS-01<\/strong>Zespo\u0142y kontroli jako\u015bci mog\u0105 bez obaw ocenia\u0107 sztywno\u015b\u0107 mechaniczn\u0105 rurek ig\u0142owych.<\/p>\n<h3 data-start=\"3090\" data-end=\"3141\">2. Test odporno\u015bci na zerwanie rurki - ISO 9626 za\u0142\u0105cznik C<\/h3>\n<p class=\"\" data-start=\"3143\" data-end=\"3433\">ISO 9626 za\u0142\u0105cznik C definiuje <strong data-start=\"3172\" data-end=\"3204\">Test odporno\u015bci na zerwanie rurki<\/strong>kt\u00f3ra ocenia wydajno\u015b\u0107 zm\u0119czeniow\u0105 rur poprzez powtarzaj\u0105ce si\u0119 cykle zginania. Rura jest mocowana na jednym ko\u0144cu i zginana pod okre\u015blonym k\u0105tem (25\u00b0, 20\u00b0 lub 15\u00b0, w zale\u017cno\u015bci od grubo\u015bci \u015bcianki) przez 20 pe\u0142nych cykli z cz\u0119stotliwo\u015bci\u0105 0,5 Hz.<\/p>\n<p class=\"\" data-start=\"3435\" data-end=\"3542\">Test ten symuluje zastosowanie kliniczne i zapewnia, \u017ce przewody mog\u0105 wytrzyma\u0107 powtarzaj\u0105ce si\u0119 napr\u0119\u017cenia bez awarii.<\/p>\n<p class=\"\" data-start=\"3544\" data-end=\"3746\"><strong data-start=\"3544\" data-end=\"3600\">Zalecany instrument: <a href=\"https:\/\/www.qualitester.com\/pl\/produkt-2\/syringe-needle-break-resistance-testing\/\" target=\"_blank\" rel=\"noopener\">Tester rezystancji z\u0142amania ig\u0142y strzykawki NTT-01<\/a><\/strong><br data-start=\"3600\" data-end=\"3603\" \/>Cell Instruments <strong data-start=\"3621\" data-end=\"3631\">NTT-01<\/strong> jest dostosowany do przeprowadzania test\u00f3w odporno\u015bci na p\u0119kanie rur zgodnie z dok\u0142adnymi parametrami normy ISO 9626, za\u0142\u0105cznik C. Zapewnia:<\/p>\n<ul>\n<li>Dok\u0142adna kontrola przemieszczenia k\u0105towego<\/li>\n<li>Regulowana si\u0142a przy\u0142o\u017cenia<\/li>\n<li>Sta\u0142a cz\u0119stotliwo\u015b\u0107 cykli do oceny zm\u0119czenia<\/li>\n<\/ul>\n<p class=\"\" data-start=\"3878\" data-end=\"3985\">Korzystanie z <strong data-start=\"3888\" data-end=\"3898\">NTT-01<\/strong> pomaga producentom unikn\u0105\u0107 p\u0119kni\u0119\u0107 rurek, kt\u00f3re mog\u0142yby zagrozi\u0107 bezpiecze\u0144stwu pacjent\u00f3w.<\/p>\n<hr class=\"\" data-start=\"3987\" data-end=\"3990\" \/>\n<h3 data-start=\"3992\" data-end=\"4047\">3. Test odporno\u015bci na korozj\u0119 ig\u0142ow\u0105 - ISO 9626 Za\u0142\u0105cznik D<\/h3>\n<p class=\"\" data-start=\"4049\" data-end=\"4339\">The <strong data-start=\"4053\" data-end=\"4089\">Test odporno\u015bci ig\u0142y na korozj\u0119<\/strong> mierzy zdolno\u015b\u0107 rurki do wytrzymania ekspozycji chemicznej. Zgodnie z norm\u0105 ISO 9626 za\u0142\u0105cznik D, rurka jest cz\u0119\u015bciowo zanurzona w roztworze chlorku sodu o st\u0119\u017ceniu 0,5 mol\/l przez siedem godzin w temperaturze 23 \u00b0C. Po zanurzeniu rurka jest sprawdzana pod k\u0105tem widocznej korozji.<\/p>\n<p class=\"\" data-start=\"4341\" data-end=\"4451\">Test ten jest niezb\u0119dny do potwierdzenia biokompatybilno\u015bci i d\u0142ugoterminowej trwa\u0142o\u015bci ig\u0142y ze stali nierdzewnej.<\/p>\n<p class=\"\" data-start=\"4453\" data-end=\"4622\">Aby wesprze\u0107 t\u0119 procedur\u0119, Cell Instruments oferuje zestawy do testowania odporno\u015bci na korozj\u0119 zgodne z normami wodnymi ISO 3696 i odpowiednie systemy obs\u0142ugi odczynnik\u00f3w.<\/p>\n<hr class=\"\" data-start=\"4624\" data-end=\"4627\" \/>\n<h2 data-start=\"4629\" data-end=\"4668\">Korzy\u015bci z przestrzegania normy ISO 9626<\/h2>\n<p class=\"\" data-start=\"4670\" data-end=\"4730\">Zgodno\u015b\u0107 z t\u0105 norm\u0105 zapewnia, \u017ce rurki ig\u0142y strzykawki s\u0105 zgodne z norm\u0105:<\/p>\n<ul>\n<li data-start=\"4734\" data-end=\"4772\">Spe\u0142nia mi\u0119dzynarodowe standardy bezpiecze\u0144stwa<\/li>\n<li data-start=\"4775\" data-end=\"4830\">Minimalizuje ryzyko zgi\u0119cia, z\u0142amania lub korozji<\/li>\n<li data-start=\"4833\" data-end=\"4882\">Zwi\u0119ksza komfort pacjenta i niezawodno\u015b\u0107 urz\u0105dzenia<\/li>\n<li data-start=\"4885\" data-end=\"4919\">Usprawnia zatwierdzenia regulacyjne<\/li>\n<\/ul>\n<p class=\"\" data-start=\"4921\" data-end=\"5071\">Ponadto zgodno\u015b\u0107 z norm\u0105 ISO 9626 pomaga budowa\u0107 zaufanie w\u015br\u00f3d pracownik\u00f3w s\u0142u\u017cby zdrowia i u\u017cytkownik\u00f3w ko\u0144cowych, jednocze\u015bnie ograniczaj\u0105c wycofywanie produkt\u00f3w lub niepowodzenia kliniczne.<\/p>\n<hr class=\"\" data-start=\"5073\" data-end=\"5076\" \/>\n<h2 data-start=\"5078\" data-end=\"5138\">Wsp\u00f3\u0142praca z Cell Instruments w celu zapewnienia zgodno\u015bci z norm\u0105 ISO 9626<\/h2>\n<p class=\"\" data-start=\"5140\" data-end=\"5408\">Cell Instruments jest zaufanym producentem zaawansowanych <strong data-start=\"5195\" data-end=\"5228\">Systemy testowania rurek ig\u0142owych<\/strong>. Oferujemy wysokowydajny sprz\u0119t dostosowany do spe\u0142nienia standardowych wymaga\u0144 testowych dla rurek igie\u0142 strzykawkowych, w tym sztywno\u015bci, odporno\u015bci na p\u0119kanie i odporno\u015bci na korozj\u0119.<\/p>\n<p class=\"\" data-start=\"5410\" data-end=\"5619\">Nasz <strong data-start=\"5414\" data-end=\"5423\">TS-01<\/strong> oraz <strong data-start=\"5428\" data-end=\"5438\">NTT-01<\/strong> Instrumenty zosta\u0142y zaprojektowane z my\u015bl\u0105 o precyzyjnej kontroli, wysokiej powtarzalno\u015bci i intuicyjnej obs\u0142udze - idealne dla laboratori\u00f3w kontroli jako\u015bci, producent\u00f3w strzykawek i tw\u00f3rc\u00f3w urz\u0105dze\u0144 medycznych.<\/p>\n<p><img fetchpriority=\"high\" decoding=\"async\" class=\"alignright wp-image-6666\" src=\"https:\/\/www.qualitester.com\/wp-content\/uploads\/2025\/05\/ISO-9626-300x300.webp\" alt=\"ISO 9626\" width=\"400\" height=\"400\" srcset=\"https:\/\/www.qualitester.com\/wp-content\/uploads\/2025\/05\/ISO-9626-300x300.webp 300w, https:\/\/www.qualitester.com\/wp-content\/uploads\/2025\/05\/ISO-9626-150x150.webp 150w, https:\/\/www.qualitester.com\/wp-content\/uploads\/2025\/05\/ISO-9626-12x12.webp 12w, https:\/\/www.qualitester.com\/wp-content\/uploads\/2025\/05\/ISO-9626-100x100.webp 100w, https:\/\/www.qualitester.com\/wp-content\/uploads\/2025\/05\/ISO-9626.webp 600w\" sizes=\"(max-width: 400px) 100vw, 400px\" \/><\/p>\n<p class=\"\" data-start=\"5621\" data-end=\"5674\">Wsp\u00f3\u0142pracuj\u0105c z Cell Instruments, zyskujesz dost\u0119p do:<\/p>\n<ul>\n<li data-start=\"5678\" data-end=\"5724\">Sprz\u0119t zaprojektowany z my\u015bl\u0105 o \u015bcis\u0142ej zgodno\u015bci z normami ISO<\/li>\n<li data-start=\"5727\" data-end=\"5784\">Konfigurowalne rozwi\u0105zania testowe dla unikalnych potrzeb produktu<\/li>\n<li data-start=\"5787\" data-end=\"5839\">Bie\u017c\u0105ce wsparcie techniczne i us\u0142ugi kalibracji<\/li>\n<\/ul>\n<p class=\"\" data-start=\"5862\" data-end=\"6249\">Zrozumienie i wdro\u017cenie norm ISO 9626 jest niezb\u0119dne dla ka\u017cdego, kto zajmuje si\u0119 projektowaniem, produkcj\u0105 lub kontrol\u0105 jako\u015bci igie\u0142 medycznych. Wykonuj\u0105c dok\u0142adne <strong data-start=\"6041\" data-end=\"6072\">Testy przewod\u00f3w ig\u0142y strzykawki<\/strong>w tym <strong data-start=\"6084\" data-end=\"6104\">sztywno\u015b\u0107 ig\u0142y<\/strong>, <strong data-start=\"6106\" data-end=\"6133\">Odporno\u015b\u0107 na p\u0119kanie rurek<\/strong>oraz <strong data-start=\"6139\" data-end=\"6176\">Testy odporno\u015bci igie\u0142 na korozj\u0119<\/strong>producenci mog\u0105 zagwarantowa\u0107 wydajno\u015b\u0107, bezpiecze\u0144stwo i globaln\u0105 zgodno\u015b\u0107.<\/p>\n<p class=\"\" data-start=\"6251\" data-end=\"6446\">Cell Instruments jest niezawodnym partnerem w osi\u0105ganiu <a href=\"https:\/\/www.iso.org\/standard\/60480.html\" target=\"_blank\" rel=\"noopener nofollow\">ISO 9626<\/a> sukces w testowaniu. Z naszymi ekspertami <strong data-start=\"6354\" data-end=\"6363\">TS-01<\/strong> oraz <strong data-start=\"6368\" data-end=\"6378\">NTT-01<\/strong> systemy, z pewno\u015bci\u0105 sprostasz najtrudniejszym wymaganiom bran\u017cowym.<\/p>\n<hr class=\"\" data-start=\"6448\" data-end=\"6451\" \/>\n<h2 data-start=\"6453\" data-end=\"6492\">FAQ<\/h2>\n<p class=\"\" data-start=\"6494\" data-end=\"6712\"><strong data-start=\"6494\" data-end=\"6558\">1. Jakie rodzaje rur ze stali nierdzewnej obejmuje norma ISO 9626?<\/strong><br data-start=\"6558\" data-end=\"6561\" \/>Niniejszy standard ma zastosowanie wy\u0142\u0105cznie do <em data-start=\"6586\" data-end=\"6593\">sztywny<\/em> rurki ze stali nierdzewnej stosowane w ig\u0142ach podsk\u00f3rnych i nie obejmuje elastycznych rurek ze wzgl\u0119du na r\u00f3\u017cne w\u0142a\u015bciwo\u015bci mechaniczne.<\/p>\n<p class=\"\" data-start=\"6714\" data-end=\"6899\"><strong data-start=\"6714\" data-end=\"6764\">2. Dlaczego test sztywno\u015bci ig\u0142y jest wa\u017cny?<\/strong><br data-start=\"6764\" data-end=\"6767\" \/>Gwarantuje to, \u017ce rurka jest odporna na zginanie podczas u\u017cytku medycznego, co ma kluczowe znaczenie dla bezpiecznego wprowadzania ig\u0142y i precyzyjnego podawania leku.<\/p>\n<p class=\"\" data-start=\"6901\" data-end=\"7104\"><strong data-start=\"6901\" data-end=\"6974\">3. Ile cykli zginania jest wymaganych w te\u015bcie odporno\u015bci na zerwanie?<\/strong><br data-start=\"6974\" data-end=\"6977\" \/>Norma ISO 9626 za\u0142\u0105cznik C wymaga, aby przewody rurowe by\u0142y poddawane <strong data-start=\"7025\" data-end=\"7047\">20 pe\u0142nych cykli<\/strong> kierunkowego zginania w celu oceny jego wytrzyma\u0142o\u015bci zm\u0119czeniowej.<\/p>\n<p class=\"\" data-start=\"7106\" data-end=\"7297\"><strong data-start=\"7106\" data-end=\"7174\">4. Jakie oznaki wskazuj\u0105 na niepowodzenie testu odporno\u015bci na korozj\u0119?<\/strong><br data-start=\"7174\" data-end=\"7177\" \/>Widoczna korozja lub przebarwienia na zanurzonej cz\u0119\u015bci rurki wskazuj\u0105 na niezgodno\u015b\u0107 z norm\u0105 ISO 9626, za\u0142\u0105cznik D.<\/p>\n<p class=\"\" data-start=\"7299\" data-end=\"7540\"><strong data-start=\"7299\" data-end=\"7375\">5. Czy Cell Instruments mo\u017ce dostarczy\u0107 niestandardowy sprz\u0119t do testowania rurek ig\u0142owych?<\/strong><br data-start=\"7375\" data-end=\"7378\" \/>Tak, Cell Instruments specjalizuje si\u0119 w <strong data-start=\"7415\" data-end=\"7443\">niestandardowe rozwi\u0105zania testowe<\/strong>, w tym automatyzacj\u0119 i dostosowane oprzyrz\u0105dowanie, aby wspiera\u0107 okre\u015blone potrzeby produktowe i regulacyjne.<\/p>","protected":false},"excerpt":{"rendered":"<p>ISO 9626 Test rurek do igie\u0142 strzykawkowych ISO 9626 definiuje mi\u0119dzynarodow\u0105 norm\u0119 dla rurek do igie\u0142 ze stali nierdzewnej stosowanych w produkcji urz\u0105dze\u0144 medycznych, takich jak ig\u0142y podsk\u00f3rne. Opracowana w celu zapewnienia bezpiecze\u0144stwa, sp\u00f3jno\u015bci i wydajno\u015bci, norma ISO 9626 zawiera rygorystyczne specyfikacje dotycz\u0105ce wymiar\u00f3w rurek i w\u0142a\u015bciwo\u015bci mechanicznych w zakresie od 3,4 mm (10 Gauge) do 0,18 mm ...<\/p>\n<p class=\"read-more\"> <a class=\"\" href=\"https:\/\/www.qualitester.com\/pl\/standards\/iso-9626\/\"> <span class=\"screen-reader-text\">ISO 9626<\/span> Czytaj wi\u0119cej \"<\/a><\/p>","protected":false},"author":4,"featured_media":0,"parent":4948,"menu_order":0,"comment_status":"closed","ping_status":"closed","template":"","meta":{"site-sidebar-layout":"default","site-content-layout":"default","ast-global-header-display":"","ast-main-header-display":"","ast-hfb-above-header-display":"","ast-hfb-below-header-display":"","ast-hfb-mobile-header-display":"","site-post-title":"disabled","ast-breadcrumbs-content":"","ast-featured-img":"","footer-sml-layout":"","theme-transparent-header-meta":"default","adv-header-id-meta":"","stick-header-meta":"","header-above-stick-meta":"","header-main-stick-meta":"","header-below-stick-meta":"","footnotes":""},"class_list":["post-6661","page","type-page","status-publish","hentry"],"_links":{"self":[{"href":"https:\/\/www.qualitester.com\/pl\/wp-json\/wp\/v2\/pages\/6661","targetHints":{"allow":["GET"]}}],"collection":[{"href":"https:\/\/www.qualitester.com\/pl\/wp-json\/wp\/v2\/pages"}],"about":[{"href":"https:\/\/www.qualitester.com\/pl\/wp-json\/wp\/v2\/types\/page"}],"author":[{"embeddable":true,"href":"https:\/\/www.qualitester.com\/pl\/wp-json\/wp\/v2\/users\/4"}],"replies":[{"embeddable":true,"href":"https:\/\/www.qualitester.com\/pl\/wp-json\/wp\/v2\/comments?post=6661"}],"version-history":[{"count":0,"href":"https:\/\/www.qualitester.com\/pl\/wp-json\/wp\/v2\/pages\/6661\/revisions"}],"up":[{"embeddable":true,"href":"https:\/\/www.qualitester.com\/pl\/wp-json\/wp\/v2\/pages\/4948"}],"wp:attachment":[{"href":"https:\/\/www.qualitester.com\/pl\/wp-json\/wp\/v2\/media?parent=6661"}],"curies":[{"name":"wp","href":"https:\/\/api.w.org\/{rel}","templated":true}]}}