{"id":6558,"date":"2025-03-17T16:04:02","date_gmt":"2025-03-17T08:04:02","guid":{"rendered":"https:\/\/www.qualitester.com\/?page_id=6558"},"modified":"2025-03-17T16:56:01","modified_gmt":"2025-03-17T08:56:01","slug":"iso-8510-2","status":"publish","type":"page","link":"https:\/\/www.qualitester.com\/pl\/standards\/iso-8510-2\/","title":{"rendered":"ISO 8510-2"},"content":{"rendered":"<h1 style=\"text-align: center;\">ISO 8510-2<\/h1>\n<p data-pm-slice=\"1 1 []\">Norma ISO 8510-2 okre\u015bla 180-stopniowy test przyczepno\u015bci przy odrywaniu w celu oceny <strong>wytrzyma\u0142o\u015b\u0107 kleju na odrywanie<\/strong> materia\u0142\u00f3w klejonych. Norma ta jest niezb\u0119dna w bran\u017cach takich jak <strong>opakowania, urz\u0105dzenia medyczne, elektronika i kleje<\/strong>, gdzie silna i niezawodna przyczepno\u015b\u0107 ma kluczowe znaczenie. Test zapewnia krytyczny wgl\u0105d w <strong>wydajno\u015b\u0107 i trwa\u0142o\u015b\u0107 klej\u00f3w<\/strong> poprzez pomiar si\u0142y wymaganej do oddzielenia elastycznego \u0142\u0105cznika od sztywnego \u0142\u0105cznika w kontrolowanych warunkach.<\/p>\n<h2>Procedura testowa zgodna z norm\u0105 ISO 8510-2<\/h2>\n<p>The <strong><a href=\"https:\/\/www.qualitester.com\/pl\/kategoria-produktu\/iso\/iso-8510-2\/\" target=\"_blank\" rel=\"noopener\">ISO 8510-.<\/a>2 metoda testowa<\/strong> obejmuje przygotowanie i testowanie po\u0142\u0105czonych pr\u00f3bek w standardowych warunkach. Kroki obejmuj\u0105:<\/p>\n<h3>1. Przygotowanie pr\u00f3bki testowej<\/h3>\n<ul data-spread=\"false\">\n<li>Zwi\u0105zany <strong>elastyczny do sztywnego<\/strong> Zesp\u00f3\u0142 jest przygotowywany przy u\u017cyciu ocenianego kleju.<\/li>\n<li>The <strong>sztywna przyczepno\u015b\u0107<\/strong> mo\u017ce by\u0107 <strong>metal, plastik, drewno lub guma<\/strong> o okre\u015blonej grubo\u015bci.<\/li>\n<li>The <strong>elastyczna przyczepno\u015b\u0107<\/strong> powinien wytrzyma\u0107 <strong>Wygi\u0119cie o 180 stopni<\/strong> bez deformacji.<\/li>\n<li>Aplikacja kleju jest nast\u0119puj\u0105ca <strong>ISO 17212<\/strong> lub wytyczne producenta.<\/li>\n<li>Linia wi\u0105zania musi by\u0107 <strong>R\u00f3wnomiernie na\u0142o\u017cony i w pe\u0142ni utwardzony<\/strong> przed testowaniem.<\/li>\n<\/ul>\n<p><img fetchpriority=\"high\" decoding=\"async\" class=\"wp-image-6591 aligncenter\" src=\"https:\/\/www.qualitester.com\/wp-content\/uploads\/2025\/03\/ISO-8510-2-180-Degree-Peel-Adhesion-Test.png\" alt=\"ISO 8510-2 180-stopniowy test przyczepno\u015bci na odrywanie\" width=\"171\" height=\"366\" srcset=\"https:\/\/www.qualitester.com\/wp-content\/uploads\/2025\/03\/ISO-8510-2-180-Degree-Peel-Adhesion-Test.png 278w, https:\/\/www.qualitester.com\/wp-content\/uploads\/2025\/03\/ISO-8510-2-180-Degree-Peel-Adhesion-Test-140x300.png 140w, https:\/\/www.qualitester.com\/wp-content\/uploads\/2025\/03\/ISO-8510-2-180-Degree-Peel-Adhesion-Test-6x12.png 6w\" sizes=\"(max-width: 171px) 100vw, 171px\" \/><\/p>\n<h3>2. Wymagania dotycz\u0105ce aparatury testowej<\/h3>\n<ul data-spread=\"false\">\n<li>A <strong>maszyna do test\u00f3w sk\u00f3rki<\/strong> (<a href=\"https:\/\/www.qualitester.com\/pl\/produkt-2\/tst-01-tensile-tester\/\" target=\"_blank\" rel=\"noopener\">maszyna do pr\u00f3b rozci\u0105gania<\/a>).<\/li>\n<li>Urz\u0105dzenie musi utrzymywa\u0107 <strong>sta\u0142a szybko\u015b\u0107 rozdzielania uchwyt\u00f3w<\/strong> (zazwyczaj <strong>100 mm\/min \u00b1 10 mm\/min<\/strong>).<\/li>\n<li>Uchwyty musz\u0105 pewnie trzyma\u0107 <strong>sztywne i elastyczne spoiwa<\/strong>.<\/li>\n<li>Pomiar si\u0142y musi by\u0107 dok\u0142adny w zakresie <strong>\u00b12%<\/strong>.<\/li>\n<\/ul>\n<h3>3. Procedura testowania<\/h3>\n<ul data-spread=\"false\">\n<li>The <strong>sztywna przyczepno\u015b\u0107<\/strong> jest zaci\u015bni\u0119ty w sta\u0142ym uchwycie maszyny.<\/li>\n<li>The <strong>elastyczna przyczepno\u015b\u0107<\/strong> jest zaci\u015bni\u0119ty w samonastawnym uchwycie.<\/li>\n<li>Maszyna przyk\u0142ada si\u0142\u0119 r\u00f3wnolegle do klejonej p\u0142aszczyzny, ci\u0105gn\u0105c elastyczn\u0105 spoin\u0119 z pr\u0119dko\u015bci\u0105 <strong>K\u0105t 180 stopni<\/strong>.<\/li>\n<li>Test trwa do co najmniej <strong>Oddzieli\u0142o si\u0119 125 mm po\u0142\u0105czonej d\u0142ugo\u015bci<\/strong>.<\/li>\n<li>Si\u0142a odrywania jest rejestrowana przez <strong>100 mm<\/strong>, z wy\u0142\u0105czeniem pierwszego <strong>25 mm<\/strong>.<\/li>\n<li>Odnotowywany jest tryb uszkodzenia (uszkodzenie adhezyjne, kohezyjne lub adhezyjne).<\/li>\n<\/ul>\n<h3>4. Rejestrowanie wynik\u00f3w test\u00f3w peelingu<\/h3>\n<ul data-spread=\"false\">\n<li>Test okre\u015bla <strong>\u015brednia si\u0142a odrywania w niutonach<\/strong> w czasie trwania testu.<\/li>\n<li><strong>Maksymalne i minimalne si\u0142y<\/strong> s\u0105 rejestrowane.<\/li>\n<li>Wyniki pomagaj\u0105 w <strong>por\u00f3wnanie formu\u0142 kleju<\/strong> oraz <strong>Zapewnienie sp\u00f3jno\u015bci produkcji<\/strong>.<\/li>\n<\/ul>\n<h2 data-pm-slice=\"1 3 []\">Znaczenie testu przyczepno\u015bci przy odrywaniu 180 stopni<\/h2>\n<p>The <strong>180-stopniowy test przyczepno\u015bci na odrywanie<\/strong> jest szeroko stosowany do oceny <strong>Odporno\u015b\u0107 na odrywanie<\/strong> klej\u00f3w. Pomaga producentom zapewni\u0107, \u017ce ich produkty samoprzylepne spe\u0142niaj\u0105 oczekiwania bran\u017cy. Kluczowe zastosowania obejmuj\u0105:<\/p>\n<ul data-spread=\"false\">\n<li><strong>Kontrola jako\u015bci<\/strong> do klej\u00f3w u\u017cywanych w opakowaniach i zastosowaniach medycznych<\/li>\n<li><strong>Badania i rozw\u00f3j<\/strong> w celu ulepszenia receptur klej\u00f3w<\/li>\n<li><strong>Zgodno\u015b\u0107<\/strong> z mi\u0119dzynarodowymi standardami testowania klej\u00f3w<\/li>\n<\/ul>\n<h2>Precyzyjna maszyna do testowania ta\u015bmy samoprzylepnej<\/h2>\n<ul data-spread=\"false\">\n<li><strong>Precyzja i dok\u0142adno\u015b\u0107<\/strong> (pomiar si\u0142y w zakresie <strong>Tolerancja 2%<\/strong>)<\/li>\n<li><strong>Regulowany wsp\u00f3\u0142czynnik separacji uchwyt\u00f3w<\/strong><\/li>\n<li><strong>Sterowanie PLC<\/strong><\/li>\n<li><strong>Mo\u017cliwo\u015bci rejestrowania danych<\/strong> do analizy<\/li>\n<li>Wi\u0119cej informacji <a href=\"https:\/\/www.qualitester.com\/pl\/produkt-2\/tst-01-tensile-tester\/\" target=\"_blank\" rel=\"noopener\">Maszyna do test\u00f3w peelingu<\/a>...<\/li>\n<\/ul>\n<p style=\"text-align: center;\"><big><big>Dla wysokiej precyzji <a href=\"https:\/\/www.qualitester.com\/pl\/produkt-2\/tst-01-tensile-tester\/\"><strong>Testowanie wytrzyma\u0142o\u015bci kleju na odrywanie<\/strong><\/a>, kontakt <a href=\"https:\/\/www.qualitester.com\/pl\/\"><strong>Cell Instruments<\/strong><\/a> dzisiaj!<\/big><\/big><\/p>\n<h2>Najcz\u0119\u015bciej zadawane pytania<\/h2>\n<p><strong>1. Co to jest ISO 8510-2?<br \/>\n<\/strong>ISO 8510-2 to mi\u0119dzynarodowy standard, kt\u00f3ry definiuje <strong>180-stopniowy test przyczepno\u015bci na odrywanie<\/strong> mierzy\u0107 <strong>wytrzyma\u0142o\u015b\u0107 kleju na odrywanie<\/strong>.<\/p>\n<p><strong>2. Dlaczego 180-stopniowy test przyczepno\u015bci jest wa\u017cny?<br \/>\n<\/strong>Ten test ocenia <strong>si\u0142a wi\u0105zania<\/strong> klej\u00f3w, zapewniaj\u0105c, \u017ce spe\u0142niaj\u0105 one wymagania bran\u017cowe dotycz\u0105ce <strong>Trwa\u0142o\u015b\u0107 i niezawodno\u015b\u0107<\/strong>.<\/p>\n<p><strong>3. Jaki sprz\u0119t jest potrzebny do przeprowadzenia testu ISO 8510-2?<br \/>\n<\/strong>A <strong>maszyna do test\u00f3w sk\u00f3rki<\/strong>, zdolny do utrzymania sta\u0142ego wsp\u00f3\u0142czynnika separacji chwyt\u00f3w, dok\u0142adnego pomiaru si\u0142y i bezpiecznych chwyt\u00f3w.<\/p>\n<p><strong>4. Jakie czynniki wp\u0142ywaj\u0105 na wytrzyma\u0142o\u015b\u0107 na odrywanie w tym te\u015bcie?<br \/>\n<\/strong>Czynniki obejmuj\u0105 <strong>rodzaj kleju, przygotowanie powierzchni, materia\u0142 przyczepny i pr\u0119dko\u015b\u0107 testowa<\/strong>.<\/p>\n<p><strong>5. Gdzie stosowany jest test ISO 8510-2?<br \/>\n<\/strong>Popularne bran\u017ce obejmuj\u0105 <strong>opakowania, medycyna, elektronika, motoryzacja i produkcja klej\u00f3w<\/strong>.<\/p>","protected":false},"excerpt":{"rendered":"<p>ISO 8510-2 ISO 8510-2 specifies the 180-degree peel adhesion test for evaluating the adhesive peel strength of bonded materials. This standard is essential in industries such as packaging, medical devices, electronics, and adhesives, where strong and reliable adhesion is crucial. The test provides critical insights into the performance and durability of adhesives by measuring the &hellip;<\/p>\n<p class=\"read-more\"> <a class=\"\" href=\"https:\/\/www.qualitester.com\/pl\/standards\/iso-8510-2\/\"> <span class=\"screen-reader-text\">ISO 8510-2<\/span> Czytaj wi\u0119cej \"<\/a><\/p>","protected":false},"author":4,"featured_media":0,"parent":4948,"menu_order":0,"comment_status":"closed","ping_status":"closed","template":"","meta":{"site-sidebar-layout":"default","site-content-layout":"default","ast-global-header-display":"","ast-main-header-display":"","ast-hfb-above-header-display":"","ast-hfb-below-header-display":"","ast-hfb-mobile-header-display":"","site-post-title":"disabled","ast-breadcrumbs-content":"","ast-featured-img":"","footer-sml-layout":"","theme-transparent-header-meta":"default","adv-header-id-meta":"","stick-header-meta":"","header-above-stick-meta":"","header-main-stick-meta":"","header-below-stick-meta":"","footnotes":""},"class_list":["post-6558","page","type-page","status-publish","hentry"],"_links":{"self":[{"href":"https:\/\/www.qualitester.com\/pl\/wp-json\/wp\/v2\/pages\/6558","targetHints":{"allow":["GET"]}}],"collection":[{"href":"https:\/\/www.qualitester.com\/pl\/wp-json\/wp\/v2\/pages"}],"about":[{"href":"https:\/\/www.qualitester.com\/pl\/wp-json\/wp\/v2\/types\/page"}],"author":[{"embeddable":true,"href":"https:\/\/www.qualitester.com\/pl\/wp-json\/wp\/v2\/users\/4"}],"replies":[{"embeddable":true,"href":"https:\/\/www.qualitester.com\/pl\/wp-json\/wp\/v2\/comments?post=6558"}],"version-history":[{"count":0,"href":"https:\/\/www.qualitester.com\/pl\/wp-json\/wp\/v2\/pages\/6558\/revisions"}],"up":[{"embeddable":true,"href":"https:\/\/www.qualitester.com\/pl\/wp-json\/wp\/v2\/pages\/4948"}],"wp:attachment":[{"href":"https:\/\/www.qualitester.com\/pl\/wp-json\/wp\/v2\/media?parent=6558"}],"curies":[{"name":"wp","href":"https:\/\/api.w.org\/{rel}","templated":true}]}}