{"id":6867,"date":"2025-07-16T17:04:37","date_gmt":"2025-07-16T09:04:37","guid":{"rendered":"https:\/\/www.qualitester.com\/?page_id=6867"},"modified":"2025-07-16T17:04:37","modified_gmt":"2025-07-16T09:04:37","slug":"astm-d1922","status":"publish","type":"page","link":"https:\/\/www.qualitester.com\/nl\/standards\/astm-d1922\/","title":{"rendered":"ASTM D1922"},"content":{"rendered":"<h1 style=\"text-align: center;\">ASTM D1922<br \/>\n<small>Scheurtesten<\/small><\/h1>\n<hr \/>\n<h2>Inleiding tot ASTM D1922 testen<\/h2>\n<p data-start=\"484\" data-end=\"1038\">ASTM D1922 is een algemeen erkende <strong data-start=\"559\" data-end=\"588\"><a href=\"https:\/\/www.qualitester.com\/nl\/product\/sld-01-elimendorf-tear-resistance-testing-machine\/\">scheursterkte test<\/a> methode<\/strong> gebruikt om de kracht te bepalen die nodig is om een scheur in plastic folie en niet-rigide folie te laten voortplanten. Deze methode is essentieel voor het evalueren van de mechanische integriteit van verpakkingsmaterialen, vooral in toepassingen waar de weerstand tegen scheuren een directe invloed heeft op de bescherming van het product en de houdbaarheid. De <strong data-start=\"886\" data-end=\"909\">ASTM D1922 standaard<\/strong> maakt gebruik van de <strong data-start=\"923\" data-end=\"950\">Elmendorf scheursterkte<\/strong> testmethode om te meten hoeveel kracht er nodig is om een scheur voort te zetten als deze eenmaal is begonnen.<\/p>\n<p data-start=\"1040\" data-end=\"1335\">Kunststof folies die worden gebruikt in flexibele verpakkingen, voedselverpakkingen of medische apparatuur worden blootgesteld aan verschillende soorten belasting. Daarom is het beoordelen van hun <strong data-start=\"1191\" data-end=\"1210\">scheurweerstand<\/strong> helpt fabrikanten en professionals op het gebied van kwaliteitscontrole om ervoor te zorgen dat wordt voldaan aan duurzaamheidsspecificaties en veiligheidsnormen.<\/p>\n<hr \/>\n<h2 data-start=\"1040\" data-end=\"1335\">Scheursterkte testmethode met Elmendorf scheurtester<\/h2>\n<p data-start=\"1342\" data-end=\"1687\">De ASTM D1922 test wordt uitgevoerd met een <strong data-start=\"1444\" data-end=\"1486\">Scheursterkte tester van het Elmendorf-type<\/strong>, zoals de <strong data-start=\"1500\" data-end=\"1534\">SLD-01 scheursterkte tester<\/strong> van Cell Instruments. Dit op een slinger gebaseerde apparaat simuleert scheuren in de echte wereld met gecontroleerde precisie. Dit is hoe de procedure meestal werkt:<\/p>\n<ul>\n<li data-start=\"1691\" data-end=\"1788\">Een voorgesneden preparaat wordt tussen twee bekken geklemd - \u00e9\u00e9n stationair en \u00e9\u00e9n op de slingerende slinger.<\/li>\n<li data-start=\"1791\" data-end=\"1859\">Wanneer de slinger wordt losgelaten, scheurt hij het preparaat langs een pad van 43 mm.<\/li>\n<li data-start=\"1862\" data-end=\"2004\">De tester meet de <strong data-start=\"1886\" data-end=\"1901\">energieverlies<\/strong> van de slingerbeweging, die correleert met de <strong data-start=\"1956\" data-end=\"1970\">scheurkracht<\/strong> nodig om de scheur te verspreiden.<\/li>\n<\/ul>\n<p data-start=\"2006\" data-end=\"2218\"><strong data-start=\"2006\" data-end=\"2034\">Scheursterkte testers<\/strong> moeten zorgvuldig gekalibreerd worden met controlegewichten of gestandaardiseerde procedures om de meetnauwkeurigheid te garanderen, vooral voor materialen met een hoge anisotropie of rek tijdens het scheuren.<\/p>\n<div class=\"ast-oembed-container\" style=\"height: 100%;\"><iframe title=\"Hoe de Elmendort scheurtest op een plastic filmmonster uit te voeren\" width=\"500\" height=\"281\" src=\"https:\/\/www.youtube.com\/embed\/oo5j21g_thM?feature=oembed\" frameborder=\"0\" allow=\"accelerometer; autoplay; clipboard-write; encrypted-media; gyroscope; picture-in-picture; web-share\" referrerpolicy=\"strict-origin-when-cross-origin\" allowfullscreen><\/iframe><\/div>\n<hr \/>\n<h2 data-start=\"2006\" data-end=\"2218\">Belangrijkste factoren die de testresultaten van ASTM D1922 be\u00efnvloeden<\/h2>\n<p data-start=\"2225\" data-end=\"2363\">Verschillende factoren be\u00efnvloeden de reproduceerbaarheid en nauwkeurigheid van ASTM D1922 testresultaten:<\/p>\n<ul>\n<li data-start=\"2367\" data-end=\"2517\"><strong data-start=\"2367\" data-end=\"2405\">Geometrie en ori\u00ebntatie van het proefstuk:<\/strong> Films kunnen een verschillende scheurweerstand vertonen in de machinerichting (MD) versus de dwarsrichting (TD).<\/li>\n<li data-start=\"2520\" data-end=\"2684\"><strong data-start=\"2520\" data-end=\"2554\">Filmdikte en uniformiteit:<\/strong> Aangezien er geen direct lineair verband is tussen de dikte en de scheurkracht, moet de dikte worden gerapporteerd naast de testwaarden.<\/li>\n<li data-start=\"2687\" data-end=\"2809\"><strong data-start=\"2687\" data-end=\"2711\">Materiaalanisotropie:<\/strong> Films die zijn gefabriceerd met een directionele ori\u00ebntatie kunnen scheuren, wat de testconsistentie be\u00efnvloedt.<\/li>\n<li data-start=\"2812\" data-end=\"2950\"><strong data-start=\"2812\" data-end=\"2863\">Voorgesneden kwaliteit en omgevingsconditionering:<\/strong> Het conditioneren van het monster bij 23 \u00b1 2 \u00b0C en 50 \u00b1 10% RH is nodig om de variabiliteit te minimaliseren.<\/li>\n<\/ul>\n<p data-start=\"2952\" data-end=\"3149\">Om deze variaties te beperken, specificeert de ASTM D1922 standaard zowel <strong data-start=\"3021\" data-end=\"3036\">rechthoekig<\/strong> en <strong data-start=\"3041\" data-end=\"3060\">constante straal<\/strong> specimens, waarbij de laatste de voorkeur geniet vanwege betere controle over schuine scheuringseffecten.<\/p>\n<hr \/>\n<h2 data-start=\"2952\" data-end=\"3149\">Toepassingen van ASTM D1922 in de verpakkings- en filmindustrie<\/h2>\n<p data-start=\"3156\" data-end=\"3303\">De <strong data-start=\"3226\" data-end=\"3250\">ASTM D1922 scheurtest<\/strong> wordt vaak toegepast bij het evalueren van materialen zoals:<\/p>\n<ul>\n<li data-start=\"3307\" data-end=\"3366\"><strong data-start=\"3307\" data-end=\"3328\">Polyethyleen (PE)<\/strong>: Gebruikt in voedsel- en winkelverpakkingen.<\/li>\n<li data-start=\"3369\" data-end=\"3446\"><strong data-start=\"3369\" data-end=\"3391\">Polypropyleen (PP)<\/strong>: Wordt geprefereerd vanwege de balans tussen taaiheid en helderheid.<\/li>\n<li data-start=\"3449\" data-end=\"3518\"><strong data-start=\"3449\" data-end=\"3468\">Polyester (PET)<\/strong>: Bekend om zijn hoge sterkte en thermische stabiliteit.<\/li>\n<li data-start=\"3521\" data-end=\"3638\"><strong data-start=\"3521\" data-end=\"3570\">Hoge en lage dichtheid polyethyleen (HDPE\/LDPE)<\/strong>: Vaak gebruikt in verzendzakken, voeringen en medische verpakkingen.<\/li>\n<\/ul>\n<p data-start=\"3640\" data-end=\"3679\">In de praktijk is deze test waardevol voor:<\/p>\n<ul>\n<li data-start=\"3683\" data-end=\"3736\">vergelijken <strong data-start=\"3693\" data-end=\"3734\">scheurweerstand bij alle materiaalsoorten<\/strong><\/li>\n<li data-start=\"3739\" data-end=\"3815\">Zorgen voor naleving van <strong data-start=\"3764\" data-end=\"3813\">industri\u00eble specificaties en productnormen<\/strong><\/li>\n<li data-start=\"3818\" data-end=\"3890\">Ondersteuning <strong data-start=\"3829\" data-end=\"3836\">R&amp;D<\/strong> in materiaalinnovatie en prestatieoptimalisatie<\/li>\n<li data-start=\"3893\" data-end=\"3968\">De duurzaamheid van materialen evalueren in <strong data-start=\"3935\" data-end=\"3968\">echte gebruiksomstandigheden<\/strong><\/li>\n<\/ul>\n<hr \/>\n<h2><a href=\"https:\/\/www.qualitester.com\/nl\/\"><img decoding=\"async\" class=\"alignleft wp-image-6870\" src=\"https:\/\/www.qualitester.com\/wp-content\/uploads\/2025\/07\/Headquarters01-300x300.webp\" alt=\"ASTM D1922\" width=\"192\" height=\"192\" srcset=\"https:\/\/www.qualitester.com\/wp-content\/uploads\/2025\/07\/Headquarters01-300x300.webp 300w, https:\/\/www.qualitester.com\/wp-content\/uploads\/2025\/07\/Headquarters01-150x150.webp 150w, https:\/\/www.qualitester.com\/wp-content\/uploads\/2025\/07\/Headquarters01-12x12.webp 12w, https:\/\/www.qualitester.com\/wp-content\/uploads\/2025\/07\/Headquarters01-100x100.webp 100w, https:\/\/www.qualitester.com\/wp-content\/uploads\/2025\/07\/Headquarters01.webp 600w\" sizes=\"(max-width: 192px) 100vw, 192px\" \/><\/a>Waarom kiezen voor de SLD-01 Scheursterkte Tester van <a href=\"https:\/\/www.qualitester.com\/nl\/\">Cel Instrumenten<\/a><\/h2>\n<p data-start=\"3975\" data-end=\"4360\">Cel-instrumenten\u2019 <strong data-start=\"4065\" data-end=\"4097\">SLD-01 Elmendorf scheurtester<\/strong> biedt superieure precisie en betrouwbaarheid voor scheursterkte testen volgens ASTM D1922 en ISO 6383-2 normen. Met <strong data-start=\"4214\" data-end=\"4241\">digitale uitleesopties<\/strong>, Dankzij de uitwisselbare slingers en geautomatiseerde berekeningsfuncties is de machine eenvoudig te bedienen en consistent nauwkeurig.<\/p>\n<p data-start=\"4362\" data-end=\"4587\">Ideaal voor <strong data-start=\"4372\" data-end=\"4403\">kwaliteitscontrolebureaus<\/strong>, <strong data-start=\"4405\" data-end=\"4427\">foliefabrikanten<\/strong>, <strong data-start=\"4429\" data-end=\"4452\">verpakkingsbedrijven<\/strong>, en <strong data-start=\"4458\" data-end=\"4487\">ontwikkelaars van medische hulpmiddelen<\/strong>, De SLD-01 ondersteunt zowel routinetests als geavanceerde analyses met herleidbare kalibratieopties.<\/p>\n<hr \/>\n<h2 data-start=\"4362\" data-end=\"4587\">Conclusie<\/h2>\n<figure id=\"attachment_6876\" aria-describedby=\"caption-attachment-6876\" style=\"width: 300px\" class=\"wp-caption alignright\"><img fetchpriority=\"high\" decoding=\"async\" class=\"size-medium wp-image-6876\" src=\"https:\/\/www.qualitester.com\/wp-content\/uploads\/2025\/07\/tear-tester-SLT-01-300x300.webp\" alt=\"astm d1922 en elmendorf scheursterkte\" width=\"300\" height=\"300\" srcset=\"https:\/\/www.qualitester.com\/wp-content\/uploads\/2025\/07\/tear-tester-SLT-01-300x300.webp 300w, https:\/\/www.qualitester.com\/wp-content\/uploads\/2025\/07\/tear-tester-SLT-01-150x150.webp 150w, https:\/\/www.qualitester.com\/wp-content\/uploads\/2025\/07\/tear-tester-SLT-01-12x12.webp 12w, https:\/\/www.qualitester.com\/wp-content\/uploads\/2025\/07\/tear-tester-SLT-01-100x100.webp 100w, https:\/\/www.qualitester.com\/wp-content\/uploads\/2025\/07\/tear-tester-SLT-01.webp 600w\" sizes=\"(max-width: 300px) 100vw, 300px\" \/><figcaption id=\"caption-attachment-6876\" class=\"wp-caption-text\">SLD-01<\/figcaption><\/figure>\n<p data-start=\"4594\" data-end=\"4987\">Inzicht in de <strong data-start=\"4629\" data-end=\"4669\">ASTM D1922 testmethode voor scheursterkte<\/strong> is essentieel voor het evalueren van de mechanische duurzaamheid van flexibele verpakkingsmaterialen. Door gebruik te maken van <strong data-start=\"4771\" data-end=\"4798\">Elmendorf scheursterkte<\/strong><\/p>\n<p data-start=\"4594\" data-end=\"4987\">meetprincipes en nauwkeurige instrumentatie zoals de <strong data-start=\"4860\" data-end=\"4894\">SLD-01 scheursterkte tester<\/strong>, kunnen bedrijven de productveiligheid verbeteren, storingen verminderen en de klanttevredenheid verhogen.<\/p>\n<p data-start=\"4989\" data-end=\"5150\">Professionals in <strong data-start=\"5006\" data-end=\"5025\">kwaliteitscontrole<\/strong>, <strong data-start=\"5027\" data-end=\"5043\">materiaal R&amp;D<\/strong>, en <strong data-start=\"5049\" data-end=\"5074\">regelnaleving<\/strong> zullen ASTM D1922 een essentieel hulpmiddel vinden om de prestaties van materialen te verifi\u00ebren.<\/p>","protected":false},"excerpt":{"rendered":"<p>ASTM D1922 Scheurtesten Inleiding tot ASTM D1922 testen ASTM D1922 is een algemeen erkende scheursterkte testmethode die wordt gebruikt om de kracht te bepalen die nodig is om een scheur in plastic films en niet-rigide folie te verspreiden. Deze methode is essentieel voor het evalueren van de mechanische integriteit van verpakkingsmaterialen, vooral in toepassingen waar de weerstand tegen scheuren direct ...<\/p>\n<p class=\"read-more\"> <a class=\"\" href=\"https:\/\/www.qualitester.com\/nl\/standards\/astm-d1922\/\"> <span class=\"screen-reader-text\">ASTM D1922<\/span> Lees meer \"<\/a><\/p>","protected":false},"author":3,"featured_media":0,"parent":4948,"menu_order":0,"comment_status":"closed","ping_status":"closed","template":"","meta":{"site-sidebar-layout":"default","site-content-layout":"default","ast-global-header-display":"","ast-main-header-display":"","ast-hfb-above-header-display":"","ast-hfb-below-header-display":"","ast-hfb-mobile-header-display":"","site-post-title":"","ast-breadcrumbs-content":"","ast-featured-img":"","footer-sml-layout":"","theme-transparent-header-meta":"default","adv-header-id-meta":"","stick-header-meta":"","header-above-stick-meta":"","header-main-stick-meta":"","header-below-stick-meta":"","footnotes":""},"class_list":["post-6867","page","type-page","status-publish","hentry"],"_links":{"self":[{"href":"https:\/\/www.qualitester.com\/nl\/wp-json\/wp\/v2\/pages\/6867","targetHints":{"allow":["GET"]}}],"collection":[{"href":"https:\/\/www.qualitester.com\/nl\/wp-json\/wp\/v2\/pages"}],"about":[{"href":"https:\/\/www.qualitester.com\/nl\/wp-json\/wp\/v2\/types\/page"}],"author":[{"embeddable":true,"href":"https:\/\/www.qualitester.com\/nl\/wp-json\/wp\/v2\/users\/3"}],"replies":[{"embeddable":true,"href":"https:\/\/www.qualitester.com\/nl\/wp-json\/wp\/v2\/comments?post=6867"}],"version-history":[{"count":0,"href":"https:\/\/www.qualitester.com\/nl\/wp-json\/wp\/v2\/pages\/6867\/revisions"}],"up":[{"embeddable":true,"href":"https:\/\/www.qualitester.com\/nl\/wp-json\/wp\/v2\/pages\/4948"}],"wp:attachment":[{"href":"https:\/\/www.qualitester.com\/nl\/wp-json\/wp\/v2\/media?parent=6867"}],"curies":[{"name":"wp","href":"https:\/\/api.w.org\/{rel}","templated":true}]}}