{"id":6677,"date":"2025-05-19T11:46:14","date_gmt":"2025-05-19T03:46:14","guid":{"rendered":"https:\/\/www.qualitester.com\/?page_id=6677"},"modified":"2025-05-19T11:48:09","modified_gmt":"2025-05-19T03:48:09","slug":"astm-d1894","status":"publish","type":"page","link":"https:\/\/www.qualitester.com\/nl\/standards\/astm-d1894\/","title":{"rendered":"ASTM D1894"},"content":{"rendered":"<h1 style=\"text-align: center;\">ASTM D1894<br \/>\n<small>Wrijvingsco\u00ebffici\u00ebnt testen<\/small><\/h1>\n<h2 data-start=\"384\" data-end=\"992\">Inleiding<\/h2>\n<p class=\"\" data-start=\"384\" data-end=\"992\">In de verpakkings- en plastic folie-industrie is het van cruciaal belang om te evalueren hoe oppervlakken op elkaar reageren tijdens contact. Dat is waar <strong data-start=\"519\" data-end=\"533\">ASTM D1894<\/strong>, de standaard testmethode voor <strong data-start=\"564\" data-end=\"613\">het bepalen van de wrijvingsco\u00ebffici\u00ebnt (COF)<\/strong> van plastic film en folie speelt een cruciale rol. Deze methode is essentieel voor een soepele verwerking, hantering en prestatieconsistentie in toepassingen zoals voedselverpakking, farmaceutische wikkels en industri\u00eble folie. Het begrijpen en toepassen van ASTM D1894 helpt niet alleen de productkwaliteit te garanderen, maar bevordert ook de veiligheid en effici\u00ebntie in de hele toeleveringsketen.<\/p>\n<hr class=\"\" data-start=\"994\" data-end=\"997\" \/>\n<h2 data-start=\"999\" data-end=\"1360\">Wat is ASTM D1894?<\/h2>\n<p class=\"\" data-start=\"999\" data-end=\"1360\">ASTM D1894 is een wereldwijd erkende standaard ontwikkeld door ASTM International die zowel de <strong data-start=\"1125\" data-end=\"1172\">statische en kinetische wrijvingsco\u00ebffici\u00ebnten<\/strong> van plastic films en platen. Het helpt te bepalen hoe gemakkelijk het ene oppervlak over het andere glijdt, wat cruciale inzichten oplevert voor kwaliteitscontrole, procesoptimalisatie en materiaalontwikkeling.<\/p>\n<p class=\"\" data-start=\"1362\" data-end=\"1394\">Deze test wordt meestal gebruikt in:<\/p>\n<ul>\n<li data-start=\"1397\" data-end=\"1437\">Folieproductie voor flexibele verpakking<\/li>\n<li data-start=\"1440\" data-end=\"1486\">Kwaliteitsborging in converting en printen<\/li>\n<li data-start=\"1489\" data-end=\"1533\">Materiaalselectie en O&amp;O van nieuwe filmtypes<\/li>\n<\/ul>\n<p class=\"\" data-start=\"1535\" data-end=\"1733\">De methode is vooral belangrijk voor toepassingen waar consistente wrijvingsniveaus van vitaal belang zijn voor de prestaties, zoals in geautomatiseerde verpakkingssystemen waar vastlopen of wegglijden de doorvoer kan be\u00efnvloeden.<\/p>\n<hr class=\"\" data-start=\"1735\" data-end=\"1738\" \/>\n<h2 data-start=\"1740\" data-end=\"1985\">Wrijvingsco\u00ebffici\u00ebnt testen in verpakkingstoepassingen<\/h2>\n<p class=\"\" data-start=\"1740\" data-end=\"1985\"><strong data-start=\"1804\" data-end=\"1839\">Wrijvingsco\u00ebffici\u00ebnt testen<\/strong> Hierbij wordt een verzwaarde slede over het oppervlak van een materiaal geschoven en wordt de weerstand gemeten. Deze weerstand wordt gebruikt om te berekenen:<\/p>\n<ul>\n<li data-start=\"1988\" data-end=\"2044\"><strong data-start=\"1988\" data-end=\"2007\">Statische COF (\u03bcs)<\/strong>: Weerstand tegen het begin van de beweging<\/li>\n<li data-start=\"2047\" data-end=\"2105\"><strong data-start=\"2047\" data-end=\"2067\">Kinetische COF (\u03bck)<\/strong>: Weerstand zodra de beweging is gestart<\/li>\n<\/ul>\n<p class=\"\" data-start=\"2107\" data-end=\"2182\">Deze gegevens zijn onmisbaar bij het selecteren en valideren van materialen die worden gebruikt in:<\/p>\n<ul>\n<li data-start=\"2185\" data-end=\"2214\">Verpakking van voedingsmiddelen en dranken<\/li>\n<li data-start=\"2217\" data-end=\"2240\">Medische blisterverpakkingen<\/li>\n<li data-start=\"2243\" data-end=\"2269\">Farmaceutische omhulsels<\/li>\n<li data-start=\"2272\" data-end=\"2297\">Industri\u00eble krimpfolies<\/li>\n<\/ul>\n<p class=\"\" data-start=\"2299\" data-end=\"2590\">Veel <strong data-start=\"2304\" data-end=\"2344\">foli\u00ebn en vellen van kunststof<\/strong>-zoals polyethyleen, polypropyleen en polyester hebben oppervlakte-eigenschappen die vari\u00ebren door additieven, oppervlaktebehandelingen of productieomstandigheden. ASTM D1894 garandeert een betrouwbare vergelijking en prestatie-evaluatie onder gestandaardiseerde omstandigheden.<\/p>\n<hr class=\"\" data-start=\"2592\" data-end=\"2595\" \/>\n<h2 data-start=\"2597\" data-end=\"2790\">Kunststof film en blad COF testapparatuur<\/h2>\n<p class=\"\" data-start=\"2597\" data-end=\"2790\">Om nauwkeurige COF-tests uit te voeren, <strong data-start=\"2681\" data-end=\"2723\">testapparatuur voor wrijvingsco\u00ebffici\u00ebnt<\/strong> moet voldoen aan de ASTM D1894-vereisten. De testopstelling omvat:<\/p>\n<ol>\n<li data-start=\"2793\" data-end=\"2849\">A <strong data-start=\"2795\" data-end=\"2803\">slee<\/strong> omwikkeld met sponsrubber of bevestigde folie<\/li>\n<li data-start=\"2852\" data-end=\"2895\">A <strong data-start=\"2854\" data-end=\"2871\">vlak oppervlak<\/strong> met optionele verwarming<\/li>\n<li data-start=\"2898\" data-end=\"2952\">A <strong data-start=\"2900\" data-end=\"2916\">krachtsensor<\/strong> of meetcel voor weerstandsmeting<\/li>\n<li data-start=\"2955\" data-end=\"3023\">Temperatuurregelsysteem (bij testen onder niet-ambiente omstandigheden)<\/li>\n<\/ol>\n<div class=\"ast-oembed-container\" style=\"height: 100%;\"><iframe title=\"Wat is de testmethode voor wrijvingsco\u00ebffici\u00ebnt?\" width=\"500\" height=\"281\" src=\"https:\/\/www.youtube.com\/embed\/NUgXENOz8J0?feature=oembed\" frameborder=\"0\" allow=\"accelerometer; autoplay; clipboard-write; encrypted-media; gyroscope; picture-in-picture; web-share\" referrerpolicy=\"strict-origin-when-cross-origin\" allowfullscreen><\/iframe><\/div>\n<p class=\"\" data-start=\"3025\" data-end=\"3164\">De <strong data-start=\"3029\" data-end=\"3070\">COF-01 <a href=\"https:\/\/www.qualitester.com\/nl\/product\/coefficient-of-friction-tester-cof-01\/\">Wrijvingsco\u00ebffici\u00ebnt tester<\/a><\/strong> van <strong data-start=\"3076\" data-end=\"3096\">Cel Instrumenten<\/strong> is een ideale oplossing voor testen die voldoen aan ASTM D1894. Kenmerken:<\/p>\n<ul>\n<li data-start=\"3167\" data-end=\"3226\">Zeer nauwkeurige meetcellen voor zowel statische als kinetische COF<\/li>\n<li data-start=\"3229\" data-end=\"3277\">Digitale snelheidsregeling voor een gelijkmatige beweging<\/li>\n<li data-start=\"3280\" data-end=\"3351\">Aanpasbare slede- en vlakcombinaties voor verschillende materiaalsoorten<\/li>\n<li data-start=\"3354\" data-end=\"3422\">Optionele testoppervlakken met temperatuurregeling voor geavanceerde tests<\/li>\n<\/ul>\n<p class=\"\" data-start=\"3424\" data-end=\"3636\">De COF-01 ondersteunt <strong data-start=\"3444\" data-end=\"3506\">wrijvingsco\u00ebffici\u00ebnt testen voor plastic folie en platen<\/strong> in verschillende industrie\u00ebn, waaronder verpakking, voeding en farmaceutica, waardoor betrouwbare gegevens voor R&amp;D en productiecontrole worden gegarandeerd.<\/p>\n<hr class=\"\" data-start=\"3638\" data-end=\"3641\" \/>\n<h2 data-start=\"3643\" data-end=\"3726\">Beste praktijken voor ASTM D1894 testen<\/h2>\n<p class=\"\" data-start=\"3643\" data-end=\"3726\">Om nauwkeurige, herhaalbare resultaten te garanderen:<\/p>\n<ul>\n<li data-start=\"3729\" data-end=\"3779\">Gebruik folies met een consistente oppervlakteafwerking en leeftijd<\/li>\n<li data-start=\"3782\" data-end=\"3861\">Controleer de temperatuur van de testomgeving, vooral bij het evalueren van slipadditieven<\/li>\n<li data-start=\"3864\" data-end=\"3917\">Controleer of de slede en het vliegtuig schoon en vrij van defecten zijn<\/li>\n<li data-start=\"3920\" data-end=\"3992\">Vermijd te veel tijd tussen het opzetten van de slee en het starten van de beweging<\/li>\n<li data-start=\"3995\" data-end=\"4065\">De ori\u00ebntatie van de folie (machine- vs. dwarsrichting) consistent afstemmen<\/li>\n<\/ul>\n<p class=\"\" data-start=\"4067\" data-end=\"4279\">De <strong data-start=\"4071\" data-end=\"4094\">COF van plastic folie<\/strong> kan vari\u00ebren door blooming van slipadditieven, oppervlakteruwheid of veroudering door omgevingsinvloeden. Met een instrument van hoge kwaliteit zoals de COF-01 kunnen gebruikers zulke variabelen effectief opsporen.<\/p>\n<hr class=\"\" data-start=\"4281\" data-end=\"4284\" \/>\n<h2 data-start=\"4286\" data-end=\"4419\">Toepassingen van COF-gegevens in de industrie<\/h2>\n<p class=\"\" data-start=\"4286\" data-end=\"4419\">COF-metingen zijn meer dan alleen technische getallen: ze hebben invloed op echte toepassingen:<\/p>\n<ul>\n<li data-start=\"4422\" data-end=\"4501\">In <strong data-start=\"4425\" data-end=\"4454\">geautomatiseerde verpakkingslijnen<\/strong>, de juiste COF voorkomt vastlopen of verkeerde uitlijning<\/li>\n<li data-start=\"4504\" data-end=\"4577\">Voor <strong data-start=\"4508\" data-end=\"4538\">verpakking van consumentenproducten<\/strong>, de juiste slip zorgt voor gemakkelijk openen<\/li>\n<li data-start=\"4580\" data-end=\"4652\">In <strong data-start=\"4583\" data-end=\"4605\">drukprocessen<\/strong>, het helpt bij het controleren van de spanning van de baan en bij het stapelen<\/li>\n<li data-start=\"4655\" data-end=\"4770\"><strong data-start=\"4655\" data-end=\"4695\">Medische en farmaceutische bedrijven<\/strong> COF-gegevens gebruiken om de integriteit van de steriele barri\u00e8re en de hanteringseigenschappen te verifi\u00ebren<\/li>\n<\/ul>\n<p class=\"\" data-start=\"4772\" data-end=\"4960\">Of u nu de sealsnelheid optimaliseert, de transporteerbaarheid verbetert of de gebruikerservaring verbetert, de kennis van uw materiaal <strong data-start=\"4896\" data-end=\"4923\">wrijvingsco\u00ebffici\u00ebnt<\/strong> via ASTM D1894 is onmisbaar.<\/p>\n<hr class=\"\" data-start=\"4962\" data-end=\"4965\" \/>\n<h2 data-start=\"4967\" data-end=\"5259\">Waarom Cell Instruments kiezen voor uw COF-tests?<\/h2>\n<p class=\"\" data-start=\"4967\" data-end=\"5259\">Op <strong data-start=\"5026\" data-end=\"5046\">Cel Instrumenten<\/strong>, We zijn gespecialiseerd in oplossingen voor materiaaltesten die voldoen aan strenge internationale normen. Onze <strong data-start=\"5141\" data-end=\"5182\">COF-01 Wrijvingsco\u00ebffici\u00ebnt tester<\/strong> is op maat gemaakt voor de plastic film-, verpakkings- en folie-industrie. Het biedt:<\/p>\n<ul>\n<li data-start=\"5262\" data-end=\"5290\">ASTM D1894 volledige naleving<\/li>\n<li data-start=\"5293\" data-end=\"5333\">Eenvoudige bediening met intu\u00eftieve software<\/li>\n<li data-start=\"5336\" data-end=\"5376\">Betrouwbare herhaalbaarheid en gegevensuitvoer<\/li>\n<li data-start=\"5379\" data-end=\"5434\">Aangepaste oplossingen voor specifieke frictietestscenario's<\/li>\n<\/ul>\n<p class=\"\" data-start=\"5436\" data-end=\"5571\">We bieden ook <strong data-start=\"5452\" data-end=\"5477\">aangepaste automatisering<\/strong>, Temperatuurregeling en testopties voor films met meerdere lagen om te voldoen aan uw unieke testbehoeften.<\/p>\n<hr class=\"\" data-start=\"5573\" data-end=\"5576\" \/>\n<p class=\"\" data-start=\"5578\" data-end=\"5999\"><a href=\"https:\/\/www.astm.org\/d1894-24.html\" target=\"_blank\" rel=\"noopener nofollow\"><strong data-start=\"5595\" data-end=\"5609\">ASTM D1894<\/strong><\/a> speelt een essenti\u00eble rol in <strong data-start=\"5632\" data-end=\"5667\">wrijvingsco\u00ebffici\u00ebnt testen<\/strong> voor plastic films en platen. Van verpakkingen tot farmaceutische producten, inzicht in het glijgedrag zorgt voor materiaalprestaties, processtabiliteit en tevredenheid van de eindgebruiker. Met de <strong data-start=\"5846\" data-end=\"5878\">COF-01 van Cell Instruments<\/strong>, kunnen uw kwaliteitscontrole en R&amp;D uiterst effici\u00ebnt werken, ondersteund door nauwkeurige, gestandaardiseerde en herhaalbare COF-gegevens.<\/p>\n<hr class=\"\" data-start=\"6001\" data-end=\"6004\" \/>\n<h2 data-start=\"6006\" data-end=\"6179\"><strong data-start=\"6006\" data-end=\"6013\">FAQ<\/strong><\/h2>\n<p class=\"\" data-start=\"6006\" data-end=\"6179\"><strong data-start=\"6016\" data-end=\"6050\">V1: Wat test ASTM D1894?<\/strong><br data-start=\"6050\" data-end=\"6053\" \/>A1: ASTM D1894 test de statische en kinetische wrijvingsco\u00ebffici\u00ebnten van plastic folie en film om de glij-eigenschappen te evalueren.<\/p>\n<p class=\"\" data-start=\"6181\" data-end=\"6342\"><strong data-start=\"6181\" data-end=\"6226\">V2: Waarom is COF belangrijk in plastic folie?<\/strong><br data-start=\"6226\" data-end=\"6229\" \/>A2: De wrijvingsco\u00ebffici\u00ebnt be\u00efnvloedt de verwerking, verpakkingseffici\u00ebntie, afdichting en algemene productprestaties.<\/p>\n<p class=\"\" data-start=\"6344\" data-end=\"6514\"><strong data-start=\"6344\" data-end=\"6398\">V3: Welke materialen kunnen getest worden met ASTM D1894?<\/strong><br data-start=\"6398\" data-end=\"6401\" \/>A3: Verschillende plastic films en platen zoals polyethyleen, polypropyleen, PET en gelamineerde films kunnen getest worden.<\/p>\n<p class=\"\" data-start=\"6516\" data-end=\"6719\"><strong data-start=\"6516\" data-end=\"6580\">V4: Hoe vaak moeten COF-tests uitgevoerd worden in productie?<\/strong><br data-start=\"6580\" data-end=\"6583\" \/>A4: Idealiter wordt het regelmatig uitgevoerd tijdens de productie om de consistentie te controleren en te reageren op wijzigingen in de formulering of verwerking.<\/p>\n<p class=\"\" data-start=\"6721\" data-end=\"6913\"><strong data-start=\"6721\" data-end=\"6767\">V5: Kan COF vari\u00ebren met de tijd of met de omgeving?<\/strong><br data-start=\"6767\" data-end=\"6770\" \/>A5: Ja, factoren zoals blooming van additieven, oppervlaktevervuiling of veroudering kunnen de COF-waarden be\u00efnvloeden. Gecontroleerde tests zorgen voor een betrouwbare vergelijking.<\/p>","protected":false},"excerpt":{"rendered":"<p>ASTM D1894 Coefficient of Friction Testing Introduction In packaging and plastic film industries, evaluating how surfaces interact during contact is critical. That\u2019s where ASTM D1894, the standard test method for determining the coefficient of friction (COF) of plastic film and sheeting, plays a crucial role. This method is essential for ensuring smooth processing, handling, and &hellip;<\/p>\n<p class=\"read-more\"> <a class=\"\" href=\"https:\/\/www.qualitester.com\/nl\/standards\/astm-d1894\/\"> <span class=\"screen-reader-text\">ASTM D1894<\/span> Lees meer \"<\/a><\/p>","protected":false},"author":4,"featured_media":4010,"parent":4948,"menu_order":0,"comment_status":"closed","ping_status":"closed","template":"","meta":{"site-sidebar-layout":"default","site-content-layout":"default","ast-global-header-display":"","ast-main-header-display":"","ast-hfb-above-header-display":"","ast-hfb-below-header-display":"","ast-hfb-mobile-header-display":"","site-post-title":"disabled","ast-breadcrumbs-content":"","ast-featured-img":"disabled","footer-sml-layout":"","theme-transparent-header-meta":"default","adv-header-id-meta":"","stick-header-meta":"","header-above-stick-meta":"","header-main-stick-meta":"","header-below-stick-meta":"","footnotes":""},"class_list":["post-6677","page","type-page","status-publish","has-post-thumbnail","hentry"],"_links":{"self":[{"href":"https:\/\/www.qualitester.com\/nl\/wp-json\/wp\/v2\/pages\/6677","targetHints":{"allow":["GET"]}}],"collection":[{"href":"https:\/\/www.qualitester.com\/nl\/wp-json\/wp\/v2\/pages"}],"about":[{"href":"https:\/\/www.qualitester.com\/nl\/wp-json\/wp\/v2\/types\/page"}],"author":[{"embeddable":true,"href":"https:\/\/www.qualitester.com\/nl\/wp-json\/wp\/v2\/users\/4"}],"replies":[{"embeddable":true,"href":"https:\/\/www.qualitester.com\/nl\/wp-json\/wp\/v2\/comments?post=6677"}],"version-history":[{"count":0,"href":"https:\/\/www.qualitester.com\/nl\/wp-json\/wp\/v2\/pages\/6677\/revisions"}],"up":[{"embeddable":true,"href":"https:\/\/www.qualitester.com\/nl\/wp-json\/wp\/v2\/pages\/4948"}],"wp:featuredmedia":[{"embeddable":true,"href":"https:\/\/www.qualitester.com\/nl\/wp-json\/wp\/v2\/media\/4010"}],"wp:attachment":[{"href":"https:\/\/www.qualitester.com\/nl\/wp-json\/wp\/v2\/media?parent=6677"}],"curies":[{"name":"wp","href":"https:\/\/api.w.org\/{rel}","templated":true}]}}