{"id":6683,"date":"2025-06-03T15:41:39","date_gmt":"2025-06-03T07:41:39","guid":{"rendered":"https:\/\/www.qualitester.com\/?post_type=product&#038;p=6683"},"modified":"2025-06-03T15:51:24","modified_gmt":"2025-06-03T07:51:24","slug":"box-compression-test-machine","status":"publish","type":"product","link":"https:\/\/www.qualitester.com\/nb\/produkt-2\/box-compression-test-machine\/","title":{"rendered":"BCT-600 Box Compression Test Machine"},"content":{"rendered":"<article class=\"text-token-text-primary w-full\" dir=\"auto\" data-testid=\"conversation-turn-2\" data-scroll-anchor=\"true\">\n<div class=\"text-base my-auto mx-auto py-5 [--thread-content-margin:--spacing(4)] @[37rem]:[--thread-content-margin:--spacing(6)] @[72rem]:[--thread-content-margin:--spacing(16)] px-(--thread-content-margin)\">\n<div class=\"[--thread-content-max-width:32rem] @[34rem]:[--thread-content-max-width:40rem] @[64rem]:[--thread-content-max-width:48rem] mx-auto flex max-w-(--thread-content-max-width) flex-1 text-base gap-4 md:gap-5 lg:gap-6 group\/turn-messages focus-visible:outline-hidden\" tabindex=\"-1\">\n<div class=\"group\/conversation-turn relative flex w-full min-w-0 flex-col agent-turn\">\n<div class=\"relative flex-col gap-1 md:gap-3\">\n<div class=\"flex max-w-full flex-col grow\">\n<div class=\"min-h-8 text-message relative flex w-full flex-col items-end gap-2 text-start break-words whitespace-normal [.text-message+&amp;]:mt-5\" dir=\"auto\" data-message-author-role=\"assistant\" data-message-id=\"08f376dd-ec5f-4b94-bf17-6fe7cdf85fc2\" data-message-model-slug=\"gpt-4o\">\n<div class=\"flex w-full flex-col gap-1 empty:hidden first:pt-[3px]\">\n<div class=\"markdown prose dark:prose-invert w-full break-words light\">\n<h2 data-start=\"430\" data-end=\"957\">Forst\u00e5 rollen til en kompresjonstestmaskin for esker<\/h2>\n<p data-start=\"430\" data-end=\"957\">Den <a href=\"https:\/\/www.qualitester.com\/nb\/produkt-2\/box-compression-test-machine\/\"><strong data-start=\"497\" data-end=\"529\">boks kompresjonstest maskin<\/strong><\/a> spiller en viktig rolle n\u00e5r det gjelder \u00e5 sikre styrken og p\u00e5liteligheten til emballasjematerialer i ulike bransjer. I logistikk-, lager- og e-handelssektoren har emballasjens robusthet direkte innvirkning p\u00e5 produktsikkerhet og driftseffektivitet. Bruk av en <strong data-start=\"784\" data-end=\"816\">boks kompresjonstest maskin<\/strong> gj\u00f8r det mulig for produsenter \u00e5 evaluere trykkfastheten til emballasjen, noe som bidrar til \u00e5 redusere risikoen for skader og overholde internasjonale standarder.<\/p>\n<h2 data-start=\"959\" data-end=\"1228\">Bruksomr\u00e5der for Box Compression Test Machine<\/h2>\n<p data-start=\"959\" data-end=\"1228\">A <strong data-start=\"1016\" data-end=\"1048\">boks kompresjonstest maskin<\/strong> vurderer hvordan emballasjematerialer, for eksempel b\u00f8lgepappesker, plastbeholdere og trekasser, fungerer under trykkbelastning eller stablingstrykk. Viktige bruksomr\u00e5der inkluderer:<\/p>\n<ul data-start=\"1230\" data-end=\"1646\">\n<li data-start=\"1230\" data-end=\"1323\">\n<p data-start=\"1232\" data-end=\"1323\"><strong data-start=\"1232\" data-end=\"1267\">B\u00f8lgepappesker og trefiberplater<\/strong> - Vanlig i emballasje til e-handel, mat og drikke.<\/p>\n<\/li>\n<li data-start=\"1324\" data-end=\"1432\">\n<p data-start=\"1326\" data-end=\"1432\"><strong data-start=\"1326\" data-end=\"1358\">Beholdere og fat av plast<\/strong> - Uunnv\u00e6rlig i farmas\u00f8ytisk, kjemisk og daglig kjemisk industri.<\/p>\n<\/li>\n<li data-start=\"1433\" data-end=\"1537\">\n<p data-start=\"1435\" data-end=\"1537\"><strong data-start=\"1435\" data-end=\"1476\">Trekasser og komposittmaterialer<\/strong> - Mye brukt i tunge maskiner og bilemballasje.<\/p>\n<\/li>\n<li data-start=\"1538\" data-end=\"1646\">\n<p data-start=\"1540\" data-end=\"1646\"><strong data-start=\"1540\" data-end=\"1567\">FoU og kvalitetskontroll<\/strong> - Optimalisere materialtykkelse, validere design og bekrefte ytelse.<\/p>\n<\/li>\n<\/ul>\n<p data-start=\"1648\" data-end=\"1814\">Disse maskinene tjener <strong data-start=\"1669\" data-end=\"1696\">emballasjeprodusenter<\/strong>, <strong data-start=\"1698\" data-end=\"1729\">kvalitetskontrollbyr\u00e5er<\/strong>, og <strong data-start=\"1735\" data-end=\"1771\">tredjeparts testlaboratorier<\/strong>, og sikrer p\u00e5litelige og konsistente resultater.<\/p>\n<h2 data-start=\"1816\" data-end=\"1978\">Metoder for trykktesting av esker og viktigheten av dem<\/h2>\n<p data-start=\"1816\" data-end=\"1978\">Den <strong data-start=\"1876\" data-end=\"1908\">boks kompresjonstest maskin<\/strong> utf\u00f8rer flere kritiske testmodi for \u00e5 evaluere emballasjens integritet:<\/p>\n<ul>\n<li data-start=\"1982\" data-end=\"2262\"><strong data-start=\"1982\" data-end=\"2033\">Knus Tes<\/strong>t (Test av toppbelastning\/trykkfasthet)<br data-start=\"2033\" data-end=\"2036\" \/>Knusingstesten p\u00e5f\u00f8rer en jevnt \u00f8kende kraft helt til esken svikter eller deformeres betydelig. Den m\u00e5ler toppbelastningen og deformasjonen, og sikrer at eskene t\u00e5ler p\u00e5kjenningene ved h\u00e5ndtering og l\u00f8fting under frakt.<\/li>\n<li data-start=\"2266\" data-end=\"2535\">Stablingstest (konstant belastning over tid)<br data-start=\"2309\" data-end=\"2312\" \/>Denne testen opprettholder en spesifisert trykkbelastning over en bestemt tidsperiode for \u00e5 simulere virkelige stablingsforhold p\u00e5 lageret. Den m\u00e5ler langtidsytelsen og belyser effekten av materialkryping og gradvis deformasjon.<\/li>\n<li data-start=\"2539\" data-end=\"2833\">Test med fast deformasjon<br data-start=\"2565\" data-end=\"2568\" \/>Esken komprimeres til et forh\u00e5ndsdefinert deformasjonspunkt, og kraften som kreves for \u00e5 oppn\u00e5 eller opprettholde denne deformasjonen, registreres. Denne testen identifiserer hvordan emballasjematerialene oppf\u00f8rer seg ved spesifikke spenningsniv\u00e5er, og gir innsikt i stivhet og b\u00e6reevne.<\/li>\n<li data-start=\"2837\" data-end=\"3086\">Fast belastning (kryp)<strong data-start=\"2837\" data-end=\"2864\"> Test<\/strong><br data-start=\"2864\" data-end=\"2867\" \/>Ved \u00e5 p\u00e5f\u00f8re en konstant belastning over tid, kvantifiserer denne testen hvordan esken deformeres under kontinuerlig vekt. Den evaluerer holdbarheten p\u00e5 lang sikt og bidrar til \u00e5 sikre at emballasjen beholder sine dimensjoner under langvarig lagring.<\/li>\n<\/ul>\n<p data-start=\"3088\" data-end=\"3277\">Disse testene gir et omfattende bilde av emballasjens ytelse under ulike stresscenarioer, noe som er avgj\u00f8rende for \u00e5 opprettholde <strong data-start=\"3227\" data-end=\"3246\">produktkvalitet<\/strong> og <strong data-start=\"3251\" data-end=\"3276\">logistikkens p\u00e5litelighet<\/strong>.<\/p>\n<h2 data-start=\"3279\" data-end=\"3502\">Funksjoner og fordeler med Box Compression Test Machine<\/h2>\n<p data-start=\"3279\" data-end=\"3502\">Moderne <strong data-start=\"3350\" data-end=\"3383\">bokskompresjonstestmaskiner<\/strong> som BCT-600 er utstyrt med avanserte funksjoner som gir presise og konsistente resultater. Viktige funksjoner inkluderer:<\/p>\n<ul data-start=\"3504\" data-end=\"4190\">\n<li data-start=\"3504\" data-end=\"3580\">\n<p data-start=\"3506\" data-end=\"3580\"><strong data-start=\"3506\" data-end=\"3532\">7-tommers ber\u00f8ringsskjerm HMI<\/strong> med guidede arbeidsflyter og kurvevisning i sanntid.<\/p>\n<\/li>\n<li data-start=\"3581\" data-end=\"3654\">\n<p data-start=\"3583\" data-end=\"3654\"><strong data-start=\"3583\" data-end=\"3615\">Tre uavhengige testmodi<\/strong>-styrke, fast verdi og stabling.<\/p>\n<\/li>\n<li data-start=\"3655\" data-end=\"3740\">\n<p data-start=\"3657\" data-end=\"3740\"><strong data-start=\"3657\" data-end=\"3689\">Servosylinderdrevet bevegelse<\/strong> for n\u00f8yaktig platebevegelse ved variable hastigheter.<\/p>\n<\/li>\n<li data-start=\"3741\" data-end=\"3802\">\n<p data-start=\"3743\" data-end=\"3802\"><strong data-start=\"3743\" data-end=\"3769\">Innebygd mikroskriver<\/strong> for umiddelbare resultater p\u00e5 papir.<\/p>\n<\/li>\n<li data-start=\"3803\" data-end=\"3877\">\n<p data-start=\"3805\" data-end=\"3877\"><strong data-start=\"3805\" data-end=\"3826\">Automatisk datafangst<\/strong> med sanntidsvisning av kraft og deformasjon.<\/p>\n<\/li>\n<li data-start=\"3878\" data-end=\"3962\">\n<p data-start=\"3880\" data-end=\"3962\"><strong data-start=\"3880\" data-end=\"3901\">Sikkerhetssperrer<\/strong> og mekaniske endestopp for \u00e5 beskytte operat\u00f8rer og sensorer.<\/p>\n<\/li>\n<li data-start=\"3963\" data-end=\"4049\">\n<p data-start=\"3965\" data-end=\"4049\"><strong data-start=\"3965\" data-end=\"3988\">Ramme med h\u00f8y stivhet<\/strong> med fire kolonner for konsekvent justering av platen.<\/p>\n<\/li>\n<li data-start=\"4050\" data-end=\"4118\">\n<p data-start=\"4052\" data-end=\"4118\"><strong data-start=\"4052\" data-end=\"4082\">Presisjonsm\u00e5ling av last<\/strong> ved hjelp av avanserte lastcellesensorer.<\/p>\n<\/li>\n<li data-start=\"4119\" data-end=\"4190\">\n<p data-start=\"4121\" data-end=\"4190\"><strong data-start=\"4121\" data-end=\"4145\">Valgfri PC-programvare<\/strong> for dataeksport og omfattende rapportering.<\/p>\n<\/li>\n<\/ul>\n<p data-start=\"4192\" data-end=\"4298\">Disse funksjonene sikrer <strong data-start=\"4214\" data-end=\"4231\">p\u00e5litelige data<\/strong>, <strong data-start=\"4233\" data-end=\"4255\">repeterbare resultater<\/strong>, og <strong data-start=\"4261\" data-end=\"4275\">etterlevelse<\/strong> med globale standarder.<\/p>\n<h2 data-start=\"4300\" data-end=\"4712\">Overholdelse av globale standarder<\/h2>\n<p data-start=\"4300\" data-end=\"4712\">A <strong data-start=\"4341\" data-end=\"4373\">boks kompresjonstest maskin<\/strong> er utviklet for \u00e5 m\u00f8te en rekke <strong data-start=\"4405\" data-end=\"4440\">internasjonale teststandarder<\/strong>, inkludert:<br data-start=\"4452\" data-end=\"4455\" \/><a href=\"https:\/\/www.iso.org\/standard\/32410.html\" target=\"_blank\" rel=\"noopener nofollow\">ISO 2234<\/a>, ISO 12048, ISO 2874, ISO 2872, ASTM D642, ASTM D4169, TAPPI T804, JIS Z0212, GB\/T 4857.3, GB\/T 4857.4 og QB\/T 1047.<br data-start=\"4582\" data-end=\"4585\" \/>Dette sikrer at testprosessene dine er i tr\u00e5d med <strong data-start=\"4641\" data-end=\"4671\">referanser av h\u00f8yeste kvalitet<\/strong>, noe som gj\u00f8r det mulig \u00e5 konkurrere p\u00e5 det globale markedet.<\/p>\n<h2 style=\"text-align: center;\" data-start=\"4714\" data-end=\"5431\">Velge riktig kompresjonstestmaskin for esker<\/h2>\n<p style=\"text-align: center;\" data-start=\"4714\" data-end=\"5431\">For bransjer som er avhengige av trygg og sikker emballasje, er <strong data-start=\"4839\" data-end=\"4871\">boks kompresjonstest maskin<\/strong> er et uunnv\u00e6rlig verkt\u00f8y. Det validerer ikke bare <strong data-start=\"4924\" data-end=\"4948\">trykkfasthet<\/strong> av emballasjematerialer, men gir ogs\u00e5 viktig innsikt i hvordan de oppf\u00f8rer seg under stabling og langtidslagring.<br data-start=\"5065\" data-end=\"5068\" \/>P\u00e5 <strong data-start=\"5071\" data-end=\"5101\">Cell Instruments Co, Ltd.<\/strong>, er vi spesialister p\u00e5 produksjon av <strong data-start=\"5134\" data-end=\"5184\">h\u00f8ytytende bokskompresjonstestmaskiner<\/strong> skreddersydd til dine unike testbehov. Med avansert automatisering og robust design sikrer instrumentene v\u00e5re n\u00f8yaktig og effektiv emballasjevalidering for bransjer som spenner fra <strong data-start=\"5363\" data-end=\"5385\">mat og drikke<\/strong> til <strong data-start=\"5389\" data-end=\"5408\">legemidler<\/strong> og <strong data-start=\"5413\" data-end=\"5428\">elektronikk<\/strong>.<\/p>\n<p style=\"text-align: center;\" data-start=\"5433\" data-end=\"5591\" data-is-last-node=\"\" data-is-only-node=\"\"><strong data-start=\"5433\" data-end=\"5591\" data-is-last-node=\"\">Oppdag hvordan v\u00e5re maskiner for komprimeringstesting av esker kan heve emballasjestandardene dine og beskytte produktene dine mot skader. Kontakt oss i dag for \u00e5 l\u00e6re mer.<\/strong><\/p>\n<\/div>\n<\/div>\n<\/div>\n<\/div>\n<\/div>\n<\/div>\n<\/div>\n<\/div>\n<\/article>","protected":false},"excerpt":{"rendered":"<p>Understanding the Role of a Box Compression Test Machine The box compression test machine plays a vital role in ensuring the strength and reliability of packaging materials across various industries. In the logistics, warehousing, and e-commerce sectors, packaging resilience directly impacts product safety and operational efficiency. Using a box compression test machine allows manufacturers to &hellip;<\/p>\n<p class=\"read-more\"> <a class=\"\" href=\"https:\/\/www.qualitester.com\/nb\/produkt-2\/box-compression-test-machine\/\"> <span class=\"screen-reader-text\">BCT-600 Box Compression Test Machine<\/span> Les mer \"<\/a><\/p>","protected":false},"featured_media":6686,"comment_status":"closed","ping_status":"closed","template":"","meta":{"site-sidebar-layout":"default","site-content-layout":"default","ast-global-header-display":"","ast-main-header-display":"","ast-hfb-above-header-display":"","ast-hfb-below-header-display":"","ast-hfb-mobile-header-display":"","site-post-title":"","ast-breadcrumbs-content":"","ast-featured-img":"","footer-sml-layout":"","theme-transparent-header-meta":"default","adv-header-id-meta":"","stick-header-meta":"","header-above-stick-meta":"","header-main-stick-meta":"","header-below-stick-meta":""},"product_cat":[845,964,17,44],"product_tag":[],"class_list":{"0":"post-6683","1":"product","2":"type-product","3":"status-publish","4":"has-post-thumbnail","6":"product_cat-customization","7":"product_cat-box-compression-tester","8":"product_cat-package-container-testers","9":"product_cat-paper-and-board-testers","10":"desktop-align-left","11":"tablet-align-left","12":"mobile-align-left","14":"first","15":"instock","16":"shipping-taxable","17":"product-type-simple"},"_links":{"self":[{"href":"https:\/\/www.qualitester.com\/nb\/wp-json\/wp\/v2\/product\/6683","targetHints":{"allow":["GET"]}}],"collection":[{"href":"https:\/\/www.qualitester.com\/nb\/wp-json\/wp\/v2\/product"}],"about":[{"href":"https:\/\/www.qualitester.com\/nb\/wp-json\/wp\/v2\/types\/product"}],"replies":[{"embeddable":true,"href":"https:\/\/www.qualitester.com\/nb\/wp-json\/wp\/v2\/comments?post=6683"}],"version-history":[{"count":0,"href":"https:\/\/www.qualitester.com\/nb\/wp-json\/wp\/v2\/product\/6683\/revisions"}],"wp:featuredmedia":[{"embeddable":true,"href":"https:\/\/www.qualitester.com\/nb\/wp-json\/wp\/v2\/media\/6686"}],"wp:attachment":[{"href":"https:\/\/www.qualitester.com\/nb\/wp-json\/wp\/v2\/media?parent=6683"}],"wp:term":[{"taxonomy":"product_cat","embeddable":true,"href":"https:\/\/www.qualitester.com\/nb\/wp-json\/wp\/v2\/product_cat?post=6683"},{"taxonomy":"product_tag","embeddable":true,"href":"https:\/\/www.qualitester.com\/nb\/wp-json\/wp\/v2\/product_tag?post=6683"}],"curies":[{"name":"wp","href":"https:\/\/api.w.org\/{rel}","templated":true}]}}