{"id":6632,"date":"2025-04-27T15:48:37","date_gmt":"2025-04-27T07:48:37","guid":{"rendered":"https:\/\/www.qualitester.com\/?post_type=product&#038;p=6632"},"modified":"2025-04-27T15:49:57","modified_gmt":"2025-04-27T07:49:57","slug":"syringe-liquid-leakage-tester","status":"publish","type":"product","link":"https:\/\/www.qualitester.com\/nb\/produkt-2\/syringe-liquid-leakage-tester\/","title":{"rendered":"SPPT-01 Spr\u00f8ytelekkasjepr\u00f8vetester for v\u00e6skelekkasje"},"content":{"rendered":"<p class=\"\" data-start=\"314\" data-end=\"826\">V\u00e6skelekkasjetestere for spr\u00f8yter er et viktig verkt\u00f8y for \u00e5 garantere sikkerheten og p\u00e5liteligheten til spr\u00f8yter som brukes i medisinske applikasjoner. Disse instrumentene hjelper produsentene med \u00e5 oppdage lekkasje fra spr\u00f8yter under trykk, og sikrer at spr\u00f8ytene oppfyller de strenge standardene for funksjonalitet og sikkerhet, s\u00e6rlig innen helsevesenet og legemiddelindustrien.<\/p>\n<h3 class=\"\" data-start=\"4972\" data-end=\"5027\"><strong data-start=\"4976\" data-end=\"5027\">Cell Instruments\u2019 l\u00f8sning for lekkasjetesting av spr\u00f8yter<\/strong><\/h3>\n<p class=\"\" data-start=\"5029\" data-end=\"5331\">P\u00e5 <strong data-start=\"5032\" data-end=\"5052\">Cell Instruments<\/strong>, tilbyr vi <strong data-start=\"5067\" data-end=\"5121\">SPPT-01 Spr\u00f8ytelekkasjepr\u00f8vetester for v\u00e6skelekkasje<\/strong>, en sofistikert l\u00f8sning som er utviklet for \u00e5 hjelpe produsenter med \u00e5 utf\u00f8re lekkasjetester av spr\u00f8ytev\u00e6sker med presisjon og effektivitet. Denne testeren er i samsvar med<a href=\"https:\/\/www.qualitester.com\/nb\/produktkategori\/iso\/iso-7886-1\/\"> ISO 7886-1<\/a> og er utstyrt med avanserte funksjoner som f.eks:<\/p>\n<ul data-start=\"5333\" data-end=\"5767\">\n<li class=\"\" data-start=\"5333\" data-end=\"5435\">\n<p class=\"\" data-start=\"5335\" data-end=\"5435\"><strong data-start=\"5335\" data-end=\"5375\">PLS-styring og 7-tommers HMI-ber\u00f8ringsskjerm<\/strong>: Enkel betjening og presis kontroll av testprosessen.<\/p>\n<\/li>\n<li class=\"\" data-start=\"5436\" data-end=\"5517\">\n<p class=\"\" data-start=\"5438\" data-end=\"5517\"><strong data-start=\"5438\" data-end=\"5463\">Justerbar testhastighet<\/strong>: Gir fleksibilitet ved testing av ulike spr\u00f8ytetyper.<\/p>\n<\/li>\n<li class=\"\" data-start=\"5518\" data-end=\"5640\">\n<p class=\"\" data-start=\"5520\" data-end=\"5640\"><strong data-start=\"5520\" data-end=\"5537\">H\u00f8y n\u00f8yaktighet<\/strong>: Med en lastcelle p\u00e5 opptil 200 N og en n\u00f8yaktighet p\u00e5 0,01 mm sikrer testeren sv\u00e6rt p\u00e5litelige resultater.<\/p>\n<\/li>\n<li class=\"\" data-start=\"5641\" data-end=\"5767\">\n<p class=\"\" data-start=\"5643\" data-end=\"5767\"><strong data-start=\"5643\" data-end=\"5664\">Flere armaturer<\/strong>: Passer til forskjellige spr\u00f8ytest\u00f8rrelser og -typer, noe som gj\u00f8r den allsidig for ulike testbehov.<\/p>\n<\/li>\n<\/ul>\n<p class=\"\" data-start=\"5769\" data-end=\"5933\">Ved \u00e5 bruke <strong data-start=\"5778\" data-end=\"5830\">Cell Instruments\u2019 utstyr for lekkasjetesting av spr\u00f8yter<\/strong>, kan du v\u00e6re sikker p\u00e5 at spr\u00f8ytene dine oppfyller de h\u00f8yeste kvalitetsstandarder og best\u00e5r kritiske lekkasjetester.<\/p>\n<h3 class=\"\" data-start=\"828\" data-end=\"880\"><strong data-start=\"832\" data-end=\"880\">Forst\u00e5 testing av v\u00e6skelekkasje fra spr\u00f8yter<\/strong><\/h3>\n<p class=\"\" data-start=\"882\" data-end=\"1282\">Spr\u00f8ytelekkasjetestere er utviklet for \u00e5 kontrollere integriteten til spr\u00f8yter ved \u00e5 simulere de forholdene de utsettes for under bruk. Hovedform\u00e5let med disse testene er \u00e5 sikre at spr\u00f8ytene ikke lekker under trykk, noe som kan g\u00e5 p\u00e5 bekostning av ytelsen og pasientsikkerheten. Lekkasjetesting inneb\u00e6rer \u00e5 p\u00e5f\u00f8re trykk p\u00e5 spr\u00f8yten og kontrollere om det er lekkasje forbi stempelstopperforseglingen.<\/p>\n<p class=\"\" data-start=\"1284\" data-end=\"1701\">Den <strong data-start=\"1288\" data-end=\"1310\">ISO 7886-1-testing<\/strong> standarden er avgj\u00f8rende for produsenter n\u00e5r det gjelder \u00e5 evaluere lekkasje fra spr\u00f8yter. Den beskriver de riktige prosedyrene for testing av spr\u00f8yter for \u00e5 oppdage lekkasje som kan oppst\u00e5 p\u00e5 grunn av produksjonsfeil, skader eller feil forsegling. Den <strong data-start=\"1559\" data-end=\"1573\">ISO 7886-1<\/strong> Standarden spesifiserer metoder for testing av spr\u00f8ytens evne til \u00e5 opprettholde trykket og sikre at det ikke slipper ut v\u00e6ske under bruk.<\/p>\n<h3 class=\"\" data-start=\"1703\" data-end=\"1767\"><strong data-start=\"1707\" data-end=\"1767\">Metodikk for lekkasjetesting av spr\u00f8yter: En trinnvis prosess<\/strong><\/h3>\n<p class=\"\" data-start=\"1769\" data-end=\"1947\">Prosessen for <strong data-start=\"1785\" data-end=\"1809\">lekkasjetesting av spr\u00f8yter<\/strong> er relativt enkelt, men krever presist utstyr for \u00e5 garantere n\u00f8yaktige resultater. Her er en oversikt over de viktigste trinnene:<\/p>\n<ol data-start=\"1949\" data-end=\"3006\">\n<li class=\"\" data-start=\"1949\" data-end=\"2136\">\n<p class=\"\" data-start=\"1952\" data-end=\"2136\"><strong data-start=\"1952\" data-end=\"1975\">Fylle spr\u00f8yten<\/strong>: Spr\u00f8yten fylles med destillert vann til nominell kapasitet. Vannet b\u00f8r ha en temperatur p\u00e5 mellom 18 \u00b0C og 28 \u00b0C for \u00e5 unng\u00e5 avvik i testen.<\/p>\n<\/li>\n<li class=\"\" data-start=\"2138\" data-end=\"2275\">\n<p class=\"\" data-start=\"2141\" data-end=\"2275\"><strong data-start=\"2141\" data-end=\"2163\">Forsegling av munnstykket<\/strong>: N\u00e5r spr\u00f8ytemunnstykket er fylt, forsegles det med en egnet anordning som sikrer at ingen luft kan slippe ut under testen.<\/p>\n<\/li>\n<li class=\"\" data-start=\"2277\" data-end=\"2545\">\n<p class=\"\" data-start=\"2280\" data-end=\"2545\"><strong data-start=\"2280\" data-end=\"2307\">P\u00e5f\u00f8ring av sideveis kraft<\/strong>: En sideveis kraft p\u00e5f\u00f8res spr\u00f8ytestempelet i en rett vinkel mot stempelets bevegelse. Denne kraften p\u00e5f\u00f8res p\u00e5 en slik m\u00e5te at stempelet svinger radialt rundt stempelforseglingen, noe som skaper forhold som simulerer bruk i den virkelige verden.<\/p>\n<\/li>\n<li class=\"\" data-start=\"2547\" data-end=\"2782\">\n<p class=\"\" data-start=\"2550\" data-end=\"2782\"><strong data-start=\"2550\" data-end=\"2573\">Generering av trykk<\/strong>: Spr\u00f8yten utsettes for et trykk, vanligvis i omr\u00e5det 200 kPa til 300 kPa, for \u00e5 teste lekkasjemotstanden. Spr\u00f8yten m\u00e5 t\u00e5le trykket uten at v\u00e6ske slipper ut forbi proppforseglingen.<\/p>\n<\/li>\n<li class=\"\" data-start=\"2784\" data-end=\"3006\">\n<p class=\"\" data-start=\"2787\" data-end=\"3006\"><strong data-start=\"2787\" data-end=\"2813\">Inspeksjon for lekkasje<\/strong>: Etter \u00e5 ha opprettholdt trykket i 30 til 35 sekunder, unders\u00f8kes spr\u00f8yten n\u00f8ye for tegn p\u00e5 lekkasje. Hvis det observeres vann som lekker forbi proppen, best\u00e5r ikke spr\u00f8yten testen.<\/p>\n<\/li>\n<\/ol>\n<p class=\"\" data-start=\"3008\" data-end=\"3185\">Denne testmetoden sikrer at spr\u00f8ytene som produseres, oppfyller de n\u00f8dvendige sikkerhetsstandardene og er p\u00e5litelige i medisinske prosedyrer der lekkasje kan f\u00f8re til alvorlige problemer.<\/p>\n<h3 class=\"\" data-start=\"3187\" data-end=\"3233\"><strong data-start=\"3191\" data-end=\"3233\">Relevante standarder: ISO 7886-1 Testing<\/strong><\/h3>\n<p class=\"\" data-start=\"3235\" data-end=\"3664\">ISO 7886-1 spesifiserer kravene til sterile hypodermiske spr\u00f8yter beregnet for manuell bruk. Standarden inneholder en detaljert prosedyre for testing av spr\u00f8ytens ytelse under ulike forhold, inkludert test for v\u00e6skelekkasje ved spr\u00f8ytestemplet under kompresjon. Ved \u00e5 f\u00f8lge disse standardene kan produsentene sikre at produktene deres oppfyller globale sikkerhetskrav og er egnet for medisinsk bruk.<\/p>\n<p class=\"\" data-start=\"3666\" data-end=\"3704\"><strong data-start=\"3666\" data-end=\"3703\">Viktige aspekter ved ISO 7886-1-testing<\/strong>:<\/p>\n<ul data-start=\"3705\" data-end=\"4076\">\n<li class=\"\" data-start=\"3705\" data-end=\"3830\">\n<p class=\"\" data-start=\"3707\" data-end=\"3830\"><strong data-start=\"3707\" data-end=\"3727\">Testmilj\u00f8<\/strong>: Testen m\u00e5 utf\u00f8res under kontrollerte forhold, med spr\u00f8yten fylt med destillert vann.<\/p>\n<\/li>\n<li class=\"\" data-start=\"3831\" data-end=\"3948\">\n<p class=\"\" data-start=\"3833\" data-end=\"3948\"><strong data-start=\"3833\" data-end=\"3854\">Deteksjon av lekkasjer<\/strong>: Enhver lekkasje forbi stempelstopperen under de angitte testforholdene resulterer i feil.<\/p>\n<\/li>\n<li class=\"\" data-start=\"3949\" data-end=\"4076\">\n<p class=\"\" data-start=\"3951\" data-end=\"4076\"><strong data-start=\"3951\" data-end=\"3964\">Rapportering<\/strong>: Testresultatene m\u00e5 inneholde detaljer som spr\u00f8yteidentitet, nominell kapasitet og forekomst av lekkasje.<\/p>\n<\/li>\n<\/ul>\n<p class=\"\" data-start=\"4078\" data-end=\"4249\">ISO 7886-1-standarden bidrar til \u00e5 skape ensartethet og konsistens i spr\u00f8yteproduksjonen, noe som er avgj\u00f8rende for b\u00e5de produsenter og sluttbrukere p\u00e5 det medisinske omr\u00e5det.<\/p>\n<h3 class=\"\" data-start=\"4251\" data-end=\"4308\"><strong data-start=\"4255\" data-end=\"4308\">Fordelene med \u00e5 bruke en v\u00e6skelekkasjetester med spr\u00f8yte<\/strong><\/h3>\n<p class=\"\" data-start=\"4310\" data-end=\"4374\">Det er flere fordeler med \u00e5 bruke en v\u00e6skelekkasjetester med spr\u00f8yte:<\/p>\n<ul data-start=\"4376\" data-end=\"4970\">\n<li class=\"\" data-start=\"4376\" data-end=\"4592\">\n<p class=\"\" data-start=\"4378\" data-end=\"4592\"><strong data-start=\"4378\" data-end=\"4404\">Sikrer pasientsikkerheten<\/strong>: Ved \u00e5 oppdage eventuelle lekkasjer kan produsentene garantere at spr\u00f8ytene fungerer som tiltenkt under medisinske prosedyrer, noe som forhindrer ulykker og sikrer pasientsikkerheten.<\/p>\n<\/li>\n<li class=\"\" data-start=\"4593\" data-end=\"4805\">\n<p class=\"\" data-start=\"4595\" data-end=\"4805\"><strong data-start=\"4595\" data-end=\"4633\">Overholdelse av bransjestandarder<\/strong>: Ved \u00e5 f\u00f8lge ISO 7886-1-standarden sikrer vi at spr\u00f8ytene oppfyller internasjonale sikkerhets- og kvalitetsstandarder, noe som er avgj\u00f8rende for myndighetsgodkjenninger og markedsaksept.<\/p>\n<\/li>\n<li class=\"\" data-start=\"4806\" data-end=\"4970\">\n<p class=\"\" data-start=\"4808\" data-end=\"4970\"><strong data-start=\"4808\" data-end=\"4841\">Forebygging av kostbare feil<\/strong>: Ved \u00e5 teste spr\u00f8ytene for lekkasjer f\u00f8r de kommer p\u00e5 markedet, unng\u00e5r man kostbare tilbakekallinger og skader p\u00e5 produsentens omd\u00f8mme.<\/p>\n<\/li>\n<\/ul>\n<p class=\"\" data-start=\"5955\" data-end=\"6512\">Testing av v\u00e6skelekkasje fra spr\u00f8yter er en avgj\u00f8rende del av arbeidet med \u00e5 sikre at medisinske spr\u00f8yter fungerer trygt og p\u00e5litelig. Bruk av avansert testutstyr som <strong data-start=\"6114\" data-end=\"6168\">SPPT-01 Spr\u00f8ytelekkasjepr\u00f8vetester for v\u00e6skelekkasje<\/strong>\u00a0fra <strong data-start=\"6174\" data-end=\"6194\">Cell Instruments<\/strong> hjelper produsenter med \u00e5 oppfylle de krevende kravene i standarder som <a href=\"https:\/\/www.iso.org\/standard\/64790.html\" target=\"_blank\" rel=\"noopener nofollow\"><strong data-start=\"6268\" data-end=\"6282\">ISO 7886-1<\/strong><\/a>, og sikrer at spr\u00f8ytene deres er egnet til bruk i medisinske prosedyrer. Ved \u00e5 investere i kvalitetstestutstyr kan produsentene forbedre produktkvaliteten, \u00f8ke pasientsikkerheten og overholde internasjonale standarder.<\/p>","protected":false},"excerpt":{"rendered":"<p>V\u00e6skelekkasjetestere for spr\u00f8yter er et viktig verkt\u00f8y for \u00e5 garantere sikkerheten og p\u00e5liteligheten til spr\u00f8yter som brukes i medisinske applikasjoner. Disse instrumentene hjelper produsentene med \u00e5 oppdage lekkasje fra spr\u00f8yter under trykk, og sikrer at spr\u00f8ytene oppfyller de strenge standardene for funksjonalitet og sikkerhet, s\u00e6rlig innen helsevesenet og legemiddelindustrien.<\/p>","protected":false},"featured_media":6634,"comment_status":"closed","ping_status":"closed","template":"","meta":{"site-sidebar-layout":"default","site-content-layout":"default","ast-global-header-display":"","ast-main-header-display":"","ast-hfb-above-header-display":"","ast-hfb-below-header-display":"","ast-hfb-mobile-header-display":"","site-post-title":"","ast-breadcrumbs-content":"","ast-featured-img":"","footer-sml-layout":"","theme-transparent-header-meta":"default","adv-header-id-meta":"","stick-header-meta":"","header-above-stick-meta":"","header-main-stick-meta":"","header-below-stick-meta":""},"product_cat":[1053,845,675,95],"product_tag":[],"class_list":{"0":"post-6632","1":"product","2":"type-product","3":"status-publish","4":"has-post-thumbnail","6":"product_cat-iso-7886-1","7":"product_cat-customization","8":"product_cat-leak-tester","9":"product_cat-products","10":"desktop-align-left","11":"tablet-align-left","12":"mobile-align-left","14":"first","15":"instock","16":"shipping-taxable","17":"product-type-simple"},"_links":{"self":[{"href":"https:\/\/www.qualitester.com\/nb\/wp-json\/wp\/v2\/product\/6632","targetHints":{"allow":["GET"]}}],"collection":[{"href":"https:\/\/www.qualitester.com\/nb\/wp-json\/wp\/v2\/product"}],"about":[{"href":"https:\/\/www.qualitester.com\/nb\/wp-json\/wp\/v2\/types\/product"}],"replies":[{"embeddable":true,"href":"https:\/\/www.qualitester.com\/nb\/wp-json\/wp\/v2\/comments?post=6632"}],"version-history":[{"count":0,"href":"https:\/\/www.qualitester.com\/nb\/wp-json\/wp\/v2\/product\/6632\/revisions"}],"wp:featuredmedia":[{"embeddable":true,"href":"https:\/\/www.qualitester.com\/nb\/wp-json\/wp\/v2\/media\/6634"}],"wp:attachment":[{"href":"https:\/\/www.qualitester.com\/nb\/wp-json\/wp\/v2\/media?parent=6632"}],"wp:term":[{"taxonomy":"product_cat","embeddable":true,"href":"https:\/\/www.qualitester.com\/nb\/wp-json\/wp\/v2\/product_cat?post=6632"},{"taxonomy":"product_tag","embeddable":true,"href":"https:\/\/www.qualitester.com\/nb\/wp-json\/wp\/v2\/product_tag?post=6632"}],"curies":[{"name":"wp","href":"https:\/\/api.w.org\/{rel}","templated":true}]}}