{"id":6521,"date":"2025-02-27T16:21:52","date_gmt":"2025-02-27T08:21:52","guid":{"rendered":"https:\/\/www.qualitester.com\/?post_type=product&#038;p=6521"},"modified":"2025-02-27T16:43:52","modified_gmt":"2025-02-27T08:43:52","slug":"crumple-flex-tester-astm-f392","status":"publish","type":"product","link":"https:\/\/www.qualitester.com\/nb\/produkt-2\/crumple-flex-tester-astm-f392\/","title":{"rendered":"GFT Crumple Flex Tester"},"content":{"rendered":"<p data-start=\"1048\" data-end=\"1473\">Den <strong data-start=\"1052\" data-end=\"1075\">smuldre flex tester<\/strong> er utformet for \u00e5 simulere de mekaniske p\u00e5kjenningene som emballasjematerialer utsettes for n\u00e5r de b\u00f8yes, vris og trykkes sammen. Disse p\u00e5kjenningene f\u00f8rer ofte til b\u00f8yesprekker og perforeringer, noe som kan g\u00e5 p\u00e5 bekostning av emballasjens integritet og produktets sikkerhet. Testeren hjelper produsentene med \u00e5 m\u00e5le materialets motstandskraft mot disse p\u00e5kjenningene og evaluere ytelsen under gjentatte belastninger.<\/p>\n<p data-start=\"1475\" data-end=\"1883\">Det prim\u00e6re form\u00e5let med <strong data-start=\"1502\" data-end=\"1525\">smuldre flex tester<\/strong> er \u00e5 vurdere b\u00f8ybarheten til fleksible barrierematerialer, for eksempel plastfilmer, bestr\u00f8ket papir og laminater, som ofte brukes i emballasje. Testeren utsetter pr\u00f8vene for en kombinasjon av vridnings- og line\u00e6re kompresjonsbevegelser som simulerer de fysiske kreftene en emballasje kan bli utsatt for under h\u00e5ndtering, transport og distribusjon.<\/p>\n<h3 data-start=\"1890\" data-end=\"1934\">ASTM F392 og Gelbo Flex Test Method<\/h3>\n<p data-start=\"1936\" data-end=\"2310\">Den <a href=\"https:\/\/www.qualitester.com\/nb\/produktkategori\/astm\/astm-f392\/\" target=\"_blank\" rel=\"noopener\"><strong data-start=\"1940\" data-end=\"1953\">ASTM F392<\/strong><\/a> standarden \u201cStandard Test Method for Flex Durability of Flexible Barrier Materials\u201d, er referansen for evaluering av b\u00f8yebestandigheten til materialer som brukes i fleksibel emballasje. Krummeb\u00f8yningstesteren er i samsvar med denne standarden og bruker <strong data-start=\"2203\" data-end=\"2229\">Gelbo Flex-testmetode<\/strong> for \u00e5 kvantifisere hvor godt materialer motst\u00e5r skader n\u00e5r de utsettes for gjentatte b\u00f8yninger.<\/p>\n<p data-start=\"2312\" data-end=\"2729\">Den <strong data-start=\"2316\" data-end=\"2342\">Gelbo Flex-testmetode<\/strong> evaluerer materialets evne til \u00e5 motst\u00e5 b\u00f8ying over tid, noe som er avgj\u00f8rende for \u00e5 forhindre emballasjesvikt. Metoden inneb\u00e6rer at en pr\u00f8ve, vanligvis en film eller et belegg, b\u00f8yes gjentatte ganger gjennom en vridende og komprimerende bevegelse. Over tid kan denne b\u00f8yningen for\u00e5rsake mikroskopiske sprekker eller perforeringer, som testeren identifiserer, og som gir viktige data om materialets holdbarhet.<\/p>\n<h3 data-start=\"2736\" data-end=\"2773\">Slik fungerer Crumple Flex-testeren<\/h3>\n<p data-start=\"2775\" data-end=\"3163\">Krummeb\u00f8yningstesteren fungerer ved at en pr\u00f8ve, som vanligvis m\u00e5ler 200 mm x 280 mm, monteres p\u00e5 dorner. Disse dornene setter deretter i gang b\u00f8yeprosessen, som inneb\u00e6rer en vridningsbevegelse p\u00e5 440 grader over 90 mm av slaglengden, etterfulgt av horisontal kompresjon. Denne prosessen gjentas med en hastighet p\u00e5 45 sykluser i minuttet, slik at testeren kan simulere virkelige forhold n\u00f8yaktig.<\/p>\n<p data-start=\"3165\" data-end=\"3243\">Testeren tilbyr ulike testmodi basert p\u00e5 <strong data-start=\"3220\" data-end=\"3233\">ASTM F392<\/strong> standard:<\/p>\n<ul data-start=\"3245\" data-end=\"3476\">\n<li data-start=\"3245\" data-end=\"3294\"><strong data-start=\"3247\" data-end=\"3257\">Modus A<\/strong>: Full flex i 1 time (2 700 sykluser)<\/li>\n<li data-start=\"3295\" data-end=\"3346\"><strong data-start=\"3297\" data-end=\"3307\">Modus B<\/strong>: Full flex i 20 minutter (900 sykluser)<\/li>\n<li data-start=\"3347\" data-end=\"3397\"><strong data-start=\"3349\" data-end=\"3359\">Modus C<\/strong>: Full flex i 6 minutter (270 sykluser)<\/li>\n<li data-start=\"3398\" data-end=\"3435\"><strong data-start=\"3400\" data-end=\"3410\">Modus D<\/strong>: Full flex i 20 sykluser<\/li>\n<li data-start=\"3436\" data-end=\"3476\"><strong data-start=\"3438\" data-end=\"3448\">Modus E<\/strong>: Delvis b\u00f8y i 20 sykluser<\/li>\n<\/ul>\n<p data-start=\"3478\" data-end=\"3592\">Disse modusene gir fleksibilitet, slik at brukerne kan tilpasse testforholdene etter sine spesifikke behov.<\/p>\n<h3 data-start=\"3599\" data-end=\"3642\">Bruksomr\u00e5der for Crumple Flex Tester<\/h3>\n<p data-start=\"3644\" data-end=\"3767\">Den <strong data-start=\"3648\" data-end=\"3671\">smuldre flex tester<\/strong> er avgj\u00f8rende for produsenter i bransjer som er sv\u00e6rt avhengige av emballasjematerialer, som f.eks:<\/p>\n<ul data-start=\"3769\" data-end=\"4209\">\n<li data-start=\"3769\" data-end=\"3895\"><strong data-start=\"3771\" data-end=\"3784\">Emballasje<\/strong>: For \u00e5 sikre styrken og integriteten til fleksible barrierefilmer som brukes i mat-, drikkevare- og medisinsk emballasje.<\/li>\n<li data-start=\"3896\" data-end=\"4034\"><strong data-start=\"3898\" data-end=\"3923\">Plast og tekstiler<\/strong>: For \u00e5 teste holdbarheten til plastfilmer, laminater og tekstilbelegg som brukes i fleksibel emballasje.<\/li>\n<li data-start=\"4035\" data-end=\"4209\"><strong data-start=\"4037\" data-end=\"4070\">Legemidler og kosmetikk<\/strong>: For \u00e5 vurdere ytelsen til emballasjematerialer som m\u00e5 t\u00e5le gjentatte b\u00f8yninger uten at det g\u00e5r ut over sikkerheten til innholdet.<\/li>\n<\/ul>\n<p data-start=\"4211\" data-end=\"4431\">Produsenter kan for eksempel bruke testeren til \u00e5 evaluere ytelsen til filmer som brukes i medisinsk emballasje, for \u00e5 sikre at de ikke revner eller punkterer under distribusjon, noe som kan f\u00f8re til kontaminering eller \u00f8deleggelse.<\/p>\n<h2 data-start=\"4211\" data-end=\"4431\">Hovedparameter<\/h2>\n<p><a href=\"https:\/\/www.qualitester.com\/nb\/produkt-2\/gelbo-flex-tester-astm-f392\/\" target=\"_blank\" rel=\"noopener\"><span style=\"color: #1d3f99;\">Crumple Flex Tester - Hovedparameter<\/span><\/a><\/p>\n<h2 data-start=\"4211\" data-end=\"4431\">Teknisk funksjon<\/h2>\n<p><a href=\"https:\/\/www.qualitester.com\/nb\/produkt-2\/gelbo-flex-tester-astm-f392\/\" target=\"_blank\" rel=\"noopener\"><span style=\"color: #1d3f99;\">Crumple Flex Tester - Teknisk funksjon<\/span><\/a><\/p>\n<p data-start=\"5183\" data-end=\"5647\">Den <strong data-start=\"5187\" data-end=\"5210\">smuldre flex tester<\/strong> er et viktig verkt\u00f8y for \u00e5 teste b\u00f8ybarheten til materialer som brukes i fleksibel emballasje. Ved \u00e5 holde seg til <strong data-start=\"5324\" data-end=\"5337\">ASTM F392<\/strong> standard og bruk av <strong data-start=\"5361\" data-end=\"5387\">Gelbo Flex-testmetode<\/strong>, kan produsentene forsikre seg om at emballasjematerialene deres vil fungere p\u00e5litelig under virkelige forhold. Dette bidrar ikke bare til \u00e5 beskytte produktene, men ogs\u00e5 til \u00e5 sikre samsvar med bransjestandardene, noe som bidrar til \u00f8kt kundetilfredshet og sikkerhet.<\/p>\n<p data-start=\"5649\" data-end=\"5851\">For selskaper i emballasjebransjen er det viktig \u00e5 investere i en <strong data-start=\"5705\" data-end=\"5728\">smuldre flex tester<\/strong> fra Cell Instruments s\u00f8rger for at materialene dine gjennomg\u00e5r grundige tester, noe som forbedrer produktets p\u00e5litelighet og ytelse.<\/p>","protected":false},"excerpt":{"rendered":"<p data-start=\"379\" data-end=\"952\">I emballasjebransjen er det avgj\u00f8rende \u00e5 sikre materialenes holdbarhet for \u00e5 forhindre skader under transport og h\u00e5ndtering. Det <strong data-start=\"514\" data-end=\"537\">smuldre flex tester<\/strong> er et viktig instrument som brukes til \u00e5 vurdere b\u00f8ybarheten til materialer, inkludert filmer, kompositter og belegg. Ved \u00e5 simulere gjentatte p\u00e5kjenninger som emballasjematerialer utsettes for under distribusjon, hjelper denne testeren produsenter med \u00e5 sikre produktenes strukturelle integritet.<\/p>","protected":false},"featured_media":6524,"comment_status":"closed","ping_status":"closed","template":"","meta":{"site-sidebar-layout":"default","site-content-layout":"default","ast-global-header-display":"","ast-main-header-display":"","ast-hfb-above-header-display":"","ast-hfb-below-header-display":"","ast-hfb-mobile-header-display":"","site-post-title":"","ast-breadcrumbs-content":"","ast-featured-img":"","footer-sml-layout":"","theme-transparent-header-meta":"default","adv-header-id-meta":"","stick-header-meta":"","header-above-stick-meta":"","header-main-stick-meta":"","header-below-stick-meta":""},"product_cat":[845,977,16,107,95],"product_tag":[],"class_list":{"0":"post-6521","1":"product","2":"type-product","3":"status-publish","4":"has-post-thumbnail","6":"product_cat-customization","7":"product_cat-gelbo-flex-tester","8":"product_cat-plastic-packaging-testers","9":"product_cat-astm-f392","10":"product_cat-products","11":"desktop-align-left","12":"tablet-align-left","13":"mobile-align-left","15":"first","16":"instock","17":"shipping-taxable","18":"product-type-simple"},"_links":{"self":[{"href":"https:\/\/www.qualitester.com\/nb\/wp-json\/wp\/v2\/product\/6521","targetHints":{"allow":["GET"]}}],"collection":[{"href":"https:\/\/www.qualitester.com\/nb\/wp-json\/wp\/v2\/product"}],"about":[{"href":"https:\/\/www.qualitester.com\/nb\/wp-json\/wp\/v2\/types\/product"}],"replies":[{"embeddable":true,"href":"https:\/\/www.qualitester.com\/nb\/wp-json\/wp\/v2\/comments?post=6521"}],"version-history":[{"count":0,"href":"https:\/\/www.qualitester.com\/nb\/wp-json\/wp\/v2\/product\/6521\/revisions"}],"wp:featuredmedia":[{"embeddable":true,"href":"https:\/\/www.qualitester.com\/nb\/wp-json\/wp\/v2\/media\/6524"}],"wp:attachment":[{"href":"https:\/\/www.qualitester.com\/nb\/wp-json\/wp\/v2\/media?parent=6521"}],"wp:term":[{"taxonomy":"product_cat","embeddable":true,"href":"https:\/\/www.qualitester.com\/nb\/wp-json\/wp\/v2\/product_cat?post=6521"},{"taxonomy":"product_tag","embeddable":true,"href":"https:\/\/www.qualitester.com\/nb\/wp-json\/wp\/v2\/product_tag?post=6521"}],"curies":[{"name":"wp","href":"https:\/\/api.w.org\/{rel}","templated":true}]}}