{"id":5418,"date":"2024-11-19T11:08:52","date_gmt":"2024-11-19T03:08:52","guid":{"rendered":"https:\/\/www.qualitester.com\/?post_type=product&#038;p=5418"},"modified":"2024-12-05T15:47:38","modified_gmt":"2024-12-05T07:47:38","slug":"sale-melt-flow-index-tester","status":"publish","type":"product","link":"https:\/\/www.qualitester.com\/nb\/produkt-2\/sale-melt-flow-index-tester\/","title":{"rendered":"Tester for smelteindeks"},"content":{"rendered":"<h2><strong>Introduksjon til Melt Flow Index-testeren<\/strong><\/h2>\n<p>Den <strong>Tester for smelteindeks<\/strong> er et instrument med h\u00f8y presisjon som er utviklet for \u00e5 m\u00e5le smelteflytegenskapene til termoplastiske materialer under kontrollerte forhold. Ved \u00e5 bestemme smeltemassestr\u00f8mningshastigheten (MFR) og smeltevolumstr\u00f8mningshastigheten (MVR) gir denne testeren verdifull innsikt i polymerers bearbeidbarhet, noe som er avgj\u00f8rende for kvalitetskontroll, materialvalg og produksjonsoptimalisering. Enten den brukes i bilindustrien, farmas\u00f8ytisk industri, n\u00e6ringsmiddelindustrien eller elektronikkindustrien, sikrer Melt Flow Index Tester at materialene oppfyller spesifikke flyteegenskaper for p\u00e5litelig prosessering.<\/p>\n<h2><strong>Bruksomr\u00e5der for smelteflytindekstesteren<\/strong><\/h2>\n<p>Melt Flow Index Tester er mye brukt i bransjer som krever presis testing av polymermaterialer. Den er spesielt egnet for testing av <strong>teknisk plast<\/strong> med h\u00f8yt smeltepunkt, som f.eks. <strong>polyarylsulfon, nylon, fluorplast<\/strong>, og <strong>polyetylen<\/strong>, samt plast med lavere smeltepunkt, inkludert <strong>polypropylen<\/strong>, <strong>ABS<\/strong>, <strong>polystyren<\/strong>, og <strong>polyoksymetylen<\/strong>. Ved \u00e5 m\u00e5le str\u00f8mningshastigheten til disse materialene n\u00f8yaktig, kan produsentene sikre at plasten oppf\u00f8rer seg forutsigbart under bearbeiding og oppfyller produktspesifikasjonene.<\/p>\n<h3><strong>Industrier<\/strong>:<\/h3>\n<ul>\n<li><strong>Emballasje<\/strong>: Sikrer jevn materialflyt for emballasjefilmer og beholdere.<\/li>\n<li><strong>Bilindustrien<\/strong>: Verifiserer p\u00e5liteligheten til plast som brukes i kj\u00f8ret\u00f8ykomponenter.<\/li>\n<li><strong>Legemidler<\/strong>: Bekrefter konsistens i produksjonen av systemer for legemiddeladministrering.<\/li>\n<li><strong>Elektronikk<\/strong>: Tester flytegenskapene til materialer som brukes i elektroniske komponenter.<\/li>\n<li><strong>Medisinsk<\/strong>: Vurderer bearbeidbarheten til materialer for medisinsk utstyr.<\/li>\n<\/ul>\n<h2><strong>Testprinsipp<\/strong><\/h2>\n<p>Melt Flow Index Tester bestemmer smelteindeksens <strong>Massestr\u00f8mningshastighet for smelte (MFR)<\/strong> og <strong>Smeltevolum-gjennomstr\u00f8mningshastighet (MVR)<\/strong> ved \u00e5 ekstrudere smeltet materiale fra en oppvarmet sylinder gjennom en dyse med spesifisert lengde og diameter under forh\u00e5ndsinnstilte temperatur- og belastningsforhold.<\/p>\n<ul>\n<li><strong>MFR (Prosedyre A)<\/strong>: Denne metoden beregner ekstruderingshastigheten ved \u00e5 m\u00e5le vekten av ekstrudert materiale over en bestemt periode (vanligvis 10 minutter) i gram per 10 minutter (g\/10 min).<\/li>\n<li><strong>MVR (prosedyre B)<\/strong>: I denne metoden m\u00e5les stempelforskyvningen over en gitt tid eller avstand, noe som gir ekstruderingshastigheten i kubikkcentimeter per 10 minutter (cm\u00b3\/10 min).<\/li>\n<\/ul>\n<p>MVR kan konverteres til MFR, eller omvendt, hvis <strong>smeltetetthet<\/strong> av materialet ved testtemperaturen er kjent.<\/p>\n<h2><strong>ISO 1133 og ASTM D1238-standarder<\/strong><\/h2>\n<p>Melt Flow Index Tester er i samsvar med internasjonalt anerkjente standarder <strong>ISO 1133<\/strong> og <strong>ASTM D1238<\/strong>, noe som sikrer n\u00f8yaktige og reproduserbare resultater ved m\u00e5ling av flyteegenskapene til termoplast.<\/p>\n<ul>\n<li><a href=\"https:\/\/www.iso.org\/standard\/83905.html\" target=\"_blank\" rel=\"noopener nofollow\"><strong>ISO 1133-1<\/strong><\/a> og <a href=\"https:\/\/www.iso.org\/standard\/44274.html\" target=\"_blank\" rel=\"noopener nofollow\"><strong>ISO 1133-2<\/strong><\/a> spesifisere testmetoder for <strong>MFR<\/strong> og <strong>MVR<\/strong> besluttsomhet.<\/li>\n<li><a href=\"https:\/\/www.astm.org\/d1238-10.html\" target=\"_blank\" rel=\"noopener nofollow\"><strong>ASTM D1238<\/strong><\/a> gir retningslinjer for m\u00e5ling av smelteflyten til termoplastiske materialer under kontrollerte temperatur-, belastnings- og formforhold.<\/li>\n<\/ul>\n<p>Disse standardene er avgj\u00f8rende for \u00e5 sikre konsistens p\u00e5 tvers av ulike laboratorier, produsenter og bransjer.<\/p>\n<h2><strong>Testmetoder for MFR og MVR<\/strong><\/h2>\n<ul>\n<li><strong>Metode for massem\u00e5ling (MFR)<\/strong>: Denne testen veier ekstrudatet som produseres over et tidsbestemt intervall, og bruker disse dataene til \u00e5 beregne smelteflyten i gram per 10 minutter.<\/li>\n<li><strong>Metode for m\u00e5ling av forskyvning (MVR)<\/strong>: M\u00e5ler stempelets bevegelse og beregner ekstruderingshastigheten i kubikkcentimeter per 10 minutter.<\/li>\n<\/ul>\n<p><strong>Last- og temperaturkontroll<\/strong> er avgj\u00f8rende for \u00e5 sikre konsistente resultater. Melt Flow Index Tester kan brukes med flere belastningsalternativer, alt fra <strong>0,325 kg<\/strong> til <strong>21,6 kg<\/strong> avhengig av materialet som testes, og temperaturen styres n\u00f8yaktig slik at den samsvarer med teststandardene.<\/p>\n<h2><strong>Smelteflytindeks (MFR) og smeltevolum-str\u00f8mningshastighet (MVR)<\/strong><\/h2>\n<ul>\n<li><strong>MFR (smeltemassegjennomstr\u00f8mningshastighet)<\/strong>: MFR er hastigheten som et polymermateriale ekstruderes med gjennom en dyse under spesifiserte forhold med hensyn til belastning, temperatur og dysedimensjoner. MFR rapporteres i <strong>gram per 10 minutter<\/strong> (g\/10 min) eller <strong>desigram per minutt<\/strong> (dg\/min).<\/li>\n<li><strong>MVR (smeltevolum-gjennomstr\u00f8mningshastighet)<\/strong>: MVR m\u00e5ler volumet av ekstrudert materiale per tidsenhet (kubikkcentimeter per 10 minutter) og er spesielt nyttig n\u00e5r man har \u00e5 gj\u00f8re med materialer som ikke har en konstant smeltetetthet.<\/li>\n<\/ul>\n<p>Disse m\u00e5lingene er avgj\u00f8rende for at produsentene skal kunne avgj\u00f8re hvor lett plasten kan bearbeides, noe som p\u00e5virker bruken av den i ulike bruksomr\u00e5der, fra spr\u00f8ytest\u00f8ping til ekstrudering.<\/p>\n<h2><strong>Belastning i MFR- og MVR-testing<\/strong><\/h2>\n<p>Den <strong>belastning<\/strong> i MFR- og MVR-testing refererer til den kombinerte kraften som ut\u00f8ves av stempelet og eventuelle ekstra vekter. Denne kraften er avgj\u00f8rende for \u00e5 bestemme ekstruderingshastigheten til materialet under spesifikke forhold. Den <strong>nominelle belastninger<\/strong> brukes vanligvis til testing er <strong>0,325 kg, 1,200 kg, 2,160 kg, 3,800 kg, 5,000 kg, 10,000 kg<\/strong>, og <strong>21 600 kg<\/strong>. Riktig belastning velges ut fra materialets viskositet og de \u00f8nskede testforholdene.<\/p>\n<h2><strong>N\u00f8kkelegenskaper ved Melt Flow Index Tester<\/strong><\/h2>\n<ul>\n<li><strong>Presis temperaturkontroll<\/strong>: Justerbare varmeelementer sikrer n\u00f8yaktig og jevn temperaturkontroll for p\u00e5litelig testing av et bredt spekter av termoplaster.<\/li>\n<li><strong>Fleksible belastningsalternativer<\/strong>: Velg mellom en rekke nominelle vekter som passer til ulike materialer og testforhold.<\/li>\n<li><strong>Brukervennlig grensesnitt<\/strong>: Enkle kontroller gj\u00f8r Melt Flow Index Tester enkel \u00e5 betjene, noe som gir rask oppsett og n\u00f8yaktig testing.<\/li>\n<li><strong>Datalogging og rapportering<\/strong>: Gir n\u00f8yaktige MFR- og MVR-verdier, som kan logges og lagres for senere analyse eller kvalitetssikringsform\u00e5l.<\/li>\n<\/ul>\n<h2><strong>Hvorfor velge Cell Instruments\u2019 Melt Flow Index Tester?<\/strong><\/h2>\n<p>Cell Instruments\u2019 Melt Flow Index Tester er konstruert for \u00e5 gi den h\u00f8yeste grad av n\u00f8yaktighet og konsistens ved m\u00e5ling av MFR og MVR i henhold til ISO 1133- og ASTM D1238-standardene. Testerne v\u00e5re er utformet med tanke p\u00e5 holdbarhet og brukervennlighet, og har en robust konstruksjon og intuitive kontroller.<\/p>\n<h2><strong>Fordeler<\/strong>:<\/h2>\n<ul>\n<li><strong>N\u00f8yaktige resultater<\/strong>: Oppfyller internasjonale standarder for \u00e5 sikre presise str\u00f8mningsm\u00e5linger.<\/li>\n<li><strong>Tilpassbare alternativer<\/strong>: Kan konfigureres for et bredt spekter av polymerer og testkrav.<\/li>\n<li><strong>P\u00e5litelighet<\/strong>: Designet for kontinuerlig bruk i industri- og forskningsmilj\u00f8er.<\/li>\n<li><strong>Overholdelse av bransjestandarder<\/strong>: I samsvar med <strong>ISO 1133<\/strong> og <strong>ASTM D1238<\/strong>, noe som sikrer p\u00e5litelig og repeterbar testing.<\/li>\n<\/ul>\n<p>Melt Flow Index Tester er et viktig verkt\u00f8y for \u00e5 vurdere flyteegenskapene til termoplast, og sikrer at materialene oppfyller kravene til prosessering. Enten det gjelder kvalitetskontroll, materialforskning eller produksjonsoptimalisering, gir denne testeren p\u00e5litelige og n\u00f8yaktige resultater, i samsvar med <strong>ISO 1133<\/strong> og <strong>ASTM D1238<\/strong> standarder. Cell Instruments\u2019 Melt Flow Index Tester kan tilpasses og er brukervennlig, og er det ideelle valget for ethvert laboratorium eller produksjonsmilj\u00f8.<\/p>","protected":false},"excerpt":{"rendered":"<p>Den <strong>Tester for smelteindeks<\/strong> er et instrument med h\u00f8y presisjon som er utviklet for \u00e5 m\u00e5le smelteflytegenskapene til termoplastiske materialer under kontrollerte forhold. Ved \u00e5 bestemme smeltemassestr\u00f8mningshastigheten (MFR) og smeltevolumstr\u00f8mningshastigheten (MVR) gir denne testeren verdifull innsikt i polymerers bearbeidbarhet, noe som er avgj\u00f8rende for kvalitetskontroll, materialvalg og produksjonsoptimalisering. Enten den brukes i bilindustrien, farmas\u00f8ytisk industri, n\u00e6ringsmiddelindustrien eller elektronikkindustrien, sikrer Melt Flow Index Tester at materialene oppfyller spesifikke flyteegenskaper for p\u00e5litelig prosessering.<\/p>","protected":false},"featured_media":6307,"comment_status":"closed","ping_status":"closed","template":"","meta":{"site-sidebar-layout":"default","site-content-layout":"default","ast-global-header-display":"","ast-main-header-display":"","ast-hfb-above-header-display":"","ast-hfb-below-header-display":"","ast-hfb-mobile-header-display":"","site-post-title":"","ast-breadcrumbs-content":"","ast-featured-img":"","footer-sml-layout":"","theme-transparent-header-meta":"default","adv-header-id-meta":"","stick-header-meta":"","header-above-stick-meta":"","header-main-stick-meta":"","header-below-stick-meta":""},"product_cat":[1127,845,1126,1125,16,95],"product_tag":[],"class_list":{"0":"post-5418","1":"product","2":"type-product","3":"status-publish","4":"has-post-thumbnail","6":"product_cat-astm-d1238","7":"product_cat-customization","8":"product_cat-iso-1133-1","9":"product_cat-iso-1133-2","10":"product_cat-plastic-packaging-testers","11":"product_cat-products","12":"desktop-align-left","13":"tablet-align-left","14":"mobile-align-left","16":"first","17":"instock","18":"shipping-taxable","19":"product-type-simple"},"_links":{"self":[{"href":"https:\/\/www.qualitester.com\/nb\/wp-json\/wp\/v2\/product\/5418","targetHints":{"allow":["GET"]}}],"collection":[{"href":"https:\/\/www.qualitester.com\/nb\/wp-json\/wp\/v2\/product"}],"about":[{"href":"https:\/\/www.qualitester.com\/nb\/wp-json\/wp\/v2\/types\/product"}],"replies":[{"embeddable":true,"href":"https:\/\/www.qualitester.com\/nb\/wp-json\/wp\/v2\/comments?post=5418"}],"version-history":[{"count":0,"href":"https:\/\/www.qualitester.com\/nb\/wp-json\/wp\/v2\/product\/5418\/revisions"}],"wp:featuredmedia":[{"embeddable":true,"href":"https:\/\/www.qualitester.com\/nb\/wp-json\/wp\/v2\/media\/6307"}],"wp:attachment":[{"href":"https:\/\/www.qualitester.com\/nb\/wp-json\/wp\/v2\/media?parent=5418"}],"wp:term":[{"taxonomy":"product_cat","embeddable":true,"href":"https:\/\/www.qualitester.com\/nb\/wp-json\/wp\/v2\/product_cat?post=5418"},{"taxonomy":"product_tag","embeddable":true,"href":"https:\/\/www.qualitester.com\/nb\/wp-json\/wp\/v2\/product_tag?post=5418"}],"curies":[{"name":"wp","href":"https:\/\/api.w.org\/{rel}","templated":true}]}}