{"id":5335,"date":"2024-11-13T11:57:32","date_gmt":"2024-11-13T03:57:32","guid":{"rendered":"https:\/\/www.qualitester.com\/?post_type=product&#038;p=5335"},"modified":"2024-12-05T15:11:48","modified_gmt":"2024-12-05T07:11:48","slug":"sale-paper-vertical-tensile-tester","status":"publish","type":"product","link":"https:\/\/www.qualitester.com\/nb\/produkt-2\/sale-paper-vertical-tensile-tester\/","title":{"rendered":"TST-V vertikal strekkpr\u00f8vetester"},"content":{"rendered":"<h2><strong>Introduksjon til vertikal strekkpr\u00f8ving av papir<\/strong><\/h2>\n<p>Den <strong>Vertikal strekkpr\u00f8vetester for papir<\/strong> (TST-V) er et h\u00f8yspesialisert testinstrument som er utviklet for \u00e5 evaluere de mekaniske egenskapene til papirmaterialer, inkludert kartong, mykpapir og andre papirbaserte produkter. Instrumentet spiller en viktig rolle i papir- og emballasjeindustrien ved at det m\u00e5ler viktige egenskaper som strekkfasthet, forlengelse ved maksimal kraft, strekkenergiabsorpsjon og strekkstivhet. Ved \u00e5 bestemme disse egenskapene kan produsentene sikre at produktene deres oppfyller strenge ytelses- og kvalitetsstandarder, spesielt innen emballasje, medisin og n\u00e6ringsmidler.<\/p>\n<h2><strong>Testprinsipp for den vertikale strekkpr\u00f8vetesteren for papir<\/strong><\/h2>\n<p>TST-V fungerer ved at en pr\u00f8vebit strekkes med en konstant t\u00f8yningshastighet helt til den brekker. Under denne prosessen m\u00e5ler og registrerer instrumentet kontinuerlig strekkraften i forhold til forlengelsen av teststykket. Ut fra disse dataene kan <strong>strekkfasthet<\/strong>, <strong>forlengelse ved maksimal kraft<\/strong>, og <strong>absorpsjon av strekkenergi<\/strong> kan beregnes. Disse verdiene er avgj\u00f8rende for \u00e5 kunne vurdere materialets ytelse i virkelige bruksomr\u00e5der, for eksempel emballasjens holdbarhet, strekkbarhet og generelle styrke.<\/p>\n<hr \/>\n<h2><strong>ISO 1924 og dens relevans for papirtesting<\/strong><\/h2>\n<h3><strong>Oversikt over ISO 1924-standarder<\/strong><\/h3>\n<p>ISO 1924 er et sett med internasjonalt anerkjente standarder som gir retningslinjer for testing av strekkegenskapene til papir og papp. Ved \u00e5 f\u00f8lge disse standardene sikrer man konsistente og p\u00e5litelige resultater, noe som er avgj\u00f8rende for \u00e5 opprettholde kvalitetskontrollen i papirproduksjonen. ISO 1924 omfatter f\u00f8lgende hoveddeler:<\/p>\n<ul>\n<li><a href=\"https:\/\/www.iso.org\/standard\/6616.html\" target=\"_blank\" rel=\"noopener nofollow\"><strong>ISO 1924-1<\/strong><\/a>: Generelle prinsipper og definisjoner for strekkpr\u00f8ving av papir.<\/li>\n<li><a href=\"https:\/\/www.iso.org\/standard\/41397.html\" target=\"_blank\" rel=\"noopener nofollow\"><strong>ISO 1924-2<\/strong><\/a>: Metoder for bestemmelse av strekkfasthet og forlengelse av papir.<\/li>\n<li><a href=\"https:\/\/www.iso.org\/standard\/32206.html\" rel=\"nofollow noopener\" target=\"_blank\"><strong>ISO 1924-3<\/strong><\/a>: Retningslinjer for beregning av strekkindeks og energiabsorpsjonsindeks.<\/li>\n<\/ul>\n<p>Disse standardene er avgj\u00f8rende for at produsentene skal kunne sikre at papirproduktene deres oppfyller bransjens standarder for kvalitet og ytelse. Ved \u00e5 f\u00f8lge disse retningslinjene blir testresultatene globalt standardiserte, noe som gj\u00f8r det mulig for selskapene \u00e5 produsere materialer som er konsistente n\u00e5r det gjelder kvalitet og holdbarhet.<\/p>\n<h3><strong>Hvordan TST-V-modellen er i samsvar med ISO 1924<\/strong><\/h3>\n<p>Den <strong>TST-V Vertikal strekkpr\u00f8vetester for papir<\/strong> er fullt ut i samsvar med <strong>ISO 1924<\/strong> og gir n\u00f8yaktige, repeterbare m\u00e5linger i samsvar med internasjonale testprotokoller. Dette gj\u00f8r den til et ideelt valg for bedrifter i papir- og emballasjeindustrien som m\u00e5 oppfylle globale kvalitetsstandarder. Enten du tester strekkfasthet, bruddforlengelse eller energiabsorpsjon, s\u00f8rger TST-V for at resultatene dine er i samsvar med ISO-standardene for papirtesting.<\/p>\n<hr \/>\n<h2><strong>N\u00f8kkelegenskaper ved TST-V Paper Vertical Tensile Tester<\/strong><\/h2>\n<ul>\n<li><strong>Muligheter for presisjonstesting<\/strong>: TST-V er utstyrt med en <strong>presisjonsmekanisme med kuleledet skrue<\/strong>, og s\u00f8rger for at forlengelseshastigheten og forskyvningen styres med h\u00f8y n\u00f8yaktighet.<\/li>\n<li><strong>Brukervennlig betjening<\/strong>: Instrumentet er utstyrt med en <strong>7-tommers HMI-ber\u00f8ringsskjerm<\/strong>, Det intuitive og brukervennlige grensesnittet s\u00f8rger for s\u00f8ml\u00f8s betjening, selv for brukere med minimal erfaring.<\/li>\n<li><strong>Justerbar testhastighet<\/strong>: Testhastigheten er sv\u00e6rt justerbar, fra <strong>1 mm\/min til 500 mm\/min<\/strong>, slik at du kan tilpasse testprosessen etter materialets egenskaper.<\/li>\n<li><strong>Allsidig armaturkompatibilitet<\/strong>: TST-V er kompatibel med et bredt utvalg av fiksturer, slik at den kan h\u00e5ndtere ulike papirpr\u00f8ver, fra tynt silkepapir til tykkere kartong.<\/li>\n<li><strong>H\u00f8y stabilitet<\/strong>: Systemet fungerer med <strong>PLS-styring<\/strong>, Det sikrer stabil og p\u00e5litelig ytelse og minimerer feil under testing.<\/li>\n<li><strong>Automatiske funksjoner<\/strong>: Testeren er utstyrt med en begrensningsanordning og en automatisk returfunksjon, noe som \u00f8ker b\u00e5de sikkerheten og bekvemmeligheten under testing.<\/li>\n<li><strong>Valgfritt tilbeh\u00f8r<\/strong>: Ekstra tilbeh\u00f8r som mikroskriver og RS232-port med profesjonell programvare (tilleggsutstyr) gir ekstra fleksibilitet for dataanalyse og rapportering.<\/li>\n<\/ul>\n<hr \/>\n<h2><strong>Bruksomr\u00e5der for den vertikale strekkpr\u00f8vetesteren for papir<\/strong><\/h2>\n<p>Den <strong>TST-V Vertikal strekkpr\u00f8vetester for papir<\/strong> er ideell for bruk i bransjer der papiregenskaper er avgj\u00f8rende for produktenes ytelse. Blant bruksomr\u00e5dene er<\/p>\n<ul>\n<li><strong>Emballasjeindustrien<\/strong>: N\u00f8dvendig for \u00e5 teste holdbarheten og styrken til emballasjematerialer for \u00e5 sikre at de t\u00e5ler p\u00e5kjenninger under transport og h\u00e5ndtering.<\/li>\n<li><strong>Produksjon av silkepapir<\/strong>: Brukes til \u00e5 teste strekkfastheten og fleksibiliteten til mykpapirprodukter, noe som er avgj\u00f8rende for \u00e5 sikre kvalitet og brukertilfredshet.<\/li>\n<li><strong>Produksjon av papp<\/strong>: Bidrar til \u00e5 vurdere styrken og forlengelsen til papp, som brukes i emballasje- og beholderproduksjon.<\/li>\n<li><strong>Forskning og utvikling<\/strong>: Ideell for FoU-avdelinger som \u00f8nsker \u00e5 utvikle nye papirprodukter eller forbedre ytelsen til eksisterende materialer.<\/li>\n<\/ul>\n<hr \/>\n<h2><strong>Tekniske spesifikasjoner<\/strong><\/h2>\n<table>\n<tbody>\n<tr>\n<td style=\"text-align: center;\" colspan=\"2\" rowspan=\"1\" width=\"381\"><strong>TST-V vertikal strekkpr\u00f8vetester<\/strong><\/td>\n<\/tr>\n<tr>\n<td style=\"text-align: center;\" width=\"209\">M\u00e5leomr\u00e5de<\/td>\n<td style=\"text-align: center;\" width=\"172\">500N eller etter behov<\/td>\n<\/tr>\n<tr>\n<td style=\"text-align: center;\" width=\"209\">Forlengelsesomr\u00e5de<\/td>\n<td style=\"text-align: center;\" width=\"172\">800 mm<\/td>\n<\/tr>\n<tr>\n<td style=\"text-align: center;\" width=\"209\">Strekkhastighet<\/td>\n<td style=\"text-align: center;\" width=\"172\">1~500 mm\/min<\/td>\n<\/tr>\n<tr>\n<td style=\"text-align: center;\" width=\"209\">Test hastighetsn\u00f8yaktighet<\/td>\n<td style=\"text-align: center;\" width=\"172\">\u00b10,1 mm\/min<\/td>\n<\/tr>\n<tr>\n<td style=\"text-align: center;\" width=\"209\">Kraftn\u00f8yaktighet<\/td>\n<td style=\"text-align: center;\" width=\"172\">0,5% F.S.<\/td>\n<\/tr>\n<tr>\n<td style=\"text-align: center;\" width=\"209\">Kraftn\u00f8yaktighet<\/td>\n<td style=\"text-align: center;\" width=\"172\">\u00b10,1% (20~100%FS)<\/td>\n<\/tr>\n<tr>\n<td style=\"text-align: center;\" width=\"209\">Oppl\u00f8sning av deformasjoner<\/td>\n<td style=\"text-align: center;\" width=\"172\">\u22640,01 mm<\/td>\n<\/tr>\n<tr>\n<td style=\"text-align: center;\" width=\"209\">Innspenning av pr\u00f8ver<\/td>\n<td style=\"text-align: center;\" width=\"172\">Manuell<\/td>\n<\/tr>\n<tr>\n<td style=\"text-align: center;\" width=\"209\">Utvalgsst\u00f8rrelse<\/td>\n<td style=\"text-align: center;\" width=\"172\">1-25 mm<\/td>\n<\/tr>\n<tr>\n<td style=\"text-align: center;\" width=\"209\">Grensesnitt mellom menneske og maskin<\/td>\n<td style=\"text-align: center;\" width=\"172\">7 tommer ber\u00f8ringsskjerm<\/td>\n<\/tr>\n<tr>\n<td style=\"text-align: center;\" width=\"209\">Str\u00f8m<\/td>\n<td style=\"text-align: center;\" width=\"172\">AC 110~220V 50\/60Hz<\/td>\n<\/tr>\n<tr>\n<td style=\"text-align: center;\" colspan=\"2\" rowspan=\"1\" width=\"381\"><strong>Pr\u00f8veskj\u00e6rer (valgfritt)<\/strong><\/td>\n<\/tr>\n<tr>\n<td style=\"text-align: center;\" width=\"209\">Utvalgsst\u00f8rrelse<\/td>\n<td style=\"text-align: center;\" width=\"172\">15*300 mm<\/td>\n<\/tr>\n<tr>\n<td style=\"text-align: center;\" width=\"209\">Tykkelse p\u00e5 pr\u00f8ven<\/td>\n<td style=\"text-align: center;\" width=\"172\">0,1~1 mm<\/td>\n<\/tr>\n<tr>\n<td style=\"text-align: center;\" width=\"209\">Sides parallellitet<\/td>\n<td style=\"text-align: center;\" width=\"172\">\uff1c0,03 mm<\/td>\n<\/tr>\n<\/tbody>\n<\/table>\n<hr \/>\n<h2><strong>Viktige standarder overholdt<\/strong><\/h2>\n<p>Den <strong>TST-V Vertikal strekkpr\u00f8vetester for papir<\/strong> f\u00f8lger en rekke internasjonale standarder, noe som sikrer samsvar med bransjenormer og \u00f8ker p\u00e5liteligheten til testresultatene. Disse omfatter blant annet<\/p>\n<ul>\n<li><strong>ISO 1924-1<\/strong>, <strong>ISO 1924-2<\/strong>, <strong>ISO 1924-3<\/strong> (for strekkpr\u00f8ving av papir og papp)<\/li>\n<li><strong>ISO 12625-4<\/strong>, <strong>ISO 12625-5<\/strong> (for testing av silkepapir)<\/li>\n<li><strong>TAPPI T494<\/strong> (amerikansk standard for papirtesting)<\/li>\n<li><strong>GB\/T 12914<\/strong>, <strong>GB\/T 24328<\/strong> (ulike deler) (kinesiske standarder for papirtesting)<\/li>\n<\/ul>\n<hr \/>\n<h2><strong>Hvorfor velge TST-V Paper Vertical Tensile Tester?<\/strong><\/h2>\n<ul>\n<li><strong>N\u00f8yaktighet og p\u00e5litelighet<\/strong>: TST-V sikrer sv\u00e6rt n\u00f8yaktige m\u00e5linger av strekkegenskaper, noe som er avgj\u00f8rende for kvalitetskontroll og produktutvikling.<\/li>\n<li><strong>I samsvar med ISO 1924<\/strong>: Den er i full overensstemmelse med <strong>ISO 1924<\/strong>, og sikrer at testene dine oppfyller de globale bransjestandardene for papirtesting.<\/li>\n<li><strong>Brukervennlig grensesnitt<\/strong>: Den intuitive 7-tommers ber\u00f8ringsskjermen gj\u00f8r det enkelt \u00e5 betjene og administrere tester.<\/li>\n<li><strong>Tilpassbar og allsidig<\/strong>: Med justerbare testhastigheter, en rekke pr\u00f8vefiksturer og flere alternativer for datainnsamling er TST-V allsidig nok til \u00e5 h\u00e5ndtere en rekke ulike papirprodukter.<\/li>\n<\/ul>\n<hr \/>\n<h2><strong>Vanlige sp\u00f8rsm\u00e5l: Vertikal strekkpr\u00f8vetester for papir<\/strong><\/h2>\n<ol>\n<li><strong>Hva er hovedform\u00e5let med Paper Vertical Tensile Tester?<\/strong><br \/>\nTST-V m\u00e5ler strekkfasthet, forlengelse ved maksimal kraft og energiabsorpsjon for papir, kartong og mykpapirprodukter for \u00e5 vurdere deres mekaniske egenskaper.<\/li>\n<li><strong>Hvordan er ISO 1924 relatert til papirtesting?<\/strong><br \/>\nISO 1924 fastsetter internasjonale standarder for testing av strekkegenskapene til papir og papp, noe som sikrer at resultatene er konsistente, p\u00e5litelige og sammenlignbare p\u00e5 tvers av bransjer.<\/li>\n<li><strong>Hvilke typer materialer kan testes med TST-V?<\/strong><br \/>\nTST-V kan teste ulike papirmaterialer, inkludert kartong, mykpapir og andre papirbaserte produkter, med hensyn til strekkfasthet og fleksibilitet.<\/li>\n<li><strong>Hva er de viktigste funksjonene i TST-V-modellen?<\/strong><br \/>\nTST-V har PLS-styring, en 7-tommers ber\u00f8ringsskjerm, presisjonsmekanisme med kuleskruer, justerbare testhastigheter og kompatibilitet med ulike armaturer.<\/li>\n<li><strong>Hvilke standarder er TST-V i samsvar med?<\/strong><br \/>\nTST-V er i samsvar med <strong>ISO 1924<\/strong>, <strong>ISO 12625<\/strong>, <strong>TAPPI T494<\/strong>, og andre internasjonale standarder for papirtesting.<\/li>\n<\/ol>","protected":false},"excerpt":{"rendered":"<p>Den <strong>Vertikal strekkpr\u00f8vetester for papir<\/strong> (TST-V) er et h\u00f8yspesialisert testinstrument som er utviklet for \u00e5 evaluere de mekaniske egenskapene til papirmaterialer, inkludert kartong, mykpapir og andre papirbaserte produkter. Instrumentet spiller en viktig rolle i papir- og emballasjeindustrien ved at det m\u00e5ler viktige egenskaper som strekkfasthet, forlengelse ved maksimal kraft, strekkenergiabsorpsjon og strekkstivhet. Ved \u00e5 bestemme disse egenskapene kan produsentene sikre at produktene deres oppfyller strenge ytelses- og kvalitetsstandarder, spesielt innen emballasje, medisin og n\u00e6ringsmidler.<\/p>","protected":false},"featured_media":6283,"comment_status":"closed","ping_status":"closed","template":"","meta":{"site-sidebar-layout":"default","site-content-layout":"default","ast-global-header-display":"","ast-main-header-display":"","ast-hfb-above-header-display":"","ast-hfb-below-header-display":"","ast-hfb-mobile-header-display":"","site-post-title":"","ast-breadcrumbs-content":"","ast-featured-img":"","footer-sml-layout":"","theme-transparent-header-meta":"default","adv-header-id-meta":"","stick-header-meta":"","header-above-stick-meta":"","header-main-stick-meta":"","header-below-stick-meta":""},"product_cat":[845,953,956,955,1166,1167,1090,1163,1164,1165,954,957,958,952,959,1168,679,44,95],"product_tag":[],"class_list":{"0":"post-5335","1":"product","2":"type-product","3":"status-publish","4":"has-post-thumbnail","6":"product_cat-customization","7":"product_cat-bursting-tester","8":"product_cat-cobb-tester","9":"product_cat-crush-tester","10":"product_cat-iso-12625-4","11":"product_cat-iso-12625-5","12":"product_cat-iso-1924","13":"product_cat-iso-1924-1","14":"product_cat-iso-1924-2","15":"product_cat-iso-1924-3","16":"product_cat-paper-tear-tester","17":"product_cat-plybond-tester","18":"product_cat-puncture-tester","19":"product_cat-rub-tester","20":"product_cat-stiffness-tester","21":"product_cat-tappi-t494","22":"product_cat-tensile-tester","23":"product_cat-paper-and-board-testers","24":"product_cat-products","25":"desktop-align-left","26":"tablet-align-left","27":"mobile-align-left","29":"first","30":"instock","31":"shipping-taxable","32":"product-type-simple"},"_links":{"self":[{"href":"https:\/\/www.qualitester.com\/nb\/wp-json\/wp\/v2\/product\/5335","targetHints":{"allow":["GET"]}}],"collection":[{"href":"https:\/\/www.qualitester.com\/nb\/wp-json\/wp\/v2\/product"}],"about":[{"href":"https:\/\/www.qualitester.com\/nb\/wp-json\/wp\/v2\/types\/product"}],"replies":[{"embeddable":true,"href":"https:\/\/www.qualitester.com\/nb\/wp-json\/wp\/v2\/comments?post=5335"}],"version-history":[{"count":0,"href":"https:\/\/www.qualitester.com\/nb\/wp-json\/wp\/v2\/product\/5335\/revisions"}],"wp:featuredmedia":[{"embeddable":true,"href":"https:\/\/www.qualitester.com\/nb\/wp-json\/wp\/v2\/media\/6283"}],"wp:attachment":[{"href":"https:\/\/www.qualitester.com\/nb\/wp-json\/wp\/v2\/media?parent=5335"}],"wp:term":[{"taxonomy":"product_cat","embeddable":true,"href":"https:\/\/www.qualitester.com\/nb\/wp-json\/wp\/v2\/product_cat?post=5335"},{"taxonomy":"product_tag","embeddable":true,"href":"https:\/\/www.qualitester.com\/nb\/wp-json\/wp\/v2\/product_tag?post=5335"}],"curies":[{"name":"wp","href":"https:\/\/api.w.org\/{rel}","templated":true}]}}