{"id":5301,"date":"2024-11-12T16:58:37","date_gmt":"2024-11-12T08:58:37","guid":{"rendered":"https:\/\/www.qualitester.com\/?post_type=product&#038;p=5301"},"modified":"2024-12-05T11:16:30","modified_gmt":"2024-12-05T03:16:30","slug":"sale-paper-tearing-tester-manufacturer","status":"publish","type":"product","link":"https:\/\/www.qualitester.com\/nb\/produkt-2\/sale-paper-tearing-tester-manufacturer\/","title":{"rendered":"SLD-02 Rivetester"},"content":{"rendered":"<h2><strong>Introduksjon av Paper Tearing Tester<\/strong><\/h2>\n<p>Den <strong>SLD-02 Papirrivetester<\/strong> fra Cell Instruments er utviklet for \u00e5 levere presise og p\u00e5litelige m\u00e5linger av rivestyrke p\u00e5 en lang rekke materialer, inkludert papir, papp, tekstiler, l\u00e6r og plastfilmer. Den er bygget med avanserte funksjoner og er i samsvar med ledende industristandarder, blant annet <strong>ASTM D689<\/strong>, Denne testeren er uunnv\u00e6rlig for bransjer som prioriterer kvalitetskontroll, fra emballasje og trykking til medisinsk utstyr og forbruksvarer. Med dette verkt\u00f8yet kan du sikre at materialene dine oppfyller strenge krav til rivemotstand, noe som bidrar til \u00e5 opprettholde produktenes holdbarhet og kvalitet.<\/p>\n<h2><strong>N\u00f8kkelegenskaper ved SLD-02 Paper Tearing Tester<\/strong><\/h2>\n<ul>\n<li><strong>Bred anvendelse<\/strong>: SLD-02 Paper Tearing Tester g\u00e5r lenger enn bare \u00e5 teste papir og papp, og tilbyr rivestyrketesting av arkmaterialer som tekstiler, l\u00e6r, plastfilmer og til og med metallfolier, noe som gj\u00f8r den ideell for ulike kvalitetskontrollapplikasjoner.<\/li>\n<li><strong>Innovativ design<\/strong>: SLD-02 er konstruert for n\u00f8yaktighet og har en pendelmekanisme og et pneumatisk klemmesystem for \u00e5 sikre konsistente, repeterbare resultater.<\/li>\n<li><strong>Tekniske spesifikasjoner<\/strong>: Dette instrumentet har en rekke funksjoner som \u00f8ker p\u00e5liteligheten og brukervennligheten:\n<ul>\n<li><strong>Kjevebredde<\/strong>: 74,8 mm, egnet for pr\u00f8vest\u00f8rrelser p\u00e5 63 \u00d7 76 mm eller 63 \u00d7 50 mm.<\/li>\n<li><strong>Automatisk tilbakestilling<\/strong>: Pendelen tilbakestilles automatisk etter hver test, noe som forenkler testprosessen.<\/li>\n<li><strong>Brukervennlig grensesnitt<\/strong>: Den 5-tommers ber\u00f8ringsskjermen i farger har et enkelt og intuitivt grensesnitt for smidig betjening.<\/li>\n<li><strong>Pneumatisk fastspenning av pr\u00f8ver<\/strong>: Reduserer menneskelige feil og sikrer konsekvent pr\u00f8veplassering.<\/li>\n<li><strong>Flere pendelkapasiteter<\/strong>: Ulike kapasiteter gj\u00f8r det mulig \u00e5 teste en rekke bruksomr\u00e5der, med ulike materialtyper og styrker.<\/li>\n<li><strong>Luftfilter\/regulator<\/strong>: Opprettholder komponentenes integritet og forlenger testerens levetid ved \u00e5 filtrere luftforurensninger.<\/li>\n<\/ul>\n<\/li>\n<\/ul>\n<h2><strong>Slik fungerer papirrivetesteren<\/strong><\/h2>\n<ul>\n<li><strong>Testprosessen<\/strong>: SLD-02 Paper Tearing Tester fungerer med en presis mekanisme som leverer standardisert rivetesting:\n<ol>\n<li>En skj\u00e6rekniv lager en 43 mm lang spalte fra den ytterste kanten av pr\u00f8ven.<\/li>\n<li>N\u00e5r pendelmekanismen er utl\u00f8st, bruker den tyngdekraften til \u00e5 forflytte spalten og rive pr\u00f8ven langs den gjenv\u00e6rende lengden.<\/li>\n<li>Energien som g\u00e5r tapt under denne prosessen, m\u00e5les og brukes til \u00e5 beregne pr\u00f8vens gjennomsnittlige rivekraft, noe som gir en p\u00e5litelig verdi for rivemotstanden.<\/li>\n<\/ol>\n<\/li>\n<\/ul>\n<h2><strong>Overholdelse av viktige standarder (inkludert ASTM D689)<\/strong><\/h2>\n<ul>\n<li><strong>Oversikt over standarder<\/strong>: SLD-02 Tear Tester er i samsvar med en rekke internasjonale standarder, noe som sikrer at den oppfyller strenge testkrav:\n<ul>\n<li><a href=\"https:\/\/www.astm.org\/d1922-15r20.html\" target=\"_blank\" rel=\"noopener nofollow\"><strong>ASTM D1922<\/strong><\/a>: Testing av plastens rivestyrke.<\/li>\n<li><a href=\"https:\/\/www.astm.org\/d1424-09r19.html\" target=\"_blank\" rel=\"noopener nofollow\"><strong>ASTM D1424<\/strong><\/a>: Standard for m\u00e5ling av rivestyrke for tekstiler.<\/li>\n<li><a href=\"https:\/\/www.astm.org\/d0689-17.html\" target=\"_blank\" rel=\"noopener nofollow\"><strong>ASTM D689<\/strong><\/a>: En spesifikk standard for m\u00e5ling av rivestyrken til papir og papp, avgj\u00f8rende for kvalitetskontroll av emballasje.<\/li>\n<li><strong>ISO 6383 OG ISO 1974<\/strong>: Internasjonale standarder for rivestyrke.<\/li>\n<li><strong>TAPPI T414<\/strong>: Teststandard for rivemotstand for papir, mye brukt i papirindustrien.<\/li>\n<\/ul>\n<\/li>\n<li><strong>Fokus p\u00e5 ASTM D689<\/strong>: ASTM D689 er en viktig standard for m\u00e5ling av rivestyrke i papir- og pappmaterialer, som sikrer at produkter som emballasje oppfyller kvalitetskravene. Denne standarden beskriver spesifikke metoder for testing av rivestyrke, noe som \u00f8ker n\u00f8yaktigheten og p\u00e5liteligheten, spesielt i kvalitetskontrollapplikasjoner. Ved \u00e5 oppfylle ASTM D689 gir SLD-02 resultater du kan stole p\u00e5, noe som gj\u00f8r det enklere \u00e5 overholde bransjenormer.<\/li>\n<\/ul>\n<h2><strong>Tekniske parametere for papirrivetesteren<\/strong><\/h2>\n<table>\n<tbody>\n<tr>\n<td style=\"text-align: center;\" width=\"167\">Testomr\u00e5de (mN)<\/td>\n<td style=\"text-align: center;\" width=\"167\">10~8000,8000~16000<\/td>\n<\/tr>\n<tr>\n<td style=\"text-align: center;\" width=\"167\">Gasskilde<\/td>\n<td style=\"text-align: center;\" width=\"167\">0,6 MPa<\/td>\n<\/tr>\n<tr>\n<td style=\"text-align: center;\" width=\"167\">Rivearm<\/td>\n<td style=\"text-align: center;\" width=\"167\">104 \u00b1 1 mm<\/td>\n<\/tr>\n<tr>\n<td style=\"text-align: center;\" width=\"167\">Innledende rivevinkel<\/td>\n<td style=\"text-align: center;\" width=\"167\">27.5 \u00b10.5\u00b0<\/td>\n<\/tr>\n<tr>\n<td style=\"text-align: center;\" width=\"167\">N\u00f8yaktighet<\/td>\n<td style=\"text-align: center;\" width=\"167\">0,01 mN<\/td>\n<\/tr>\n<tr>\n<td style=\"text-align: center;\" width=\"167\">Skj\u00e6respalte<\/td>\n<td style=\"text-align: center;\" width=\"167\">20 mm<\/td>\n<\/tr>\n<tr>\n<td style=\"text-align: center;\" width=\"167\">Klemmeoverflate<\/td>\n<td style=\"text-align: center;\" width=\"167\">\u226525*15mm<\/td>\n<\/tr>\n<tr>\n<td style=\"text-align: center;\" width=\"167\">Utvalgsst\u00f8rrelse<\/td>\n<td style=\"text-align: center;\" width=\"167\">63*50 mm<\/td>\n<\/tr>\n<tr>\n<td style=\"text-align: center;\" width=\"167\">Tykkelse p\u00e5 klemme<\/td>\n<td style=\"text-align: center;\" width=\"167\">2,8\u00b10,3 mm<\/td>\n<\/tr>\n<tr>\n<td style=\"text-align: center;\" width=\"167\">Str\u00f8m<\/td>\n<td style=\"text-align: center;\" width=\"167\">220 V 50 Hz<\/td>\n<\/tr>\n<\/tbody>\n<\/table>\n<h2><strong>Fordeler med SLD-02 Paper Tearing Tester<\/strong><\/h2>\n<ul>\n<li><strong>Forbedret p\u00e5litelighet<\/strong>: Det pneumatiske klemmesystemet minimerer feil fra manuell h\u00e5ndtering, noe som f\u00f8rer til konsistente og n\u00f8yaktige resultater.<\/li>\n<li><strong>Brukervennlig design<\/strong>: Den 5-tommers ber\u00f8ringsskjermen forenkler betjeningen og gir en intuitiv brukeropplevelse som st\u00f8tter effektiv testing.<\/li>\n<li><strong>Fleksible testalternativer<\/strong>: Flere pendelkapasiteter gj\u00f8r det mulig \u00e5 teste ulike materialer, fra lett papir til robuste tekstiler og filmer.<\/li>\n<li><strong>Holdbarhet og vedlikehold<\/strong>: Et integrert luftfilter og regulator forlenger levetiden til pneumatiske komponenter, noe som reduserer nedetid og vedlikeholdskostnader.<\/li>\n<\/ul>\n<h2><strong>Bruksomr\u00e5der for papirrivetesteren<\/strong><\/h2>\n<p>SLD-02 Paper Tearing Tester brukes i ulike bransjer der rivestyrke er en kritisk kvalitetsfaktor:<\/p>\n<ul>\n<li><strong>Emballasje<\/strong>: Sikrer at papir- og pappemballasjen er holdbar nok for transport og h\u00e5ndtering.<\/li>\n<li><strong>Medisinsk og farmas\u00f8ytisk<\/strong>: St\u00f8tter h\u00f8ye standarder for emballasjematerialer for \u00e5 sikre produktintegritet.<\/li>\n<li><strong>Tekstiler og plast<\/strong>: Kontrollerer rivestyrken til tekstiler, l\u00e6r og plastfilmer, og opprettholder kvalitetsstandarder p\u00e5 tvers av produksjonsprosesser.<\/li>\n<li><strong>Kvalitetskontrollbyr\u00e5er<\/strong>: Gir n\u00f8yaktige rivem\u00e5linger, noe som hjelper organisasjoner med \u00e5 overholde forskriftsmessige standarder for materialstyrke og p\u00e5litelighet.<\/li>\n<\/ul>\n<h2><strong>Vanlige sp\u00f8rsm\u00e5l om papirrivetesteren og ASTM D689<\/strong><\/h2>\n<ol>\n<li><strong>Hva er ASTM D689, og hvorfor er den viktig for rivetesting?<\/strong><br \/>\n<a href=\"https:\/\/www.qualitester.com\/nb\/produktkategori\/astm\/astm-d689\/\">ASTM D689<\/a> er en standard som definerer testmetoder for m\u00e5ling av rivemotstanden til papir og papp. Den sikrer at testresultatene er konsistente og p\u00e5litelige, noe som er avgj\u00f8rende for kvalitetskontrollen i bransjer som er avhengige av rivebestandig emballasje.<\/li>\n<li><strong>Hvordan forbedrer det pneumatiske klemmesystemet testn\u00f8yaktigheten?<\/strong><br \/>\nVed \u00e5 feste pr\u00f8vene pneumatisk reduserer SLD-02 variasjonen i menneskelig h\u00e5ndtering og gir et stabilt grep som forhindrer at pr\u00f8vene sklir, noe som sikrer konsistente og n\u00f8yaktige testresultater.<\/li>\n<li><strong>Kan SLD-02 teste andre materialer enn papir?<\/strong><br \/>\nJa, SLD-02 er allsidig nok til \u00e5 teste ulike arkmaterialer, inkludert tekstiler, l\u00e6r og plastfilmer, og dekker dermed et bredt spekter av kvalitetskontrollbehov.<\/li>\n<li><strong>Hva er betydningen av flere pendelkapasiteter?<\/strong><br \/>\nSLD-02 har ulike pendelkapasiteter som gj\u00f8r at den kan h\u00e5ndtere materialer med varierende rivemotstand, noe som gir fleksibilitet for testing av b\u00e5de lette og tunge materialer.<\/li>\n<li><strong>Hvordan samsvarer SLD-02 med andre standarder enn ASTM D689?<\/strong><br \/>\nI tillegg til ASTM D689 oppfyller den ASTM D1922 for plast, ASTM D1424 for tekstiler, ISO-standarder og TAPPI T414, noe som sikrer at den egner seg for internasjonal kvalitetskontroll.<\/li>\n<\/ol>","protected":false},"excerpt":{"rendered":"<p>Den <strong>SLD-02 Papirrivetester<\/strong> fra Cell Instruments er utviklet for \u00e5 levere presise og p\u00e5litelige m\u00e5linger av rivestyrke p\u00e5 en lang rekke materialer, inkludert papir, papp, tekstiler, l\u00e6r og plastfilmer. Den er bygget med avanserte funksjoner og er i samsvar med ledende industristandarder, blant annet <strong>ASTM D689<\/strong>, Denne testeren er uunnv\u00e6rlig for bransjer som prioriterer kvalitetskontroll, fra emballasje og trykking til medisinsk utstyr og forbruksvarer. Med dette verkt\u00f8yet kan du sikre at materialene dine oppfyller strenge krav til rivemotstand, noe som bidrar til \u00e5 opprettholde produktenes holdbarhet og kvalitet.<\/p>","protected":false},"featured_media":6197,"comment_status":"closed","ping_status":"closed","template":"","meta":{"site-sidebar-layout":"default","site-content-layout":"default","ast-global-header-display":"","ast-main-header-display":"","ast-hfb-above-header-display":"","ast-hfb-below-header-display":"","ast-hfb-mobile-header-display":"","site-post-title":"","ast-breadcrumbs-content":"","ast-featured-img":"","footer-sml-layout":"","theme-transparent-header-meta":"default","adv-header-id-meta":"","stick-header-meta":"","header-above-stick-meta":"","header-main-stick-meta":"","header-below-stick-meta":""},"product_cat":[845,953,956,955,954,957,958,952,959,1154,680,44,16,119,121,137,159,165,95],"product_tag":[],"class_list":{"0":"post-5301","1":"product","2":"type-product","3":"status-publish","4":"has-post-thumbnail","6":"product_cat-customization","7":"product_cat-bursting-tester","8":"product_cat-cobb-tester","9":"product_cat-crush-tester","10":"product_cat-paper-tear-tester","11":"product_cat-plybond-tester","12":"product_cat-puncture-tester","13":"product_cat-rub-tester","14":"product_cat-stiffness-tester","15":"product_cat-tappi-t414","16":"product_cat-tear-tester","17":"product_cat-paper-and-board-testers","18":"product_cat-plastic-packaging-testers","19":"product_cat-astm-d1424","20":"product_cat-astm-d1922","21":"product_cat-astm-d689","22":"product_cat-iso-1974","23":"product_cat-iso-6383","24":"product_cat-products","25":"desktop-align-left","26":"tablet-align-left","27":"mobile-align-left","29":"first","30":"instock","31":"shipping-taxable","32":"product-type-simple"},"_links":{"self":[{"href":"https:\/\/www.qualitester.com\/nb\/wp-json\/wp\/v2\/product\/5301","targetHints":{"allow":["GET"]}}],"collection":[{"href":"https:\/\/www.qualitester.com\/nb\/wp-json\/wp\/v2\/product"}],"about":[{"href":"https:\/\/www.qualitester.com\/nb\/wp-json\/wp\/v2\/types\/product"}],"replies":[{"embeddable":true,"href":"https:\/\/www.qualitester.com\/nb\/wp-json\/wp\/v2\/comments?post=5301"}],"version-history":[{"count":0,"href":"https:\/\/www.qualitester.com\/nb\/wp-json\/wp\/v2\/product\/5301\/revisions"}],"wp:featuredmedia":[{"embeddable":true,"href":"https:\/\/www.qualitester.com\/nb\/wp-json\/wp\/v2\/media\/6197"}],"wp:attachment":[{"href":"https:\/\/www.qualitester.com\/nb\/wp-json\/wp\/v2\/media?parent=5301"}],"wp:term":[{"taxonomy":"product_cat","embeddable":true,"href":"https:\/\/www.qualitester.com\/nb\/wp-json\/wp\/v2\/product_cat?post=5301"},{"taxonomy":"product_tag","embeddable":true,"href":"https:\/\/www.qualitester.com\/nb\/wp-json\/wp\/v2\/product_tag?post=5301"}],"curies":[{"name":"wp","href":"https:\/\/api.w.org\/{rel}","templated":true}]}}