{"id":5295,"date":"2024-11-12T16:42:22","date_gmt":"2024-11-12T08:42:22","guid":{"rendered":"https:\/\/www.qualitester.com\/?post_type=product&#038;p=5295"},"modified":"2024-12-05T11:00:26","modified_gmt":"2024-12-05T03:00:26","slug":"sale-paper-softness-tester","status":"publish","type":"product","link":"https:\/\/www.qualitester.com\/nb\/produkt-2\/sale-paper-softness-tester\/","title":{"rendered":"RRD-01 Tester for papirets mykhet"},"content":{"rendered":"<h2>Innledning<\/h2>\n<p>Paper Softness Tester er et presisjonsinstrument som er utviklet for \u00e5 m\u00e5le mykheten til materialer som papirlommet\u00f8rkl\u00e6r, ikke-vevde stoffer og andre myke emballasjematerialer. Instrumentet spiller en avgj\u00f8rende rolle i kvalitetskontrollen ved \u00e5 gi n\u00f8yaktige data om mykheten og fleksibiliteten til ulike materialer, som er viktige faktorer i bransjer som emballasje, medisinsk utstyr, tekstiler og daglige forbruksvarer. Paper Softness Tester er utstyrt med avansert automatisering og elektronisk m\u00e5leteknologi som sikrer raske, p\u00e5litelige og repeterbare resultater, noe som hjelper produsenter med \u00e5 opprettholde produktstandarder og oppfylle forbrukernes forventninger.<\/p>\n<h2>Arbeidsprinsipp<\/h2>\n<p>Paper Softness Tester fungerer ved hjelp av en blad- og spaltemekanisme. Under testingen plasseres en pr\u00f8ve p\u00e5 tvers av en spalte p\u00e5 testplattformen, der et blad (probe) presser materialet inn i spalten ved hjelp av en kraft. Denne kraften, som m\u00e5les av testeren, indikerer pr\u00f8vens mykhetsniv\u00e5, ettersom den representerer pr\u00f8vens motstand mot b\u00f8ying eller dens fleksibilitet. Testerens design sikrer presisjon ved \u00e5 minimere forstyrrelser fra brukeren, noe som gj\u00f8r den til et p\u00e5litelig valg for b\u00e5de laboratorier og produksjonslinjer.<\/p>\n<h2>Bruksomr\u00e5der<\/h2>\n<p>Paper Softness Tester er avgj\u00f8rende for \u00e5 evaluere de fysiske egenskapene til produkter i ulike bransjer:<\/p>\n<ul>\n<li><strong>Emballasjematerialer<\/strong>: Sikrer at emballasjematerialer som mykt silkepapir, tynne plastfilmer og papp oppfyller kravene til mykhet og fleksibilitet.<\/li>\n<li><strong>Papirprodukter<\/strong>: Ideell for testing av t\u00f8rkepapir, toalettpapir og andre forbrukerpapirprodukter for \u00e5 sikre optimal mykhet.<\/li>\n<li><strong>Medisinsk og farmas\u00f8ytisk<\/strong>: Egnet for materialer som medisinsk papir og fiberduk, som trenger spesifikk mykhet for funksjonalitet og komfort.<\/li>\n<li><strong>Tekstiler og klebemidler<\/strong>: Vurderer mykheten og fleksibiliteten til tekstiler og lim, og sikrer at de oppfyller bransjestandardene for komfort og brukervennlighet.<\/li>\n<\/ul>\n<p>Denne allsidigheten gj\u00f8r testeren uunnv\u00e6rlig i sektorer som emballasje, n\u00e6ringsmidler, legemidler, tekstiler og kvalitetskontrollbyr\u00e5er.<\/p>\n<h2>Viktige standarder<\/h2>\n<p>Paper Softness Tester er helt i samsvar med f\u00f8lgende <a href=\"https:\/\/www.qualitester.com\/nb\/produktkategori\/astm\/\" target=\"_blank\" rel=\"noopener\">ASTM-standarder<\/a>, og tilbyr standardiserte testmetoder og p\u00e5litelige resultater:<\/p>\n<ul>\n<li><strong>GB\/T 8942<\/strong> Papir - Bestemmelse av mykhet<\/li>\n<li><a href=\"https:\/\/www.astm.org\/d2923-06.html\" target=\"_blank\" rel=\"noopener nofollow\"><strong>ASTM D2923<\/strong><\/a> Testmetode for stivhet av polyolefinfilm og -plater<\/li>\n<li><strong>QB\/T 1060<\/strong> Mykhetstester<\/li>\n<li><a href=\"https:\/\/www.tappi.org\/product_pull\/09\/dec__06\/__30\/softness-of-sanitary-tissues\/\" target=\"_blank\" rel=\"noopener nofollow\"><strong>TAPPI T498<\/strong><\/a> Mykhet av sanit\u00e6rservietter<\/li>\n<li><strong><a href=\"https:\/\/www.astm.org\/d6828-02r19.html\" target=\"_blank\" rel=\"noopener nofollow\">ASTM D6828<\/a>-02<\/strong> (Reapproved 2019) Standard pr\u00f8vingsmetode for stivhet av tekstiler ved hjelp av blad\/spalteprosedyre<\/li>\n<\/ul>\n<p>Overholdelse av disse ASTM-standardene garanterer at Paper Softness Tester oppfyller internasjonale testkrav, slik at brukerne kan stole p\u00e5 kvaliteten og n\u00f8yaktigheten av resultatene.<\/p>\n<h2>Fordeler med papirets mykhetstester<\/h2>\n<ul>\n<li><strong>Automatiserte, n\u00f8yaktige m\u00e5linger<\/strong>: Testerens automatiserte design minimerer sjansen for menneskelige feil, og gir konsekvent presise resultater uten manuelle justeringer.<\/li>\n<li><strong>Brukervennlig betjening<\/strong>: Med en enkel pr\u00f8veplassering og automatisk testprosedyre kan operat\u00f8rene enkelt utf\u00f8re tester uten omfattende oppl\u00e6ring.<\/li>\n<li><strong>Forbedret p\u00e5litelighet<\/strong>: Det elektroniske kontrollsystemet gir sv\u00e6rt repeterbare resultater, noe som sikrer konsekvent kvalitetskontroll.<\/li>\n<\/ul>\n<h2>Tekniske spesifikasjoner<\/h2>\n<table>\n<tbody>\n<tr>\n<td style=\"text-align: center;\" width=\"126\">Testomr\u00e5de<\/td>\n<td style=\"text-align: center;\" width=\"222\">(10~1000) mN<\/td>\n<\/tr>\n<tr>\n<td style=\"text-align: center;\" width=\"126\">Testbladets st\u00f8rrelse<\/td>\n<td style=\"text-align: center;\" width=\"222\">R. mm, 120mm*2mm L*D<\/td>\n<\/tr>\n<tr>\n<td style=\"text-align: center;\" width=\"126\">Bladets slaglengde<\/td>\n<td style=\"text-align: center;\" width=\"222\">8\u00b10,5 mm<\/td>\n<\/tr>\n<tr>\n<td style=\"text-align: center;\" width=\"126\">Test hastighet<\/td>\n<td style=\"text-align: center;\" width=\"222\">1,2 mm\/s<\/td>\n<\/tr>\n<tr>\n<td style=\"text-align: center;\" width=\"126\">Kraftoppl\u00f8sning<\/td>\n<td style=\"text-align: center;\" width=\"222\">1mN<\/td>\n<\/tr>\n<tr>\n<td style=\"text-align: center;\" width=\"126\">N\u00f8yaktighet<\/td>\n<td style=\"text-align: center;\" width=\"222\">\u00b11%<\/td>\n<\/tr>\n<tr>\n<td style=\"text-align: center;\" width=\"126\">Sporbredde<\/td>\n<td style=\"text-align: center;\" width=\"222\">5 mm, 6,35 mm, 10 mm, 20 mm<\/td>\n<\/tr>\n<tr>\n<td style=\"text-align: center;\" width=\"126\">Str\u00f8m<\/td>\n<td style=\"text-align: center;\" width=\"222\">AC 220V 50Hz<\/td>\n<\/tr>\n<\/tbody>\n<\/table>\n<h2>Hvorfor velge v\u00e5r mykhetstester for papir?<\/h2>\n<p>V\u00e5r Paper Softness Tester skiller seg ut med sin holdbarhet, presisjon og overholdelse av ASTM-standarder (ASTM D2063, ASTM D3198 og ASTM D3474). Denne testeren er ideell for kvalitetssikring i bransjer som prioriterer mykhet i materialet, for eksempel emballasje, forbruksvarer og helsevesenet. I tillegg er det mulig \u00e5 tilpasse instrumentet for \u00e5 oppfylle spesialiserte testkrav, slik at det oppfyller de unike behovene til hver enkelt bruker.<\/p>\n<h2>Ofte stilte sp\u00f8rsm\u00e5l (FAQ)<\/h2>\n<p><strong>1. Hvordan skiller Paper Softness Tester seg fra andre metoder for testing av mykhet?<\/strong><br \/>\nI motsetning til manuelle testere minimerer denne automatiserte testeren brukerens feil og forbedrer n\u00f8yaktigheten ved at den elektronisk m\u00e5ler kraften som trengs for \u00e5 trenge gjennom pr\u00f8ven.<\/p>\n<p><strong>2. Hvilke typer materialer kan testes med dette instrumentet?<\/strong><br \/>\nTesteren er egnet for myke materialer som silkepapir, fiberduk, tekstiler og enkelte emballasjematerialer, noe som gir fleksibilitet i bruken.<\/p>\n<p><strong>3. Hvor n\u00f8yaktige er resultatene, og er de repeterbare?<\/strong><br \/>\nDet elektroniske kontrollsystemet sikrer h\u00f8y n\u00f8yaktighet og repeterbarhet, noe som gj\u00f8r denne testeren sv\u00e6rt p\u00e5litelig for kvalitetskontroll.<\/p>\n<p><strong>4. Er papirmykhetstesteren enkel \u00e5 bruke for ikke-teknisk personale?<\/strong><br \/>\nJa, den automatiserte testprosessen og den enkle pr\u00f8veplasseringen gj\u00f8r den brukervennlig, selv for operat\u00f8rer med minimal teknisk erfaring.<\/p>","protected":false},"excerpt":{"rendered":"<p>Paper Softness Tester er et presisjonsinstrument som er utviklet for \u00e5 m\u00e5le mykheten til materialer som papirlommet\u00f8rkl\u00e6r, ikke-vevde stoffer og andre myke emballasjematerialer. Instrumentet spiller en avgj\u00f8rende rolle i kvalitetskontrollen ved \u00e5 gi n\u00f8yaktige data om mykheten og fleksibiliteten til ulike materialer, som er viktige faktorer i bransjer som emballasje, medisinsk utstyr, tekstiler og daglige forbruksvarer. Paper Softness Tester er utstyrt med avansert automatisering og elektronisk m\u00e5leteknologi som sikrer raske, p\u00e5litelige og repeterbare resultater, noe som hjelper produsenter med \u00e5 opprettholde produktstandarder og oppfylle forbrukernes forventninger.<\/p>","protected":false},"featured_media":6192,"comment_status":"closed","ping_status":"closed","template":"","meta":{"site-sidebar-layout":"default","site-content-layout":"default","ast-global-header-display":"","ast-main-header-display":"","ast-hfb-above-header-display":"","ast-hfb-below-header-display":"","ast-hfb-mobile-header-display":"","site-post-title":"","ast-breadcrumbs-content":"","ast-featured-img":"","footer-sml-layout":"","theme-transparent-header-meta":"default","adv-header-id-meta":"","stick-header-meta":"","header-above-stick-meta":"","header-main-stick-meta":"","header-below-stick-meta":""},"product_cat":[845,1151,1153,953,956,955,954,957,958,952,959,1152,44,95],"product_tag":[],"class_list":{"0":"post-5295","1":"product","2":"type-product","3":"status-publish","4":"has-post-thumbnail","6":"product_cat-customization","7":"product_cat-astm-d2923","8":"product_cat-astm-d6828","9":"product_cat-bursting-tester","10":"product_cat-cobb-tester","11":"product_cat-crush-tester","12":"product_cat-paper-tear-tester","13":"product_cat-plybond-tester","14":"product_cat-puncture-tester","15":"product_cat-rub-tester","16":"product_cat-stiffness-tester","17":"product_cat-tappi-t498","18":"product_cat-paper-and-board-testers","19":"product_cat-products","20":"desktop-align-left","21":"tablet-align-left","22":"mobile-align-left","24":"first","25":"instock","26":"shipping-taxable","27":"product-type-simple"},"_links":{"self":[{"href":"https:\/\/www.qualitester.com\/nb\/wp-json\/wp\/v2\/product\/5295","targetHints":{"allow":["GET"]}}],"collection":[{"href":"https:\/\/www.qualitester.com\/nb\/wp-json\/wp\/v2\/product"}],"about":[{"href":"https:\/\/www.qualitester.com\/nb\/wp-json\/wp\/v2\/types\/product"}],"replies":[{"embeddable":true,"href":"https:\/\/www.qualitester.com\/nb\/wp-json\/wp\/v2\/comments?post=5295"}],"version-history":[{"count":0,"href":"https:\/\/www.qualitester.com\/nb\/wp-json\/wp\/v2\/product\/5295\/revisions"}],"wp:featuredmedia":[{"embeddable":true,"href":"https:\/\/www.qualitester.com\/nb\/wp-json\/wp\/v2\/media\/6192"}],"wp:attachment":[{"href":"https:\/\/www.qualitester.com\/nb\/wp-json\/wp\/v2\/media?parent=5295"}],"wp:term":[{"taxonomy":"product_cat","embeddable":true,"href":"https:\/\/www.qualitester.com\/nb\/wp-json\/wp\/v2\/product_cat?post=5295"},{"taxonomy":"product_tag","embeddable":true,"href":"https:\/\/www.qualitester.com\/nb\/wp-json\/wp\/v2\/product_tag?post=5295"}],"curies":[{"name":"wp","href":"https:\/\/api.w.org\/{rel}","templated":true}]}}