{"id":5286,"date":"2024-11-08T10:17:35","date_gmt":"2024-11-08T02:17:35","guid":{"rendered":"https:\/\/www.qualitester.com\/?post_type=product&#038;p=5286"},"modified":"2024-12-05T10:34:20","modified_gmt":"2024-12-05T02:34:20","slug":"sale-puncture-resistance-testing-equipment","status":"publish","type":"product","link":"https:\/\/www.qualitester.com\/nb\/produkt-2\/sale-puncture-resistance-testing-equipment\/","title":{"rendered":"PST-01 Utstyr for testing av punkteringsmotstand"},"content":{"rendered":"<h2><strong>Introduksjon til utstyr for testing av punkteringsmotstand<\/strong><\/h2>\n<p>PST-01 Puncture Resistance Testing Equipment er et avansert instrument som er utviklet for \u00e5 evaluere holdbarheten og punkteringsstyrken til containerpapp og b\u00f8lgepappmaterialer. Dette testverkt\u00f8yet m\u00e5ler energien som kreves for \u00e5 punktere en pr\u00f8ve, og gir en n\u00f8yaktig vurdering av b\u00e5de energien som trengs for \u00e5 rive og b\u00f8ye materialet. PST-01 bidrar til \u00e5 sikre at emballasje og andre materialer oppfyller strenge kvalitets- og styrkestandarder, noe som gj\u00f8r den ideell for en rekke bransjer der materialintegritet er kritisk.<\/p>\n<h2><strong>Bruksomr\u00e5der for PST-01-utstyret for testing av punkteringsmotstand<\/strong><\/h2>\n<p>PST-01 kan brukes i en rekke bransjer, inkludert emballasje, elektronikk, medisinsk utstyr, legemidler og mer. Den brukes ofte til \u00e5 teste styrken p\u00e5 emballasjekartonger, som er en viktig faktor for holdbarheten p\u00e5 forsendelser, eller til \u00e5 verifisere hvor motstandsdyktige emballasjematerialer er for skj\u00f8re gjenstander. Denne allsidige testeren oppfyller ogs\u00e5 behovene til bransjer som krever konsekvent emballasjeytelse, for eksempel mat- og drikkevareproduksjon, kjemiske dagligvarer og tekstiler.<\/p>\n<h2><strong>Funksjoner ved PST-01 Utstyr for testing av punkteringsmotstand<\/strong><\/h2>\n<p>PST-01 Puncture Resistance Testing Equipment er utstyrt med flere avanserte funksjoner, noe som gj\u00f8r den b\u00e5de enkel \u00e5 betjene og sv\u00e6rt effektiv ved testing av punkteringsstyrke:<\/p>\n<ul>\n<li><strong>LCD-skjerm og brukervennlig grensesnitt<\/strong>: Testeren leveres med en lettlest LCD-skjerm og et PVC-betjeningspanel for raske, intuitive justeringer og testoppsett.<\/li>\n<li><strong>Mikrodatamaskinstyring<\/strong>: PST-01 er utstyrt med en mikrodatamaskin for p\u00e5litelig datah\u00e5ndtering, og kan samle inn, lagre og skrive ut testresultater, noe som sikrer str\u00f8mlinjeformet arbeidsflyt og n\u00f8yaktige registreringer.<\/li>\n<li><strong>Automatisk m\u00e5ling og intelligent d\u00f8mmekraft<\/strong>: Testeren gir sanntidsvisning av testresultater og umiddelbar analyse, noe som reduserer behovet for manuelle beregninger og forbedrer testeffektiviteten.<\/li>\n<li><strong>Fire justerbare tannhjul<\/strong>: PST-01 har fire justerbare gir, slik at brukerne kan velge det optimale omr\u00e5det for materialer med ulik styrke, noe som sikrer n\u00f8yaktige m\u00e5linger.<\/li>\n<li><strong>Sikkerhet og holdbarhet<\/strong>: PST-01 er konstruert for stabilitet og jevn ytelse, og har innebygde sikkerhetsfunksjoner for \u00e5 beskytte brukerne og sikre p\u00e5litelig drift over tid.<\/li>\n<\/ul>\n<h2><strong>Forst\u00e5 ISO 3036 og testmetodene<\/strong><\/h2>\n<p><a href=\"https:\/\/www.iso.org\/standard\/8122.html\" target=\"_blank\" rel=\"noopener nofollow\"><strong>ISO 3036<\/strong><\/a> er den internasjonale standarden som definerer metoder for \u00e5 bestemme punkteringsmotstanden til b\u00f8lgepapp. Den beskriver spesifikke prosedyrer og parametere for \u00e5 sikre n\u00f8yaktige og konsekvente m\u00e5linger i hele bransjen. PST-01 overholder f\u00f8lgende <a href=\"https:\/\/www.qualitester.com\/nb\/produktkategori\/iso\/iso-3036\/\" target=\"_blank\" rel=\"noopener\">ISO 3036<\/a> ved hjelp av en rettvinklet trekantet pyramide i rustfritt st\u00e5l festet til en pendelarm, som svinger inn i en fastklemt pr\u00f8ve for \u00e5 simulere virkelige punkteringsforhold. Instrumentet m\u00e5ler den totale energien som kreves for \u00e5 punktere materialet, noe som gir p\u00e5litelig innsikt i materialets motstandskraft og punkteringsstyrke. PST-01 tilbyr den n\u00f8dvendige n\u00f8yaktigheten og presisjonen for bransjer som \u00f8nsker \u00e5 oppfylle ISO 3036.<\/p>\n<h2><strong>Ytterligere standarder som oppfylles av PST-01<\/strong><\/h2>\n<p>I tillegg til ISO 3036 er PST-01-utstyret for testing av punkteringsmotstand utformet for \u00e5 oppfylle flere andre internasjonale standarder:<\/p>\n<ul>\n<li><strong>TAPPI T803<\/strong>: Fastsetter retningslinjer for testing av punkteringsmotstand for containerpapp, som vanligvis brukes i papir- og emballasjeindustrien.<\/li>\n<li><strong>DIN 53142<\/strong>: Definerer prosedyrer for testing av penetrasjonsmotstand, spesielt for papirmaterialer.<\/li>\n<li><strong>GB\/T 2679<\/strong>: Den kinesiske nasjonale standarden for testing av punkteringsmotstand for emballasjematerialer.<\/li>\n<li><strong>QB\/T 1664<\/strong> og <strong>SN T0262<\/strong>: Ytterligere referanseverdier som ytterligere demonstrerer PST-01s evne til \u00e5 oppfylle globale teststandarder.<\/li>\n<\/ul>\n<h2><strong>Tekniske spesifikasjoner for PST-01<\/strong><\/h2>\n<p>PST-01 tilbyr en presis og brukervennlig tiln\u00e6rming til testing av punkteringsmotstand, med en rekke innstillinger for ulike materialer:<\/p>\n<table>\n<tbody>\n<tr>\n<td width=\"192\">Testomr\u00e5de<\/td>\n<td width=\"406\">(1~48) J<\/td>\n<\/tr>\n<tr>\n<td width=\"192\">Fire gir<\/td>\n<td width=\"406\">A \uff1c6J; B\uff1c12J; C\uff1c24J; D\uff1c48J<\/td>\n<\/tr>\n<tr>\n<td width=\"192\">Oppl\u00f8sning<\/td>\n<td width=\"406\">0.001J<\/td>\n<\/tr>\n<tr>\n<td width=\"192\">Utvalgsst\u00f8rrelse<\/td>\n<td width=\"406\">175*175 mm<\/td>\n<\/tr>\n<tr>\n<td width=\"192\">Trykkhode<\/td>\n<td width=\"406\">(100\u00b12) Kpa<\/td>\n<\/tr>\n<tr>\n<td width=\"192\">Motstand mot friksjonshylse<\/td>\n<td width=\"406\">\uff1c0.25J<\/td>\n<\/tr>\n<tr>\n<td width=\"192\">Pyramideformet hode<\/td>\n<td width=\"406\">Kantlengde 60 mm \u00d7 60 mm \u00d7 60 mm H\u00f8yde 25 \u00b1 0,7 mm<\/td>\n<\/tr>\n<tr>\n<td width=\"192\">Dimensjon<\/td>\n<td width=\"406\">900*410*800 mm<\/td>\n<\/tr>\n<tr>\n<td width=\"192\">Str\u00f8m<\/td>\n<td width=\"406\">AC 220V 50Hz<\/td>\n<\/tr>\n<tr>\n<td width=\"192\">Vekt<\/td>\n<td width=\"406\">110 kg<\/td>\n<\/tr>\n<\/tbody>\n<\/table>\n<h3><strong>Fordeler med \u00e5 bruke PST-01 til materialtesting<\/strong><\/h3>\n<p>PST-01-utstyret for testing av punkteringsmotstand gir klare fordeler for bedrifter som \u00f8nsker \u00e5 sikre produktenes holdbarhet og oppfylle bransjestandarder:<\/p>\n<ul>\n<li><strong>Forbedret n\u00f8yaktighet<\/strong>: Mikrodatastyringen og den h\u00f8ye oppl\u00f8sningen gj\u00f8r PST-01 sv\u00e6rt n\u00f8yaktig, noe som reduserer menneskelige feil og sikrer konsistente resultater.<\/li>\n<li><strong>\u00d8kt produktivitet<\/strong>: Med automatisert m\u00e5ling og resultatvisning i sanntid gj\u00f8r dette instrumentet testprosessen raskere, og hjelper bedrifter med \u00e5 oppn\u00e5 raskere kvalitetskontroll uten at det g\u00e5r p\u00e5 bekostning av n\u00f8yaktigheten.<\/li>\n<li><strong>Overholdelse av ISO og internasjonale standarder<\/strong>: PST-01 er i samsvar med ISO 3036, TAPPI T803 med flere, og sikrer at produktene dine oppfyller strenge internasjonale standarder, noe som \u00f8ker tilliten til materialkvaliteten.<\/li>\n<\/ul>\n<h3><strong>Hvorfor velge PST-01 utstyr for testing av punkteringsmotstand for samsvar med ISO 3036<\/strong><\/h3>\n<p>PST-01 er det ideelle valget for bedrifter som \u00f8nsker \u00e5 overholde ISO 3036-standardene, noe som gj\u00f8r den til et viktig verkt\u00f8y for emballasje, materialtesting og produktkvalitetssikring. Ved \u00e5 gi presise og konsistente resultater ved testing av punkteringsmotstand bidrar PST-01 til \u00e5 opprettholde h\u00f8ye standarder i hele produksjons- og kvalitetskontrollprosessen. Holdbarheten, allsidigheten og overholdelsen av ISO 3036 gj\u00f8r den til en viktig investering for bransjer som fokuserer p\u00e5 produktintegritet.<\/p>\n<h4><strong>Ofte stilte sp\u00f8rsm\u00e5l (FAQ)<\/strong><\/h4>\n<ol>\n<li><strong>Hva er hensikten med ISO 3036 ved testing av punkteringsmotstand?<\/strong>\n<ul>\n<li>ISO 3036 spesifiserer metoder for m\u00e5ling av punkteringsmotstand for \u00e5 sikre at materialene oppfyller standarder for holdbarhet, noe som er avgj\u00f8rende for emballasje av h\u00f8y kvalitet.<\/li>\n<\/ul>\n<\/li>\n<li><strong>Kan PST-01 brukes til annet enn emballasjematerialer?<\/strong>\n<ul>\n<li>Ja, selv om PST-01 f\u00f8rst og fremst brukes til emballasje, kan den teste en rekke ulike materialer innen omr\u00e5der som medisinsk utstyr, tekstiler og elektronikk.<\/li>\n<\/ul>\n<\/li>\n<li><strong>Hvordan fungerer justeringen med fire gir?<\/strong>\n<ul>\n<li>PST-01 har fire valgbare gir basert p\u00e5 materialstyrke, noe som gj\u00f8r det mulig \u00e5 justere testomr\u00e5det fra lavere til h\u00f8yere krefter for optimaliserte resultater.<\/li>\n<\/ul>\n<\/li>\n<li><strong>Hva er den maksimale kraften PST-01 kan m\u00e5le?<\/strong>\n<ul>\n<li>PST-01 kan m\u00e5le opptil 48 J, noe som gj\u00f8r den egnet for materialer med h\u00f8y punkteringsmotstand.<\/li>\n<\/ul>\n<\/li>\n<li><strong>Tilbyr PST-01 lagring av digitale data?<\/strong>\n<ul>\n<li>Ja, den inkluderer datalagring og utskriftsfunksjoner, noe som gj\u00f8r det enkelt \u00e5 f\u00f8re n\u00f8yaktige testregistreringer og analysere data over tid.<\/li>\n<\/ul>\n<\/li>\n<\/ol>","protected":false},"excerpt":{"rendered":"<p>PST-01 Puncture Resistance Testing Equipment er et avansert instrument som er utviklet for \u00e5 evaluere holdbarheten og punkteringsstyrken til containerpapp og b\u00f8lgepappmaterialer. Dette testverkt\u00f8yet m\u00e5ler energien som kreves for \u00e5 punktere en pr\u00f8ve, og gir en n\u00f8yaktig vurdering av b\u00e5de energien som trengs for \u00e5 rive og b\u00f8ye materialet. PST-01 bidrar til \u00e5 sikre at emballasje og andre materialer oppfyller strenge kvalitets- og styrkestandarder, noe som gj\u00f8r den ideell for en rekke bransjer der materialintegritet er kritisk.<\/p>","protected":false},"featured_media":6187,"comment_status":"closed","ping_status":"closed","template":"","meta":{"site-sidebar-layout":"default","site-content-layout":"default","ast-global-header-display":"","ast-main-header-display":"","ast-hfb-above-header-display":"","ast-hfb-below-header-display":"","ast-hfb-mobile-header-display":"","site-post-title":"","ast-breadcrumbs-content":"","ast-featured-img":"","footer-sml-layout":"","theme-transparent-header-meta":"default","adv-header-id-meta":"","stick-header-meta":"","header-above-stick-meta":"","header-main-stick-meta":"","header-below-stick-meta":""},"product_cat":[845,1086,958,1087,44,95],"product_tag":[],"class_list":{"0":"post-5286","1":"product","2":"type-product","3":"status-publish","4":"has-post-thumbnail","6":"product_cat-customization","7":"product_cat-iso-3036","8":"product_cat-puncture-tester","9":"product_cat-tappi-t803","10":"product_cat-paper-and-board-testers","11":"product_cat-products","12":"desktop-align-left","13":"tablet-align-left","14":"mobile-align-left","16":"first","17":"instock","18":"shipping-taxable","19":"product-type-simple"},"_links":{"self":[{"href":"https:\/\/www.qualitester.com\/nb\/wp-json\/wp\/v2\/product\/5286","targetHints":{"allow":["GET"]}}],"collection":[{"href":"https:\/\/www.qualitester.com\/nb\/wp-json\/wp\/v2\/product"}],"about":[{"href":"https:\/\/www.qualitester.com\/nb\/wp-json\/wp\/v2\/types\/product"}],"replies":[{"embeddable":true,"href":"https:\/\/www.qualitester.com\/nb\/wp-json\/wp\/v2\/comments?post=5286"}],"version-history":[{"count":0,"href":"https:\/\/www.qualitester.com\/nb\/wp-json\/wp\/v2\/product\/5286\/revisions"}],"wp:featuredmedia":[{"embeddable":true,"href":"https:\/\/www.qualitester.com\/nb\/wp-json\/wp\/v2\/media\/6187"}],"wp:attachment":[{"href":"https:\/\/www.qualitester.com\/nb\/wp-json\/wp\/v2\/media?parent=5286"}],"wp:term":[{"taxonomy":"product_cat","embeddable":true,"href":"https:\/\/www.qualitester.com\/nb\/wp-json\/wp\/v2\/product_cat?post=5286"},{"taxonomy":"product_tag","embeddable":true,"href":"https:\/\/www.qualitester.com\/nb\/wp-json\/wp\/v2\/product_tag?post=5286"}],"curies":[{"name":"wp","href":"https:\/\/api.w.org\/{rel}","templated":true}]}}