{"id":5281,"date":"2024-11-08T10:06:22","date_gmt":"2024-11-08T02:06:22","guid":{"rendered":"https:\/\/www.qualitester.com\/?post_type=product&#038;p=5281"},"modified":"2024-12-05T10:26:34","modified_gmt":"2024-12-05T02:26:34","slug":"sale-paper-board-thickness-tester","status":"publish","type":"product","link":"https:\/\/www.qualitester.com\/nb\/produkt-2\/sale-paper-board-thickness-tester\/","title":{"rendered":"PBT-01 Tykkelsestester for pappkartong"},"content":{"rendered":"<h2><strong>Introduksjon til tykkelsestester for pappkartong<\/strong><\/h2>\n<p>Den <strong>PBT-01 Tykkelsestester for pappkartong<\/strong> er et avansert instrument med h\u00f8y presisjon som er utviklet spesielt for \u00e5 m\u00e5le tykkelsen p\u00e5 enkeltark av b\u00f8lgepapp. Instrumentet spiller en viktig rolle i kvalitetskontrollen av emballasjematerialer, ettersom n\u00f8yaktige tykkelsesm\u00e5linger er avgj\u00f8rende for \u00e5 bestemme holdbarheten og styrken til trefiberplater som brukes i produksjon av emballasjekasser og andre emballasjel\u00f8sninger. PBT-01 er egnet for alle typer b\u00f8lgepapp og sikrer at emballasjematerialene oppfyller strenge kvalitetsstandarder for beskyttelse og p\u00e5litelighet.<\/p>\n<h2><strong>Betydningen av n\u00f8yaktig tykkelsesm\u00e5ling i emballasje<\/strong><\/h2>\n<p>N\u00f8yaktig tykkelsesm\u00e5ling er avgj\u00f8rende i emballasjeindustrien, der en jevn tykkelse p\u00e5 kartongen p\u00e5virker sluttproduktets beskyttende egenskaper og strukturelle integritet. Den <strong>PBT-01 tykkelsestester for papp<\/strong> hjelper produsenter og kvalitetskontroll\u00f8rer med \u00e5 verifisere at hvert ark oppfyller n\u00f8yaktige tykkelseskrav, optimaliserer materialytelsen og bidrar til \u00e5 opprettholde produktkvaliteten under transport. P\u00e5litelig tykkelsesm\u00e5ling forhindrer materialsvinn, styrker emballasjestabiliteten og bidrar til at emballasjekvaliteten er i samsvar med regelverket.<\/p>\n<h2><strong>Prinsipp og metodikk for testing av tykkelsestester for pappkartong<\/strong><\/h2>\n<ul>\n<li><strong>Prinsipp for tykkelsesm\u00e5ling<\/strong> PBT-01 m\u00e5ler tykkelsen p\u00e5 b\u00f8lgepapp ved \u00e5 plassere papppr\u00f8ven mellom to parallelle, sirkul\u00e6re trykkflater under en bestemt statisk belastning. Denne h\u00f8ypresisjonstesten p\u00e5f\u00f8rer det n\u00f8dvendige trykket for \u00e5 m\u00e5le pappens tykkelse med uovertruffen n\u00f8yaktighet.<\/li>\n<li><strong>Testmetode for forskyvningstykkelse<\/strong> PBT-01 bruker forskyvningstykkelsestestmetoden og har en fast flate (ambolten) og en bevegelig flate som ut\u00f8ver et jevnt trykk mens den m\u00e5ler tykkelsen. Den bevegelige flaten ut\u00f8ver et jevnt trykk p\u00e5 20 kPa \u00b1 0,5 kPa, noe som sikrer at resultatene er n\u00f8yaktige og reproduserbare. Instrumentet kan m\u00e5le tykkelser fra 0 til 20 mm, med en oppl\u00f8sning p\u00e5 0,001 mm, noe som gj\u00f8r det til et p\u00e5litelig valg for b\u00e5de standard og spesialiserte testbehov.<\/li>\n<\/ul>\n<h2><strong>Instrumentstruktur og tekniske spesifikasjoner<\/strong><\/h2>\n<ul>\n<li><strong>Trykkflater og kontaktomr\u00e5de<\/strong> PBT-01s to sirkul\u00e6re trykkflater er utformet for optimal n\u00f8yaktighet. Ambolten er stasjon\u00e6r, mens den andre trykkflaten beveger seg vinkelrett for \u00e5 p\u00e5f\u00f8re et jevnt trykk med en hastighet p\u00e5 2 mm\/s til 3 mm\/s. De sirkul\u00e6re trykkflatene m\u00e5ler 35,7 mm \u00b1 0,3 mm i diameter, med et kontaktomr\u00e5de p\u00e5 1000 mm\u00b2 \u00b1 20 mm\u00b2. Denne konfigurasjonen sikrer at testtrykket fordeles jevnt, noe som gir presise tykkelsesm\u00e5linger.<\/li>\n<li><strong>Tekniske egenskaper<\/strong> PBT-01 Paper Board Thickness Tester har en rekke viktige tekniske funksjoner:<br \/>\n<table>\n<tbody>\n<tr>\n<td width=\"220\">Testomr\u00e5de<\/td>\n<td width=\"110\">0 \uff5e 20 mm<\/td>\n<\/tr>\n<tr>\n<td width=\"220\">Oppl\u00f8sning<\/td>\n<td width=\"110\">0,001 mm<\/td>\n<\/tr>\n<tr>\n<td width=\"220\">Kontaktomr\u00e5de<\/td>\n<td width=\"110\">1000\u00b120 mm\u00b2<\/td>\n<\/tr>\n<tr>\n<td width=\"220\">Kontakt Trykk<\/td>\n<td width=\"110\">20\u00b12 kPa<\/td>\n<\/tr>\n<tr>\n<td width=\"220\">M\u00e5ling av overflateparallellitet<\/td>\n<td width=\"110\">\u22640,035 mm<\/td>\n<\/tr>\n<tr>\n<td width=\"220\">Visningsfeil<\/td>\n<td width=\"110\">\u00b10.05\uff05<\/td>\n<\/tr>\n<\/tbody>\n<\/table>\n<\/li>\n<\/ul>\n<h2><strong>Overholdelse av bransjestandarder<\/strong><\/h2>\n<p>PBT-01 Paper Board Thickness Tester er utviklet i tr\u00e5d med bransjestandardene for testing av b\u00f8lgepapp og emballasjematerialer, noe som sikrer at den oppfyller kravene til teknisk n\u00f8yaktighet i disse retningslinjene. Overholdelse av disse standardene er avgj\u00f8rende for p\u00e5litelige og konsekvente m\u00e5linger i profesjonelle emballasjeapplikasjoner, noe som styrker testerens rolle som leverand\u00f8r av kvalitetskontroll og samsvar p\u00e5 tvers av bransjer.<\/p>\n<h2><strong>Fordeler med PBT-01 Paper Board Thickness Tester<\/strong><\/h2>\n<p>PBT-01 har unike fordeler som gj\u00f8r at den skiller seg ut innen materialtesting:<\/p>\n<ul>\n<li><strong>H\u00f8y presisjon:<\/strong> Med en oppl\u00f8sning p\u00e5 0,001 mm garanterer PBT-01 m\u00e5linger med h\u00f8y presisjon for p\u00e5litelig kvalitetskontroll.<\/li>\n<li><strong>Allsidige bruksomr\u00e5der:<\/strong> Passer til alle typer b\u00f8lgepapp, noe som gj\u00f8r den til et allsidig valg for ulike emballasjetyper.<\/li>\n<li><strong>Brukervennlig design:<\/strong> Funksjoner som ZERO reset-funksjon og enkle str\u00f8mkontroller \u00f8ker brukervennligheten.<\/li>\n<li><strong>Forbedret kvalitetskontroll:<\/strong> Sikrer jevn tykkelsesm\u00e5ling for bedre holdbarhet p\u00e5 emballasjen og materialbesparelser.<\/li>\n<\/ul>\n<h2><strong>Bruksomr\u00e5der p\u00e5 tvers av bransjer<\/strong><\/h2>\n<p>PBT-01 Paper Board Thickness Tester kan brukes i mange ulike bransjer, inkludert emballasje, n\u00e6ringsmidler, legemidler og kvalitetsinspeksjonsbyr\u00e5er. Med sine presise og konsekvente m\u00e5linger gj\u00f8r PBT-01-tykkelsesm\u00e5leren det mulig for bedrifter \u00e5 opprettholde streng kvalitetskontroll av emballasjematerialer, noe som st\u00f8tter utviklingen av holdbare og p\u00e5litelige emballasjel\u00f8sninger p\u00e5 tvers av sektorer.<\/p>\n<h2><strong>Ofte stilte sp\u00f8rsm\u00e5l (FAQ)<\/strong><\/h2>\n<ol>\n<li><strong>Hva er b\u00f8lgepapp?<\/strong>\n<ul>\n<li>B\u00f8lgepapp best\u00e5r av ett eller flere ark riflet papir limt p\u00e5 en flat plate eller mellom flere plater. Det er et popul\u00e6rt materiale i emballasje p\u00e5 grunn av sin styrke og st\u00f8tdempende egenskaper.<\/li>\n<\/ul>\n<\/li>\n<li><strong>Hva menes med \u201cen enkelt platetykkelse av b\u00f8lgepapp\u201d?<\/strong>\n<ul>\n<li>Med platetykkelse menes avstanden mellom den ene overflaten av en b\u00f8lgepapplate og den motsatte overflaten, m\u00e5lt under en bestemt p\u00e5f\u00f8rt statisk belastning.<\/li>\n<\/ul>\n<\/li>\n<li><strong>Hvor n\u00f8yaktig er PBT-01 n\u00e5r det gjelder \u00e5 m\u00e5le tykkelse?<\/strong>\n<ul>\n<li>PBT-01 gir h\u00f8y presisjon med en oppl\u00f8sning p\u00e5 0,001 mm og en n\u00f8yaktighet p\u00e5 \u00b10,05%, noe som gj\u00f8r den til et p\u00e5litelig valg for konsistente og reproduserbare m\u00e5linger.<\/li>\n<\/ul>\n<\/li>\n<li><strong>Hvorfor er kontakttrykk viktig ved tykkelsestesting?<\/strong>\n<ul>\n<li>Ved \u00e5 bruke et jevnt kontakttrykk under testingen sikrer du at m\u00e5lingen gjenspeiler platens tykkelse n\u00f8yaktig uten kompresjonsvariasjoner, noe som gir repeterbare og p\u00e5litelige resultater.<\/li>\n<\/ul>\n<\/li>\n<li><strong>Hvilke bransjer har nytte av \u00e5 bruke PBT-01 Thickness Tester?<\/strong>\n<ul>\n<li>PBT-01 er avgj\u00f8rende for emballasje-, n\u00e6ringsmiddel- og legemiddelindustrien og andre bransjer der materialkvalitet og emballasjens p\u00e5litelighet er avgj\u00f8rende for produktbeskyttelse og -sikkerhet.<\/li>\n<\/ul>\n<\/li>\n<\/ol>","protected":false},"excerpt":{"rendered":"<p>Den <strong>PBT-01 Tykkelsestester for pappkartong<\/strong> er et avansert instrument med h\u00f8y presisjon som er utviklet spesielt for \u00e5 m\u00e5le tykkelsen p\u00e5 enkeltark av b\u00f8lgepapp. Instrumentet spiller en viktig rolle i kvalitetskontrollen av emballasjematerialer, ettersom n\u00f8yaktige tykkelsesm\u00e5linger er avgj\u00f8rende for \u00e5 bestemme holdbarheten og styrken til trefiberplater som brukes i produksjon av emballasjekasser og andre emballasjel\u00f8sninger. PBT-01 er egnet for alle typer b\u00f8lgepapp og sikrer at emballasjematerialene oppfyller strenge kvalitetsstandarder for beskyttelse og p\u00e5litelighet.<\/p>","protected":false},"featured_media":6184,"comment_status":"closed","ping_status":"closed","template":"","meta":{"site-sidebar-layout":"default","site-content-layout":"default","ast-global-header-display":"","ast-main-header-display":"","ast-hfb-above-header-display":"","ast-hfb-below-header-display":"","ast-hfb-mobile-header-display":"","site-post-title":"","ast-breadcrumbs-content":"","ast-featured-img":"","footer-sml-layout":"","theme-transparent-header-meta":"default","adv-header-id-meta":"","stick-header-meta":"","header-above-stick-meta":"","header-main-stick-meta":"","header-below-stick-meta":""},"product_cat":[685,845,1149,962,44,160,95],"product_tag":[],"class_list":{"0":"post-5281","1":"product","2":"type-product","3":"status-publish","4":"has-post-thumbnail","6":"product_cat-thickness-tester","7":"product_cat-customization","8":"product_cat-tappi-t437","9":"product_cat-thickness-gauges","10":"product_cat-paper-and-board-testers","11":"product_cat-iso-3034","12":"product_cat-products","13":"desktop-align-left","14":"tablet-align-left","15":"mobile-align-left","17":"first","18":"instock","19":"shipping-taxable","20":"product-type-simple"},"_links":{"self":[{"href":"https:\/\/www.qualitester.com\/nb\/wp-json\/wp\/v2\/product\/5281","targetHints":{"allow":["GET"]}}],"collection":[{"href":"https:\/\/www.qualitester.com\/nb\/wp-json\/wp\/v2\/product"}],"about":[{"href":"https:\/\/www.qualitester.com\/nb\/wp-json\/wp\/v2\/types\/product"}],"replies":[{"embeddable":true,"href":"https:\/\/www.qualitester.com\/nb\/wp-json\/wp\/v2\/comments?post=5281"}],"version-history":[{"count":0,"href":"https:\/\/www.qualitester.com\/nb\/wp-json\/wp\/v2\/product\/5281\/revisions"}],"wp:featuredmedia":[{"embeddable":true,"href":"https:\/\/www.qualitester.com\/nb\/wp-json\/wp\/v2\/media\/6184"}],"wp:attachment":[{"href":"https:\/\/www.qualitester.com\/nb\/wp-json\/wp\/v2\/media?parent=5281"}],"wp:term":[{"taxonomy":"product_cat","embeddable":true,"href":"https:\/\/www.qualitester.com\/nb\/wp-json\/wp\/v2\/product_cat?post=5281"},{"taxonomy":"product_tag","embeddable":true,"href":"https:\/\/www.qualitester.com\/nb\/wp-json\/wp\/v2\/product_tag?post=5281"}],"curies":[{"name":"wp","href":"https:\/\/api.w.org\/{rel}","templated":true}]}}