{"id":5247,"date":"2024-11-06T13:22:00","date_gmt":"2024-11-06T05:22:00","guid":{"rendered":"https:\/\/www.qualitester.com\/?post_type=product&#038;p=5247"},"modified":"2024-12-05T15:33:06","modified_gmt":"2024-12-05T07:33:06","slug":"sale-tape-holding-power-tester","status":"publish","type":"product","link":"https:\/\/www.qualitester.com\/nb\/produkt-2\/sale-tape-holding-power-tester\/","title":{"rendered":"LAT-01 Tester for varig klebeevne"},"content":{"rendered":"<h2><strong>Introduksjon av Tape Holding Power Tester<\/strong><\/h2>\n<p>Den <strong>Krafttester for tapeholder<\/strong> er et viktig testinstrument som er utviklet for \u00e5 m\u00e5le klebestyrken til trykkf\u00f8lsomme teip og etiketter under konstante belastningsforhold. Instrumentet vurderer teipens evne til \u00e5 motst\u00e5 glidning og opprettholde vedheft n\u00e5r den utsettes for belastning, noe som gj\u00f8r det til et avgj\u00f8rende verkt\u00f8y for bransjer som er avhengige av teipens ytelse, for eksempel emballasje, medisin, legemidler og mer.<\/p>\n<p>Denne testeren er et p\u00e5litelig verkt\u00f8y for \u00e5 evaluere tapens stabilitet og holdbarhet p\u00e5 lang sikt, og sikrer at den overholder de n\u00f8dvendige standardene for ulike bruksomr\u00e5der. Den brukes til \u00e5 fastsl\u00e5 hvor godt teipen fester seg til overflater, selv under utfordrende forhold, og gir viktig innsikt i ytelsen over tid.<\/p>\n<h2><strong>Bruksomr\u00e5de for teipholdereffekttester<\/strong><\/h2>\n<p>Den <strong>Krafttester for tapeholder<\/strong> brukes ofte i f\u00f8lgende bransjer:<\/p>\n<ul>\n<li><strong>Emballasje:<\/strong> Sikrer at teip som brukes i emballasjematerialer, beholder sine klebeegenskaper under transport og lagring.<\/li>\n<li><strong>Medisinsk og farmas\u00f8ytisk:<\/strong> Verifiserer klebestyrken til medisinske teip, bandasjer og farmas\u00f8ytiske emballasjematerialer.<\/li>\n<li><strong>Lim:<\/strong> Uunnv\u00e6rlig for testing av trykkf\u00f8lsomme lim som brukes i etiketter, teip og andre limbaserte produkter.<\/li>\n<li><strong>Tekstiler:<\/strong> Hjelper med \u00e5 vurdere vedheft av tekstilb\u00e5nd og etiketter under stressende forhold.<\/li>\n<li><strong>Kvalitetskontrollbyr\u00e5er:<\/strong> Gir objektive data om tapens ytelse, noe som bidrar til kvalitetskontroll for produsenter og leverand\u00f8rer.<\/li>\n<\/ul>\n<p>Den brukes f\u00f8rst og fremst til \u00e5 teste <strong>holdekraft<\/strong> av trykkf\u00f8lsomme teip og etiketter for \u00e5 sikre at de oppfyller de n\u00f8dvendige spesifikasjonene for virkelige bruksomr\u00e5der.<\/p>\n<h2><strong>Testprinsipp<\/strong><\/h2>\n<p>Den <strong>Krafttester for tapeholder<\/strong> fungerer etter prinsippet om <strong>skj\u00e6radhesjon under konstant belastning<\/strong>. Testen inneb\u00e6rer f\u00f8lgende prosess:<\/p>\n<ul>\n<li>En stripe tape p\u00e5f\u00f8res en standard st\u00e5lplate under kontrollerte forhold.<\/li>\n<li>En standard masse er festet til den frie enden av b\u00e5ndet for \u00e5 p\u00e5f\u00f8re en konstant belastning.<\/li>\n<li>Panelet plasseres deretter vertikalt, og tiden det tar f\u00f8r tapen svikter (dvs. glir eller l\u00f8sner helt fra overflaten), registreres.<\/li>\n<\/ul>\n<p>Denne testen bidrar til \u00e5 simulere virkelige forhold der b\u00e5ndene kan utsettes for krefter som kan f\u00f8re til at limet svikter. Den <strong>Krafttester for tapeholder<\/strong> er i stand til \u00e5 teste ulike typer trykkf\u00f8lsomme teip, inkludert de som brukes i industrielle, medisinske og forbrukerapplikasjoner.<\/p>\n<h2><strong>Testmetoder<\/strong><\/h2>\n<h3><strong>ASTM D3654<\/strong><\/h3>\n<p>Den <strong>ASTM D3654<\/strong> er en av de mest anerkjente metodene for testing av skj\u00e6radhesjon for trykkf\u00f8lsomme teip. I henhold til ASTM D3654:<\/p>\n<ul>\n<li>B\u00e5ndet p\u00e5f\u00f8res en standard st\u00e5lplate og utsettes for en konstant masse i en spesifisert vinkel.<\/li>\n<li>Testeren m\u00e5ler <strong>tid til feil<\/strong> eller <strong>mengden av glidning<\/strong> som oppst\u00e5r n\u00e5r b\u00e5ndet utsettes for konstant skj\u00e6rspenning.<\/li>\n<li>Denne metoden evaluerer limets evne til \u00e5 motst\u00e5 glidning under belastning, noe som gir et kvantitativt m\u00e5l p\u00e5 <strong>holdekraft<\/strong>.<\/li>\n<\/ul>\n<h3><strong>PSTC-107<\/strong><\/h3>\n<p>Den <strong>PSTC-107<\/strong> er en annen viktig industristandard for testing av trykkf\u00f8lsomme teipers holdeevne. Denne standarden spesifiserer hvordan man m\u00e5ler tapens evne til \u00e5 motst\u00e5 krefter som p\u00e5f\u00f8res parallelt med limoverflaten, noe som etterligner forholdene under faktisk bruk.<\/p>\n<ul>\n<li>Som ASTM D3654, <strong>PSTC-107<\/strong> vurderer <strong>tid til feil<\/strong> eller <strong>mengden av glidning<\/strong> som oppst\u00e5r n\u00e5r en bestemt masse p\u00e5f\u00f8res.<\/li>\n<li>Det sikrer at teipene som brukes i ulike produkter, opprettholder sine klebeegenskaper under konstante belastningsforhold over tid.<\/li>\n<\/ul>\n<p>Begge <strong>ASTM D3654<\/strong> og <strong>PSTC-107<\/strong> er viktige standarder for \u00e5 sikre ytelsen og p\u00e5liteligheten til trykkf\u00f8lsomme lim.<\/p>\n<h2><strong>Fordeler<\/strong><\/h2>\n<ul>\n<li><strong>N\u00f8yaktig m\u00e5ling<\/strong>: Med et mikrokontrollerbasert tidtakingssystem sikrer Tape Holding Power Tester n\u00f8yaktige og repeterbare resultater.<\/li>\n<li><strong>Tilpassbare alternativer<\/strong>: Testeren kan konfigureres med flere teststasjoner, noe som gj\u00f8r den ideell for testing med h\u00f8y gjennomstr\u00f8mning i store produksjonsmilj\u00f8er.<\/li>\n<li><strong>Allsidig temperaturkontroll<\/strong>: Testeren kan tilpasses for bruk under ulike temperaturforhold for \u00e5 simulere virkelige milj\u00f8faktorer.<\/li>\n<li><strong>Brukervennlig grensesnitt<\/strong>: Det brukervennlige LCD-displayet med tidsl\u00e5sing gj\u00f8r det enkelt og oversiktlig \u00e5 f\u00f8lge med p\u00e5 testresultatene.<\/li>\n<li><strong>P\u00e5litelige resultater<\/strong>: Testeren gir konsistente data om klebestyrken til teipene, noe som hjelper produsentene med \u00e5 oppfylle kravene til kvalitetssikring.<\/li>\n<\/ul>\n<h2><strong>Standarder<\/strong><\/h2>\n<p>Den <strong>Krafttester for tapeholder<\/strong> er utformet for \u00e5 overholde f\u00f8lgende viktige bransjestandarder:<\/p>\n<ul>\n<li><a href=\"https:\/\/www.astm.org\/d3654_d3654m-06r19.html\" target=\"_blank\" rel=\"noopener nofollow\"><strong>ASTM D3654<\/strong><\/a>: Standard pr\u00f8vingsmetode for skj\u00e6rhefting av trykkf\u00f8lsomme teip.<\/li>\n<li><a href=\"https:\/\/pstc.org\/resources\/test-methods\/\" target=\"_blank\" rel=\"noopener nofollow\"><strong>PSTC-107<\/strong><\/a>: Standard testmetode for holdekraft for trykkf\u00f8lsomme teip under konstant belastning.<\/li>\n<li><strong>JIS Z0237<\/strong>: Japansk industristandard for testing av teip.<\/li>\n<li><strong>GT\/T 4851<\/strong>: Kinesisk standard for testing av trykkf\u00f8lsom tape.<\/li>\n<\/ul>\n<p>Disse standardene sikrer at <strong>Krafttester for tapeholder<\/strong> gir n\u00f8yaktige og p\u00e5litelige resultater som oppfyller globale bransjekrav.<\/p>\n<h2><strong>Hovedparametere<\/strong><\/h2>\n<table>\n<tbody>\n<tr>\n<td style=\"text-align: center;\" width=\"105\">Modeller<\/td>\n<td style=\"text-align: center;\" width=\"50\"><strong>LAT-5<\/strong><\/td>\n<td style=\"text-align: center;\" width=\"58\"><strong>LAT-10<\/strong><\/td>\n<td style=\"text-align: center;\" width=\"58\"><strong>LAT-20<\/strong><\/td>\n<td style=\"text-align: center;\" width=\"58\"><strong>LAT-30<\/strong><\/td>\n<td style=\"text-align: center;\" width=\"65\"><strong>LAT-5TC<\/strong><\/td>\n<td style=\"text-align: center;\" width=\"73\"><strong>LAT-10TC<\/strong><\/td>\n<\/tr>\n<tr>\n<td style=\"text-align: center;\" width=\"105\">Teststasjoner<\/td>\n<td style=\"text-align: center;\" width=\"50\">5<\/td>\n<td style=\"text-align: center;\" width=\"58\">10<\/td>\n<td style=\"text-align: center;\" width=\"58\">20<\/td>\n<td style=\"text-align: center;\" width=\"58\">30<\/td>\n<td style=\"text-align: center;\" width=\"65\">5<\/td>\n<td style=\"text-align: center;\" width=\"73\">10<\/td>\n<\/tr>\n<tr>\n<td style=\"text-align: center;\" width=\"105\">Temp. Omr\u00e5de<\/td>\n<td style=\"text-align: center;\" colspan=\"4\" rowspan=\"1\" width=\"224\">N\/A<\/td>\n<td style=\"text-align: center;\" colspan=\"2\" rowspan=\"1\" width=\"138\">Omgivelser ~ 80 \u2103<\/td>\n<\/tr>\n<tr>\n<td style=\"text-align: center;\" width=\"105\">Testtid<\/td>\n<td style=\"text-align: center;\" colspan=\"6\" rowspan=\"1\" width=\"362\">0~99H99M99S<\/td>\n<\/tr>\n<tr>\n<td style=\"text-align: center;\" width=\"105\">Testmasse<\/td>\n<td style=\"text-align: center;\" colspan=\"6\" rowspan=\"1\" width=\"362\">1000\u00b15g<\/td>\n<\/tr>\n<tr>\n<td style=\"text-align: center;\" width=\"105\">Panel<\/td>\n<td style=\"text-align: center;\" colspan=\"6\" rowspan=\"1\" width=\"362\">60*40*1,5 LWD<\/td>\n<\/tr>\n<tr>\n<td style=\"text-align: center;\" width=\"105\">Str\u00f8m<\/td>\n<td style=\"text-align: center;\" colspan=\"6\" rowspan=\"1\" width=\"362\">AC 220V 50Hz<\/td>\n<\/tr>\n<tr>\n<td style=\"text-align: center;\" colspan=\"7\" rowspan=\"1\" width=\"467\">Rullespesifikasjon<\/td>\n<\/tr>\n<tr>\n<td style=\"text-align: center;\" width=\"105\">Rulle<\/td>\n<td style=\"text-align: center;\" colspan=\"6\" rowspan=\"1\" width=\"362\">2000g\u00b150g<\/td>\n<\/tr>\n<tr>\n<td style=\"text-align: center;\" width=\"105\">Diameter<\/td>\n<td style=\"text-align: center;\" colspan=\"6\" rowspan=\"1\" width=\"362\">85\u00b12,5 mm<\/td>\n<\/tr>\n<tr>\n<td style=\"text-align: center;\" width=\"105\">Bredde<\/td>\n<td style=\"text-align: center;\" colspan=\"6\" rowspan=\"1\" width=\"362\">45\u00b11,5 mm<\/td>\n<\/tr>\n<tr>\n<td style=\"text-align: center;\" width=\"105\">Gummi<\/td>\n<td style=\"text-align: center;\" colspan=\"6\" rowspan=\"1\" width=\"362\">6 mm i tykkelse, Shore-hardhet 80 \u00b1 5\u00b0.<\/td>\n<\/tr>\n<\/tbody>\n<\/table>\n<p style=\"text-align: left;\">Den <strong>Krafttester for tapeholder<\/strong> er et viktig verkt\u00f8y for alle bransjer som er avhengige av ytelsen til trykkf\u00f8lsomme lim. Ved \u00e5 tilby presise tester i samsvar med globale standarder som <strong>ASTM D3654<\/strong> og <strong>PSTC-107<\/strong>, Den sikrer at teip og etiketter oppfyller de n\u00f8dvendige ytelseskriteriene. Enten det gjelder emballasje, medisinske, farmas\u00f8ytiske eller selvklebende bruksomr\u00e5der, hjelper denne testeren produsenter med \u00e5 sikre holdbarheten, p\u00e5liteligheten og kvaliteten p\u00e5 de selvklebende produktene sine.<\/p>\n<div id=\"gtx-anchor\" style=\"position: absolute; visibility: hidden; left: 294.078px; top: 69.5156px; width: 22.3906px; height: 19px;\"><\/div>\n<div class=\"jfk-bubble gtx-bubble\" style=\"visibility: visible; left: -362px; top: 99px; opacity: 1;\" role=\"alertdialog\" aria-describedby=\"bubble-2\">\n<div id=\"bubble-2\" class=\"jfk-bubble-content-id\">\n<div id=\"gtx-host\" style=\"min-width: 200px; max-width: 400px;\"><\/div>\n<\/div>\n<div class=\"jfk-bubble-closebtn-id jfk-bubble-closebtn\" tabindex=\"0\" role=\"button\" aria-label=\"Lukk\"><\/div>\n<div class=\"jfk-bubble-arrow-id jfk-bubble-arrow jfk-bubble-arrowup\" style=\"left: 305.078px;\">\n<div class=\"jfk-bubble-arrowimplbefore\"><\/div>\n<div class=\"jfk-bubble-arrowimplafter\"><\/div>\n<\/div>\n<\/div>","protected":false},"excerpt":{"rendered":"<p>Den <strong>Krafttester for tapeholder<\/strong> er et viktig testinstrument som er utviklet for \u00e5 m\u00e5le klebestyrken til trykkf\u00f8lsomme teip og etiketter under konstante belastningsforhold. Instrumentet vurderer teipens evne til \u00e5 motst\u00e5 glidning og opprettholde vedheft n\u00e5r den utsettes for belastning, noe som gj\u00f8r det til et avgj\u00f8rende verkt\u00f8y for bransjer som er avhengige av teipens ytelse, for eksempel emballasje, medisin, legemidler og mer.<\/p>","protected":false},"featured_media":6298,"comment_status":"closed","ping_status":"closed","template":"","meta":{"site-sidebar-layout":"default","site-content-layout":"default","ast-global-header-display":"","ast-main-header-display":"","ast-hfb-above-header-display":"","ast-hfb-below-header-display":"","ast-hfb-mobile-header-display":"","site-post-title":"","ast-breadcrumbs-content":"","ast-featured-img":"","footer-sml-layout":"","theme-transparent-header-meta":"default","adv-header-id-meta":"","stick-header-meta":"","header-above-stick-meta":"","header-main-stick-meta":"","header-below-stick-meta":""},"product_cat":[845,1172,949,673,130,95],"product_tag":[],"class_list":{"0":"post-5247","1":"product","2":"type-product","3":"status-publish","4":"has-post-thumbnail","6":"product_cat-customization","7":"product_cat-jis-z0237","8":"product_cat-pstc-107","9":"product_cat-adhesive-tester","10":"product_cat-astm-d3654","11":"product_cat-products","12":"desktop-align-left","13":"tablet-align-left","14":"mobile-align-left","16":"first","17":"instock","18":"shipping-taxable","19":"product-type-simple"},"_links":{"self":[{"href":"https:\/\/www.qualitester.com\/nb\/wp-json\/wp\/v2\/product\/5247","targetHints":{"allow":["GET"]}}],"collection":[{"href":"https:\/\/www.qualitester.com\/nb\/wp-json\/wp\/v2\/product"}],"about":[{"href":"https:\/\/www.qualitester.com\/nb\/wp-json\/wp\/v2\/types\/product"}],"replies":[{"embeddable":true,"href":"https:\/\/www.qualitester.com\/nb\/wp-json\/wp\/v2\/comments?post=5247"}],"version-history":[{"count":0,"href":"https:\/\/www.qualitester.com\/nb\/wp-json\/wp\/v2\/product\/5247\/revisions"}],"wp:featuredmedia":[{"embeddable":true,"href":"https:\/\/www.qualitester.com\/nb\/wp-json\/wp\/v2\/media\/6298"}],"wp:attachment":[{"href":"https:\/\/www.qualitester.com\/nb\/wp-json\/wp\/v2\/media?parent=5247"}],"wp:term":[{"taxonomy":"product_cat","embeddable":true,"href":"https:\/\/www.qualitester.com\/nb\/wp-json\/wp\/v2\/product_cat?post=5247"},{"taxonomy":"product_tag","embeddable":true,"href":"https:\/\/www.qualitester.com\/nb\/wp-json\/wp\/v2\/product_tag?post=5247"}],"curies":[{"name":"wp","href":"https:\/\/api.w.org\/{rel}","templated":true}]}}