{"id":5218,"date":"2024-11-05T11:57:50","date_gmt":"2024-11-05T03:57:50","guid":{"rendered":"https:\/\/www.qualitester.com\/?post_type=product&#038;p=5218"},"modified":"2025-02-27T14:50:00","modified_gmt":"2025-02-27T06:50:00","slug":"sale-tape-loop-tack-testing-machine","status":"publish","type":"product","link":"https:\/\/www.qualitester.com\/nb\/produkt-2\/sale-tape-loop-tack-testing-machine\/","title":{"rendered":"LTT-01 Loop Tack Tester"},"content":{"rendered":"<p data-start=\"157\" data-end=\"663\">Den <strong data-start=\"161\" data-end=\"188\">LTT-01 Loop Tack Tester<\/strong> er et viktig verkt\u00f8y for m\u00e5ling av klebrighetskraften til lim, teip, etiketter og andre trykkf\u00f8lsomme materialer. LTT-01 er designet for presisjon og p\u00e5litelighet, og bidrar til \u00e5 sikre at klebemidler fungerer som forventet under ulike forhold. Den overholder anerkjente standarder som <strong data-start=\"474\" data-end=\"509\">FINAT-testmetode nr. 9 (FTM-9)<\/strong>, <strong data-start=\"511\" data-end=\"532\">PSTC-16 Loop Tack<\/strong>, og <strong data-start=\"538\" data-end=\"552\">ASTM D6195<\/strong>, Det gj\u00f8r den uunnv\u00e6rlig i bransjer som spenner fra emballasje og medisinsk utstyr til n\u00e6ringsmidler og legemidler.<\/p>\n<h2>Testprinsipp for Loop Tack-testeren<\/h2>\n<p data-start=\"718\" data-end=\"979\">Den <strong data-start=\"722\" data-end=\"740\">l\u00f8kkeheftetest<\/strong> m\u00e5ler kraften som kreves for \u00e5 skille en limpr\u00f8ve med sl\u00f8yfe fra en limende (vanligvis en glassplate) umiddelbart etter kontakt. Denne testen er avgj\u00f8rende for \u00e5 forst\u00e5 hvor raskt og sterkt et lim fester seg ved f\u00f8rste kontakt.<\/p>\n<p data-start=\"981\" data-end=\"1383\">I LTT-01 formes en limstrimmel, vanligvis 25 mm bred og 125 mm lang, til en l\u00f8kke som plasseres mot en glassplate med en kontrollert hastighet p\u00e5 300 mm\/min. Etter at limet har kommet i kontakt med glasset, trekkes det tilbake med samme hastighet, og den maksimale kraften som kreves for \u00e5 trekke det bort, m\u00e5les. Denne kraften er \u201cloop tack\u201d, som er en viktig indikator p\u00e5 limets umiddelbare bindingsstyrke.<\/p>\n<h2 data-start=\"4338\" data-end=\"4371\"><strong data-start=\"4342\" data-end=\"4371\">Testmetode og prosedyre<\/strong><\/h2>\n<p data-start=\"4373\" data-end=\"4454\">Den <strong data-start=\"4377\" data-end=\"4404\">LTT-01 Loop Tack Tester<\/strong> f\u00f8lger en enkel, men effektiv testprosedyre:<\/p>\n<ol data-start=\"4455\" data-end=\"4816\">\n<li data-start=\"4455\" data-end=\"4545\">En pr\u00f8ve av selvklebende tape eller materiale, 25 mm bred og 175 mm lang, formes til en l\u00f8kke.<\/li>\n<li data-start=\"4546\" data-end=\"4626\">Sl\u00f8yfen presses mot en glassplate med en kontrollert hastighet p\u00e5 300 mm\/min.<\/li>\n<li data-start=\"4627\" data-end=\"4697\">Etter kontakt trekkes l\u00f8kken umiddelbart tilbake med samme hastighet.<\/li>\n<li data-start=\"4698\" data-end=\"4816\">Den maksimale kraften som kreves for \u00e5 skille l\u00f8kken fra glassplaten registreres, som er <strong data-start=\"4796\" data-end=\"4809\">l\u00f8kkeheft<\/strong> verdi.<\/li>\n<\/ol>\n<h3 data-start=\"4818\" data-end=\"4967\">Hovedparameter<\/h3>\n<table>\n<tbody>\n<tr>\n<td style=\"text-align: center;\" width=\"194\">Testomr\u00e5de<\/td>\n<td style=\"text-align: center;\" width=\"178\">200N (eller andre)<\/td>\n<\/tr>\n<tr>\n<td style=\"text-align: center;\" width=\"194\">Hastighetsomr\u00e5de<\/td>\n<td style=\"text-align: center;\" width=\"178\">1-500 mm\/m<\/td>\n<\/tr>\n<tr>\n<td style=\"text-align: center;\" width=\"194\">Hjerneslag<\/td>\n<td style=\"text-align: center;\" width=\"178\">200 mm<\/td>\n<\/tr>\n<tr>\n<td style=\"text-align: center;\" width=\"194\">Utvalgsst\u00f8rrelse<\/td>\n<td style=\"text-align: center;\" width=\"178\">125 mm * 25 mm<\/td>\n<\/tr>\n<tr>\n<td style=\"text-align: center;\" width=\"194\">Str\u00f8m<\/td>\n<td style=\"text-align: center;\" width=\"178\">AC 110~220V, 50\/60HZ<\/td>\n<\/tr>\n<\/tbody>\n<\/table>\n<h2 data-start=\"1390\" data-end=\"1429\"><strong data-start=\"1394\" data-end=\"1429\">Standarder for Loop Tack Testing<\/strong><\/h2>\n<ol>\n<li data-start=\"1431\" data-end=\"1471\"><strong data-start=\"1436\" data-end=\"1471\">FINAT-testmetode nr. 9 (FTM-9) M\u00e5ling av sl\u00f8yfeklebrighet<br \/>\n<\/strong>Den <strong data-start=\"1477\" data-end=\"1512\">FINAT-testmetode nr. 9 (FTM-9)<\/strong> er en av de mest anerkjente standardene i etikett- og limbransjen. Den evaluerer l\u00f8kkeklebrigheten til trykkf\u00f8lsomme lim, for eksempel de som brukes i etiketter og tape. FTM-9 sikrer at limene oppfyller de n\u00f8dvendige ytelseskriteriene for rask liming og enkel p\u00e5f\u00f8ring.<\/li>\n<li data-start=\"1431\" data-end=\"1471\"><strong style=\"font-size: 16px;\" data-start=\"1814\" data-end=\"1835\">PSTC-16 Test av trykkf\u00f8lsom tape med sl\u00f8yfeklebrighet<br \/>\n<\/strong><a href=\"https:\/\/www.qualitester.com\/nb\/produktkategori\/pstc\/pstc-16\/\" target=\"_blank\" rel=\"noopener\"><strong style=\"font-size: 16px;\" data-start=\"1837\" data-end=\"1848\">PSTC-16<\/strong><\/a><span style=\"font-size: 16px;\"> er en standard utviklet av Pressure Sensitive Tape Council (PSTC), som fokuserer p\u00e5 \u00e5 evaluere de trykkf\u00f8lsomme klebemidlenes heftegenskaper. Den brukes ofte til testing av teip, etiketter og lignende limprodukter.<\/span><\/li>\n<li data-start=\"1431\" data-end=\"1471\"><strong style=\"font-size: 16px;\" data-start=\"2234\" data-end=\"2248\">ASTM D6195 Standard testmetoder for sl\u00f8yfeklebrighet<br \/>\n<\/strong><a href=\"https:\/\/www.qualitester.com\/nb\/produktkategori\/astm\/astm-d6195\/\" target=\"_blank\" rel=\"noopener\"><strong style=\"font-size: 16px;\" data-start=\"2250\" data-end=\"2264\">ASTM D6195<\/strong><\/a><span style=\"font-size: 16px;\"> gir retningslinjer for m\u00e5ling av l\u00f8kkeklebrighet for trykkf\u00f8lsomme lim. Denne standarden er mye brukt i ulike bransjer, blant annet emballasje, medisinsk utstyr og legemidler, for \u00e5 verifisere at limene oppfyller kravene til limstyrke.<\/span><\/li>\n<\/ol>\n<h2>Funksjoner og tekniske spesifikasjoner<\/h2>\n<p>Den <strong>Testmaskin for tape loop tack<\/strong> er utstyrt med avanserte funksjoner for presis og p\u00e5litelig klebetesting.<\/p>\n<ul>\n<li><strong>Brukervennlig skjerm<\/strong>: A <strong>7-tommers HMI-ber\u00f8ringsskjerm<\/strong> Grensesnittet gj\u00f8r det enkelt \u00e5 sette opp, overv\u00e5ke og betjene, noe som effektiviserer testprosessen.<\/li>\n<li><strong>PLS-kontroll<\/strong>: Utstyrt med <strong>Programmerbar logisk styring (PLS)<\/strong> for h\u00f8y presisjon og automatiserte testmuligheter.<\/li>\n<li><strong>Bredt testomr\u00e5de<\/strong>: Instrumentet dekker et <strong>testomr\u00e5de p\u00e5 opptil 200N<\/strong>, noe som gir fleksibilitet for ulike limstyrker.<\/li>\n<li><strong>Justerbart hastighetsomr\u00e5de<\/strong>: Hastighetsalternativer fra <strong>1-500 mm\/min<\/strong> st\u00f8tter ulike testkrav.<\/li>\n<li><strong>Presisjonsmekanikk<\/strong>: A <strong>presisjonskuleskrue<\/strong> systemet sikrer jevne, konsekvente bevegelser og n\u00f8yaktig m\u00e5ling av hastighet og forskyvning, noe som opprettholder h\u00f8y testn\u00f8yaktighet.<\/li>\n<li><strong>Tilpassbare parametere<\/strong>: Operat\u00f8ren kan justere hastighet, slaglengde og oppholdstid for \u00e5 dekke spesifikke testbehov.<\/li>\n<li><strong>Forbedret sikkerhet<\/strong>: Sikkerhetsmekanismer inkluderer en <strong>automatisk returfunksjon<\/strong> og begrensningsanordning, noe som sikrer operat\u00f8rens sikkerhet under testing.<\/li>\n<li><strong>Integrert mikroskriver<\/strong>: En innebygd <strong>punktmatrisemikroskriver<\/strong> gj\u00f8r det mulig \u00e5 f\u00e5 ut testresultater umiddelbart for dokumentasjons- og rapporteringsform\u00e5l.<\/li>\n<li><strong>Standard kompatibel glassplate<\/strong>: Inkluderer en standardkompatibel <strong>Floatglassplate<\/strong>, noe som sikrer n\u00f8yaktige klebrighetsm\u00e5linger og konsistente testforhold.<\/li>\n<\/ul>\n<h2>Konfigurasjon og tilbeh\u00f8r<\/h2>\n<p>Den <strong>Testmaskin for tape loop tack<\/strong> er utstyrt med standardkomponenter og ekstrautstyr som gj\u00f8r den enda mer allsidig og brukervennlig.<\/p>\n<ul>\n<li>\n<h3><strong>Standard konfigurasjon<\/strong>:<\/h3>\n<ul>\n<li><strong>LTT-01 Loop Tack Tester<\/strong> enhet<\/li>\n<li>Tilbeh\u00f8r: Glasspanel, overkjeve, underjigg, sikringer, brukerh\u00e5ndbok, kalibreringssertifikat og str\u00f8mkabel.<\/li>\n<\/ul>\n<\/li>\n<li>\n<h3><strong>Valgfri konfigurasjon<\/strong>:<\/h3>\n<ul>\n<li><strong>Panel i rustfritt st\u00e5l<\/strong> for \u00f8kt holdbarhet<\/li>\n<li><strong>RS232-port<\/strong> for datakommunikasjon og -overf\u00f8ring<\/li>\n<li><strong>COM-linje<\/strong> og spesialisert programvare for avansert dataanalyse og rapportering<\/li>\n<\/ul>\n<\/li>\n<\/ul>\n<h2>Bruksomr\u00e5der for tape loop tack-testmaskinen<\/h2>\n<p>Dette instrumentet er ideelt for en lang rekke bransjer der p\u00e5liteligheten til limet er avgj\u00f8rende, som f.eks:<\/p>\n<ul>\n<li><strong>Emballasje og merking<\/strong> - Sikre at teip, klistremerker og etiketter holder seg p\u00e5 plass umiddelbart etter p\u00e5f\u00f8ring.<\/li>\n<li><strong>Medisinsk og farmas\u00f8ytisk<\/strong> - Test av teip og bandasjer for \u00e5 sikre jevn ytelse.<\/li>\n<li><strong>Mat og drikke<\/strong> - Kvalitetssikring av emballasjeforseglinger og selvklebende lukninger.<\/li>\n<li><strong>Elektronikk og daglige kjemikalier<\/strong> - Verifiserer klebrigheten til limkomponenter for sikker og p\u00e5litelig bruk.<\/li>\n<\/ul>\n<p>Den <strong>Testmaskin for tape loop tack<\/strong> er en robust l\u00f8sning for produsenter, kvalitetskontrollavdelinger og testlaboratorier som \u00f8nsker en konsekvent og p\u00e5litelig <strong>vurdering av limets ytelse<\/strong>. Med sin overholdelse av ASTM D6195 og andre internasjonale standarder, tilpassbare innstillinger og sikkerhetsfunksjoner, er den det beste valget for loop tack-testing med h\u00f8y presisjon.<\/p>","protected":false},"excerpt":{"rendered":"<p>Den <strong>Testmaskin for tape loop tack<\/strong> er en robust l\u00f8sning for produsenter, kvalitetskontrollavdelinger og testlaboratorier som \u00f8nsker en konsekvent og p\u00e5litelig <strong>vurdering av limets ytelse<\/strong>. Med sin overholdelse av ASTM D6195 og andre internasjonale standarder, tilpassbare innstillinger og sikkerhetsfunksjoner, er den det beste valget for loop tack-testing med h\u00f8y presisjon.<\/p>","protected":false},"featured_media":6259,"comment_status":"closed","ping_status":"closed","template":"","meta":{"site-sidebar-layout":"default","site-content-layout":"default","ast-global-header-display":"","ast-main-header-display":"","ast-hfb-above-header-display":"","ast-hfb-below-header-display":"","ast-hfb-mobile-header-display":"","site-post-title":"","ast-breadcrumbs-content":"","ast-featured-img":"","footer-sml-layout":"","theme-transparent-header-meta":"default","adv-header-id-meta":"","stick-header-meta":"","header-above-stick-meta":"","header-main-stick-meta":"","header-below-stick-meta":""},"product_cat":[845,1075,1074,1162,672,673,95],"product_tag":[],"class_list":{"0":"post-5218","1":"product","2":"type-product","3":"status-publish","4":"has-post-thumbnail","6":"product_cat-customization","7":"product_cat-astm-d6195","8":"product_cat-loop-tack-tester","9":"product_cat-pstc-16","10":"product_cat-applied-materials","11":"product_cat-adhesive-tester","12":"product_cat-products","13":"desktop-align-left","14":"tablet-align-left","15":"mobile-align-left","17":"first","18":"instock","19":"shipping-taxable","20":"product-type-simple"},"_links":{"self":[{"href":"https:\/\/www.qualitester.com\/nb\/wp-json\/wp\/v2\/product\/5218","targetHints":{"allow":["GET"]}}],"collection":[{"href":"https:\/\/www.qualitester.com\/nb\/wp-json\/wp\/v2\/product"}],"about":[{"href":"https:\/\/www.qualitester.com\/nb\/wp-json\/wp\/v2\/types\/product"}],"replies":[{"embeddable":true,"href":"https:\/\/www.qualitester.com\/nb\/wp-json\/wp\/v2\/comments?post=5218"}],"version-history":[{"count":0,"href":"https:\/\/www.qualitester.com\/nb\/wp-json\/wp\/v2\/product\/5218\/revisions"}],"wp:featuredmedia":[{"embeddable":true,"href":"https:\/\/www.qualitester.com\/nb\/wp-json\/wp\/v2\/media\/6259"}],"wp:attachment":[{"href":"https:\/\/www.qualitester.com\/nb\/wp-json\/wp\/v2\/media?parent=5218"}],"wp:term":[{"taxonomy":"product_cat","embeddable":true,"href":"https:\/\/www.qualitester.com\/nb\/wp-json\/wp\/v2\/product_cat?post=5218"},{"taxonomy":"product_tag","embeddable":true,"href":"https:\/\/www.qualitester.com\/nb\/wp-json\/wp\/v2\/product_tag?post=5218"}],"curies":[{"name":"wp","href":"https:\/\/api.w.org\/{rel}","templated":true}]}}