{"id":5154,"date":"2024-10-31T11:51:07","date_gmt":"2024-10-31T03:51:07","guid":{"rendered":"https:\/\/www.qualitester.com\/?post_type=product&#038;p=5154"},"modified":"2025-08-12T11:39:30","modified_gmt":"2025-08-12T03:39:30","slug":"sale-gross-bubble-leak-test-equipment","status":"publish","type":"product","link":"https:\/\/www.qualitester.com\/nb\/produkt-2\/sale-gross-bubble-leak-test-equipment\/","title":{"rendered":"GLT-01 Testutstyr for brutto boblelekkasje"},"content":{"rendered":"<h2>Introduksjon til utstyr for lekkasjetesting med bobler<\/h2>\n<p><strong>Utstyr for lekkasjetesting av bobler<\/strong> er avgj\u00f8rende for \u00e5 vurdere integriteten til emballasjeforseglinger og sikre at produktene forblir beskyttet under lagring og transport. Denne testmetoden, som er standardisert under <a href=\"https:\/\/www.qualitester.com\/nb\/standards\/astm-f2096\/\" target=\"_blank\" rel=\"noopener\"><strong data-start=\"558\" data-end=\"572\">ASTM F2096<\/strong><\/a>, oppdager <strong data-start=\"582\" data-end=\"597\">store lekkasjer<\/strong> i por\u00f8s og ikke-por\u00f8s emballasje ved \u00e5 observere luftbobler n\u00e5r emballasjen settes under trykk under vann. Ved \u00e5 oppdage lekkasjer med stor n\u00f8yaktighet spiller dette utstyret en viktig rolle i opprettholdelsen av produktkvalitet og -sikkerhet i en rekke bransjer, inkludert farmas\u00f8ytiske produkter, medisinsk utstyr, matemballasje med mer.<\/p>\n<h2>Viktigheten av lekkasjetesting<\/h2>\n<p>Evaluering av forseglingsintegriteten er avgj\u00f8rende for \u00e5 verifisere at emballasjen kan gi den n\u00f8dvendige produktbeskyttelsen. Lekkasjetesting bidrar til \u00e5 vurdere b\u00e6rekraftige emballasjealternativer og kostnadseffektive emballasjealternativer, samt variasjoner i produksjonslinjens forseglingsparametere. Ved \u00e5 opprettholde p\u00e5liteligheten til pakningsforseglingene kan bedrifter opprettholde kvaliteten og sikkerheten til produktene sine, og til syvende og sist beskytte omd\u00f8mmet til merkevaren sin.<\/p>\n<h2 data-start=\"885\" data-end=\"925\">Bruksomr\u00e5der og bransjerelevans<\/h2>\n<p data-start=\"926\" data-end=\"1341\">Den <strong data-start=\"930\" data-end=\"966\">lekkasjetest av bobler i medisinsk emballasje<\/strong> brukes i stor grad til validering av sterile barrieresystemer, kvalitetskontroll av poser og brett og inspeksjon av n\u00e6ringsmiddel- og legemiddelpakninger. Bransjer som for eksempel <strong data-start=\"1132\" data-end=\"1212\">medisinsk utstyr, legemidler, emballasje og kvalitetskontrollbyr\u00e5er<\/strong> basere seg p\u00e5 <strong data-start=\"1221\" data-end=\"1250\">Brutto lekkasjebobletestere<\/strong> for \u00e5 verifisere at varmeforseglede pakker forblir kontamineringsfrie gjennom hele holdbarhetstiden.<\/p>\n<h2>Oversikt over ASTM F2096<\/h2>\n<h3><strong>Hva er ASTM F2096?<\/strong><\/h3>\n<p><a href=\"https:\/\/www.astm.org\/f2096-11r19.html\" target=\"_blank\" rel=\"noopener nofollow\"><strong>ASTM F2096<\/strong><\/a> er en standard som beskriver prosedyren for \u00e5 oppdage grove lekkasjer i b\u00e5de por\u00f8se og ikke-permeable emballasjematerialer ved hjelp av innvendig trykksetting. Denne metoden er ofte kjent som <strong>bobletest<\/strong>.<\/p>\n<h3><strong>Testmetoder beskrevet av ASTM F2096<\/strong><\/h3>\n<p>Standarden gir en systematisk tiln\u00e6rming til \u00e5 identifisere grove lekkasjer ved hjelp av en bobletest, der emballasjematerialet utsettes for et innvendig trykk.<\/p>\n<h2 data-start=\"1343\" data-end=\"1378\">Slik fungerer boblelekkasjetesten<\/h2>\n<p data-start=\"1379\" data-end=\"1499\">Den <strong data-start=\"1383\" data-end=\"1408\">ASTM boble-lekkasjetest<\/strong> bruker innvendig trykksetting for \u00e5 identifisere lekkasjer med h\u00f8y n\u00f8yaktighet. Prosessen inneb\u00e6rer:<\/p>\n<ol>\n<li data-start=\"1504\" data-end=\"1635\"><strong data-start=\"1504\" data-end=\"1526\">Klargj\u00f8ring av pr\u00f8ver<\/strong> - Det er laget et kontrollert inngangspunkt i pakken for \u00e5 sette inn luftkilden og trykkoverv\u00e5kingsenheten.<\/li>\n<li data-start=\"1639\" data-end=\"1725\"><strong data-start=\"1639\" data-end=\"1653\">Nedsenking<\/strong> - Pakken er nedsenket ca. 25,4 mm (1 tomme) under vann.<\/li>\n<li data-start=\"1729\" data-end=\"1854\"><strong data-start=\"1729\" data-end=\"1747\">Trykksetting<\/strong> - Luft tilf\u00f8res til pakken n\u00e5r et forh\u00e5ndsbestemt trykkniv\u00e5 basert p\u00e5 materialtypen.<\/li>\n<li data-start=\"1858\" data-end=\"1997\"><strong data-start=\"1858\" data-end=\"1873\">Observasjon<\/strong> - En konstant str\u00f8m av luftbobler fra et bestemt sted indikerer en lekkasje, for eksempel tetningskanaler, sprekker eller hull.<\/li>\n<li data-start=\"2001\" data-end=\"2064\"><strong data-start=\"2001\" data-end=\"2018\">Dokumentasjon<\/strong> - Ethvert feilpunkt markeres for analyse.<\/li>\n<\/ol>\n<p data-start=\"2066\" data-end=\"2226\">F\u00f8lsomheten til denne metoden er vanligvis ned til <strong data-start=\"2118\" data-end=\"2128\">250 \u03bcm<\/strong>, Metodens n\u00f8yaktighet er avhengig av korrekte testtrykkinnstillinger og stabil luftstr\u00f8m.<\/p>\n<h2 data-start=\"2228\" data-end=\"2275\">Testmetoder for ulike emballasjetyper<\/h2>\n<p data-start=\"2276\" data-end=\"2340\">If\u00f8lge <strong data-start=\"2289\" data-end=\"2303\">ASTM F2096<\/strong>, er det to prim\u00e6re prosedyrer:<\/p>\n<ul>\n<li data-start=\"2344\" data-end=\"2454\"><strong data-start=\"2344\" data-end=\"2367\">Ikke-por\u00f8s emballasje<\/strong> - Pakken bl\u00e5ses direkte opp under vann og inspiseres p\u00e5 begge sider for lekkasjer.<\/li>\n<li data-start=\"2457\" data-end=\"2602\"><strong data-start=\"2457\" data-end=\"2477\">Por\u00f8s emballasje<\/strong> - Det kan brukes et blokkeringsmiddel, og ekstra oppholdstid under vann gj\u00f8r at materialet kan mettes f\u00f8r inspeksjon.<\/li>\n<\/ul>\n<p data-start=\"2604\" data-end=\"2696\">Begge metodene er <strong data-start=\"2621\" data-end=\"2642\">destruktive tester<\/strong>, noe som betyr at den testede pakken ikke kan brukes etterp\u00e5.<\/p>\n<h2>Andre relevante ASTM-standarder<\/h2>\n<ul>\n<li><a href=\"https:\/\/www.qualitester.com\/nb\/standards\/astm-d3078\/\" target=\"_blank\" rel=\"noopener\"><strong>ASTM D3078<\/strong><\/a>: Denne standarden benytter bobleutslippstesting for gassfylte og v\u00e6skefylte emballasjer, noe som bidrar til \u00e5 identifisere lekkasjer som kan kompromittere produktintegriteten.<\/li>\n<li><a href=\"https:\/\/www.qualitester.com\/nb\/produktkategori\/astm\/astm-d4991\/\" target=\"_blank\" rel=\"noopener\"><strong>ASTM D4991<\/strong><\/a>: I likhet med D3078 fokuserer denne standarden p\u00e5 testing av bobleutslipp fra tomme, stive beholdere.<\/li>\n<li><strong>ASTM F2338<\/strong>: Denne standarden benytter metoder for vakuumtesting av fleksible og stive beholdere for \u00e5 evaluere forseglingsintegriteten.<\/li>\n<li><strong><a href=\"https:\/\/www.qualitester.com\/nb\/standards\/astm-f2054\/\" target=\"_blank\" rel=\"noopener\">ASTM F2054<\/a>\/<a href=\"https:\/\/www.qualitester.com\/nb\/standards\/astm-f1140\/\" target=\"_blank\" rel=\"noopener\">F1140<\/a><\/strong>: Disse standardene beskriver metoder for trykkfalltesting av ulike emballasjetyper, inkludert fleksible, stive og r\u00f8rformede former.<\/li>\n<\/ul>\n<h2>Tekniske egenskaper<\/h2>\n<ul>\n<li><strong>PLS-styrt enhet<\/strong>: V\u00e5rt utstyr for boblelekkasjetesting er designet med stabilitet p\u00e5 industrielt niv\u00e5, og har en PLS-styrt enhet for jevn ytelse.<\/li>\n<li><strong>Betjening av HMI-ber\u00f8ringsskjerm<\/strong>: Brukervennlig grensesnitt for enkel betjening og overv\u00e5king av testparametere.<\/li>\n<li><strong>Stabil gassforsyning<\/strong>: Sikrer en p\u00e5litelig og jevn tilf\u00f8rsel av gass under testing.<\/li>\n<li><strong>Valgfri integrering<\/strong>: Utstyret kan integreres med trykkfalltestmetoder for \u00e5 forbedre testfunksjonene.<\/li>\n<\/ul>\n<h2>Hovedparametere<\/h2>\n<table>\n<tbody>\n<tr>\n<td width=\"130\">Testomr\u00e5de<\/td>\n<td width=\"207\">0~30KPa (eller etter behov)<\/td>\n<\/tr>\n<tr>\n<td width=\"130\">Kammer Akryl<\/td>\n<td width=\"207\">34*20*15cm LWH<\/td>\n<\/tr>\n<tr>\n<td width=\"130\">Trykkluft<\/td>\n<td width=\"207\">0,6MPa (utarbeidet av brukeren)<\/td>\n<\/tr>\n<tr>\n<td width=\"130\">Str\u00f8m<\/td>\n<td width=\"207\">110~220V 50\/60Hz<\/td>\n<\/tr>\n<\/tbody>\n<\/table>\n<p>Utstyr for boblelekkasjetesting er avgj\u00f8rende for \u00e5 sikre integriteten til emballasjeforseglinger, noe som gj\u00f8r det til et uunnv\u00e6rlig verkt\u00f8y for kvalitetssikring i ulike bransjer. Ved \u00e5 velge Cell Instruments\u2019 l\u00f8sninger for boblelekkasjetesting kan du forbedre p\u00e5liteligheten til emballasjen din og beskytte produktene dine.<\/p>\n<h3>Vanlige sp\u00f8rsm\u00e5l<\/h3>\n<ol>\n<li><strong>Hvilke typer emballasje kan testes med boblelekkasketestutstyr?<\/strong>\n<ul>\n<li>Utstyret er egnet for b\u00e5de por\u00f8se og ikke-permeable emballasjematerialer, inkludert fleksible og stive beholdere.<\/li>\n<\/ul>\n<\/li>\n<li><strong>Hvordan fungerer bobletesten?<\/strong>\n<ul>\n<li>Bobletesten inneb\u00e6rer at pakningen utsettes for innvendig trykk mens den er nedsenket i vann. Bobler som produseres ved lekkasjepunktet, indikerer en feil i forseglingen.<\/li>\n<\/ul>\n<\/li>\n<li><strong>Er metoden med boblelekkasjetest destruktiv?<\/strong>\n<ul>\n<li>Ja, boblelekkasjetesten er en destruktiv metode, noe som betyr at den kan kompromittere integriteten til emballasjen som testes.<\/li>\n<\/ul>\n<\/li>\n<li><strong>Kan utstyret tilpasses spesifikke testbehov?<\/strong>\n<ul>\n<li>Ja, vi er spesialister p\u00e5 \u00e5 tilpasse testkravene til dine spesifikke behov.<\/li>\n<\/ul>\n<\/li>\n<li><strong>Hvilke standarder er utstyret for boblelekkasjetesting i samsvar med?<\/strong>\n<ul>\n<li>Utstyret v\u00e5rt er i samsvar med ASTM F2096 og andre relevante ASTM-standarder for lekkasjetesting.<\/li>\n<\/ul>\n<\/li>\n<\/ol>","protected":false},"excerpt":{"rendered":"<p>Utstyr for boblelekkasjetesting er avgj\u00f8rende for \u00e5 vurdere integriteten til emballasjeforseglinger og sikre at produktene forblir beskyttet under lagring og transport. Ved \u00e5 oppdage lekkasjer n\u00f8yaktig spiller dette utstyret en viktig rolle i \u00e5 opprettholde produktkvalitet og -sikkerhet i ulike bransjer, inkludert farmas\u00f8ytiske produkter, medisinsk utstyr, matemballasje og mye mer.<\/p>","protected":false},"featured_media":6150,"comment_status":"closed","ping_status":"closed","template":"","meta":{"site-sidebar-layout":"default","site-content-layout":"default","ast-global-header-display":"","ast-main-header-display":"","ast-hfb-above-header-display":"","ast-hfb-below-header-display":"","ast-hfb-mobile-header-display":"","site-post-title":"","ast-breadcrumbs-content":"","ast-featured-img":"","footer-sml-layout":"","theme-transparent-header-meta":"default","adv-header-id-meta":"","stick-header-meta":"","header-above-stick-meta":"","header-main-stick-meta":"","header-below-stick-meta":""},"product_cat":[675,845,17,149,16,112,95],"product_tag":[],"class_list":{"0":"post-5154","1":"product","2":"type-product","3":"status-publish","4":"has-post-thumbnail","6":"product_cat-leak-tester","7":"product_cat-customization","8":"product_cat-package-container-testers","9":"product_cat-pharma-and-medical-testers","10":"product_cat-plastic-packaging-testers","11":"product_cat-astm-f2096","12":"product_cat-products","13":"desktop-align-left","14":"tablet-align-left","15":"mobile-align-left","17":"first","18":"instock","19":"shipping-taxable","20":"product-type-simple"},"_links":{"self":[{"href":"https:\/\/www.qualitester.com\/nb\/wp-json\/wp\/v2\/product\/5154","targetHints":{"allow":["GET"]}}],"collection":[{"href":"https:\/\/www.qualitester.com\/nb\/wp-json\/wp\/v2\/product"}],"about":[{"href":"https:\/\/www.qualitester.com\/nb\/wp-json\/wp\/v2\/types\/product"}],"replies":[{"embeddable":true,"href":"https:\/\/www.qualitester.com\/nb\/wp-json\/wp\/v2\/comments?post=5154"}],"version-history":[{"count":0,"href":"https:\/\/www.qualitester.com\/nb\/wp-json\/wp\/v2\/product\/5154\/revisions"}],"wp:featuredmedia":[{"embeddable":true,"href":"https:\/\/www.qualitester.com\/nb\/wp-json\/wp\/v2\/media\/6150"}],"wp:attachment":[{"href":"https:\/\/www.qualitester.com\/nb\/wp-json\/wp\/v2\/media?parent=5154"}],"wp:term":[{"taxonomy":"product_cat","embeddable":true,"href":"https:\/\/www.qualitester.com\/nb\/wp-json\/wp\/v2\/product_cat?post=5154"},{"taxonomy":"product_tag","embeddable":true,"href":"https:\/\/www.qualitester.com\/nb\/wp-json\/wp\/v2\/product_tag?post=5154"}],"curies":[{"name":"wp","href":"https:\/\/api.w.org\/{rel}","templated":true}]}}