{"id":5149,"date":"2024-10-31T11:42:15","date_gmt":"2024-10-31T03:42:15","guid":{"rendered":"https:\/\/www.qualitester.com\/?post_type=product&#038;p=5149"},"modified":"2024-12-04T16:20:18","modified_gmt":"2024-12-04T08:20:18","slug":"sale-film-friction-peel-tester","status":"publish","type":"product","link":"https:\/\/www.qualitester.com\/nb\/produkt-2\/sale-film-friction-peel-tester\/","title":{"rendered":"FPT-01 Filmfriksjons- og peeltester"},"content":{"rendered":"<h2>Introduksjon av Film Friction\/Peel Tester<\/h2>\n<p>Film Friction\/Peel Tester er et avansert instrument som er utviklet for presis m\u00e5ling av friksjons- og avskallingsmotstand p\u00e5 et bredt spekter av materialer. Dette allsidige instrumentet har bruksomr\u00e5der i bransjer som emballasje, medisinsk utstyr, legemidler og tekstiler, og spiller en avgj\u00f8rende rolle i kvalitetskontroll, produktutvikling og forskning.<\/p>\n<h2>Kjernefunksjonene til Film Friction\/Peel Tester<\/h2>\n<h3>COF-testing<\/h3>\n<p>Denne testeren m\u00e5ler b\u00e5de statiske og kinetiske friksjonskoeffisienter, noe som er avgj\u00f8rende for \u00e5 forst\u00e5 materialinteraksjoner.<\/p>\n<h3>Testing av peeling<\/h3>\n<p>Den utf\u00f8rer ogs\u00e5 delikate tester av avskallingskraft p\u00e5 ulike materialer, inkludert slippapir, selvklebende tape og beskyttelsesfilmer.<\/p>\n<h2>Tekniske spesifikasjoner<\/h2>\n<ul>\n<li>Systemdesign: Testeren har en fast lastcelleposisjon med et beskyttende deksel, noe som sikrer sikker drift. Slede-mekanismen muliggj\u00f8r n\u00f8yaktig testing, der pr\u00f8vene klemmes fast, og avskallingskreftene registreres under separasjonen.<\/li>\n<li>Brukervennlig grensesnitt: Film Friction\/Peel Tester har et PLS-styrt system, og betjeningen skjer via en intuitiv HMI-ber\u00f8ringsskjerm, noe som gj\u00f8r det enkelt for brukerne \u00e5 navigere og betjene den.<\/li>\n<\/ul>\n<h3>Hovedparameter<\/h3>\n<table>\n<tbody>\n<tr>\n<td width=\"156\">Kraftomr\u00e5de<\/td>\n<td width=\"152\">5 N (eller etter behov)<\/td>\n<\/tr>\n<tr>\n<td width=\"156\">N\u00f8yaktighet<\/td>\n<td width=\"152\">\u00b10,5%<\/td>\n<\/tr>\n<tr>\n<td width=\"156\">Oppl\u00f8sning<\/td>\n<td width=\"152\">0.001N<\/td>\n<\/tr>\n<tr>\n<td width=\"156\">Omr\u00e5de for forskyvning<\/td>\n<td width=\"152\">0,1 ~ 95 mm<\/td>\n<\/tr>\n<tr>\n<td width=\"156\">N\u00f8yaktighet<\/td>\n<td width=\"152\">\u00b10,1 mm<\/td>\n<\/tr>\n<tr>\n<td width=\"156\">Temperaturomr\u00e5de<\/td>\n<td width=\"152\">Omgivelser ~ 210 \u00b0C<\/td>\n<\/tr>\n<tr>\n<td width=\"156\">N\u00f8yaktighet<\/td>\n<td width=\"152\">\u00b10.5\u00b0C<\/td>\n<\/tr>\n<tr>\n<td width=\"156\">Antall eksemplarer<\/td>\n<td width=\"152\">2<\/td>\n<\/tr>\n<tr>\n<td width=\"156\">Utvalgsst\u00f8rrelse<\/td>\n<td width=\"152\">110*15 mm, L*B<\/td>\n<\/tr>\n<tr>\n<td width=\"156\">Str\u00f8mforsyning<\/td>\n<td width=\"152\">220 V 50 Hz<\/td>\n<\/tr>\n<\/tbody>\n<\/table>\n<h2>Overholdelse av bransjestandarder<\/h2>\n<ul>\n<li><a href=\"https:\/\/www.astm.org\/d1894-14.html\" target=\"_blank\" rel=\"noopener nofollow\"><strong>ASTM D1894<\/strong><\/a>: Friksjonskoeffisient for plast<\/li>\n<li><strong>ASTM D3330<\/strong>: Avtrekksadhesjon for trykkf\u00f8lsom tape (180\u00b0)<\/li>\n<li><strong>ISO 8295<\/strong>: Friksjonskoeffisient for plast, som sikrer materialkvalitet i produksjonen.<\/li>\n<li><strong>TAPPI T816<\/strong>: Friksjonskoeffisient for b\u00f8lgepapp og papp.<\/li>\n<li><strong>TAPPI T549<\/strong>: Friksjonskoeffisient for ubestr\u00f8ket skrive- og trykkpapir.<\/li>\n<\/ul>\n<h2>Bruksomr\u00e5der for filmfriksjons-\/peletesteren<\/h2>\n<p>Film Friction\/Peel Tester brukes i ulike sektorer, blant annet<\/p>\n<ol>\n<li><strong>Emballasje<\/strong>: Sikre at emballasjematerialene oppfyller ytelsesstandardene.<\/li>\n<li><strong>Selvklebende<\/strong>: Testing av lim og barrierematerialer for p\u00e5litelighet.<\/li>\n<li><strong>N\u00e6ringsmiddelindustrien<\/strong>: Evaluering av tetningsstyrke og materialinteraksjon for sikkerhet og kvalitet.<\/li>\n<li><strong>Tekstiler<\/strong> <strong>og forbruker<\/strong> <strong>Varer<\/strong>: Vurdering av materialegenskaper for \u00e5 forbedre produktenes holdbarhet og funksjonalitet.<\/li>\n<\/ol>\n<h2>Fordeler med filmfriksjons-\/peletesteren<\/h2>\n<ul>\n<li><strong>Forbedret produktytelse<\/strong>: Ved \u00e5 m\u00e5le friksjons- og avskallingsstyrken n\u00f8yaktig kan produsentene forbedre produktkvaliteten og holdbarheten.<\/li>\n<li><strong>Analyse av sanntidsdata<\/strong>: Systemet gir umiddelbare resultater, inkludert grafiske fremstillinger av data for enkel tolkning.<\/li>\n<li><strong>Avanserte funksjoner<\/strong>: Ytterligere funksjoner inkluderer integrert utskrift og valgfri programvare for omfattende datah\u00e5ndtering.<\/li>\n<\/ul>\n<p>Den <strong><a href=\"https:\/\/www.qualitester.com\/nb\/produkt-2\/coefficient-of-friction-tester-cof-01\/\" target=\"_blank\" rel=\"noopener\">Filmfriksjon<\/a>\/Peel Tester<\/strong> er et viktig verkt\u00f8y for alle organisasjoner som fokuserer p\u00e5 materialkvalitet og overholdelse av bransjestandarder. Ved \u00e5 levere presise m\u00e5linger og f\u00f8lge anerkjente testprotokoller hjelper denne testeren produsenter med \u00e5 oppn\u00e5 optimal produktytelse. Utforsk funksjonene til Film Friction\/Peel Tester i dag for \u00e5 sikre at materialene dine oppfyller de h\u00f8yeste kvalitetsstandardene.<\/p>\n<h2>Relaterte produkter<\/h2>\n<blockquote class=\"wp-embedded-content\" data-secret=\"hdCaSFydsl\"><p><a href=\"https:\/\/www.qualitester.com\/nb\/produkt-2\/coefficient-of-friction-tester-cof-01\/\">COF-01 Friksjonskoeffisienttester<\/a><\/p><\/blockquote>\n<p><iframe class=\"wp-embedded-content\" sandbox=\"allow-scripts\" security=\"restricted\" style=\"position: absolute; visibility: hidden;\" title=\"\u300a COF-01 Coefficient of Friction Tester \u300b\u2014Material Quality Tester\" src=\"https:\/\/www.qualitester.com\/product\/coefficient-of-friction-tester-cof-01\/embed\/#?secret=KfrAZiIKcT#?secret=hdCaSFydsl\" data-secret=\"hdCaSFydsl\" width=\"500\" height=\"282\" frameborder=\"0\" marginwidth=\"0\" marginheight=\"0\" scrolling=\"no\"><\/iframe><\/p>","protected":false},"excerpt":{"rendered":"<p>Film Friction\/Peel Tester er et avansert instrument som er utviklet for presis m\u00e5ling av friksjons- og avskallingsmotstand p\u00e5 et bredt spekter av materialer. Dette allsidige instrumentet har bruksomr\u00e5der i bransjer som emballasje, medisinsk utstyr, legemidler og tekstiler, og spiller en avgj\u00f8rende rolle i kvalitetskontroll, produktutvikling og forskning.<\/p>","protected":false},"featured_media":6139,"comment_status":"closed","ping_status":"closed","template":"","meta":{"site-sidebar-layout":"default","site-content-layout":"default","ast-global-header-display":"","ast-main-header-display":"","ast-hfb-above-header-display":"","ast-hfb-below-header-display":"","ast-hfb-mobile-header-display":"","site-post-title":"","ast-breadcrumbs-content":"","ast-featured-img":"","footer-sml-layout":"","theme-transparent-header-meta":"default","adv-header-id-meta":"","stick-header-meta":"","header-above-stick-meta":"","header-main-stick-meta":"","header-below-stick-meta":""},"product_cat":[945,953,956,955,845,954,957,958,952,959,1063,1062,683,681,106,126,132,170,171,95],"product_tag":[],"class_list":{"0":"post-5149","1":"product","2":"type-product","3":"status-publish","4":"has-post-thumbnail","6":"product_cat-180-peeling-tester","7":"product_cat-bursting-tester","8":"product_cat-cobb-tester","9":"product_cat-crush-tester","10":"product_cat-customization","11":"product_cat-paper-tear-tester","12":"product_cat-plybond-tester","13":"product_cat-puncture-tester","14":"product_cat-rub-tester","15":"product_cat-stiffness-tester","16":"product_cat-tappi-t549","17":"product_cat-tappi-t816","18":"product_cat-coefficient-of-friction-tester","19":"product_cat-peel-tester","20":"product_cat-astm-d1894","21":"product_cat-astm-d3330","22":"product_cat-astm-d4917","23":"product_cat-iso-8295","24":"product_cat-iso-8510-2","25":"product_cat-products","26":"desktop-align-left","27":"tablet-align-left","28":"mobile-align-left","30":"first","31":"instock","32":"shipping-taxable","33":"product-type-simple"},"_links":{"self":[{"href":"https:\/\/www.qualitester.com\/nb\/wp-json\/wp\/v2\/product\/5149","targetHints":{"allow":["GET"]}}],"collection":[{"href":"https:\/\/www.qualitester.com\/nb\/wp-json\/wp\/v2\/product"}],"about":[{"href":"https:\/\/www.qualitester.com\/nb\/wp-json\/wp\/v2\/types\/product"}],"replies":[{"embeddable":true,"href":"https:\/\/www.qualitester.com\/nb\/wp-json\/wp\/v2\/comments?post=5149"}],"version-history":[{"count":0,"href":"https:\/\/www.qualitester.com\/nb\/wp-json\/wp\/v2\/product\/5149\/revisions"}],"wp:featuredmedia":[{"embeddable":true,"href":"https:\/\/www.qualitester.com\/nb\/wp-json\/wp\/v2\/media\/6139"}],"wp:attachment":[{"href":"https:\/\/www.qualitester.com\/nb\/wp-json\/wp\/v2\/media?parent=5149"}],"wp:term":[{"taxonomy":"product_cat","embeddable":true,"href":"https:\/\/www.qualitester.com\/nb\/wp-json\/wp\/v2\/product_cat?post=5149"},{"taxonomy":"product_tag","embeddable":true,"href":"https:\/\/www.qualitester.com\/nb\/wp-json\/wp\/v2\/product_tag?post=5149"}],"curies":[{"name":"wp","href":"https:\/\/api.w.org\/{rel}","templated":true}]}}