{"id":5132,"date":"2024-10-30T17:07:18","date_gmt":"2024-10-30T09:07:18","guid":{"rendered":"https:\/\/www.qualitester.com\/?post_type=product&#038;p=5132"},"modified":"2024-12-05T11:37:45","modified_gmt":"2024-12-05T03:37:45","slug":"sale-glass-grains-sampler-for-hydrolytic-resistance","status":"publish","type":"product","link":"https:\/\/www.qualitester.com\/nb\/produkt-2\/sale-glass-grains-sampler-for-hydrolytic-resistance\/","title":{"rendered":"GHR-01A Kornpr\u00f8vetaker av glass"},"content":{"rendered":"<h2><strong>Introduksjon til GHR-01A Glass Grains Sampler for hydrolytisk resistens<\/strong><\/h2>\n<p>Den <strong>GHR-01A Pr\u00f8vetaker av glasskorn for hydrolytisk resistens<\/strong>\u00a0er et avansert instrument som er utviklet for \u00e5 vurdere den kjemiske stabiliteten til glassmaterialer mot vann. Denne viktige kvalitetskontrolltesten er avgj\u00f8rende i legemiddelindustrien, ettersom den avgj\u00f8r hvordan emballasjematerialer, som glassflasker og ampuller, interagerer med medisinene de inneholder, noe som har direkte innvirkning p\u00e5 stabiliteten og sikkerheten til disse produktene.<\/p>\n<h3><strong>Forst\u00e5else av hydrolytisk motstandstesting<\/strong><\/h3>\n<p>Hydrolytisk motstandstesting evaluerer glassmaterialers tendens til \u00e5 brytes ned n\u00e5r de kommer i kontakt med vann. Denne nedbrytningen kan frigj\u00f8re ioner som kan svekke effekten av legemidler. Det er viktig \u00e5 sikre at glassemballasjen har h\u00f8y hydrolytisk resistens for \u00e5 opprettholde integriteten til legemidler og forebygge bivirkninger.<\/p>\n<h3><strong>Standarder for testing av hydrolytisk motstand<\/strong><\/h3>\n<ul>\n<li><strong><a href=\"https:\/\/www.iso.org\/standard\/77843.html\" target=\"_blank\" rel=\"noopener nofollow\">ISO 719<\/a>: Glass - Hydrolytisk motstand av glasskorn ved 98 \u2103<\/strong><br \/>\nDenne standarden beskriver testmetoden og klassifiseringen for \u00e5 vurdere den hydrolytiske motstanden til glasskorn ved en temperatur p\u00e5 98 \u00b0C. Den gir retningslinjer for hvordan man klargj\u00f8r pr\u00f8ver og evaluerer deres motstand mot vann, noe som er avgj\u00f8rende for \u00e5 sikre at glassemballasjen opprettholder sin integritet under typiske lagringsforhold.<\/li>\n<li><strong><a href=\"https:\/\/www.iso.org\/standard\/77844.html\" target=\"_blank\" rel=\"noopener nofollow\">ISO 720<\/a>: Glass - Hydrolytisk motstand av glasskorn ved 121 \u2103<\/strong><br \/>\nI likhet med <a href=\"https:\/\/www.qualitester.com\/nb\/produktkategori\/iso\/iso-719\/\" target=\"_blank\" rel=\"noopener\">ISO 719<\/a>, Denne standarden fokuserer p\u00e5 testing av glasskorn ved en forh\u00f8yet temperatur p\u00e5 121 \u00b0C. Den tilbyr en streng metodikk for \u00e5 evaluere hvordan glassmaterialer fungerer under mer ekstreme forhold, noe som er spesielt relevant for steriliseringsprosesser.<\/li>\n<\/ul>\n<h3><strong>Testmetodikk<\/strong><\/h3>\n<p>Testprosessen inneb\u00e6rer at glasspr\u00f8ven plasseres i en morter, hvor en automatisert st\u00f8ter faller ned for \u00e5 knuse glasset til fragmenter. Deretter vibrerer enheten en rekke sikter, slik at kvalifiserte pr\u00f8ver skilles fra glasskornavfallet. Denne automatiserte metoden sikrer at pr\u00f8vene blir tilberedt n\u00f8yaktig og effektivt, i samsvar med standardene i ISO 719 og ISO 720.<\/p>\n<h2><strong>Funksjoner og fordeler med GHR-01A-testeren<\/strong><\/h2>\n<ol>\n<li><strong>Smart automatisering<\/strong>: GHR-01A kombinerer knusing og vibrasjonssikting i \u00e9n og samme enhet, noe som forenkler s\u00f8ml\u00f8s pr\u00f8veforberedelse og sikrer standardiserte pr\u00f8vest\u00f8rrelser.<\/li>\n<li><strong>Brukervennlig grensesnitt<\/strong>: HMI-skjermen gir enkel interaksjon mellom menneske og maskin, noe som gj\u00f8r det enkelt for operat\u00f8rene \u00e5 styre testprosessen.<\/li>\n<li><strong>Sikkerhetsfunksjoner<\/strong>: Redusert manuell h\u00e5ndtering \u00f8ker sikkerheten for personalet, mens innebygde sikkerhetsanordninger beskytter mot glasssprut og opprettholder testens integritet.<\/li>\n<li><strong>Milj\u00f8vennlig design<\/strong>: Enheten inkluderer spesialisert oppsamling av glassavfall for \u00e5 minimere milj\u00f8p\u00e5virkningen.<\/li>\n<li><strong>Presisjonstesting<\/strong>: Automatisert sikting forbedrer n\u00f8yaktigheten og gir p\u00e5litelige resultater.<\/li>\n<li><strong>Grensebryterfunksjon<\/strong>: Ekstra sikkerhetstiltak forhindrer driftsfarer.<\/li>\n<li><strong>Optimalisert design<\/strong>: Det vertikale oppsettet reduserer gravitasjonseffekter p\u00e5 st\u00f8rre pr\u00f8ver, noe som sikrer konsistente testresultater.<\/li>\n<\/ol>\n<h3><strong>Hovedparametere<\/strong><\/h3>\n<table>\n<tbody>\n<tr>\n<td style=\"text-align: center;\" width=\"202\">Dimensjon m\u00f8rtel\/stokk<\/td>\n<td style=\"text-align: center;\" width=\"151\">\u03a650\/\u03a648 mm<\/td>\n<\/tr>\n<tr>\n<td style=\"text-align: center;\" width=\"202\">Sikt A Blender\u00e5pning<\/td>\n<td style=\"text-align: center;\" width=\"151\">425 \u03bcm<\/td>\n<\/tr>\n<tr>\n<td style=\"text-align: center;\" width=\"202\">Sikt B Blender\u00e5pning<\/td>\n<td style=\"text-align: center;\" width=\"151\">300 \u03bcm<\/td>\n<\/tr>\n<tr>\n<td style=\"text-align: center;\" width=\"202\">Sikt O Blender\u00e5pning<\/td>\n<td style=\"text-align: center;\" width=\"151\">600\u03bcm\u03bcm<\/td>\n<\/tr>\n<tr>\n<td style=\"text-align: center;\" width=\"202\">Risting av sil Varighet<\/td>\n<td style=\"text-align: center;\" width=\"151\">5 minutter<\/td>\n<\/tr>\n<tr>\n<td style=\"text-align: center;\" width=\"202\">Gasstrykk<\/td>\n<td style=\"text-align: center;\" width=\"151\">0,5 Mpa<\/td>\n<\/tr>\n<tr>\n<td style=\"text-align: center;\" width=\"202\">St\u00f8rrelse p\u00e5 gassport<\/td>\n<td style=\"text-align: center;\" width=\"151\">\u04246 mm<\/td>\n<\/tr>\n<tr>\n<td style=\"text-align: center;\" width=\"202\">Str\u00f8m<\/td>\n<td style=\"text-align: center;\" width=\"151\">AC 110~220V 50Hz<\/td>\n<\/tr>\n<\/tbody>\n<\/table>\n<h2><strong>Bruksomr\u00e5der for GHR-01A-testeren<\/strong><\/h2>\n<p>GHR-01A er uunnv\u00e6rlig for et bredt spekter av bruksomr\u00e5der, spesielt innen farmas\u00f8ytisk industri og medisinsk utstyr. Den er ideell for \u00e5 fremstille pr\u00f8ver av hydrolytisk resistens av glassgranulat som brukes i ulike medisinske glassprodukter, inkludert infusjonsflasker, injeksjonsflasker, ampuller og flasker med oral v\u00e6ske.<\/p>\n<p>Oppsummert kan man si at <strong>GHR-01A Tester for hydrolytisk motstand for glasskorn<\/strong> er en sofistikert l\u00f8sning for \u00e5 sikre kvaliteten og sikkerheten til medisinsk glassemballasje. Ved \u00e5 f\u00f8lge ISO-standarder gir dette instrumentet p\u00e5litelige resultater som er avgj\u00f8rende for \u00e5 opprettholde integriteten til farmas\u00f8ytiske produkter. Velg GHR-01A for dine testbehov for \u00e5 sikre de h\u00f8yeste standardene for kvalitetskontroll.<\/p>\n<h2><strong>Vanlige sp\u00f8rsm\u00e5l<\/strong><\/h2>\n<ol>\n<li><strong>Hva er hydrolytisk resistens?<\/strong> Hydrolytisk resistens refererer til glassmaterialenes evne til \u00e5 motst\u00e5 nedbrytning n\u00e5r de utsettes for vann, noe som er avgj\u00f8rende for \u00e5 opprettholde farmas\u00f8ytisk stabilitet.<\/li>\n<li><strong>Hvordan fungerer GHR-01A Tester?<\/strong> Testeren knuser automatisk glasspr\u00f8ver og vibrerer sikter for \u00e5 skille kompatibelt granulat fra avfall, noe som effektiviserer testprosessen.<\/li>\n<li><strong>Hvilke standarder er GHR-01A i samsvar med?<\/strong> GHR-01A er i samsvar med ISO 719- og ISO 720-standardene for testing av hydrolytisk motstand av glasskorn.<\/li>\n<li><strong>Hvilke typer produkter kan testes?<\/strong> GHR-01A er egnet for testing av glass som brukes i infusjonsflasker, injeksjonsflasker, ampuller og orale v\u00e6skebeholdere.<\/li>\n<li><strong>Er testprosessen trygg?<\/strong> Ja, GHR-01A er utformet med flere sikkerhetsfunksjoner for \u00e5 beskytte personell og opprettholde testintegriteten.<\/li>\n<\/ol>","protected":false},"excerpt":{"rendered":"<p>Den <strong>GHR-01A Pr\u00f8vetaker av glasskorn for hydrolytisk resistens<\/strong>\u00a0er et avansert instrument som er utviklet for \u00e5 vurdere den kjemiske stabiliteten til glassmaterialer mot vann. Denne viktige kvalitetskontrolltesten er avgj\u00f8rende i legemiddelindustrien, ettersom den avgj\u00f8r hvordan emballasjematerialer, som glassflasker og ampuller, interagerer med medisinene de inneholder, noe som har direkte innvirkning p\u00e5 stabiliteten og sikkerheten til disse produktene.<\/p>","protected":false},"featured_media":6209,"comment_status":"closed","ping_status":"closed","template":"","meta":{"site-sidebar-layout":"default","site-content-layout":"default","ast-global-header-display":"","ast-main-header-display":"","ast-hfb-above-header-display":"","ast-hfb-below-header-display":"","ast-hfb-mobile-header-display":"","site-post-title":"","ast-breadcrumbs-content":"","ast-featured-img":"","footer-sml-layout":"","theme-transparent-header-meta":"default","adv-header-id-meta":"","stick-header-meta":"","header-above-stick-meta":"","header-main-stick-meta":"","header-below-stick-meta":""},"product_cat":[845,149,167,168,95],"product_tag":[],"class_list":{"0":"post-5132","1":"product","2":"type-product","3":"status-publish","4":"has-post-thumbnail","6":"product_cat-customization","7":"product_cat-pharma-and-medical-testers","8":"product_cat-iso-719","9":"product_cat-iso-720","10":"product_cat-products","11":"desktop-align-left","12":"tablet-align-left","13":"mobile-align-left","15":"first","16":"instock","17":"shipping-taxable","18":"product-type-simple"},"_links":{"self":[{"href":"https:\/\/www.qualitester.com\/nb\/wp-json\/wp\/v2\/product\/5132","targetHints":{"allow":["GET"]}}],"collection":[{"href":"https:\/\/www.qualitester.com\/nb\/wp-json\/wp\/v2\/product"}],"about":[{"href":"https:\/\/www.qualitester.com\/nb\/wp-json\/wp\/v2\/types\/product"}],"replies":[{"embeddable":true,"href":"https:\/\/www.qualitester.com\/nb\/wp-json\/wp\/v2\/comments?post=5132"}],"version-history":[{"count":0,"href":"https:\/\/www.qualitester.com\/nb\/wp-json\/wp\/v2\/product\/5132\/revisions"}],"wp:featuredmedia":[{"embeddable":true,"href":"https:\/\/www.qualitester.com\/nb\/wp-json\/wp\/v2\/media\/6209"}],"wp:attachment":[{"href":"https:\/\/www.qualitester.com\/nb\/wp-json\/wp\/v2\/media?parent=5132"}],"wp:term":[{"taxonomy":"product_cat","embeddable":true,"href":"https:\/\/www.qualitester.com\/nb\/wp-json\/wp\/v2\/product_cat?post=5132"},{"taxonomy":"product_tag","embeddable":true,"href":"https:\/\/www.qualitester.com\/nb\/wp-json\/wp\/v2\/product_tag?post=5132"}],"curies":[{"name":"wp","href":"https:\/\/api.w.org\/{rel}","templated":true}]}}