{"id":4162,"date":"2024-04-15T16:39:45","date_gmt":"2024-04-15T08:39:45","guid":{"rendered":"https:\/\/www.qualitester.com\/?post_type=product&#038;p=4162"},"modified":"2024-12-05T13:03:46","modified_gmt":"2024-12-05T05:03:46","slug":"medical-needle-puncture-tester","status":"publish","type":"product","link":"https:\/\/www.qualitester.com\/nb\/produkt-2\/medical-needle-puncture-tester\/","title":{"rendered":"NPT-01 N\u00e5lepunkteringstester"},"content":{"rendered":"<h2>Introduksjon av NPT-01 Medical Needle Puncture Tester<\/h2>\n<p>Innen testing av medisinsk utstyr er presisjon og p\u00e5litelighet sv\u00e6rt viktig. Cell Instruments, en avansert produsent av instrumenter for materialtesting, presenterer en l\u00f8sning innen medisinsk sikkerhet - den <strong>Tester for medisinsk n\u00e5lestikk<\/strong>. Denne banebrytende enheten er skreddersydd for \u00e5 oppfylle de strenge kravene i medisinsk industri, og sikrer integriteten og sikkerheten til medisinske n\u00e5ler under bruk, noe som forbedrer pasientbehandlingen og \u00f8ker tilliten til medisinske prosedyrer.<\/p>\n<h2>Hvorfor velge NPT-01 Medical Needle Puncture Tester?<\/h2>\n<p>Den medisinske n\u00e5lepunksjonstesteren er et uunnv\u00e6rlig verkt\u00f8y for b\u00e5de produsenter av medisinsk utstyr, kvalitetsinspeksjonsbyr\u00e5er og helseinstitusjoner. Her er fordelene den medisinske n\u00e5lepunksjonstesteren gir:-.<\/p>\n<p><img fetchpriority=\"high\" decoding=\"async\" class=\"wp-image-4166 size-woocommerce_single aligncenter\" src=\"https:\/\/www.qualitester.com\/wp-content\/uploads\/2024\/04\/usp-381-needle-puncture-tester-600x600.jpg\" alt=\"usp 381 n\u00e5lepunksjonstester\" width=\"600\" height=\"600\" srcset=\"https:\/\/www.qualitester.com\/wp-content\/uploads\/2024\/04\/usp-381-needle-puncture-tester-600x600.jpg 600w, https:\/\/www.qualitester.com\/wp-content\/uploads\/2024\/04\/usp-381-needle-puncture-tester-300x300.jpg 300w, https:\/\/www.qualitester.com\/wp-content\/uploads\/2024\/04\/usp-381-needle-puncture-tester-150x150.jpg 150w, https:\/\/www.qualitester.com\/wp-content\/uploads\/2024\/04\/usp-381-needle-puncture-tester-100x100.jpg 100w, https:\/\/www.qualitester.com\/wp-content\/uploads\/2024\/04\/usp-381-needle-puncture-tester.jpg 750w\" sizes=\"(max-width: 600px) 100vw, 600px\" \/><\/p>\n<h3>1. Kvalitetskontroll<\/h3>\n<p>For \u00e5 garantere p\u00e5liteligheten og sikkerheten til medisinske n\u00e5ler er det strenge regler som gjelder i sektoren for medisinsk utstyr. Med Medical Needle Puncture Tester kan bedrifter overholde bransjestandarder og opprettholde f\u00f8rsteklasses kvalitet.<\/p>\n<h3>2. N\u00f8yaktig unders\u00f8kelse<\/h3>\n<p>Presisjon er av avgj\u00f8rende betydning i medisinsk diagnose og behandling. Ved \u00e5 ta i bruk dette avanserte testutstyret kan man utf\u00f8re grundige stikkpr\u00f8ver p\u00e5 medisinske n\u00e5ler, sikre optimal funksjonalitet og redusere sannsynligheten for uhell under medisinske prosedyrer.<\/p>\n<h2>Hovedfunksjoner<\/h2>\n<p><img decoding=\"async\" class=\"wp-image-4165 size-woocommerce_single aligncenter\" src=\"https:\/\/www.qualitester.com\/wp-content\/uploads\/2024\/04\/medical-needle-puncture-tester-600x600.jpg\" alt=\"medisinsk n\u00e5lepunksjonstester\" width=\"600\" height=\"600\" srcset=\"https:\/\/www.qualitester.com\/wp-content\/uploads\/2024\/04\/medical-needle-puncture-tester-600x600.jpg 600w, https:\/\/www.qualitester.com\/wp-content\/uploads\/2024\/04\/medical-needle-puncture-tester-300x300.jpg 300w, https:\/\/www.qualitester.com\/wp-content\/uploads\/2024\/04\/medical-needle-puncture-tester-150x150.jpg 150w, https:\/\/www.qualitester.com\/wp-content\/uploads\/2024\/04\/medical-needle-puncture-tester-100x100.jpg 100w, https:\/\/www.qualitester.com\/wp-content\/uploads\/2024\/04\/medical-needle-puncture-tester.jpg 750w\" sizes=\"(max-width: 600px) 100vw, 600px\" \/><\/p>\n<h3>1. Bruk av n\u00e5lestikkmotstandstester<\/h3>\n<p>Denne testeren er spesielt utviklet for \u00e5 evaluere punkteringsmotstanden til <strong>medisinske n\u00e5ler<\/strong>, inkludert, men ikke begrenset til <strong>injeksjonsn\u00e5ler<\/strong>, i<strong>njeksjonsn\u00e5ler<\/strong>, <strong>akupunkturn\u00e5ler<\/strong>, og <strong>biopsin\u00e5ler<\/strong>. Allsidigheten gj\u00f8r det mulig \u00e5 utf\u00f8re omfattende tester p\u00e5 tvers av ulike n\u00e5letyper og -st\u00f8rrelser, noe som sikrer en grundig evaluering av produktets ytelse.<\/p>\n<h3>2. Hvilke fordeler kan man oppn\u00e5?<\/h3>\n<p>Ved \u00e5 bruke Medical Needle Puncture Tester kan brukerne oppn\u00e5 flere bemerkelsesverdige fordeler:<\/p>\n<ul>\n<li>Forbedret sikkerhet: Med pasientsikkerheten i h\u00f8ysetet hjelper dette verkt\u00f8yet deg med \u00e5 oppdage eventuelle problemer eller feil p\u00e5 medisinske n\u00e5ler, noe som reduserer risikoen for at n\u00e5lene brekker eller ikke fungerer som de skal under medisinske prosedyrer.<\/li>\n<li>Oppfyllelse av forskrifter: I et felt som blir stadig mer regulert, er det avgj\u00f8rende \u00e5 oppfylle strenge standarder. Denne testeren gj\u00f8r det enklere \u00e5 f\u00f8lge reglene og standardene, noe som forebygger mulige juridiske problemer og holder produktet p\u00e5litelig.<\/li>\n<li>Kostnadsbesparelser: Ved \u00e5 finne n\u00e5lproblemer tidlig gjennom grundige tester sparer bedriftene penger. Det reduserer risikoen for \u00e5 m\u00e5tte tilbakekalle produkter, h\u00e5ndtere s\u00f8ksm\u00e5l og skade omd\u00f8mmet.<\/li>\n<\/ul>\n<h2>Slik bruker du NPT-01 Medical Needle Puncture Tester<\/h2>\n<h3>1. Operasjonsprosess<\/h3>\n<p>Ingeni\u00f8rene har implementert et brukervennlig grensesnitt for menneske-datamaskin-interaksjon gjennom PLS-kontrollenheten. Derfor er driften av den medisinske n\u00e5lestikkstesteren veldig enkel:<\/p>\n<ol>\n<li>Fest den medisinske n\u00e5lepr\u00f8ven og de punkterte pr\u00f8vene i den dertil beregnede holderen.<\/li>\n<li>Juster testparametrene, inkludert punkteringskraft og hastighet, for \u00e5 tilpasse dem til spesifikke testkrav.<\/li>\n<li>Start testprosessen, slik at enheten kan vurdere n\u00e5lens punkteringsmotstand.<\/li>\n<li>Evaluer testresultatene for \u00e5 fastsl\u00e5 n\u00e5lens ytelse og identifisere eventuelle avvik fra de forventede standardene.<\/li>\n<\/ol>\n<h3>2. Videoreferanse om NPT-01 medisinsk n\u00e5lepunksjonstester<\/h3>\n<div class=\"ast-oembed-container\" style=\"height: 100%;\"><iframe title=\"Medisinsk spr\u00f8ytepr\u00f8ving med n\u00e5lepunksjon | Tilpasning av testinstrumenter\" width=\"500\" height=\"281\" src=\"https:\/\/www.youtube.com\/embed\/6D2saICCxCA?feature=oembed\" frameborder=\"0\" allow=\"accelerometer; autoplay; clipboard-write; encrypted-media; gyroscope; picture-in-picture; web-share\" referrerpolicy=\"strict-origin-when-cross-origin\" allowfullscreen><\/iframe><\/div>\n<h2>Vanlige bruksomr\u00e5der<\/h2>\n<p>Allsidigheten til den medisinske n\u00e5lepunksjonstesteren gj\u00f8r den uunnv\u00e6rlig p\u00e5 tvers av ulike bruksomr\u00e5der innen medisinsk industri:<\/p>\n<ul>\n<li>Kvalitetskontroll i produksjonen: Produsenter av medisinsk utstyr bruker denne testeren til \u00e5 gjennomf\u00f8re grundige kvalitetsvurderinger av medisinske n\u00e5ler, slik at de kan sikre samsvar med lovp\u00e5lagte standarder og opprettholde et fremragende produkt.<\/li>\n<li>Forskning og utvikling: I jakten p\u00e5 innovasjon bruker forskere testeren til \u00e5 evaluere nye n\u00e5ldesign og materialer, noe som forbedrer effekten og sikkerheten til medisinsk utstyr.<\/li>\n<\/ul>\n<p><img decoding=\"async\" class=\"wp-image-4164 size-woocommerce_single aligncenter\" src=\"https:\/\/www.qualitester.com\/wp-content\/uploads\/2024\/04\/NPT-01-needle-puncture-tester-600x600.jpg\" alt=\"NPT-01 n\u00e5lepunksjonstester\" width=\"600\" height=\"600\" srcset=\"https:\/\/www.qualitester.com\/wp-content\/uploads\/2024\/04\/NPT-01-needle-puncture-tester-600x600.jpg 600w, https:\/\/www.qualitester.com\/wp-content\/uploads\/2024\/04\/NPT-01-needle-puncture-tester-300x300.jpg 300w, https:\/\/www.qualitester.com\/wp-content\/uploads\/2024\/04\/NPT-01-needle-puncture-tester-150x150.jpg 150w, https:\/\/www.qualitester.com\/wp-content\/uploads\/2024\/04\/NPT-01-needle-puncture-tester-100x100.jpg 100w, https:\/\/www.qualitester.com\/wp-content\/uploads\/2024\/04\/NPT-01-needle-puncture-tester.jpg 750w\" sizes=\"(max-width: 600px) 100vw, 600px\" \/><\/p>\n<h2>Hovedparameter<\/h2>\n<table style=\"height: 262px;\" width=\"429\">\n<tbody>\n<tr>\n<td width=\"181\">Testomr\u00e5de<\/td>\n<td width=\"284\">0~200N (eller etter behov)<\/td>\n<\/tr>\n<tr>\n<td>Hjerneslag<\/td>\n<td>200 mm (uten klemme)<\/td>\n<\/tr>\n<tr>\n<td>Hastighet<\/td>\n<td>1 ~ 500 mm\/min (eller etter behov)<\/td>\n<\/tr>\n<tr>\n<td>N\u00f8yaktighet ved forskyvning<\/td>\n<td>0,01 mm<\/td>\n<\/tr>\n<tr>\n<td>N\u00f8yaktighet<\/td>\n<td>0,5% F.S.<\/td>\n<\/tr>\n<tr>\n<td>Produksjon<\/td>\n<td>Skjerm, mikroskriver, RS232 (valgfritt)<\/td>\n<\/tr>\n<tr>\n<td>Str\u00f8m<\/td>\n<td>110~ 220V 50\/60Hz<\/td>\n<\/tr>\n<\/tbody>\n<\/table>\n<h2>Produksjonsprosessen<\/h2>\n<p>&nbsp;<\/p>\n<h2>St\u00f8tte f\u00f8r salg<\/h2>\n<p>&nbsp;<\/p>\n<h2>Service etter salg<\/h2>\n<p>&nbsp;<\/p>\n<p><img loading=\"lazy\" decoding=\"async\" class=\"wp-image-4163 size-woocommerce_single aligncenter\" src=\"https:\/\/www.qualitester.com\/wp-content\/uploads\/2024\/04\/needle-puncture-resistance-test-600x600.jpg\" alt=\"Test av n\u00e5lestikkmotstand\" width=\"600\" height=\"600\" srcset=\"https:\/\/www.qualitester.com\/wp-content\/uploads\/2024\/04\/needle-puncture-resistance-test-600x600.jpg 600w, https:\/\/www.qualitester.com\/wp-content\/uploads\/2024\/04\/needle-puncture-resistance-test-300x300.jpg 300w, https:\/\/www.qualitester.com\/wp-content\/uploads\/2024\/04\/needle-puncture-resistance-test-150x150.jpg 150w, https:\/\/www.qualitester.com\/wp-content\/uploads\/2024\/04\/needle-puncture-resistance-test-100x100.jpg 100w, https:\/\/www.qualitester.com\/wp-content\/uploads\/2024\/04\/needle-puncture-resistance-test.jpg 750w\" sizes=\"(max-width: 600px) 100vw, 600px\" \/><\/p>\n<h2>Hovedstandard<\/h2>\n<p><a href=\"https:\/\/www.uspnf.com\/sites\/default\/files\/usp_pdf\/EN\/USPNF\/revisions\/381_elastomeric_closure_for_injections_rb_notice.pdf\" target=\"_blank\" rel=\"noopener nofollow\">USP 381<\/a><\/p>\n<p><a href=\"https:\/\/www.iso.org\/standard\/68560.html\" target=\"_blank\" rel=\"noopener nofollow\">ISO 8871-5<\/a><\/p>\n<h2>Anbefalt artikkel<\/h2>\n<p><span style=\"text-decoration: underline;\"><span style=\"color: #99ccff; text-decoration: underline;\"><a style=\"color: #99ccff; text-decoration: underline;\" title=\"testing av n\u00e5lestikkmotstand\" href=\"https:\/\/www.qualitester.com\/nb\/3-reasons-to-test-needle-puncture-resistance\/\" target=\"_blank\" rel=\"noopener\">3 grunner til \u00e5 teste motstanden mot n\u00e5lestikk<\/a><\/span><\/span><\/p>\n<p><span style=\"text-decoration: underline;\"><span style=\"color: #99ccff; text-decoration: underline;\"><a class=\"row-title\" style=\"color: #99ccff; text-decoration: underline;\" href=\"https:\/\/www.qualitester.com\/nb\/what-is-penetrability-testing-iso-8871-5\/\" target=\"_blank\" rel=\"noopener\" aria-label=\"&quot;Hva er testing av gjennomtrengelighet? | ISO 8871-5 (ISO 8871-5)\">Hva er testing av gjennomtrengelighet? | ISO 8871-5<\/a><\/span><\/span><\/p>\n<p><span style=\"text-decoration: underline;\"><span style=\"color: #99ccff; text-decoration: underline;\"><a class=\"row-title\" style=\"color: #99ccff; text-decoration: underline;\" href=\"https:\/\/www.qualitester.com\/nb\/penetrability-tester-for-vial-stopper-iso-8871-5\/\" target=\"_blank\" rel=\"noopener\" aria-label=\"&quot;Gjennomtrengelighetstester for hetteglassstopper (ISO 8871-5)\">Gjennomtrengelighetstester for ampullestopper | ISO 8871-5<\/a><\/span><\/span><\/p>\n<p><span style=\"text-decoration: underline;\"><span style=\"color: #99ccff; text-decoration: underline;\"><a class=\"row-title\" style=\"color: #99ccff; text-decoration: underline;\" href=\"https:\/\/www.qualitester.com\/nb\/needle-penetrability-tester-for-vial-stopper\/\" aria-label=\"&quot;N\u00e5lgjennomtrengelighetstester for ampullestopper (ISO 8871-5)\">N\u00e5lgjennomtrengelighetstester for ampullestopper | ISO 8871-5<\/a><\/span><\/span><\/p>\n<p><span style=\"text-decoration: underline;\"><span style=\"color: #99ccff; text-decoration: underline;\"><a class=\"row-title\" style=\"color: #99ccff; text-decoration: underline;\" href=\"https:\/\/www.qualitester.com\/nb\/needle-penetration-test-equipment\/\" target=\"_blank\" rel=\"noopener\" aria-label=\"&quot;Det beste testutstyret for n\u00e5lepenetrasjonstest etter ISO 8771-5 \u300d\uff08\u7f16\u8f91\uff09\">Det beste utstyret for ISO 8771-5 n\u00e5leinntrengningstest<\/a><\/span><\/span><\/p>\n<p><span style=\"text-decoration: underline;\"><span style=\"color: #99ccff; text-decoration: underline;\"><a class=\"row-title\" style=\"color: #99ccff; text-decoration: underline;\" href=\"https:\/\/www.qualitester.com\/nb\/penetration-force-tester-to-meet-iso-8871-5\/\" target=\"_blank\" rel=\"noopener\" aria-label=\"&quot;Slik bruker du penetrasjonskrafttester for \u00e5 oppfylle ISO 8871-5 \u300d\uff08\u7f16\u8f91\uff09\">Slik bruker du penetrasjonskrafttesteren for \u00e5 oppfylle ISO 8871-5<\/a><\/span><\/span><\/p>\n<p><span style=\"text-decoration: underline;\"><span style=\"color: #99ccff; text-decoration: underline;\"><a class=\"row-title\" style=\"color: #99ccff; text-decoration: underline;\" href=\"https:\/\/www.qualitester.com\/nb\/needle-penetration-test-for-vial-stopper\/\" aria-label=\"&quot;N\u00e5linntrengningstest for kvalitetssikring av hetteglassstopper ISO 8871-5 \u300d\uff08\u7f16\u8f91\uff09\">N\u00e5leinntrengningstest for kvalitetssikring av ampullestoppere ISO 8871-5<\/a><\/span><\/span><\/p>\n<p><span style=\"text-decoration: underline;\"><span style=\"color: #99ccff; text-decoration: underline;\"><a class=\"row-title\" style=\"color: #99ccff; text-decoration: underline;\" href=\"https:\/\/www.qualitester.com\/nb\/rubber-stoppers-needle-penetration-test-method\/\" aria-label=\"\u300cN\u00e5linntrengningstestmetode for gummipropper \u300d\uff08\u7f16\u8f91\uff09\">Metode for n\u00e5leinntrengningstest for gummipropper<\/a><\/span><\/span><\/p>\n<div id=\"gtx-anchor\" style=\"position: absolute; visibility: hidden; left: 20px; top: 5443.94px; width: 80.4062px; height: 64.7031px;\"><\/div>\n<div class=\"jfk-bubble gtx-bubble\" style=\"visibility: visible; left: 45px; top: 5276px; opacity: 1;\" role=\"alertdialog\" aria-describedby=\"bubble-7\">\n<div id=\"bubble-7\" class=\"jfk-bubble-content-id\">\n<div id=\"gtx-host\" style=\"min-width: 200px; max-width: 400px;\"><\/div>\n<\/div>\n<div class=\"jfk-bubble-closebtn-id jfk-bubble-closebtn\" tabindex=\"0\" role=\"button\" aria-label=\"Lukk\"><\/div>\n<div class=\"jfk-bubble-arrow-id jfk-bubble-arrow jfk-bubble-arrowdown\" style=\"left: 60px;\">\n<div class=\"jfk-bubble-arrowimplbefore\"><\/div>\n<div class=\"jfk-bubble-arrowimplafter\"><\/div>\n<\/div>\n<\/div>","protected":false},"excerpt":{"rendered":"<p>Needle Puncture Tester er designet for \u00e5 evaluere punkteringsmotstanden til ulike typer medisinske n\u00e5ler, inkludert injeksjonsn\u00e5ler, injeksjonsn\u00e5ler osv.<\/p>","protected":false},"featured_media":6226,"comment_status":"closed","ping_status":"closed","template":"","meta":{"site-sidebar-layout":"default","site-content-layout":"default","ast-global-header-display":"","ast-main-header-display":"","ast-hfb-above-header-display":"","ast-hfb-below-header-display":"","ast-hfb-mobile-header-display":"","site-post-title":"","ast-breadcrumbs-content":"","ast-featured-img":"","footer-sml-layout":"","theme-transparent-header-meta":"default","adv-header-id-meta":"","stick-header-meta":"","header-above-stick-meta":"","header-main-stick-meta":"","header-below-stick-meta":""},"product_cat":[958,845,1038,1158,672,149,100,95],"product_tag":[1036,1028,1031,1033],"class_list":{"0":"post-4162","1":"product","2":"type-product","3":"status-publish","4":"has-post-thumbnail","6":"product_cat-puncture-tester","7":"product_cat-customization","8":"product_cat-iso-8871-5","9":"product_cat-usp-381","10":"product_cat-applied-materials","11":"product_cat-pharma-and-medical-testers","12":"product_cat-iso","13":"product_cat-products","14":"product_tag-iso-8871-5","15":"product_tag-needle-puncture-testesr","16":"product_tag-penetrability-tester","17":"product_tag-usp-381","18":"desktop-align-left","19":"tablet-align-left","20":"mobile-align-left","22":"first","23":"instock","24":"featured","25":"shipping-taxable","26":"product-type-simple"},"_links":{"self":[{"href":"https:\/\/www.qualitester.com\/nb\/wp-json\/wp\/v2\/product\/4162","targetHints":{"allow":["GET"]}}],"collection":[{"href":"https:\/\/www.qualitester.com\/nb\/wp-json\/wp\/v2\/product"}],"about":[{"href":"https:\/\/www.qualitester.com\/nb\/wp-json\/wp\/v2\/types\/product"}],"replies":[{"embeddable":true,"href":"https:\/\/www.qualitester.com\/nb\/wp-json\/wp\/v2\/comments?post=4162"}],"version-history":[{"count":0,"href":"https:\/\/www.qualitester.com\/nb\/wp-json\/wp\/v2\/product\/4162\/revisions"}],"wp:featuredmedia":[{"embeddable":true,"href":"https:\/\/www.qualitester.com\/nb\/wp-json\/wp\/v2\/media\/6226"}],"wp:attachment":[{"href":"https:\/\/www.qualitester.com\/nb\/wp-json\/wp\/v2\/media?parent=4162"}],"wp:term":[{"taxonomy":"product_cat","embeddable":true,"href":"https:\/\/www.qualitester.com\/nb\/wp-json\/wp\/v2\/product_cat?post=4162"},{"taxonomy":"product_tag","embeddable":true,"href":"https:\/\/www.qualitester.com\/nb\/wp-json\/wp\/v2\/product_tag?post=4162"}],"curies":[{"name":"wp","href":"https:\/\/api.w.org\/{rel}","templated":true}]}}