{"id":3282,"date":"2023-08-14T08:33:30","date_gmt":"2023-08-14T00:33:30","guid":{"rendered":"https:\/\/www.qualitester.com\/?post_type=product&#038;p=3282"},"modified":"2024-11-27T16:59:18","modified_gmt":"2024-11-27T08:59:18","slug":"heat-seal-data-testing-3-5-point","status":"publish","type":"product","link":"https:\/\/www.qualitester.com\/nb\/produkt-2\/heat-seal-data-testing-3-5-point\/","title":{"rendered":"GHS-02 Gradient Heat Seal Tester"},"content":{"rendered":"<h2><strong>Introduksjon til varmeforseglingstestmaskiner<\/strong><\/h2>\n<p>A <strong>Testmaskin for varmeforsegling<\/strong> er en viktig enhet som brukes i emballasjeindustrien for \u00e5 evaluere varmeforseglingsegenskapene til ulike materialer. Disse materialene kan omfatte filmer, laminater og andre fleksible barrierekomponenter. Varmeforseglingens styrke og integritet er avgj\u00f8rende for \u00e5 sikre at emballasjen gir p\u00e5litelig beskyttelse for produkter som mat, legemidler, elektronikk med mer. Un\u00f8yaktige eller svake forseglinger kan g\u00e5 ut over produktets kvalitet, sikkerhet og holdbarhet, og derfor spiller varmeforseglingstesteren en viktig rolle i kvalitetssikringen.<\/p>\n<p>Maskinen fungerer ved \u00e5 simulere forholdene der varmeforseglinger dannes under emballasjeprosessen. Ved \u00e5 bruke en kontrollert kombinasjon av varme, trykk og tid kan produsentene finne de optimale forholdene for \u00e5 oppn\u00e5 sterke og holdbare forseglinger. Denne prosessen bidrar til \u00e5 finjustere forseglingsparametrene, noe som sikrer at emballasjen er konsekvent og p\u00e5litelig.<\/p>\n<h2><strong>Forst\u00e5else av ASTM F2029-16 (2021): Standard praksis for fremstilling av varmeforseglinger i laboratorier<\/strong><\/h2>\n<p><strong><a href=\"https:\/\/www.astm.org\/f2029-16r21.html\" target=\"_blank\" rel=\"noopener nofollow\">ASTM F2029<\/a>-16 (2021)<\/strong>, med tittelen <em>Standard praksis for utf\u00f8relse av varmeforseglinger i laboratoriet for bestemmelse av varmeforseglingsevnen til fleksible barriermaterialer m\u00e5lt ved hjelp av forseglingsstyrke<\/em>, er en grunnleggende standard for testing av varmeforseglinger. Denne standarden definerer laboratorieprosedyrene for \u00e5 lage varmeforseglinger og evaluere deres styrke. Den sikrer at varmeforseglingstesting utf\u00f8res under presise, kontrollerte forhold for \u00e5 gi n\u00f8yaktige og repeterbare resultater.<\/p>\n<p>Den <strong>testmetoder<\/strong> skissert i <a href=\"https:\/\/www.qualitester.com\/nb\/produktkategori\/astm\/astm-f2029\/\" target=\"_blank\" rel=\"noopener\">ASTM F2029<\/a> fokuserer p\u00e5 \u00e5 bestemme varmeforseglingsevnen til materialer ved bruk av spesifikk temperatur, trykk og oppholdstid. Standarden hjelper produsentene med \u00e5 forst\u00e5 forseglingsegenskapene til fleksible barrierematerialer, inkludert hvordan de fungerer under ulike forseglingsforhold. Dette er avgj\u00f8rende for \u00e5 sikre materialets integritet og dets evne til \u00e5 beskytte innholdet mot ytre faktorer som fuktighet, luft og forurensninger.<\/p>\n<h2><strong>Gradient Heat Sealer: Avansert teknologi for presisjonstesting<\/strong><\/h2>\n<p>A <strong>Gradient Heat Sealer<\/strong> er en avansert testmaskin for varmeforsegling som gir mulighet til \u00e5 skape en kontrollert temperaturgradient over hele forseglingsomr\u00e5det. Denne funksjonen skiller den fra tradisjonelle varmeforseglingsmaskiner, som vanligvis opererer med \u00e9n enkelt temperatur. Begrepet \u201cgradient\u201d refererer til maskinens evne til \u00e5 simulere forseglingsforhold i den virkelige verden, der det kan oppst\u00e5 temperaturvariasjoner p\u00e5 tvers av forseglingsflaten.<\/p>\n<p>Den <strong>Gradient Heat Sealer<\/strong> gj\u00f8r det mulig for produsenter \u00e5 kj\u00f8re flere tester ved ulike temperaturer samtidig, noe som reduserer ventetiden mellom testene betydelig. Dette <strong>Mulighet for flere stasjoner<\/strong> gj\u00f8r maskinen sv\u00e6rt effektiv, spesielt ved testing av materialer med varierende krav til varmeforsegling. Ved \u00e5 teste ved ulike temperaturer samtidig kan produsentene raskt finne de beste forseglingsforholdene for ulike materialer, noe som forbedrer den totale produktiviteten.<\/p>\n<h4><strong>Viktige fordeler<\/strong>:<\/h4>\n<ul>\n<li><strong>\u00d8kt effektivitet<\/strong>: Samtidig testing ved ulike temperaturer reduserer den totale testtiden.<\/li>\n<li><strong>Forbedret presisjon<\/strong>: Gradientfunksjonen sikrer en mer n\u00f8yaktig gjengivelse av virkelige tetningsforhold, noe som gir bedre innsikt i materialets oppf\u00f8rsel under varierte tetningsforhold.<\/li>\n<li><strong>Tilpassbare innstillinger<\/strong>: Maskinen kan justeres for \u00e5 tilpasses ulike materialtyper, temperaturer og trykk, noe som gj\u00f8r den allsidig for ulike bransjer og testbehov.<\/li>\n<\/ul>\n<h2><strong>Tekniske egenskaper ved varmeforseglingstestmaskinen (GHS-02 Gradient Heat Seal Tester)<\/strong><\/h2>\n<p>Den <strong>GHS-02 Gradient Heat Seal Tester<\/strong> er utstyrt med flere banebrytende funksjoner som sikrer n\u00f8yaktig, p\u00e5litelig og effektiv testing:<\/p>\n<ul>\n<li><strong>PLS-styring og HMI-ber\u00f8ringsskjerm<\/strong>: Maskinens avanserte <strong>PLS-kontrollenhet<\/strong> og <strong>HMI-ber\u00f8ringsskjerm<\/strong> Grensesnittet gj\u00f8r det enkelt \u00e5 tilpasse innstillingene og overv\u00e5ke i sanntid, noe som sikrer presis kontroll over temperatur, trykk og forseglingstid.<\/li>\n<li><strong>To varmekjever<\/strong>: B\u00e5de de \u00f8vre og nedre tetningskjevene er oppvarmet uavhengig av hverandre, noe som eliminerer varmetap og sikrer en jevn temperatur gjennom hele tetningsprosessen.<\/li>\n<li><strong>PID-temperaturregulator<\/strong>: The <strong>PID-temperaturregulator<\/strong> gir optimal varmestyring, noe som sikrer at temperaturen forblir stabil og n\u00f8yaktig under testing.<\/li>\n<li><strong>N\u00e6rhets- og trykksensorer<\/strong>: Disse sensorene sikrer n\u00f8yaktig kontroll av forseglingstrykk og oppholdstid, noe som bidrar til \u00e5 oppn\u00e5 jevn forsegling.<\/li>\n<li><strong>Styrt tetningsskinne<\/strong>: A <strong>treveis styrt tetningsskinne<\/strong> sikrer et jevnt forseglingstrykk, noe som er avgj\u00f8rende for jevn og sterk forsegling.<\/li>\n<li><strong>Brukersikkerhetsfunksjoner<\/strong>: GHS-02 er designet med tanke p\u00e5 brukerbeskyttelse, inkludert en <strong>skoldesikkert frontdeksel<\/strong>, a <strong>manuell fotbryter<\/strong>, og andre sikkerhetsfunksjoner for \u00e5 ivareta operat\u00f8renes sikkerhet under testing.<\/li>\n<li><strong>Tilpasningsalternativer<\/strong>: Maskinen tilbyr tilpassbar <strong>dimensjoner p\u00e5 tetningskjeven<\/strong>, <strong>tettende overflatem\u00f8nstre<\/strong>, og mer for \u00e5 im\u00f8tekomme ulike testbehov.<\/li>\n<li><strong>Tilpasning av gradienttemperatur<\/strong>: Maskinen kan konfigureres for \u00e5 oppn\u00e5 forskjellige <strong>gradienttemperaturer<\/strong>, noe som gir st\u00f8rre fleksibilitet i testingen.<\/li>\n<li><strong>RS232-port for datatilkobling<\/strong>: The <strong>RS232-port<\/strong> og profesjonell programvare (tilleggsutstyr) muliggj\u00f8r s\u00f8ml\u00f8s dataoverf\u00f8ring, noe som gj\u00f8r det enklere \u00e5 analysere og lagre testresultater.<\/li>\n<\/ul>\n<h2><strong>Testprosess og arbeidsflyt<\/strong><\/h2>\n<p>Testprosessen ved hjelp av <strong>Testmaskin for varmeforsegling<\/strong> er enkel, men presis:<\/p>\n<ol>\n<li><strong>Plasser pr\u00f8ven<\/strong>: En pr\u00f8ve av materialet som skal testes, plasseres mellom to parallelle, oppvarmede tetningskjever med flate overflater.<\/li>\n<li><strong>Juster innstillingene<\/strong>: Brukeren stiller inn \u00f8nsket temperatur, trykk og forseglingstid basert p\u00e5 materialet og de tiltenkte forseglingsforholdene.<\/li>\n<li><strong>Forsegl pr\u00f8ven<\/strong>: N\u00e5r \u00f8nsket temperatur er n\u00e5dd, senkes den \u00f8vre tetningskjeven, som drives av en gassflaske, ned for \u00e5 p\u00e5f\u00f8re et spesifisert trykk p\u00e5 pr\u00f8ven i den angitte tiden.<\/li>\n<li><strong>Retur og evaluering<\/strong>: Etter at den forh\u00e5ndsinnstilte forseglingstiden er utl\u00f8pt, g\u00e5r overkjeven tilbake til sin opprinnelige posisjon, og pr\u00f8ven tas ut for evaluering.<\/li>\n<\/ol>\n<h2><strong>Hovedparametere for testmaskinen for varmeforsegling<\/strong><\/h2>\n<p>Den <strong>GHS-02 Gradient Heat Seal Tester<\/strong> leveres med et sett presise parametere for \u00e5 sikre n\u00f8yaktige resultater:<\/p>\n<table>\n<tbody>\n<tr>\n<td style=\"text-align: center;\" width=\"123\">Forsegling Temp.<\/td>\n<td style=\"text-align: center;\" width=\"196\">Omgivelser ~ 250 \u2103<\/td>\n<\/tr>\n<tr>\n<td style=\"text-align: center;\" width=\"123\">Temp. Gradient<\/td>\n<td style=\"text-align: center;\" width=\"196\">\u226420\u2103<\/td>\n<\/tr>\n<tr>\n<td style=\"text-align: center;\" width=\"123\">Avvik<\/td>\n<td style=\"text-align: center;\" width=\"196\">\u00b10.2\u2103<\/td>\n<\/tr>\n<tr>\n<td style=\"text-align: center;\" width=\"123\">Forseglingstid<\/td>\n<td style=\"text-align: center;\" width=\"196\">0,1S~9999H<\/td>\n<\/tr>\n<tr>\n<td style=\"text-align: center;\" width=\"123\">Forseglingstrykk<\/td>\n<td style=\"text-align: center;\" width=\"196\">0,15~0,7 MPa<\/td>\n<\/tr>\n<tr>\n<td style=\"text-align: center;\" width=\"123\">Tetningskjever (mm)<\/td>\n<td style=\"text-align: center;\" width=\"196\">U:40*10 5STK\/L:330 1STK<\/td>\n<\/tr>\n<tr>\n<td style=\"text-align: center;\" width=\"123\">Gassinngang<\/td>\n<td style=\"text-align: center;\" width=\"196\">0,7 MPa med \u04246 mm r\u00f8r<\/td>\n<\/tr>\n<tr>\n<td style=\"text-align: center;\" width=\"123\">Str\u00f8m<\/td>\n<td style=\"text-align: center;\" width=\"196\">AC 220V 50Hz<\/td>\n<\/tr>\n<\/tbody>\n<\/table>\n<h2><strong>Overholdelse av standarder og sertifiseringer<\/strong><\/h2>\n<p>Den <strong>Testmaskin for varmeforsegling<\/strong> er fullt ut i samsvar med <strong>ASTM F2029-16 (2021)<\/strong>, Dette sikrer at maskinen oppfyller de n\u00f8dvendige bransjestandardene for testing av varmeforsegling. Denne sertifiseringen garanterer at maskinen gir p\u00e5litelige og n\u00f8yaktige resultater som er i samsvar med de mest anerkjente standardene for varmeforsegling. Produsenter kan stole p\u00e5 at GHS-02 Gradient Heat Seal Tester gir n\u00f8yaktige m\u00e5linger som bidrar til \u00e5 sikre kvaliteten og p\u00e5liteligheten til emballasjen deres.<\/p>\n<h2><strong>Hvorfor velge GHS-02 Gradient Heat Seal Tester<\/strong><\/h2>\n<ul>\n<li><strong>Effektivitet<\/strong>: Test flere pr\u00f8ver ved ulike temperaturer samtidig, noe som reduserer den totale testtiden og \u00f8ker produktiviteten.<\/li>\n<li><strong>Presisjon<\/strong>: Oppn\u00e5 sv\u00e6rt n\u00f8yaktige testresultater med tilpassbare parametere og avansert temperaturkontroll.<\/li>\n<li><strong>P\u00e5litelighet<\/strong>: Overholdelse av <strong>ASTM F2029<\/strong> sikrer at testingen din overholder bransjestandardene for varmeforseglingens styrke og integritet.<\/li>\n<li><strong>Tilpasning<\/strong>: Skreddersy maskinens innstillinger og funksjoner slik at de passer til dine unike testbehov, fra dimensjoner p\u00e5 tetningskjever til tetningstrykk.<\/li>\n<\/ul>\n<p>Den <strong>Testmaskin for varmeforsegling<\/strong> er et viktig verkt\u00f8y for produsenter i emballasjebransjen, og sikrer at produktene deres forsegles med optimal styrke og integritet. Enten du pakker mat, legemidler eller elektronikk, gir GHS-02 Gradient Heat Seal Tester deg den presisjonen og effektiviteten du trenger for \u00e5 sikre forseglinger av h\u00f8yeste kvalitet. Med sin avanserte teknologi sikrer den samsvar med <strong>ASTM F2029<\/strong>, og tilpassbare innstillinger, er denne maskinen det ideelle valget for bedrifter som \u00f8nsker \u00e5 forbedre sine kvalitetskontrollprosesser for emballasje.<\/p>","protected":false},"excerpt":{"rendered":"<p>A <strong>Testmaskin for varmeforsegling<\/strong> er en viktig enhet som brukes i emballasjeindustrien for \u00e5 evaluere varmeforseglingsegenskapene til ulike materialer. Disse materialene kan omfatte filmer, laminater og andre fleksible barrierekomponenter. Varmeforseglingens styrke og integritet er avgj\u00f8rende for \u00e5 sikre at emballasjen gir p\u00e5litelig beskyttelse for produkter som mat, legemidler, elektronikk og mye mer.<\/p>","protected":false},"featured_media":5917,"comment_status":"closed","ping_status":"closed","template":"","meta":{"site-sidebar-layout":"default","site-content-layout":"default","ast-global-header-display":"","ast-main-header-display":"","ast-hfb-above-header-display":"","ast-hfb-below-header-display":"","ast-hfb-mobile-header-display":"","site-post-title":"","ast-breadcrumbs-content":"","ast-featured-img":"","footer-sml-layout":"","theme-transparent-header-meta":"default","adv-header-id-meta":"","stick-header-meta":"","header-above-stick-meta":"","header-main-stick-meta":"","header-below-stick-meta":""},"product_cat":[845,677,149,16,142,95],"product_tag":[64,922,504,506,505,909],"class_list":{"0":"post-3282","1":"product","2":"type-product","3":"status-publish","4":"has-post-thumbnail","6":"product_cat-customization","7":"product_cat-heat-seal-tester","8":"product_cat-pharma-and-medical-testers","9":"product_cat-plastic-packaging-testers","10":"product_cat-astm-f2029","11":"product_cat-products","12":"product_tag-astm-f2029","13":"product_tag-gradient-heat-seal-tester","14":"product_tag-heat-sealing-pressure","15":"product_tag-heat-sealing-temperature","16":"product_tag-heat-sealing-time","17":"product_tag-packaging-heat-seal-data","18":"desktop-align-left","19":"tablet-align-left","20":"mobile-align-left","22":"first","23":"instock","24":"shipping-taxable","25":"product-type-simple"},"_links":{"self":[{"href":"https:\/\/www.qualitester.com\/nb\/wp-json\/wp\/v2\/product\/3282","targetHints":{"allow":["GET"]}}],"collection":[{"href":"https:\/\/www.qualitester.com\/nb\/wp-json\/wp\/v2\/product"}],"about":[{"href":"https:\/\/www.qualitester.com\/nb\/wp-json\/wp\/v2\/types\/product"}],"replies":[{"embeddable":true,"href":"https:\/\/www.qualitester.com\/nb\/wp-json\/wp\/v2\/comments?post=3282"}],"version-history":[{"count":0,"href":"https:\/\/www.qualitester.com\/nb\/wp-json\/wp\/v2\/product\/3282\/revisions"}],"wp:featuredmedia":[{"embeddable":true,"href":"https:\/\/www.qualitester.com\/nb\/wp-json\/wp\/v2\/media\/5917"}],"wp:attachment":[{"href":"https:\/\/www.qualitester.com\/nb\/wp-json\/wp\/v2\/media?parent=3282"}],"wp:term":[{"taxonomy":"product_cat","embeddable":true,"href":"https:\/\/www.qualitester.com\/nb\/wp-json\/wp\/v2\/product_cat?post=3282"},{"taxonomy":"product_tag","embeddable":true,"href":"https:\/\/www.qualitester.com\/nb\/wp-json\/wp\/v2\/product_tag?post=3282"}],"curies":[{"name":"wp","href":"https:\/\/api.w.org\/{rel}","templated":true}]}}