{"id":2743,"date":"2023-07-17T15:11:03","date_gmt":"2023-07-17T07:11:03","guid":{"rendered":"https:\/\/www.qualitester.com\/?post_type=product&#038;p=2743"},"modified":"2025-06-12T13:59:32","modified_gmt":"2025-06-12T05:59:32","slug":"fdt-01-polypropylene-film-drop-dart-tester","status":"publish","type":"product","link":"https:\/\/www.qualitester.com\/nb\/produkt-2\/fdt-01-polypropylene-film-drop-dart-tester\/","title":{"rendered":"FDT-01 Falling Dart Impact Tester"},"content":{"rendered":"<p>Den\u00a0<strong>Falling Dart Impact Tester <\/strong>er et kritisk instrument som er utviklet for \u00e5 evaluere slagfastheten til plastfilmer, ark, komposittfilmer, folier og papir med en tykkelse p\u00e5 mindre enn 1 mm. Denne testen er avgj\u00f8rende for \u00e5 vurdere materialets evne til \u00e5 motst\u00e5 ytre krefter, noe som har direkte innvirkning p\u00e5 produktets ytelse og holdbarhet under h\u00e5ndtering, transport og lagring. Ved \u00e5 simulere virkelige forhold gir testeren verdifulle data som er til hjelp ved materialvalg, produktdesign og kvalitetskontroll.<\/p>\n<h2><strong>Hva er Drop Dart Impact Test?<\/strong><\/h2>\n<p>Slagpr\u00f8ving med fallende pil er en anerkjent metode for \u00e5 bestemme materialers slagfasthet. Metoden g\u00e5r ut p\u00e5 \u00e5 slippe en vektet pil fra en spesifisert h\u00f8yde ned p\u00e5 testmaterialet for \u00e5 m\u00e5le energien som kreves for \u00e5 for\u00e5rsake brudd. Resultatene hjelper produsentene med \u00e5 evaluere materialets seighet, slik at de kan sikre at produktene t\u00e5ler p\u00e5kjenninger under h\u00e5ndtering og opprettholder integriteten i bruksomr\u00e5dene sine.<\/p>\n<div class=\"ast-oembed-container\" style=\"height: 100%;\"><iframe title=\"Fallende pileslagstester p\u00e5 plastfilm og -plater Metode A og Metode B ASTM D1709 ISO 7765-1\" width=\"500\" height=\"281\" src=\"https:\/\/www.youtube.com\/embed\/a3_9M0x3w7U?feature=oembed\" frameborder=\"0\" allow=\"accelerometer; autoplay; clipboard-write; encrypted-media; gyroscope; picture-in-picture; web-share\" referrerpolicy=\"strict-origin-when-cross-origin\" allowfullscreen><\/iframe><\/div>\n<h2><strong>Overholdelse av standarder<\/strong><\/h2>\n<p>Drop Dart Impact Tester er i samsvar med flere internasjonale standarder, noe som sikrer p\u00e5litelige og n\u00f8yaktige resultater:<\/p>\n<ul>\n<li><span style=\"color: #00ccff;\"><a style=\"color: #00ccff;\" href=\"https:\/\/www.qualitester.com\/nb\/standards\/astm-d1709\/\" target=\"_blank\" rel=\"noopener\"><strong><span style=\"color: #75c22c;\">ASTM <\/span><span style=\"color: #75c22c;\">D1709<\/span><\/strong><\/a><\/span>: Denne standarden beskriver prosedyren for \u00e5 bestemme <strong>slagfasthet av plastfilmer<\/strong> ved hjelp av en pil i fritt fall.<\/li>\n<li><a href=\"https:\/\/www.qualitester.com\/nb\/standards\/iso\/iso-7765-1\/\" target=\"_blank\" rel=\"noopener\"><strong><span style=\"color: #75c22c;\">ISO 7765-1<\/span><\/strong><\/a>: Internasjonal standard for<strong> slagpr\u00f8ving av plastfilmer<\/strong>.<\/li>\n<li><strong>JIS K7124-1<\/strong>: Japansk industristandard for evaluering av <strong>innvirkning p\u00e5 filmens ytelse<\/strong>.<\/li>\n<li><strong>GB\/T 9639.1<\/strong>: Kinesisk nasjonal standard p\u00e5 linje med global praksis for <strong>materialets slagfasthet<\/strong>.<\/li>\n<\/ul>\n<h2><strong>N\u00f8kkelegenskaper ved Drop Dart Impact Tester<\/strong><\/h2>\n<ol>\n<li><strong>PLS-styring og betjening av ber\u00f8ringsskjerm<\/strong><\/li>\n<li><strong>To testmetoder<\/strong>\n<ul>\n<li><strong>Metode A<\/strong>: Passer for en pildiameter p\u00e5 38 \u00b1 1 mm og en fallh\u00f8yde p\u00e5 660 mm.<\/li>\n<li><strong>Metode B<\/strong>\u00a0(valgfritt): Designet for en pildiameter p\u00e5 50 \u00b1 1 mm og en fallh\u00f8yde p\u00e5 1500 mm.<\/li>\n<\/ul>\n<\/li>\n<li><strong>Sikker og praktisk betjening: <\/strong>Utstyrt med b\u00e5de en testknapp og en fotbryter.<\/li>\n<li><strong>Automatiserte beregninger: <\/strong>Det innebygde programmet beregner automatisk resultatene i gram og joule.<\/li>\n<li><strong>Observasjonslys og pneumatisk klemming: <\/strong>Observasjonslyset gj\u00f8r det enklere \u00e5 overv\u00e5ke pr\u00f8ven under testene, mens den pneumatiske klemmen s\u00f8rger for at pr\u00f8ven holdes sikkert fast.<\/li>\n<li><strong>Datautgang: <\/strong>Testeren har en mikroskriver med punktmatrise for direkte datautskrift.<\/li>\n<li><strong>Integrering av programvare: <\/strong>Profesjonell programvare (tilleggsutstyr) forbedrer datah\u00e5ndteringen og rapporteringsmulighetene.<\/li>\n<\/ol>\n<h2><strong>Tekniske spesifikasjoner<\/strong><\/h2>\n<table style=\"height: 433px;\" width=\"799\">\n<tbody>\n<tr>\n<td width=\"162\">\n<p style=\"text-align: center;\">Testmetode Metode<\/p>\n<\/td>\n<td width=\"274\">\n<p style=\"text-align: center;\">A eller metode B (valgfritt)<\/p>\n<\/td>\n<\/tr>\n<tr>\n<td width=\"162\">\n<p style=\"text-align: center;\">Testomr\u00e5de<\/p>\n<\/td>\n<td style=\"text-align: center;\" width=\"274\">Metode A: 50~2000g\/<br \/>\nMetode B: 300 ~ 2000 g<\/td>\n<\/tr>\n<tr>\n<td width=\"162\">\n<p style=\"text-align: center;\">Pilens diameter<\/p>\n<\/td>\n<td style=\"text-align: center;\" width=\"274\">Metode A: 38 \u00b1 1 mm<br \/>\nMetode B: 50 \u00b1 1 mm<\/td>\n<\/tr>\n<tr>\n<td style=\"text-align: center;\" width=\"162\">P\u00e5virkningsh\u00f8yde<\/td>\n<td width=\"274\">\n<p style=\"text-align: center;\">660 mm\/1500 mm<\/p>\n<\/td>\n<\/tr>\n<tr>\n<td width=\"162\">\n<p style=\"text-align: center;\">N\u00f8yaktighet<\/p>\n<\/td>\n<td style=\"text-align: center;\" width=\"274\">0,1 g (0,1 J)<\/td>\n<\/tr>\n<tr>\n<td style=\"text-align: center;\" width=\"162\">Klemme<\/td>\n<td width=\"274\">\n<p style=\"text-align: center;\">Pneumatisk klemme<\/p>\n<\/td>\n<\/tr>\n<tr>\n<td width=\"162\">\n<p style=\"text-align: center;\">Gassforsyning<\/p>\n<\/td>\n<td style=\"text-align: center;\" width=\"274\">0,6 MPa \u03a68 mm PU-slange<\/td>\n<\/tr>\n<tr>\n<td style=\"text-align: center;\" width=\"162\">St\u00f8rrelse p\u00e5 pr\u00f8ven<\/td>\n<td width=\"274\">\n<p style=\"text-align: center;\">&gt; 150 mm x 150 mm<\/p>\n<\/td>\n<\/tr>\n<tr>\n<td width=\"162\">\n<p style=\"text-align: center;\">Str\u00f8mforsyning<\/p>\n<\/td>\n<td style=\"text-align: center;\" width=\"274\">AC 110~220V 50Hz<\/td>\n<\/tr>\n<tr>\n<td style=\"text-align: center;\" width=\"162\">Dimensjon<\/td>\n<td width=\"274\">\n<p style=\"text-align: center;\">Metode A: 500*450*1200 mm (LWH)<br \/>\nMetode B: 500*450*2200 mm (LWH)<\/p>\n<\/td>\n<\/tr>\n<\/tbody>\n<\/table>\n<h2><strong>Bruksomr\u00e5der for maskin for testing av fallende piler<\/strong><\/h2>\n<p>Drop Dart Impact Tester er ideell for:<\/p>\n<ul>\n<li><strong>Plastfilmer og -plater<\/strong>\u00a0brukes i emballasje og produktbeskyttelse.<\/li>\n<li><strong>Komposittfilmer og -folier<\/strong>\u00a0som krever evaluering av slagfasthet.<\/li>\n<li><strong>Papirmaterialer<\/strong>\u00a0utsettes for belastninger ved h\u00e5ndtering.<\/li>\n<\/ul>\n<h2><strong>Fordeler med Dart Drop Impact Tester<\/strong><\/h2>\n<ul>\n<li><strong>Forbedret kvalitetskontroll<\/strong>: Sikrer at materialene oppfyller holdbarhetskravene f\u00f8r bruk.<\/li>\n<li><strong>Forbedret produktdesign<\/strong>: Gir innsikt i materialets ytelse, noe som bidrar til optimal design.<\/li>\n<li><strong>Kostnadseffektivitet<\/strong>: Reduserer materialavfall ved \u00e5 identifisere svake punkter tidlig.<\/li>\n<\/ul>\n<h2><strong>Vanlige sp\u00f8rsm\u00e5l om Drop Dart Impact Tester<\/strong><\/h2>\n<ol>\n<li><strong>Hvorfor er det viktig \u00e5 bruke dr\u00e5pepiltesten?<\/strong><br \/>\nDen bestemmer materialenes seighet ved \u00e5 simulere virkelige slagforhold, noe som bidrar til \u00e5 sikre produktp\u00e5litelighet.<\/li>\n<li><strong>Hvilke bransjer har nytte av \u00e5 bruke denne testeren?<\/strong><br \/>\nBransjer som emballasje, n\u00e6ringsmidler, medisin og legemidler drar nytte av \u00e5 evaluere materialenes slagfasthet.<\/li>\n<li><strong>Hva er betydningen av ASTM D1709?<\/strong><br \/>\n<a href=\"https:\/\/www.astm.org\/d1709-22.html\" target=\"_blank\" rel=\"nofollow noopener\">ASTM D1709<\/a> gir standardiserte prosedyrer for gjennomf\u00f8ring av tester med fallende piler, noe som sikrer konsistente og p\u00e5litelige resultater.<\/li>\n<li><strong>Hvordan fungerer det pneumatiske klemmesystemet?<\/strong><br \/>\nDet pneumatiske systemet holder pr\u00f8ven sikkert p\u00e5 plass, slik at den ikke beveger seg under testingen og sikrer n\u00f8yaktige resultater.<\/li>\n<li><strong>Kan resultatene eksporteres for videre analyse?<\/strong><br \/>\nJa, testeren har en innebygd skriver for umiddelbare resultater og valgfri programvare for detaljert datah\u00e5ndtering.<\/li>\n<\/ol>","protected":false},"excerpt":{"rendered":"<p>Den <strong>Slagtest for fritt fallende piler<\/strong> brukes til \u00e5 m\u00e5le slagfastheten til plastfilmer, emballasjematerialer og andre tynne materialer. Testen bestemmer energien som kreves for \u00e5 for\u00e5rsake brudd ved \u00e5 slippe en vektet pil fra en spesifisert h\u00f8yde ned p\u00e5 materialet. Den f\u00f8lger standarder som <strong>ASTM D1709<\/strong> og <strong>ISO 7765-1<\/strong>.<\/p>","protected":false},"featured_media":5961,"comment_status":"closed","ping_status":"closed","template":"","meta":{"site-sidebar-layout":"default","site-content-layout":"default","ast-global-header-display":"","ast-main-header-display":"","ast-hfb-above-header-display":"","ast-hfb-below-header-display":"","ast-hfb-mobile-header-display":"","site-post-title":"disabled","ast-breadcrumbs-content":"","ast-featured-img":"disabled","footer-sml-layout":"","theme-transparent-header-meta":"default","adv-header-id-meta":"","stick-header-meta":"","header-above-stick-meta":"","header-main-stick-meta":"","header-below-stick-meta":""},"product_cat":[845,684,44,149,16,111,169,95],"product_tag":[],"class_list":{"0":"post-2743","1":"product","2":"type-product","3":"status-publish","4":"has-post-thumbnail","6":"product_cat-customization","7":"product_cat-impact-tester","8":"product_cat-paper-and-board-testers","9":"product_cat-pharma-and-medical-testers","10":"product_cat-plastic-packaging-testers","11":"product_cat-astm-d1709","12":"product_cat-iso-7765-1","13":"product_cat-products","14":"desktop-align-left","15":"tablet-align-left","16":"mobile-align-left","18":"first","19":"instock","20":"shipping-taxable","21":"product-type-simple"},"_links":{"self":[{"href":"https:\/\/www.qualitester.com\/nb\/wp-json\/wp\/v2\/product\/2743","targetHints":{"allow":["GET"]}}],"collection":[{"href":"https:\/\/www.qualitester.com\/nb\/wp-json\/wp\/v2\/product"}],"about":[{"href":"https:\/\/www.qualitester.com\/nb\/wp-json\/wp\/v2\/types\/product"}],"replies":[{"embeddable":true,"href":"https:\/\/www.qualitester.com\/nb\/wp-json\/wp\/v2\/comments?post=2743"}],"version-history":[{"count":0,"href":"https:\/\/www.qualitester.com\/nb\/wp-json\/wp\/v2\/product\/2743\/revisions"}],"wp:featuredmedia":[{"embeddable":true,"href":"https:\/\/www.qualitester.com\/nb\/wp-json\/wp\/v2\/media\/5961"}],"wp:attachment":[{"href":"https:\/\/www.qualitester.com\/nb\/wp-json\/wp\/v2\/media?parent=2743"}],"wp:term":[{"taxonomy":"product_cat","embeddable":true,"href":"https:\/\/www.qualitester.com\/nb\/wp-json\/wp\/v2\/product_cat?post=2743"},{"taxonomy":"product_tag","embeddable":true,"href":"https:\/\/www.qualitester.com\/nb\/wp-json\/wp\/v2\/product_tag?post=2743"}],"curies":[{"name":"wp","href":"https:\/\/api.w.org\/{rel}","templated":true}]}}