{"id":2695,"date":"2023-07-04T14:24:00","date_gmt":"2023-07-04T06:24:00","guid":{"rendered":"https:\/\/www.qualitester.com\/?post_type=product&#038;p=2695"},"modified":"2024-12-04T15:49:44","modified_gmt":"2024-12-04T07:49:44","slug":"wtt-plastic-bottle-wall-thickness-gauge","status":"publish","type":"product","link":"https:\/\/www.qualitester.com\/nb\/produkt-2\/wtt-plastic-bottle-wall-thickness-gauge\/","title":{"rendered":"WTT Veggtykkelsesm\u00e5ler"},"content":{"rendered":"<h2><strong>Introduksjon til flaskeveggtykkelsesm\u00e5leren<\/strong><\/h2>\n<p>Den <strong>Veggtykkelsesm\u00e5ler for flasker<\/strong> er et instrument med h\u00f8y presisjon som er utviklet for \u00e5 m\u00e5le veggtykkelsen p\u00e5 et bredt spekter av flasker og beholdere. N\u00f8yaktig m\u00e5ling av veggtykkelsen er avgj\u00f8rende for \u00e5 sikre emballasjematerialenes styrke, holdbarhet og integritet. Enten det gjelder PET-, glass-, aluminium- eller plastflasker, hjelper dette verkt\u00f8yet produsenter med \u00e5 oppfylle bransjestandarder og forbedre produktkvaliteten, noe som gj\u00f8r det uunnv\u00e6rlig for bruksomr\u00e5der innen emballasje, legemidler, mat- og drikkevarer, medisinsk utstyr med mer.<\/p>\n<h2><strong>Testmetoder for m\u00e5ling av flaskenes veggtykkelse<\/strong><\/h2>\n<p>Den <strong>Veggtykkelsesm\u00e5ler for flasker<\/strong> st\u00f8tter ulike avanserte testmetoder som passer til ulike materialtyper og behov for m\u00e5lepresisjon:<\/p>\n<ul>\n<li><strong>Kontaktmetode Veggtykkelsesm\u00e5ler<\/strong>: Denne metoden inneb\u00e6rer at en sonde fysisk kommer i kontakt med overflaten p\u00e5 flasken for \u00e5 m\u00e5le veggtykkelsen direkte. Det er en rask, n\u00f8yaktig og mye brukt teknikk, som er ideell for en rekke ulike typer beholdere.<\/li>\n<li><strong>M\u00e5ling av tykkelse med ultralyd<\/strong>: Denne ikke-destruktive metoden benytter h\u00f8yfrekvente lydb\u00f8lger og m\u00e5ler tiden det tar for lydb\u00f8lgene \u00e5 sprette tilbake etter \u00e5 ha passert gjennom flaskematerialet. Den gir sv\u00e6rt n\u00f8yaktige resultater og brukes ofte i kvalitetskontrollprosesser.<\/li>\n<li><strong>R\u00f8ntgen- eller gammastr\u00e5leavbildning<\/strong>: Disse avanserte teknikkene muliggj\u00f8r ikke-invasiv m\u00e5ling av tykkelsen p\u00e5 flaskeveggen. R\u00f8ntgen- eller gammastr\u00e5leavbildning er ideelt for forskning og kritiske kvalitetskontrollapplikasjoner der presisjon er avgj\u00f8rende.<\/li>\n<li><strong>Virvelstr\u00f8mstesting<\/strong>: Virvelstr\u00f8mtesting bruker elektromagnetisk induksjon for \u00e5 oppdage endringer i elektrisk ledningsevne i flaskematerialet, noe som muliggj\u00f8r ber\u00f8ringsfri m\u00e5ling av veggtykkelsen.<\/li>\n<li><strong>Optisk profilering<\/strong>: Denne metoden bruker laser eller strukturert lys til \u00e5 fange opp detaljerte 3D-overflatedata, noe som muliggj\u00f8r sv\u00e6rt n\u00f8yaktig m\u00e5ling av veggtykkelsen p\u00e5 flere punkter p\u00e5 flaskens overflate.<\/li>\n<li><strong>Mikroskopi<\/strong>: I noen tilfeller kan mikroskopi brukes til \u00e5 unders\u00f8ke et tverrsnitt av flasken, noe som gir en detaljert og n\u00f8yaktig m\u00e5ling av veggtykkelsen p\u00e5 en sv\u00e6rt fin skala.<\/li>\n<\/ul>\n<h2><strong>Veggtykkelsesm\u00e5ler i WTT-serien<\/strong><\/h2>\n<p>Den <strong>Veggtykkelsesm\u00e5ler i WTT-serien<\/strong> er et allsidig instrument med h\u00f8y presisjon som er utviklet spesielt for m\u00e5ling av veggtykkelsen p\u00e5 ulike emballasjebeholdere, inkludert PET-drikkeflasker, bokser, glassflasker, infusjonsflasker med mer. WTT-serien har avanserte m\u00e5lefunksjoner som sikrer konsistente og p\u00e5litelige resultater for et bredt spekter av bruksomr\u00e5der.<\/p>\n<p><strong>Viktige funksjoner<\/strong>:<\/p>\n<ul>\n<li><strong>Digital skjerm<\/strong>: Tilbyr sv\u00e6rt n\u00f8yaktige m\u00e5linger i sanntid som kan avleses umiddelbart.<\/li>\n<li><strong>Dobbel m\u00e5lefunksjonalitet<\/strong>: Kan m\u00e5le b\u00e5de vegg- og bunntykkelse for omfattende testing av emballasjebeholdere.<\/li>\n<li><strong>Muligheter for dataoverf\u00f8ring<\/strong>: Inkluderer en datakabel (tilleggsutstyr) for enkel overf\u00f8ring av m\u00e5ledata til MS Excel for videre analyse og rapportering.<\/li>\n<li><strong>Holdbarhet<\/strong>: Bygget for \u00e5 t\u00e5le tung bruk i krevende produksjonsmilj\u00f8er, noe som sikrer lang levetid og p\u00e5litelighet.<\/li>\n<li><strong>Brukervennlighet<\/strong>: Enkelt grensesnitt og brukervennlige kontroller gj\u00f8r det enkelt for operat\u00f8rene \u00e5 utf\u00f8re raske og n\u00f8yaktige m\u00e5linger.<\/li>\n<\/ul>\n<h2><strong>Hvorfor velge en flaskeveggtykkelsesm\u00e5ler<\/strong><\/h2>\n<ul>\n<li><strong>Presisjon og n\u00f8yaktighet<\/strong>: Leverer sv\u00e6rt n\u00f8yaktige og repeterbare m\u00e5linger, noe som sikrer samsvar med internasjonale standarder og garanterer kvaliteten p\u00e5 emballerte produkter.<\/li>\n<li><strong>Allsidighet<\/strong>: Passer til en rekke flasketyper, inkludert PET, glass, aluminium og plast, noe som gj\u00f8r den tilpasningsdyktig til ulike bransjer og bruksomr\u00e5der.<\/li>\n<li><strong>Kostnadseffektive og effektive<\/strong>: Ved \u00e5 sikre at bare flasker med riktig veggtykkelse brukes i produksjonen, kan produsentene redusere avfallet og forbedre effektiviteten, noe som sparer tid og penger.<\/li>\n<li><strong>Brukervennlig<\/strong>: Designet for brukervennlighet, med et intuitivt grensesnitt og raskt oppsett, slik at operat\u00f8rene kan begynne \u00e5 teste med minimal oppl\u00e6ring.<\/li>\n<\/ul>\n<p>Den <strong>Veggtykkelsesm\u00e5ler for flasker<\/strong> er et uunnv\u00e6rlig verkt\u00f8y for produsenter innen emballasje-, n\u00e6ringsmiddel-, drikkevare-, farmas\u00f8ytisk og medisinsk industri. Med sine presise m\u00e5leegenskaper og mange testmetoder s\u00f8rger den for at flaskene oppfyller de n\u00f8dvendige kvalitets- og sikkerhetsstandardene. Enten du tester PET-, glass- eller aluminiumsflasker, gir dette p\u00e5litelige instrumentet deg den innsikten du trenger for \u00e5 kvalitetssikre og kontinuerlig forbedre produksjonsprosessen.<\/p>","protected":false},"excerpt":{"rendered":"<p>Den <strong>Veggtykkelsesm\u00e5ler for flasker<\/strong> er et instrument med h\u00f8y presisjon som er utviklet for \u00e5 m\u00e5le veggtykkelsen p\u00e5 et bredt spekter av flasker og beholdere. N\u00f8yaktig m\u00e5ling av veggtykkelsen er avgj\u00f8rende for \u00e5 sikre emballasjematerialenes styrke, holdbarhet og integritet. Enten det gjelder PET-, glass-, aluminium- eller plastflasker, hjelper dette verkt\u00f8yet produsenter med \u00e5 oppfylle bransjestandarder og forbedre produktkvaliteten, noe som gj\u00f8r det uunnv\u00e6rlig for bruksomr\u00e5der innen emballasje, legemidler, mat- og drikkevarer, medisinsk utstyr med mer.<\/p>","protected":false},"featured_media":6115,"comment_status":"closed","ping_status":"closed","template":"","meta":{"site-sidebar-layout":"default","site-content-layout":"default","ast-global-header-display":"","ast-main-header-display":"","ast-hfb-above-header-display":"","ast-hfb-below-header-display":"","ast-hfb-mobile-header-display":"","site-post-title":"disabled","ast-breadcrumbs-content":"","ast-featured-img":"disabled","footer-sml-layout":"","theme-transparent-header-meta":"default","adv-header-id-meta":"","stick-header-meta":"","header-above-stick-meta":"","header-main-stick-meta":"","header-below-stick-meta":""},"product_cat":[845,17,149,16,95],"product_tag":[],"class_list":{"0":"post-2695","1":"product","2":"type-product","3":"status-publish","4":"has-post-thumbnail","6":"product_cat-customization","7":"product_cat-package-container-testers","8":"product_cat-pharma-and-medical-testers","9":"product_cat-plastic-packaging-testers","10":"product_cat-products","11":"desktop-align-left","12":"tablet-align-left","13":"mobile-align-left","15":"first","16":"instock","17":"shipping-taxable","18":"product-type-simple"},"_links":{"self":[{"href":"https:\/\/www.qualitester.com\/nb\/wp-json\/wp\/v2\/product\/2695","targetHints":{"allow":["GET"]}}],"collection":[{"href":"https:\/\/www.qualitester.com\/nb\/wp-json\/wp\/v2\/product"}],"about":[{"href":"https:\/\/www.qualitester.com\/nb\/wp-json\/wp\/v2\/types\/product"}],"replies":[{"embeddable":true,"href":"https:\/\/www.qualitester.com\/nb\/wp-json\/wp\/v2\/comments?post=2695"}],"version-history":[{"count":0,"href":"https:\/\/www.qualitester.com\/nb\/wp-json\/wp\/v2\/product\/2695\/revisions"}],"wp:featuredmedia":[{"embeddable":true,"href":"https:\/\/www.qualitester.com\/nb\/wp-json\/wp\/v2\/media\/6115"}],"wp:attachment":[{"href":"https:\/\/www.qualitester.com\/nb\/wp-json\/wp\/v2\/media?parent=2695"}],"wp:term":[{"taxonomy":"product_cat","embeddable":true,"href":"https:\/\/www.qualitester.com\/nb\/wp-json\/wp\/v2\/product_cat?post=2695"},{"taxonomy":"product_tag","embeddable":true,"href":"https:\/\/www.qualitester.com\/nb\/wp-json\/wp\/v2\/product_tag?post=2695"}],"curies":[{"name":"wp","href":"https:\/\/api.w.org\/{rel}","templated":true}]}}