{"id":2565,"date":"2023-06-26T14:29:44","date_gmt":"2023-06-26T06:29:44","guid":{"rendered":"https:\/\/www.qualitester.com\/?post_type=product&#038;p=2565"},"modified":"2024-12-04T11:56:03","modified_gmt":"2024-12-04T03:56:03","slug":"phs-01-electrical-equipment-pendulum-impact-tester","status":"publish","type":"product","link":"https:\/\/www.qualitester.com\/nb\/produkt-2\/phs-01-electrical-equipment-pendulum-impact-tester\/","title":{"rendered":"PHS-01 Pendelslagpr\u00f8ver for elektrisk utstyr"},"content":{"rendered":"<h2><strong>Introduksjon til slagpr\u00f8ving med pendelhammer<\/strong><\/h2>\n<p>Den <strong>Slagpr\u00f8vetester med pendelhammer (PHS-01)<\/strong> er et spesialisert mekanisk testinstrument som er utviklet for \u00e5 vurdere holdbarheten og slagfastheten til materialer og produkter. Testeren simulerer virkelige mekaniske st\u00f8t, slik at produsentene kan vurdere hvor godt produktene deres t\u00e5ler fysiske p\u00e5kjenninger. Slagtesting er avgj\u00f8rende for \u00e5 garantere sikkerheten og p\u00e5liteligheten til produkter, s\u00e6rlig i bransjer der produktene utsettes for hyppige mekaniske st\u00f8t eller r\u00f8ff h\u00e5ndtering, for eksempel emballasje, bilindustrien, elektronikk og medisinsk utstyr.<\/p>\n<p>Pendelslagpr\u00f8ving bruker prinsippet med en pendelhammer som l\u00f8ftes til en forh\u00e5ndsbestemt h\u00f8yde og slippes ut for \u00e5 sl\u00e5 mot en pr\u00f8ve. Testeren m\u00e5ler hvordan pr\u00f8ven reagerer p\u00e5 ulike energiniv\u00e5er, noe som bidrar til \u00e5 bestemme dens robusthet og egnethet for spesifikke bruksomr\u00e5der.<\/p>\n<h2><strong>Testmetoder for slagpr\u00f8vetester med pendelhammer<\/strong><\/h2>\n<p>PHS-01 <strong>Slagpr\u00f8ver med pendelhammer<\/strong> bruker et automatisert pendelhammersystem til \u00e5 utf\u00f8re slagtester p\u00e5 ulike pr\u00f8ver. Testen er enkel:<\/p>\n<ul>\n<li><strong>Innspenning av pr\u00f8ver<\/strong>: Pr\u00f8ven er sikkert montert p\u00e5 testfiksturen, slik at den forblir p\u00e5 plass under testingen.<\/li>\n<li><strong>Testing av innvirkning<\/strong>: Hammeren l\u00f8ftes automatisk til \u00f8nsket slagh\u00f8yde, og n\u00e5r den aktiveres, slippes den for \u00e5 sl\u00e5 pr\u00f8ven med et spesifisert energiniv\u00e5.<\/li>\n<li><strong>Energiinnstillinger<\/strong>: Energiniv\u00e5ene kan justeres fra 0,14 J til 5 J, avhengig av hvilken type materiale eller produkt som skal testes.<\/li>\n<li><strong>Testsyklus<\/strong>: Testen utf\u00f8res med ett enkelt knappetrykk via HMI-ber\u00f8ringsskjermen (Human-Machine Interface), noe som automatiserer prosessen og minimerer menneskelige feil.<\/li>\n<\/ul>\n<p>Denne testmetoden gj\u00f8r det mulig for produsentene \u00e5 evaluere materialets motstandskraft mot st\u00f8tkrefter, og sikrer at det oppfyller sikkerhetsstandardene for holdbarhet under praktiske forhold.<\/p>\n<h2><strong>Slagpr\u00f8ver med pendelhammer og IEC 60068-2-75<\/strong><\/h2>\n<h3><strong>Oversikt over standarden IEC 60068-2-75<\/strong><\/h3>\n<p>Den <a href=\"https:\/\/webstore.iec.ch\/en\/publication\/558\" target=\"_blank\" rel=\"noopener nofollow\"><strong>IEC 60068-2-75<\/strong><\/a> er en internasjonal standard som beskriver testmetoder for \u00e5 vurdere den mekaniske robustheten til utstyr og produkter som utsettes for mekaniske p\u00e5kjenninger eller st\u00f8t. Spesifikt gir denne standarden retningslinjer for \u00e5 bestemme en pr\u00f8ves evne til \u00e5 motst\u00e5 store slagkrefter, noe som er avgj\u00f8rende for produkter som brukes i milj\u00f8er der mekanisk p\u00e5virkning er vanlig.<\/p>\n<p>Den <a href=\"https:\/\/www.qualitester.com\/nb\/produktkategori\/iec\/iec-60068-2-75\/\" target=\"_blank\" rel=\"noopener\">IEC 60068-2-75<\/a> Standarden definerer tre spesifikke metoder for gjennomf\u00f8ring av kollisjonstester, noe som sikrer at produktene er motstandsdyktige og p\u00e5litelige under ulike drifts- og milj\u00f8forhold. Det er avgj\u00f8rende for produsenter som \u00f8nsker \u00e5 oppfylle globale standarder for sikkerhet og kvalitetssikring, \u00e5 f\u00f8lge denne standarden.<\/p>\n<h3><strong>Hvordan PHS-01 Pendelhammer sl\u00e5ende tester oppfyller IEC 60068-2-75<\/strong><\/h3>\n<p>Den <strong>PHS-01 Slagpr\u00f8veapparat med pendelhammer<\/strong> er helt i samsvar med IEC 60068-2-75-standarden, noe som gir n\u00f8yaktige og repeterbare resultater for slagtesting. Testerens automatiske kontrollsystem, justerbare energiniv\u00e5er og allsidige testh\u00f8yder gj\u00f8r den ideell for \u00e5 simulere et bredt spekter av kollisjonsscenarier, som spesifisert i IEC 60068-2-75-standarden. PHS-01 gj\u00f8r det mulig \u00e5 vurdere mekanisk robusthet, og hjelper produsenter med \u00e5 sikre at produktene deres oppfyller internasjonale sikkerhetskrav.<\/p>\n<h2><strong>Viktige funksjoner i PHS-01 slagtester med pendelhammer<\/strong><\/h2>\n<ul>\n<li><strong>Kontroll med h\u00f8y presisjon<\/strong>: PHS-01 bruker en <strong>PLS-kontrollsystem<\/strong> og en <strong>HMI-grensesnitt med ber\u00f8ringsskjerm<\/strong>, og gir enkel betjening og presis kontroll over slagparametrene.<\/li>\n<li><strong>Automatisk l\u00f8fting og frigj\u00f8ring av pendel<\/strong>: Pendelhammeren l\u00f8ftes automatisk til \u00f8nsket h\u00f8yde og slippes ut med elektromagnetisk presisjon, noe som sikrer jevn slagenergi.<\/li>\n<li><strong>Justerbar slagenergi<\/strong>: Testeren st\u00f8tter en rekke slagenergier, fra <strong>0,14J til 5J<\/strong>, noe som gj\u00f8r den egnet for testing av en rekke ulike materialer og produkter.<\/li>\n<li><strong>Tilpassbare testh\u00f8yder<\/strong>: The <strong>fallh\u00f8yde<\/strong> er justerbar, og spenner fra <strong>56 mm til 400 mm<\/strong>, og gir fleksibilitet n\u00e5r det gjelder \u00e5 teste ulike konsekvensscenarioer.<\/li>\n<li><strong>Sl\u00e5ende elementer<\/strong>: Testeren har forskjellige sl\u00e5ende elementer som kan byttes ut basert p\u00e5 testkravene, noe som gj\u00f8r den enda mer allsidig.<\/li>\n<li><strong>Display med to spr\u00e5k<\/strong>: Systemet st\u00f8tter visning p\u00e5 to spr\u00e5k, noe som gj\u00f8r det brukervennlig for internasjonale kunder.<\/li>\n<\/ul>\n<h2><strong>Bruksomr\u00e5der for slagtester med pendelhammer<\/strong><\/h2>\n<p>Den <strong>Slagpr\u00f8ver med pendelhammer<\/strong> brukes i ulike bransjer for \u00e5 evaluere slagfastheten og den mekaniske robustheten til produkter og materialer:<\/p>\n<ul>\n<li><strong>Emballasje<\/strong>: Sikrer at emballasjematerialene, inkludert b\u00f8lgepappesker og plastbeholdere, t\u00e5ler st\u00f8t under transport og h\u00e5ndtering.<\/li>\n<li><strong>Elektronikk<\/strong>: Vurderer holdbarheten til elektroniske komponenter, for eksempel kretskort og kabinetter, for \u00e5 sikre at de t\u00e5ler utilsiktede fall og mekaniske st\u00f8t.<\/li>\n<li><strong>Medisinsk utstyr<\/strong>: Verifiserer slagfastheten til medisinsk utstyr og emballasjen, noe som sikrer pasientsikkerhet og produktp\u00e5litelighet.<\/li>\n<li><strong>Bildeler<\/strong>: Tester komponenter som st\u00f8tfangere og innredning for \u00e5 sikre at de t\u00e5ler st\u00f8t og t\u00f8ffe milj\u00f8forhold.<\/li>\n<li><strong>Leker og forbrukerprodukter<\/strong>: Bekrefter at dagligdagse forbrukerartikler oppfyller sikkerhetsstandardene for holdbarhet, spesielt n\u00e5r det gjelder barneprodukter.<\/li>\n<\/ul>\n<h2><strong>Overholdelse av standarder<\/strong><\/h2>\n<p>Den <strong>PHS-01 Slagpr\u00f8veapparat med pendelhammer<\/strong> er i samsvar med f\u00f8lgende bransjestandarder:<\/p>\n<ul>\n<li><strong>IEC 60068-2-75<\/strong>: Internasjonal standard for milj\u00f8testing, med fokus p\u00e5 mekanisk belastningstesting.<\/li>\n<li><strong>GB\/T 2423.55<\/strong>: Den kinesiske nasjonale standarden for slagtesting, som sikrer at produktene oppfyller lokale myndighetskrav.<\/li>\n<\/ul>\n<p>Ved \u00e5 oppfylle disse standardene garanterer PHS-01 at produsentene kan vurdere produktenes robusthet n\u00f8yaktig og sikre samsvar med globale kriterier for sikkerhet og p\u00e5litelighet.<\/p>\n<h2><strong>Hovedparametere<\/strong><\/h2>\n<table>\n<tbody>\n<tr>\n<td width=\"122\">Impact Energy<\/td>\n<td width=\"277\">0,14J, 0,2J, 0,35J, 0,5J, 0,7J, 1J, 2J, 5J<\/td>\n<\/tr>\n<tr>\n<td width=\"122\">Ekvivalent masse<\/td>\n<td width=\"277\">0.25,0.25,0.25,0.25,0.25, 0.25,0.5,1.7kg<\/td>\n<\/tr>\n<tr>\n<td width=\"122\">Fallh\u00f8yde<\/td>\n<td width=\"277\">56,80,140,200,280,400,400,300mm<\/td>\n<\/tr>\n<tr>\n<td width=\"122\">Kryssfiner<\/td>\n<td width=\"277\">175 * 175 mm, 8 mm tykkelse etter bruker<\/td>\n<\/tr>\n<tr>\n<td width=\"122\">Str\u00f8m<\/td>\n<td width=\"277\">AC 110~220V 50\/60Hz<\/td>\n<\/tr>\n<tr>\n<td width=\"122\">Kontroll<\/td>\n<td width=\"277\">PLS og grensesnitt mellom menneske og maskin<\/td>\n<\/tr>\n<\/tbody>\n<\/table>\n<p>Den <strong>Slagpr\u00f8vetester med pendelhammer (PHS-01)<\/strong> er et viktig verkt\u00f8y for produsenter som m\u00e5 sikre holdbarheten og den mekaniske robustheten til produktene sine. Ved \u00e5 simulere virkelige kollisjonsscenarier og f\u00f8lge internasjonale standarder som <strong>IEC 60068-2-75<\/strong>, PHS-01 gir n\u00f8yaktige og p\u00e5litelige testresultater. Enten det gjelder emballasje, elektronikk, medisinsk utstyr eller bildeler, bidrar PHS-01 til \u00e5 garantere produktsikkerhet og ytelse, noe som gj\u00f8r den til et uvurderlig tilskudd til ethvert kvalitetskontrollaboratorium eller produksjonsanlegg.<\/p>","protected":false},"excerpt":{"rendered":"<p>Den <strong>Slagpr\u00f8vetester med pendelhammer (PHS-01)<\/strong> er et spesialisert mekanisk testinstrument som er utviklet for \u00e5 vurdere holdbarheten og slagfastheten til materialer og produkter. Testeren simulerer virkelige mekaniske st\u00f8t, slik at produsentene kan vurdere hvor godt produktene deres t\u00e5ler fysiske p\u00e5kjenninger. Slagtesting er avgj\u00f8rende for \u00e5 garantere sikkerheten og p\u00e5liteligheten til produkter, s\u00e6rlig i bransjer der produktene utsettes for hyppige mekaniske st\u00f8t eller r\u00f8ff h\u00e5ndtering, for eksempel emballasje, bilindustrien, elektronikk og medisinsk utstyr.<\/p>","protected":false},"featured_media":6032,"comment_status":"closed","ping_status":"closed","template":"","meta":{"site-sidebar-layout":"default","site-content-layout":"default","ast-global-header-display":"","ast-main-header-display":"","ast-hfb-above-header-display":"","ast-hfb-below-header-display":"","ast-hfb-mobile-header-display":"","site-post-title":"disabled","ast-breadcrumbs-content":"","ast-featured-img":"disabled","footer-sml-layout":"","theme-transparent-header-meta":"default","adv-header-id-meta":"","stick-header-meta":"","header-above-stick-meta":"","header-main-stick-meta":"","header-below-stick-meta":""},"product_cat":[95,845,937,1137],"product_tag":[],"class_list":{"0":"post-2565","1":"product","2":"type-product","3":"status-publish","4":"has-post-thumbnail","6":"product_cat-products","7":"product_cat-customization","8":"product_cat-electronic-product-tester","9":"product_cat-iec-60068-2-75","10":"desktop-align-left","11":"tablet-align-left","12":"mobile-align-left","14":"first","15":"instock","16":"shipping-taxable","17":"product-type-simple"},"_links":{"self":[{"href":"https:\/\/www.qualitester.com\/nb\/wp-json\/wp\/v2\/product\/2565","targetHints":{"allow":["GET"]}}],"collection":[{"href":"https:\/\/www.qualitester.com\/nb\/wp-json\/wp\/v2\/product"}],"about":[{"href":"https:\/\/www.qualitester.com\/nb\/wp-json\/wp\/v2\/types\/product"}],"replies":[{"embeddable":true,"href":"https:\/\/www.qualitester.com\/nb\/wp-json\/wp\/v2\/comments?post=2565"}],"version-history":[{"count":0,"href":"https:\/\/www.qualitester.com\/nb\/wp-json\/wp\/v2\/product\/2565\/revisions"}],"wp:featuredmedia":[{"embeddable":true,"href":"https:\/\/www.qualitester.com\/nb\/wp-json\/wp\/v2\/media\/6032"}],"wp:attachment":[{"href":"https:\/\/www.qualitester.com\/nb\/wp-json\/wp\/v2\/media?parent=2565"}],"wp:term":[{"taxonomy":"product_cat","embeddable":true,"href":"https:\/\/www.qualitester.com\/nb\/wp-json\/wp\/v2\/product_cat?post=2565"},{"taxonomy":"product_tag","embeddable":true,"href":"https:\/\/www.qualitester.com\/nb\/wp-json\/wp\/v2\/product_tag?post=2565"}],"curies":[{"name":"wp","href":"https:\/\/api.w.org\/{rel}","templated":true}]}}