{"id":2454,"date":"2023-06-14T08:35:29","date_gmt":"2023-06-14T00:35:29","guid":{"rendered":"https:\/\/www.qualitester.com\/?post_type=product&#038;p=2454"},"modified":"2024-11-28T10:12:04","modified_gmt":"2024-11-28T02:12:04","slug":"fbt-01-impact-testing-machine-falling-ball-impact-cardboard","status":"publish","type":"product","link":"https:\/\/www.qualitester.com\/nb\/produkt-2\/fbt-01-impact-testing-machine-falling-ball-impact-cardboard\/","title":{"rendered":"FBT-01 Falling Ball Impact Tester"},"content":{"rendered":"<h2>Introduksjon til Falling Ball Impact Test<\/h2>\n<p>Den <strong>test av fallende kule<\/strong> er en kritisk metode for \u00e5 evaluere et materials evne til \u00e5 motst\u00e5 plutselige st\u00f8t eller st\u00f8tbelastninger. Denne testen simulerer virkelige forhold der materialer utsettes for ytre krefter, noe som hjelper produsentene med \u00e5 sikre produktenes holdbarhet og kvalitet. Slagfasthet er avgj\u00f8rende for \u00e5 forhindre brudd, sprekker eller deformasjon i materialer som brukes i ulike bransjer, blant annet emballasje, medisinsk utstyr og elektronikk.<\/p>\n<h2>Oversikt over FBT-01 Falling Ball Impact Tester<\/h2>\n<p>Den <strong>FBT-01 Falling Ball Impact Tester<\/strong> er et sv\u00e6rt presist og allsidig instrument som er utviklet for \u00e5 m\u00e5le slagfastheten til tynne materialer som filmer, plater, kompositter, folier og papir. Instrumentet bruker et kontrollert fall av en st\u00e5lkule fra en spesifisert h\u00f8yde for \u00e5 simulere slagkrefter, noe som gir viktig innsikt i materialets ytelse under belastning.<\/p>\n<h3>Viktige fordeler:<\/h3>\n<ul>\n<li>N\u00f8yaktige, repeterbare resultater for kvalitetskontroll<\/li>\n<li>Brukervennlig betjening via en HMI-ber\u00f8ringsskjerm<\/li>\n<\/ul>\n<h2>Testmetoder for fallende ball-slagtest<\/h2>\n<p>I denne testen slippes en st\u00e5lkule med en kjent masse og diameter fra en forh\u00e5ndsbestemt h\u00f8yde og treffer pr\u00f8ven. Den resulterende skaden eller deformasjonen observeres og analyseres for \u00e5 vurdere materialets slagfasthet.<\/p>\n<h3>N\u00f8kkelfaktorer som p\u00e5virker testresultatene:<\/h3>\n<ul>\n<li><strong>Fallh\u00f8yde:<\/strong> Den justerbare h\u00f8yden gj\u00f8r det mulig \u00e5 simulere ulike kollisjonsscenarier, noe som gir en mer omfattende analyse av materialytelsen.<\/li>\n<li><strong>Kulest\u00f8rrelse og masse:<\/strong> St\u00f8rrelsen og vekten p\u00e5 st\u00e5lkulen kan velges ut fra spesifikke testkrav, noe som sikrer relevans for virkelige bruksomr\u00e5der.<\/li>\n<\/ul>\n<h2>Funksjoner ved Drop Ball Impact Tester<\/h2>\n<p>Den <strong>fallkule slagtester<\/strong> er utstyrt med avanserte funksjoner for \u00f8kt n\u00f8yaktighet og brukervennlighet:<\/p>\n<ul>\n<li><strong>Presisjonskontroll:<\/strong> PLS-basert system med h\u00f8yoppl\u00f8selig HMI-ber\u00f8ringsskjerm for intuitiv betjening.<\/li>\n<li><strong>Justerbar slagh\u00f8yde:<\/strong> Spenner fra 300 mm til 600 mm, med muligheter for utvidelse basert p\u00e5 tilpassede krav.<\/li>\n<li><strong>Elektromagnetisk fj\u00e6ring:<\/strong> Sikrer automatisk og konsekvent utl\u00f8sning av st\u00e5lkulen for p\u00e5litelige testforhold.<\/li>\n<li><strong>Pneumatisk klemming:<\/strong> Holder pr\u00f8vene sikkert p\u00e5 plass, noe som reduserer variasjonen i resultatene.<\/li>\n<li><strong>Multi-Unit Display:<\/strong> Resultatene kan vises i ulike enheter, noe som gir fleksibilitet i tolkningen av dataene.<\/li>\n<li><strong>Valgfri profesjonell programvare:<\/strong> For avansert dataanalyse og rapportering.<\/li>\n<\/ul>\n<h3>Tekniske spesifikasjoner:<\/h3>\n<table>\n<tbody>\n<tr>\n<td style=\"text-align: center;\" width=\"147\">P\u00e5virkningsh\u00f8yde<\/td>\n<td style=\"text-align: center;\" width=\"277\">300 mm-600 mm (kan forlenges)<\/td>\n<\/tr>\n<tr>\n<td style=\"text-align: center;\" width=\"147\">Kulediameter (mm)<\/td>\n<td style=\"text-align: center;\" width=\"277\">23, 25, 28.6, 38.1, 50.8(\u00e9n utstyrt)<\/td>\n<\/tr>\n<tr>\n<td style=\"text-align: center;\" width=\"147\">N\u00f8yaktighet<\/td>\n<td style=\"text-align: center;\" width=\"277\">0,1 g (0,1 J)<\/td>\n<\/tr>\n<tr>\n<td style=\"text-align: center;\" width=\"147\">Pr\u00f8veklemme<\/td>\n<td style=\"text-align: center;\" width=\"277\">Pneumatisk klemme<\/td>\n<\/tr>\n<tr>\n<td style=\"text-align: center;\" width=\"147\">Gassforsyning<\/td>\n<td style=\"text-align: center;\" width=\"277\">0,6 MPa \u03a68 mm PU-r\u00f8r<\/td>\n<\/tr>\n<tr>\n<td style=\"text-align: center;\" width=\"147\">St\u00f8rrelse p\u00e5 pr\u00f8ven<\/td>\n<td style=\"text-align: center;\" width=\"277\">&gt; 150 mm x 150 mm<\/td>\n<\/tr>\n<tr>\n<td style=\"text-align: center;\" width=\"147\">Str\u00f8mforsyning<\/td>\n<td style=\"text-align: center;\" width=\"277\">AC 110~220V 50Hz<\/td>\n<\/tr>\n<\/tbody>\n<\/table>\n<h2>Bruksomr\u00e5der og bransjerelevans<\/h2>\n<p>FBT-01 er et viktig verkt\u00f8y for ulike bransjer for \u00e5 sikre produktsikkerhet og ytelse:<\/p>\n<ul>\n<li><strong>Emballasje:<\/strong> Vurdering av holdbarheten til filmer, folier og ark som brukes i emballasje.<\/li>\n<li><strong>Medisinsk utstyr:<\/strong> Sikre slagfastheten til materialer som brukes i medisinsk emballasje og komponenter.<\/li>\n<li><strong>Elektronikk og bilindustri:<\/strong> Testing av komponenters robusthet mot st\u00f8t under bruk eller transport.<\/li>\n<li><strong>Kvalitetskontroll og inspeksjon:<\/strong> Tilbyr standardiserte metoder for testing og samsvar.<\/li>\n<\/ul>\n<h2>Overholdelse av standarder<\/h2>\n<p>FBT-01 bidrar til \u00e5 oppfylle ulike bransjestandarder for st\u00f8tpr\u00f8ving, noe som sikrer at produktene oppfyller strenge kvalitetskrav. Dette er avgj\u00f8rende for produsenter som s\u00f8ker sertifiseringer og godkjenninger i konkurranseutsatte markeder.<\/p>\n<h2>Hvorfor velge FBT-01 Falling Ball Impact Tester?<\/h2>\n<p>FBT-01 skiller seg ut med sin presisjon, allsidighet og brukervennlige design. Dens evne til \u00e5 teste et bredt spekter av materialer og tilby avansert dataanalyse gj\u00f8r den til et uunnv\u00e6rlig verkt\u00f8y for kvalitetskontroll i bransjer der materialets holdbarhet er avgj\u00f8rende.<\/p>\n<h3>Unike salgsargumenter:<\/h3>\n<ul>\n<li>Slagm\u00e5linger med h\u00f8y presisjon<\/li>\n<li>Tilpassbare testparametere for \u00e5 dekke spesifikke behov<\/li>\n<li>Avanserte programvarealternativer for detaljert rapportering<\/li>\n<li>Slitesterk konstruksjon og p\u00e5litelig ytelse<\/li>\n<\/ul>\n<h2>Vanlige sp\u00f8rsm\u00e5l<\/h2>\n<ol>\n<li><strong>Hvilke typer materialer kan FBT-01 teste?<\/strong><br \/>\nTesteren kan evaluere tynne materialer som filmer, plater, kompositter, folier og papir med en tykkelse p\u00e5 mindre enn 2 mm.<\/li>\n<li><strong>Hvordan justeres fallh\u00f8yden?<\/strong><br \/>\nFallh\u00f8yden kan justeres via HMI-ber\u00f8ringsskjermen, noe som gj\u00f8r det mulig \u00e5 tilpasse den til testkravene.<\/li>\n<li><strong>Hvorfor er ballst\u00f8rrelsen viktig i testen?<\/strong><br \/>\nUlike kulest\u00f8rrelser og -vekter simulerer ulike slagkrefter, noe som gir en mer omfattende forst\u00e5else av materialets ytelse.<\/li>\n<li><strong>Kan jeg bruke FBT-01 til avansert dataanalyse?<\/strong><br \/>\nJa, FBT-01 kan utstyres med profesjonell programvare for grundig analyse og rapportering.<\/li>\n<li><strong>Hvordan forbedrer det pneumatiske klemmesystemet n\u00f8yaktigheten?<\/strong><br \/>\nDen pneumatiske klemmen holder pr\u00f8ven sikkert fast, minimerer bevegelser under st\u00f8tet og sikrer konsistente og n\u00f8yaktige resultater.<\/li>\n<\/ol>\n<h2>Relatert produkt<\/h2>\n<p>FDT-01 <a href=\"https:\/\/www.qualitester.com\/nb\/produkt-2\/fdt-01-polypropylene-film-drop-dart-tester\/\" target=\"_blank\" rel=\"noopener\">Falling Dart Impact Tester<\/a><\/p>","protected":false},"excerpt":{"rendered":"<p>Den <strong>test av fallende kule<\/strong> er en kritisk metode for \u00e5 evaluere et materials evne til \u00e5 motst\u00e5 plutselige st\u00f8t eller st\u00f8tbelastninger. Denne testen simulerer virkelige forhold der materialer utsettes for ytre krefter, noe som hjelper produsentene med \u00e5 sikre produktenes holdbarhet og kvalitet. Slagfasthet er avgj\u00f8rende for \u00e5 forhindre brudd, sprekker eller deformasjon i materialer som brukes i ulike bransjer, blant annet emballasje, medisinsk utstyr og elektronikk.<\/p>","protected":false},"featured_media":5940,"comment_status":"closed","ping_status":"closed","template":"","meta":{"site-sidebar-layout":"default","site-content-layout":"default","ast-global-header-display":"","ast-main-header-display":"","ast-hfb-above-header-display":"","ast-hfb-below-header-display":"","ast-hfb-mobile-header-display":"","site-post-title":"disabled","ast-breadcrumbs-content":"","ast-featured-img":"","footer-sml-layout":"","theme-transparent-header-meta":"default","adv-header-id-meta":"","stick-header-meta":"","header-above-stick-meta":"","header-main-stick-meta":"","header-below-stick-meta":""},"product_cat":[44,149,16,111,169,95],"product_tag":[],"class_list":{"0":"post-2454","1":"product","2":"type-product","3":"status-publish","4":"has-post-thumbnail","6":"product_cat-paper-and-board-testers","7":"product_cat-pharma-and-medical-testers","8":"product_cat-plastic-packaging-testers","9":"product_cat-astm-d1709","10":"product_cat-iso-7765-1","11":"product_cat-products","12":"desktop-align-left","13":"tablet-align-left","14":"mobile-align-left","16":"first","17":"instock","18":"shipping-taxable","19":"product-type-simple"},"_links":{"self":[{"href":"https:\/\/www.qualitester.com\/nb\/wp-json\/wp\/v2\/product\/2454","targetHints":{"allow":["GET"]}}],"collection":[{"href":"https:\/\/www.qualitester.com\/nb\/wp-json\/wp\/v2\/product"}],"about":[{"href":"https:\/\/www.qualitester.com\/nb\/wp-json\/wp\/v2\/types\/product"}],"replies":[{"embeddable":true,"href":"https:\/\/www.qualitester.com\/nb\/wp-json\/wp\/v2\/comments?post=2454"}],"version-history":[{"count":0,"href":"https:\/\/www.qualitester.com\/nb\/wp-json\/wp\/v2\/product\/2454\/revisions"}],"wp:featuredmedia":[{"embeddable":true,"href":"https:\/\/www.qualitester.com\/nb\/wp-json\/wp\/v2\/media\/5940"}],"wp:attachment":[{"href":"https:\/\/www.qualitester.com\/nb\/wp-json\/wp\/v2\/media?parent=2454"}],"wp:term":[{"taxonomy":"product_cat","embeddable":true,"href":"https:\/\/www.qualitester.com\/nb\/wp-json\/wp\/v2\/product_cat?post=2454"},{"taxonomy":"product_tag","embeddable":true,"href":"https:\/\/www.qualitester.com\/nb\/wp-json\/wp\/v2\/product_tag?post=2454"}],"curies":[{"name":"wp","href":"https:\/\/api.w.org\/{rel}","templated":true}]}}