{"id":2429,"date":"2023-06-13T08:36:59","date_gmt":"2023-06-13T00:36:59","guid":{"rendered":"https:\/\/www.qualitester.com\/?post_type=product&#038;p=2429"},"modified":"2023-08-07T11:32:10","modified_gmt":"2023-08-07T03:32:10","slug":"tst-01-universal-testing-machine","status":"publish","type":"product","link":"https:\/\/www.qualitester.com\/nb\/produkt-2\/tst-01-universal-testing-machine\/","title":{"rendered":"TST-01 Universal testmaskin"},"content":{"rendered":"<div data-elementor-type=\"wp-post\" data-elementor-id=\"2429\" class=\"elementor elementor-2429\" data-elementor-post-type=\"product\">\n\t\t\t\t<div class=\"elementor-element elementor-element-56049b8 e-flex e-con-boxed e-con e-parent\" data-id=\"56049b8\" data-element_type=\"container\">\n\t\t\t\t\t<div class=\"e-con-inner\">\n\t\t<div class=\"elementor-element elementor-element-95cd804 e-con-full e-flex e-con e-parent\" data-id=\"95cd804\" data-element_type=\"container\">\n\t\t\t\t<div class=\"elementor-element elementor-element-89343f0 elementor-widget elementor-widget-image\" data-id=\"89343f0\" data-element_type=\"widget\" data-widget_type=\"image.default\">\n\t\t\t\t<div class=\"elementor-widget-container\">\n\t\t\t\t\t\t\t\t\t\t\t\t\t<img fetchpriority=\"high\" decoding=\"async\" width=\"750\" height=\"750\" src=\"https:\/\/www.qualitester.com\/wp-content\/uploads\/2023\/04\/Tensile-Tester-TST-01-Front-view-1.jpg\" class=\"attachment-large size-large wp-image-1833\" alt=\"\" srcset=\"https:\/\/www.qualitester.com\/wp-content\/uploads\/2023\/04\/Tensile-Tester-TST-01-Front-view-1.jpg 750w, https:\/\/www.qualitester.com\/wp-content\/uploads\/2023\/04\/Tensile-Tester-TST-01-Front-view-1-300x300.jpg 300w, https:\/\/www.qualitester.com\/wp-content\/uploads\/2023\/04\/Tensile-Tester-TST-01-Front-view-1-150x150.jpg 150w, https:\/\/www.qualitester.com\/wp-content\/uploads\/2023\/04\/Tensile-Tester-TST-01-Front-view-1-600x600.jpg 600w, https:\/\/www.qualitester.com\/wp-content\/uploads\/2023\/04\/Tensile-Tester-TST-01-Front-view-1-100x100.jpg 100w\" sizes=\"(max-width: 750px) 100vw, 750px\" \/>\t\t\t\t\t\t\t\t\t\t\t\t\t<\/div>\n\t\t\t\t<\/div>\n\t\t\t\t<\/div>\n\t\t<div class=\"elementor-element elementor-element-ffff707 e-con-full e-flex e-con e-parent\" data-id=\"ffff707\" data-element_type=\"container\">\n\t\t\t\t<div class=\"elementor-element elementor-element-de80988 elementor-widget elementor-widget-text-editor\" data-id=\"de80988\" data-element_type=\"widget\" data-widget_type=\"text-editor.default\">\n\t\t\t\t<div class=\"elementor-widget-container\">\n\t\t\t\t\t\t\t<h6><strong>S\u00f8knad<\/strong><\/h6><p><em>TST-01Tensile Tester kan brukes til \u00e5 m\u00e5le strekk, peeling, deformasjon, riving, varmeforsegling, lim, punkteringskraft, \u00e5pningskraft og annen ytelse av plastfilmer (trenger forskjellige klemmer eller inventar), komposittmaterialer, myke pakkematerialer, fleksible plastr\u00f8r, lim, teip, etikettklistremerker, medisinske plaster, slippapir, beskyttelsesfilmer, kombinerte hetter, aluminiumsfolie, membran, bakark, ikke-vevde stoffer, gummi, papir, etc.<\/em><\/p>\t\t\t\t\t\t<\/div>\n\t\t\t\t<\/div>\n\t\t\t\t<\/div>\n\t\t\t\t\t<\/div>\n\t\t\t\t<\/div>\n\t\t<div class=\"elementor-element elementor-element-8e02e69 e-flex e-con-boxed e-con e-parent\" data-id=\"8e02e69\" data-element_type=\"container\">\n\t\t\t\t\t<div class=\"e-con-inner\">\n\t\t<div class=\"elementor-element elementor-element-1c12244 e-con-full e-flex e-con e-parent\" data-id=\"1c12244\" data-element_type=\"container\">\n\t\t\t\t<div class=\"elementor-element elementor-element-bc133ff elementor-widget elementor-widget-image\" data-id=\"bc133ff\" data-element_type=\"widget\" data-widget_type=\"image.default\">\n\t\t\t\t<div class=\"elementor-widget-container\">\n\t\t\t\t\t\t\t\t\t\t\t\t\t<img decoding=\"async\" width=\"750\" height=\"750\" src=\"https:\/\/www.qualitester.com\/wp-content\/uploads\/2023\/04\/Tensile-Tester-TST-01-Right-view-1.jpg\" class=\"attachment-large size-large wp-image-1835\" alt=\"\" srcset=\"https:\/\/www.qualitester.com\/wp-content\/uploads\/2023\/04\/Tensile-Tester-TST-01-Right-view-1.jpg 750w, https:\/\/www.qualitester.com\/wp-content\/uploads\/2023\/04\/Tensile-Tester-TST-01-Right-view-1-300x300.jpg 300w, https:\/\/www.qualitester.com\/wp-content\/uploads\/2023\/04\/Tensile-Tester-TST-01-Right-view-1-150x150.jpg 150w, https:\/\/www.qualitester.com\/wp-content\/uploads\/2023\/04\/Tensile-Tester-TST-01-Right-view-1-600x600.jpg 600w, https:\/\/www.qualitester.com\/wp-content\/uploads\/2023\/04\/Tensile-Tester-TST-01-Right-view-1-100x100.jpg 100w\" sizes=\"(max-width: 750px) 100vw, 750px\" \/>\t\t\t\t\t\t\t\t\t\t\t\t\t<\/div>\n\t\t\t\t<\/div>\n\t\t\t\t<\/div>\n\t\t<div class=\"elementor-element elementor-element-e22b72e e-con-full e-flex e-con e-parent\" data-id=\"e22b72e\" data-element_type=\"container\">\n\t\t\t\t<div class=\"elementor-element elementor-element-6c8b5ed elementor-widget elementor-widget-text-editor\" data-id=\"6c8b5ed\" data-element_type=\"widget\" data-widget_type=\"text-editor.default\">\n\t\t\t\t<div class=\"elementor-widget-container\">\n\t\t\t\t\t\t\t<h6><strong>Tekniske egenskaper<\/strong><\/h6><p><em>Det er en PLS-styrt enhet (stabil p\u00e5 industrielt niv\u00e5) og HMI-ber\u00f8ringsskjerm. Presisjonskule blyskruemekanisme sikrer god og jevn hastighet og forskyvningskontroll. Det spesialdesignede programmet kan brukes til testing av brudd, spenning, forlengelse, tetningsstyrke, 90 \u00b0 peeling, 180 \u00b0 peeling, riving.<\/em><\/p><ul><li><em>7 tommers TFT-ber\u00f8ringsskjerm<\/em><\/li><li><em>PLS-styring<\/em><\/li><li><em>Presisjonskule med blyskrue<\/em><\/li><li><em>Testhastigheten kan justeres.<\/em><\/li><li><em>Flere armaturer tilgjengelig<\/em><\/li><li><em>Begrensningsanordning og automatisk returfunksjon<\/em><\/li><li><em>Flere testoppgaver tilgjengelig.<\/em><\/li><li><em>Mikroskriver (valgfritt)<\/em><\/li><\/ul>\t\t\t\t\t\t<\/div>\n\t\t\t\t<\/div>\n\t\t\t\t<\/div>\n\t\t\t\t\t<\/div>\n\t\t\t\t<\/div>\n\t\t<div class=\"elementor-element elementor-element-4073f05 e-flex e-con-boxed e-con e-parent\" data-id=\"4073f05\" data-element_type=\"container\">\n\t\t\t\t\t<div class=\"e-con-inner\">\n\t\t<div class=\"elementor-element elementor-element-77bd3e1 e-con-full e-flex e-con e-parent\" data-id=\"77bd3e1\" data-element_type=\"container\">\n\t\t\t\t<div class=\"elementor-element elementor-element-46e0f29 elementor-widget elementor-widget-image\" data-id=\"46e0f29\" data-element_type=\"widget\" data-widget_type=\"image.default\">\n\t\t\t\t<div class=\"elementor-widget-container\">\n\t\t\t\t\t\t\t\t\t\t\t\t\t<img decoding=\"async\" width=\"750\" height=\"750\" src=\"https:\/\/www.qualitester.com\/wp-content\/uploads\/2023\/04\/Tensile-Tester-TST-01.jpg\" class=\"attachment-large size-large wp-image-1836\" alt=\"\" srcset=\"https:\/\/www.qualitester.com\/wp-content\/uploads\/2023\/04\/Tensile-Tester-TST-01.jpg 750w, https:\/\/www.qualitester.com\/wp-content\/uploads\/2023\/04\/Tensile-Tester-TST-01-300x300.jpg 300w, https:\/\/www.qualitester.com\/wp-content\/uploads\/2023\/04\/Tensile-Tester-TST-01-150x150.jpg 150w, https:\/\/www.qualitester.com\/wp-content\/uploads\/2023\/04\/Tensile-Tester-TST-01-600x600.jpg 600w, https:\/\/www.qualitester.com\/wp-content\/uploads\/2023\/04\/Tensile-Tester-TST-01-100x100.jpg 100w\" sizes=\"(max-width: 750px) 100vw, 750px\" \/>\t\t\t\t\t\t\t\t\t\t\t\t\t<\/div>\n\t\t\t\t<\/div>\n\t\t\t\t<\/div>\n\t\t<div class=\"elementor-element elementor-element-ed0ba5b e-con-full e-flex e-con e-parent\" data-id=\"ed0ba5b\" data-element_type=\"container\">\n\t\t\t\t<div class=\"elementor-element elementor-element-b17c770 elementor-widget elementor-widget-text-editor\" data-id=\"b17c770\" data-element_type=\"widget\" data-widget_type=\"text-editor.default\">\n\t\t\t\t<div class=\"elementor-widget-container\">\n\t\t\t\t\t\t\t<h6><strong>Hovedparametere<\/strong><\/h6>\n<p><em><span style=\"font-weight: inherit; text-align: var(--text-align); background-color: var(--ast-global-color-4); color: var(--ast-global-color-3);\">Test Range&nbsp; &nbsp; &nbsp; &nbsp; &nbsp; &nbsp; &nbsp; &nbsp; &nbsp; &nbsp; &nbsp; &nbsp; &nbsp; &nbsp;0-500N (Standard, 50N,100N,200N are optional)<\/span><\/em><\/p>\n<p><em>Stroke&nbsp; &nbsp; &nbsp; &nbsp; &nbsp; &nbsp; &nbsp; &nbsp; &nbsp; &nbsp; &nbsp; &nbsp; &nbsp; &nbsp; &nbsp; &nbsp; &nbsp; &nbsp; 800mm (other strokes available)<\/em><\/p>\n<p><em>Test Speed&nbsp; &nbsp; &nbsp; &nbsp; &nbsp; &nbsp; &nbsp; &nbsp; &nbsp; &nbsp; &nbsp; &nbsp; &nbsp; &nbsp; 1~500mm\/min<\/em><\/p>\n<p><em>Displacement Accuracy&nbsp; &nbsp;0.01mm<\/em><\/p>\n<p><em>Accuracy&nbsp; &nbsp; &nbsp; &nbsp; &nbsp; &nbsp; &nbsp; &nbsp; &nbsp; &nbsp; &nbsp; &nbsp; &nbsp; &nbsp; &nbsp; 0.5% F.S.<\/em><\/p>\n<p><em>Sample Width&nbsp; &nbsp; &nbsp; &nbsp; &nbsp; &nbsp; &nbsp; &nbsp; &nbsp; &nbsp; &nbsp; 27mm (other optional)<\/em><\/p>\n<p><em>Control&nbsp; &nbsp; &nbsp; &nbsp; &nbsp; &nbsp; &nbsp; &nbsp; &nbsp; &nbsp; &nbsp; &nbsp; &nbsp; &nbsp; &nbsp; &nbsp; &nbsp; &nbsp;PLC and human machine interface<\/em><\/p>\n<p><em>Data Output&nbsp; &nbsp; &nbsp; &nbsp; &nbsp; &nbsp; &nbsp; &nbsp; &nbsp; &nbsp; &nbsp; &nbsp; &nbsp;Screen, Microprinter (optional), RS232(optional)<\/em><\/p>\n<h6><strong>Viktige standarder<\/strong><\/h6>\n<p><em>ISO 37, ASTM D882, ASTM E4, ASTM D3330, ASTM F904, ASTM F88, ASTM D1938, JIS P8113<\/em><\/p>\t\t\t\t\t\t<\/div>\n\t\t\t\t<\/div>\n\t\t\t\t<\/div>\n\t\t\t\t\t<\/div>\n\t\t\t\t<\/div>\n\t\t<div class=\"elementor-element elementor-element-ade120c e-flex e-con-boxed e-con e-parent\" data-id=\"ade120c\" data-element_type=\"container\">\n\t\t\t\t\t<div class=\"e-con-inner\">\n\t\t\t\t<div class=\"elementor-element elementor-element-463c365 elementor-widget elementor-widget-wpforms\" data-id=\"463c365\" data-element_type=\"widget\" data-widget_type=\"wpforms.default\">\n\t\t\t\t<div class=\"elementor-widget-container\">\n\t\t\t<div class=\"wpforms-container\" id=\"wpforms-11\"><form id=\"wpforms-form-11\" class=\"wpforms-validate wpforms-form wpforms-ajax-form\" data-formid=\"11\" method=\"post\" enctype=\"multipart\/form-data\" action=\"\/nb\/wp-json\/wp\/v2\/product\/2429\" data-token=\"9d24770f1d10a347f14497a8d468f002\" data-trp-original-action=\"\/nb\/wp-json\/wp\/v2\/product\/2429\"><noscript class=\"wpforms-error-noscript\">Vennligst aktiver JavaScript i nettleseren din for \u00e5 fylle ut dette skjemaet.<\/noscript><div class=\"wpforms-field-container\"><div id=\"wpforms-11-field_1-container\" class=\"wpforms-field wpforms-field-text\" data-field-id=\"1\"><label class=\"wpforms-field-label\" for=\"wpforms-11-field_1\">Navn <span class=\"wpforms-required-label\">*<\/span><\/label><input type=\"text\" id=\"wpforms-11-field_1\" class=\"wpforms-field-medium wpforms-field-required\" name=\"wpforms[fields][1]\" placeholder=\"Navn\" required><\/div><div id=\"wpforms-11-field_5-container\" class=\"wpforms-field wpforms-field-text\" data-field-id=\"5\"><label class=\"wpforms-field-label\" for=\"wpforms-11-field_5\">Selskap<\/label><input type=\"text\" id=\"wpforms-11-field_5\" class=\"wpforms-field-medium\" name=\"wpforms[fields][5]\" ><\/div><div id=\"wpforms-11-field_4-container\" class=\"wpforms-field wpforms-field-number\" data-field-id=\"4\"><label class=\"wpforms-field-label\" for=\"wpforms-11-field_4\">Telefon<\/label><input type=\"number\" pattern=\"\\d*\" id=\"wpforms-11-field_4\" class=\"wpforms-field-medium\" name=\"wpforms[fields][4]\" placeholder=\"Telefon\" ><\/div><div id=\"wpforms-11-field_3-container\" class=\"wpforms-field wpforms-field-email\" data-field-id=\"3\"><label class=\"wpforms-field-label\" for=\"wpforms-11-field_3\">E-post <span class=\"wpforms-required-label\">*<\/span><\/label><input type=\"email\" id=\"wpforms-11-field_3\" class=\"wpforms-field-medium wpforms-field-required\" name=\"wpforms[fields][3]\" placeholder=\"E-post\" spellcheck=\"false\" required><\/div><div id=\"wpforms-11-field_2-container\" class=\"wpforms-field wpforms-field-textarea\" data-field-id=\"2\"><label class=\"wpforms-field-label\" for=\"wpforms-11-field_2\">Melding<\/label><textarea id=\"wpforms-11-field_2\" class=\"wpforms-field-large\" name=\"wpforms[fields][2]\" ><\/textarea><\/div><\/div><!-- .wpforms-field-container --><input type=\"hidden\" name=\"wpforms[recaptcha]\" value=\"\"><div class=\"wpforms-submit-container\" ><input type=\"hidden\" name=\"wpforms[id]\" value=\"11\"><input type=\"hidden\" name=\"wpforms[author]\" value=\"3\"><button type=\"submit\" name=\"wpforms[submit]\" id=\"wpforms-submit-11\" class=\"wpforms-submit\" data-alt-text=\"Submitting\" data-submit-text=\"Submit\" aria-live=\"assertive\" value=\"wpforms-submit\">Send inn<\/button><img loading=\"lazy\" decoding=\"async\" src=\"https:\/\/www.qualitester.com\/wp-content\/plugins\/wpforms-lite\/assets\/images\/submit-spin.svg\" class=\"wpforms-submit-spinner\" style=\"display: none;\" width=\"26\" height=\"26\" alt=\"Lasting\"><\/div><input type=\"hidden\" name=\"trp-form-language\" value=\"nb\"\/><\/form><\/div>  <!-- .wpforms-container -->\t\t<\/div>\n\t\t\t\t<\/div>\n\t\t\t\t\t<\/div>\n\t\t\t\t<\/div>\n\t\t\t\t<\/div>","protected":false},"excerpt":{"rendered":"<p>TST-01 kan brukes til \u00e5 m\u00e5le ulike fysiske og mekaniske egenskaper ved materialer.<\/p>","protected":false},"featured_media":1833,"comment_status":"closed","ping_status":"closed","template":"","meta":{"site-sidebar-layout":"default","site-content-layout":"default","ast-global-header-display":"","ast-main-header-display":"","ast-hfb-above-header-display":"","ast-hfb-below-header-display":"","ast-hfb-mobile-header-display":"","site-post-title":"disabled","ast-breadcrumbs-content":"","ast-featured-img":"disabled","footer-sml-layout":"","theme-transparent-header-meta":"default","adv-header-id-meta":"","stick-header-meta":"","header-above-stick-meta":"","header-main-stick-meta":"","header-below-stick-meta":""},"product_cat":[17,44,149,16,99,122,126,110,139,145,146],"product_tag":[25,26,27,28,29,30,387,388,187,35,389,186],"class_list":{"0":"post-2429","1":"product","2":"type-product","3":"status-publish","4":"has-post-thumbnail","6":"product_cat-package-container-testers","7":"product_cat-paper-and-board-testers","8":"product_cat-pharma-and-medical-testers","9":"product_cat-plastic-packaging-testers","10":"product_cat-astm","11":"product_cat-astm-d1938","12":"product_cat-astm-d3330","13":"product_cat-astm-d882","14":"product_cat-astm-e4","15":"product_cat-astm-f88","16":"product_cat-astm-f904","17":"product_tag-astm-d1938","18":"product_tag-astm-d3330","19":"product_tag-astm-d882","20":"product_tag-astm-e4","21":"product_tag-astm-f88","22":"product_tag-astm-f904","23":"product_tag-iso-37","24":"product_tag-jis-p8113","25":"product_tag-physical-properties","26":"product_tag-tensile","27":"product_tag-tensile-strength","28":"product_tag-universal-testing-machine","29":"desktop-align-left","30":"tablet-align-left","31":"mobile-align-left","33":"first","34":"instock","35":"shipping-taxable","36":"product-type-simple"},"_links":{"self":[{"href":"https:\/\/www.qualitester.com\/nb\/wp-json\/wp\/v2\/product\/2429","targetHints":{"allow":["GET"]}}],"collection":[{"href":"https:\/\/www.qualitester.com\/nb\/wp-json\/wp\/v2\/product"}],"about":[{"href":"https:\/\/www.qualitester.com\/nb\/wp-json\/wp\/v2\/types\/product"}],"replies":[{"embeddable":true,"href":"https:\/\/www.qualitester.com\/nb\/wp-json\/wp\/v2\/comments?post=2429"}],"version-history":[{"count":0,"href":"https:\/\/www.qualitester.com\/nb\/wp-json\/wp\/v2\/product\/2429\/revisions"}],"wp:featuredmedia":[{"embeddable":true,"href":"https:\/\/www.qualitester.com\/nb\/wp-json\/wp\/v2\/media\/1833"}],"wp:attachment":[{"href":"https:\/\/www.qualitester.com\/nb\/wp-json\/wp\/v2\/media?parent=2429"}],"wp:term":[{"taxonomy":"product_cat","embeddable":true,"href":"https:\/\/www.qualitester.com\/nb\/wp-json\/wp\/v2\/product_cat?post=2429"},{"taxonomy":"product_tag","embeddable":true,"href":"https:\/\/www.qualitester.com\/nb\/wp-json\/wp\/v2\/product_tag?post=2429"}],"curies":[{"name":"wp","href":"https:\/\/api.w.org\/{rel}","templated":true}]}}