{"id":2401,"date":"2023-06-12T10:45:15","date_gmt":"2023-06-12T02:45:15","guid":{"rendered":"https:\/\/www.qualitester.com\/?post_type=product&#038;p=2401"},"modified":"2024-12-02T16:37:19","modified_gmt":"2024-12-02T08:37:19","slug":"lt-03-seal-strength-testing-machine","status":"publish","type":"product","link":"https:\/\/www.qualitester.com\/nb\/produkt-2\/lt-03-seal-strength-testing-machine\/","title":{"rendered":"LT-03 Lekkasjetester"},"content":{"rendered":"<h2><strong>Innledning<\/strong><\/h2>\n<p>I emballasjeindustrien er det avgj\u00f8rende for produktsikkerhet og kvalitet at forseglingenes integritet opprettholdes. Utstyr for testing av forseglingsstyrke er utviklet for \u00e5 evaluere forseglingenes evne til \u00e5 motst\u00e5 milj\u00f8forhold og forhindre lekkasjer og kontaminering. Denne testingen er avgj\u00f8rende for bransjer som matemballasje, legemidler, medisinsk utstyr, kosmetikk og mange andre, der emballasjens ytelse har direkte innvirkning p\u00e5 produktkvalitet og forbrukersikkerhet.<\/p>\n<p>Cell Instruments' <strong>Utstyr for testing av tetningers styrke<\/strong> gir en presis og p\u00e5litelig metode for \u00e5 vurdere forseglingsintegriteten, noe som sikrer at emballerte produkter forblir trygge, beskyttet og i samsvar med bransjestandarder.<\/p>\n<h2><strong>Hva er utstyr for testing av tetningsstyrke?<\/strong><\/h2>\n<p>Utstyr for testing av forseglingsstyrke brukes til \u00e5 vurdere styrken og p\u00e5liteligheten til forseglinger i emballasjematerialer. Utstyret evaluerer om forseglingen p\u00e5 ulike emballasjetyper (plast, papir, aluminium osv.) er sterk nok til \u00e5 forhindre lekkasjer som kan skade produktet. Denne testen brukes ofte for emballasjematerialer i n\u00e6ringsmidler, legemidler, medisinsk utstyr og forbruksvarer.<\/p>\n<p>Ved hjelp av avansert testteknologi bidrar forseglingstesteren til \u00e5 identifisere svake eller defekte forseglinger f\u00f8r de n\u00e5r forbrukerne, noe som sikrer h\u00f8y produktkvalitet og overholdelse av sikkerhetsstandarder.<\/p>\n<h2><strong>Oversikt over ASTM D3078: Teststandarder for tetningsintegritet<\/strong><\/h2>\n<h3><strong>Hva er ASTM D3078?<\/strong><\/h3>\n<p><a href=\"https:\/\/www.qualitester.com\/nb\/produktkategori\/astm\/astm-d3078\/\" target=\"_blank\" rel=\"noopener\"><strong>ASTM D3078<\/strong><\/a> er en standard testmetode utviklet av ASTM International for \u00e5 oppdage lekkasjer i forseglede pakker. Metoden p\u00e5f\u00f8rer vakuum p\u00e5 emballasjen og overv\u00e5ker om det oppst\u00e5r bobler som indikerer lekkasjer, noe som sikrer at forseglingen er intakt. Testen er spesielt viktig for n\u00e6ringsmiddel- og legemiddelindustrien, der emballasjen m\u00e5 opprettholde sin integritet for \u00e5 forhindre forurensning eller \u00f8deleggelse.<\/p>\n<h3><strong>Testmetode i henhold til ASTM D3078<\/strong><\/h3>\n<p>Den <a href=\"https:\/\/www.astm.org\/d3078-02r21e01.html\" target=\"_blank\" rel=\"noopener nofollow\">ASTM D3078<\/a> Standarden beskriver en prosess der emballasjen plasseres inne i et vannfylt kammer. Kammeret forsegles, og luften evakueres til det forh\u00e5ndsinnstilte vakuumniv\u00e5et er n\u00e5dd. Hvis det finnes en lekkasje, vil forskjellen i lufttrykk tvinge innestengt luft til \u00e5 slippe ut, og det dannes synlige bobler p\u00e5 lekkasjestedet. Denne metoden er en effektiv og p\u00e5litelig metode for \u00e5 oppdage selv de minste lekkasjer.<\/p>\n<h2><strong>Viktige testmetoder og parametere<\/strong><\/h2>\n<h3><strong>Testprosessen<\/strong><\/h3>\n<p>Testprosessen for tetningsstyrke f\u00f8lger en enkel sekvens som er beskrevet i ASTM D3078:<\/p>\n<ol>\n<li><strong>Klargj\u00f8ring av pr\u00f8ven:<\/strong> Pr\u00f8vepakken plasseres inne i et gjennomsiktig, vannfylt kammer.<\/li>\n<li><strong>Vakuumapplikasjon:<\/strong> Kontrollenheten trekker ut luft til et forh\u00e5ndsinnstilt vakuumniv\u00e5 er oppn\u00e5dd.<\/li>\n<li><strong>Lekkasjedeteksjon:<\/strong> Hvis forseglingen brytes, vil det dannes bobler ved lekkasjepunktet, noe som indikerer at forseglingen har sviktet.<\/li>\n<\/ol>\n<h3><strong>Viktigste testparametere<\/strong><\/h3>\n<table>\n<tbody>\n<tr>\n<td style=\"text-align: center;\" width=\"122\">Testomr\u00e5de<\/td>\n<td style=\"text-align: center;\" width=\"229\">0~-90 KPa<\/td>\n<\/tr>\n<tr>\n<td style=\"text-align: center;\" width=\"122\">Kammer<\/td>\n<td style=\"text-align: center;\" width=\"229\">Sylinderform i akryl<\/td>\n<\/tr>\n<tr>\n<td style=\"text-align: center;\" width=\"122\">Testplass<\/td>\n<td style=\"text-align: center;\" width=\"229\">\u03a6270*H210mm (innvendig brukbar)<\/td>\n<\/tr>\n<tr>\n<td style=\"text-align: center;\" width=\"122\">Trykkluft<\/td>\n<td style=\"text-align: center;\" width=\"229\">0,7MPa (utarbeidet av brukeren)<\/td>\n<\/tr>\n<tr>\n<td style=\"text-align: center;\" width=\"122\">Str\u00f8m<\/td>\n<td style=\"text-align: center;\" width=\"229\">110~220V 50\/60Hz<\/td>\n<\/tr>\n<\/tbody>\n<\/table>\n<p>Disse parameterne gj\u00f8r det mulig for brukeren \u00e5 teste en rekke ulike emballasjematerialer og -st\u00f8rrelser, noe som sikrer fleksibilitet i ulike produksjons- og testmilj\u00f8er.<\/p>\n<h2><strong>Tekniske egenskaper ved utstyr for testing av tetningsstyrke<\/strong><\/h2>\n<h3><strong>PLS-styrt drift<\/strong><\/h3>\n<p>Utstyret styres av en PLC (Programmable Logic Controller), noe som sikrer stabile og repeterbare testresultater av h\u00f8y kvalitet. Brukergrensesnittet er utformet med en HMI-ber\u00f8ringsskjerm (Human-Machine Interface), noe som gir intuitiv kontroll og enkel betjening.<\/p>\n<h3><strong>Effektivt vakuumsystem<\/strong><\/h3>\n<p>Testenheten bruker en <strong>Venturir\u00f8r<\/strong> for \u00e5 generere et vakuum p\u00e5 opptil -90 KPa, noe som gj\u00f8r det til et energieffektivt system. Dette vakuumniv\u00e5et er tilstrekkelig til \u00e5 identifisere lekkasjer, selv de som er sv\u00e6rt sm\u00e5, og sikrer testing av h\u00f8y kvalitet uten behov for ekstra utstyr.<\/p>\n<h3><strong>Visuell lekkasjedeteksjon<\/strong><\/h3>\n<p>Testen bruker en visuell observasjonsmetode for lekkasjedeteksjon. N\u00e5r det oppst\u00e5r en lekkasje, vil luft som slipper ut av emballasjen, danne synlige bobler i det vannfylte kammeret, noe som gj\u00f8r det mulig \u00e5 identifisere lekkasjen raskt. Utstyret gir kumulative resultater, noe som gj\u00f8r det enkelt \u00e5 vurdere flere tester og deres effektivitet over tid.<\/p>\n<h3><strong>Parameterlagringsfunksjon<\/strong><\/h3>\n<p>For \u00e5 optimalisere testeffektiviteten kan <strong>Tester for tetningsstyrke<\/strong> inkluderer en parameterlagringsfunksjon for opptil 5 forskjellige testoppsett. Dette gj\u00f8r det mulig \u00e5 lagre spesifikke parametere som vakuumniv\u00e5er og testtider, noe som gj\u00f8r det enklere \u00e5 veksle mellom ulike pr\u00f8vetyper og testforhold.<\/p>\n<h3><strong>Tilpasningsbart kammer og valgfrie funksjoner<\/strong><\/h3>\n<p>Testkammeret er laget av gjennomsiktig akryl av h\u00f8y kvalitet, slik at testprosessen kan observeres tydelig. Tilpassede kammerst\u00f8rrelser og -former er tilgjengelige for testing av en rekke ulike emballasjeformater. Enheten tilbyr ogs\u00e5 valgfrie funksjoner som f.eks:<\/p>\n<ul>\n<li><strong>Mikroskriver<\/strong> for pr\u00f8veidentifikasjon og dokumentasjon av testresultater.<\/li>\n<li><strong>Spr\u00e5klig tilpasning<\/strong> for internasjonale markeder, slik at testeren er tilgjengelig for brukere i ulike regioner.<\/li>\n<li><strong>Integrering av vakuumpumpe<\/strong> for \u00e5 tillate h\u00f8yere vakuumniv\u00e5er for mer krevende testscenarier.<\/li>\n<\/ul>\n<h2><strong>Fordeler med utstyr for testing av forseglingsstyrke<\/strong><\/h2>\n<h3><strong>Kvalitetssikring<\/strong><\/h3>\n<p>Testing av forseglingsstyrke er avgj\u00f8rende for \u00e5 sikre at emballasjen t\u00e5ler milj\u00f8p\u00e5kjenninger og beskytter innholdet mot skade, kontaminering eller \u00f8deleggelse. Denne testingen er avgj\u00f8rende for n\u00e6ringsmiddel-, medisin- og farmas\u00f8ytisk industri, der produktets sikkerhet og integritet er av st\u00f8rste viktighet.<\/p>\n<h3><strong>Tilpasning<\/strong><\/h3>\n<p>Utstyret kan brukes p\u00e5 ulike emballasjetyper, fra sm\u00e5 poser til store beholdere, noe som gir fleksibilitet for et bredt spekter av bransjer. Muligheten til \u00e5 lagre testparametere for ulike materialer gj\u00f8r at utstyret kan tilpasses flere testscenarier.<\/p>\n<h3><strong>Kostnadseffektive og effektive<\/strong><\/h3>\n<p>Med sitt brukervennlige grensesnitt, automatiserte funksjoner og tilpassbare innstillinger er <strong>Utstyr for testing av tetningers styrke<\/strong> gj\u00f8r det mulig for bedrifter \u00e5 gjennomf\u00f8re tester effektivt uten at det g\u00e5r p\u00e5 bekostning av n\u00f8yaktigheten. Muligheten til \u00e5 lagre testoppsett og generere kumulative resultater optimaliserer arbeidsflyten og reduserer testtiden og -kostnadene.<\/p>\n<h2><strong>Relevante standarder: ASTM D3078 og mer enn det<\/strong><\/h2>\n<h3><strong>ASTM D3078<\/strong><\/h3>\n<p>Denne standardmetoden er mye brukt i bransjer der integriteten til pakningsforseglingene er kritisk. Den sikrer at emballasjen oppfyller de n\u00f8dvendige ytelsesstandardene for \u00e5 forhindre lekkasjer og beskytte innholdet mot forurensning utenfra.<\/p>\n<h3><strong>ASTM D4991<\/strong><\/h3>\n<p>ASTM D4991 er en annen beslektet standard som fokuserer p\u00e5 lekkasjetesting av forseglede pakninger ved hjelp av en annen metode (fargestoffpenetrasjon eller trykkforfall). Denne standarden brukes ogs\u00e5 sammen med ASTM D3078 for omfattende lekkasjetesting av pakninger.<\/p>\n<h2><strong>Hvorfor velge Cell Instruments\u2019 utstyr for testing av tetningsstyrke?<\/strong><\/h2>\n<p>Cell Instruments er et betrodd navn i bransjen for materialtesting. Vi har mange \u00e5rs erfaring med testing av emballasjematerialer og tilpassede testl\u00f8sninger, og vi tilbyr utstyr med h\u00f8y presisjon som er utviklet for \u00e5 oppfylle de krevende behovene i ulike bransjer. V\u00e5re <strong>Utstyr for testing av tetningers styrke<\/strong> er utviklet for \u00e5 gi p\u00e5litelige, n\u00f8yaktige og effektive resultater, noe som hjelper bedrifter med \u00e5 sikre integriteten til emballasjen.<\/p>\n<p>Med fleksibiliteten til \u00e5 teste ulike emballasjematerialer og muligheten til \u00e5 lagre flere testoppsett, er utstyret v\u00e5rt utviklet for \u00e5 effektivisere testprosessen og forbedre kvalitetskontrollen.<\/p>\n<p>Det er avgj\u00f8rende \u00e5 sikre at emballasjeforseglingene er intakte for \u00e5 opprettholde produktsikkerhet, kvalitet og samsvar med bransjestandarder. Cell Instruments\u2019 <strong>Utstyr for testing av tetningers styrke<\/strong> tilbyr en effektiv, p\u00e5litelig og tilpasningsdyktig l\u00f8sning for bedrifter som trenger lekkasjedeteksjon med h\u00f8y presisjon. Enten du tester matemballasje, forseglinger til medisinsk utstyr eller farmas\u00f8ytiske beholdere, gir utstyret v\u00e5rt den n\u00f8yaktigheten og konsistensen du trenger for \u00e5 sikre at produktene dine n\u00e5r markedet med h\u00f8yeste kvalitet.<\/p>\n<h2>FAQ-delen<\/h2>\n<ol>\n<li><strong>Hva er ASTM D3078-standarden for testing av tetningsintegritet?<\/strong>\n<ul>\n<li>ASTM D3078 er en standard testmetode for \u00e5 oppdage lekkasjer i forseglede pakker ved bruk av vakuum. Den sikrer at emballasjen opprettholder sin integritet ved \u00e5 identifisere eventuelle svake forseglinger som kan f\u00f8re til kontaminering eller \u00f8deleggelse.<\/li>\n<\/ul>\n<\/li>\n<li><strong>Hvordan fungerer testutstyr for tetningsstyrke?<\/strong>\n<ul>\n<li>Utstyret plasserer pr\u00f8ven i et vannfylt kammer, p\u00e5f\u00f8rer et vakuum og oppdager lekkasjer ved \u00e5 observere dannelsen av bobler i kammeret hvis forseglingen er brutt.<\/li>\n<\/ul>\n<\/li>\n<li><strong>Hvilke bransjer bruker testing av tetningsstyrke?<\/strong>\n<ul>\n<li>Testing av forseglingsstyrke er avgj\u00f8rende i bransjer som matemballasje, legemidler, medisinsk utstyr, kosmetikk og forbruksvarer, der forseglingsintegritet er avgj\u00f8rende for produktsikkerheten.<\/li>\n<\/ul>\n<\/li>\n<li><strong>Kan jeg teste ulike emballasjematerialer med dette utstyret?<\/strong>\n<ul>\n<li>Ja, utstyret er allsidig og kan teste en rekke ulike emballasjematerialer, inkludert plast, papir og aluminium, med tilpassbare kammerst\u00f8rrelser og vakuumniv\u00e5er.<\/li>\n<\/ul>\n<\/li>\n<li><strong>Hva er de viktigste fordelene ved \u00e5 bruke Cell Instruments\u2019 utstyr for testing av tetningsstyrke?<\/strong>\n<ul>\n<li>Blant de viktigste fordelene er h\u00f8y n\u00f8yaktighet, tilpassbare funksjoner, enkel betjening med et intuitivt HMI-grensesnitt og muligheten til \u00e5 lagre testparametere for ulike emballasjetyper.<\/li>\n<\/ul>\n<\/li>\n<\/ol>","protected":false},"excerpt":{"rendered":"<p>I emballasjeindustrien er det avgj\u00f8rende for produktsikkerhet og kvalitet at forseglingenes integritet opprettholdes. Utstyr for testing av forseglingsstyrke er utviklet for \u00e5 evaluere forseglingenes evne til \u00e5 motst\u00e5 milj\u00f8forhold og forhindre lekkasjer og kontaminering. Denne testingen er avgj\u00f8rende for bransjer som matemballasje, legemidler, medisinsk utstyr, kosmetikk og mange andre, der emballasjens ytelse har direkte innvirkning p\u00e5 produktkvalitet og forbrukersikkerhet.<\/p>","protected":false},"featured_media":5988,"comment_status":"closed","ping_status":"closed","template":"","meta":{"site-sidebar-layout":"default","site-content-layout":"default","ast-global-header-display":"","ast-main-header-display":"","ast-hfb-above-header-display":"","ast-hfb-below-header-display":"","ast-hfb-mobile-header-display":"","site-post-title":"disabled","ast-breadcrumbs-content":"","ast-featured-img":"disabled","footer-sml-layout":"","theme-transparent-header-meta":"default","adv-header-id-meta":"","stick-header-meta":"","header-above-stick-meta":"","header-main-stick-meta":"","header-below-stick-meta":""},"product_cat":[845,675,17,149,16,105,135,95],"product_tag":[],"class_list":{"0":"post-2401","1":"product","2":"type-product","3":"status-publish","4":"has-post-thumbnail","6":"product_cat-customization","7":"product_cat-leak-tester","8":"product_cat-package-container-testers","9":"product_cat-pharma-and-medical-testers","10":"product_cat-plastic-packaging-testers","11":"product_cat-astm-d3078","12":"product_cat-astm-d4991","13":"product_cat-products","14":"desktop-align-left","15":"tablet-align-left","16":"mobile-align-left","18":"first","19":"instock","20":"shipping-taxable","21":"product-type-simple"},"_links":{"self":[{"href":"https:\/\/www.qualitester.com\/nb\/wp-json\/wp\/v2\/product\/2401","targetHints":{"allow":["GET"]}}],"collection":[{"href":"https:\/\/www.qualitester.com\/nb\/wp-json\/wp\/v2\/product"}],"about":[{"href":"https:\/\/www.qualitester.com\/nb\/wp-json\/wp\/v2\/types\/product"}],"replies":[{"embeddable":true,"href":"https:\/\/www.qualitester.com\/nb\/wp-json\/wp\/v2\/comments?post=2401"}],"version-history":[{"count":0,"href":"https:\/\/www.qualitester.com\/nb\/wp-json\/wp\/v2\/product\/2401\/revisions"}],"wp:featuredmedia":[{"embeddable":true,"href":"https:\/\/www.qualitester.com\/nb\/wp-json\/wp\/v2\/media\/5988"}],"wp:attachment":[{"href":"https:\/\/www.qualitester.com\/nb\/wp-json\/wp\/v2\/media?parent=2401"}],"wp:term":[{"taxonomy":"product_cat","embeddable":true,"href":"https:\/\/www.qualitester.com\/nb\/wp-json\/wp\/v2\/product_cat?post=2401"},{"taxonomy":"product_tag","embeddable":true,"href":"https:\/\/www.qualitester.com\/nb\/wp-json\/wp\/v2\/product_tag?post=2401"}],"curies":[{"name":"wp","href":"https:\/\/api.w.org\/{rel}","templated":true}]}}