{"id":2371,"date":"2023-06-02T13:53:04","date_gmt":"2023-06-02T05:53:04","guid":{"rendered":"https:\/\/www.qualitester.com\/?post_type=product&#038;p=2371"},"modified":"2024-11-27T16:45:32","modified_gmt":"2024-11-27T08:45:32","slug":"hst-01-flexible-packaging-material-heat-sealing-data-testing-machine","status":"publish","type":"product","link":"https:\/\/www.qualitester.com\/nb\/produkt-2\/hst-01-flexible-packaging-material-heat-sealing-data-testing-machine\/","title":{"rendered":"HST-02 Varmeforseglingstester"},"content":{"rendered":"<h2><strong>Introduksjon til varmeforseglingstester for emballasje<\/strong><\/h2>\n<p>Den <strong>Varmeforseglingstester for emballasje<\/strong> er et viktig verkt\u00f8y for testing av varmeforseglingsevnen til ulike emballasjematerialer som fleksible filmer, laminater, polymerer og kompositter. Dette laboratorieinstrumentet er utviklet for \u00e5 simulere den faktiske forseglingsprosessen, slik at produsentene kan sikre styrken, p\u00e5liteligheten og funksjonaliteten til emballasjeforseglingene sine. Effektiv varmeforsegling er avgj\u00f8rende for \u00e5 sikre integriteten til emballasje til n\u00e6ringsmidler, medisinske og farmas\u00f8ytiske produkter og forbrukerprodukter, der emballasjesvikt kan f\u00f8re til redusert produktsikkerhet, holdbarhet og brukervennlighet.<\/p>\n<p>Varmeforseglingstesteren gjenskaper de viktigste parameterne som er involvert i varmeforsegling, nemlig tid, temperatur og trykk, for \u00e5 simulere virkelige emballasjeforhold. Dette hjelper produsentene med \u00e5 validere om materialene deres er i stand til \u00e5 oppn\u00e5 den n\u00f8dvendige forseglingsstyrken for \u00e5 gi en lufttett, sabotasjesikker og holdbar forsegling.<\/p>\n<h2><strong><a href=\"https:\/\/www.astm.org\/f2029-16r21.html\" target=\"_blank\" rel=\"noopener nofollow\">ASTM F2029<\/a>: Standard for testing av varmeforseglingsevne<\/strong><\/h2>\n<p><strong><a href=\"https:\/\/www.qualitester.com\/nb\/produktkategori\/astm\/astm-f2029\/\" target=\"_blank\" rel=\"noopener\">ASTM F2029<\/a>-16(2021)<\/strong> \u2013 <strong>Standard praksis for utf\u00f8relse av varmeforseglinger i laboratoriet for bestemmelse av varmeforseglingsevnen til fleksible barriermaterialer m\u00e5lt ved hjelp av forseglingsstyrke<\/strong> - er den viktigste industristandarden for testing av varmeforseglingsevne i fleksible emballasjematerialer. Denne standarden beskriver prosedyrene og betingelsene som skal gjelde for laboratorietesting av varmeforseglinger for \u00e5 evaluere forseglingenes styrke og holdbarhet. Ved \u00e5 f\u00f8lge denne standarden kan produsentene sikre at produktene deres oppfyller de p\u00e5krevde emballasjespesifikasjonene.<\/p>\n<p><strong>Viktige aspekter ved ASTM F2029<\/strong>:<\/p>\n<ul>\n<li><strong>M\u00e5ling av tetningsstyrke<\/strong>: ASTM F2029 fokuserer p\u00e5 \u00e5 bestemme styrken til varmeforseglinger, noe som er avgj\u00f8rende for produktets beskyttelse og holdbarhet. Den bidrar til \u00e5 vurdere om emballasjen vil t\u00e5le p\u00e5kjenninger under transport, lagring og h\u00e5ndtering.<\/li>\n<li><strong>Testmetodikk<\/strong>: Standarden spesifiserer kontrollert bruk av tid, temperatur og trykk under forseglingsprosessen for \u00e5 simulere emballasjeforholdene p\u00e5 en n\u00f8yaktig m\u00e5te.<\/li>\n<li><strong>Omfang<\/strong>: Denne standarden gjelder for en rekke bransjer, inkludert n\u00e6ringsmiddelindustrien, farmas\u00f8ytisk industri, medisinsk utstyr med mer, der emballasjen er avgj\u00f8rende for produktsikkerheten.<\/li>\n<\/ul>\n<h2><strong>Tekniske egenskaper ved HST-02 Heat Seal Tester<\/strong><\/h2>\n<p>Den <strong>HST-02 Varmeforseglingstester<\/strong> er konstruert med presisjon for \u00e5 gi h\u00f8y ytelse ved forsegling. Dette kompakte og p\u00e5litelige instrumentet er utviklet for \u00e5 simulere varmeforseglingsprosessen n\u00f8yaktig, noe som gj\u00f8r det til et verdifullt verkt\u00f8y for kvalitetssikringsteam.<\/p>\n<ol>\n<li><strong>Tetningskjever av aluminium<\/strong>:<br \/>\nDe \u00f8vre og nedre forseglingskjevene er laget av aluminium for \u00e5 minimere varmetapet og sikre jevn temperatur under forseglingen. Dette bidrar til \u00e5 opprettholde en jevn og effektiv forseglingsprosess.<\/li>\n<li><strong>PID-temperaturregulator<\/strong>:<br \/>\nHST-02 er utstyrt med en PID-temperaturregulator (Proportional Integral Derivative) som s\u00f8rger for n\u00f8yaktig og stabil temperaturregulering, noe som gir presis kontroll over forseglingsprosessen.<\/li>\n<li><strong>Synkronisert timer og kjevebevegelse<\/strong>:<br \/>\nTesteren har en presis synkronisering mellom tidtakeren og kjevebevegelsen. Dette sikrer at forseglingstrykket og -tiden p\u00e5f\u00f8res pr\u00f8ven p\u00e5 riktig m\u00e5te, noe som gir n\u00f8yaktige og repeterbare testforhold.<\/li>\n<li><strong>Trykkregulering<\/strong>:<br \/>\nEn treveis styrt tetningsskinne opprettholder et jevnt tetningstrykk, noe som muliggj\u00f8r jevn p\u00e5f\u00f8ring p\u00e5 et bredt spekter av materialer. Dette sikrer at tetningens integritet testes under realistiske forhold.<\/li>\n<li><strong>Sikkerhetsfunksjoner<\/strong>:<br \/>\nHST-02 prioriterer brukersikkerhet med et skoldesikkert frontdeksel for \u00e5 forhindre brannskader, samt manuelle og fotbryteraktiveringsalternativer for sikker og enkel betjening.<\/li>\n<\/ol>\n<h2><strong>Testprosess og -metodikk<\/strong><\/h2>\n<p>Varmeforseglingsprosessen ved hjelp av <strong>HST-02 Varmeforseglingstester<\/strong> f\u00f8lger en enkel rekkef\u00f8lge av trinn som n\u00f8ye gjenskaper forholdene som trengs for effektive emballasjeforseglinger:<\/p>\n<ol>\n<li><strong>Eksempel p\u00e5 plassering<\/strong>:<br \/>\nPlasser pr\u00f8ven (vanligvis en film eller et komposittmateriale) mellom to parallelle forseglingsbakker.<\/li>\n<li><strong>Temperatur- og trykkinnstillinger<\/strong>:<br \/>\nStill inn \u00f8nsket forseglingstemperatur, -tid og -trykk basert p\u00e5 materialspesifikasjonene og forholdene som er beskrevet i ASTM F2029.<\/li>\n<li><strong>Forseglingsprosessen<\/strong>:<br \/>\nN\u00e5r systemet er i likevekt, skyves den \u00f8vre tetningskjeven, som styres av en gassflaske, ned for \u00e5 legge press p\u00e5 materialet i en forh\u00e5ndsinnstilt tidsperiode.<\/li>\n<li><strong>Slutt p\u00e5 testen<\/strong>:<br \/>\nEtter at den forh\u00e5ndsinnstilte forseglingstiden er utl\u00f8pt, g\u00e5r den \u00f8vre forseglingskjeven tilbake til sin opprinnelige posisjon, og forseglingsstyrken evalueres ved hjelp av ulike testmetoder.<\/li>\n<\/ol>\n<h2><strong>Evaluering av varmeforseglingens styrke<\/strong><\/h2>\n<p>N\u00e5r varmeforseglingsprosessen er fullf\u00f8rt, vurderes forseglingsstyrken for \u00e5 sikre at forseglingen er intakt og holdbar. Evalueringsmetodene kan omfatte:<\/p>\n<ul>\n<li><strong>Kontinuitetstester av tetninger<\/strong>:<br \/>\nDisse testene, som luftlekkasjetesting, fargestoffgjennomtrengning og visuell inspeksjon, sikrer at tetningen er kontinuerlig og ikke har noen svake punkter.<\/li>\n<li><strong>Mikrobiell testing og barrieretesting<\/strong>:<br \/>\nYtterligere testing kan omfatte evaluering av materialets motstand mot inntrengning av mikroorganismer, for \u00e5 sikre at forseglingen gir tilstrekkelig beskyttelse av produktet p\u00e5 innsiden.<\/li>\n<\/ul>\n<p>Den <strong>HST-02 Varmeforseglingstester<\/strong> tilbyr detaljerte data som hjelper produsenter med \u00e5 vurdere om emballasjematerialene deres oppfyller bransjestandardene for emballasjeintegritet og ytelse.<\/p>\n<h2><strong>Hovedparametere for HST-02 Heat Seal Tester<\/strong><\/h2>\n<table>\n<tbody>\n<tr>\n<td style=\"text-align: center;\" width=\"123\">Forsegling Temp.<\/td>\n<td style=\"text-align: center;\" width=\"126\">Omgivelser ~ 300 \u2103<\/td>\n<\/tr>\n<tr>\n<td style=\"text-align: center;\" width=\"123\">Avvik<\/td>\n<td style=\"text-align: center;\" width=\"126\">\u00b10.2\u2103<\/td>\n<\/tr>\n<tr>\n<td style=\"text-align: center;\" width=\"123\">Forseglingstid<\/td>\n<td style=\"text-align: center;\" width=\"126\">0,1S~9999S<\/td>\n<\/tr>\n<tr>\n<td style=\"text-align: center;\" width=\"123\">Forseglingstrykk<\/td>\n<td style=\"text-align: center;\" width=\"126\">0,15~0,7 MPa<\/td>\n<\/tr>\n<tr>\n<td style=\"text-align: center;\" width=\"123\">Selkjever<\/td>\n<td style=\"text-align: center;\" width=\"126\">330*10 mm L*B<\/td>\n<\/tr>\n<tr>\n<td style=\"text-align: center;\" width=\"123\">Gasstrykk<\/td>\n<td style=\"text-align: center;\" width=\"126\">0,7 MPa<\/td>\n<\/tr>\n<tr>\n<td style=\"text-align: center;\" width=\"123\">Portst\u00f8rrelse<\/td>\n<td style=\"text-align: center;\" width=\"126\">\u04246 mm PU-slange<\/td>\n<\/tr>\n<tr>\n<td style=\"text-align: center;\" width=\"123\">Str\u00f8m<\/td>\n<td style=\"text-align: center;\" width=\"126\">AC 220V 50Hz<\/td>\n<\/tr>\n<\/tbody>\n<\/table>\n<p>Disse parameterne gj\u00f8r det mulig \u00e5 teste et bredt spekter av materialer under kontrollerte forhold, noe som sikrer konsistente resultater p\u00e5 tvers av ulike emballasjeapplikasjoner.<\/p>\n<h4><strong>Fordeler ved bruk av HST-02 Heat Seal Tester<\/strong><\/h4>\n<ul>\n<li><strong>Presisjon og repeterbarhet<\/strong>: HST-02 er utviklet for \u00e5 gi n\u00f8yaktige og reproduserbare testresultater ved \u00e5 kontrollere de kritiske tetningsparametrene n\u00f8yaktig.<\/li>\n<li><strong>Allsidighet<\/strong>: Testeren er egnet for bruk med en rekke ulike materialer og emballasjetyper, fra enkle plastfilmer til komplekse komposittmaterialer.<\/li>\n<li><strong>Overholdelse av bransjestandarder<\/strong>: Fullt i samsvar med ASTM F2029, noe som sikrer at testresultatene oppfyller bransjens anerkjente referanseverdier for tetningsstyrke.<\/li>\n<li><strong>Kostnadseffektiv kvalitetskontroll<\/strong>: Hjelper produsenter med \u00e5 identifisere svakheter i emballasjeforseglinger f\u00f8r masseproduksjon, noe som forhindrer kostbare emballasjefeil og produkttap.<\/li>\n<\/ul>\n<p>Den <strong>HST-02 Varmeforseglingstester for emballasje<\/strong> er et viktig verkt\u00f8y for \u00e5 sikre kvaliteten og p\u00e5liteligheten til varmeforseglede emballasjematerialer. Ved \u00e5 gjenskape forseglingsforholdene i den virkelige verden gj\u00f8r HST-02 det mulig for produsentene \u00e5 teste materialenes varmeforseglingsevne grundig, slik at de kan sikre at produktene oppfyller de n\u00f8dvendige standardene for styrke og integritet. Enten du jobber i n\u00e6ringsmiddel-, farmas\u00f8ytisk- eller medisinsk utstyrsindustri, hjelper HST-02 deg med \u00e5 oppn\u00e5 det h\u00f8yeste niv\u00e5et av emballasjekvalitet og -ytelse.<\/p>\n<p>Dette instrumentet er en viktig investering for bedrifter som \u00f8nsker \u00e5 opprettholde kvalitetskontrollen, minimere antall emballasjefeil og forbedre den generelle sikkerheten og holdbarheten til produktene sine.<\/p>","protected":false},"excerpt":{"rendered":"<p>Den <strong>Varmeforseglingstester for emballasje<\/strong> er et viktig verkt\u00f8y for testing av varmeforseglingsevnen til ulike emballasjematerialer som fleksible filmer, laminater, polymerer og kompositter. Dette laboratorieinstrumentet er utviklet for \u00e5 simulere den faktiske forseglingsprosessen, slik at produsentene kan sikre styrken, p\u00e5liteligheten og funksjonaliteten til emballasjeforseglingene sine. Effektiv varmeforsegling er avgj\u00f8rende for \u00e5 sikre integriteten til emballasje til n\u00e6ringsmidler, medisinske og farmas\u00f8ytiske produkter og forbrukerprodukter, der emballasjesvikt kan f\u00f8re til redusert produktsikkerhet, holdbarhet og brukervennlighet.<\/p>","protected":false},"featured_media":5905,"comment_status":"closed","ping_status":"closed","template":"","meta":{"site-sidebar-layout":"default","site-content-layout":"default","ast-global-header-display":"","ast-main-header-display":"","ast-hfb-above-header-display":"","ast-hfb-below-header-display":"","ast-hfb-mobile-header-display":"","site-post-title":"disabled","ast-breadcrumbs-content":"","ast-featured-img":"","footer-sml-layout":"","theme-transparent-header-meta":"default","adv-header-id-meta":"","stick-header-meta":"","header-above-stick-meta":"","header-main-stick-meta":"","header-below-stick-meta":""},"product_cat":[845,677,149,16,142,95],"product_tag":[],"class_list":{"0":"post-2371","1":"product","2":"type-product","3":"status-publish","4":"has-post-thumbnail","6":"product_cat-customization","7":"product_cat-heat-seal-tester","8":"product_cat-pharma-and-medical-testers","9":"product_cat-plastic-packaging-testers","10":"product_cat-astm-f2029","11":"product_cat-products","12":"desktop-align-left","13":"tablet-align-left","14":"mobile-align-left","16":"first","17":"instock","18":"featured","19":"shipping-taxable","20":"product-type-simple"},"_links":{"self":[{"href":"https:\/\/www.qualitester.com\/nb\/wp-json\/wp\/v2\/product\/2371","targetHints":{"allow":["GET"]}}],"collection":[{"href":"https:\/\/www.qualitester.com\/nb\/wp-json\/wp\/v2\/product"}],"about":[{"href":"https:\/\/www.qualitester.com\/nb\/wp-json\/wp\/v2\/types\/product"}],"replies":[{"embeddable":true,"href":"https:\/\/www.qualitester.com\/nb\/wp-json\/wp\/v2\/comments?post=2371"}],"version-history":[{"count":0,"href":"https:\/\/www.qualitester.com\/nb\/wp-json\/wp\/v2\/product\/2371\/revisions"}],"wp:featuredmedia":[{"embeddable":true,"href":"https:\/\/www.qualitester.com\/nb\/wp-json\/wp\/v2\/media\/5905"}],"wp:attachment":[{"href":"https:\/\/www.qualitester.com\/nb\/wp-json\/wp\/v2\/media?parent=2371"}],"wp:term":[{"taxonomy":"product_cat","embeddable":true,"href":"https:\/\/www.qualitester.com\/nb\/wp-json\/wp\/v2\/product_cat?post=2371"},{"taxonomy":"product_tag","embeddable":true,"href":"https:\/\/www.qualitester.com\/nb\/wp-json\/wp\/v2\/product_tag?post=2371"}],"curies":[{"name":"wp","href":"https:\/\/api.w.org\/{rel}","templated":true}]}}